{"id":520016,"date":"2025-11-24T17:47:18","date_gmt":"2025-11-24T15:47:18","guid":{"rendered":"https:\/\/shop.huppa.eu\/lt\/product\/devon-1-300g\/"},"modified":"2026-04-16T06:11:09","modified_gmt":"2026-04-16T04:11:09","slug":"devon-1-300g","status":"publish","type":"product","link":"https:\/\/shop.huppa.eu\/lt\/product\/devon-1-300g\/","title":{"rendered":"Vaik\u0173 \u017eieminis kombinezonas DEVON 1 (300g)"},"content":{"rendered":"<p>Ma\u017eyli\u0173 \u017eiemos kombinezonas su 300g \u0161iltinimu. Kombinezonas turi mink\u0161t\u0105 medviln\u0117s flanelio pamu\u0161al\u0105 ir kv\u0117puojant\u012f bei vandeniui nelaid\u0173 i\u0161orin\u012f audin\u012f, kuris puikiai tinka m\u016bs\u0173 klimatui. Kombinezonas turi s\u0117dimojo si\u016bl\u0119 ir \u0161oninius si\u016bles palei juosmen\u012f, u\u017eklijuotus vandeniui nelaidumui. Kombinezonas turi nuimam\u0105 gobtuvas su atskirai nuimamu kailiu, u\u017etrauktuko ki\u0161en\u0119 skan\u0117stams laikyti ir silicono gum\u0105 po padu. Iki 80 dyd\u017eio rankovi\u0173 galus ir apatin\u012f kra\u0161t\u0105 galima u\u017eraitoti keliais judesiais, ir pir\u0161tin\u0117s bei batai nereikalingi.<\/p>\n","protected":false},"excerpt":{"rendered":"<p>Ma\u017eyli\u0173 \u017eiemos kombinezonas su 300g \u0161iltinimu. Kombinezonas turi mink\u0161t\u0105 medviln\u0117s flanelio pamu\u0161al\u0105 ir kv\u0117puojant\u012f bei vandeniui nelaid\u0173 i\u0161orin\u012f audin\u012f, kuris puikiai tinka m\u016bs\u0173 klimatui. Kombinezonas turi s\u0117dimojo si\u016bl\u0119 ir \u0161oninius si\u016bles palei juosmen\u012f, u\u017eklijuotus vandeniui nelaidumui. Kombinezonas turi nuimam\u0105 gobtuvas su atskirai nuimamu kailiu, u\u017etrauktuko ki\u0161en\u0119 skan\u0117stams laikyti ir silicono gum\u0105 po padu. Iki 80 [&hellip;]<\/p>\n","protected":false},"featured_media":520018,"template":"","meta":{"_acf_changed":false},"product_brand":[],"product_cat":[1170,1160,1163,102,19],"product_tag":[],"class_list":{"0":"post-520016","1":"product","2":"type-product","3":"status-publish","4":"has-post-thumbnail","6":"product_cat-kombinezonai-mergaiciu","7":"product_cat-kombinezonai","8":"product_cat-kombinezonai-vaikai","9":"product_cat-mergaiciu","10":"product_cat-vaikai","11":"pa_amzius-vaikai","12":"pa_atsparumas-vandeniui-5000-10000mm","13":"pa_dydis-406","14":"pa_izoliacijos-svoris-300g","15":"pa_kolekcija-nr-w17-18","16":"pa_kolekcijos-dalis-fashion","17":"pa_lytis-mergaiciu","18":"pa_oro-pralaidumas-5000-10000g-m-24h","19":"pa_prekes-artikulas-36160130-71348","20":"pa_uzpildas-300g","22":"first","23":"instock","24":"sale","25":"taxable","26":"shipping-taxable","27":"purchasable","28":"product-type-variable"},"acf":[],"yoast_head":"<!-- This site is optimized with the Yoast SEO plugin v26.8 - https:\/\/yoast.com\/product\/yoast-seo-wordpress\/ -->\n<title>Vaik\u0173 \u017eieminis kombinezonas DEVON 1 (300g) - Huppa LT<\/title>\n<meta name=\"robots\" content=\"index, follow, max-snippet:-1, max-image-preview:large, max-video-preview:-1\" \/>\n<link rel=\"canonical\" href=\"https:\/\/shop.huppa.eu\/lt\/product\/devon-1-300g\/\" \/>\n<meta property=\"og:locale\" content=\"lt_LT\" \/>\n<meta property=\"og:type\" content=\"article\" \/>\n<meta property=\"og:title\" content=\"Vaik\u0173 \u017eieminis kombinezonas DEVON 1 (300g) - Huppa LT\" \/>\n<meta property=\"og:description\" content=\"Ma\u017eyli\u0173 \u017eiemos kombinezonas su 300g \u0161iltinimu. Kombinezonas turi mink\u0161t\u0105 medviln\u0117s flanelio pamu\u0161al\u0105 ir kv\u0117puojant\u012f bei vandeniui nelaid\u0173 i\u0161orin\u012f audin\u012f, kuris puikiai tinka m\u016bs\u0173 klimatui. Kombinezonas turi s\u0117dimojo si\u016bl\u0119 ir \u0161oninius si\u016bles palei juosmen\u012f, u\u017eklijuotus vandeniui nelaidumui. Kombinezonas turi nuimam\u0105 gobtuvas su atskirai nuimamu kailiu, u\u017etrauktuko ki\u0161en\u0119 skan\u0117stams laikyti ir silicono gum\u0105 po padu. Iki 80 [&hellip;]\" \/>\n<meta property=\"og:url\" content=\"https:\/\/shop.huppa.eu\/lt\/product\/devon-1-300g\/\" \/>\n<meta property=\"og:site_name\" content=\"Huppa LT\" \/>\n<meta property=\"article:modified_time\" content=\"2026-04-16T04:11:09+00:00\" \/>\n<meta property=\"og:image\" content=\"https:\/\/huppashop-prod.s3.eu-north-1.amazonaws.com\/wp-content\/uploads\/sites\/5\/2025\/11\/24174719\/36160130-71348-DEVON1f.jpg\" \/>\n\t<meta property=\"og:image:width\" content=\"800\" \/>\n\t<meta property=\"og:image:height\" content=\"800\" \/>\n\t<meta property=\"og:image:type\" content=\"image\/jpeg\" \/>\n<meta name=\"twitter:card\" content=\"summary_large_image\" \/>\n<script type=\"application\/ld+json\" class=\"yoast-schema-graph\">{\"@context\":\"https:\/\/schema.org\",\"@graph\":[{\"@type\":\"WebPage\",\"@id\":\"https:\/\/shop.huppa.eu\/lt\/product\/devon-1-300g\/\",\"url\":\"https:\/\/shop.huppa.eu\/lt\/product\/devon-1-300g\/\",\"name\":\"Vaik\u0173 \u017eieminis kombinezonas DEVON 1 (300g) - Huppa LT\",\"isPartOf\":{\"@id\":\"https:\/\/shop.huppa.eu\/lt\/#website\"},\"primaryImageOfPage\":{\"@id\":\"https:\/\/shop.huppa.eu\/lt\/product\/devon-1-300g\/#primaryimage\"},\"image\":{\"@id\":\"https:\/\/shop.huppa.eu\/lt\/product\/devon-1-300g\/#primaryimage\"},\"thumbnailUrl\":\"https:\/\/huppashop-prod.s3.eu-north-1.amazonaws.com\/wp-content\/uploads\/sites\/5\/2025\/11\/24174719\/36160130-71348-DEVON1f.jpg\",\"datePublished\":\"2025-11-24T15:47:18+00:00\",\"dateModified\":\"2026-04-16T04:11:09+00:00\",\"breadcrumb\":{\"@id\":\"https:\/\/shop.huppa.eu\/lt\/product\/devon-1-300g\/#breadcrumb\"},\"inLanguage\":\"lt-LT\",\"potentialAction\":[{\"@type\":\"ReadAction\",\"target\":[\"https:\/\/shop.huppa.eu\/lt\/product\/devon-1-300g\/\"]}]},{\"@type\":\"ImageObject\",\"inLanguage\":\"lt-LT\",\"@id\":\"https:\/\/shop.huppa.eu\/lt\/product\/devon-1-300g\/#primaryimage\",\"url\":\"https:\/\/huppashop-prod.s3.eu-north-1.amazonaws.com\/wp-content\/uploads\/sites\/5\/2025\/11\/24174719\/36160130-71348-DEVON1f.jpg\",\"contentUrl\":\"https:\/\/huppashop-prod.s3.eu-north-1.amazonaws.com\/wp-content\/uploads\/sites\/5\/2025\/11\/24174719\/36160130-71348-DEVON1f.jpg\",\"width\":800,\"height\":800},{\"@type\":\"BreadcrumbList\",\"@id\":\"https:\/\/shop.huppa.eu\/lt\/product\/devon-1-300g\/#breadcrumb\",\"itemListElement\":[{\"@type\":\"ListItem\",\"position\":1,\"name\":\"Shop\",\"item\":\"https:\/\/shop.huppa.eu\/lt\/shop\/\"},{\"@type\":\"ListItem\",\"position\":2,\"name\":\"Vaik\u0173 \u017eieminis kombinezonas DEVON 1 (300g)\"}]},{\"@type\":\"WebSite\",\"@id\":\"https:\/\/shop.huppa.eu\/lt\/#website\",\"url\":\"https:\/\/shop.huppa.eu\/lt\/\",\"name\":\"Huppa LT\",\"description\":\"Huppa LT\",\"potentialAction\":[{\"@type\":\"SearchAction\",\"target\":{\"@type\":\"EntryPoint\",\"urlTemplate\":\"https:\/\/shop.huppa.eu\/lt\/?s={search_term_string}\"},\"query-input\":{\"@type\":\"PropertyValueSpecification\",\"valueRequired\":true,\"valueName\":\"search_term_string\"}}],\"inLanguage\":\"lt-LT\"}]}<\/script>\n<!-- \/ Yoast SEO plugin. -->","yoast_head_json":{"title":"Vaik\u0173 \u017eieminis kombinezonas DEVON 1 (300g) - Huppa LT","robots":{"index":"index","follow":"follow","max-snippet":"max-snippet:-1","max-image-preview":"max-image-preview:large","max-video-preview":"max-video-preview:-1"},"canonical":"https:\/\/shop.huppa.eu\/lt\/product\/devon-1-300g\/","og_locale":"lt_LT","og_type":"article","og_title":"Vaik\u0173 \u017eieminis kombinezonas DEVON 1 (300g) - Huppa LT","og_description":"Ma\u017eyli\u0173 \u017eiemos kombinezonas su 300g \u0161iltinimu. Kombinezonas turi mink\u0161t\u0105 medviln\u0117s flanelio pamu\u0161al\u0105 ir kv\u0117puojant\u012f bei vandeniui nelaid\u0173 i\u0161orin\u012f audin\u012f, kuris puikiai tinka m\u016bs\u0173 klimatui. Kombinezonas turi s\u0117dimojo si\u016bl\u0119 ir \u0161oninius si\u016bles palei juosmen\u012f, u\u017eklijuotus vandeniui nelaidumui. Kombinezonas turi nuimam\u0105 gobtuvas su atskirai nuimamu kailiu, u\u017etrauktuko ki\u0161en\u0119 skan\u0117stams laikyti ir silicono gum\u0105 po padu. Iki 80 [&hellip;]","og_url":"https:\/\/shop.huppa.eu\/lt\/product\/devon-1-300g\/","og_site_name":"Huppa LT","article_modified_time":"2026-04-16T04:11:09+00:00","og_image":[{"width":800,"height":800,"url":"https:\/\/huppashop-prod.s3.eu-north-1.amazonaws.com\/wp-content\/uploads\/sites\/5\/2025\/11\/24174719\/36160130-71348-DEVON1f.jpg","type":"image\/jpeg"}],"twitter_card":"summary_large_image","schema":{"@context":"https:\/\/schema.org","@graph":[{"@type":"WebPage","@id":"https:\/\/shop.huppa.eu\/lt\/product\/devon-1-300g\/","url":"https:\/\/shop.huppa.eu\/lt\/product\/devon-1-300g\/","name":"Vaik\u0173 \u017eieminis kombinezonas DEVON 1 (300g) - Huppa LT","isPartOf":{"@id":"https:\/\/shop.huppa.eu\/lt\/#website"},"primaryImageOfPage":{"@id":"https:\/\/shop.huppa.eu\/lt\/product\/devon-1-300g\/#primaryimage"},"image":{"@id":"https:\/\/shop.huppa.eu\/lt\/product\/devon-1-300g\/#primaryimage"},"thumbnailUrl":"https:\/\/huppashop-prod.s3.eu-north-1.amazonaws.com\/wp-content\/uploads\/sites\/5\/2025\/11\/24174719\/36160130-71348-DEVON1f.jpg","datePublished":"2025-11-24T15:47:18+00:00","dateModified":"2026-04-16T04:11:09+00:00","breadcrumb":{"@id":"https:\/\/shop.huppa.eu\/lt\/product\/devon-1-300g\/#breadcrumb"},"inLanguage":"lt-LT","potentialAction":[{"@type":"ReadAction","target":["https:\/\/shop.huppa.eu\/lt\/product\/devon-1-300g\/"]}]},{"@type":"ImageObject","inLanguage":"lt-LT","@id":"https:\/\/shop.huppa.eu\/lt\/product\/devon-1-300g\/#primaryimage","url":"https:\/\/huppashop-prod.s3.eu-north-1.amazonaws.com\/wp-content\/uploads\/sites\/5\/2025\/11\/24174719\/36160130-71348-DEVON1f.jpg","contentUrl":"https:\/\/huppashop-prod.s3.eu-north-1.amazonaws.com\/wp-content\/uploads\/sites\/5\/2025\/11\/24174719\/36160130-71348-DEVON1f.jpg","width":800,"height":800},{"@type":"BreadcrumbList","@id":"https:\/\/shop.huppa.eu\/lt\/product\/devon-1-300g\/#breadcrumb","itemListElement":[{"@type":"ListItem","position":1,"name":"Shop","item":"https:\/\/shop.huppa.eu\/lt\/shop\/"},{"@type":"ListItem","position":2,"name":"Vaik\u0173 \u017eieminis kombinezonas DEVON 1 (300g)"}]},{"@type":"WebSite","@id":"https:\/\/shop.huppa.eu\/lt\/#website","url":"https:\/\/shop.huppa.eu\/lt\/","name":"Huppa LT","description":"Huppa LT","potentialAction":[{"@type":"SearchAction","target":{"@type":"EntryPoint","urlTemplate":"https:\/\/shop.huppa.eu\/lt\/?s={search_term_string}"},"query-input":{"@type":"PropertyValueSpecification","valueRequired":true,"valueName":"search_term_string"}}],"inLanguage":"lt-LT"}]}},"_links":{"self":[{"href":"https:\/\/shop.huppa.eu\/lt\/wp-json\/wp\/v2\/product\/520016","targetHints":{"allow":["GET"]}}],"collection":[{"href":"https:\/\/shop.huppa.eu\/lt\/wp-json\/wp\/v2\/product"}],"about":[{"href":"https:\/\/shop.huppa.eu\/lt\/wp-json\/wp\/v2\/types\/product"}],"wp:featuredmedia":[{"embeddable":true,"href":"https:\/\/shop.huppa.eu\/lt\/wp-json\/wp\/v2\/media\/520018"}],"wp:attachment":[{"href":"https:\/\/shop.huppa.eu\/lt\/wp-json\/wp\/v2\/media?parent=520016"}],"wp:term":[{"taxonomy":"product_brand","embeddable":true,"href":"https:\/\/shop.huppa.eu\/lt\/wp-json\/wp\/v2\/product_brand?post=520016"},{"taxonomy":"product_cat","embeddable":true,"href":"https:\/\/shop.huppa.eu\/lt\/wp-json\/wp\/v2\/product_cat?post=520016"},{"taxonomy":"product_tag","embeddable":true,"href":"https:\/\/shop.huppa.eu\/lt\/wp-json\/wp\/v2\/product_tag?post=520016"}],"curies":[{"name":"wp","href":"https:\/\/api.w.org\/{rel}","templated":true}]}}