{"id":520022,"date":"2025-11-24T17:47:26","date_gmt":"2025-11-24T15:47:26","guid":{"rendered":"https:\/\/shop.huppa.eu\/lt\/product\/devon-1-300g-2\/"},"modified":"2026-04-16T06:11:09","modified_gmt":"2026-04-16T04:11:09","slug":"devon-1-300g-2","status":"publish","type":"product","link":"https:\/\/shop.huppa.eu\/lt\/product\/devon-1-300g-2\/","title":{"rendered":"Vaik\u0173 \u017eieminis kombinezonas DEVON 1 (300g)"},"content":{"rendered":"<p>Ma\u017eyli\u0173 \u017eiemos kombinezonas su 300g \u0161iltinimu. Kombinezonas turi \u0161veln\u0105 medviln\u0117s flanel\u0117s pamu\u0161al\u0105 ir kv\u0117puojant\u012f bei nepermirkstant\u012f i\u0161orin\u012f audin\u012f, kuris puikiai tinka m\u016bs\u0173 klimatui. Kombinezonas turi s\u0117dyn\u0117s si\u016bl\u0119 ir \u0161onines si\u016bles palei juosmen\u012f klijuotas, kad b\u016bt\u0173 nepermirkstan\u010dios. Kombinezonas turi nuimam\u0105 kapi\u0161on\u0105 su atskirai nuimamu kailiu, ki\u0161en\u0119 su u\u017etrauktuku skan\u0117stams laikyti ir silikonin\u0119 gum\u0105 po padu. Iki 80 dyd\u017eio rankovi\u0173 galus ir apatin\u012f kra\u0161t\u0105 galima u\u017elenkti keliais judesiais, o pir\u0161tin\u0117s ir batai nereikalingi.<\/p>\n","protected":false},"excerpt":{"rendered":"<p>Ma\u017eyli\u0173 \u017eiemos kombinezonas su 300g \u0161iltinimu. Kombinezonas turi \u0161veln\u0105 medviln\u0117s flanel\u0117s pamu\u0161al\u0105 ir kv\u0117puojant\u012f bei nepermirkstant\u012f i\u0161orin\u012f audin\u012f, kuris puikiai tinka m\u016bs\u0173 klimatui. Kombinezonas turi s\u0117dyn\u0117s si\u016bl\u0119 ir \u0161onines si\u016bles palei juosmen\u012f klijuotas, kad b\u016bt\u0173 nepermirkstan\u010dios. Kombinezonas turi nuimam\u0105 kapi\u0161on\u0105 su atskirai nuimamu kailiu, ki\u0161en\u0119 su u\u017etrauktuku skan\u0117stams laikyti ir silikonin\u0119 gum\u0105 po padu. Iki [&hellip;]<\/p>\n","protected":false},"featured_media":520028,"template":"","meta":{"_acf_changed":false},"product_brand":[],"product_cat":[1170,1160,1163,102,19],"product_tag":[],"class_list":{"0":"post-520022","1":"product","2":"type-product","3":"status-publish","4":"has-post-thumbnail","6":"product_cat-kombinezonai-mergaiciu","7":"product_cat-kombinezonai","8":"product_cat-kombinezonai-vaikai","9":"product_cat-mergaiciu","10":"product_cat-vaikai","11":"pa_amzius-vaikai","12":"pa_atsparumas-vandeniui-5000-10000mm","13":"pa_dydis-1162","14":"pa_dydis-406","15":"pa_dydis-409","16":"pa_dydis-410","17":"pa_dydis-411","18":"pa_izoliacijos-svoris-300g","19":"pa_kolekcija-nr-w17-18","20":"pa_kolekcijos-dalis-fashion","21":"pa_lytis-mergaiciu","22":"pa_oro-pralaidumas-5000-10000g-m-24h","23":"pa_prekes-artikulas-36160130-71353","24":"pa_uzpildas-300g","26":"first","27":"instock","28":"sale","29":"taxable","30":"shipping-taxable","31":"purchasable","32":"product-type-variable"},"acf":[],"yoast_head":"<!-- This site is optimized with the Yoast SEO plugin v26.8 - https:\/\/yoast.com\/product\/yoast-seo-wordpress\/ -->\n<title>Vaik\u0173 \u017eieminis kombinezonas DEVON 1 (300g) - Huppa LT<\/title>\n<meta name=\"robots\" content=\"index, follow, max-snippet:-1, max-image-preview:large, max-video-preview:-1\" \/>\n<link rel=\"canonical\" href=\"https:\/\/shop.huppa.eu\/lt\/product\/devon-1-300g-2\/\" \/>\n<meta property=\"og:locale\" content=\"lt_LT\" \/>\n<meta property=\"og:type\" content=\"article\" \/>\n<meta property=\"og:title\" content=\"Vaik\u0173 \u017eieminis kombinezonas DEVON 1 (300g) - Huppa LT\" \/>\n<meta property=\"og:description\" content=\"Ma\u017eyli\u0173 \u017eiemos kombinezonas su 300g \u0161iltinimu. Kombinezonas turi \u0161veln\u0105 medviln\u0117s flanel\u0117s pamu\u0161al\u0105 ir kv\u0117puojant\u012f bei nepermirkstant\u012f i\u0161orin\u012f audin\u012f, kuris puikiai tinka m\u016bs\u0173 klimatui. Kombinezonas turi s\u0117dyn\u0117s si\u016bl\u0119 ir \u0161onines si\u016bles palei juosmen\u012f klijuotas, kad b\u016bt\u0173 nepermirkstan\u010dios. Kombinezonas turi nuimam\u0105 kapi\u0161on\u0105 su atskirai nuimamu kailiu, ki\u0161en\u0119 su u\u017etrauktuku skan\u0117stams laikyti ir silikonin\u0119 gum\u0105 po padu. Iki [&hellip;]\" \/>\n<meta property=\"og:url\" content=\"https:\/\/shop.huppa.eu\/lt\/product\/devon-1-300g-2\/\" \/>\n<meta property=\"og:site_name\" content=\"Huppa LT\" \/>\n<meta property=\"article:modified_time\" content=\"2026-04-16T04:11:09+00:00\" \/>\n<meta property=\"og:image\" content=\"https:\/\/huppashop-prod.s3.eu-north-1.amazonaws.com\/wp-content\/uploads\/sites\/5\/2025\/11\/24174728\/36160130-71353-DEVON1f.jpg\" \/>\n\t<meta property=\"og:image:width\" content=\"800\" \/>\n\t<meta property=\"og:image:height\" content=\"800\" \/>\n\t<meta property=\"og:image:type\" content=\"image\/jpeg\" \/>\n<meta name=\"twitter:card\" content=\"summary_large_image\" \/>\n<script type=\"application\/ld+json\" class=\"yoast-schema-graph\">{\"@context\":\"https:\/\/schema.org\",\"@graph\":[{\"@type\":\"WebPage\",\"@id\":\"https:\/\/shop.huppa.eu\/lt\/product\/devon-1-300g-2\/\",\"url\":\"https:\/\/shop.huppa.eu\/lt\/product\/devon-1-300g-2\/\",\"name\":\"Vaik\u0173 \u017eieminis kombinezonas DEVON 1 (300g) - Huppa LT\",\"isPartOf\":{\"@id\":\"https:\/\/shop.huppa.eu\/lt\/#website\"},\"primaryImageOfPage\":{\"@id\":\"https:\/\/shop.huppa.eu\/lt\/product\/devon-1-300g-2\/#primaryimage\"},\"image\":{\"@id\":\"https:\/\/shop.huppa.eu\/lt\/product\/devon-1-300g-2\/#primaryimage\"},\"thumbnailUrl\":\"https:\/\/huppashop-prod.s3.eu-north-1.amazonaws.com\/wp-content\/uploads\/sites\/5\/2025\/11\/24174728\/36160130-71353-DEVON1f.jpg\",\"datePublished\":\"2025-11-24T15:47:26+00:00\",\"dateModified\":\"2026-04-16T04:11:09+00:00\",\"breadcrumb\":{\"@id\":\"https:\/\/shop.huppa.eu\/lt\/product\/devon-1-300g-2\/#breadcrumb\"},\"inLanguage\":\"lt-LT\",\"potentialAction\":[{\"@type\":\"ReadAction\",\"target\":[\"https:\/\/shop.huppa.eu\/lt\/product\/devon-1-300g-2\/\"]}]},{\"@type\":\"ImageObject\",\"inLanguage\":\"lt-LT\",\"@id\":\"https:\/\/shop.huppa.eu\/lt\/product\/devon-1-300g-2\/#primaryimage\",\"url\":\"https:\/\/huppashop-prod.s3.eu-north-1.amazonaws.com\/wp-content\/uploads\/sites\/5\/2025\/11\/24174728\/36160130-71353-DEVON1f.jpg\",\"contentUrl\":\"https:\/\/huppashop-prod.s3.eu-north-1.amazonaws.com\/wp-content\/uploads\/sites\/5\/2025\/11\/24174728\/36160130-71353-DEVON1f.jpg\",\"width\":800,\"height\":800},{\"@type\":\"BreadcrumbList\",\"@id\":\"https:\/\/shop.huppa.eu\/lt\/product\/devon-1-300g-2\/#breadcrumb\",\"itemListElement\":[{\"@type\":\"ListItem\",\"position\":1,\"name\":\"Shop\",\"item\":\"https:\/\/shop.huppa.eu\/lt\/shop\/\"},{\"@type\":\"ListItem\",\"position\":2,\"name\":\"Vaik\u0173 \u017eieminis kombinezonas DEVON 1 (300g)\"}]},{\"@type\":\"WebSite\",\"@id\":\"https:\/\/shop.huppa.eu\/lt\/#website\",\"url\":\"https:\/\/shop.huppa.eu\/lt\/\",\"name\":\"Huppa LT\",\"description\":\"Huppa LT\",\"potentialAction\":[{\"@type\":\"SearchAction\",\"target\":{\"@type\":\"EntryPoint\",\"urlTemplate\":\"https:\/\/shop.huppa.eu\/lt\/?s={search_term_string}\"},\"query-input\":{\"@type\":\"PropertyValueSpecification\",\"valueRequired\":true,\"valueName\":\"search_term_string\"}}],\"inLanguage\":\"lt-LT\"}]}<\/script>\n<!-- \/ Yoast SEO plugin. -->","yoast_head_json":{"title":"Vaik\u0173 \u017eieminis kombinezonas DEVON 1 (300g) - Huppa LT","robots":{"index":"index","follow":"follow","max-snippet":"max-snippet:-1","max-image-preview":"max-image-preview:large","max-video-preview":"max-video-preview:-1"},"canonical":"https:\/\/shop.huppa.eu\/lt\/product\/devon-1-300g-2\/","og_locale":"lt_LT","og_type":"article","og_title":"Vaik\u0173 \u017eieminis kombinezonas DEVON 1 (300g) - Huppa LT","og_description":"Ma\u017eyli\u0173 \u017eiemos kombinezonas su 300g \u0161iltinimu. Kombinezonas turi \u0161veln\u0105 medviln\u0117s flanel\u0117s pamu\u0161al\u0105 ir kv\u0117puojant\u012f bei nepermirkstant\u012f i\u0161orin\u012f audin\u012f, kuris puikiai tinka m\u016bs\u0173 klimatui. Kombinezonas turi s\u0117dyn\u0117s si\u016bl\u0119 ir \u0161onines si\u016bles palei juosmen\u012f klijuotas, kad b\u016bt\u0173 nepermirkstan\u010dios. Kombinezonas turi nuimam\u0105 kapi\u0161on\u0105 su atskirai nuimamu kailiu, ki\u0161en\u0119 su u\u017etrauktuku skan\u0117stams laikyti ir silikonin\u0119 gum\u0105 po padu. Iki [&hellip;]","og_url":"https:\/\/shop.huppa.eu\/lt\/product\/devon-1-300g-2\/","og_site_name":"Huppa LT","article_modified_time":"2026-04-16T04:11:09+00:00","og_image":[{"width":800,"height":800,"url":"https:\/\/huppashop-prod.s3.eu-north-1.amazonaws.com\/wp-content\/uploads\/sites\/5\/2025\/11\/24174728\/36160130-71353-DEVON1f.jpg","type":"image\/jpeg"}],"twitter_card":"summary_large_image","schema":{"@context":"https:\/\/schema.org","@graph":[{"@type":"WebPage","@id":"https:\/\/shop.huppa.eu\/lt\/product\/devon-1-300g-2\/","url":"https:\/\/shop.huppa.eu\/lt\/product\/devon-1-300g-2\/","name":"Vaik\u0173 \u017eieminis kombinezonas DEVON 1 (300g) - Huppa LT","isPartOf":{"@id":"https:\/\/shop.huppa.eu\/lt\/#website"},"primaryImageOfPage":{"@id":"https:\/\/shop.huppa.eu\/lt\/product\/devon-1-300g-2\/#primaryimage"},"image":{"@id":"https:\/\/shop.huppa.eu\/lt\/product\/devon-1-300g-2\/#primaryimage"},"thumbnailUrl":"https:\/\/huppashop-prod.s3.eu-north-1.amazonaws.com\/wp-content\/uploads\/sites\/5\/2025\/11\/24174728\/36160130-71353-DEVON1f.jpg","datePublished":"2025-11-24T15:47:26+00:00","dateModified":"2026-04-16T04:11:09+00:00","breadcrumb":{"@id":"https:\/\/shop.huppa.eu\/lt\/product\/devon-1-300g-2\/#breadcrumb"},"inLanguage":"lt-LT","potentialAction":[{"@type":"ReadAction","target":["https:\/\/shop.huppa.eu\/lt\/product\/devon-1-300g-2\/"]}]},{"@type":"ImageObject","inLanguage":"lt-LT","@id":"https:\/\/shop.huppa.eu\/lt\/product\/devon-1-300g-2\/#primaryimage","url":"https:\/\/huppashop-prod.s3.eu-north-1.amazonaws.com\/wp-content\/uploads\/sites\/5\/2025\/11\/24174728\/36160130-71353-DEVON1f.jpg","contentUrl":"https:\/\/huppashop-prod.s3.eu-north-1.amazonaws.com\/wp-content\/uploads\/sites\/5\/2025\/11\/24174728\/36160130-71353-DEVON1f.jpg","width":800,"height":800},{"@type":"BreadcrumbList","@id":"https:\/\/shop.huppa.eu\/lt\/product\/devon-1-300g-2\/#breadcrumb","itemListElement":[{"@type":"ListItem","position":1,"name":"Shop","item":"https:\/\/shop.huppa.eu\/lt\/shop\/"},{"@type":"ListItem","position":2,"name":"Vaik\u0173 \u017eieminis kombinezonas DEVON 1 (300g)"}]},{"@type":"WebSite","@id":"https:\/\/shop.huppa.eu\/lt\/#website","url":"https:\/\/shop.huppa.eu\/lt\/","name":"Huppa LT","description":"Huppa LT","potentialAction":[{"@type":"SearchAction","target":{"@type":"EntryPoint","urlTemplate":"https:\/\/shop.huppa.eu\/lt\/?s={search_term_string}"},"query-input":{"@type":"PropertyValueSpecification","valueRequired":true,"valueName":"search_term_string"}}],"inLanguage":"lt-LT"}]}},"_links":{"self":[{"href":"https:\/\/shop.huppa.eu\/lt\/wp-json\/wp\/v2\/product\/520022","targetHints":{"allow":["GET"]}}],"collection":[{"href":"https:\/\/shop.huppa.eu\/lt\/wp-json\/wp\/v2\/product"}],"about":[{"href":"https:\/\/shop.huppa.eu\/lt\/wp-json\/wp\/v2\/types\/product"}],"wp:featuredmedia":[{"embeddable":true,"href":"https:\/\/shop.huppa.eu\/lt\/wp-json\/wp\/v2\/media\/520028"}],"wp:attachment":[{"href":"https:\/\/shop.huppa.eu\/lt\/wp-json\/wp\/v2\/media?parent=520022"}],"wp:term":[{"taxonomy":"product_brand","embeddable":true,"href":"https:\/\/shop.huppa.eu\/lt\/wp-json\/wp\/v2\/product_brand?post=520022"},{"taxonomy":"product_cat","embeddable":true,"href":"https:\/\/shop.huppa.eu\/lt\/wp-json\/wp\/v2\/product_cat?post=520022"},{"taxonomy":"product_tag","embeddable":true,"href":"https:\/\/shop.huppa.eu\/lt\/wp-json\/wp\/v2\/product_tag?post=520022"}],"curies":[{"name":"wp","href":"https:\/\/api.w.org\/{rel}","templated":true}]}}