{"id":520032,"date":"2025-11-24T17:47:34","date_gmt":"2025-11-24T15:47:34","guid":{"rendered":"https:\/\/shop.huppa.eu\/lt\/product\/devon-1-300g-3\/"},"modified":"2026-04-16T06:11:10","modified_gmt":"2026-04-16T04:11:10","slug":"devon-1-300g-3","status":"publish","type":"product","link":"https:\/\/shop.huppa.eu\/lt\/product\/devon-1-300g-3\/","title":{"rendered":"Kids winter overall DEVON 1 (300g)"},"content":{"rendered":"<p>Ma\u017eyli\u0173 \u017eiemos kombinezonas su 300g pa\u0161iltinimu. Kombinezonas su mink\u0161tu medviln\u0117s flanel\u0117s pamu\u0161alu ir kv\u0117puojan\u010diu bei neper\u0161lampan\u010diu vir\u0161utiniu audiniu, puikiai tinkan\u010diu m\u016bs\u0173 klimatui. Kombinezonas su s\u0117dyn\u0117s si\u016ble ir \u0161onin\u0117mis si\u016bl\u0117mis liemens srityje u\u017elydytomis nepermirk\u0161lamumui. Kombinezonas turi nuimam\u0105 kapi\u0161on\u0105 su atskirai nuimamu kailiu, ki\u0161en\u0119 su u\u017etrauktutu skan\u0117st\u0173 laikymui ir silikono gum\u0105 po padu. Iki 80 dyd\u017eio rankovi\u0173 galai ir apatinis kra\u0161tas gali b\u016bti u\u017elenkti keliais judesiais, pir\u0161tini\u0173 ir bat\u0173 nereikia.<\/p>\n","protected":false},"excerpt":{"rendered":"<p>Ma\u017eyli\u0173 \u017eiemos kombinezonas su 300g pa\u0161iltinimu. Kombinezonas su mink\u0161tu medviln\u0117s flanel\u0117s pamu\u0161alu ir kv\u0117puojan\u010diu bei neper\u0161lampan\u010diu vir\u0161utiniu audiniu, puikiai tinkan\u010diu m\u016bs\u0173 klimatui. Kombinezonas su s\u0117dyn\u0117s si\u016ble ir \u0161onin\u0117mis si\u016bl\u0117mis liemens srityje u\u017elydytomis nepermirk\u0161lamumui. Kombinezonas turi nuimam\u0105 kapi\u0161on\u0105 su atskirai nuimamu kailiu, ki\u0161en\u0119 su u\u017etrauktutu skan\u0117st\u0173 laikymui ir silikono gum\u0105 po padu. Iki 80 dyd\u017eio rankovi\u0173 [&hellip;]<\/p>\n","protected":false},"featured_media":520036,"template":"","meta":{"_acf_changed":false},"product_brand":[],"product_cat":[1170,1160,1163,102,19],"product_tag":[],"class_list":{"0":"post-520032","1":"product","2":"type-product","3":"status-publish","4":"has-post-thumbnail","6":"product_cat-kombinezonai-mergaiciu","7":"product_cat-kombinezonai","8":"product_cat-kombinezonai-vaikai","9":"product_cat-mergaiciu","10":"product_cat-vaikai","11":"pa_amzius-vaikai","12":"pa_atsparumas-vandeniui-5000-10000mm","13":"pa_dydis-1162","14":"pa_dydis-406","15":"pa_dydis-409","16":"pa_izoliacijos-svoris-300g","17":"pa_kolekcija-nr-w17-18","18":"pa_kolekcijos-dalis-fashion","19":"pa_lytis-mergaiciu","20":"pa_oro-pralaidumas-5000-10000g-m-24h","21":"pa_prekes-artikulas-36160130-71363","22":"pa_rastuota-rastas","23":"pa_uzpildas-300g","25":"first","26":"instock","27":"sale","28":"taxable","29":"shipping-taxable","30":"purchasable","31":"product-type-variable"},"acf":[],"yoast_head":"<!-- This site is optimized with the Yoast SEO plugin v26.8 - https:\/\/yoast.com\/product\/yoast-seo-wordpress\/ -->\n<title>Kids winter overall DEVON 1 (300g) - Huppa LT<\/title>\n<meta name=\"robots\" content=\"index, follow, max-snippet:-1, max-image-preview:large, max-video-preview:-1\" \/>\n<link rel=\"canonical\" href=\"https:\/\/shop.huppa.eu\/lt\/product\/devon-1-300g-3\/\" \/>\n<meta property=\"og:locale\" content=\"lt_LT\" \/>\n<meta property=\"og:type\" content=\"article\" \/>\n<meta property=\"og:title\" content=\"Kids winter overall DEVON 1 (300g) - Huppa LT\" \/>\n<meta property=\"og:description\" content=\"Ma\u017eyli\u0173 \u017eiemos kombinezonas su 300g pa\u0161iltinimu. Kombinezonas su mink\u0161tu medviln\u0117s flanel\u0117s pamu\u0161alu ir kv\u0117puojan\u010diu bei neper\u0161lampan\u010diu vir\u0161utiniu audiniu, puikiai tinkan\u010diu m\u016bs\u0173 klimatui. Kombinezonas su s\u0117dyn\u0117s si\u016ble ir \u0161onin\u0117mis si\u016bl\u0117mis liemens srityje u\u017elydytomis nepermirk\u0161lamumui. Kombinezonas turi nuimam\u0105 kapi\u0161on\u0105 su atskirai nuimamu kailiu, ki\u0161en\u0119 su u\u017etrauktutu skan\u0117st\u0173 laikymui ir silikono gum\u0105 po padu. Iki 80 dyd\u017eio rankovi\u0173 [&hellip;]\" \/>\n<meta property=\"og:url\" content=\"https:\/\/shop.huppa.eu\/lt\/product\/devon-1-300g-3\/\" \/>\n<meta property=\"og:site_name\" content=\"Huppa LT\" \/>\n<meta property=\"article:modified_time\" content=\"2026-04-16T04:11:10+00:00\" \/>\n<meta property=\"og:image\" content=\"https:\/\/huppashop-prod.s3.eu-north-1.amazonaws.com\/wp-content\/uploads\/sites\/5\/2025\/11\/24174736\/36160130-71363-DEVON1f.jpg\" \/>\n\t<meta property=\"og:image:width\" content=\"800\" \/>\n\t<meta property=\"og:image:height\" content=\"800\" \/>\n\t<meta property=\"og:image:type\" content=\"image\/jpeg\" \/>\n<meta name=\"twitter:card\" content=\"summary_large_image\" \/>\n<script type=\"application\/ld+json\" class=\"yoast-schema-graph\">{\"@context\":\"https:\/\/schema.org\",\"@graph\":[{\"@type\":\"WebPage\",\"@id\":\"https:\/\/shop.huppa.eu\/lt\/product\/devon-1-300g-3\/\",\"url\":\"https:\/\/shop.huppa.eu\/lt\/product\/devon-1-300g-3\/\",\"name\":\"Kids winter overall DEVON 1 (300g) - Huppa LT\",\"isPartOf\":{\"@id\":\"https:\/\/shop.huppa.eu\/lt\/#website\"},\"primaryImageOfPage\":{\"@id\":\"https:\/\/shop.huppa.eu\/lt\/product\/devon-1-300g-3\/#primaryimage\"},\"image\":{\"@id\":\"https:\/\/shop.huppa.eu\/lt\/product\/devon-1-300g-3\/#primaryimage\"},\"thumbnailUrl\":\"https:\/\/huppashop-prod.s3.eu-north-1.amazonaws.com\/wp-content\/uploads\/sites\/5\/2025\/11\/24174736\/36160130-71363-DEVON1f.jpg\",\"datePublished\":\"2025-11-24T15:47:34+00:00\",\"dateModified\":\"2026-04-16T04:11:10+00:00\",\"breadcrumb\":{\"@id\":\"https:\/\/shop.huppa.eu\/lt\/product\/devon-1-300g-3\/#breadcrumb\"},\"inLanguage\":\"lt-LT\",\"potentialAction\":[{\"@type\":\"ReadAction\",\"target\":[\"https:\/\/shop.huppa.eu\/lt\/product\/devon-1-300g-3\/\"]}]},{\"@type\":\"ImageObject\",\"inLanguage\":\"lt-LT\",\"@id\":\"https:\/\/shop.huppa.eu\/lt\/product\/devon-1-300g-3\/#primaryimage\",\"url\":\"https:\/\/huppashop-prod.s3.eu-north-1.amazonaws.com\/wp-content\/uploads\/sites\/5\/2025\/11\/24174736\/36160130-71363-DEVON1f.jpg\",\"contentUrl\":\"https:\/\/huppashop-prod.s3.eu-north-1.amazonaws.com\/wp-content\/uploads\/sites\/5\/2025\/11\/24174736\/36160130-71363-DEVON1f.jpg\",\"width\":800,\"height\":800},{\"@type\":\"BreadcrumbList\",\"@id\":\"https:\/\/shop.huppa.eu\/lt\/product\/devon-1-300g-3\/#breadcrumb\",\"itemListElement\":[{\"@type\":\"ListItem\",\"position\":1,\"name\":\"Shop\",\"item\":\"https:\/\/shop.huppa.eu\/lt\/shop\/\"},{\"@type\":\"ListItem\",\"position\":2,\"name\":\"Kids winter overall DEVON 1 (300g)\"}]},{\"@type\":\"WebSite\",\"@id\":\"https:\/\/shop.huppa.eu\/lt\/#website\",\"url\":\"https:\/\/shop.huppa.eu\/lt\/\",\"name\":\"Huppa LT\",\"description\":\"Huppa LT\",\"potentialAction\":[{\"@type\":\"SearchAction\",\"target\":{\"@type\":\"EntryPoint\",\"urlTemplate\":\"https:\/\/shop.huppa.eu\/lt\/?s={search_term_string}\"},\"query-input\":{\"@type\":\"PropertyValueSpecification\",\"valueRequired\":true,\"valueName\":\"search_term_string\"}}],\"inLanguage\":\"lt-LT\"}]}<\/script>\n<!-- \/ Yoast SEO plugin. -->","yoast_head_json":{"title":"Kids winter overall DEVON 1 (300g) - Huppa LT","robots":{"index":"index","follow":"follow","max-snippet":"max-snippet:-1","max-image-preview":"max-image-preview:large","max-video-preview":"max-video-preview:-1"},"canonical":"https:\/\/shop.huppa.eu\/lt\/product\/devon-1-300g-3\/","og_locale":"lt_LT","og_type":"article","og_title":"Kids winter overall DEVON 1 (300g) - Huppa LT","og_description":"Ma\u017eyli\u0173 \u017eiemos kombinezonas su 300g pa\u0161iltinimu. Kombinezonas su mink\u0161tu medviln\u0117s flanel\u0117s pamu\u0161alu ir kv\u0117puojan\u010diu bei neper\u0161lampan\u010diu vir\u0161utiniu audiniu, puikiai tinkan\u010diu m\u016bs\u0173 klimatui. Kombinezonas su s\u0117dyn\u0117s si\u016ble ir \u0161onin\u0117mis si\u016bl\u0117mis liemens srityje u\u017elydytomis nepermirk\u0161lamumui. Kombinezonas turi nuimam\u0105 kapi\u0161on\u0105 su atskirai nuimamu kailiu, ki\u0161en\u0119 su u\u017etrauktutu skan\u0117st\u0173 laikymui ir silikono gum\u0105 po padu. Iki 80 dyd\u017eio rankovi\u0173 [&hellip;]","og_url":"https:\/\/shop.huppa.eu\/lt\/product\/devon-1-300g-3\/","og_site_name":"Huppa LT","article_modified_time":"2026-04-16T04:11:10+00:00","og_image":[{"width":800,"height":800,"url":"https:\/\/huppashop-prod.s3.eu-north-1.amazonaws.com\/wp-content\/uploads\/sites\/5\/2025\/11\/24174736\/36160130-71363-DEVON1f.jpg","type":"image\/jpeg"}],"twitter_card":"summary_large_image","schema":{"@context":"https:\/\/schema.org","@graph":[{"@type":"WebPage","@id":"https:\/\/shop.huppa.eu\/lt\/product\/devon-1-300g-3\/","url":"https:\/\/shop.huppa.eu\/lt\/product\/devon-1-300g-3\/","name":"Kids winter overall DEVON 1 (300g) - Huppa LT","isPartOf":{"@id":"https:\/\/shop.huppa.eu\/lt\/#website"},"primaryImageOfPage":{"@id":"https:\/\/shop.huppa.eu\/lt\/product\/devon-1-300g-3\/#primaryimage"},"image":{"@id":"https:\/\/shop.huppa.eu\/lt\/product\/devon-1-300g-3\/#primaryimage"},"thumbnailUrl":"https:\/\/huppashop-prod.s3.eu-north-1.amazonaws.com\/wp-content\/uploads\/sites\/5\/2025\/11\/24174736\/36160130-71363-DEVON1f.jpg","datePublished":"2025-11-24T15:47:34+00:00","dateModified":"2026-04-16T04:11:10+00:00","breadcrumb":{"@id":"https:\/\/shop.huppa.eu\/lt\/product\/devon-1-300g-3\/#breadcrumb"},"inLanguage":"lt-LT","potentialAction":[{"@type":"ReadAction","target":["https:\/\/shop.huppa.eu\/lt\/product\/devon-1-300g-3\/"]}]},{"@type":"ImageObject","inLanguage":"lt-LT","@id":"https:\/\/shop.huppa.eu\/lt\/product\/devon-1-300g-3\/#primaryimage","url":"https:\/\/huppashop-prod.s3.eu-north-1.amazonaws.com\/wp-content\/uploads\/sites\/5\/2025\/11\/24174736\/36160130-71363-DEVON1f.jpg","contentUrl":"https:\/\/huppashop-prod.s3.eu-north-1.amazonaws.com\/wp-content\/uploads\/sites\/5\/2025\/11\/24174736\/36160130-71363-DEVON1f.jpg","width":800,"height":800},{"@type":"BreadcrumbList","@id":"https:\/\/shop.huppa.eu\/lt\/product\/devon-1-300g-3\/#breadcrumb","itemListElement":[{"@type":"ListItem","position":1,"name":"Shop","item":"https:\/\/shop.huppa.eu\/lt\/shop\/"},{"@type":"ListItem","position":2,"name":"Kids winter overall DEVON 1 (300g)"}]},{"@type":"WebSite","@id":"https:\/\/shop.huppa.eu\/lt\/#website","url":"https:\/\/shop.huppa.eu\/lt\/","name":"Huppa LT","description":"Huppa LT","potentialAction":[{"@type":"SearchAction","target":{"@type":"EntryPoint","urlTemplate":"https:\/\/shop.huppa.eu\/lt\/?s={search_term_string}"},"query-input":{"@type":"PropertyValueSpecification","valueRequired":true,"valueName":"search_term_string"}}],"inLanguage":"lt-LT"}]}},"_links":{"self":[{"href":"https:\/\/shop.huppa.eu\/lt\/wp-json\/wp\/v2\/product\/520032","targetHints":{"allow":["GET"]}}],"collection":[{"href":"https:\/\/shop.huppa.eu\/lt\/wp-json\/wp\/v2\/product"}],"about":[{"href":"https:\/\/shop.huppa.eu\/lt\/wp-json\/wp\/v2\/types\/product"}],"wp:featuredmedia":[{"embeddable":true,"href":"https:\/\/shop.huppa.eu\/lt\/wp-json\/wp\/v2\/media\/520036"}],"wp:attachment":[{"href":"https:\/\/shop.huppa.eu\/lt\/wp-json\/wp\/v2\/media?parent=520032"}],"wp:term":[{"taxonomy":"product_brand","embeddable":true,"href":"https:\/\/shop.huppa.eu\/lt\/wp-json\/wp\/v2\/product_brand?post=520032"},{"taxonomy":"product_cat","embeddable":true,"href":"https:\/\/shop.huppa.eu\/lt\/wp-json\/wp\/v2\/product_cat?post=520032"},{"taxonomy":"product_tag","embeddable":true,"href":"https:\/\/shop.huppa.eu\/lt\/wp-json\/wp\/v2\/product_tag?post=520032"}],"curies":[{"name":"wp","href":"https:\/\/api.w.org\/{rel}","templated":true}]}}