{"id":520062,"date":"2025-11-24T17:48:09","date_gmt":"2025-11-24T15:48:09","guid":{"rendered":"https:\/\/shop.huppa.eu\/lt\/product\/devon-1-300g-8\/"},"modified":"2026-04-16T06:11:10","modified_gmt":"2026-04-16T04:11:10","slug":"devon-1-300g-8","status":"publish","type":"product","link":"https:\/\/shop.huppa.eu\/lt\/product\/devon-1-300g-8\/","title":{"rendered":"Vaik\u0173 \u017eieminis kombinezonas DEVON 1 (300g)"},"content":{"rendered":"<p>Ma\u017eyli\u0173 \u017eiemos kombinezonas su 300 g \u0161iltinimu. Kombinezonas turi mink\u0161t\u0105 medviln\u0117s flanel\u0117s pamu\u0161al\u0105 ir kv\u0117puojant\u012f bei vandeniui atspar\u0173 vir\u0161utin\u012f audin\u012f, kuris puikiai tinka m\u016bs\u0173 klimatui. Kombinezonas turi s\u0117dmen\u0173 si\u016bl\u0119 ir \u0161oninius si\u016bl\u0117s i\u0161ilgai juosmens linijos u\u017eklijuotus vandeniui atsparumui. Kombinezonas turi nuimam\u0105 gobtuvas su atskirai nuimamu kailiu, u\u017etrauktukin\u0119 ki\u0161en\u0119 skan\u0117stams saugoti ir silikonin\u0119 gum\u0105 po padu. Iki 80 dyd\u017eio rankovi\u0173 galus ir apatin\u012f kra\u0161t\u0105 galima u\u017eraitoti keliais judesiais, o pir\u0161tini\u0173 ir bat\u0173 nereikia.<\/p>\n","protected":false},"excerpt":{"rendered":"<p>Ma\u017eyli\u0173 \u017eiemos kombinezonas su 300 g \u0161iltinimu. Kombinezonas turi mink\u0161t\u0105 medviln\u0117s flanel\u0117s pamu\u0161al\u0105 ir kv\u0117puojant\u012f bei vandeniui atspar\u0173 vir\u0161utin\u012f audin\u012f, kuris puikiai tinka m\u016bs\u0173 klimatui. Kombinezonas turi s\u0117dmen\u0173 si\u016bl\u0119 ir \u0161oninius si\u016bl\u0117s i\u0161ilgai juosmens linijos u\u017eklijuotus vandeniui atsparumui. Kombinezonas turi nuimam\u0105 gobtuvas su atskirai nuimamu kailiu, u\u017etrauktukin\u0119 ki\u0161en\u0119 skan\u0117stams saugoti ir silikonin\u0119 gum\u0105 po padu. [&hellip;]<\/p>\n","protected":false},"featured_media":520064,"template":"","meta":{"_acf_changed":false},"product_brand":[],"product_cat":[90,1164,1160,1163,19],"product_tag":[],"class_list":{"0":"post-520062","1":"product","2":"type-product","3":"status-publish","4":"has-post-thumbnail","6":"product_cat-berniuku","7":"product_cat-kombinezonai-berniuku","8":"product_cat-kombinezonai","9":"product_cat-kombinezonai-vaikai","10":"product_cat-vaikai","11":"pa_amzius-vaikai","12":"pa_atsparumas-vandeniui-10000mm","13":"pa_dydis-411","14":"pa_izoliacijos-svoris-300g","15":"pa_kolekcija-nr-w17-18","16":"pa_kolekcijos-dalis-fashion","17":"pa_lytis-berniuku","18":"pa_oro-pralaidumas-10000g-m-24h","19":"pa_prekes-artikulas-36160130-72431","20":"pa_uzpildas-300g","22":"first","23":"instock","24":"sale","25":"taxable","26":"shipping-taxable","27":"purchasable","28":"product-type-variable"},"acf":[],"yoast_head":"<!-- This site is optimized with the Yoast SEO plugin v26.8 - https:\/\/yoast.com\/product\/yoast-seo-wordpress\/ -->\n<title>Vaik\u0173 \u017eieminis kombinezonas DEVON 1 (300g) - Huppa LT<\/title>\n<meta name=\"robots\" content=\"index, follow, max-snippet:-1, max-image-preview:large, max-video-preview:-1\" \/>\n<link rel=\"canonical\" href=\"https:\/\/shop.huppa.eu\/lt\/product\/devon-1-300g-8\/\" \/>\n<meta property=\"og:locale\" content=\"lt_LT\" \/>\n<meta property=\"og:type\" content=\"article\" \/>\n<meta property=\"og:title\" content=\"Vaik\u0173 \u017eieminis kombinezonas DEVON 1 (300g) - Huppa LT\" \/>\n<meta property=\"og:description\" content=\"Ma\u017eyli\u0173 \u017eiemos kombinezonas su 300 g \u0161iltinimu. Kombinezonas turi mink\u0161t\u0105 medviln\u0117s flanel\u0117s pamu\u0161al\u0105 ir kv\u0117puojant\u012f bei vandeniui atspar\u0173 vir\u0161utin\u012f audin\u012f, kuris puikiai tinka m\u016bs\u0173 klimatui. Kombinezonas turi s\u0117dmen\u0173 si\u016bl\u0119 ir \u0161oninius si\u016bl\u0117s i\u0161ilgai juosmens linijos u\u017eklijuotus vandeniui atsparumui. Kombinezonas turi nuimam\u0105 gobtuvas su atskirai nuimamu kailiu, u\u017etrauktukin\u0119 ki\u0161en\u0119 skan\u0117stams saugoti ir silikonin\u0119 gum\u0105 po padu. [&hellip;]\" \/>\n<meta property=\"og:url\" content=\"https:\/\/shop.huppa.eu\/lt\/product\/devon-1-300g-8\/\" \/>\n<meta property=\"og:site_name\" content=\"Huppa LT\" \/>\n<meta property=\"article:modified_time\" content=\"2026-04-16T04:11:10+00:00\" \/>\n<meta property=\"og:image\" content=\"https:\/\/huppashop-prod.s3.eu-north-1.amazonaws.com\/wp-content\/uploads\/sites\/5\/2025\/11\/24174810\/36160130-72431-DEVON1f.jpg\" \/>\n\t<meta property=\"og:image:width\" content=\"800\" \/>\n\t<meta property=\"og:image:height\" content=\"800\" \/>\n\t<meta property=\"og:image:type\" content=\"image\/jpeg\" \/>\n<meta name=\"twitter:card\" content=\"summary_large_image\" \/>\n<script type=\"application\/ld+json\" class=\"yoast-schema-graph\">{\"@context\":\"https:\/\/schema.org\",\"@graph\":[{\"@type\":\"WebPage\",\"@id\":\"https:\/\/shop.huppa.eu\/lt\/product\/devon-1-300g-8\/\",\"url\":\"https:\/\/shop.huppa.eu\/lt\/product\/devon-1-300g-8\/\",\"name\":\"Vaik\u0173 \u017eieminis kombinezonas DEVON 1 (300g) - Huppa LT\",\"isPartOf\":{\"@id\":\"https:\/\/shop.huppa.eu\/lt\/#website\"},\"primaryImageOfPage\":{\"@id\":\"https:\/\/shop.huppa.eu\/lt\/product\/devon-1-300g-8\/#primaryimage\"},\"image\":{\"@id\":\"https:\/\/shop.huppa.eu\/lt\/product\/devon-1-300g-8\/#primaryimage\"},\"thumbnailUrl\":\"https:\/\/huppashop-prod.s3.eu-north-1.amazonaws.com\/wp-content\/uploads\/sites\/5\/2025\/11\/24174810\/36160130-72431-DEVON1f.jpg\",\"datePublished\":\"2025-11-24T15:48:09+00:00\",\"dateModified\":\"2026-04-16T04:11:10+00:00\",\"breadcrumb\":{\"@id\":\"https:\/\/shop.huppa.eu\/lt\/product\/devon-1-300g-8\/#breadcrumb\"},\"inLanguage\":\"lt-LT\",\"potentialAction\":[{\"@type\":\"ReadAction\",\"target\":[\"https:\/\/shop.huppa.eu\/lt\/product\/devon-1-300g-8\/\"]}]},{\"@type\":\"ImageObject\",\"inLanguage\":\"lt-LT\",\"@id\":\"https:\/\/shop.huppa.eu\/lt\/product\/devon-1-300g-8\/#primaryimage\",\"url\":\"https:\/\/huppashop-prod.s3.eu-north-1.amazonaws.com\/wp-content\/uploads\/sites\/5\/2025\/11\/24174810\/36160130-72431-DEVON1f.jpg\",\"contentUrl\":\"https:\/\/huppashop-prod.s3.eu-north-1.amazonaws.com\/wp-content\/uploads\/sites\/5\/2025\/11\/24174810\/36160130-72431-DEVON1f.jpg\",\"width\":800,\"height\":800},{\"@type\":\"BreadcrumbList\",\"@id\":\"https:\/\/shop.huppa.eu\/lt\/product\/devon-1-300g-8\/#breadcrumb\",\"itemListElement\":[{\"@type\":\"ListItem\",\"position\":1,\"name\":\"Shop\",\"item\":\"https:\/\/shop.huppa.eu\/lt\/shop\/\"},{\"@type\":\"ListItem\",\"position\":2,\"name\":\"Vaik\u0173 \u017eieminis kombinezonas DEVON 1 (300g)\"}]},{\"@type\":\"WebSite\",\"@id\":\"https:\/\/shop.huppa.eu\/lt\/#website\",\"url\":\"https:\/\/shop.huppa.eu\/lt\/\",\"name\":\"Huppa LT\",\"description\":\"Huppa LT\",\"potentialAction\":[{\"@type\":\"SearchAction\",\"target\":{\"@type\":\"EntryPoint\",\"urlTemplate\":\"https:\/\/shop.huppa.eu\/lt\/?s={search_term_string}\"},\"query-input\":{\"@type\":\"PropertyValueSpecification\",\"valueRequired\":true,\"valueName\":\"search_term_string\"}}],\"inLanguage\":\"lt-LT\"}]}<\/script>\n<!-- \/ Yoast SEO plugin. -->","yoast_head_json":{"title":"Vaik\u0173 \u017eieminis kombinezonas DEVON 1 (300g) - Huppa LT","robots":{"index":"index","follow":"follow","max-snippet":"max-snippet:-1","max-image-preview":"max-image-preview:large","max-video-preview":"max-video-preview:-1"},"canonical":"https:\/\/shop.huppa.eu\/lt\/product\/devon-1-300g-8\/","og_locale":"lt_LT","og_type":"article","og_title":"Vaik\u0173 \u017eieminis kombinezonas DEVON 1 (300g) - Huppa LT","og_description":"Ma\u017eyli\u0173 \u017eiemos kombinezonas su 300 g \u0161iltinimu. Kombinezonas turi mink\u0161t\u0105 medviln\u0117s flanel\u0117s pamu\u0161al\u0105 ir kv\u0117puojant\u012f bei vandeniui atspar\u0173 vir\u0161utin\u012f audin\u012f, kuris puikiai tinka m\u016bs\u0173 klimatui. Kombinezonas turi s\u0117dmen\u0173 si\u016bl\u0119 ir \u0161oninius si\u016bl\u0117s i\u0161ilgai juosmens linijos u\u017eklijuotus vandeniui atsparumui. Kombinezonas turi nuimam\u0105 gobtuvas su atskirai nuimamu kailiu, u\u017etrauktukin\u0119 ki\u0161en\u0119 skan\u0117stams saugoti ir silikonin\u0119 gum\u0105 po padu. [&hellip;]","og_url":"https:\/\/shop.huppa.eu\/lt\/product\/devon-1-300g-8\/","og_site_name":"Huppa LT","article_modified_time":"2026-04-16T04:11:10+00:00","og_image":[{"width":800,"height":800,"url":"https:\/\/huppashop-prod.s3.eu-north-1.amazonaws.com\/wp-content\/uploads\/sites\/5\/2025\/11\/24174810\/36160130-72431-DEVON1f.jpg","type":"image\/jpeg"}],"twitter_card":"summary_large_image","schema":{"@context":"https:\/\/schema.org","@graph":[{"@type":"WebPage","@id":"https:\/\/shop.huppa.eu\/lt\/product\/devon-1-300g-8\/","url":"https:\/\/shop.huppa.eu\/lt\/product\/devon-1-300g-8\/","name":"Vaik\u0173 \u017eieminis kombinezonas DEVON 1 (300g) - Huppa LT","isPartOf":{"@id":"https:\/\/shop.huppa.eu\/lt\/#website"},"primaryImageOfPage":{"@id":"https:\/\/shop.huppa.eu\/lt\/product\/devon-1-300g-8\/#primaryimage"},"image":{"@id":"https:\/\/shop.huppa.eu\/lt\/product\/devon-1-300g-8\/#primaryimage"},"thumbnailUrl":"https:\/\/huppashop-prod.s3.eu-north-1.amazonaws.com\/wp-content\/uploads\/sites\/5\/2025\/11\/24174810\/36160130-72431-DEVON1f.jpg","datePublished":"2025-11-24T15:48:09+00:00","dateModified":"2026-04-16T04:11:10+00:00","breadcrumb":{"@id":"https:\/\/shop.huppa.eu\/lt\/product\/devon-1-300g-8\/#breadcrumb"},"inLanguage":"lt-LT","potentialAction":[{"@type":"ReadAction","target":["https:\/\/shop.huppa.eu\/lt\/product\/devon-1-300g-8\/"]}]},{"@type":"ImageObject","inLanguage":"lt-LT","@id":"https:\/\/shop.huppa.eu\/lt\/product\/devon-1-300g-8\/#primaryimage","url":"https:\/\/huppashop-prod.s3.eu-north-1.amazonaws.com\/wp-content\/uploads\/sites\/5\/2025\/11\/24174810\/36160130-72431-DEVON1f.jpg","contentUrl":"https:\/\/huppashop-prod.s3.eu-north-1.amazonaws.com\/wp-content\/uploads\/sites\/5\/2025\/11\/24174810\/36160130-72431-DEVON1f.jpg","width":800,"height":800},{"@type":"BreadcrumbList","@id":"https:\/\/shop.huppa.eu\/lt\/product\/devon-1-300g-8\/#breadcrumb","itemListElement":[{"@type":"ListItem","position":1,"name":"Shop","item":"https:\/\/shop.huppa.eu\/lt\/shop\/"},{"@type":"ListItem","position":2,"name":"Vaik\u0173 \u017eieminis kombinezonas DEVON 1 (300g)"}]},{"@type":"WebSite","@id":"https:\/\/shop.huppa.eu\/lt\/#website","url":"https:\/\/shop.huppa.eu\/lt\/","name":"Huppa LT","description":"Huppa LT","potentialAction":[{"@type":"SearchAction","target":{"@type":"EntryPoint","urlTemplate":"https:\/\/shop.huppa.eu\/lt\/?s={search_term_string}"},"query-input":{"@type":"PropertyValueSpecification","valueRequired":true,"valueName":"search_term_string"}}],"inLanguage":"lt-LT"}]}},"_links":{"self":[{"href":"https:\/\/shop.huppa.eu\/lt\/wp-json\/wp\/v2\/product\/520062","targetHints":{"allow":["GET"]}}],"collection":[{"href":"https:\/\/shop.huppa.eu\/lt\/wp-json\/wp\/v2\/product"}],"about":[{"href":"https:\/\/shop.huppa.eu\/lt\/wp-json\/wp\/v2\/types\/product"}],"wp:featuredmedia":[{"embeddable":true,"href":"https:\/\/shop.huppa.eu\/lt\/wp-json\/wp\/v2\/media\/520064"}],"wp:attachment":[{"href":"https:\/\/shop.huppa.eu\/lt\/wp-json\/wp\/v2\/media?parent=520062"}],"wp:term":[{"taxonomy":"product_brand","embeddable":true,"href":"https:\/\/shop.huppa.eu\/lt\/wp-json\/wp\/v2\/product_brand?post=520062"},{"taxonomy":"product_cat","embeddable":true,"href":"https:\/\/shop.huppa.eu\/lt\/wp-json\/wp\/v2\/product_cat?post=520062"},{"taxonomy":"product_tag","embeddable":true,"href":"https:\/\/shop.huppa.eu\/lt\/wp-json\/wp\/v2\/product_tag?post=520062"}],"curies":[{"name":"wp","href":"https:\/\/api.w.org\/{rel}","templated":true}]}}