{"id":520094,"date":"2025-11-24T17:48:47","date_gmt":"2025-11-24T15:48:47","guid":{"rendered":"https:\/\/shop.huppa.eu\/lt\/product\/deiro-1-300g\/"},"modified":"2026-04-16T06:11:13","modified_gmt":"2026-04-16T04:11:13","slug":"deiro-1-300g","status":"publish","type":"product","link":"https:\/\/shop.huppa.eu\/lt\/product\/deiro-1-300g\/","title":{"rendered":"Vaik\u0173 \u017eieminis kombinezonas DEIRO 1 (300g)"},"content":{"rendered":"<p>Ma\u017eyli\u0173 \u017eiemos kombinezonas. Kombinezonas su v\u0117jui ir vandeniui atspariu vir\u0161utiniu audiniu, mink\u0161tu medviln\u0117s flanel\u0117s pamu\u0161alu ir 300g pa\u0161iltinimu. 68-80 dyd\u017ei\u0173 kombinezonuose rankov\u0117s ir koj\u0173 galai gali b\u016bti u\u017elenkti. Ilgas u\u017etrauktukas palengvina greit\u0105 ir lengv\u0105 rengim\u0105, koj\u0173 galai taip pat u\u017edengti vir\u0161utiniu audiniu i\u0161 vidaus. Kad vaikas b\u016bt\u0173 matomas net tamsoje, kombinezonas turi \u0161vies\u0105 atspindin\u010dius elementus.<\/p>\n","protected":false},"excerpt":{"rendered":"<p>Ma\u017eyli\u0173 \u017eiemos kombinezonas. Kombinezonas su v\u0117jui ir vandeniui atspariu vir\u0161utiniu audiniu, mink\u0161tu medviln\u0117s flanel\u0117s pamu\u0161alu ir 300g pa\u0161iltinimu. 68-80 dyd\u017ei\u0173 kombinezonuose rankov\u0117s ir koj\u0173 galai gali b\u016bti u\u017elenkti. Ilgas u\u017etrauktukas palengvina greit\u0105 ir lengv\u0105 rengim\u0105, koj\u0173 galai taip pat u\u017edengti vir\u0161utiniu audiniu i\u0161 vidaus. Kad vaikas b\u016bt\u0173 matomas net tamsoje, kombinezonas turi \u0161vies\u0105 atspindin\u010dius elementus.<\/p>\n","protected":false},"featured_media":520096,"template":"","meta":{"_acf_changed":false},"product_brand":[],"product_cat":[1170,1160,1163,102,19],"product_tag":[],"class_list":{"0":"post-520094","1":"product","2":"type-product","3":"status-publish","4":"has-post-thumbnail","6":"product_cat-kombinezonai-mergaiciu","7":"product_cat-kombinezonai","8":"product_cat-kombinezonai-vaikai","9":"product_cat-mergaiciu","10":"product_cat-vaikai","11":"pa_amzius-vaikai","12":"pa_atsparumas-vandeniui-10000mm","13":"pa_dydis-406","14":"pa_izoliacijos-svoris-300g","15":"pa_kolekcija-nr-w19-20","16":"pa_kolekcijos-dalis-classic","17":"pa_lytis-mergaiciu","18":"pa_oro-pralaidumas-10000g-m-24h","19":"pa_prekes-artikulas-36290130-63220","20":"pa_uzpildas-300g","22":"first","23":"instock","24":"sale","25":"taxable","26":"shipping-taxable","27":"purchasable","28":"product-type-variable"},"acf":[],"yoast_head":"<!-- This site is optimized with the Yoast SEO plugin v26.8 - https:\/\/yoast.com\/product\/yoast-seo-wordpress\/ -->\n<title>Vaik\u0173 \u017eieminis kombinezonas DEIRO 1 (300g) - Huppa LT<\/title>\n<meta name=\"robots\" content=\"index, follow, max-snippet:-1, max-image-preview:large, max-video-preview:-1\" \/>\n<link rel=\"canonical\" href=\"https:\/\/shop.huppa.eu\/lt\/product\/deiro-1-300g\/\" \/>\n<meta property=\"og:locale\" content=\"lt_LT\" \/>\n<meta property=\"og:type\" content=\"article\" \/>\n<meta property=\"og:title\" content=\"Vaik\u0173 \u017eieminis kombinezonas DEIRO 1 (300g) - Huppa LT\" \/>\n<meta property=\"og:description\" content=\"Ma\u017eyli\u0173 \u017eiemos kombinezonas. Kombinezonas su v\u0117jui ir vandeniui atspariu vir\u0161utiniu audiniu, mink\u0161tu medviln\u0117s flanel\u0117s pamu\u0161alu ir 300g pa\u0161iltinimu. 68-80 dyd\u017ei\u0173 kombinezonuose rankov\u0117s ir koj\u0173 galai gali b\u016bti u\u017elenkti. Ilgas u\u017etrauktukas palengvina greit\u0105 ir lengv\u0105 rengim\u0105, koj\u0173 galai taip pat u\u017edengti vir\u0161utiniu audiniu i\u0161 vidaus. Kad vaikas b\u016bt\u0173 matomas net tamsoje, kombinezonas turi \u0161vies\u0105 atspindin\u010dius elementus.\" \/>\n<meta property=\"og:url\" content=\"https:\/\/shop.huppa.eu\/lt\/product\/deiro-1-300g\/\" \/>\n<meta property=\"og:site_name\" content=\"Huppa LT\" \/>\n<meta property=\"article:modified_time\" content=\"2026-04-16T04:11:13+00:00\" \/>\n<meta property=\"og:image\" content=\"https:\/\/huppashop-prod.s3.eu-north-1.amazonaws.com\/wp-content\/uploads\/sites\/5\/2025\/11\/24174848\/36290130-63220-DEIRO1f.jpg\" \/>\n\t<meta property=\"og:image:width\" content=\"800\" \/>\n\t<meta property=\"og:image:height\" content=\"800\" \/>\n\t<meta property=\"og:image:type\" content=\"image\/jpeg\" \/>\n<meta name=\"twitter:card\" content=\"summary_large_image\" \/>\n<script type=\"application\/ld+json\" class=\"yoast-schema-graph\">{\"@context\":\"https:\/\/schema.org\",\"@graph\":[{\"@type\":\"WebPage\",\"@id\":\"https:\/\/shop.huppa.eu\/lt\/product\/deiro-1-300g\/\",\"url\":\"https:\/\/shop.huppa.eu\/lt\/product\/deiro-1-300g\/\",\"name\":\"Vaik\u0173 \u017eieminis kombinezonas DEIRO 1 (300g) - Huppa LT\",\"isPartOf\":{\"@id\":\"https:\/\/shop.huppa.eu\/lt\/#website\"},\"primaryImageOfPage\":{\"@id\":\"https:\/\/shop.huppa.eu\/lt\/product\/deiro-1-300g\/#primaryimage\"},\"image\":{\"@id\":\"https:\/\/shop.huppa.eu\/lt\/product\/deiro-1-300g\/#primaryimage\"},\"thumbnailUrl\":\"https:\/\/huppashop-prod.s3.eu-north-1.amazonaws.com\/wp-content\/uploads\/sites\/5\/2025\/11\/24174848\/36290130-63220-DEIRO1f.jpg\",\"datePublished\":\"2025-11-24T15:48:47+00:00\",\"dateModified\":\"2026-04-16T04:11:13+00:00\",\"breadcrumb\":{\"@id\":\"https:\/\/shop.huppa.eu\/lt\/product\/deiro-1-300g\/#breadcrumb\"},\"inLanguage\":\"lt-LT\",\"potentialAction\":[{\"@type\":\"ReadAction\",\"target\":[\"https:\/\/shop.huppa.eu\/lt\/product\/deiro-1-300g\/\"]}]},{\"@type\":\"ImageObject\",\"inLanguage\":\"lt-LT\",\"@id\":\"https:\/\/shop.huppa.eu\/lt\/product\/deiro-1-300g\/#primaryimage\",\"url\":\"https:\/\/huppashop-prod.s3.eu-north-1.amazonaws.com\/wp-content\/uploads\/sites\/5\/2025\/11\/24174848\/36290130-63220-DEIRO1f.jpg\",\"contentUrl\":\"https:\/\/huppashop-prod.s3.eu-north-1.amazonaws.com\/wp-content\/uploads\/sites\/5\/2025\/11\/24174848\/36290130-63220-DEIRO1f.jpg\",\"width\":800,\"height\":800},{\"@type\":\"BreadcrumbList\",\"@id\":\"https:\/\/shop.huppa.eu\/lt\/product\/deiro-1-300g\/#breadcrumb\",\"itemListElement\":[{\"@type\":\"ListItem\",\"position\":1,\"name\":\"Shop\",\"item\":\"https:\/\/shop.huppa.eu\/lt\/shop\/\"},{\"@type\":\"ListItem\",\"position\":2,\"name\":\"Vaik\u0173 \u017eieminis kombinezonas DEIRO 1 (300g)\"}]},{\"@type\":\"WebSite\",\"@id\":\"https:\/\/shop.huppa.eu\/lt\/#website\",\"url\":\"https:\/\/shop.huppa.eu\/lt\/\",\"name\":\"Huppa LT\",\"description\":\"Huppa LT\",\"potentialAction\":[{\"@type\":\"SearchAction\",\"target\":{\"@type\":\"EntryPoint\",\"urlTemplate\":\"https:\/\/shop.huppa.eu\/lt\/?s={search_term_string}\"},\"query-input\":{\"@type\":\"PropertyValueSpecification\",\"valueRequired\":true,\"valueName\":\"search_term_string\"}}],\"inLanguage\":\"lt-LT\"}]}<\/script>\n<!-- \/ Yoast SEO plugin. -->","yoast_head_json":{"title":"Vaik\u0173 \u017eieminis kombinezonas DEIRO 1 (300g) - Huppa LT","robots":{"index":"index","follow":"follow","max-snippet":"max-snippet:-1","max-image-preview":"max-image-preview:large","max-video-preview":"max-video-preview:-1"},"canonical":"https:\/\/shop.huppa.eu\/lt\/product\/deiro-1-300g\/","og_locale":"lt_LT","og_type":"article","og_title":"Vaik\u0173 \u017eieminis kombinezonas DEIRO 1 (300g) - Huppa LT","og_description":"Ma\u017eyli\u0173 \u017eiemos kombinezonas. Kombinezonas su v\u0117jui ir vandeniui atspariu vir\u0161utiniu audiniu, mink\u0161tu medviln\u0117s flanel\u0117s pamu\u0161alu ir 300g pa\u0161iltinimu. 68-80 dyd\u017ei\u0173 kombinezonuose rankov\u0117s ir koj\u0173 galai gali b\u016bti u\u017elenkti. Ilgas u\u017etrauktukas palengvina greit\u0105 ir lengv\u0105 rengim\u0105, koj\u0173 galai taip pat u\u017edengti vir\u0161utiniu audiniu i\u0161 vidaus. Kad vaikas b\u016bt\u0173 matomas net tamsoje, kombinezonas turi \u0161vies\u0105 atspindin\u010dius elementus.","og_url":"https:\/\/shop.huppa.eu\/lt\/product\/deiro-1-300g\/","og_site_name":"Huppa LT","article_modified_time":"2026-04-16T04:11:13+00:00","og_image":[{"width":800,"height":800,"url":"https:\/\/huppashop-prod.s3.eu-north-1.amazonaws.com\/wp-content\/uploads\/sites\/5\/2025\/11\/24174848\/36290130-63220-DEIRO1f.jpg","type":"image\/jpeg"}],"twitter_card":"summary_large_image","schema":{"@context":"https:\/\/schema.org","@graph":[{"@type":"WebPage","@id":"https:\/\/shop.huppa.eu\/lt\/product\/deiro-1-300g\/","url":"https:\/\/shop.huppa.eu\/lt\/product\/deiro-1-300g\/","name":"Vaik\u0173 \u017eieminis kombinezonas DEIRO 1 (300g) - Huppa LT","isPartOf":{"@id":"https:\/\/shop.huppa.eu\/lt\/#website"},"primaryImageOfPage":{"@id":"https:\/\/shop.huppa.eu\/lt\/product\/deiro-1-300g\/#primaryimage"},"image":{"@id":"https:\/\/shop.huppa.eu\/lt\/product\/deiro-1-300g\/#primaryimage"},"thumbnailUrl":"https:\/\/huppashop-prod.s3.eu-north-1.amazonaws.com\/wp-content\/uploads\/sites\/5\/2025\/11\/24174848\/36290130-63220-DEIRO1f.jpg","datePublished":"2025-11-24T15:48:47+00:00","dateModified":"2026-04-16T04:11:13+00:00","breadcrumb":{"@id":"https:\/\/shop.huppa.eu\/lt\/product\/deiro-1-300g\/#breadcrumb"},"inLanguage":"lt-LT","potentialAction":[{"@type":"ReadAction","target":["https:\/\/shop.huppa.eu\/lt\/product\/deiro-1-300g\/"]}]},{"@type":"ImageObject","inLanguage":"lt-LT","@id":"https:\/\/shop.huppa.eu\/lt\/product\/deiro-1-300g\/#primaryimage","url":"https:\/\/huppashop-prod.s3.eu-north-1.amazonaws.com\/wp-content\/uploads\/sites\/5\/2025\/11\/24174848\/36290130-63220-DEIRO1f.jpg","contentUrl":"https:\/\/huppashop-prod.s3.eu-north-1.amazonaws.com\/wp-content\/uploads\/sites\/5\/2025\/11\/24174848\/36290130-63220-DEIRO1f.jpg","width":800,"height":800},{"@type":"BreadcrumbList","@id":"https:\/\/shop.huppa.eu\/lt\/product\/deiro-1-300g\/#breadcrumb","itemListElement":[{"@type":"ListItem","position":1,"name":"Shop","item":"https:\/\/shop.huppa.eu\/lt\/shop\/"},{"@type":"ListItem","position":2,"name":"Vaik\u0173 \u017eieminis kombinezonas DEIRO 1 (300g)"}]},{"@type":"WebSite","@id":"https:\/\/shop.huppa.eu\/lt\/#website","url":"https:\/\/shop.huppa.eu\/lt\/","name":"Huppa LT","description":"Huppa LT","potentialAction":[{"@type":"SearchAction","target":{"@type":"EntryPoint","urlTemplate":"https:\/\/shop.huppa.eu\/lt\/?s={search_term_string}"},"query-input":{"@type":"PropertyValueSpecification","valueRequired":true,"valueName":"search_term_string"}}],"inLanguage":"lt-LT"}]}},"_links":{"self":[{"href":"https:\/\/shop.huppa.eu\/lt\/wp-json\/wp\/v2\/product\/520094","targetHints":{"allow":["GET"]}}],"collection":[{"href":"https:\/\/shop.huppa.eu\/lt\/wp-json\/wp\/v2\/product"}],"about":[{"href":"https:\/\/shop.huppa.eu\/lt\/wp-json\/wp\/v2\/types\/product"}],"wp:featuredmedia":[{"embeddable":true,"href":"https:\/\/shop.huppa.eu\/lt\/wp-json\/wp\/v2\/media\/520096"}],"wp:attachment":[{"href":"https:\/\/shop.huppa.eu\/lt\/wp-json\/wp\/v2\/media?parent=520094"}],"wp:term":[{"taxonomy":"product_brand","embeddable":true,"href":"https:\/\/shop.huppa.eu\/lt\/wp-json\/wp\/v2\/product_brand?post=520094"},{"taxonomy":"product_cat","embeddable":true,"href":"https:\/\/shop.huppa.eu\/lt\/wp-json\/wp\/v2\/product_cat?post=520094"},{"taxonomy":"product_tag","embeddable":true,"href":"https:\/\/shop.huppa.eu\/lt\/wp-json\/wp\/v2\/product_tag?post=520094"}],"curies":[{"name":"wp","href":"https:\/\/api.w.org\/{rel}","templated":true}]}}