{"id":520224,"date":"2025-11-24T17:51:45","date_gmt":"2025-11-24T15:51:45","guid":{"rendered":"https:\/\/shop.huppa.eu\/lt\/product\/orion-300g-20\/"},"modified":"2026-04-16T06:14:07","modified_gmt":"2026-04-16T04:14:07","slug":"orion-300g-20","status":"publish","type":"product","link":"https:\/\/shop.huppa.eu\/lt\/product\/orion-300g-20\/","title":{"rendered":"Vaik\u0173 \u017eieminis kombinezonas ORION (300g)"},"content":{"rendered":"<p>K\u016bdiki\u0173 \u0161iuolaiki\u0161kas neperpumpamas ir neperpu\u010diamas \u017eiemos kombinezonas. Kv\u0117puojamas audinys. Flanelio pamu\u0161imas viduje. Elastin\u0117 juosta prie rankovi\u0173 ir koj\u0173 gal\u0173 bei juosmens nugaroje. Nuimamas u\u017espastu segamas gobtuvas yra saugus, kai vaikas u\u017estringa \u017eaid\u017eiant lauke. Rankovi\u0173 ir koj\u0173 galai gali b\u016bti patogiai u\u017ever\u010diami 68-80 dyd\u017eiuose. Neperpumpami u\u017eklijuoti si\u016bliai. Gaminys pateikiamas ir su silikoniniais, ir su guminiais p\u0117d\u0173 dir\u017eais. Dirbtinio kailio apvadas gobtuve. Auk\u0161tos kokyb\u0117s vir\u0161utinis audinys puikiai tinka vaikams d\u0117v\u0117ti bet kokiam \u017eiemos orui. Koj\u0173 gal\u0173 vidus taip pat padengtas pagrindiniu audiniu, kad vaikas i\u0161likt\u0173 sausas. Daugyb\u0117 at\u0161vaitini\u0173 element\u0173 vir\u0161utiniame audinyje u\u017etikrina matomum\u0105 i\u0161 vis\u0173 pusi\u0173 tamsiuoju \u017eiemos metu.<\/p>\n","protected":false},"excerpt":{"rendered":"<p>K\u016bdiki\u0173 \u0161iuolaiki\u0161kas neperpumpamas ir neperpu\u010diamas \u017eiemos kombinezonas. Kv\u0117puojamas audinys. Flanelio pamu\u0161imas viduje. Elastin\u0117 juosta prie rankovi\u0173 ir koj\u0173 gal\u0173 bei juosmens nugaroje. Nuimamas u\u017espastu segamas gobtuvas yra saugus, kai vaikas u\u017estringa \u017eaid\u017eiant lauke. Rankovi\u0173 ir koj\u0173 galai gali b\u016bti patogiai u\u017ever\u010diami 68-80 dyd\u017eiuose. Neperpumpami u\u017eklijuoti si\u016bliai. Gaminys pateikiamas ir su silikoniniais, ir su guminiais p\u0117d\u0173 [&hellip;]<\/p>\n","protected":false},"featured_media":428615,"template":"","meta":{"_acf_changed":false},"product_brand":[],"product_cat":[1170,1160,1163,102,19],"product_tag":[],"class_list":{"0":"post-520224","1":"product","2":"type-product","3":"status-publish","4":"has-post-thumbnail","6":"product_cat-kombinezonai-mergaiciu","7":"product_cat-kombinezonai","8":"product_cat-kombinezonai-vaikai","9":"product_cat-mergaiciu","10":"product_cat-vaikai","11":"pa_amzius-vaikai","12":"pa_atsparumas-vandeniui-5000mm","13":"pa_dydis-1162","14":"pa_izoliacijos-svoris-300g","15":"pa_kolekcija-nr-w19-20","16":"pa_kolekcijos-dalis-fashion","17":"pa_lytis-mergaiciu","18":"pa_oro-pralaidumas-5000g-m-24h","19":"pa_prekes-artikulas-36300030-91820","20":"pa_uzpildas-300g","22":"first","23":"instock","24":"sale","25":"taxable","26":"shipping-taxable","27":"purchasable","28":"product-type-variable"},"acf":[],"yoast_head":"<!-- This site is optimized with the Yoast SEO plugin v26.8 - https:\/\/yoast.com\/product\/yoast-seo-wordpress\/ -->\n<title>Vaik\u0173 \u017eieminis kombinezonas ORION (300g) - Huppa LT<\/title>\n<meta name=\"robots\" content=\"index, follow, max-snippet:-1, max-image-preview:large, max-video-preview:-1\" \/>\n<link rel=\"canonical\" href=\"https:\/\/shop.huppa.eu\/lt\/product\/orion-300g-20\/\" \/>\n<meta property=\"og:locale\" content=\"lt_LT\" \/>\n<meta property=\"og:type\" content=\"article\" \/>\n<meta property=\"og:title\" content=\"Vaik\u0173 \u017eieminis kombinezonas ORION (300g) - Huppa LT\" \/>\n<meta property=\"og:description\" content=\"K\u016bdiki\u0173 \u0161iuolaiki\u0161kas neperpumpamas ir neperpu\u010diamas \u017eiemos kombinezonas. Kv\u0117puojamas audinys. Flanelio pamu\u0161imas viduje. Elastin\u0117 juosta prie rankovi\u0173 ir koj\u0173 gal\u0173 bei juosmens nugaroje. Nuimamas u\u017espastu segamas gobtuvas yra saugus, kai vaikas u\u017estringa \u017eaid\u017eiant lauke. Rankovi\u0173 ir koj\u0173 galai gali b\u016bti patogiai u\u017ever\u010diami 68-80 dyd\u017eiuose. Neperpumpami u\u017eklijuoti si\u016bliai. Gaminys pateikiamas ir su silikoniniais, ir su guminiais p\u0117d\u0173 [&hellip;]\" \/>\n<meta property=\"og:url\" content=\"https:\/\/shop.huppa.eu\/lt\/product\/orion-300g-20\/\" \/>\n<meta property=\"og:site_name\" content=\"Huppa LT\" \/>\n<meta property=\"article:modified_time\" content=\"2026-04-16T04:14:07+00:00\" \/>\n<meta property=\"og:image\" content=\"https:\/\/huppashop-prod.s3.eu-north-1.amazonaws.com\/wp-content\/uploads\/sites\/3\/2021\/06\/03044047\/36300030-91820-ORIONf.jpg\" \/>\n\t<meta property=\"og:image:width\" content=\"1200\" \/>\n\t<meta property=\"og:image:height\" content=\"1200\" \/>\n\t<meta property=\"og:image:type\" content=\"image\/jpeg\" \/>\n<meta name=\"twitter:card\" content=\"summary_large_image\" \/>\n<meta name=\"twitter:label1\" content=\"Est. reading time\" \/>\n\t<meta name=\"twitter:data1\" content=\"1 minut\u0117\" \/>\n<script type=\"application\/ld+json\" class=\"yoast-schema-graph\">{\"@context\":\"https:\/\/schema.org\",\"@graph\":[{\"@type\":\"WebPage\",\"@id\":\"https:\/\/shop.huppa.eu\/lt\/product\/orion-300g-20\/\",\"url\":\"https:\/\/shop.huppa.eu\/lt\/product\/orion-300g-20\/\",\"name\":\"Vaik\u0173 \u017eieminis kombinezonas ORION (300g) - Huppa LT\",\"isPartOf\":{\"@id\":\"https:\/\/shop.huppa.eu\/lt\/#website\"},\"primaryImageOfPage\":{\"@id\":\"https:\/\/shop.huppa.eu\/lt\/product\/orion-300g-20\/#primaryimage\"},\"image\":{\"@id\":\"https:\/\/shop.huppa.eu\/lt\/product\/orion-300g-20\/#primaryimage\"},\"thumbnailUrl\":\"https:\/\/huppashop-prod.s3.eu-north-1.amazonaws.com\/wp-content\/uploads\/sites\/3\/2021\/06\/03044047\/36300030-91820-ORIONf.jpg\",\"datePublished\":\"2025-11-24T15:51:45+00:00\",\"dateModified\":\"2026-04-16T04:14:07+00:00\",\"breadcrumb\":{\"@id\":\"https:\/\/shop.huppa.eu\/lt\/product\/orion-300g-20\/#breadcrumb\"},\"inLanguage\":\"lt-LT\",\"potentialAction\":[{\"@type\":\"ReadAction\",\"target\":[\"https:\/\/shop.huppa.eu\/lt\/product\/orion-300g-20\/\"]}]},{\"@type\":\"ImageObject\",\"inLanguage\":\"lt-LT\",\"@id\":\"https:\/\/shop.huppa.eu\/lt\/product\/orion-300g-20\/#primaryimage\",\"url\":\"https:\/\/huppashop-prod.s3.eu-north-1.amazonaws.com\/wp-content\/uploads\/sites\/3\/2021\/06\/03044047\/36300030-91820-ORIONf.jpg\",\"contentUrl\":\"https:\/\/huppashop-prod.s3.eu-north-1.amazonaws.com\/wp-content\/uploads\/sites\/3\/2021\/06\/03044047\/36300030-91820-ORIONf.jpg\",\"width\":1200,\"height\":1200},{\"@type\":\"BreadcrumbList\",\"@id\":\"https:\/\/shop.huppa.eu\/lt\/product\/orion-300g-20\/#breadcrumb\",\"itemListElement\":[{\"@type\":\"ListItem\",\"position\":1,\"name\":\"Shop\",\"item\":\"https:\/\/shop.huppa.eu\/lt\/shop\/\"},{\"@type\":\"ListItem\",\"position\":2,\"name\":\"Vaik\u0173 \u017eieminis kombinezonas ORION (300g)\"}]},{\"@type\":\"WebSite\",\"@id\":\"https:\/\/shop.huppa.eu\/lt\/#website\",\"url\":\"https:\/\/shop.huppa.eu\/lt\/\",\"name\":\"Huppa LT\",\"description\":\"Huppa LT\",\"potentialAction\":[{\"@type\":\"SearchAction\",\"target\":{\"@type\":\"EntryPoint\",\"urlTemplate\":\"https:\/\/shop.huppa.eu\/lt\/?s={search_term_string}\"},\"query-input\":{\"@type\":\"PropertyValueSpecification\",\"valueRequired\":true,\"valueName\":\"search_term_string\"}}],\"inLanguage\":\"lt-LT\"}]}<\/script>\n<!-- \/ Yoast SEO plugin. -->","yoast_head_json":{"title":"Vaik\u0173 \u017eieminis kombinezonas ORION (300g) - Huppa LT","robots":{"index":"index","follow":"follow","max-snippet":"max-snippet:-1","max-image-preview":"max-image-preview:large","max-video-preview":"max-video-preview:-1"},"canonical":"https:\/\/shop.huppa.eu\/lt\/product\/orion-300g-20\/","og_locale":"lt_LT","og_type":"article","og_title":"Vaik\u0173 \u017eieminis kombinezonas ORION (300g) - Huppa LT","og_description":"K\u016bdiki\u0173 \u0161iuolaiki\u0161kas neperpumpamas ir neperpu\u010diamas \u017eiemos kombinezonas. Kv\u0117puojamas audinys. Flanelio pamu\u0161imas viduje. Elastin\u0117 juosta prie rankovi\u0173 ir koj\u0173 gal\u0173 bei juosmens nugaroje. Nuimamas u\u017espastu segamas gobtuvas yra saugus, kai vaikas u\u017estringa \u017eaid\u017eiant lauke. Rankovi\u0173 ir koj\u0173 galai gali b\u016bti patogiai u\u017ever\u010diami 68-80 dyd\u017eiuose. Neperpumpami u\u017eklijuoti si\u016bliai. Gaminys pateikiamas ir su silikoniniais, ir su guminiais p\u0117d\u0173 [&hellip;]","og_url":"https:\/\/shop.huppa.eu\/lt\/product\/orion-300g-20\/","og_site_name":"Huppa LT","article_modified_time":"2026-04-16T04:14:07+00:00","og_image":[{"width":1200,"height":1200,"url":"https:\/\/huppashop-prod.s3.eu-north-1.amazonaws.com\/wp-content\/uploads\/sites\/3\/2021\/06\/03044047\/36300030-91820-ORIONf.jpg","type":"image\/jpeg"}],"twitter_card":"summary_large_image","twitter_misc":{"Est. reading time":"1 minut\u0117"},"schema":{"@context":"https:\/\/schema.org","@graph":[{"@type":"WebPage","@id":"https:\/\/shop.huppa.eu\/lt\/product\/orion-300g-20\/","url":"https:\/\/shop.huppa.eu\/lt\/product\/orion-300g-20\/","name":"Vaik\u0173 \u017eieminis kombinezonas ORION (300g) - Huppa LT","isPartOf":{"@id":"https:\/\/shop.huppa.eu\/lt\/#website"},"primaryImageOfPage":{"@id":"https:\/\/shop.huppa.eu\/lt\/product\/orion-300g-20\/#primaryimage"},"image":{"@id":"https:\/\/shop.huppa.eu\/lt\/product\/orion-300g-20\/#primaryimage"},"thumbnailUrl":"https:\/\/huppashop-prod.s3.eu-north-1.amazonaws.com\/wp-content\/uploads\/sites\/3\/2021\/06\/03044047\/36300030-91820-ORIONf.jpg","datePublished":"2025-11-24T15:51:45+00:00","dateModified":"2026-04-16T04:14:07+00:00","breadcrumb":{"@id":"https:\/\/shop.huppa.eu\/lt\/product\/orion-300g-20\/#breadcrumb"},"inLanguage":"lt-LT","potentialAction":[{"@type":"ReadAction","target":["https:\/\/shop.huppa.eu\/lt\/product\/orion-300g-20\/"]}]},{"@type":"ImageObject","inLanguage":"lt-LT","@id":"https:\/\/shop.huppa.eu\/lt\/product\/orion-300g-20\/#primaryimage","url":"https:\/\/huppashop-prod.s3.eu-north-1.amazonaws.com\/wp-content\/uploads\/sites\/3\/2021\/06\/03044047\/36300030-91820-ORIONf.jpg","contentUrl":"https:\/\/huppashop-prod.s3.eu-north-1.amazonaws.com\/wp-content\/uploads\/sites\/3\/2021\/06\/03044047\/36300030-91820-ORIONf.jpg","width":1200,"height":1200},{"@type":"BreadcrumbList","@id":"https:\/\/shop.huppa.eu\/lt\/product\/orion-300g-20\/#breadcrumb","itemListElement":[{"@type":"ListItem","position":1,"name":"Shop","item":"https:\/\/shop.huppa.eu\/lt\/shop\/"},{"@type":"ListItem","position":2,"name":"Vaik\u0173 \u017eieminis kombinezonas ORION (300g)"}]},{"@type":"WebSite","@id":"https:\/\/shop.huppa.eu\/lt\/#website","url":"https:\/\/shop.huppa.eu\/lt\/","name":"Huppa LT","description":"Huppa LT","potentialAction":[{"@type":"SearchAction","target":{"@type":"EntryPoint","urlTemplate":"https:\/\/shop.huppa.eu\/lt\/?s={search_term_string}"},"query-input":{"@type":"PropertyValueSpecification","valueRequired":true,"valueName":"search_term_string"}}],"inLanguage":"lt-LT"}]}},"_links":{"self":[{"href":"https:\/\/shop.huppa.eu\/lt\/wp-json\/wp\/v2\/product\/520224","targetHints":{"allow":["GET"]}}],"collection":[{"href":"https:\/\/shop.huppa.eu\/lt\/wp-json\/wp\/v2\/product"}],"about":[{"href":"https:\/\/shop.huppa.eu\/lt\/wp-json\/wp\/v2\/types\/product"}],"wp:featuredmedia":[{"embeddable":true,"href":"https:\/\/shop.huppa.eu\/lt\/wp-json\/wp\/v2\/media\/428615"}],"wp:attachment":[{"href":"https:\/\/shop.huppa.eu\/lt\/wp-json\/wp\/v2\/media?parent=520224"}],"wp:term":[{"taxonomy":"product_brand","embeddable":true,"href":"https:\/\/shop.huppa.eu\/lt\/wp-json\/wp\/v2\/product_brand?post=520224"},{"taxonomy":"product_cat","embeddable":true,"href":"https:\/\/shop.huppa.eu\/lt\/wp-json\/wp\/v2\/product_cat?post=520224"},{"taxonomy":"product_tag","embeddable":true,"href":"https:\/\/shop.huppa.eu\/lt\/wp-json\/wp\/v2\/product_tag?post=520224"}],"curies":[{"name":"wp","href":"https:\/\/api.w.org\/{rel}","templated":true}]}}