{"id":520226,"date":"2025-11-24T17:51:47","date_gmt":"2025-11-24T15:51:47","guid":{"rendered":"https:\/\/shop.huppa.eu\/lt\/product\/orion-300g-21\/"},"modified":"2026-04-16T06:14:08","modified_gmt":"2026-04-16T04:14:08","slug":"orion-300g-21","status":"publish","type":"product","link":"https:\/\/shop.huppa.eu\/lt\/product\/orion-300g-21\/","title":{"rendered":"Vaik\u0173 \u017eieminis kombinezonas ORION (300g)"},"content":{"rendered":"<p>K\u016bdiki\u0173 \u0161iuolaiki\u0161kas vandeniui ir v\u0117jui nelaidus \u017eiemos kombinezonas. Kv\u0117puojantis audinys. Flanelio pamu\u0161alas viduje. Elastin\u0117 juosta rankovi\u0173 ir koj\u0173 galuose bei ant juosmens nugaroje. Nuimamas prisegsagstomas gobtuvas saugus, kai vaikas u\u017estringa \u017eaid\u017eiant lauke. Rankovi\u0173 ir koj\u0173 galus galima patogiai u\u017eraitoti 68\u201380 dyd\u017eiuose. Vandeniui nelaid\u016bs u\u017eklijuoti si\u016bl\u0117s. Gaminys ateina su silikono ir gumos p\u0117d\u0173 dir\u017eeliais. Dirbtinio kailio apvadas gobtuve. Auk\u0161tos kokyb\u0117s vir\u0161utinis audinys puikiai tinka vaikams d\u0117v\u0117ti bet kok\u012f \u017eiemos or\u0105. Koj\u0173 gal\u0173 vidus taip pat padengtas pagrindiniu audiniu, kad vaikas b\u016bt\u0173 sausas. Daugyb\u0117 at\u0161vaitini\u0173 element\u0173 vir\u0161utiniame audinyje u\u017etikrina matomum\u0105 i\u0161 vis\u0173 pusi\u0173 tamsiu \u017eiemos metu.<\/p>\n","protected":false},"excerpt":{"rendered":"<p>K\u016bdiki\u0173 \u0161iuolaiki\u0161kas vandeniui ir v\u0117jui nelaidus \u017eiemos kombinezonas. Kv\u0117puojantis audinys. Flanelio pamu\u0161alas viduje. Elastin\u0117 juosta rankovi\u0173 ir koj\u0173 galuose bei ant juosmens nugaroje. Nuimamas prisegsagstomas gobtuvas saugus, kai vaikas u\u017estringa \u017eaid\u017eiant lauke. Rankovi\u0173 ir koj\u0173 galus galima patogiai u\u017eraitoti 68\u201380 dyd\u017eiuose. Vandeniui nelaid\u016bs u\u017eklijuoti si\u016bl\u0117s. Gaminys ateina su silikono ir gumos p\u0117d\u0173 dir\u017eeliais. Dirbtinio kailio [&hellip;]<\/p>\n","protected":false},"featured_media":489734,"template":"","meta":{"_acf_changed":false},"product_brand":[],"product_cat":[1170,1160,1163,102,19],"product_tag":[],"class_list":{"0":"post-520226","1":"product","2":"type-product","3":"status-publish","4":"has-post-thumbnail","6":"product_cat-kombinezonai-mergaiciu","7":"product_cat-kombinezonai","8":"product_cat-kombinezonai-vaikai","9":"product_cat-mergaiciu","10":"product_cat-vaikai","11":"pa_amzius-vaikai","12":"pa_atsparumas-vandeniui-5000mm","13":"pa_dydis-1162","14":"pa_izoliacijos-svoris-300g","15":"pa_kolekcija-nr-w19-20","16":"pa_kolekcijos-dalis-fashion","17":"pa_lytis-mergaiciu","18":"pa_oro-pralaidumas-5000g-m-24h","19":"pa_prekes-artikulas-36300030-91834","20":"pa_uzpildas-300g","22":"first","23":"instock","24":"sale","25":"taxable","26":"shipping-taxable","27":"purchasable","28":"product-type-variable"},"acf":[],"yoast_head":"<!-- This site is optimized with the Yoast SEO plugin v26.8 - https:\/\/yoast.com\/product\/yoast-seo-wordpress\/ -->\n<title>Vaik\u0173 \u017eieminis kombinezonas ORION (300g) - Huppa LT<\/title>\n<meta name=\"robots\" content=\"index, follow, max-snippet:-1, max-image-preview:large, max-video-preview:-1\" \/>\n<link rel=\"canonical\" href=\"https:\/\/shop.huppa.eu\/lt\/product\/orion-300g-21\/\" \/>\n<meta property=\"og:locale\" content=\"lt_LT\" \/>\n<meta property=\"og:type\" content=\"article\" \/>\n<meta property=\"og:title\" content=\"Vaik\u0173 \u017eieminis kombinezonas ORION (300g) - Huppa LT\" \/>\n<meta property=\"og:description\" content=\"K\u016bdiki\u0173 \u0161iuolaiki\u0161kas vandeniui ir v\u0117jui nelaidus \u017eiemos kombinezonas. Kv\u0117puojantis audinys. Flanelio pamu\u0161alas viduje. Elastin\u0117 juosta rankovi\u0173 ir koj\u0173 galuose bei ant juosmens nugaroje. Nuimamas prisegsagstomas gobtuvas saugus, kai vaikas u\u017estringa \u017eaid\u017eiant lauke. Rankovi\u0173 ir koj\u0173 galus galima patogiai u\u017eraitoti 68\u201380 dyd\u017eiuose. Vandeniui nelaid\u016bs u\u017eklijuoti si\u016bl\u0117s. Gaminys ateina su silikono ir gumos p\u0117d\u0173 dir\u017eeliais. Dirbtinio kailio [&hellip;]\" \/>\n<meta property=\"og:url\" content=\"https:\/\/shop.huppa.eu\/lt\/product\/orion-300g-21\/\" \/>\n<meta property=\"og:site_name\" content=\"Huppa LT\" \/>\n<meta property=\"article:modified_time\" content=\"2026-04-16T04:14:08+00:00\" \/>\n<meta property=\"og:image\" content=\"https:\/\/huppashop-prod.s3.eu-north-1.amazonaws.com\/wp-content\/uploads\/sites\/5\/2022\/10\/13010716\/36300030-91834-ORIONf.jpg\" \/>\n\t<meta property=\"og:image:width\" content=\"1200\" \/>\n\t<meta property=\"og:image:height\" content=\"1200\" \/>\n\t<meta property=\"og:image:type\" content=\"image\/jpeg\" \/>\n<meta name=\"twitter:card\" content=\"summary_large_image\" \/>\n<meta name=\"twitter:label1\" content=\"Est. reading time\" \/>\n\t<meta name=\"twitter:data1\" content=\"1 minut\u0117\" \/>\n<script type=\"application\/ld+json\" class=\"yoast-schema-graph\">{\"@context\":\"https:\/\/schema.org\",\"@graph\":[{\"@type\":\"WebPage\",\"@id\":\"https:\/\/shop.huppa.eu\/lt\/product\/orion-300g-21\/\",\"url\":\"https:\/\/shop.huppa.eu\/lt\/product\/orion-300g-21\/\",\"name\":\"Vaik\u0173 \u017eieminis kombinezonas ORION (300g) - Huppa LT\",\"isPartOf\":{\"@id\":\"https:\/\/shop.huppa.eu\/lt\/#website\"},\"primaryImageOfPage\":{\"@id\":\"https:\/\/shop.huppa.eu\/lt\/product\/orion-300g-21\/#primaryimage\"},\"image\":{\"@id\":\"https:\/\/shop.huppa.eu\/lt\/product\/orion-300g-21\/#primaryimage\"},\"thumbnailUrl\":\"https:\/\/huppashop-prod.s3.eu-north-1.amazonaws.com\/wp-content\/uploads\/sites\/5\/2022\/10\/13010716\/36300030-91834-ORIONf.jpg\",\"datePublished\":\"2025-11-24T15:51:47+00:00\",\"dateModified\":\"2026-04-16T04:14:08+00:00\",\"breadcrumb\":{\"@id\":\"https:\/\/shop.huppa.eu\/lt\/product\/orion-300g-21\/#breadcrumb\"},\"inLanguage\":\"lt-LT\",\"potentialAction\":[{\"@type\":\"ReadAction\",\"target\":[\"https:\/\/shop.huppa.eu\/lt\/product\/orion-300g-21\/\"]}]},{\"@type\":\"ImageObject\",\"inLanguage\":\"lt-LT\",\"@id\":\"https:\/\/shop.huppa.eu\/lt\/product\/orion-300g-21\/#primaryimage\",\"url\":\"https:\/\/huppashop-prod.s3.eu-north-1.amazonaws.com\/wp-content\/uploads\/sites\/5\/2022\/10\/13010716\/36300030-91834-ORIONf.jpg\",\"contentUrl\":\"https:\/\/huppashop-prod.s3.eu-north-1.amazonaws.com\/wp-content\/uploads\/sites\/5\/2022\/10\/13010716\/36300030-91834-ORIONf.jpg\",\"width\":1200,\"height\":1200},{\"@type\":\"BreadcrumbList\",\"@id\":\"https:\/\/shop.huppa.eu\/lt\/product\/orion-300g-21\/#breadcrumb\",\"itemListElement\":[{\"@type\":\"ListItem\",\"position\":1,\"name\":\"Shop\",\"item\":\"https:\/\/shop.huppa.eu\/lt\/shop\/\"},{\"@type\":\"ListItem\",\"position\":2,\"name\":\"Vaik\u0173 \u017eieminis kombinezonas ORION (300g)\"}]},{\"@type\":\"WebSite\",\"@id\":\"https:\/\/shop.huppa.eu\/lt\/#website\",\"url\":\"https:\/\/shop.huppa.eu\/lt\/\",\"name\":\"Huppa LT\",\"description\":\"Huppa LT\",\"potentialAction\":[{\"@type\":\"SearchAction\",\"target\":{\"@type\":\"EntryPoint\",\"urlTemplate\":\"https:\/\/shop.huppa.eu\/lt\/?s={search_term_string}\"},\"query-input\":{\"@type\":\"PropertyValueSpecification\",\"valueRequired\":true,\"valueName\":\"search_term_string\"}}],\"inLanguage\":\"lt-LT\"}]}<\/script>\n<!-- \/ Yoast SEO plugin. -->","yoast_head_json":{"title":"Vaik\u0173 \u017eieminis kombinezonas ORION (300g) - Huppa LT","robots":{"index":"index","follow":"follow","max-snippet":"max-snippet:-1","max-image-preview":"max-image-preview:large","max-video-preview":"max-video-preview:-1"},"canonical":"https:\/\/shop.huppa.eu\/lt\/product\/orion-300g-21\/","og_locale":"lt_LT","og_type":"article","og_title":"Vaik\u0173 \u017eieminis kombinezonas ORION (300g) - Huppa LT","og_description":"K\u016bdiki\u0173 \u0161iuolaiki\u0161kas vandeniui ir v\u0117jui nelaidus \u017eiemos kombinezonas. Kv\u0117puojantis audinys. Flanelio pamu\u0161alas viduje. Elastin\u0117 juosta rankovi\u0173 ir koj\u0173 galuose bei ant juosmens nugaroje. Nuimamas prisegsagstomas gobtuvas saugus, kai vaikas u\u017estringa \u017eaid\u017eiant lauke. Rankovi\u0173 ir koj\u0173 galus galima patogiai u\u017eraitoti 68\u201380 dyd\u017eiuose. Vandeniui nelaid\u016bs u\u017eklijuoti si\u016bl\u0117s. Gaminys ateina su silikono ir gumos p\u0117d\u0173 dir\u017eeliais. Dirbtinio kailio [&hellip;]","og_url":"https:\/\/shop.huppa.eu\/lt\/product\/orion-300g-21\/","og_site_name":"Huppa LT","article_modified_time":"2026-04-16T04:14:08+00:00","og_image":[{"width":1200,"height":1200,"url":"https:\/\/huppashop-prod.s3.eu-north-1.amazonaws.com\/wp-content\/uploads\/sites\/5\/2022\/10\/13010716\/36300030-91834-ORIONf.jpg","type":"image\/jpeg"}],"twitter_card":"summary_large_image","twitter_misc":{"Est. reading time":"1 minut\u0117"},"schema":{"@context":"https:\/\/schema.org","@graph":[{"@type":"WebPage","@id":"https:\/\/shop.huppa.eu\/lt\/product\/orion-300g-21\/","url":"https:\/\/shop.huppa.eu\/lt\/product\/orion-300g-21\/","name":"Vaik\u0173 \u017eieminis kombinezonas ORION (300g) - Huppa LT","isPartOf":{"@id":"https:\/\/shop.huppa.eu\/lt\/#website"},"primaryImageOfPage":{"@id":"https:\/\/shop.huppa.eu\/lt\/product\/orion-300g-21\/#primaryimage"},"image":{"@id":"https:\/\/shop.huppa.eu\/lt\/product\/orion-300g-21\/#primaryimage"},"thumbnailUrl":"https:\/\/huppashop-prod.s3.eu-north-1.amazonaws.com\/wp-content\/uploads\/sites\/5\/2022\/10\/13010716\/36300030-91834-ORIONf.jpg","datePublished":"2025-11-24T15:51:47+00:00","dateModified":"2026-04-16T04:14:08+00:00","breadcrumb":{"@id":"https:\/\/shop.huppa.eu\/lt\/product\/orion-300g-21\/#breadcrumb"},"inLanguage":"lt-LT","potentialAction":[{"@type":"ReadAction","target":["https:\/\/shop.huppa.eu\/lt\/product\/orion-300g-21\/"]}]},{"@type":"ImageObject","inLanguage":"lt-LT","@id":"https:\/\/shop.huppa.eu\/lt\/product\/orion-300g-21\/#primaryimage","url":"https:\/\/huppashop-prod.s3.eu-north-1.amazonaws.com\/wp-content\/uploads\/sites\/5\/2022\/10\/13010716\/36300030-91834-ORIONf.jpg","contentUrl":"https:\/\/huppashop-prod.s3.eu-north-1.amazonaws.com\/wp-content\/uploads\/sites\/5\/2022\/10\/13010716\/36300030-91834-ORIONf.jpg","width":1200,"height":1200},{"@type":"BreadcrumbList","@id":"https:\/\/shop.huppa.eu\/lt\/product\/orion-300g-21\/#breadcrumb","itemListElement":[{"@type":"ListItem","position":1,"name":"Shop","item":"https:\/\/shop.huppa.eu\/lt\/shop\/"},{"@type":"ListItem","position":2,"name":"Vaik\u0173 \u017eieminis kombinezonas ORION (300g)"}]},{"@type":"WebSite","@id":"https:\/\/shop.huppa.eu\/lt\/#website","url":"https:\/\/shop.huppa.eu\/lt\/","name":"Huppa LT","description":"Huppa LT","potentialAction":[{"@type":"SearchAction","target":{"@type":"EntryPoint","urlTemplate":"https:\/\/shop.huppa.eu\/lt\/?s={search_term_string}"},"query-input":{"@type":"PropertyValueSpecification","valueRequired":true,"valueName":"search_term_string"}}],"inLanguage":"lt-LT"}]}},"_links":{"self":[{"href":"https:\/\/shop.huppa.eu\/lt\/wp-json\/wp\/v2\/product\/520226","targetHints":{"allow":["GET"]}}],"collection":[{"href":"https:\/\/shop.huppa.eu\/lt\/wp-json\/wp\/v2\/product"}],"about":[{"href":"https:\/\/shop.huppa.eu\/lt\/wp-json\/wp\/v2\/types\/product"}],"wp:featuredmedia":[{"embeddable":true,"href":"https:\/\/shop.huppa.eu\/lt\/wp-json\/wp\/v2\/media\/489734"}],"wp:attachment":[{"href":"https:\/\/shop.huppa.eu\/lt\/wp-json\/wp\/v2\/media?parent=520226"}],"wp:term":[{"taxonomy":"product_brand","embeddable":true,"href":"https:\/\/shop.huppa.eu\/lt\/wp-json\/wp\/v2\/product_brand?post=520226"},{"taxonomy":"product_cat","embeddable":true,"href":"https:\/\/shop.huppa.eu\/lt\/wp-json\/wp\/v2\/product_cat?post=520226"},{"taxonomy":"product_tag","embeddable":true,"href":"https:\/\/shop.huppa.eu\/lt\/wp-json\/wp\/v2\/product_tag?post=520226"}],"curies":[{"name":"wp","href":"https:\/\/api.w.org\/{rel}","templated":true}]}}