{"id":520349,"date":"2025-11-24T17:54:18","date_gmt":"2025-11-24T15:54:18","guid":{"rendered":"https:\/\/shop.huppa.eu\/lt\/product\/aqua-2-200g\/"},"modified":"2026-04-16T06:16:02","modified_gmt":"2026-04-16T04:16:02","slug":"aqua-2-200g","status":"publish","type":"product","link":"https:\/\/shop.huppa.eu\/lt\/product\/aqua-2-200g\/","title":{"rendered":"Mergai\u010di\u0173 \u017eieminis kombinezonas AQUA 2 (200g)"},"content":{"rendered":"<p>Vaiki\u0161ka \u017eiemos kombinezonas su \u0161ilum\u0105 atspindin\u010diu HuppaTec pamu\u0161alu ir 200 g pa\u0161iltinimu. Kombinezonas su kv\u0117puojan\u010diu ir neper\u0161lampan\u010diu vir\u0161utiniu audiniu, idealiu m\u016bs\u0173 klimatui. U\u017elydytos s\u0117dyn\u0117s, tarpkoj\u0117s ir \u0161onin\u0117s si\u016bl\u0117s. Kombinezonas su sustiprintu Cordura audiniu koj\u0173 apa\u010dioje, nuimamu kapi\u0161onu, vidine ki\u0161ene su u\u017etrauktutu ir i\u0161orin\u0117mis ki\u0161en\u0117mis viskam, ko reikia, laikyti. Kombinezone prid\u0117ti \u0161vies\u0105 atspindintys elementai u\u017etikrina matomum\u0105 tamsoje.<\/p>\n","protected":false},"excerpt":{"rendered":"<p>Vaiki\u0161ka \u017eiemos kombinezonas su \u0161ilum\u0105 atspindin\u010diu HuppaTec pamu\u0161alu ir 200 g pa\u0161iltinimu. Kombinezonas su kv\u0117puojan\u010diu ir neper\u0161lampan\u010diu vir\u0161utiniu audiniu, idealiu m\u016bs\u0173 klimatui. U\u017elydytos s\u0117dyn\u0117s, tarpkoj\u0117s ir \u0161onin\u0117s si\u016bl\u0117s. Kombinezonas su sustiprintu Cordura audiniu koj\u0173 apa\u010dioje, nuimamu kapi\u0161onu, vidine ki\u0161ene su u\u017etrauktutu ir i\u0161orin\u0117mis ki\u0161en\u0117mis viskam, ko reikia, laikyti. Kombinezone prid\u0117ti \u0161vies\u0105 atspindintys elementai u\u017etikrina matomum\u0105 [&hellip;]<\/p>\n","protected":false},"featured_media":520351,"template":"","meta":{"_acf_changed":false},"product_brand":[],"product_cat":[1160,1163,1170,102,19],"product_tag":[],"class_list":{"0":"post-520349","1":"product","2":"type-product","3":"status-publish","4":"has-post-thumbnail","6":"product_cat-kombinezonai","7":"product_cat-kombinezonai-vaikai","8":"product_cat-kombinezonai-mergaiciu","9":"product_cat-mergaiciu","10":"product_cat-vaikai","11":"pa_amzius-vaikai","12":"pa_atsparumas-vandeniui-10-000mm","13":"pa_dydis-93","14":"pa_izoliacijos-svoris-200g","15":"pa_kolekcija-nr-w21-22","16":"pa_kolekcijos-dalis-huppatec","17":"pa_lytis-mergaiciu","18":"pa_oro-pralaidumas-10-000g-m-24h","19":"pa_prekes-artikulas-36350220-11213","20":"pa_uzpildas-200g","22":"first","23":"instock","24":"sale","25":"taxable","26":"shipping-taxable","27":"purchasable","28":"product-type-variable"},"acf":[],"yoast_head":"<!-- This site is optimized with the Yoast SEO plugin v26.8 - https:\/\/yoast.com\/product\/yoast-seo-wordpress\/ -->\n<title>Mergai\u010di\u0173 \u017eieminis kombinezonas AQUA 2 (200g) - Huppa LT<\/title>\n<meta name=\"robots\" content=\"index, follow, max-snippet:-1, max-image-preview:large, max-video-preview:-1\" \/>\n<link rel=\"canonical\" href=\"https:\/\/shop.huppa.eu\/lt\/product\/aqua-2-200g\/\" \/>\n<meta property=\"og:locale\" content=\"lt_LT\" \/>\n<meta property=\"og:type\" content=\"article\" \/>\n<meta property=\"og:title\" content=\"Mergai\u010di\u0173 \u017eieminis kombinezonas AQUA 2 (200g) - Huppa LT\" \/>\n<meta property=\"og:description\" content=\"Vaiki\u0161ka \u017eiemos kombinezonas su \u0161ilum\u0105 atspindin\u010diu HuppaTec pamu\u0161alu ir 200 g pa\u0161iltinimu. Kombinezonas su kv\u0117puojan\u010diu ir neper\u0161lampan\u010diu vir\u0161utiniu audiniu, idealiu m\u016bs\u0173 klimatui. U\u017elydytos s\u0117dyn\u0117s, tarpkoj\u0117s ir \u0161onin\u0117s si\u016bl\u0117s. Kombinezonas su sustiprintu Cordura audiniu koj\u0173 apa\u010dioje, nuimamu kapi\u0161onu, vidine ki\u0161ene su u\u017etrauktutu ir i\u0161orin\u0117mis ki\u0161en\u0117mis viskam, ko reikia, laikyti. Kombinezone prid\u0117ti \u0161vies\u0105 atspindintys elementai u\u017etikrina matomum\u0105 [&hellip;]\" \/>\n<meta property=\"og:url\" content=\"https:\/\/shop.huppa.eu\/lt\/product\/aqua-2-200g\/\" \/>\n<meta property=\"og:site_name\" content=\"Huppa LT\" \/>\n<meta property=\"article:modified_time\" content=\"2026-04-16T04:16:02+00:00\" \/>\n<meta property=\"og:image\" content=\"https:\/\/huppashop-prod.s3.eu-north-1.amazonaws.com\/wp-content\/uploads\/sites\/5\/2025\/11\/24175420\/36350220-11213-AQUA2_f.jpg\" \/>\n\t<meta property=\"og:image:width\" content=\"1200\" \/>\n\t<meta property=\"og:image:height\" content=\"1200\" \/>\n\t<meta property=\"og:image:type\" content=\"image\/jpeg\" \/>\n<meta name=\"twitter:card\" content=\"summary_large_image\" \/>\n<script type=\"application\/ld+json\" class=\"yoast-schema-graph\">{\"@context\":\"https:\/\/schema.org\",\"@graph\":[{\"@type\":\"WebPage\",\"@id\":\"https:\/\/shop.huppa.eu\/lt\/product\/aqua-2-200g\/\",\"url\":\"https:\/\/shop.huppa.eu\/lt\/product\/aqua-2-200g\/\",\"name\":\"Mergai\u010di\u0173 \u017eieminis kombinezonas AQUA 2 (200g) - Huppa LT\",\"isPartOf\":{\"@id\":\"https:\/\/shop.huppa.eu\/lt\/#website\"},\"primaryImageOfPage\":{\"@id\":\"https:\/\/shop.huppa.eu\/lt\/product\/aqua-2-200g\/#primaryimage\"},\"image\":{\"@id\":\"https:\/\/shop.huppa.eu\/lt\/product\/aqua-2-200g\/#primaryimage\"},\"thumbnailUrl\":\"https:\/\/huppashop-prod.s3.eu-north-1.amazonaws.com\/wp-content\/uploads\/sites\/5\/2025\/11\/24175420\/36350220-11213-AQUA2_f.jpg\",\"datePublished\":\"2025-11-24T15:54:18+00:00\",\"dateModified\":\"2026-04-16T04:16:02+00:00\",\"breadcrumb\":{\"@id\":\"https:\/\/shop.huppa.eu\/lt\/product\/aqua-2-200g\/#breadcrumb\"},\"inLanguage\":\"lt-LT\",\"potentialAction\":[{\"@type\":\"ReadAction\",\"target\":[\"https:\/\/shop.huppa.eu\/lt\/product\/aqua-2-200g\/\"]}]},{\"@type\":\"ImageObject\",\"inLanguage\":\"lt-LT\",\"@id\":\"https:\/\/shop.huppa.eu\/lt\/product\/aqua-2-200g\/#primaryimage\",\"url\":\"https:\/\/huppashop-prod.s3.eu-north-1.amazonaws.com\/wp-content\/uploads\/sites\/5\/2025\/11\/24175420\/36350220-11213-AQUA2_f.jpg\",\"contentUrl\":\"https:\/\/huppashop-prod.s3.eu-north-1.amazonaws.com\/wp-content\/uploads\/sites\/5\/2025\/11\/24175420\/36350220-11213-AQUA2_f.jpg\",\"width\":1200,\"height\":1200},{\"@type\":\"BreadcrumbList\",\"@id\":\"https:\/\/shop.huppa.eu\/lt\/product\/aqua-2-200g\/#breadcrumb\",\"itemListElement\":[{\"@type\":\"ListItem\",\"position\":1,\"name\":\"Shop\",\"item\":\"https:\/\/shop.huppa.eu\/lt\/shop\/\"},{\"@type\":\"ListItem\",\"position\":2,\"name\":\"Mergai\u010di\u0173 \u017eieminis kombinezonas AQUA 2 (200g)\"}]},{\"@type\":\"WebSite\",\"@id\":\"https:\/\/shop.huppa.eu\/lt\/#website\",\"url\":\"https:\/\/shop.huppa.eu\/lt\/\",\"name\":\"Huppa LT\",\"description\":\"Huppa LT\",\"potentialAction\":[{\"@type\":\"SearchAction\",\"target\":{\"@type\":\"EntryPoint\",\"urlTemplate\":\"https:\/\/shop.huppa.eu\/lt\/?s={search_term_string}\"},\"query-input\":{\"@type\":\"PropertyValueSpecification\",\"valueRequired\":true,\"valueName\":\"search_term_string\"}}],\"inLanguage\":\"lt-LT\"}]}<\/script>\n<!-- \/ Yoast SEO plugin. -->","yoast_head_json":{"title":"Mergai\u010di\u0173 \u017eieminis kombinezonas AQUA 2 (200g) - Huppa LT","robots":{"index":"index","follow":"follow","max-snippet":"max-snippet:-1","max-image-preview":"max-image-preview:large","max-video-preview":"max-video-preview:-1"},"canonical":"https:\/\/shop.huppa.eu\/lt\/product\/aqua-2-200g\/","og_locale":"lt_LT","og_type":"article","og_title":"Mergai\u010di\u0173 \u017eieminis kombinezonas AQUA 2 (200g) - Huppa LT","og_description":"Vaiki\u0161ka \u017eiemos kombinezonas su \u0161ilum\u0105 atspindin\u010diu HuppaTec pamu\u0161alu ir 200 g pa\u0161iltinimu. Kombinezonas su kv\u0117puojan\u010diu ir neper\u0161lampan\u010diu vir\u0161utiniu audiniu, idealiu m\u016bs\u0173 klimatui. U\u017elydytos s\u0117dyn\u0117s, tarpkoj\u0117s ir \u0161onin\u0117s si\u016bl\u0117s. Kombinezonas su sustiprintu Cordura audiniu koj\u0173 apa\u010dioje, nuimamu kapi\u0161onu, vidine ki\u0161ene su u\u017etrauktutu ir i\u0161orin\u0117mis ki\u0161en\u0117mis viskam, ko reikia, laikyti. Kombinezone prid\u0117ti \u0161vies\u0105 atspindintys elementai u\u017etikrina matomum\u0105 [&hellip;]","og_url":"https:\/\/shop.huppa.eu\/lt\/product\/aqua-2-200g\/","og_site_name":"Huppa LT","article_modified_time":"2026-04-16T04:16:02+00:00","og_image":[{"width":1200,"height":1200,"url":"https:\/\/huppashop-prod.s3.eu-north-1.amazonaws.com\/wp-content\/uploads\/sites\/5\/2025\/11\/24175420\/36350220-11213-AQUA2_f.jpg","type":"image\/jpeg"}],"twitter_card":"summary_large_image","schema":{"@context":"https:\/\/schema.org","@graph":[{"@type":"WebPage","@id":"https:\/\/shop.huppa.eu\/lt\/product\/aqua-2-200g\/","url":"https:\/\/shop.huppa.eu\/lt\/product\/aqua-2-200g\/","name":"Mergai\u010di\u0173 \u017eieminis kombinezonas AQUA 2 (200g) - Huppa LT","isPartOf":{"@id":"https:\/\/shop.huppa.eu\/lt\/#website"},"primaryImageOfPage":{"@id":"https:\/\/shop.huppa.eu\/lt\/product\/aqua-2-200g\/#primaryimage"},"image":{"@id":"https:\/\/shop.huppa.eu\/lt\/product\/aqua-2-200g\/#primaryimage"},"thumbnailUrl":"https:\/\/huppashop-prod.s3.eu-north-1.amazonaws.com\/wp-content\/uploads\/sites\/5\/2025\/11\/24175420\/36350220-11213-AQUA2_f.jpg","datePublished":"2025-11-24T15:54:18+00:00","dateModified":"2026-04-16T04:16:02+00:00","breadcrumb":{"@id":"https:\/\/shop.huppa.eu\/lt\/product\/aqua-2-200g\/#breadcrumb"},"inLanguage":"lt-LT","potentialAction":[{"@type":"ReadAction","target":["https:\/\/shop.huppa.eu\/lt\/product\/aqua-2-200g\/"]}]},{"@type":"ImageObject","inLanguage":"lt-LT","@id":"https:\/\/shop.huppa.eu\/lt\/product\/aqua-2-200g\/#primaryimage","url":"https:\/\/huppashop-prod.s3.eu-north-1.amazonaws.com\/wp-content\/uploads\/sites\/5\/2025\/11\/24175420\/36350220-11213-AQUA2_f.jpg","contentUrl":"https:\/\/huppashop-prod.s3.eu-north-1.amazonaws.com\/wp-content\/uploads\/sites\/5\/2025\/11\/24175420\/36350220-11213-AQUA2_f.jpg","width":1200,"height":1200},{"@type":"BreadcrumbList","@id":"https:\/\/shop.huppa.eu\/lt\/product\/aqua-2-200g\/#breadcrumb","itemListElement":[{"@type":"ListItem","position":1,"name":"Shop","item":"https:\/\/shop.huppa.eu\/lt\/shop\/"},{"@type":"ListItem","position":2,"name":"Mergai\u010di\u0173 \u017eieminis kombinezonas AQUA 2 (200g)"}]},{"@type":"WebSite","@id":"https:\/\/shop.huppa.eu\/lt\/#website","url":"https:\/\/shop.huppa.eu\/lt\/","name":"Huppa LT","description":"Huppa LT","potentialAction":[{"@type":"SearchAction","target":{"@type":"EntryPoint","urlTemplate":"https:\/\/shop.huppa.eu\/lt\/?s={search_term_string}"},"query-input":{"@type":"PropertyValueSpecification","valueRequired":true,"valueName":"search_term_string"}}],"inLanguage":"lt-LT"}]}},"_links":{"self":[{"href":"https:\/\/shop.huppa.eu\/lt\/wp-json\/wp\/v2\/product\/520349","targetHints":{"allow":["GET"]}}],"collection":[{"href":"https:\/\/shop.huppa.eu\/lt\/wp-json\/wp\/v2\/product"}],"about":[{"href":"https:\/\/shop.huppa.eu\/lt\/wp-json\/wp\/v2\/types\/product"}],"wp:featuredmedia":[{"embeddable":true,"href":"https:\/\/shop.huppa.eu\/lt\/wp-json\/wp\/v2\/media\/520351"}],"wp:attachment":[{"href":"https:\/\/shop.huppa.eu\/lt\/wp-json\/wp\/v2\/media?parent=520349"}],"wp:term":[{"taxonomy":"product_brand","embeddable":true,"href":"https:\/\/shop.huppa.eu\/lt\/wp-json\/wp\/v2\/product_brand?post=520349"},{"taxonomy":"product_cat","embeddable":true,"href":"https:\/\/shop.huppa.eu\/lt\/wp-json\/wp\/v2\/product_cat?post=520349"},{"taxonomy":"product_tag","embeddable":true,"href":"https:\/\/shop.huppa.eu\/lt\/wp-json\/wp\/v2\/product_tag?post=520349"}],"curies":[{"name":"wp","href":"https:\/\/api.w.org\/{rel}","templated":true}]}}