{"id":520411,"date":"2025-11-24T17:55:21","date_gmt":"2025-11-24T15:55:21","guid":{"rendered":"https:\/\/shop.huppa.eu\/lt\/product\/jetta-300g\/"},"modified":"2026-04-16T06:16:03","modified_gmt":"2026-04-16T04:16:03","slug":"jetta-300g","status":"publish","type":"product","link":"https:\/\/shop.huppa.eu\/lt\/product\/jetta-300g\/","title":{"rendered":"Mergai\u010di\u0173 \u017eieminis kombinezonas JETTA (300g)"},"content":{"rendered":"<p>Vaik\u0173 neperpumpamas ir neperpu\u010diamas kombinezonas. Kv\u0117puojamas audinys. Mink\u0161tas pamu\u0161alo audinys viduje. Nuimamas u\u017espastu segamas gobtuvas. Reguliuojama elastin\u0117 juosta aplink gobtu\u0105 ir nugaroje. Rievoti rankogaliai ant rankovi\u0173 gal\u0173. Reguliuojami rankovi\u0173 galai. U\u017everiamas u\u017etrauktukas priekyje. Ki\u0161en\u0117s su u\u017etrauktukais priekyje. Mygtukiniu skylute reguliuojamas juosmuo. Neperpumpami u\u017eklijuoti si\u016bliai. At\u0161vaitiniai elementai audinyje.<\/p>\n","protected":false},"excerpt":{"rendered":"<p>Vaik\u0173 neperpumpamas ir neperpu\u010diamas kombinezonas. Kv\u0117puojamas audinys. Mink\u0161tas pamu\u0161alo audinys viduje. Nuimamas u\u017espastu segamas gobtuvas. Reguliuojama elastin\u0117 juosta aplink gobtu\u0105 ir nugaroje. Rievoti rankogaliai ant rankovi\u0173 gal\u0173. Reguliuojami rankovi\u0173 galai. U\u017everiamas u\u017etrauktukas priekyje. Ki\u0161en\u0117s su u\u017etrauktukais priekyje. Mygtukiniu skylute reguliuojamas juosmuo. Neperpumpami u\u017eklijuoti si\u016bliai. At\u0161vaitiniai elementai audinyje.<\/p>\n","protected":false},"featured_media":520415,"template":"","meta":{"_acf_changed":false},"product_brand":[],"product_cat":[1160,1163,1170,102,19],"product_tag":[],"class_list":{"0":"post-520411","1":"product","2":"type-product","3":"status-publish","4":"has-post-thumbnail","6":"product_cat-kombinezonai","7":"product_cat-kombinezonai-vaikai","8":"product_cat-kombinezonai-mergaiciu","9":"product_cat-mergaiciu","10":"product_cat-vaikai","11":"pa_amzius-vaikai","12":"pa_atsparumas-vandeniui-10000mm","13":"pa_dydis-97","14":"pa_dydis-98","15":"pa_dydis-99","16":"pa_izoliacijos-svoris-300g","17":"pa_kolekcija-nr-w20-21","18":"pa_kolekcijos-dalis-fashion","19":"pa_lytis-mergaiciu","20":"pa_oro-pralaidumas-10000g-m-24h","21":"pa_prekes-artikulas-36370030-01020","22":"pa_uzpildas-300g","24":"first","25":"instock","26":"sale","27":"taxable","28":"shipping-taxable","29":"purchasable","30":"product-type-variable"},"acf":[],"yoast_head":"<!-- This site is optimized with the Yoast SEO plugin v26.8 - https:\/\/yoast.com\/product\/yoast-seo-wordpress\/ -->\n<title>Mergai\u010di\u0173 \u017eieminis kombinezonas JETTA (300g) - Huppa LT<\/title>\n<meta name=\"robots\" content=\"index, follow, max-snippet:-1, max-image-preview:large, max-video-preview:-1\" \/>\n<link rel=\"canonical\" href=\"https:\/\/shop.huppa.eu\/lt\/product\/jetta-300g\/\" \/>\n<meta property=\"og:locale\" content=\"lt_LT\" \/>\n<meta property=\"og:type\" content=\"article\" \/>\n<meta property=\"og:title\" content=\"Mergai\u010di\u0173 \u017eieminis kombinezonas JETTA (300g) - Huppa LT\" \/>\n<meta property=\"og:description\" content=\"Vaik\u0173 neperpumpamas ir neperpu\u010diamas kombinezonas. Kv\u0117puojamas audinys. Mink\u0161tas pamu\u0161alo audinys viduje. Nuimamas u\u017espastu segamas gobtuvas. Reguliuojama elastin\u0117 juosta aplink gobtu\u0105 ir nugaroje. Rievoti rankogaliai ant rankovi\u0173 gal\u0173. Reguliuojami rankovi\u0173 galai. U\u017everiamas u\u017etrauktukas priekyje. Ki\u0161en\u0117s su u\u017etrauktukais priekyje. Mygtukiniu skylute reguliuojamas juosmuo. Neperpumpami u\u017eklijuoti si\u016bliai. At\u0161vaitiniai elementai audinyje.\" \/>\n<meta property=\"og:url\" content=\"https:\/\/shop.huppa.eu\/lt\/product\/jetta-300g\/\" \/>\n<meta property=\"og:site_name\" content=\"Huppa LT\" \/>\n<meta property=\"article:modified_time\" content=\"2026-04-16T04:16:03+00:00\" \/>\n<meta property=\"og:image\" content=\"https:\/\/huppashop-prod.s3.eu-north-1.amazonaws.com\/wp-content\/uploads\/sites\/5\/2025\/11\/24175523\/36370030-01020-JETTA_f.jpg\" \/>\n\t<meta property=\"og:image:width\" content=\"1200\" \/>\n\t<meta property=\"og:image:height\" content=\"1200\" \/>\n\t<meta property=\"og:image:type\" content=\"image\/jpeg\" \/>\n<meta name=\"twitter:card\" content=\"summary_large_image\" \/>\n<script type=\"application\/ld+json\" class=\"yoast-schema-graph\">{\"@context\":\"https:\/\/schema.org\",\"@graph\":[{\"@type\":\"WebPage\",\"@id\":\"https:\/\/shop.huppa.eu\/lt\/product\/jetta-300g\/\",\"url\":\"https:\/\/shop.huppa.eu\/lt\/product\/jetta-300g\/\",\"name\":\"Mergai\u010di\u0173 \u017eieminis kombinezonas JETTA (300g) - Huppa LT\",\"isPartOf\":{\"@id\":\"https:\/\/shop.huppa.eu\/lt\/#website\"},\"primaryImageOfPage\":{\"@id\":\"https:\/\/shop.huppa.eu\/lt\/product\/jetta-300g\/#primaryimage\"},\"image\":{\"@id\":\"https:\/\/shop.huppa.eu\/lt\/product\/jetta-300g\/#primaryimage\"},\"thumbnailUrl\":\"https:\/\/huppashop-prod.s3.eu-north-1.amazonaws.com\/wp-content\/uploads\/sites\/5\/2025\/11\/24175523\/36370030-01020-JETTA_f.jpg\",\"datePublished\":\"2025-11-24T15:55:21+00:00\",\"dateModified\":\"2026-04-16T04:16:03+00:00\",\"breadcrumb\":{\"@id\":\"https:\/\/shop.huppa.eu\/lt\/product\/jetta-300g\/#breadcrumb\"},\"inLanguage\":\"lt-LT\",\"potentialAction\":[{\"@type\":\"ReadAction\",\"target\":[\"https:\/\/shop.huppa.eu\/lt\/product\/jetta-300g\/\"]}]},{\"@type\":\"ImageObject\",\"inLanguage\":\"lt-LT\",\"@id\":\"https:\/\/shop.huppa.eu\/lt\/product\/jetta-300g\/#primaryimage\",\"url\":\"https:\/\/huppashop-prod.s3.eu-north-1.amazonaws.com\/wp-content\/uploads\/sites\/5\/2025\/11\/24175523\/36370030-01020-JETTA_f.jpg\",\"contentUrl\":\"https:\/\/huppashop-prod.s3.eu-north-1.amazonaws.com\/wp-content\/uploads\/sites\/5\/2025\/11\/24175523\/36370030-01020-JETTA_f.jpg\",\"width\":1200,\"height\":1200},{\"@type\":\"BreadcrumbList\",\"@id\":\"https:\/\/shop.huppa.eu\/lt\/product\/jetta-300g\/#breadcrumb\",\"itemListElement\":[{\"@type\":\"ListItem\",\"position\":1,\"name\":\"Shop\",\"item\":\"https:\/\/shop.huppa.eu\/lt\/shop\/\"},{\"@type\":\"ListItem\",\"position\":2,\"name\":\"Mergai\u010di\u0173 \u017eieminis kombinezonas JETTA (300g)\"}]},{\"@type\":\"WebSite\",\"@id\":\"https:\/\/shop.huppa.eu\/lt\/#website\",\"url\":\"https:\/\/shop.huppa.eu\/lt\/\",\"name\":\"Huppa LT\",\"description\":\"Huppa LT\",\"potentialAction\":[{\"@type\":\"SearchAction\",\"target\":{\"@type\":\"EntryPoint\",\"urlTemplate\":\"https:\/\/shop.huppa.eu\/lt\/?s={search_term_string}\"},\"query-input\":{\"@type\":\"PropertyValueSpecification\",\"valueRequired\":true,\"valueName\":\"search_term_string\"}}],\"inLanguage\":\"lt-LT\"}]}<\/script>\n<!-- \/ Yoast SEO plugin. -->","yoast_head_json":{"title":"Mergai\u010di\u0173 \u017eieminis kombinezonas JETTA (300g) - Huppa LT","robots":{"index":"index","follow":"follow","max-snippet":"max-snippet:-1","max-image-preview":"max-image-preview:large","max-video-preview":"max-video-preview:-1"},"canonical":"https:\/\/shop.huppa.eu\/lt\/product\/jetta-300g\/","og_locale":"lt_LT","og_type":"article","og_title":"Mergai\u010di\u0173 \u017eieminis kombinezonas JETTA (300g) - Huppa LT","og_description":"Vaik\u0173 neperpumpamas ir neperpu\u010diamas kombinezonas. Kv\u0117puojamas audinys. Mink\u0161tas pamu\u0161alo audinys viduje. Nuimamas u\u017espastu segamas gobtuvas. Reguliuojama elastin\u0117 juosta aplink gobtu\u0105 ir nugaroje. Rievoti rankogaliai ant rankovi\u0173 gal\u0173. Reguliuojami rankovi\u0173 galai. U\u017everiamas u\u017etrauktukas priekyje. Ki\u0161en\u0117s su u\u017etrauktukais priekyje. Mygtukiniu skylute reguliuojamas juosmuo. Neperpumpami u\u017eklijuoti si\u016bliai. At\u0161vaitiniai elementai audinyje.","og_url":"https:\/\/shop.huppa.eu\/lt\/product\/jetta-300g\/","og_site_name":"Huppa LT","article_modified_time":"2026-04-16T04:16:03+00:00","og_image":[{"width":1200,"height":1200,"url":"https:\/\/huppashop-prod.s3.eu-north-1.amazonaws.com\/wp-content\/uploads\/sites\/5\/2025\/11\/24175523\/36370030-01020-JETTA_f.jpg","type":"image\/jpeg"}],"twitter_card":"summary_large_image","schema":{"@context":"https:\/\/schema.org","@graph":[{"@type":"WebPage","@id":"https:\/\/shop.huppa.eu\/lt\/product\/jetta-300g\/","url":"https:\/\/shop.huppa.eu\/lt\/product\/jetta-300g\/","name":"Mergai\u010di\u0173 \u017eieminis kombinezonas JETTA (300g) - Huppa LT","isPartOf":{"@id":"https:\/\/shop.huppa.eu\/lt\/#website"},"primaryImageOfPage":{"@id":"https:\/\/shop.huppa.eu\/lt\/product\/jetta-300g\/#primaryimage"},"image":{"@id":"https:\/\/shop.huppa.eu\/lt\/product\/jetta-300g\/#primaryimage"},"thumbnailUrl":"https:\/\/huppashop-prod.s3.eu-north-1.amazonaws.com\/wp-content\/uploads\/sites\/5\/2025\/11\/24175523\/36370030-01020-JETTA_f.jpg","datePublished":"2025-11-24T15:55:21+00:00","dateModified":"2026-04-16T04:16:03+00:00","breadcrumb":{"@id":"https:\/\/shop.huppa.eu\/lt\/product\/jetta-300g\/#breadcrumb"},"inLanguage":"lt-LT","potentialAction":[{"@type":"ReadAction","target":["https:\/\/shop.huppa.eu\/lt\/product\/jetta-300g\/"]}]},{"@type":"ImageObject","inLanguage":"lt-LT","@id":"https:\/\/shop.huppa.eu\/lt\/product\/jetta-300g\/#primaryimage","url":"https:\/\/huppashop-prod.s3.eu-north-1.amazonaws.com\/wp-content\/uploads\/sites\/5\/2025\/11\/24175523\/36370030-01020-JETTA_f.jpg","contentUrl":"https:\/\/huppashop-prod.s3.eu-north-1.amazonaws.com\/wp-content\/uploads\/sites\/5\/2025\/11\/24175523\/36370030-01020-JETTA_f.jpg","width":1200,"height":1200},{"@type":"BreadcrumbList","@id":"https:\/\/shop.huppa.eu\/lt\/product\/jetta-300g\/#breadcrumb","itemListElement":[{"@type":"ListItem","position":1,"name":"Shop","item":"https:\/\/shop.huppa.eu\/lt\/shop\/"},{"@type":"ListItem","position":2,"name":"Mergai\u010di\u0173 \u017eieminis kombinezonas JETTA (300g)"}]},{"@type":"WebSite","@id":"https:\/\/shop.huppa.eu\/lt\/#website","url":"https:\/\/shop.huppa.eu\/lt\/","name":"Huppa LT","description":"Huppa LT","potentialAction":[{"@type":"SearchAction","target":{"@type":"EntryPoint","urlTemplate":"https:\/\/shop.huppa.eu\/lt\/?s={search_term_string}"},"query-input":{"@type":"PropertyValueSpecification","valueRequired":true,"valueName":"search_term_string"}}],"inLanguage":"lt-LT"}]}},"_links":{"self":[{"href":"https:\/\/shop.huppa.eu\/lt\/wp-json\/wp\/v2\/product\/520411","targetHints":{"allow":["GET"]}}],"collection":[{"href":"https:\/\/shop.huppa.eu\/lt\/wp-json\/wp\/v2\/product"}],"about":[{"href":"https:\/\/shop.huppa.eu\/lt\/wp-json\/wp\/v2\/types\/product"}],"wp:featuredmedia":[{"embeddable":true,"href":"https:\/\/shop.huppa.eu\/lt\/wp-json\/wp\/v2\/media\/520415"}],"wp:attachment":[{"href":"https:\/\/shop.huppa.eu\/lt\/wp-json\/wp\/v2\/media?parent=520411"}],"wp:term":[{"taxonomy":"product_brand","embeddable":true,"href":"https:\/\/shop.huppa.eu\/lt\/wp-json\/wp\/v2\/product_brand?post=520411"},{"taxonomy":"product_cat","embeddable":true,"href":"https:\/\/shop.huppa.eu\/lt\/wp-json\/wp\/v2\/product_cat?post=520411"},{"taxonomy":"product_tag","embeddable":true,"href":"https:\/\/shop.huppa.eu\/lt\/wp-json\/wp\/v2\/product_tag?post=520411"}],"curies":[{"name":"wp","href":"https:\/\/api.w.org\/{rel}","templated":true}]}}