{"id":520515,"date":"2025-11-24T17:57:51","date_gmt":"2025-11-24T15:57:51","guid":{"rendered":"https:\/\/shop.huppa.eu\/lt\/product\/adal-1-0g-3\/"},"modified":"2026-04-16T06:16:07","modified_gmt":"2026-04-16T04:16:07","slug":"adal-1-0g-3","status":"publish","type":"product","link":"https:\/\/shop.huppa.eu\/lt\/product\/adal-1-0g-3\/","title":{"rendered":"Kids Softshell overall ADAL 1 (0g)"},"content":{"rendered":"<p>Vaiki\u0161kas v\u0117j\u0105 sulaikantis kombinezonas i\u0161 Softshell audinio Vir\u0161utin\u0117je pus\u0117je ta\u0161kinis \u0161vies\u0105 atspindintis ra\u0161tas Kombinezono vidin\u0117 pus\u0117 yra mink\u0161ta Gaubtuvo kra\u0161te ir kle\u0161ni\u0173 apa\u010dioje \u012fsi\u016bta gumin\u0117 juostel\u0117 Nuimamas gobtuvas prie apykakl\u0117s prisegamas kibiu lipduku Keli\u0173 antsiuvai i\u0161 tvirto audinio Nugaroje \u012f juosmen\u012f \u012fsi\u016bta gumin\u0117 juostel\u0117 su skylut\u0117mis sagoms Kle\u0161ni\u0173 apa\u010dioje silikonin\u0117s gumel\u0117s batams<\/p>\n","protected":false},"excerpt":{"rendered":"<p>Vaiki\u0161kas v\u0117j\u0105 sulaikantis kombinezonas i\u0161 Softshell audinio Vir\u0161utin\u0117je pus\u0117je ta\u0161kinis \u0161vies\u0105 atspindintis ra\u0161tas Kombinezono vidin\u0117 pus\u0117 yra mink\u0161ta Gaubtuvo kra\u0161te ir kle\u0161ni\u0173 apa\u010dioje \u012fsi\u016bta gumin\u0117 juostel\u0117 Nuimamas gobtuvas prie apykakl\u0117s prisegamas kibiu lipduku Keli\u0173 antsiuvai i\u0161 tvirto audinio Nugaroje \u012f juosmen\u012f \u012fsi\u016bta gumin\u0117 juostel\u0117 su skylut\u0117mis sagoms Kle\u0161ni\u0173 apa\u010dioje silikonin\u0117s gumel\u0117s batams<\/p>\n","protected":false},"featured_media":499869,"template":"","meta":{"_acf_changed":false},"product_brand":[],"product_cat":[1160,1163,1265,415,19],"product_tag":[],"class_list":{"0":"post-520515","1":"product","2":"type-product","3":"status-publish","4":"has-post-thumbnail","6":"product_cat-kombinezonai","7":"product_cat-kombinezonai-vaikai","8":"product_cat-kombinezonai-unisex","9":"product_cat-unisex","10":"product_cat-vaikai","11":"pa_amzius-vaikai","12":"pa_atsparumas-vandeniui-5-000mm","13":"pa_dydis-79","14":"pa_dydis-406","15":"pa_dydis-409","16":"pa_dydis-411","17":"pa_dydis-412","18":"pa_izoliacijos-svoris-0g","19":"pa_kolekcija-nr-sa2024","20":"pa_kolekcijos-dalis-softshell","21":"pa_lytis-unisex","22":"pa_oro-pralaidumas-5-000g-m-24h","23":"pa_prekes-artikulas-36390100-10618","24":"pa_rastuota-vienspalvis","25":"pa_sezonas-semi-season","26":"pa_uzpildas-0g","28":"first","29":"instock","30":"sale","31":"taxable","32":"shipping-taxable","33":"purchasable","34":"product-type-variable"},"acf":[],"yoast_head":"<!-- This site is optimized with the Yoast SEO plugin v26.8 - https:\/\/yoast.com\/product\/yoast-seo-wordpress\/ -->\n<title>Kids Softshell overall ADAL 1 (0g) - Huppa LT<\/title>\n<meta name=\"robots\" content=\"index, follow, max-snippet:-1, max-image-preview:large, max-video-preview:-1\" \/>\n<link rel=\"canonical\" href=\"https:\/\/shop.huppa.eu\/lt\/product\/adal-1-0g-3\/\" \/>\n<meta property=\"og:locale\" content=\"lt_LT\" \/>\n<meta property=\"og:type\" content=\"article\" \/>\n<meta property=\"og:title\" content=\"Kids Softshell overall ADAL 1 (0g) - Huppa LT\" \/>\n<meta property=\"og:description\" content=\"Vaiki\u0161kas v\u0117j\u0105 sulaikantis kombinezonas i\u0161 Softshell audinio Vir\u0161utin\u0117je pus\u0117je ta\u0161kinis \u0161vies\u0105 atspindintis ra\u0161tas Kombinezono vidin\u0117 pus\u0117 yra mink\u0161ta Gaubtuvo kra\u0161te ir kle\u0161ni\u0173 apa\u010dioje \u012fsi\u016bta gumin\u0117 juostel\u0117 Nuimamas gobtuvas prie apykakl\u0117s prisegamas kibiu lipduku Keli\u0173 antsiuvai i\u0161 tvirto audinio Nugaroje \u012f juosmen\u012f \u012fsi\u016bta gumin\u0117 juostel\u0117 su skylut\u0117mis sagoms Kle\u0161ni\u0173 apa\u010dioje silikonin\u0117s gumel\u0117s batams\" \/>\n<meta property=\"og:url\" content=\"https:\/\/shop.huppa.eu\/lt\/product\/adal-1-0g-3\/\" \/>\n<meta property=\"og:site_name\" content=\"Huppa LT\" \/>\n<meta property=\"article:modified_time\" content=\"2026-04-16T04:16:07+00:00\" \/>\n<meta property=\"og:image\" content=\"https:\/\/huppashop-prod.s3.eu-north-1.amazonaws.com\/wp-content\/uploads\/sites\/5\/2024\/03\/06044409\/36390100-10618-ADAL1_f.jpg\" \/>\n\t<meta property=\"og:image:width\" content=\"1200\" \/>\n\t<meta property=\"og:image:height\" content=\"1200\" \/>\n\t<meta property=\"og:image:type\" content=\"image\/jpeg\" \/>\n<meta name=\"twitter:card\" content=\"summary_large_image\" \/>\n<script type=\"application\/ld+json\" class=\"yoast-schema-graph\">{\"@context\":\"https:\/\/schema.org\",\"@graph\":[{\"@type\":\"WebPage\",\"@id\":\"https:\/\/shop.huppa.eu\/lt\/product\/adal-1-0g-3\/\",\"url\":\"https:\/\/shop.huppa.eu\/lt\/product\/adal-1-0g-3\/\",\"name\":\"Kids Softshell overall ADAL 1 (0g) - Huppa LT\",\"isPartOf\":{\"@id\":\"https:\/\/shop.huppa.eu\/lt\/#website\"},\"primaryImageOfPage\":{\"@id\":\"https:\/\/shop.huppa.eu\/lt\/product\/adal-1-0g-3\/#primaryimage\"},\"image\":{\"@id\":\"https:\/\/shop.huppa.eu\/lt\/product\/adal-1-0g-3\/#primaryimage\"},\"thumbnailUrl\":\"https:\/\/huppashop-prod.s3.eu-north-1.amazonaws.com\/wp-content\/uploads\/sites\/5\/2024\/03\/06044409\/36390100-10618-ADAL1_f.jpg\",\"datePublished\":\"2025-11-24T15:57:51+00:00\",\"dateModified\":\"2026-04-16T04:16:07+00:00\",\"breadcrumb\":{\"@id\":\"https:\/\/shop.huppa.eu\/lt\/product\/adal-1-0g-3\/#breadcrumb\"},\"inLanguage\":\"lt-LT\",\"potentialAction\":[{\"@type\":\"ReadAction\",\"target\":[\"https:\/\/shop.huppa.eu\/lt\/product\/adal-1-0g-3\/\"]}]},{\"@type\":\"ImageObject\",\"inLanguage\":\"lt-LT\",\"@id\":\"https:\/\/shop.huppa.eu\/lt\/product\/adal-1-0g-3\/#primaryimage\",\"url\":\"https:\/\/huppashop-prod.s3.eu-north-1.amazonaws.com\/wp-content\/uploads\/sites\/5\/2024\/03\/06044409\/36390100-10618-ADAL1_f.jpg\",\"contentUrl\":\"https:\/\/huppashop-prod.s3.eu-north-1.amazonaws.com\/wp-content\/uploads\/sites\/5\/2024\/03\/06044409\/36390100-10618-ADAL1_f.jpg\",\"width\":1200,\"height\":1200},{\"@type\":\"BreadcrumbList\",\"@id\":\"https:\/\/shop.huppa.eu\/lt\/product\/adal-1-0g-3\/#breadcrumb\",\"itemListElement\":[{\"@type\":\"ListItem\",\"position\":1,\"name\":\"Shop\",\"item\":\"https:\/\/shop.huppa.eu\/lt\/shop\/\"},{\"@type\":\"ListItem\",\"position\":2,\"name\":\"Kids Softshell overall ADAL 1 (0g)\"}]},{\"@type\":\"WebSite\",\"@id\":\"https:\/\/shop.huppa.eu\/lt\/#website\",\"url\":\"https:\/\/shop.huppa.eu\/lt\/\",\"name\":\"Huppa LT\",\"description\":\"Huppa LT\",\"potentialAction\":[{\"@type\":\"SearchAction\",\"target\":{\"@type\":\"EntryPoint\",\"urlTemplate\":\"https:\/\/shop.huppa.eu\/lt\/?s={search_term_string}\"},\"query-input\":{\"@type\":\"PropertyValueSpecification\",\"valueRequired\":true,\"valueName\":\"search_term_string\"}}],\"inLanguage\":\"lt-LT\"}]}<\/script>\n<!-- \/ Yoast SEO plugin. -->","yoast_head_json":{"title":"Kids Softshell overall ADAL 1 (0g) - Huppa LT","robots":{"index":"index","follow":"follow","max-snippet":"max-snippet:-1","max-image-preview":"max-image-preview:large","max-video-preview":"max-video-preview:-1"},"canonical":"https:\/\/shop.huppa.eu\/lt\/product\/adal-1-0g-3\/","og_locale":"lt_LT","og_type":"article","og_title":"Kids Softshell overall ADAL 1 (0g) - Huppa LT","og_description":"Vaiki\u0161kas v\u0117j\u0105 sulaikantis kombinezonas i\u0161 Softshell audinio Vir\u0161utin\u0117je pus\u0117je ta\u0161kinis \u0161vies\u0105 atspindintis ra\u0161tas Kombinezono vidin\u0117 pus\u0117 yra mink\u0161ta Gaubtuvo kra\u0161te ir kle\u0161ni\u0173 apa\u010dioje \u012fsi\u016bta gumin\u0117 juostel\u0117 Nuimamas gobtuvas prie apykakl\u0117s prisegamas kibiu lipduku Keli\u0173 antsiuvai i\u0161 tvirto audinio Nugaroje \u012f juosmen\u012f \u012fsi\u016bta gumin\u0117 juostel\u0117 su skylut\u0117mis sagoms Kle\u0161ni\u0173 apa\u010dioje silikonin\u0117s gumel\u0117s batams","og_url":"https:\/\/shop.huppa.eu\/lt\/product\/adal-1-0g-3\/","og_site_name":"Huppa LT","article_modified_time":"2026-04-16T04:16:07+00:00","og_image":[{"width":1200,"height":1200,"url":"https:\/\/huppashop-prod.s3.eu-north-1.amazonaws.com\/wp-content\/uploads\/sites\/5\/2024\/03\/06044409\/36390100-10618-ADAL1_f.jpg","type":"image\/jpeg"}],"twitter_card":"summary_large_image","schema":{"@context":"https:\/\/schema.org","@graph":[{"@type":"WebPage","@id":"https:\/\/shop.huppa.eu\/lt\/product\/adal-1-0g-3\/","url":"https:\/\/shop.huppa.eu\/lt\/product\/adal-1-0g-3\/","name":"Kids Softshell overall ADAL 1 (0g) - Huppa LT","isPartOf":{"@id":"https:\/\/shop.huppa.eu\/lt\/#website"},"primaryImageOfPage":{"@id":"https:\/\/shop.huppa.eu\/lt\/product\/adal-1-0g-3\/#primaryimage"},"image":{"@id":"https:\/\/shop.huppa.eu\/lt\/product\/adal-1-0g-3\/#primaryimage"},"thumbnailUrl":"https:\/\/huppashop-prod.s3.eu-north-1.amazonaws.com\/wp-content\/uploads\/sites\/5\/2024\/03\/06044409\/36390100-10618-ADAL1_f.jpg","datePublished":"2025-11-24T15:57:51+00:00","dateModified":"2026-04-16T04:16:07+00:00","breadcrumb":{"@id":"https:\/\/shop.huppa.eu\/lt\/product\/adal-1-0g-3\/#breadcrumb"},"inLanguage":"lt-LT","potentialAction":[{"@type":"ReadAction","target":["https:\/\/shop.huppa.eu\/lt\/product\/adal-1-0g-3\/"]}]},{"@type":"ImageObject","inLanguage":"lt-LT","@id":"https:\/\/shop.huppa.eu\/lt\/product\/adal-1-0g-3\/#primaryimage","url":"https:\/\/huppashop-prod.s3.eu-north-1.amazonaws.com\/wp-content\/uploads\/sites\/5\/2024\/03\/06044409\/36390100-10618-ADAL1_f.jpg","contentUrl":"https:\/\/huppashop-prod.s3.eu-north-1.amazonaws.com\/wp-content\/uploads\/sites\/5\/2024\/03\/06044409\/36390100-10618-ADAL1_f.jpg","width":1200,"height":1200},{"@type":"BreadcrumbList","@id":"https:\/\/shop.huppa.eu\/lt\/product\/adal-1-0g-3\/#breadcrumb","itemListElement":[{"@type":"ListItem","position":1,"name":"Shop","item":"https:\/\/shop.huppa.eu\/lt\/shop\/"},{"@type":"ListItem","position":2,"name":"Kids Softshell overall ADAL 1 (0g)"}]},{"@type":"WebSite","@id":"https:\/\/shop.huppa.eu\/lt\/#website","url":"https:\/\/shop.huppa.eu\/lt\/","name":"Huppa LT","description":"Huppa LT","potentialAction":[{"@type":"SearchAction","target":{"@type":"EntryPoint","urlTemplate":"https:\/\/shop.huppa.eu\/lt\/?s={search_term_string}"},"query-input":{"@type":"PropertyValueSpecification","valueRequired":true,"valueName":"search_term_string"}}],"inLanguage":"lt-LT"}]}},"_links":{"self":[{"href":"https:\/\/shop.huppa.eu\/lt\/wp-json\/wp\/v2\/product\/520515","targetHints":{"allow":["GET"]}}],"collection":[{"href":"https:\/\/shop.huppa.eu\/lt\/wp-json\/wp\/v2\/product"}],"about":[{"href":"https:\/\/shop.huppa.eu\/lt\/wp-json\/wp\/v2\/types\/product"}],"wp:featuredmedia":[{"embeddable":true,"href":"https:\/\/shop.huppa.eu\/lt\/wp-json\/wp\/v2\/media\/499869"}],"wp:attachment":[{"href":"https:\/\/shop.huppa.eu\/lt\/wp-json\/wp\/v2\/media?parent=520515"}],"wp:term":[{"taxonomy":"product_brand","embeddable":true,"href":"https:\/\/shop.huppa.eu\/lt\/wp-json\/wp\/v2\/product_brand?post=520515"},{"taxonomy":"product_cat","embeddable":true,"href":"https:\/\/shop.huppa.eu\/lt\/wp-json\/wp\/v2\/product_cat?post=520515"},{"taxonomy":"product_tag","embeddable":true,"href":"https:\/\/shop.huppa.eu\/lt\/wp-json\/wp\/v2\/product_tag?post=520515"}],"curies":[{"name":"wp","href":"https:\/\/api.w.org\/{rel}","templated":true}]}}