{"id":520672,"date":"2025-11-24T18:02:33","date_gmt":"2025-11-24T16:02:33","guid":{"rendered":"https:\/\/shop.huppa.eu\/lt\/product\/yoko-40g40g-4\/"},"modified":"2026-04-16T06:22:02","modified_gmt":"2026-04-16T04:22:02","slug":"yoko-40g40g-4","status":"publish","type":"product","link":"https:\/\/shop.huppa.eu\/lt\/product\/yoko-40g40g-4\/","title":{"rendered":"Berniuk\u0173 pavasario-rudens komplektas YOKO (40g+40g)"},"content":{"rendered":"<p>Vaiki\u0161kos demisezonis striuk\u0117s ir kelni\u0173 komplektas. Neper\u0161lampantis ir v\u0117jui atsparus, kv\u0117puojantis vir\u0161utinis audinys. Striuk\u0117s ir kelni\u0173 vidus i\u0161 mink\u0161to pamu\u0161alo. Elastin\u0117 juosta rankovi\u0173 galuose ir kapi\u0161ono kra\u0161te. Nuimamas kapi\u0161onas tvirtinamas prie apykakl\u0117s spaud\u017eiamomis sagomis. Keln\u0117s su auk\u0161tesniu liemeniu ir reguliuojamomis elastin\u0117mis petne\u0161omis. Elastin\u0117 juosta liemens srityje. Elastin\u0117 virvut\u0117 koj\u0173 galuose. Vandeniui atspari u\u017elydyta s\u0117dyn\u0117s si\u016bl\u0117. Keln\u0117s be vidin\u0117s koj\u0173 si\u016bl\u0117s. Tiek striuk\u0117, tiek keln\u0117s su \u0161vies\u0105 atspindin\u010diais elementais.<\/p>\n","protected":false},"excerpt":{"rendered":"<p>Vaiki\u0161kos demisezonis striuk\u0117s ir kelni\u0173 komplektas. Neper\u0161lampantis ir v\u0117jui atsparus, kv\u0117puojantis vir\u0161utinis audinys. Striuk\u0117s ir kelni\u0173 vidus i\u0161 mink\u0161to pamu\u0161alo. Elastin\u0117 juosta rankovi\u0173 galuose ir kapi\u0161ono kra\u0161te. Nuimamas kapi\u0161onas tvirtinamas prie apykakl\u0117s spaud\u017eiamomis sagomis. Keln\u0117s su auk\u0161tesniu liemeniu ir reguliuojamomis elastin\u0117mis petne\u0161omis. Elastin\u0117 juosta liemens srityje. Elastin\u0117 virvut\u0117 koj\u0173 galuose. Vandeniui atspari u\u017elydyta s\u0117dyn\u0117s si\u016bl\u0117. [&hellip;]<\/p>\n","protected":false},"featured_media":466217,"template":"","meta":{"_acf_changed":false},"product_brand":[],"product_cat":[90,1479,1477,1478,19],"product_tag":[],"class_list":{"0":"post-520672","1":"product","2":"type-product","3":"status-publish","4":"has-post-thumbnail","6":"product_cat-berniuku","7":"product_cat-komplektai-berniuku","8":"product_cat-komplektai","9":"product_cat-komplektai-2","10":"product_cat-vaikai","11":"pa_amzius-vaikai","12":"pa_atsparumas-vandeniui-10000mm","13":"pa_dydis-412","14":"pa_izoliacijos-svoris-40g40g","15":"pa_kolekcija-nr-sa2017","16":"pa_kolekcijos-dalis-spring-autumn","17":"pa_lytis-berniuku","18":"pa_oro-pralaidumas-10000g-m-24h","19":"pa_prekes-artikulas-41190004-72248","20":"pa_uzpildas-40g40g","22":"first","23":"instock","24":"sale","25":"taxable","26":"shipping-taxable","27":"purchasable","28":"product-type-variable"},"acf":[],"yoast_head":"<!-- This site is optimized with the Yoast SEO plugin v26.8 - https:\/\/yoast.com\/product\/yoast-seo-wordpress\/ -->\n<title>Berniuk\u0173 pavasario-rudens komplektas YOKO (40g+40g) - Huppa LT<\/title>\n<meta name=\"robots\" content=\"index, follow, max-snippet:-1, max-image-preview:large, max-video-preview:-1\" \/>\n<link rel=\"canonical\" href=\"https:\/\/shop.huppa.eu\/lt\/product\/yoko-40g40g-4\/\" \/>\n<meta property=\"og:locale\" content=\"lt_LT\" \/>\n<meta property=\"og:type\" content=\"article\" \/>\n<meta property=\"og:title\" content=\"Berniuk\u0173 pavasario-rudens komplektas YOKO (40g+40g) - Huppa LT\" \/>\n<meta property=\"og:description\" content=\"Vaiki\u0161kos demisezonis striuk\u0117s ir kelni\u0173 komplektas. Neper\u0161lampantis ir v\u0117jui atsparus, kv\u0117puojantis vir\u0161utinis audinys. Striuk\u0117s ir kelni\u0173 vidus i\u0161 mink\u0161to pamu\u0161alo. Elastin\u0117 juosta rankovi\u0173 galuose ir kapi\u0161ono kra\u0161te. Nuimamas kapi\u0161onas tvirtinamas prie apykakl\u0117s spaud\u017eiamomis sagomis. Keln\u0117s su auk\u0161tesniu liemeniu ir reguliuojamomis elastin\u0117mis petne\u0161omis. Elastin\u0117 juosta liemens srityje. Elastin\u0117 virvut\u0117 koj\u0173 galuose. Vandeniui atspari u\u017elydyta s\u0117dyn\u0117s si\u016bl\u0117. [&hellip;]\" \/>\n<meta property=\"og:url\" content=\"https:\/\/shop.huppa.eu\/lt\/product\/yoko-40g40g-4\/\" \/>\n<meta property=\"og:site_name\" content=\"Huppa LT\" \/>\n<meta property=\"article:modified_time\" content=\"2026-04-16T04:22:02+00:00\" \/>\n<meta property=\"og:image\" content=\"https:\/\/huppashop-prod.s3.eu-north-1.amazonaws.com\/wp-content\/uploads\/sites\/5\/2022\/03\/28134352\/41190014-72248-YOKOf.jpg\" \/>\n\t<meta property=\"og:image:width\" content=\"800\" \/>\n\t<meta property=\"og:image:height\" content=\"800\" \/>\n\t<meta property=\"og:image:type\" content=\"image\/jpeg\" \/>\n<meta name=\"twitter:card\" content=\"summary_large_image\" \/>\n<script type=\"application\/ld+json\" class=\"yoast-schema-graph\">{\"@context\":\"https:\/\/schema.org\",\"@graph\":[{\"@type\":\"WebPage\",\"@id\":\"https:\/\/shop.huppa.eu\/lt\/product\/yoko-40g40g-4\/\",\"url\":\"https:\/\/shop.huppa.eu\/lt\/product\/yoko-40g40g-4\/\",\"name\":\"Berniuk\u0173 pavasario-rudens komplektas YOKO (40g+40g) - Huppa LT\",\"isPartOf\":{\"@id\":\"https:\/\/shop.huppa.eu\/lt\/#website\"},\"primaryImageOfPage\":{\"@id\":\"https:\/\/shop.huppa.eu\/lt\/product\/yoko-40g40g-4\/#primaryimage\"},\"image\":{\"@id\":\"https:\/\/shop.huppa.eu\/lt\/product\/yoko-40g40g-4\/#primaryimage\"},\"thumbnailUrl\":\"https:\/\/huppashop-prod.s3.eu-north-1.amazonaws.com\/wp-content\/uploads\/sites\/5\/2022\/03\/28134352\/41190014-72248-YOKOf.jpg\",\"datePublished\":\"2025-11-24T16:02:33+00:00\",\"dateModified\":\"2026-04-16T04:22:02+00:00\",\"breadcrumb\":{\"@id\":\"https:\/\/shop.huppa.eu\/lt\/product\/yoko-40g40g-4\/#breadcrumb\"},\"inLanguage\":\"lt-LT\",\"potentialAction\":[{\"@type\":\"ReadAction\",\"target\":[\"https:\/\/shop.huppa.eu\/lt\/product\/yoko-40g40g-4\/\"]}]},{\"@type\":\"ImageObject\",\"inLanguage\":\"lt-LT\",\"@id\":\"https:\/\/shop.huppa.eu\/lt\/product\/yoko-40g40g-4\/#primaryimage\",\"url\":\"https:\/\/huppashop-prod.s3.eu-north-1.amazonaws.com\/wp-content\/uploads\/sites\/5\/2022\/03\/28134352\/41190014-72248-YOKOf.jpg\",\"contentUrl\":\"https:\/\/huppashop-prod.s3.eu-north-1.amazonaws.com\/wp-content\/uploads\/sites\/5\/2022\/03\/28134352\/41190014-72248-YOKOf.jpg\",\"width\":800,\"height\":800},{\"@type\":\"BreadcrumbList\",\"@id\":\"https:\/\/shop.huppa.eu\/lt\/product\/yoko-40g40g-4\/#breadcrumb\",\"itemListElement\":[{\"@type\":\"ListItem\",\"position\":1,\"name\":\"Shop\",\"item\":\"https:\/\/shop.huppa.eu\/lt\/shop\/\"},{\"@type\":\"ListItem\",\"position\":2,\"name\":\"Berniuk\u0173 pavasario-rudens komplektas YOKO (40g+40g)\"}]},{\"@type\":\"WebSite\",\"@id\":\"https:\/\/shop.huppa.eu\/lt\/#website\",\"url\":\"https:\/\/shop.huppa.eu\/lt\/\",\"name\":\"Huppa LT\",\"description\":\"Huppa LT\",\"potentialAction\":[{\"@type\":\"SearchAction\",\"target\":{\"@type\":\"EntryPoint\",\"urlTemplate\":\"https:\/\/shop.huppa.eu\/lt\/?s={search_term_string}\"},\"query-input\":{\"@type\":\"PropertyValueSpecification\",\"valueRequired\":true,\"valueName\":\"search_term_string\"}}],\"inLanguage\":\"lt-LT\"}]}<\/script>\n<!-- \/ Yoast SEO plugin. -->","yoast_head_json":{"title":"Berniuk\u0173 pavasario-rudens komplektas YOKO (40g+40g) - Huppa LT","robots":{"index":"index","follow":"follow","max-snippet":"max-snippet:-1","max-image-preview":"max-image-preview:large","max-video-preview":"max-video-preview:-1"},"canonical":"https:\/\/shop.huppa.eu\/lt\/product\/yoko-40g40g-4\/","og_locale":"lt_LT","og_type":"article","og_title":"Berniuk\u0173 pavasario-rudens komplektas YOKO (40g+40g) - Huppa LT","og_description":"Vaiki\u0161kos demisezonis striuk\u0117s ir kelni\u0173 komplektas. Neper\u0161lampantis ir v\u0117jui atsparus, kv\u0117puojantis vir\u0161utinis audinys. Striuk\u0117s ir kelni\u0173 vidus i\u0161 mink\u0161to pamu\u0161alo. Elastin\u0117 juosta rankovi\u0173 galuose ir kapi\u0161ono kra\u0161te. Nuimamas kapi\u0161onas tvirtinamas prie apykakl\u0117s spaud\u017eiamomis sagomis. Keln\u0117s su auk\u0161tesniu liemeniu ir reguliuojamomis elastin\u0117mis petne\u0161omis. Elastin\u0117 juosta liemens srityje. Elastin\u0117 virvut\u0117 koj\u0173 galuose. Vandeniui atspari u\u017elydyta s\u0117dyn\u0117s si\u016bl\u0117. [&hellip;]","og_url":"https:\/\/shop.huppa.eu\/lt\/product\/yoko-40g40g-4\/","og_site_name":"Huppa LT","article_modified_time":"2026-04-16T04:22:02+00:00","og_image":[{"width":800,"height":800,"url":"https:\/\/huppashop-prod.s3.eu-north-1.amazonaws.com\/wp-content\/uploads\/sites\/5\/2022\/03\/28134352\/41190014-72248-YOKOf.jpg","type":"image\/jpeg"}],"twitter_card":"summary_large_image","schema":{"@context":"https:\/\/schema.org","@graph":[{"@type":"WebPage","@id":"https:\/\/shop.huppa.eu\/lt\/product\/yoko-40g40g-4\/","url":"https:\/\/shop.huppa.eu\/lt\/product\/yoko-40g40g-4\/","name":"Berniuk\u0173 pavasario-rudens komplektas YOKO (40g+40g) - Huppa LT","isPartOf":{"@id":"https:\/\/shop.huppa.eu\/lt\/#website"},"primaryImageOfPage":{"@id":"https:\/\/shop.huppa.eu\/lt\/product\/yoko-40g40g-4\/#primaryimage"},"image":{"@id":"https:\/\/shop.huppa.eu\/lt\/product\/yoko-40g40g-4\/#primaryimage"},"thumbnailUrl":"https:\/\/huppashop-prod.s3.eu-north-1.amazonaws.com\/wp-content\/uploads\/sites\/5\/2022\/03\/28134352\/41190014-72248-YOKOf.jpg","datePublished":"2025-11-24T16:02:33+00:00","dateModified":"2026-04-16T04:22:02+00:00","breadcrumb":{"@id":"https:\/\/shop.huppa.eu\/lt\/product\/yoko-40g40g-4\/#breadcrumb"},"inLanguage":"lt-LT","potentialAction":[{"@type":"ReadAction","target":["https:\/\/shop.huppa.eu\/lt\/product\/yoko-40g40g-4\/"]}]},{"@type":"ImageObject","inLanguage":"lt-LT","@id":"https:\/\/shop.huppa.eu\/lt\/product\/yoko-40g40g-4\/#primaryimage","url":"https:\/\/huppashop-prod.s3.eu-north-1.amazonaws.com\/wp-content\/uploads\/sites\/5\/2022\/03\/28134352\/41190014-72248-YOKOf.jpg","contentUrl":"https:\/\/huppashop-prod.s3.eu-north-1.amazonaws.com\/wp-content\/uploads\/sites\/5\/2022\/03\/28134352\/41190014-72248-YOKOf.jpg","width":800,"height":800},{"@type":"BreadcrumbList","@id":"https:\/\/shop.huppa.eu\/lt\/product\/yoko-40g40g-4\/#breadcrumb","itemListElement":[{"@type":"ListItem","position":1,"name":"Shop","item":"https:\/\/shop.huppa.eu\/lt\/shop\/"},{"@type":"ListItem","position":2,"name":"Berniuk\u0173 pavasario-rudens komplektas YOKO (40g+40g)"}]},{"@type":"WebSite","@id":"https:\/\/shop.huppa.eu\/lt\/#website","url":"https:\/\/shop.huppa.eu\/lt\/","name":"Huppa LT","description":"Huppa LT","potentialAction":[{"@type":"SearchAction","target":{"@type":"EntryPoint","urlTemplate":"https:\/\/shop.huppa.eu\/lt\/?s={search_term_string}"},"query-input":{"@type":"PropertyValueSpecification","valueRequired":true,"valueName":"search_term_string"}}],"inLanguage":"lt-LT"}]}},"_links":{"self":[{"href":"https:\/\/shop.huppa.eu\/lt\/wp-json\/wp\/v2\/product\/520672","targetHints":{"allow":["GET"]}}],"collection":[{"href":"https:\/\/shop.huppa.eu\/lt\/wp-json\/wp\/v2\/product"}],"about":[{"href":"https:\/\/shop.huppa.eu\/lt\/wp-json\/wp\/v2\/types\/product"}],"wp:featuredmedia":[{"embeddable":true,"href":"https:\/\/shop.huppa.eu\/lt\/wp-json\/wp\/v2\/media\/466217"}],"wp:attachment":[{"href":"https:\/\/shop.huppa.eu\/lt\/wp-json\/wp\/v2\/media?parent=520672"}],"wp:term":[{"taxonomy":"product_brand","embeddable":true,"href":"https:\/\/shop.huppa.eu\/lt\/wp-json\/wp\/v2\/product_brand?post=520672"},{"taxonomy":"product_cat","embeddable":true,"href":"https:\/\/shop.huppa.eu\/lt\/wp-json\/wp\/v2\/product_cat?post=520672"},{"taxonomy":"product_tag","embeddable":true,"href":"https:\/\/shop.huppa.eu\/lt\/wp-json\/wp\/v2\/product_tag?post=520672"}],"curies":[{"name":"wp","href":"https:\/\/api.w.org\/{rel}","templated":true}]}}