{"id":520675,"date":"2025-11-24T18:02:44","date_gmt":"2025-11-24T16:02:44","guid":{"rendered":"https:\/\/shop.huppa.eu\/lt\/product\/greger-300g160g\/"},"modified":"2026-04-15T06:22:03","modified_gmt":"2026-04-15T04:22:03","slug":"greger-300g160g","status":"publish","type":"product","link":"https:\/\/shop.huppa.eu\/lt\/product\/greger-300g160g\/","title":{"rendered":"Vaik\u0173 \u017eieminis komplektas GREGER (300g+160g)"},"content":{"rendered":"<p>Vaik\u0173 striuk\u0117s ir kelni\u0173 komplektas. Striuk\u0117s \u0161iltinimas 300g, kelni\u0173 \u0161iltinimas 160g. S\u0117dmen\u0173 si\u016bl\u0117s u\u017eklijuotos.<\/p>\n","protected":false},"excerpt":{"rendered":"<p>Vaik\u0173 striuk\u0117s ir kelni\u0173 komplektas. Striuk\u0117s \u0161iltinimas 300g, kelni\u0173 \u0161iltinimas 160g. S\u0117dmen\u0173 si\u016bl\u0117s u\u017eklijuotos.<\/p>\n","protected":false},"featured_media":520678,"template":"","meta":{"_acf_changed":false},"product_brand":[],"product_cat":[1510,1477,1478,102,19],"product_tag":[],"class_list":{"0":"post-520675","1":"product","2":"type-product","3":"status-publish","4":"has-post-thumbnail","6":"product_cat-komplektai-mergaiciu","7":"product_cat-komplektai","8":"product_cat-komplektai-2","9":"product_cat-mergaiciu","10":"product_cat-vaikai","11":"pa_amzius-vaikai","12":"pa_atsparumas-vandeniui-10000mm","13":"pa_dydis-105","14":"pa_dydis-79","15":"pa_izoliacijos-svoris-300g160g","16":"pa_kolekcija-nr-w14-15","17":"pa_kolekcijos-dalis-fashion","18":"pa_lytis-mergaiciu","19":"pa_oro-pralaidumas-10000g-m-24h","20":"pa_prekes-artikulas-4120cw14-463","21":"pa_rastuota-rastuota-spalva","22":"pa_uzpildas-300g160g","24":"first","25":"instock","26":"sale","27":"taxable","28":"shipping-taxable","29":"purchasable","30":"product-type-variable"},"acf":[],"yoast_head":"<!-- This site is optimized with the Yoast SEO plugin v26.8 - https:\/\/yoast.com\/product\/yoast-seo-wordpress\/ -->\n<title>Vaik\u0173 \u017eieminis komplektas GREGER (300g+160g) - Huppa LT<\/title>\n<meta name=\"robots\" content=\"index, follow, max-snippet:-1, max-image-preview:large, max-video-preview:-1\" \/>\n<link rel=\"canonical\" href=\"https:\/\/shop.huppa.eu\/lt\/product\/greger-300g160g\/\" \/>\n<meta property=\"og:locale\" content=\"lt_LT\" \/>\n<meta property=\"og:type\" content=\"article\" \/>\n<meta property=\"og:title\" content=\"Vaik\u0173 \u017eieminis komplektas GREGER (300g+160g) - Huppa LT\" \/>\n<meta property=\"og:description\" content=\"Vaik\u0173 striuk\u0117s ir kelni\u0173 komplektas. Striuk\u0117s \u0161iltinimas 300g, kelni\u0173 \u0161iltinimas 160g. S\u0117dmen\u0173 si\u016bl\u0117s u\u017eklijuotos.\" \/>\n<meta property=\"og:url\" content=\"https:\/\/shop.huppa.eu\/lt\/product\/greger-300g160g\/\" \/>\n<meta property=\"og:site_name\" content=\"Huppa LT\" \/>\n<meta property=\"article:modified_time\" content=\"2026-04-15T04:22:03+00:00\" \/>\n<meta property=\"og:image\" content=\"https:\/\/huppashop-prod.s3.eu-north-1.amazonaws.com\/wp-content\/uploads\/sites\/5\/2025\/11\/24180246\/4120CW14-463-GREGER_f.jpg\" \/>\n\t<meta property=\"og:image:width\" content=\"1166\" \/>\n\t<meta property=\"og:image:height\" content=\"1166\" \/>\n\t<meta property=\"og:image:type\" content=\"image\/jpeg\" \/>\n<meta name=\"twitter:card\" content=\"summary_large_image\" \/>\n<script type=\"application\/ld+json\" class=\"yoast-schema-graph\">{\"@context\":\"https:\/\/schema.org\",\"@graph\":[{\"@type\":\"WebPage\",\"@id\":\"https:\/\/shop.huppa.eu\/lt\/product\/greger-300g160g\/\",\"url\":\"https:\/\/shop.huppa.eu\/lt\/product\/greger-300g160g\/\",\"name\":\"Vaik\u0173 \u017eieminis komplektas GREGER (300g+160g) - Huppa LT\",\"isPartOf\":{\"@id\":\"https:\/\/shop.huppa.eu\/lt\/#website\"},\"primaryImageOfPage\":{\"@id\":\"https:\/\/shop.huppa.eu\/lt\/product\/greger-300g160g\/#primaryimage\"},\"image\":{\"@id\":\"https:\/\/shop.huppa.eu\/lt\/product\/greger-300g160g\/#primaryimage\"},\"thumbnailUrl\":\"https:\/\/huppashop-prod.s3.eu-north-1.amazonaws.com\/wp-content\/uploads\/sites\/5\/2025\/11\/24180246\/4120CW14-463-GREGER_f.jpg\",\"datePublished\":\"2025-11-24T16:02:44+00:00\",\"dateModified\":\"2026-04-15T04:22:03+00:00\",\"breadcrumb\":{\"@id\":\"https:\/\/shop.huppa.eu\/lt\/product\/greger-300g160g\/#breadcrumb\"},\"inLanguage\":\"lt-LT\",\"potentialAction\":[{\"@type\":\"ReadAction\",\"target\":[\"https:\/\/shop.huppa.eu\/lt\/product\/greger-300g160g\/\"]}]},{\"@type\":\"ImageObject\",\"inLanguage\":\"lt-LT\",\"@id\":\"https:\/\/shop.huppa.eu\/lt\/product\/greger-300g160g\/#primaryimage\",\"url\":\"https:\/\/huppashop-prod.s3.eu-north-1.amazonaws.com\/wp-content\/uploads\/sites\/5\/2025\/11\/24180246\/4120CW14-463-GREGER_f.jpg\",\"contentUrl\":\"https:\/\/huppashop-prod.s3.eu-north-1.amazonaws.com\/wp-content\/uploads\/sites\/5\/2025\/11\/24180246\/4120CW14-463-GREGER_f.jpg\",\"width\":1166,\"height\":1166},{\"@type\":\"BreadcrumbList\",\"@id\":\"https:\/\/shop.huppa.eu\/lt\/product\/greger-300g160g\/#breadcrumb\",\"itemListElement\":[{\"@type\":\"ListItem\",\"position\":1,\"name\":\"Shop\",\"item\":\"https:\/\/shop.huppa.eu\/lt\/shop\/\"},{\"@type\":\"ListItem\",\"position\":2,\"name\":\"Vaik\u0173 \u017eieminis komplektas GREGER (300g+160g)\"}]},{\"@type\":\"WebSite\",\"@id\":\"https:\/\/shop.huppa.eu\/lt\/#website\",\"url\":\"https:\/\/shop.huppa.eu\/lt\/\",\"name\":\"Huppa LT\",\"description\":\"Huppa LT\",\"potentialAction\":[{\"@type\":\"SearchAction\",\"target\":{\"@type\":\"EntryPoint\",\"urlTemplate\":\"https:\/\/shop.huppa.eu\/lt\/?s={search_term_string}\"},\"query-input\":{\"@type\":\"PropertyValueSpecification\",\"valueRequired\":true,\"valueName\":\"search_term_string\"}}],\"inLanguage\":\"lt-LT\"}]}<\/script>\n<!-- \/ Yoast SEO plugin. -->","yoast_head_json":{"title":"Vaik\u0173 \u017eieminis komplektas GREGER (300g+160g) - Huppa LT","robots":{"index":"index","follow":"follow","max-snippet":"max-snippet:-1","max-image-preview":"max-image-preview:large","max-video-preview":"max-video-preview:-1"},"canonical":"https:\/\/shop.huppa.eu\/lt\/product\/greger-300g160g\/","og_locale":"lt_LT","og_type":"article","og_title":"Vaik\u0173 \u017eieminis komplektas GREGER (300g+160g) - Huppa LT","og_description":"Vaik\u0173 striuk\u0117s ir kelni\u0173 komplektas. Striuk\u0117s \u0161iltinimas 300g, kelni\u0173 \u0161iltinimas 160g. S\u0117dmen\u0173 si\u016bl\u0117s u\u017eklijuotos.","og_url":"https:\/\/shop.huppa.eu\/lt\/product\/greger-300g160g\/","og_site_name":"Huppa LT","article_modified_time":"2026-04-15T04:22:03+00:00","og_image":[{"width":1166,"height":1166,"url":"https:\/\/huppashop-prod.s3.eu-north-1.amazonaws.com\/wp-content\/uploads\/sites\/5\/2025\/11\/24180246\/4120CW14-463-GREGER_f.jpg","type":"image\/jpeg"}],"twitter_card":"summary_large_image","schema":{"@context":"https:\/\/schema.org","@graph":[{"@type":"WebPage","@id":"https:\/\/shop.huppa.eu\/lt\/product\/greger-300g160g\/","url":"https:\/\/shop.huppa.eu\/lt\/product\/greger-300g160g\/","name":"Vaik\u0173 \u017eieminis komplektas GREGER (300g+160g) - Huppa LT","isPartOf":{"@id":"https:\/\/shop.huppa.eu\/lt\/#website"},"primaryImageOfPage":{"@id":"https:\/\/shop.huppa.eu\/lt\/product\/greger-300g160g\/#primaryimage"},"image":{"@id":"https:\/\/shop.huppa.eu\/lt\/product\/greger-300g160g\/#primaryimage"},"thumbnailUrl":"https:\/\/huppashop-prod.s3.eu-north-1.amazonaws.com\/wp-content\/uploads\/sites\/5\/2025\/11\/24180246\/4120CW14-463-GREGER_f.jpg","datePublished":"2025-11-24T16:02:44+00:00","dateModified":"2026-04-15T04:22:03+00:00","breadcrumb":{"@id":"https:\/\/shop.huppa.eu\/lt\/product\/greger-300g160g\/#breadcrumb"},"inLanguage":"lt-LT","potentialAction":[{"@type":"ReadAction","target":["https:\/\/shop.huppa.eu\/lt\/product\/greger-300g160g\/"]}]},{"@type":"ImageObject","inLanguage":"lt-LT","@id":"https:\/\/shop.huppa.eu\/lt\/product\/greger-300g160g\/#primaryimage","url":"https:\/\/huppashop-prod.s3.eu-north-1.amazonaws.com\/wp-content\/uploads\/sites\/5\/2025\/11\/24180246\/4120CW14-463-GREGER_f.jpg","contentUrl":"https:\/\/huppashop-prod.s3.eu-north-1.amazonaws.com\/wp-content\/uploads\/sites\/5\/2025\/11\/24180246\/4120CW14-463-GREGER_f.jpg","width":1166,"height":1166},{"@type":"BreadcrumbList","@id":"https:\/\/shop.huppa.eu\/lt\/product\/greger-300g160g\/#breadcrumb","itemListElement":[{"@type":"ListItem","position":1,"name":"Shop","item":"https:\/\/shop.huppa.eu\/lt\/shop\/"},{"@type":"ListItem","position":2,"name":"Vaik\u0173 \u017eieminis komplektas GREGER (300g+160g)"}]},{"@type":"WebSite","@id":"https:\/\/shop.huppa.eu\/lt\/#website","url":"https:\/\/shop.huppa.eu\/lt\/","name":"Huppa LT","description":"Huppa LT","potentialAction":[{"@type":"SearchAction","target":{"@type":"EntryPoint","urlTemplate":"https:\/\/shop.huppa.eu\/lt\/?s={search_term_string}"},"query-input":{"@type":"PropertyValueSpecification","valueRequired":true,"valueName":"search_term_string"}}],"inLanguage":"lt-LT"}]}},"_links":{"self":[{"href":"https:\/\/shop.huppa.eu\/lt\/wp-json\/wp\/v2\/product\/520675","targetHints":{"allow":["GET"]}}],"collection":[{"href":"https:\/\/shop.huppa.eu\/lt\/wp-json\/wp\/v2\/product"}],"about":[{"href":"https:\/\/shop.huppa.eu\/lt\/wp-json\/wp\/v2\/types\/product"}],"wp:featuredmedia":[{"embeddable":true,"href":"https:\/\/shop.huppa.eu\/lt\/wp-json\/wp\/v2\/media\/520678"}],"wp:attachment":[{"href":"https:\/\/shop.huppa.eu\/lt\/wp-json\/wp\/v2\/media?parent=520675"}],"wp:term":[{"taxonomy":"product_brand","embeddable":true,"href":"https:\/\/shop.huppa.eu\/lt\/wp-json\/wp\/v2\/product_brand?post=520675"},{"taxonomy":"product_cat","embeddable":true,"href":"https:\/\/shop.huppa.eu\/lt\/wp-json\/wp\/v2\/product_cat?post=520675"},{"taxonomy":"product_tag","embeddable":true,"href":"https:\/\/shop.huppa.eu\/lt\/wp-json\/wp\/v2\/product_tag?post=520675"}],"curies":[{"name":"wp","href":"https:\/\/api.w.org\/{rel}","templated":true}]}}