{"id":520724,"date":"2025-11-24T18:04:26","date_gmt":"2025-11-24T16:04:26","guid":{"rendered":"https:\/\/shop.huppa.eu\/lt\/product\/enzi-300g160g\/"},"modified":"2026-04-15T06:22:06","modified_gmt":"2026-04-15T04:22:06","slug":"enzi-300g160g","status":"publish","type":"product","link":"https:\/\/shop.huppa.eu\/lt\/product\/enzi-300g160g\/","title":{"rendered":"Komplektas ENZI (300g+160g)"},"content":{"rendered":"<p>Vaiki\u0161ka \u017eiemos komplektas. Komplektas su 300g pa\u0161iltinimo striuke ir 160g pa\u0161iltinimo keln\u0117mis su auk\u0161tu liemeniu. Striuk\u0117 turi nuimam\u0105 kailinio kapi\u0161on\u0105, apsaugant\u012f nuo \u0161alto v\u0117jo, u\u017elydytas pe\u010di\u0173 si\u016bles, elastin\u0119 virvut\u0119 su stabd\u017eiu apa\u010dioje ir ki\u0161enes su u\u017eraktais vertybi\u0173 laikymui. Keln\u0117s turi reguliuojamas elastines petne\u0161as, u\u017elydytas s\u0117dyn\u0117s ir \u0161onines si\u016bles bei gumin\u0119 sniego apsaug\u0105 vidin\u0117je kojoje. Gaus\u016bs \u0161vies\u0105 atspindintys elementai i\u0161kirpimuose leid\u017eia saugiai jud\u0117ti net tamsoje.<\/p>\n","protected":false},"excerpt":{"rendered":"<p>Vaiki\u0161ka \u017eiemos komplektas. Komplektas su 300g pa\u0161iltinimo striuke ir 160g pa\u0161iltinimo keln\u0117mis su auk\u0161tu liemeniu. Striuk\u0117 turi nuimam\u0105 kailinio kapi\u0161on\u0105, apsaugant\u012f nuo \u0161alto v\u0117jo, u\u017elydytas pe\u010di\u0173 si\u016bles, elastin\u0119 virvut\u0119 su stabd\u017eiu apa\u010dioje ir ki\u0161enes su u\u017eraktais vertybi\u0173 laikymui. Keln\u0117s turi reguliuojamas elastines petne\u0161as, u\u017elydytas s\u0117dyn\u0117s ir \u0161onines si\u016bles bei gumin\u0119 sniego apsaug\u0105 vidin\u0117je kojoje. Gaus\u016bs [&hellip;]<\/p>\n","protected":false},"featured_media":520726,"template":"","meta":{"_acf_changed":false},"product_brand":[],"product_cat":[1510,1477,1478,102,19],"product_tag":[],"class_list":{"0":"post-520724","1":"product","2":"type-product","3":"status-publish","4":"has-post-thumbnail","6":"product_cat-komplektai-mergaiciu","7":"product_cat-komplektai","8":"product_cat-komplektai-2","9":"product_cat-mergaiciu","10":"product_cat-vaikai","11":"pa_amzius-vaikai","12":"pa_atsparumas-vandeniui-10000mm","13":"pa_dydis-105","14":"pa_izoliacijos-svoris-300g160g","15":"pa_kolekcija-nr-w14-15","16":"pa_kolekcijos-dalis-fashion","17":"pa_lytis-mergaiciu","18":"pa_oro-pralaidumas-10000g-m-24h","19":"pa_prekes-artikulas-4131cw14-483","20":"pa_uzpildas-300g160g","22":"first","23":"instock","24":"sale","25":"taxable","26":"shipping-taxable","27":"purchasable","28":"product-type-variable"},"acf":[],"yoast_head":"<!-- This site is optimized with the Yoast SEO plugin v26.8 - https:\/\/yoast.com\/product\/yoast-seo-wordpress\/ -->\n<title>Komplektas ENZI (300g+160g) - Huppa LT<\/title>\n<meta name=\"robots\" content=\"index, follow, max-snippet:-1, max-image-preview:large, max-video-preview:-1\" \/>\n<link rel=\"canonical\" href=\"https:\/\/shop.huppa.eu\/lt\/product\/enzi-300g160g\/\" \/>\n<meta property=\"og:locale\" content=\"lt_LT\" \/>\n<meta property=\"og:type\" content=\"article\" \/>\n<meta property=\"og:title\" content=\"Komplektas ENZI (300g+160g) - Huppa LT\" \/>\n<meta property=\"og:description\" content=\"Vaiki\u0161ka \u017eiemos komplektas. Komplektas su 300g pa\u0161iltinimo striuke ir 160g pa\u0161iltinimo keln\u0117mis su auk\u0161tu liemeniu. Striuk\u0117 turi nuimam\u0105 kailinio kapi\u0161on\u0105, apsaugant\u012f nuo \u0161alto v\u0117jo, u\u017elydytas pe\u010di\u0173 si\u016bles, elastin\u0119 virvut\u0119 su stabd\u017eiu apa\u010dioje ir ki\u0161enes su u\u017eraktais vertybi\u0173 laikymui. Keln\u0117s turi reguliuojamas elastines petne\u0161as, u\u017elydytas s\u0117dyn\u0117s ir \u0161onines si\u016bles bei gumin\u0119 sniego apsaug\u0105 vidin\u0117je kojoje. Gaus\u016bs [&hellip;]\" \/>\n<meta property=\"og:url\" content=\"https:\/\/shop.huppa.eu\/lt\/product\/enzi-300g160g\/\" \/>\n<meta property=\"og:site_name\" content=\"Huppa LT\" \/>\n<meta property=\"article:modified_time\" content=\"2026-04-15T04:22:06+00:00\" \/>\n<meta property=\"og:image\" content=\"https:\/\/huppashop-prod.s3.eu-north-1.amazonaws.com\/wp-content\/uploads\/sites\/5\/2025\/11\/24180427\/4131CW14-483-ENZIf.jpg\" \/>\n\t<meta property=\"og:image:width\" content=\"800\" \/>\n\t<meta property=\"og:image:height\" content=\"800\" \/>\n\t<meta property=\"og:image:type\" content=\"image\/jpeg\" \/>\n<meta name=\"twitter:card\" content=\"summary_large_image\" \/>\n<script type=\"application\/ld+json\" class=\"yoast-schema-graph\">{\"@context\":\"https:\/\/schema.org\",\"@graph\":[{\"@type\":\"WebPage\",\"@id\":\"https:\/\/shop.huppa.eu\/lt\/product\/enzi-300g160g\/\",\"url\":\"https:\/\/shop.huppa.eu\/lt\/product\/enzi-300g160g\/\",\"name\":\"Komplektas ENZI (300g+160g) - Huppa LT\",\"isPartOf\":{\"@id\":\"https:\/\/shop.huppa.eu\/lt\/#website\"},\"primaryImageOfPage\":{\"@id\":\"https:\/\/shop.huppa.eu\/lt\/product\/enzi-300g160g\/#primaryimage\"},\"image\":{\"@id\":\"https:\/\/shop.huppa.eu\/lt\/product\/enzi-300g160g\/#primaryimage\"},\"thumbnailUrl\":\"https:\/\/huppashop-prod.s3.eu-north-1.amazonaws.com\/wp-content\/uploads\/sites\/5\/2025\/11\/24180427\/4131CW14-483-ENZIf.jpg\",\"datePublished\":\"2025-11-24T16:04:26+00:00\",\"dateModified\":\"2026-04-15T04:22:06+00:00\",\"breadcrumb\":{\"@id\":\"https:\/\/shop.huppa.eu\/lt\/product\/enzi-300g160g\/#breadcrumb\"},\"inLanguage\":\"lt-LT\",\"potentialAction\":[{\"@type\":\"ReadAction\",\"target\":[\"https:\/\/shop.huppa.eu\/lt\/product\/enzi-300g160g\/\"]}]},{\"@type\":\"ImageObject\",\"inLanguage\":\"lt-LT\",\"@id\":\"https:\/\/shop.huppa.eu\/lt\/product\/enzi-300g160g\/#primaryimage\",\"url\":\"https:\/\/huppashop-prod.s3.eu-north-1.amazonaws.com\/wp-content\/uploads\/sites\/5\/2025\/11\/24180427\/4131CW14-483-ENZIf.jpg\",\"contentUrl\":\"https:\/\/huppashop-prod.s3.eu-north-1.amazonaws.com\/wp-content\/uploads\/sites\/5\/2025\/11\/24180427\/4131CW14-483-ENZIf.jpg\",\"width\":800,\"height\":800},{\"@type\":\"BreadcrumbList\",\"@id\":\"https:\/\/shop.huppa.eu\/lt\/product\/enzi-300g160g\/#breadcrumb\",\"itemListElement\":[{\"@type\":\"ListItem\",\"position\":1,\"name\":\"Shop\",\"item\":\"https:\/\/shop.huppa.eu\/lt\/shop\/\"},{\"@type\":\"ListItem\",\"position\":2,\"name\":\"Komplektas ENZI (300g+160g)\"}]},{\"@type\":\"WebSite\",\"@id\":\"https:\/\/shop.huppa.eu\/lt\/#website\",\"url\":\"https:\/\/shop.huppa.eu\/lt\/\",\"name\":\"Huppa LT\",\"description\":\"Huppa LT\",\"potentialAction\":[{\"@type\":\"SearchAction\",\"target\":{\"@type\":\"EntryPoint\",\"urlTemplate\":\"https:\/\/shop.huppa.eu\/lt\/?s={search_term_string}\"},\"query-input\":{\"@type\":\"PropertyValueSpecification\",\"valueRequired\":true,\"valueName\":\"search_term_string\"}}],\"inLanguage\":\"lt-LT\"}]}<\/script>\n<!-- \/ Yoast SEO plugin. -->","yoast_head_json":{"title":"Komplektas ENZI (300g+160g) - Huppa LT","robots":{"index":"index","follow":"follow","max-snippet":"max-snippet:-1","max-image-preview":"max-image-preview:large","max-video-preview":"max-video-preview:-1"},"canonical":"https:\/\/shop.huppa.eu\/lt\/product\/enzi-300g160g\/","og_locale":"lt_LT","og_type":"article","og_title":"Komplektas ENZI (300g+160g) - Huppa LT","og_description":"Vaiki\u0161ka \u017eiemos komplektas. Komplektas su 300g pa\u0161iltinimo striuke ir 160g pa\u0161iltinimo keln\u0117mis su auk\u0161tu liemeniu. Striuk\u0117 turi nuimam\u0105 kailinio kapi\u0161on\u0105, apsaugant\u012f nuo \u0161alto v\u0117jo, u\u017elydytas pe\u010di\u0173 si\u016bles, elastin\u0119 virvut\u0119 su stabd\u017eiu apa\u010dioje ir ki\u0161enes su u\u017eraktais vertybi\u0173 laikymui. Keln\u0117s turi reguliuojamas elastines petne\u0161as, u\u017elydytas s\u0117dyn\u0117s ir \u0161onines si\u016bles bei gumin\u0119 sniego apsaug\u0105 vidin\u0117je kojoje. Gaus\u016bs [&hellip;]","og_url":"https:\/\/shop.huppa.eu\/lt\/product\/enzi-300g160g\/","og_site_name":"Huppa LT","article_modified_time":"2026-04-15T04:22:06+00:00","og_image":[{"width":800,"height":800,"url":"https:\/\/huppashop-prod.s3.eu-north-1.amazonaws.com\/wp-content\/uploads\/sites\/5\/2025\/11\/24180427\/4131CW14-483-ENZIf.jpg","type":"image\/jpeg"}],"twitter_card":"summary_large_image","schema":{"@context":"https:\/\/schema.org","@graph":[{"@type":"WebPage","@id":"https:\/\/shop.huppa.eu\/lt\/product\/enzi-300g160g\/","url":"https:\/\/shop.huppa.eu\/lt\/product\/enzi-300g160g\/","name":"Komplektas ENZI (300g+160g) - Huppa LT","isPartOf":{"@id":"https:\/\/shop.huppa.eu\/lt\/#website"},"primaryImageOfPage":{"@id":"https:\/\/shop.huppa.eu\/lt\/product\/enzi-300g160g\/#primaryimage"},"image":{"@id":"https:\/\/shop.huppa.eu\/lt\/product\/enzi-300g160g\/#primaryimage"},"thumbnailUrl":"https:\/\/huppashop-prod.s3.eu-north-1.amazonaws.com\/wp-content\/uploads\/sites\/5\/2025\/11\/24180427\/4131CW14-483-ENZIf.jpg","datePublished":"2025-11-24T16:04:26+00:00","dateModified":"2026-04-15T04:22:06+00:00","breadcrumb":{"@id":"https:\/\/shop.huppa.eu\/lt\/product\/enzi-300g160g\/#breadcrumb"},"inLanguage":"lt-LT","potentialAction":[{"@type":"ReadAction","target":["https:\/\/shop.huppa.eu\/lt\/product\/enzi-300g160g\/"]}]},{"@type":"ImageObject","inLanguage":"lt-LT","@id":"https:\/\/shop.huppa.eu\/lt\/product\/enzi-300g160g\/#primaryimage","url":"https:\/\/huppashop-prod.s3.eu-north-1.amazonaws.com\/wp-content\/uploads\/sites\/5\/2025\/11\/24180427\/4131CW14-483-ENZIf.jpg","contentUrl":"https:\/\/huppashop-prod.s3.eu-north-1.amazonaws.com\/wp-content\/uploads\/sites\/5\/2025\/11\/24180427\/4131CW14-483-ENZIf.jpg","width":800,"height":800},{"@type":"BreadcrumbList","@id":"https:\/\/shop.huppa.eu\/lt\/product\/enzi-300g160g\/#breadcrumb","itemListElement":[{"@type":"ListItem","position":1,"name":"Shop","item":"https:\/\/shop.huppa.eu\/lt\/shop\/"},{"@type":"ListItem","position":2,"name":"Komplektas ENZI (300g+160g)"}]},{"@type":"WebSite","@id":"https:\/\/shop.huppa.eu\/lt\/#website","url":"https:\/\/shop.huppa.eu\/lt\/","name":"Huppa LT","description":"Huppa LT","potentialAction":[{"@type":"SearchAction","target":{"@type":"EntryPoint","urlTemplate":"https:\/\/shop.huppa.eu\/lt\/?s={search_term_string}"},"query-input":{"@type":"PropertyValueSpecification","valueRequired":true,"valueName":"search_term_string"}}],"inLanguage":"lt-LT"}]}},"_links":{"self":[{"href":"https:\/\/shop.huppa.eu\/lt\/wp-json\/wp\/v2\/product\/520724","targetHints":{"allow":["GET"]}}],"collection":[{"href":"https:\/\/shop.huppa.eu\/lt\/wp-json\/wp\/v2\/product"}],"about":[{"href":"https:\/\/shop.huppa.eu\/lt\/wp-json\/wp\/v2\/types\/product"}],"wp:featuredmedia":[{"embeddable":true,"href":"https:\/\/shop.huppa.eu\/lt\/wp-json\/wp\/v2\/media\/520726"}],"wp:attachment":[{"href":"https:\/\/shop.huppa.eu\/lt\/wp-json\/wp\/v2\/media?parent=520724"}],"wp:term":[{"taxonomy":"product_brand","embeddable":true,"href":"https:\/\/shop.huppa.eu\/lt\/wp-json\/wp\/v2\/product_brand?post=520724"},{"taxonomy":"product_cat","embeddable":true,"href":"https:\/\/shop.huppa.eu\/lt\/wp-json\/wp\/v2\/product_cat?post=520724"},{"taxonomy":"product_tag","embeddable":true,"href":"https:\/\/shop.huppa.eu\/lt\/wp-json\/wp\/v2\/product_tag?post=520724"}],"curies":[{"name":"wp","href":"https:\/\/api.w.org\/{rel}","templated":true}]}}