{"id":520971,"date":"2025-11-24T18:09:27","date_gmt":"2025-11-24T16:09:27","guid":{"rendered":"https:\/\/shop.huppa.eu\/lt\/product\/avery-300g160g-22\/"},"modified":"2026-04-15T06:24:09","modified_gmt":"2026-04-15T04:24:09","slug":"avery-300g160g-22","status":"publish","type":"product","link":"https:\/\/shop.huppa.eu\/lt\/product\/avery-300g160g-22\/","title":{"rendered":"Vaik\u0173 \u017eieminis komplektas AVERY (300g+160g)"},"content":{"rendered":"<p>Vaik\u0173 \u017eiemos komplektas. Komplektas turi gra\u017e\u0173 mink\u0161t\u0105 medviln\u0117s flanelio pamu\u0161al\u0105 ir kv\u0117puojant\u012f bei vandeniui atspar\u0173 vir\u0161utin\u012f audin\u012f, kuris gerai tinka m\u016bs\u0173 klimatui. Striuk\u0117 turi 300 g, o keln\u0117s &#8211; 160 g \u0161iltinimo med\u017eiagos. Auk\u0161tu liemeniu keln\u0117s turi suklijuot\u0105 s\u0117dyn\u0117s si\u016bl\u0119, kuri leid\u017eia ma\u017eyliui m\u0117gautis \u017eiemos d\u017eiaugsmais be r\u016bpes\u010di\u0173 ir kartu i\u0161likti sausam bei \u0161iltam. Patogesniam ne\u0161iojimui komplektas turi nuimam\u0105 kailio gobtuvo, reguliuojamas elastines petne\u0161as ir du puikius ki\u0161enius radini\u0173 laikymui. At\u0161vaitin\u0117s detal\u0117s kirpimuose leid\u017eia saugiai \u017eaisti net tamsoje.<\/p>\n","protected":false},"excerpt":{"rendered":"<p>Vaik\u0173 \u017eiemos komplektas. Komplektas turi gra\u017e\u0173 mink\u0161t\u0105 medviln\u0117s flanelio pamu\u0161al\u0105 ir kv\u0117puojant\u012f bei vandeniui atspar\u0173 vir\u0161utin\u012f audin\u012f, kuris gerai tinka m\u016bs\u0173 klimatui. Striuk\u0117 turi 300 g, o keln\u0117s &#8211; 160 g \u0161iltinimo med\u017eiagos. Auk\u0161tu liemeniu keln\u0117s turi suklijuot\u0105 s\u0117dyn\u0117s si\u016bl\u0119, kuri leid\u017eia ma\u017eyliui m\u0117gautis \u017eiemos d\u017eiaugsmais be r\u016bpes\u010di\u0173 ir kartu i\u0161likti sausam bei \u0161iltam. Patogesniam [&hellip;]<\/p>\n","protected":false},"featured_media":438468,"template":"","meta":{"_acf_changed":false},"product_brand":[],"product_cat":[90,1477,1478,1479,19],"product_tag":[],"class_list":{"0":"post-520971","1":"product","2":"type-product","3":"status-publish","4":"has-post-thumbnail","6":"product_cat-berniuku","7":"product_cat-komplektai","8":"product_cat-komplektai-2","9":"product_cat-komplektai-berniuku","10":"product_cat-vaikai","11":"pa_amzius-vaikai","12":"pa_atsparumas-vandeniui-10-000mm","13":"pa_dydis-79","14":"pa_dydis-410","15":"pa_izoliacijos-svoris-300g160g","16":"pa_kolekcija-nr-w21-22","17":"pa_kolekcijos-dalis-classic","18":"pa_lytis-berniuku","19":"pa_oro-pralaidumas-10-000g-m-24h","20":"pa_prekes-artikulas-41780030-14747","21":"pa_uzpildas-300g160g","23":"first","24":"instock","25":"sale","26":"taxable","27":"shipping-taxable","28":"purchasable","29":"product-type-variable"},"acf":[],"yoast_head":"<!-- This site is optimized with the Yoast SEO plugin v26.8 - https:\/\/yoast.com\/product\/yoast-seo-wordpress\/ -->\n<title>Vaik\u0173 \u017eieminis komplektas AVERY (300g+160g) - Huppa LT<\/title>\n<meta name=\"robots\" content=\"index, follow, max-snippet:-1, max-image-preview:large, max-video-preview:-1\" \/>\n<link rel=\"canonical\" href=\"https:\/\/shop.huppa.eu\/lt\/product\/avery-300g160g-22\/\" \/>\n<meta property=\"og:locale\" content=\"lt_LT\" \/>\n<meta property=\"og:type\" content=\"article\" \/>\n<meta property=\"og:title\" content=\"Vaik\u0173 \u017eieminis komplektas AVERY (300g+160g) - Huppa LT\" \/>\n<meta property=\"og:description\" content=\"Vaik\u0173 \u017eiemos komplektas. Komplektas turi gra\u017e\u0173 mink\u0161t\u0105 medviln\u0117s flanelio pamu\u0161al\u0105 ir kv\u0117puojant\u012f bei vandeniui atspar\u0173 vir\u0161utin\u012f audin\u012f, kuris gerai tinka m\u016bs\u0173 klimatui. Striuk\u0117 turi 300 g, o keln\u0117s &#8211; 160 g \u0161iltinimo med\u017eiagos. Auk\u0161tu liemeniu keln\u0117s turi suklijuot\u0105 s\u0117dyn\u0117s si\u016bl\u0119, kuri leid\u017eia ma\u017eyliui m\u0117gautis \u017eiemos d\u017eiaugsmais be r\u016bpes\u010di\u0173 ir kartu i\u0161likti sausam bei \u0161iltam. Patogesniam [&hellip;]\" \/>\n<meta property=\"og:url\" content=\"https:\/\/shop.huppa.eu\/lt\/product\/avery-300g160g-22\/\" \/>\n<meta property=\"og:site_name\" content=\"Huppa LT\" \/>\n<meta property=\"article:modified_time\" content=\"2026-04-15T04:24:09+00:00\" \/>\n<meta property=\"og:image\" content=\"https:\/\/huppashop-prod.s3.eu-north-1.amazonaws.com\/wp-content\/uploads\/sites\/3\/2021\/10\/07043205\/41780030-14747-AVERY_f.jpg\" \/>\n\t<meta property=\"og:image:width\" content=\"1200\" \/>\n\t<meta property=\"og:image:height\" content=\"1200\" \/>\n\t<meta property=\"og:image:type\" content=\"image\/jpeg\" \/>\n<meta name=\"twitter:card\" content=\"summary_large_image\" \/>\n<meta name=\"twitter:label1\" content=\"Est. reading time\" \/>\n\t<meta name=\"twitter:data1\" content=\"1 minut\u0117\" \/>\n<script type=\"application\/ld+json\" class=\"yoast-schema-graph\">{\"@context\":\"https:\/\/schema.org\",\"@graph\":[{\"@type\":\"WebPage\",\"@id\":\"https:\/\/shop.huppa.eu\/lt\/product\/avery-300g160g-22\/\",\"url\":\"https:\/\/shop.huppa.eu\/lt\/product\/avery-300g160g-22\/\",\"name\":\"Vaik\u0173 \u017eieminis komplektas AVERY (300g+160g) - Huppa LT\",\"isPartOf\":{\"@id\":\"https:\/\/shop.huppa.eu\/lt\/#website\"},\"primaryImageOfPage\":{\"@id\":\"https:\/\/shop.huppa.eu\/lt\/product\/avery-300g160g-22\/#primaryimage\"},\"image\":{\"@id\":\"https:\/\/shop.huppa.eu\/lt\/product\/avery-300g160g-22\/#primaryimage\"},\"thumbnailUrl\":\"https:\/\/huppashop-prod.s3.eu-north-1.amazonaws.com\/wp-content\/uploads\/sites\/3\/2021\/10\/07043205\/41780030-14747-AVERY_f.jpg\",\"datePublished\":\"2025-11-24T16:09:27+00:00\",\"dateModified\":\"2026-04-15T04:24:09+00:00\",\"breadcrumb\":{\"@id\":\"https:\/\/shop.huppa.eu\/lt\/product\/avery-300g160g-22\/#breadcrumb\"},\"inLanguage\":\"lt-LT\",\"potentialAction\":[{\"@type\":\"ReadAction\",\"target\":[\"https:\/\/shop.huppa.eu\/lt\/product\/avery-300g160g-22\/\"]}]},{\"@type\":\"ImageObject\",\"inLanguage\":\"lt-LT\",\"@id\":\"https:\/\/shop.huppa.eu\/lt\/product\/avery-300g160g-22\/#primaryimage\",\"url\":\"https:\/\/huppashop-prod.s3.eu-north-1.amazonaws.com\/wp-content\/uploads\/sites\/3\/2021\/10\/07043205\/41780030-14747-AVERY_f.jpg\",\"contentUrl\":\"https:\/\/huppashop-prod.s3.eu-north-1.amazonaws.com\/wp-content\/uploads\/sites\/3\/2021\/10\/07043205\/41780030-14747-AVERY_f.jpg\",\"width\":1200,\"height\":1200},{\"@type\":\"BreadcrumbList\",\"@id\":\"https:\/\/shop.huppa.eu\/lt\/product\/avery-300g160g-22\/#breadcrumb\",\"itemListElement\":[{\"@type\":\"ListItem\",\"position\":1,\"name\":\"Shop\",\"item\":\"https:\/\/shop.huppa.eu\/lt\/shop\/\"},{\"@type\":\"ListItem\",\"position\":2,\"name\":\"Vaik\u0173 \u017eieminis komplektas AVERY (300g+160g)\"}]},{\"@type\":\"WebSite\",\"@id\":\"https:\/\/shop.huppa.eu\/lt\/#website\",\"url\":\"https:\/\/shop.huppa.eu\/lt\/\",\"name\":\"Huppa LT\",\"description\":\"Huppa LT\",\"potentialAction\":[{\"@type\":\"SearchAction\",\"target\":{\"@type\":\"EntryPoint\",\"urlTemplate\":\"https:\/\/shop.huppa.eu\/lt\/?s={search_term_string}\"},\"query-input\":{\"@type\":\"PropertyValueSpecification\",\"valueRequired\":true,\"valueName\":\"search_term_string\"}}],\"inLanguage\":\"lt-LT\"}]}<\/script>\n<!-- \/ Yoast SEO plugin. -->","yoast_head_json":{"title":"Vaik\u0173 \u017eieminis komplektas AVERY (300g+160g) - Huppa LT","robots":{"index":"index","follow":"follow","max-snippet":"max-snippet:-1","max-image-preview":"max-image-preview:large","max-video-preview":"max-video-preview:-1"},"canonical":"https:\/\/shop.huppa.eu\/lt\/product\/avery-300g160g-22\/","og_locale":"lt_LT","og_type":"article","og_title":"Vaik\u0173 \u017eieminis komplektas AVERY (300g+160g) - Huppa LT","og_description":"Vaik\u0173 \u017eiemos komplektas. Komplektas turi gra\u017e\u0173 mink\u0161t\u0105 medviln\u0117s flanelio pamu\u0161al\u0105 ir kv\u0117puojant\u012f bei vandeniui atspar\u0173 vir\u0161utin\u012f audin\u012f, kuris gerai tinka m\u016bs\u0173 klimatui. Striuk\u0117 turi 300 g, o keln\u0117s &#8211; 160 g \u0161iltinimo med\u017eiagos. Auk\u0161tu liemeniu keln\u0117s turi suklijuot\u0105 s\u0117dyn\u0117s si\u016bl\u0119, kuri leid\u017eia ma\u017eyliui m\u0117gautis \u017eiemos d\u017eiaugsmais be r\u016bpes\u010di\u0173 ir kartu i\u0161likti sausam bei \u0161iltam. Patogesniam [&hellip;]","og_url":"https:\/\/shop.huppa.eu\/lt\/product\/avery-300g160g-22\/","og_site_name":"Huppa LT","article_modified_time":"2026-04-15T04:24:09+00:00","og_image":[{"width":1200,"height":1200,"url":"https:\/\/huppashop-prod.s3.eu-north-1.amazonaws.com\/wp-content\/uploads\/sites\/3\/2021\/10\/07043205\/41780030-14747-AVERY_f.jpg","type":"image\/jpeg"}],"twitter_card":"summary_large_image","twitter_misc":{"Est. reading time":"1 minut\u0117"},"schema":{"@context":"https:\/\/schema.org","@graph":[{"@type":"WebPage","@id":"https:\/\/shop.huppa.eu\/lt\/product\/avery-300g160g-22\/","url":"https:\/\/shop.huppa.eu\/lt\/product\/avery-300g160g-22\/","name":"Vaik\u0173 \u017eieminis komplektas AVERY (300g+160g) - Huppa LT","isPartOf":{"@id":"https:\/\/shop.huppa.eu\/lt\/#website"},"primaryImageOfPage":{"@id":"https:\/\/shop.huppa.eu\/lt\/product\/avery-300g160g-22\/#primaryimage"},"image":{"@id":"https:\/\/shop.huppa.eu\/lt\/product\/avery-300g160g-22\/#primaryimage"},"thumbnailUrl":"https:\/\/huppashop-prod.s3.eu-north-1.amazonaws.com\/wp-content\/uploads\/sites\/3\/2021\/10\/07043205\/41780030-14747-AVERY_f.jpg","datePublished":"2025-11-24T16:09:27+00:00","dateModified":"2026-04-15T04:24:09+00:00","breadcrumb":{"@id":"https:\/\/shop.huppa.eu\/lt\/product\/avery-300g160g-22\/#breadcrumb"},"inLanguage":"lt-LT","potentialAction":[{"@type":"ReadAction","target":["https:\/\/shop.huppa.eu\/lt\/product\/avery-300g160g-22\/"]}]},{"@type":"ImageObject","inLanguage":"lt-LT","@id":"https:\/\/shop.huppa.eu\/lt\/product\/avery-300g160g-22\/#primaryimage","url":"https:\/\/huppashop-prod.s3.eu-north-1.amazonaws.com\/wp-content\/uploads\/sites\/3\/2021\/10\/07043205\/41780030-14747-AVERY_f.jpg","contentUrl":"https:\/\/huppashop-prod.s3.eu-north-1.amazonaws.com\/wp-content\/uploads\/sites\/3\/2021\/10\/07043205\/41780030-14747-AVERY_f.jpg","width":1200,"height":1200},{"@type":"BreadcrumbList","@id":"https:\/\/shop.huppa.eu\/lt\/product\/avery-300g160g-22\/#breadcrumb","itemListElement":[{"@type":"ListItem","position":1,"name":"Shop","item":"https:\/\/shop.huppa.eu\/lt\/shop\/"},{"@type":"ListItem","position":2,"name":"Vaik\u0173 \u017eieminis komplektas AVERY (300g+160g)"}]},{"@type":"WebSite","@id":"https:\/\/shop.huppa.eu\/lt\/#website","url":"https:\/\/shop.huppa.eu\/lt\/","name":"Huppa LT","description":"Huppa LT","potentialAction":[{"@type":"SearchAction","target":{"@type":"EntryPoint","urlTemplate":"https:\/\/shop.huppa.eu\/lt\/?s={search_term_string}"},"query-input":{"@type":"PropertyValueSpecification","valueRequired":true,"valueName":"search_term_string"}}],"inLanguage":"lt-LT"}]}},"_links":{"self":[{"href":"https:\/\/shop.huppa.eu\/lt\/wp-json\/wp\/v2\/product\/520971","targetHints":{"allow":["GET"]}}],"collection":[{"href":"https:\/\/shop.huppa.eu\/lt\/wp-json\/wp\/v2\/product"}],"about":[{"href":"https:\/\/shop.huppa.eu\/lt\/wp-json\/wp\/v2\/types\/product"}],"wp:featuredmedia":[{"embeddable":true,"href":"https:\/\/shop.huppa.eu\/lt\/wp-json\/wp\/v2\/media\/438468"}],"wp:attachment":[{"href":"https:\/\/shop.huppa.eu\/lt\/wp-json\/wp\/v2\/media?parent=520971"}],"wp:term":[{"taxonomy":"product_brand","embeddable":true,"href":"https:\/\/shop.huppa.eu\/lt\/wp-json\/wp\/v2\/product_brand?post=520971"},{"taxonomy":"product_cat","embeddable":true,"href":"https:\/\/shop.huppa.eu\/lt\/wp-json\/wp\/v2\/product_cat?post=520971"},{"taxonomy":"product_tag","embeddable":true,"href":"https:\/\/shop.huppa.eu\/lt\/wp-json\/wp\/v2\/product_tag?post=520971"}],"curies":[{"name":"wp","href":"https:\/\/api.w.org\/{rel}","templated":true}]}}