{"id":521056,"date":"2025-11-24T18:10:54","date_gmt":"2025-11-24T16:10:54","guid":{"rendered":"https:\/\/shop.huppa.eu\/lt\/product\/avery-1-200g100g-2\/"},"modified":"2026-04-15T06:27:05","modified_gmt":"2026-04-15T04:27:05","slug":"avery-1-200g100g-2","status":"publish","type":"product","link":"https:\/\/shop.huppa.eu\/lt\/product\/avery-1-200g100g-2\/","title":{"rendered":"Vaik\u0173 \u017eieminis komplektas AVERY 1 (200g+100g)"},"content":{"rendered":"<p>Vaik\u0173 \u017eiemos komplektas. Komplekte yra malonus mink\u0161tas medviln\u0117s flanelio pamu\u0161alas ir kv\u0117puojantis bei nepermirkstantis i\u0161orinis audinys, kuris puikiai tinka m\u016bs\u0173 klimatui. Striuk\u0117 turi 200g, o keln\u0117s &#8211; 100g \u0161ildomosios med\u017eiagos. Auk\u0161tu liemeniu keln\u0117s turi suklijuot\u0105 s\u0117dyn\u0117s si\u016bl\u0119, tod\u0117l ma\u017eylis gali d\u017eiaugtis \u017eiemos pramogomis nesir\u016bpindamas ir kartu i\u0161likti sausas bei \u0161iltas. Patogesniam ne\u0161iojimui komplekte yra nuimamas kailinis gobtuvas, reguliuojamos elastin\u0117s petne\u0161os ir du puik\u016bs ki\u0161eniai radini\u0173 saugojimui. At\u0161vaitai i\u0161kirptuose leid\u017eia saugiai \u017eaisti net ir tamsoje.<\/p>\n","protected":false},"excerpt":{"rendered":"<p>Vaik\u0173 \u017eiemos komplektas. Komplekte yra malonus mink\u0161tas medviln\u0117s flanelio pamu\u0161alas ir kv\u0117puojantis bei nepermirkstantis i\u0161orinis audinys, kuris puikiai tinka m\u016bs\u0173 klimatui. Striuk\u0117 turi 200g, o keln\u0117s &#8211; 100g \u0161ildomosios med\u017eiagos. Auk\u0161tu liemeniu keln\u0117s turi suklijuot\u0105 s\u0117dyn\u0117s si\u016bl\u0119, tod\u0117l ma\u017eylis gali d\u017eiaugtis \u017eiemos pramogomis nesir\u016bpindamas ir kartu i\u0161likti sausas bei \u0161iltas. Patogesniam ne\u0161iojimui komplekte yra nuimamas [&hellip;]<\/p>\n","protected":false},"featured_media":521058,"template":"","meta":{"_acf_changed":false},"product_brand":[],"product_cat":[90,1478,1479,1477,19],"product_tag":[],"class_list":{"0":"post-521056","1":"product","2":"type-product","3":"status-publish","4":"has-post-thumbnail","6":"product_cat-berniuku","7":"product_cat-komplektai-2","8":"product_cat-komplektai-berniuku","9":"product_cat-komplektai","10":"product_cat-vaikai","11":"pa_amzius-vaikai","12":"pa_atsparumas-vandeniui-5000-10000mm","13":"pa_dydis-409","14":"pa_izoliacijos-svoris-200g100g","15":"pa_kolekcija-nr-w18-19","16":"pa_kolekcijos-dalis-classic","17":"pa_lytis-berniuku","18":"pa_oro-pralaidumas-5000-10000g-m-24h","19":"pa_prekes-artikulas-41780120-83335","20":"pa_uzpildas-200g100g","22":"first","23":"instock","24":"sale","25":"taxable","26":"shipping-taxable","27":"purchasable","28":"product-type-variable"},"acf":[],"yoast_head":"<!-- This site is optimized with the Yoast SEO plugin v26.8 - https:\/\/yoast.com\/product\/yoast-seo-wordpress\/ -->\n<title>Vaik\u0173 \u017eieminis komplektas AVERY 1 (200g+100g) - Huppa LT<\/title>\n<meta name=\"robots\" content=\"index, follow, max-snippet:-1, max-image-preview:large, max-video-preview:-1\" \/>\n<link rel=\"canonical\" href=\"https:\/\/shop.huppa.eu\/lt\/product\/avery-1-200g100g-2\/\" \/>\n<meta property=\"og:locale\" content=\"lt_LT\" \/>\n<meta property=\"og:type\" content=\"article\" \/>\n<meta property=\"og:title\" content=\"Vaik\u0173 \u017eieminis komplektas AVERY 1 (200g+100g) - Huppa LT\" \/>\n<meta property=\"og:description\" content=\"Vaik\u0173 \u017eiemos komplektas. Komplekte yra malonus mink\u0161tas medviln\u0117s flanelio pamu\u0161alas ir kv\u0117puojantis bei nepermirkstantis i\u0161orinis audinys, kuris puikiai tinka m\u016bs\u0173 klimatui. Striuk\u0117 turi 200g, o keln\u0117s &#8211; 100g \u0161ildomosios med\u017eiagos. Auk\u0161tu liemeniu keln\u0117s turi suklijuot\u0105 s\u0117dyn\u0117s si\u016bl\u0119, tod\u0117l ma\u017eylis gali d\u017eiaugtis \u017eiemos pramogomis nesir\u016bpindamas ir kartu i\u0161likti sausas bei \u0161iltas. Patogesniam ne\u0161iojimui komplekte yra nuimamas [&hellip;]\" \/>\n<meta property=\"og:url\" content=\"https:\/\/shop.huppa.eu\/lt\/product\/avery-1-200g100g-2\/\" \/>\n<meta property=\"og:site_name\" content=\"Huppa LT\" \/>\n<meta property=\"article:modified_time\" content=\"2026-04-15T04:27:05+00:00\" \/>\n<meta property=\"og:image\" content=\"https:\/\/huppashop-prod.s3.eu-north-1.amazonaws.com\/wp-content\/uploads\/sites\/5\/2025\/11\/24181055\/41780120-83335-AVERY1f.jpg\" \/>\n\t<meta property=\"og:image:width\" content=\"800\" \/>\n\t<meta property=\"og:image:height\" content=\"800\" \/>\n\t<meta property=\"og:image:type\" content=\"image\/jpeg\" \/>\n<meta name=\"twitter:card\" content=\"summary_large_image\" \/>\n<meta name=\"twitter:label1\" content=\"Est. reading time\" \/>\n\t<meta name=\"twitter:data1\" content=\"1 minut\u0117\" \/>\n<script type=\"application\/ld+json\" class=\"yoast-schema-graph\">{\"@context\":\"https:\/\/schema.org\",\"@graph\":[{\"@type\":\"WebPage\",\"@id\":\"https:\/\/shop.huppa.eu\/lt\/product\/avery-1-200g100g-2\/\",\"url\":\"https:\/\/shop.huppa.eu\/lt\/product\/avery-1-200g100g-2\/\",\"name\":\"Vaik\u0173 \u017eieminis komplektas AVERY 1 (200g+100g) - Huppa LT\",\"isPartOf\":{\"@id\":\"https:\/\/shop.huppa.eu\/lt\/#website\"},\"primaryImageOfPage\":{\"@id\":\"https:\/\/shop.huppa.eu\/lt\/product\/avery-1-200g100g-2\/#primaryimage\"},\"image\":{\"@id\":\"https:\/\/shop.huppa.eu\/lt\/product\/avery-1-200g100g-2\/#primaryimage\"},\"thumbnailUrl\":\"https:\/\/huppashop-prod.s3.eu-north-1.amazonaws.com\/wp-content\/uploads\/sites\/5\/2025\/11\/24181055\/41780120-83335-AVERY1f.jpg\",\"datePublished\":\"2025-11-24T16:10:54+00:00\",\"dateModified\":\"2026-04-15T04:27:05+00:00\",\"breadcrumb\":{\"@id\":\"https:\/\/shop.huppa.eu\/lt\/product\/avery-1-200g100g-2\/#breadcrumb\"},\"inLanguage\":\"lt-LT\",\"potentialAction\":[{\"@type\":\"ReadAction\",\"target\":[\"https:\/\/shop.huppa.eu\/lt\/product\/avery-1-200g100g-2\/\"]}]},{\"@type\":\"ImageObject\",\"inLanguage\":\"lt-LT\",\"@id\":\"https:\/\/shop.huppa.eu\/lt\/product\/avery-1-200g100g-2\/#primaryimage\",\"url\":\"https:\/\/huppashop-prod.s3.eu-north-1.amazonaws.com\/wp-content\/uploads\/sites\/5\/2025\/11\/24181055\/41780120-83335-AVERY1f.jpg\",\"contentUrl\":\"https:\/\/huppashop-prod.s3.eu-north-1.amazonaws.com\/wp-content\/uploads\/sites\/5\/2025\/11\/24181055\/41780120-83335-AVERY1f.jpg\",\"width\":800,\"height\":800},{\"@type\":\"BreadcrumbList\",\"@id\":\"https:\/\/shop.huppa.eu\/lt\/product\/avery-1-200g100g-2\/#breadcrumb\",\"itemListElement\":[{\"@type\":\"ListItem\",\"position\":1,\"name\":\"Shop\",\"item\":\"https:\/\/shop.huppa.eu\/lt\/shop\/\"},{\"@type\":\"ListItem\",\"position\":2,\"name\":\"Vaik\u0173 \u017eieminis komplektas AVERY 1 (200g+100g)\"}]},{\"@type\":\"WebSite\",\"@id\":\"https:\/\/shop.huppa.eu\/lt\/#website\",\"url\":\"https:\/\/shop.huppa.eu\/lt\/\",\"name\":\"Huppa LT\",\"description\":\"Huppa LT\",\"potentialAction\":[{\"@type\":\"SearchAction\",\"target\":{\"@type\":\"EntryPoint\",\"urlTemplate\":\"https:\/\/shop.huppa.eu\/lt\/?s={search_term_string}\"},\"query-input\":{\"@type\":\"PropertyValueSpecification\",\"valueRequired\":true,\"valueName\":\"search_term_string\"}}],\"inLanguage\":\"lt-LT\"}]}<\/script>\n<!-- \/ Yoast SEO plugin. -->","yoast_head_json":{"title":"Vaik\u0173 \u017eieminis komplektas AVERY 1 (200g+100g) - Huppa LT","robots":{"index":"index","follow":"follow","max-snippet":"max-snippet:-1","max-image-preview":"max-image-preview:large","max-video-preview":"max-video-preview:-1"},"canonical":"https:\/\/shop.huppa.eu\/lt\/product\/avery-1-200g100g-2\/","og_locale":"lt_LT","og_type":"article","og_title":"Vaik\u0173 \u017eieminis komplektas AVERY 1 (200g+100g) - Huppa LT","og_description":"Vaik\u0173 \u017eiemos komplektas. Komplekte yra malonus mink\u0161tas medviln\u0117s flanelio pamu\u0161alas ir kv\u0117puojantis bei nepermirkstantis i\u0161orinis audinys, kuris puikiai tinka m\u016bs\u0173 klimatui. Striuk\u0117 turi 200g, o keln\u0117s &#8211; 100g \u0161ildomosios med\u017eiagos. Auk\u0161tu liemeniu keln\u0117s turi suklijuot\u0105 s\u0117dyn\u0117s si\u016bl\u0119, tod\u0117l ma\u017eylis gali d\u017eiaugtis \u017eiemos pramogomis nesir\u016bpindamas ir kartu i\u0161likti sausas bei \u0161iltas. Patogesniam ne\u0161iojimui komplekte yra nuimamas [&hellip;]","og_url":"https:\/\/shop.huppa.eu\/lt\/product\/avery-1-200g100g-2\/","og_site_name":"Huppa LT","article_modified_time":"2026-04-15T04:27:05+00:00","og_image":[{"width":800,"height":800,"url":"https:\/\/huppashop-prod.s3.eu-north-1.amazonaws.com\/wp-content\/uploads\/sites\/5\/2025\/11\/24181055\/41780120-83335-AVERY1f.jpg","type":"image\/jpeg"}],"twitter_card":"summary_large_image","twitter_misc":{"Est. reading time":"1 minut\u0117"},"schema":{"@context":"https:\/\/schema.org","@graph":[{"@type":"WebPage","@id":"https:\/\/shop.huppa.eu\/lt\/product\/avery-1-200g100g-2\/","url":"https:\/\/shop.huppa.eu\/lt\/product\/avery-1-200g100g-2\/","name":"Vaik\u0173 \u017eieminis komplektas AVERY 1 (200g+100g) - Huppa LT","isPartOf":{"@id":"https:\/\/shop.huppa.eu\/lt\/#website"},"primaryImageOfPage":{"@id":"https:\/\/shop.huppa.eu\/lt\/product\/avery-1-200g100g-2\/#primaryimage"},"image":{"@id":"https:\/\/shop.huppa.eu\/lt\/product\/avery-1-200g100g-2\/#primaryimage"},"thumbnailUrl":"https:\/\/huppashop-prod.s3.eu-north-1.amazonaws.com\/wp-content\/uploads\/sites\/5\/2025\/11\/24181055\/41780120-83335-AVERY1f.jpg","datePublished":"2025-11-24T16:10:54+00:00","dateModified":"2026-04-15T04:27:05+00:00","breadcrumb":{"@id":"https:\/\/shop.huppa.eu\/lt\/product\/avery-1-200g100g-2\/#breadcrumb"},"inLanguage":"lt-LT","potentialAction":[{"@type":"ReadAction","target":["https:\/\/shop.huppa.eu\/lt\/product\/avery-1-200g100g-2\/"]}]},{"@type":"ImageObject","inLanguage":"lt-LT","@id":"https:\/\/shop.huppa.eu\/lt\/product\/avery-1-200g100g-2\/#primaryimage","url":"https:\/\/huppashop-prod.s3.eu-north-1.amazonaws.com\/wp-content\/uploads\/sites\/5\/2025\/11\/24181055\/41780120-83335-AVERY1f.jpg","contentUrl":"https:\/\/huppashop-prod.s3.eu-north-1.amazonaws.com\/wp-content\/uploads\/sites\/5\/2025\/11\/24181055\/41780120-83335-AVERY1f.jpg","width":800,"height":800},{"@type":"BreadcrumbList","@id":"https:\/\/shop.huppa.eu\/lt\/product\/avery-1-200g100g-2\/#breadcrumb","itemListElement":[{"@type":"ListItem","position":1,"name":"Shop","item":"https:\/\/shop.huppa.eu\/lt\/shop\/"},{"@type":"ListItem","position":2,"name":"Vaik\u0173 \u017eieminis komplektas AVERY 1 (200g+100g)"}]},{"@type":"WebSite","@id":"https:\/\/shop.huppa.eu\/lt\/#website","url":"https:\/\/shop.huppa.eu\/lt\/","name":"Huppa LT","description":"Huppa LT","potentialAction":[{"@type":"SearchAction","target":{"@type":"EntryPoint","urlTemplate":"https:\/\/shop.huppa.eu\/lt\/?s={search_term_string}"},"query-input":{"@type":"PropertyValueSpecification","valueRequired":true,"valueName":"search_term_string"}}],"inLanguage":"lt-LT"}]}},"_links":{"self":[{"href":"https:\/\/shop.huppa.eu\/lt\/wp-json\/wp\/v2\/product\/521056","targetHints":{"allow":["GET"]}}],"collection":[{"href":"https:\/\/shop.huppa.eu\/lt\/wp-json\/wp\/v2\/product"}],"about":[{"href":"https:\/\/shop.huppa.eu\/lt\/wp-json\/wp\/v2\/types\/product"}],"wp:featuredmedia":[{"embeddable":true,"href":"https:\/\/shop.huppa.eu\/lt\/wp-json\/wp\/v2\/media\/521058"}],"wp:attachment":[{"href":"https:\/\/shop.huppa.eu\/lt\/wp-json\/wp\/v2\/media?parent=521056"}],"wp:term":[{"taxonomy":"product_brand","embeddable":true,"href":"https:\/\/shop.huppa.eu\/lt\/wp-json\/wp\/v2\/product_brand?post=521056"},{"taxonomy":"product_cat","embeddable":true,"href":"https:\/\/shop.huppa.eu\/lt\/wp-json\/wp\/v2\/product_cat?post=521056"},{"taxonomy":"product_tag","embeddable":true,"href":"https:\/\/shop.huppa.eu\/lt\/wp-json\/wp\/v2\/product_tag?post=521056"}],"curies":[{"name":"wp","href":"https:\/\/api.w.org\/{rel}","templated":true}]}}