{"id":521093,"date":"2025-11-24T18:11:31","date_gmt":"2025-11-24T16:11:31","guid":{"rendered":"https:\/\/shop.huppa.eu\/lt\/product\/noelle-1-300g160g\/"},"modified":"2026-04-16T06:27:10","modified_gmt":"2026-04-16T04:27:10","slug":"noelle-1-300g160g","status":"publish","type":"product","link":"https:\/\/shop.huppa.eu\/lt\/product\/noelle-1-300g160g\/","title":{"rendered":"Mergai\u010di\u0173 \u017eieminis komplektas NOELLE 1 (300g+160g)"},"content":{"rendered":"<p>Vaik\u0173 \u017eiemos komplektas. Striuk\u0117 turi 300 g \u0161iltinim\u0105 ir mink\u0161tu daliniu flanel\u0117s bei tafetos pamu\u0161alu. Auk\u0161to liemens keln\u0117s turi 160 g \u0161iltinim\u0105 ir taip pat maloniai mink\u0161tu daliniu flanel\u0117s bei tafetos pamu\u0161alu, bei elastin\u0119 juost\u0105 nugaroje patogesniam d\u0117v\u0117jimui. Komplekto striuk\u0117 turi nuimam\u0105 kailinis gobtuvas, at\u0161vaitines detales ant dviej\u0173 ki\u0161eni\u0173 sklend\u0173. Keln\u0117s turi reguliuojamus elastingus palaikymo dir\u017eelius ir puiki\u0105 ki\u0161en\u0119 radiniams saugoti.<\/p>\n","protected":false},"excerpt":{"rendered":"<p>Vaik\u0173 \u017eiemos komplektas. Striuk\u0117 turi 300 g \u0161iltinim\u0105 ir mink\u0161tu daliniu flanel\u0117s bei tafetos pamu\u0161alu. Auk\u0161to liemens keln\u0117s turi 160 g \u0161iltinim\u0105 ir taip pat maloniai mink\u0161tu daliniu flanel\u0117s bei tafetos pamu\u0161alu, bei elastin\u0119 juost\u0105 nugaroje patogesniam d\u0117v\u0117jimui. Komplekto striuk\u0117 turi nuimam\u0105 kailinis gobtuvas, at\u0161vaitines detales ant dviej\u0173 ki\u0161eni\u0173 sklend\u0173. Keln\u0117s turi reguliuojamus elastingus palaikymo [&hellip;]<\/p>\n","protected":false},"featured_media":521098,"template":"","meta":{"_acf_changed":false},"product_brand":[],"product_cat":[1477,1478,1510,102,19],"product_tag":[],"class_list":{"0":"post-521093","1":"product","2":"type-product","3":"status-publish","4":"has-post-thumbnail","6":"product_cat-komplektai","7":"product_cat-komplektai-2","8":"product_cat-komplektai-mergaiciu","9":"product_cat-mergaiciu","10":"product_cat-vaikai","11":"pa_amzius-vaikai","12":"pa_atsparumas-vandeniui-5000mm","13":"pa_dydis-409","14":"pa_dydis-410","15":"pa_dydis-411","16":"pa_dydis-412","17":"pa_izoliacijos-svoris-300g160g","18":"pa_kolekcija-nr-w17-18","19":"pa_kolekcijos-dalis-fashion","20":"pa_lytis-mergaiciu","21":"pa_oro-pralaidumas-5000g-m-24h","22":"pa_prekes-artikulas-41820130-71346","23":"pa_uzpildas-300g160g","25":"first","26":"instock","27":"sale","28":"taxable","29":"shipping-taxable","30":"purchasable","31":"product-type-variable"},"acf":[],"yoast_head":"<!-- This site is optimized with the Yoast SEO plugin v26.8 - https:\/\/yoast.com\/product\/yoast-seo-wordpress\/ -->\n<title>Mergai\u010di\u0173 \u017eieminis komplektas NOELLE 1 (300g+160g) - Huppa LT<\/title>\n<meta name=\"robots\" content=\"index, follow, max-snippet:-1, max-image-preview:large, max-video-preview:-1\" \/>\n<link rel=\"canonical\" href=\"https:\/\/shop.huppa.eu\/lt\/product\/noelle-1-300g160g\/\" \/>\n<meta property=\"og:locale\" content=\"lt_LT\" \/>\n<meta property=\"og:type\" content=\"article\" \/>\n<meta property=\"og:title\" content=\"Mergai\u010di\u0173 \u017eieminis komplektas NOELLE 1 (300g+160g) - Huppa LT\" \/>\n<meta property=\"og:description\" content=\"Vaik\u0173 \u017eiemos komplektas. Striuk\u0117 turi 300 g \u0161iltinim\u0105 ir mink\u0161tu daliniu flanel\u0117s bei tafetos pamu\u0161alu. Auk\u0161to liemens keln\u0117s turi 160 g \u0161iltinim\u0105 ir taip pat maloniai mink\u0161tu daliniu flanel\u0117s bei tafetos pamu\u0161alu, bei elastin\u0119 juost\u0105 nugaroje patogesniam d\u0117v\u0117jimui. Komplekto striuk\u0117 turi nuimam\u0105 kailinis gobtuvas, at\u0161vaitines detales ant dviej\u0173 ki\u0161eni\u0173 sklend\u0173. Keln\u0117s turi reguliuojamus elastingus palaikymo [&hellip;]\" \/>\n<meta property=\"og:url\" content=\"https:\/\/shop.huppa.eu\/lt\/product\/noelle-1-300g160g\/\" \/>\n<meta property=\"og:site_name\" content=\"Huppa LT\" \/>\n<meta property=\"article:modified_time\" content=\"2026-04-16T04:27:10+00:00\" \/>\n<meta property=\"og:image\" content=\"https:\/\/huppashop-prod.s3.eu-north-1.amazonaws.com\/wp-content\/uploads\/sites\/5\/2025\/11\/24181133\/41820130-71346-NOELLEf.jpg\" \/>\n\t<meta property=\"og:image:width\" content=\"800\" \/>\n\t<meta property=\"og:image:height\" content=\"800\" \/>\n\t<meta property=\"og:image:type\" content=\"image\/jpeg\" \/>\n<meta name=\"twitter:card\" content=\"summary_large_image\" \/>\n<script type=\"application\/ld+json\" class=\"yoast-schema-graph\">{\"@context\":\"https:\/\/schema.org\",\"@graph\":[{\"@type\":\"WebPage\",\"@id\":\"https:\/\/shop.huppa.eu\/lt\/product\/noelle-1-300g160g\/\",\"url\":\"https:\/\/shop.huppa.eu\/lt\/product\/noelle-1-300g160g\/\",\"name\":\"Mergai\u010di\u0173 \u017eieminis komplektas NOELLE 1 (300g+160g) - Huppa LT\",\"isPartOf\":{\"@id\":\"https:\/\/shop.huppa.eu\/lt\/#website\"},\"primaryImageOfPage\":{\"@id\":\"https:\/\/shop.huppa.eu\/lt\/product\/noelle-1-300g160g\/#primaryimage\"},\"image\":{\"@id\":\"https:\/\/shop.huppa.eu\/lt\/product\/noelle-1-300g160g\/#primaryimage\"},\"thumbnailUrl\":\"https:\/\/huppashop-prod.s3.eu-north-1.amazonaws.com\/wp-content\/uploads\/sites\/5\/2025\/11\/24181133\/41820130-71346-NOELLEf.jpg\",\"datePublished\":\"2025-11-24T16:11:31+00:00\",\"dateModified\":\"2026-04-16T04:27:10+00:00\",\"breadcrumb\":{\"@id\":\"https:\/\/shop.huppa.eu\/lt\/product\/noelle-1-300g160g\/#breadcrumb\"},\"inLanguage\":\"lt-LT\",\"potentialAction\":[{\"@type\":\"ReadAction\",\"target\":[\"https:\/\/shop.huppa.eu\/lt\/product\/noelle-1-300g160g\/\"]}]},{\"@type\":\"ImageObject\",\"inLanguage\":\"lt-LT\",\"@id\":\"https:\/\/shop.huppa.eu\/lt\/product\/noelle-1-300g160g\/#primaryimage\",\"url\":\"https:\/\/huppashop-prod.s3.eu-north-1.amazonaws.com\/wp-content\/uploads\/sites\/5\/2025\/11\/24181133\/41820130-71346-NOELLEf.jpg\",\"contentUrl\":\"https:\/\/huppashop-prod.s3.eu-north-1.amazonaws.com\/wp-content\/uploads\/sites\/5\/2025\/11\/24181133\/41820130-71346-NOELLEf.jpg\",\"width\":800,\"height\":800},{\"@type\":\"BreadcrumbList\",\"@id\":\"https:\/\/shop.huppa.eu\/lt\/product\/noelle-1-300g160g\/#breadcrumb\",\"itemListElement\":[{\"@type\":\"ListItem\",\"position\":1,\"name\":\"Shop\",\"item\":\"https:\/\/shop.huppa.eu\/lt\/shop\/\"},{\"@type\":\"ListItem\",\"position\":2,\"name\":\"Mergai\u010di\u0173 \u017eieminis komplektas NOELLE 1 (300g+160g)\"}]},{\"@type\":\"WebSite\",\"@id\":\"https:\/\/shop.huppa.eu\/lt\/#website\",\"url\":\"https:\/\/shop.huppa.eu\/lt\/\",\"name\":\"Huppa LT\",\"description\":\"Huppa LT\",\"potentialAction\":[{\"@type\":\"SearchAction\",\"target\":{\"@type\":\"EntryPoint\",\"urlTemplate\":\"https:\/\/shop.huppa.eu\/lt\/?s={search_term_string}\"},\"query-input\":{\"@type\":\"PropertyValueSpecification\",\"valueRequired\":true,\"valueName\":\"search_term_string\"}}],\"inLanguage\":\"lt-LT\"}]}<\/script>\n<!-- \/ Yoast SEO plugin. -->","yoast_head_json":{"title":"Mergai\u010di\u0173 \u017eieminis komplektas NOELLE 1 (300g+160g) - Huppa LT","robots":{"index":"index","follow":"follow","max-snippet":"max-snippet:-1","max-image-preview":"max-image-preview:large","max-video-preview":"max-video-preview:-1"},"canonical":"https:\/\/shop.huppa.eu\/lt\/product\/noelle-1-300g160g\/","og_locale":"lt_LT","og_type":"article","og_title":"Mergai\u010di\u0173 \u017eieminis komplektas NOELLE 1 (300g+160g) - Huppa LT","og_description":"Vaik\u0173 \u017eiemos komplektas. Striuk\u0117 turi 300 g \u0161iltinim\u0105 ir mink\u0161tu daliniu flanel\u0117s bei tafetos pamu\u0161alu. Auk\u0161to liemens keln\u0117s turi 160 g \u0161iltinim\u0105 ir taip pat maloniai mink\u0161tu daliniu flanel\u0117s bei tafetos pamu\u0161alu, bei elastin\u0119 juost\u0105 nugaroje patogesniam d\u0117v\u0117jimui. Komplekto striuk\u0117 turi nuimam\u0105 kailinis gobtuvas, at\u0161vaitines detales ant dviej\u0173 ki\u0161eni\u0173 sklend\u0173. Keln\u0117s turi reguliuojamus elastingus palaikymo [&hellip;]","og_url":"https:\/\/shop.huppa.eu\/lt\/product\/noelle-1-300g160g\/","og_site_name":"Huppa LT","article_modified_time":"2026-04-16T04:27:10+00:00","og_image":[{"width":800,"height":800,"url":"https:\/\/huppashop-prod.s3.eu-north-1.amazonaws.com\/wp-content\/uploads\/sites\/5\/2025\/11\/24181133\/41820130-71346-NOELLEf.jpg","type":"image\/jpeg"}],"twitter_card":"summary_large_image","schema":{"@context":"https:\/\/schema.org","@graph":[{"@type":"WebPage","@id":"https:\/\/shop.huppa.eu\/lt\/product\/noelle-1-300g160g\/","url":"https:\/\/shop.huppa.eu\/lt\/product\/noelle-1-300g160g\/","name":"Mergai\u010di\u0173 \u017eieminis komplektas NOELLE 1 (300g+160g) - Huppa LT","isPartOf":{"@id":"https:\/\/shop.huppa.eu\/lt\/#website"},"primaryImageOfPage":{"@id":"https:\/\/shop.huppa.eu\/lt\/product\/noelle-1-300g160g\/#primaryimage"},"image":{"@id":"https:\/\/shop.huppa.eu\/lt\/product\/noelle-1-300g160g\/#primaryimage"},"thumbnailUrl":"https:\/\/huppashop-prod.s3.eu-north-1.amazonaws.com\/wp-content\/uploads\/sites\/5\/2025\/11\/24181133\/41820130-71346-NOELLEf.jpg","datePublished":"2025-11-24T16:11:31+00:00","dateModified":"2026-04-16T04:27:10+00:00","breadcrumb":{"@id":"https:\/\/shop.huppa.eu\/lt\/product\/noelle-1-300g160g\/#breadcrumb"},"inLanguage":"lt-LT","potentialAction":[{"@type":"ReadAction","target":["https:\/\/shop.huppa.eu\/lt\/product\/noelle-1-300g160g\/"]}]},{"@type":"ImageObject","inLanguage":"lt-LT","@id":"https:\/\/shop.huppa.eu\/lt\/product\/noelle-1-300g160g\/#primaryimage","url":"https:\/\/huppashop-prod.s3.eu-north-1.amazonaws.com\/wp-content\/uploads\/sites\/5\/2025\/11\/24181133\/41820130-71346-NOELLEf.jpg","contentUrl":"https:\/\/huppashop-prod.s3.eu-north-1.amazonaws.com\/wp-content\/uploads\/sites\/5\/2025\/11\/24181133\/41820130-71346-NOELLEf.jpg","width":800,"height":800},{"@type":"BreadcrumbList","@id":"https:\/\/shop.huppa.eu\/lt\/product\/noelle-1-300g160g\/#breadcrumb","itemListElement":[{"@type":"ListItem","position":1,"name":"Shop","item":"https:\/\/shop.huppa.eu\/lt\/shop\/"},{"@type":"ListItem","position":2,"name":"Mergai\u010di\u0173 \u017eieminis komplektas NOELLE 1 (300g+160g)"}]},{"@type":"WebSite","@id":"https:\/\/shop.huppa.eu\/lt\/#website","url":"https:\/\/shop.huppa.eu\/lt\/","name":"Huppa LT","description":"Huppa LT","potentialAction":[{"@type":"SearchAction","target":{"@type":"EntryPoint","urlTemplate":"https:\/\/shop.huppa.eu\/lt\/?s={search_term_string}"},"query-input":{"@type":"PropertyValueSpecification","valueRequired":true,"valueName":"search_term_string"}}],"inLanguage":"lt-LT"}]}},"_links":{"self":[{"href":"https:\/\/shop.huppa.eu\/lt\/wp-json\/wp\/v2\/product\/521093","targetHints":{"allow":["GET"]}}],"collection":[{"href":"https:\/\/shop.huppa.eu\/lt\/wp-json\/wp\/v2\/product"}],"about":[{"href":"https:\/\/shop.huppa.eu\/lt\/wp-json\/wp\/v2\/types\/product"}],"wp:featuredmedia":[{"embeddable":true,"href":"https:\/\/shop.huppa.eu\/lt\/wp-json\/wp\/v2\/media\/521098"}],"wp:attachment":[{"href":"https:\/\/shop.huppa.eu\/lt\/wp-json\/wp\/v2\/media?parent=521093"}],"wp:term":[{"taxonomy":"product_brand","embeddable":true,"href":"https:\/\/shop.huppa.eu\/lt\/wp-json\/wp\/v2\/product_brand?post=521093"},{"taxonomy":"product_cat","embeddable":true,"href":"https:\/\/shop.huppa.eu\/lt\/wp-json\/wp\/v2\/product_cat?post=521093"},{"taxonomy":"product_tag","embeddable":true,"href":"https:\/\/shop.huppa.eu\/lt\/wp-json\/wp\/v2\/product_tag?post=521093"}],"curies":[{"name":"wp","href":"https:\/\/api.w.org\/{rel}","templated":true}]}}