{"id":521112,"date":"2025-11-24T18:11:56","date_gmt":"2025-11-24T16:11:56","guid":{"rendered":"https:\/\/shop.huppa.eu\/lt\/product\/renely-300g160g-2\/"},"modified":"2026-04-16T06:27:11","modified_gmt":"2026-04-16T04:27:11","slug":"renely-300g160g-2","status":"publish","type":"product","link":"https:\/\/shop.huppa.eu\/lt\/product\/renely-300g160g-2\/","title":{"rendered":"Mergai\u010di\u0173 \u017eieminis komplektas RENELY (300g+160g)"},"content":{"rendered":"<p>Vaik\u0173 striuk\u0117s ir kelni\u0173 komplektas. Nepralaidus vandeniui ir v\u0117jui, kv\u0117puojantis vir\u0161utinis audinys. Mink\u0161tas tinklelinis pamu\u0161alas striuk\u0117s ir kelni\u0173 viduje. Elastin\u0117 juosta rankovi\u0173 galuose ir juosmenyje. Nuimamas kapi\u0161onas su spragteliais. Nuimama dirbtinio kailio apdaila kapi\u0161one. Keln\u0117s turi nuimamas elastines ir reguliuojamas petne\u0161as. Elastin\u0117 juosta juosmenyje. Sniego getos koj\u0173 galuose. Virvel\u0117s tunelis su u\u017eraktais koj\u0173 galuose. Nepralaid\u017eios vandeniui hermetizuotos si\u016bl\u0117s. At\u0161vaitiniai elementai tiek striuk\u0117je, tiek keln\u0117se.<\/p>\n","protected":false},"excerpt":{"rendered":"<p>Vaik\u0173 striuk\u0117s ir kelni\u0173 komplektas. Nepralaidus vandeniui ir v\u0117jui, kv\u0117puojantis vir\u0161utinis audinys. Mink\u0161tas tinklelinis pamu\u0161alas striuk\u0117s ir kelni\u0173 viduje. Elastin\u0117 juosta rankovi\u0173 galuose ir juosmenyje. Nuimamas kapi\u0161onas su spragteliais. Nuimama dirbtinio kailio apdaila kapi\u0161one. Keln\u0117s turi nuimamas elastines ir reguliuojamas petne\u0161as. Elastin\u0117 juosta juosmenyje. Sniego getos koj\u0173 galuose. Virvel\u0117s tunelis su u\u017eraktais koj\u0173 galuose. Nepralaid\u017eios [&hellip;]<\/p>\n","protected":false},"featured_media":521114,"template":"","meta":{"_acf_changed":false},"product_brand":[],"product_cat":[1477,1478,1510,102,19],"product_tag":[],"class_list":{"0":"post-521112","1":"product","2":"type-product","3":"status-publish","4":"has-post-thumbnail","6":"product_cat-komplektai","7":"product_cat-komplektai-2","8":"product_cat-komplektai-mergaiciu","9":"product_cat-mergaiciu","10":"product_cat-vaikai","11":"pa_amzius-vaikai","12":"pa_atsparumas-vandeniui-10000mm","13":"pa_dydis-105","14":"pa_izoliacijos-svoris-300g160g","15":"pa_kolekcija-nr-w19-20","16":"pa_kolekcijos-dalis-fashion","17":"pa_lytis-mergaiciu","18":"pa_oro-pralaidumas-10000g-m-24h","19":"pa_prekes-artikulas-41850030-91628","20":"pa_uzpildas-300g160g","22":"first","23":"instock","24":"sale","25":"taxable","26":"shipping-taxable","27":"purchasable","28":"product-type-variable"},"acf":[],"yoast_head":"<!-- This site is optimized with the Yoast SEO plugin v26.8 - https:\/\/yoast.com\/product\/yoast-seo-wordpress\/ -->\n<title>Mergai\u010di\u0173 \u017eieminis komplektas RENELY (300g+160g) - Huppa LT<\/title>\n<meta name=\"robots\" content=\"index, follow, max-snippet:-1, max-image-preview:large, max-video-preview:-1\" \/>\n<link rel=\"canonical\" href=\"https:\/\/shop.huppa.eu\/lt\/product\/renely-300g160g-2\/\" \/>\n<meta property=\"og:locale\" content=\"lt_LT\" \/>\n<meta property=\"og:type\" content=\"article\" \/>\n<meta property=\"og:title\" content=\"Mergai\u010di\u0173 \u017eieminis komplektas RENELY (300g+160g) - Huppa LT\" \/>\n<meta property=\"og:description\" content=\"Vaik\u0173 striuk\u0117s ir kelni\u0173 komplektas. Nepralaidus vandeniui ir v\u0117jui, kv\u0117puojantis vir\u0161utinis audinys. Mink\u0161tas tinklelinis pamu\u0161alas striuk\u0117s ir kelni\u0173 viduje. Elastin\u0117 juosta rankovi\u0173 galuose ir juosmenyje. Nuimamas kapi\u0161onas su spragteliais. Nuimama dirbtinio kailio apdaila kapi\u0161one. Keln\u0117s turi nuimamas elastines ir reguliuojamas petne\u0161as. Elastin\u0117 juosta juosmenyje. Sniego getos koj\u0173 galuose. Virvel\u0117s tunelis su u\u017eraktais koj\u0173 galuose. Nepralaid\u017eios [&hellip;]\" \/>\n<meta property=\"og:url\" content=\"https:\/\/shop.huppa.eu\/lt\/product\/renely-300g160g-2\/\" \/>\n<meta property=\"og:site_name\" content=\"Huppa LT\" \/>\n<meta property=\"article:modified_time\" content=\"2026-04-16T04:27:11+00:00\" \/>\n<meta property=\"og:image\" content=\"https:\/\/huppashop-prod.s3.eu-north-1.amazonaws.com\/wp-content\/uploads\/sites\/5\/2025\/11\/24181157\/41850030-91628-RENELY_f.jpg\" \/>\n\t<meta property=\"og:image:width\" content=\"1200\" \/>\n\t<meta property=\"og:image:height\" content=\"1200\" \/>\n\t<meta property=\"og:image:type\" content=\"image\/jpeg\" \/>\n<meta name=\"twitter:card\" content=\"summary_large_image\" \/>\n<script type=\"application\/ld+json\" class=\"yoast-schema-graph\">{\"@context\":\"https:\/\/schema.org\",\"@graph\":[{\"@type\":\"WebPage\",\"@id\":\"https:\/\/shop.huppa.eu\/lt\/product\/renely-300g160g-2\/\",\"url\":\"https:\/\/shop.huppa.eu\/lt\/product\/renely-300g160g-2\/\",\"name\":\"Mergai\u010di\u0173 \u017eieminis komplektas RENELY (300g+160g) - Huppa LT\",\"isPartOf\":{\"@id\":\"https:\/\/shop.huppa.eu\/lt\/#website\"},\"primaryImageOfPage\":{\"@id\":\"https:\/\/shop.huppa.eu\/lt\/product\/renely-300g160g-2\/#primaryimage\"},\"image\":{\"@id\":\"https:\/\/shop.huppa.eu\/lt\/product\/renely-300g160g-2\/#primaryimage\"},\"thumbnailUrl\":\"https:\/\/huppashop-prod.s3.eu-north-1.amazonaws.com\/wp-content\/uploads\/sites\/5\/2025\/11\/24181157\/41850030-91628-RENELY_f.jpg\",\"datePublished\":\"2025-11-24T16:11:56+00:00\",\"dateModified\":\"2026-04-16T04:27:11+00:00\",\"breadcrumb\":{\"@id\":\"https:\/\/shop.huppa.eu\/lt\/product\/renely-300g160g-2\/#breadcrumb\"},\"inLanguage\":\"lt-LT\",\"potentialAction\":[{\"@type\":\"ReadAction\",\"target\":[\"https:\/\/shop.huppa.eu\/lt\/product\/renely-300g160g-2\/\"]}]},{\"@type\":\"ImageObject\",\"inLanguage\":\"lt-LT\",\"@id\":\"https:\/\/shop.huppa.eu\/lt\/product\/renely-300g160g-2\/#primaryimage\",\"url\":\"https:\/\/huppashop-prod.s3.eu-north-1.amazonaws.com\/wp-content\/uploads\/sites\/5\/2025\/11\/24181157\/41850030-91628-RENELY_f.jpg\",\"contentUrl\":\"https:\/\/huppashop-prod.s3.eu-north-1.amazonaws.com\/wp-content\/uploads\/sites\/5\/2025\/11\/24181157\/41850030-91628-RENELY_f.jpg\",\"width\":1200,\"height\":1200},{\"@type\":\"BreadcrumbList\",\"@id\":\"https:\/\/shop.huppa.eu\/lt\/product\/renely-300g160g-2\/#breadcrumb\",\"itemListElement\":[{\"@type\":\"ListItem\",\"position\":1,\"name\":\"Shop\",\"item\":\"https:\/\/shop.huppa.eu\/lt\/shop\/\"},{\"@type\":\"ListItem\",\"position\":2,\"name\":\"Mergai\u010di\u0173 \u017eieminis komplektas RENELY (300g+160g)\"}]},{\"@type\":\"WebSite\",\"@id\":\"https:\/\/shop.huppa.eu\/lt\/#website\",\"url\":\"https:\/\/shop.huppa.eu\/lt\/\",\"name\":\"Huppa LT\",\"description\":\"Huppa LT\",\"potentialAction\":[{\"@type\":\"SearchAction\",\"target\":{\"@type\":\"EntryPoint\",\"urlTemplate\":\"https:\/\/shop.huppa.eu\/lt\/?s={search_term_string}\"},\"query-input\":{\"@type\":\"PropertyValueSpecification\",\"valueRequired\":true,\"valueName\":\"search_term_string\"}}],\"inLanguage\":\"lt-LT\"}]}<\/script>\n<!-- \/ Yoast SEO plugin. -->","yoast_head_json":{"title":"Mergai\u010di\u0173 \u017eieminis komplektas RENELY (300g+160g) - Huppa LT","robots":{"index":"index","follow":"follow","max-snippet":"max-snippet:-1","max-image-preview":"max-image-preview:large","max-video-preview":"max-video-preview:-1"},"canonical":"https:\/\/shop.huppa.eu\/lt\/product\/renely-300g160g-2\/","og_locale":"lt_LT","og_type":"article","og_title":"Mergai\u010di\u0173 \u017eieminis komplektas RENELY (300g+160g) - Huppa LT","og_description":"Vaik\u0173 striuk\u0117s ir kelni\u0173 komplektas. Nepralaidus vandeniui ir v\u0117jui, kv\u0117puojantis vir\u0161utinis audinys. Mink\u0161tas tinklelinis pamu\u0161alas striuk\u0117s ir kelni\u0173 viduje. Elastin\u0117 juosta rankovi\u0173 galuose ir juosmenyje. Nuimamas kapi\u0161onas su spragteliais. Nuimama dirbtinio kailio apdaila kapi\u0161one. Keln\u0117s turi nuimamas elastines ir reguliuojamas petne\u0161as. Elastin\u0117 juosta juosmenyje. Sniego getos koj\u0173 galuose. Virvel\u0117s tunelis su u\u017eraktais koj\u0173 galuose. Nepralaid\u017eios [&hellip;]","og_url":"https:\/\/shop.huppa.eu\/lt\/product\/renely-300g160g-2\/","og_site_name":"Huppa LT","article_modified_time":"2026-04-16T04:27:11+00:00","og_image":[{"width":1200,"height":1200,"url":"https:\/\/huppashop-prod.s3.eu-north-1.amazonaws.com\/wp-content\/uploads\/sites\/5\/2025\/11\/24181157\/41850030-91628-RENELY_f.jpg","type":"image\/jpeg"}],"twitter_card":"summary_large_image","schema":{"@context":"https:\/\/schema.org","@graph":[{"@type":"WebPage","@id":"https:\/\/shop.huppa.eu\/lt\/product\/renely-300g160g-2\/","url":"https:\/\/shop.huppa.eu\/lt\/product\/renely-300g160g-2\/","name":"Mergai\u010di\u0173 \u017eieminis komplektas RENELY (300g+160g) - Huppa LT","isPartOf":{"@id":"https:\/\/shop.huppa.eu\/lt\/#website"},"primaryImageOfPage":{"@id":"https:\/\/shop.huppa.eu\/lt\/product\/renely-300g160g-2\/#primaryimage"},"image":{"@id":"https:\/\/shop.huppa.eu\/lt\/product\/renely-300g160g-2\/#primaryimage"},"thumbnailUrl":"https:\/\/huppashop-prod.s3.eu-north-1.amazonaws.com\/wp-content\/uploads\/sites\/5\/2025\/11\/24181157\/41850030-91628-RENELY_f.jpg","datePublished":"2025-11-24T16:11:56+00:00","dateModified":"2026-04-16T04:27:11+00:00","breadcrumb":{"@id":"https:\/\/shop.huppa.eu\/lt\/product\/renely-300g160g-2\/#breadcrumb"},"inLanguage":"lt-LT","potentialAction":[{"@type":"ReadAction","target":["https:\/\/shop.huppa.eu\/lt\/product\/renely-300g160g-2\/"]}]},{"@type":"ImageObject","inLanguage":"lt-LT","@id":"https:\/\/shop.huppa.eu\/lt\/product\/renely-300g160g-2\/#primaryimage","url":"https:\/\/huppashop-prod.s3.eu-north-1.amazonaws.com\/wp-content\/uploads\/sites\/5\/2025\/11\/24181157\/41850030-91628-RENELY_f.jpg","contentUrl":"https:\/\/huppashop-prod.s3.eu-north-1.amazonaws.com\/wp-content\/uploads\/sites\/5\/2025\/11\/24181157\/41850030-91628-RENELY_f.jpg","width":1200,"height":1200},{"@type":"BreadcrumbList","@id":"https:\/\/shop.huppa.eu\/lt\/product\/renely-300g160g-2\/#breadcrumb","itemListElement":[{"@type":"ListItem","position":1,"name":"Shop","item":"https:\/\/shop.huppa.eu\/lt\/shop\/"},{"@type":"ListItem","position":2,"name":"Mergai\u010di\u0173 \u017eieminis komplektas RENELY (300g+160g)"}]},{"@type":"WebSite","@id":"https:\/\/shop.huppa.eu\/lt\/#website","url":"https:\/\/shop.huppa.eu\/lt\/","name":"Huppa LT","description":"Huppa LT","potentialAction":[{"@type":"SearchAction","target":{"@type":"EntryPoint","urlTemplate":"https:\/\/shop.huppa.eu\/lt\/?s={search_term_string}"},"query-input":{"@type":"PropertyValueSpecification","valueRequired":true,"valueName":"search_term_string"}}],"inLanguage":"lt-LT"}]}},"_links":{"self":[{"href":"https:\/\/shop.huppa.eu\/lt\/wp-json\/wp\/v2\/product\/521112","targetHints":{"allow":["GET"]}}],"collection":[{"href":"https:\/\/shop.huppa.eu\/lt\/wp-json\/wp\/v2\/product"}],"about":[{"href":"https:\/\/shop.huppa.eu\/lt\/wp-json\/wp\/v2\/types\/product"}],"wp:featuredmedia":[{"embeddable":true,"href":"https:\/\/shop.huppa.eu\/lt\/wp-json\/wp\/v2\/media\/521114"}],"wp:attachment":[{"href":"https:\/\/shop.huppa.eu\/lt\/wp-json\/wp\/v2\/media?parent=521112"}],"wp:term":[{"taxonomy":"product_brand","embeddable":true,"href":"https:\/\/shop.huppa.eu\/lt\/wp-json\/wp\/v2\/product_brand?post=521112"},{"taxonomy":"product_cat","embeddable":true,"href":"https:\/\/shop.huppa.eu\/lt\/wp-json\/wp\/v2\/product_cat?post=521112"},{"taxonomy":"product_tag","embeddable":true,"href":"https:\/\/shop.huppa.eu\/lt\/wp-json\/wp\/v2\/product_tag?post=521112"}],"curies":[{"name":"wp","href":"https:\/\/api.w.org\/{rel}","templated":true}]}}