{"id":521228,"date":"2025-11-24T18:14:40","date_gmt":"2025-11-24T16:14:40","guid":{"rendered":"https:\/\/shop.huppa.eu\/lt\/product\/dante-300g160g-3\/"},"modified":"2026-04-16T06:29:04","modified_gmt":"2026-04-16T04:29:04","slug":"dante-300g160g-3","status":"publish","type":"product","link":"https:\/\/shop.huppa.eu\/lt\/product\/dante-300g160g-3\/","title":{"rendered":"Boys\u00b4 winter set DANTE (300g+160g)"},"content":{"rendered":"<p>Vaiki\u0161kas striuk\u0117s ir kelni\u0173 komplektas Neper\u0161lampamas ir neperpu\u010diamas, orui laidus vir\u0161utinis audinys Striuk\u0117s ir kelni\u0173 vidin\u0117 pus\u0117 i\u0161 mink\u0161to pamu\u0161alinio audinio Rankovi\u0173 apa\u010dioje \u012fsi\u016bta gumin\u0117 juostel\u0117 Nuimamas gobtuvas prie apykakl\u0117s prisegamas kibiu lipduku Gobtuvas apkra\u0161tuotas nuimamu dirbtiniu kailiu Keln\u0117s turi nuimamas ir reguliuojamas elastines petne\u0161as Juosmenyje \u012fsi\u016bta gumin\u0117 juostel\u0117 Kle\u0161ni\u0173 apa\u010dioje apsaugos nuo sniego Kle\u0161ni\u0173 apa\u010dioje \u012fsi\u016bta gumin\u0117 juostel\u0117 su fiksatoriais Vandeniui atsparios si\u016bl\u0117s Ant striuk\u0117s ir kelni\u0173 \u0161vies\u0105 atspindin\u010dios detal\u0117s<\/p>\n","protected":false},"excerpt":{"rendered":"<p>Vaiki\u0161kas striuk\u0117s ir kelni\u0173 komplektas Neper\u0161lampamas ir neperpu\u010diamas, orui laidus vir\u0161utinis audinys Striuk\u0117s ir kelni\u0173 vidin\u0117 pus\u0117 i\u0161 mink\u0161to pamu\u0161alinio audinio Rankovi\u0173 apa\u010dioje \u012fsi\u016bta gumin\u0117 juostel\u0117 Nuimamas gobtuvas prie apykakl\u0117s prisegamas kibiu lipduku Gobtuvas apkra\u0161tuotas nuimamu dirbtiniu kailiu Keln\u0117s turi nuimamas ir reguliuojamas elastines petne\u0161as Juosmenyje \u012fsi\u016bta gumin\u0117 juostel\u0117 Kle\u0161ni\u0173 apa\u010dioje apsaugos nuo sniego Kle\u0161ni\u0173 [&hellip;]<\/p>\n","protected":false},"featured_media":521230,"template":"","meta":{"_acf_changed":false},"product_brand":[],"product_cat":[90,1477,1478,1479,19],"product_tag":[],"class_list":{"0":"post-521228","1":"product","2":"type-product","3":"status-publish","4":"has-post-thumbnail","6":"product_cat-berniuku","7":"product_cat-komplektai","8":"product_cat-komplektai-2","9":"product_cat-komplektai-berniuku","10":"product_cat-vaikai","11":"pa_amzius-vaikai","12":"pa_atsparumas-vandeniui-10000mm","13":"pa_dydis-96","14":"pa_izoliacijos-svoris-300g160g","15":"pa_kolekcija-nr-w22-23","16":"pa_kolekcijos-dalis-fashion","17":"pa_lytis-berniuku","18":"pa_oro-pralaidumas-10000g-m-24h","19":"pa_prekes-artikulas-41930030-22586","20":"pa_rastuota-rastuota-spalva","21":"pa_sezonas-ziema","22":"pa_uzpildas-300g160g","24":"first","25":"instock","26":"sale","27":"taxable","28":"shipping-taxable","29":"purchasable","30":"product-type-variable"},"acf":[],"yoast_head":"<!-- This site is optimized with the Yoast SEO plugin v26.8 - https:\/\/yoast.com\/product\/yoast-seo-wordpress\/ -->\n<title>Boys\u00b4 winter set DANTE (300g+160g) - Huppa LT<\/title>\n<meta name=\"robots\" content=\"index, follow, max-snippet:-1, max-image-preview:large, max-video-preview:-1\" \/>\n<link rel=\"canonical\" href=\"https:\/\/shop.huppa.eu\/lt\/product\/dante-300g160g-3\/\" \/>\n<meta property=\"og:locale\" content=\"lt_LT\" \/>\n<meta property=\"og:type\" content=\"article\" \/>\n<meta property=\"og:title\" content=\"Boys\u00b4 winter set DANTE (300g+160g) - Huppa LT\" \/>\n<meta property=\"og:description\" content=\"Vaiki\u0161kas striuk\u0117s ir kelni\u0173 komplektas Neper\u0161lampamas ir neperpu\u010diamas, orui laidus vir\u0161utinis audinys Striuk\u0117s ir kelni\u0173 vidin\u0117 pus\u0117 i\u0161 mink\u0161to pamu\u0161alinio audinio Rankovi\u0173 apa\u010dioje \u012fsi\u016bta gumin\u0117 juostel\u0117 Nuimamas gobtuvas prie apykakl\u0117s prisegamas kibiu lipduku Gobtuvas apkra\u0161tuotas nuimamu dirbtiniu kailiu Keln\u0117s turi nuimamas ir reguliuojamas elastines petne\u0161as Juosmenyje \u012fsi\u016bta gumin\u0117 juostel\u0117 Kle\u0161ni\u0173 apa\u010dioje apsaugos nuo sniego Kle\u0161ni\u0173 [&hellip;]\" \/>\n<meta property=\"og:url\" content=\"https:\/\/shop.huppa.eu\/lt\/product\/dante-300g160g-3\/\" \/>\n<meta property=\"og:site_name\" content=\"Huppa LT\" \/>\n<meta property=\"article:modified_time\" content=\"2026-04-16T04:29:04+00:00\" \/>\n<meta property=\"og:image\" content=\"https:\/\/huppashop-prod.s3.eu-north-1.amazonaws.com\/wp-content\/uploads\/sites\/5\/2025\/11\/24181442\/41930030-22586-DANTE_f.jpg\" \/>\n\t<meta property=\"og:image:width\" content=\"1200\" \/>\n\t<meta property=\"og:image:height\" content=\"1200\" \/>\n\t<meta property=\"og:image:type\" content=\"image\/jpeg\" \/>\n<meta name=\"twitter:card\" content=\"summary_large_image\" \/>\n<script type=\"application\/ld+json\" class=\"yoast-schema-graph\">{\"@context\":\"https:\/\/schema.org\",\"@graph\":[{\"@type\":\"WebPage\",\"@id\":\"https:\/\/shop.huppa.eu\/lt\/product\/dante-300g160g-3\/\",\"url\":\"https:\/\/shop.huppa.eu\/lt\/product\/dante-300g160g-3\/\",\"name\":\"Boys\u00b4 winter set DANTE (300g+160g) - Huppa LT\",\"isPartOf\":{\"@id\":\"https:\/\/shop.huppa.eu\/lt\/#website\"},\"primaryImageOfPage\":{\"@id\":\"https:\/\/shop.huppa.eu\/lt\/product\/dante-300g160g-3\/#primaryimage\"},\"image\":{\"@id\":\"https:\/\/shop.huppa.eu\/lt\/product\/dante-300g160g-3\/#primaryimage\"},\"thumbnailUrl\":\"https:\/\/huppashop-prod.s3.eu-north-1.amazonaws.com\/wp-content\/uploads\/sites\/5\/2025\/11\/24181442\/41930030-22586-DANTE_f.jpg\",\"datePublished\":\"2025-11-24T16:14:40+00:00\",\"dateModified\":\"2026-04-16T04:29:04+00:00\",\"breadcrumb\":{\"@id\":\"https:\/\/shop.huppa.eu\/lt\/product\/dante-300g160g-3\/#breadcrumb\"},\"inLanguage\":\"lt-LT\",\"potentialAction\":[{\"@type\":\"ReadAction\",\"target\":[\"https:\/\/shop.huppa.eu\/lt\/product\/dante-300g160g-3\/\"]}]},{\"@type\":\"ImageObject\",\"inLanguage\":\"lt-LT\",\"@id\":\"https:\/\/shop.huppa.eu\/lt\/product\/dante-300g160g-3\/#primaryimage\",\"url\":\"https:\/\/huppashop-prod.s3.eu-north-1.amazonaws.com\/wp-content\/uploads\/sites\/5\/2025\/11\/24181442\/41930030-22586-DANTE_f.jpg\",\"contentUrl\":\"https:\/\/huppashop-prod.s3.eu-north-1.amazonaws.com\/wp-content\/uploads\/sites\/5\/2025\/11\/24181442\/41930030-22586-DANTE_f.jpg\",\"width\":1200,\"height\":1200},{\"@type\":\"BreadcrumbList\",\"@id\":\"https:\/\/shop.huppa.eu\/lt\/product\/dante-300g160g-3\/#breadcrumb\",\"itemListElement\":[{\"@type\":\"ListItem\",\"position\":1,\"name\":\"Shop\",\"item\":\"https:\/\/shop.huppa.eu\/lt\/shop\/\"},{\"@type\":\"ListItem\",\"position\":2,\"name\":\"Boys\u00b4 winter set DANTE (300g+160g)\"}]},{\"@type\":\"WebSite\",\"@id\":\"https:\/\/shop.huppa.eu\/lt\/#website\",\"url\":\"https:\/\/shop.huppa.eu\/lt\/\",\"name\":\"Huppa LT\",\"description\":\"Huppa LT\",\"potentialAction\":[{\"@type\":\"SearchAction\",\"target\":{\"@type\":\"EntryPoint\",\"urlTemplate\":\"https:\/\/shop.huppa.eu\/lt\/?s={search_term_string}\"},\"query-input\":{\"@type\":\"PropertyValueSpecification\",\"valueRequired\":true,\"valueName\":\"search_term_string\"}}],\"inLanguage\":\"lt-LT\"}]}<\/script>\n<!-- \/ Yoast SEO plugin. -->","yoast_head_json":{"title":"Boys\u00b4 winter set DANTE (300g+160g) - Huppa LT","robots":{"index":"index","follow":"follow","max-snippet":"max-snippet:-1","max-image-preview":"max-image-preview:large","max-video-preview":"max-video-preview:-1"},"canonical":"https:\/\/shop.huppa.eu\/lt\/product\/dante-300g160g-3\/","og_locale":"lt_LT","og_type":"article","og_title":"Boys\u00b4 winter set DANTE (300g+160g) - Huppa LT","og_description":"Vaiki\u0161kas striuk\u0117s ir kelni\u0173 komplektas Neper\u0161lampamas ir neperpu\u010diamas, orui laidus vir\u0161utinis audinys Striuk\u0117s ir kelni\u0173 vidin\u0117 pus\u0117 i\u0161 mink\u0161to pamu\u0161alinio audinio Rankovi\u0173 apa\u010dioje \u012fsi\u016bta gumin\u0117 juostel\u0117 Nuimamas gobtuvas prie apykakl\u0117s prisegamas kibiu lipduku Gobtuvas apkra\u0161tuotas nuimamu dirbtiniu kailiu Keln\u0117s turi nuimamas ir reguliuojamas elastines petne\u0161as Juosmenyje \u012fsi\u016bta gumin\u0117 juostel\u0117 Kle\u0161ni\u0173 apa\u010dioje apsaugos nuo sniego Kle\u0161ni\u0173 [&hellip;]","og_url":"https:\/\/shop.huppa.eu\/lt\/product\/dante-300g160g-3\/","og_site_name":"Huppa LT","article_modified_time":"2026-04-16T04:29:04+00:00","og_image":[{"width":1200,"height":1200,"url":"https:\/\/huppashop-prod.s3.eu-north-1.amazonaws.com\/wp-content\/uploads\/sites\/5\/2025\/11\/24181442\/41930030-22586-DANTE_f.jpg","type":"image\/jpeg"}],"twitter_card":"summary_large_image","schema":{"@context":"https:\/\/schema.org","@graph":[{"@type":"WebPage","@id":"https:\/\/shop.huppa.eu\/lt\/product\/dante-300g160g-3\/","url":"https:\/\/shop.huppa.eu\/lt\/product\/dante-300g160g-3\/","name":"Boys\u00b4 winter set DANTE (300g+160g) - Huppa LT","isPartOf":{"@id":"https:\/\/shop.huppa.eu\/lt\/#website"},"primaryImageOfPage":{"@id":"https:\/\/shop.huppa.eu\/lt\/product\/dante-300g160g-3\/#primaryimage"},"image":{"@id":"https:\/\/shop.huppa.eu\/lt\/product\/dante-300g160g-3\/#primaryimage"},"thumbnailUrl":"https:\/\/huppashop-prod.s3.eu-north-1.amazonaws.com\/wp-content\/uploads\/sites\/5\/2025\/11\/24181442\/41930030-22586-DANTE_f.jpg","datePublished":"2025-11-24T16:14:40+00:00","dateModified":"2026-04-16T04:29:04+00:00","breadcrumb":{"@id":"https:\/\/shop.huppa.eu\/lt\/product\/dante-300g160g-3\/#breadcrumb"},"inLanguage":"lt-LT","potentialAction":[{"@type":"ReadAction","target":["https:\/\/shop.huppa.eu\/lt\/product\/dante-300g160g-3\/"]}]},{"@type":"ImageObject","inLanguage":"lt-LT","@id":"https:\/\/shop.huppa.eu\/lt\/product\/dante-300g160g-3\/#primaryimage","url":"https:\/\/huppashop-prod.s3.eu-north-1.amazonaws.com\/wp-content\/uploads\/sites\/5\/2025\/11\/24181442\/41930030-22586-DANTE_f.jpg","contentUrl":"https:\/\/huppashop-prod.s3.eu-north-1.amazonaws.com\/wp-content\/uploads\/sites\/5\/2025\/11\/24181442\/41930030-22586-DANTE_f.jpg","width":1200,"height":1200},{"@type":"BreadcrumbList","@id":"https:\/\/shop.huppa.eu\/lt\/product\/dante-300g160g-3\/#breadcrumb","itemListElement":[{"@type":"ListItem","position":1,"name":"Shop","item":"https:\/\/shop.huppa.eu\/lt\/shop\/"},{"@type":"ListItem","position":2,"name":"Boys\u00b4 winter set DANTE (300g+160g)"}]},{"@type":"WebSite","@id":"https:\/\/shop.huppa.eu\/lt\/#website","url":"https:\/\/shop.huppa.eu\/lt\/","name":"Huppa LT","description":"Huppa LT","potentialAction":[{"@type":"SearchAction","target":{"@type":"EntryPoint","urlTemplate":"https:\/\/shop.huppa.eu\/lt\/?s={search_term_string}"},"query-input":{"@type":"PropertyValueSpecification","valueRequired":true,"valueName":"search_term_string"}}],"inLanguage":"lt-LT"}]}},"_links":{"self":[{"href":"https:\/\/shop.huppa.eu\/lt\/wp-json\/wp\/v2\/product\/521228","targetHints":{"allow":["GET"]}}],"collection":[{"href":"https:\/\/shop.huppa.eu\/lt\/wp-json\/wp\/v2\/product"}],"about":[{"href":"https:\/\/shop.huppa.eu\/lt\/wp-json\/wp\/v2\/types\/product"}],"wp:featuredmedia":[{"embeddable":true,"href":"https:\/\/shop.huppa.eu\/lt\/wp-json\/wp\/v2\/media\/521230"}],"wp:attachment":[{"href":"https:\/\/shop.huppa.eu\/lt\/wp-json\/wp\/v2\/media?parent=521228"}],"wp:term":[{"taxonomy":"product_brand","embeddable":true,"href":"https:\/\/shop.huppa.eu\/lt\/wp-json\/wp\/v2\/product_brand?post=521228"},{"taxonomy":"product_cat","embeddable":true,"href":"https:\/\/shop.huppa.eu\/lt\/wp-json\/wp\/v2\/product_cat?post=521228"},{"taxonomy":"product_tag","embeddable":true,"href":"https:\/\/shop.huppa.eu\/lt\/wp-json\/wp\/v2\/product_tag?post=521228"}],"curies":[{"name":"wp","href":"https:\/\/api.w.org\/{rel}","templated":true}]}}