{"id":521320,"date":"2025-11-24T18:17:17","date_gmt":"2025-11-24T16:17:17","guid":{"rendered":"https:\/\/shop.huppa.eu\/lt\/product\/dante-3-300g160g-2\/"},"modified":"2026-04-16T06:29:08","modified_gmt":"2026-04-16T04:29:08","slug":"dante-3-300g160g-2","status":"publish","type":"product","link":"https:\/\/shop.huppa.eu\/lt\/product\/dante-3-300g160g-2\/","title":{"rendered":"Berniuk\u0173 komplektas DANTE 3, \u0161viesiai m\u0117lyna su ra\u0161tu\/juoda 42260, 92 (300g+160g)"},"content":{"rendered":"<p>Children\u2019s jacket and trousers set. Water- and windproof, breathable outer fabric. Inside of jacket and trousers in soft lining fabric. Elastic cuffs on ends of sleeves. Detachable hood fastens to the collar with snap buttons. Detachable faux fur trim on hood. Trousers have higher waist and adjustable elastic suspenders. Elastic waistband. Snow locks at leg ends. Rubber cord tunnel with stoppers at leg ends. Waterproof taped seams. Trousers have no inseam in leg part. Both jacket and trousers have reflective details.<\/p>\n","protected":false},"excerpt":{"rendered":"<p>Children\u2019s jacket and trousers set. Water- and windproof, breathable outer fabric. Inside of jacket and trousers in soft lining fabric. Elastic cuffs on ends of sleeves. Detachable hood fastens to the collar with snap buttons. Detachable faux fur trim on hood. Trousers have higher waist and adjustable elastic suspenders. Elastic waistband. Snow locks at leg [&hellip;]<\/p>\n","protected":false},"featured_media":521323,"template":"","meta":{"_acf_changed":false},"product_brand":[],"product_cat":[6659,90,1477,1478,1479,6643,19],"product_tag":[],"class_list":{"0":"post-521320","1":"product","2":"type-product","3":"status-publish","4":"has-post-thumbnail","6":"product_cat-komplektai-sale","7":"product_cat-berniuku","8":"product_cat-komplektai","9":"product_cat-komplektai-2","10":"product_cat-komplektai-berniuku","11":"product_cat-sale","12":"product_cat-vaikai","13":"pa_amzius-vaikai","14":"pa_atsparumas-vandeniui-10-000mm","15":"pa_dydis-105","16":"pa_dydis-79","17":"pa_dydis-93","18":"pa_dydis-96","19":"pa_dydis-97","20":"pa_dydis-98","21":"pa_dydis-99","22":"pa_dydis-411","23":"pa_dydis-412","24":"pa_izoliacijos-svoris-300g160g","25":"pa_kolekcija-nr-w24-25","26":"pa_kolekcijos-dalis-fashion","27":"pa_lytis-berniuku","28":"pa_oro-pralaidumas-10-000g-m-24h","29":"pa_prekes-artikulas-41930330-42260","30":"pa_rastuota-rastuota-spalva","31":"pa_sale-yes","32":"pa_sezonas-ziema","33":"pa_uzpildas-300g160g","35":"first","36":"instock","37":"sale","38":"taxable","39":"shipping-taxable","40":"purchasable","41":"product-type-variable"},"acf":[],"yoast_head":"<!-- This site is optimized with the Yoast SEO plugin v26.8 - https:\/\/yoast.com\/product\/yoast-seo-wordpress\/ -->\n<title>Berniuk\u0173 komplektas DANTE 3, \u0161viesiai m\u0117lyna su ra\u0161tu\/juoda 42260, 92 (300g+160g) - Huppa LT<\/title>\n<meta name=\"robots\" content=\"index, follow, max-snippet:-1, max-image-preview:large, max-video-preview:-1\" \/>\n<link rel=\"canonical\" href=\"https:\/\/shop.huppa.eu\/lt\/product\/dante-3-300g160g-2\/\" \/>\n<meta property=\"og:locale\" content=\"lt_LT\" \/>\n<meta property=\"og:type\" content=\"article\" \/>\n<meta property=\"og:title\" content=\"Berniuk\u0173 komplektas DANTE 3, \u0161viesiai m\u0117lyna su ra\u0161tu\/juoda 42260, 92 (300g+160g) - Huppa LT\" \/>\n<meta property=\"og:description\" content=\"Children\u2019s jacket and trousers set. Water- and windproof, breathable outer fabric. Inside of jacket and trousers in soft lining fabric. Elastic cuffs on ends of sleeves. Detachable hood fastens to the collar with snap buttons. Detachable faux fur trim on hood. Trousers have higher waist and adjustable elastic suspenders. Elastic waistband. Snow locks at leg [&hellip;]\" \/>\n<meta property=\"og:url\" content=\"https:\/\/shop.huppa.eu\/lt\/product\/dante-3-300g160g-2\/\" \/>\n<meta property=\"og:site_name\" content=\"Huppa LT\" \/>\n<meta property=\"article:modified_time\" content=\"2026-04-16T04:29:08+00:00\" \/>\n<meta property=\"og:image\" content=\"https:\/\/huppashop-prod.s3.eu-north-1.amazonaws.com\/wp-content\/uploads\/sites\/5\/2025\/11\/24181719\/41930330-42260-DANTE3_f.jpg\" \/>\n\t<meta property=\"og:image:width\" content=\"1200\" \/>\n\t<meta property=\"og:image:height\" content=\"1200\" \/>\n\t<meta property=\"og:image:type\" content=\"image\/jpeg\" \/>\n<meta name=\"twitter:card\" content=\"summary_large_image\" \/>\n<script type=\"application\/ld+json\" class=\"yoast-schema-graph\">{\"@context\":\"https:\/\/schema.org\",\"@graph\":[{\"@type\":\"WebPage\",\"@id\":\"https:\/\/shop.huppa.eu\/lt\/product\/dante-3-300g160g-2\/\",\"url\":\"https:\/\/shop.huppa.eu\/lt\/product\/dante-3-300g160g-2\/\",\"name\":\"Berniuk\u0173 komplektas DANTE 3, \u0161viesiai m\u0117lyna su ra\u0161tu\/juoda 42260, 92 (300g+160g) - Huppa LT\",\"isPartOf\":{\"@id\":\"https:\/\/shop.huppa.eu\/lt\/#website\"},\"primaryImageOfPage\":{\"@id\":\"https:\/\/shop.huppa.eu\/lt\/product\/dante-3-300g160g-2\/#primaryimage\"},\"image\":{\"@id\":\"https:\/\/shop.huppa.eu\/lt\/product\/dante-3-300g160g-2\/#primaryimage\"},\"thumbnailUrl\":\"https:\/\/huppashop-prod.s3.eu-north-1.amazonaws.com\/wp-content\/uploads\/sites\/5\/2025\/11\/24181719\/41930330-42260-DANTE3_f.jpg\",\"datePublished\":\"2025-11-24T16:17:17+00:00\",\"dateModified\":\"2026-04-16T04:29:08+00:00\",\"breadcrumb\":{\"@id\":\"https:\/\/shop.huppa.eu\/lt\/product\/dante-3-300g160g-2\/#breadcrumb\"},\"inLanguage\":\"lt-LT\",\"potentialAction\":[{\"@type\":\"ReadAction\",\"target\":[\"https:\/\/shop.huppa.eu\/lt\/product\/dante-3-300g160g-2\/\"]}]},{\"@type\":\"ImageObject\",\"inLanguage\":\"lt-LT\",\"@id\":\"https:\/\/shop.huppa.eu\/lt\/product\/dante-3-300g160g-2\/#primaryimage\",\"url\":\"https:\/\/huppashop-prod.s3.eu-north-1.amazonaws.com\/wp-content\/uploads\/sites\/5\/2025\/11\/24181719\/41930330-42260-DANTE3_f.jpg\",\"contentUrl\":\"https:\/\/huppashop-prod.s3.eu-north-1.amazonaws.com\/wp-content\/uploads\/sites\/5\/2025\/11\/24181719\/41930330-42260-DANTE3_f.jpg\",\"width\":1200,\"height\":1200},{\"@type\":\"BreadcrumbList\",\"@id\":\"https:\/\/shop.huppa.eu\/lt\/product\/dante-3-300g160g-2\/#breadcrumb\",\"itemListElement\":[{\"@type\":\"ListItem\",\"position\":1,\"name\":\"Shop\",\"item\":\"https:\/\/shop.huppa.eu\/lt\/shop\/\"},{\"@type\":\"ListItem\",\"position\":2,\"name\":\"Berniuk\u0173 komplektas DANTE 3, \u0161viesiai m\u0117lyna su ra\u0161tu\/juoda 42260, 92 (300g+160g)\"}]},{\"@type\":\"WebSite\",\"@id\":\"https:\/\/shop.huppa.eu\/lt\/#website\",\"url\":\"https:\/\/shop.huppa.eu\/lt\/\",\"name\":\"Huppa LT\",\"description\":\"Huppa LT\",\"potentialAction\":[{\"@type\":\"SearchAction\",\"target\":{\"@type\":\"EntryPoint\",\"urlTemplate\":\"https:\/\/shop.huppa.eu\/lt\/?s={search_term_string}\"},\"query-input\":{\"@type\":\"PropertyValueSpecification\",\"valueRequired\":true,\"valueName\":\"search_term_string\"}}],\"inLanguage\":\"lt-LT\"}]}<\/script>\n<!-- \/ Yoast SEO plugin. -->","yoast_head_json":{"title":"Berniuk\u0173 komplektas DANTE 3, \u0161viesiai m\u0117lyna su ra\u0161tu\/juoda 42260, 92 (300g+160g) - Huppa LT","robots":{"index":"index","follow":"follow","max-snippet":"max-snippet:-1","max-image-preview":"max-image-preview:large","max-video-preview":"max-video-preview:-1"},"canonical":"https:\/\/shop.huppa.eu\/lt\/product\/dante-3-300g160g-2\/","og_locale":"lt_LT","og_type":"article","og_title":"Berniuk\u0173 komplektas DANTE 3, \u0161viesiai m\u0117lyna su ra\u0161tu\/juoda 42260, 92 (300g+160g) - Huppa LT","og_description":"Children\u2019s jacket and trousers set. Water- and windproof, breathable outer fabric. Inside of jacket and trousers in soft lining fabric. Elastic cuffs on ends of sleeves. Detachable hood fastens to the collar with snap buttons. Detachable faux fur trim on hood. Trousers have higher waist and adjustable elastic suspenders. Elastic waistband. Snow locks at leg [&hellip;]","og_url":"https:\/\/shop.huppa.eu\/lt\/product\/dante-3-300g160g-2\/","og_site_name":"Huppa LT","article_modified_time":"2026-04-16T04:29:08+00:00","og_image":[{"width":1200,"height":1200,"url":"https:\/\/huppashop-prod.s3.eu-north-1.amazonaws.com\/wp-content\/uploads\/sites\/5\/2025\/11\/24181719\/41930330-42260-DANTE3_f.jpg","type":"image\/jpeg"}],"twitter_card":"summary_large_image","schema":{"@context":"https:\/\/schema.org","@graph":[{"@type":"WebPage","@id":"https:\/\/shop.huppa.eu\/lt\/product\/dante-3-300g160g-2\/","url":"https:\/\/shop.huppa.eu\/lt\/product\/dante-3-300g160g-2\/","name":"Berniuk\u0173 komplektas DANTE 3, \u0161viesiai m\u0117lyna su ra\u0161tu\/juoda 42260, 92 (300g+160g) - Huppa LT","isPartOf":{"@id":"https:\/\/shop.huppa.eu\/lt\/#website"},"primaryImageOfPage":{"@id":"https:\/\/shop.huppa.eu\/lt\/product\/dante-3-300g160g-2\/#primaryimage"},"image":{"@id":"https:\/\/shop.huppa.eu\/lt\/product\/dante-3-300g160g-2\/#primaryimage"},"thumbnailUrl":"https:\/\/huppashop-prod.s3.eu-north-1.amazonaws.com\/wp-content\/uploads\/sites\/5\/2025\/11\/24181719\/41930330-42260-DANTE3_f.jpg","datePublished":"2025-11-24T16:17:17+00:00","dateModified":"2026-04-16T04:29:08+00:00","breadcrumb":{"@id":"https:\/\/shop.huppa.eu\/lt\/product\/dante-3-300g160g-2\/#breadcrumb"},"inLanguage":"lt-LT","potentialAction":[{"@type":"ReadAction","target":["https:\/\/shop.huppa.eu\/lt\/product\/dante-3-300g160g-2\/"]}]},{"@type":"ImageObject","inLanguage":"lt-LT","@id":"https:\/\/shop.huppa.eu\/lt\/product\/dante-3-300g160g-2\/#primaryimage","url":"https:\/\/huppashop-prod.s3.eu-north-1.amazonaws.com\/wp-content\/uploads\/sites\/5\/2025\/11\/24181719\/41930330-42260-DANTE3_f.jpg","contentUrl":"https:\/\/huppashop-prod.s3.eu-north-1.amazonaws.com\/wp-content\/uploads\/sites\/5\/2025\/11\/24181719\/41930330-42260-DANTE3_f.jpg","width":1200,"height":1200},{"@type":"BreadcrumbList","@id":"https:\/\/shop.huppa.eu\/lt\/product\/dante-3-300g160g-2\/#breadcrumb","itemListElement":[{"@type":"ListItem","position":1,"name":"Shop","item":"https:\/\/shop.huppa.eu\/lt\/shop\/"},{"@type":"ListItem","position":2,"name":"Berniuk\u0173 komplektas DANTE 3, \u0161viesiai m\u0117lyna su ra\u0161tu\/juoda 42260, 92 (300g+160g)"}]},{"@type":"WebSite","@id":"https:\/\/shop.huppa.eu\/lt\/#website","url":"https:\/\/shop.huppa.eu\/lt\/","name":"Huppa LT","description":"Huppa LT","potentialAction":[{"@type":"SearchAction","target":{"@type":"EntryPoint","urlTemplate":"https:\/\/shop.huppa.eu\/lt\/?s={search_term_string}"},"query-input":{"@type":"PropertyValueSpecification","valueRequired":true,"valueName":"search_term_string"}}],"inLanguage":"lt-LT"}]}},"_links":{"self":[{"href":"https:\/\/shop.huppa.eu\/lt\/wp-json\/wp\/v2\/product\/521320","targetHints":{"allow":["GET"]}}],"collection":[{"href":"https:\/\/shop.huppa.eu\/lt\/wp-json\/wp\/v2\/product"}],"about":[{"href":"https:\/\/shop.huppa.eu\/lt\/wp-json\/wp\/v2\/types\/product"}],"wp:featuredmedia":[{"embeddable":true,"href":"https:\/\/shop.huppa.eu\/lt\/wp-json\/wp\/v2\/media\/521323"}],"wp:attachment":[{"href":"https:\/\/shop.huppa.eu\/lt\/wp-json\/wp\/v2\/media?parent=521320"}],"wp:term":[{"taxonomy":"product_brand","embeddable":true,"href":"https:\/\/shop.huppa.eu\/lt\/wp-json\/wp\/v2\/product_brand?post=521320"},{"taxonomy":"product_cat","embeddable":true,"href":"https:\/\/shop.huppa.eu\/lt\/wp-json\/wp\/v2\/product_cat?post=521320"},{"taxonomy":"product_tag","embeddable":true,"href":"https:\/\/shop.huppa.eu\/lt\/wp-json\/wp\/v2\/product_tag?post=521320"}],"curies":[{"name":"wp","href":"https:\/\/api.w.org\/{rel}","templated":true}]}}