{"id":521376,"date":"2025-11-24T18:18:44","date_gmt":"2025-11-24T16:18:44","guid":{"rendered":"https:\/\/shop.huppa.eu\/lt\/product\/novalla-300g160g\/"},"modified":"2026-04-16T06:29:11","modified_gmt":"2026-04-16T04:29:11","slug":"novalla-300g160g","status":"publish","type":"product","link":"https:\/\/shop.huppa.eu\/lt\/product\/novalla-300g160g\/","title":{"rendered":"Mergai\u010di\u0173 \u017eieminis komplektas NOVALLA (300g+160g)"},"content":{"rendered":"<p>Mergai\u010di\u0173 \u017eiemos komplektas. Komplekto pamu\u0161alas &#8211; mink\u0161ta medviln\u0117s flanel\u0117, o i\u0161orinis audinys nepralaidus v\u0117jui ir vandeniui. \u0160varkas turi 300g, o keln\u0117s 160g \u0161iluminio pildymo. Klijuotos si\u016bl\u0117s, guminiai apa\u010dios kra\u0161tai keln\u0117se ir rie\u0161in\u0117s \u0161varko rankov\u0117se palaiko vaiko \u0161ilum\u0105 ir sausum\u0105 net aktyviai \u017eaid\u017eiant. Kad vaikas b\u016bt\u0173 matomas net tamsoje, komplektas papuo\u0161tas atspindin\u010diais elementais, o \u0161varkas turi atspoind\u012f kr\u016btin\u0117s priekyje. Nusegamas kapi\u0161onas saugus \u017eaidimams lauke &#8211; tvirtinamas spaud\u017eiamaisiais u\u017esegtukais, kad nesikabint\u0173, o jo kailinis kra\u0161tas taip pat nusegamas.<\/p>\n","protected":false},"excerpt":{"rendered":"<p>Mergai\u010di\u0173 \u017eiemos komplektas. Komplekto pamu\u0161alas &#8211; mink\u0161ta medviln\u0117s flanel\u0117, o i\u0161orinis audinys nepralaidus v\u0117jui ir vandeniui. \u0160varkas turi 300g, o keln\u0117s 160g \u0161iluminio pildymo. Klijuotos si\u016bl\u0117s, guminiai apa\u010dios kra\u0161tai keln\u0117se ir rie\u0161in\u0117s \u0161varko rankov\u0117se palaiko vaiko \u0161ilum\u0105 ir sausum\u0105 net aktyviai \u017eaid\u017eiant. Kad vaikas b\u016bt\u0173 matomas net tamsoje, komplektas papuo\u0161tas atspindin\u010diais elementais, o \u0161varkas turi [&hellip;]<\/p>\n","protected":false},"featured_media":521378,"template":"","meta":{"_acf_changed":false},"product_brand":[],"product_cat":[1477,1478,1510,102,19],"product_tag":[],"class_list":{"0":"post-521376","1":"product","2":"type-product","3":"status-publish","4":"has-post-thumbnail","6":"product_cat-komplektai","7":"product_cat-komplektai-2","8":"product_cat-komplektai-mergaiciu","9":"product_cat-mergaiciu","10":"product_cat-vaikai","11":"pa_amzius-vaikai","12":"pa_atsparumas-vandeniui-5000-10000mm","13":"pa_dydis-409","14":"pa_izoliacijos-svoris-300g160g","15":"pa_kolekcija-nr-w18-19","16":"pa_kolekcijos-dalis-fashion","17":"pa_lytis-mergaiciu","18":"pa_oro-pralaidumas-5000-10000g-m-24h","19":"pa_prekes-artikulas-45020030-83234","20":"pa_uzpildas-300g160g","22":"first","23":"instock","24":"sale","25":"taxable","26":"shipping-taxable","27":"purchasable","28":"product-type-variable"},"acf":[],"yoast_head":"<!-- This site is optimized with the Yoast SEO plugin v26.8 - https:\/\/yoast.com\/product\/yoast-seo-wordpress\/ -->\n<title>Mergai\u010di\u0173 \u017eieminis komplektas NOVALLA (300g+160g) - Huppa LT<\/title>\n<meta name=\"robots\" content=\"index, follow, max-snippet:-1, max-image-preview:large, max-video-preview:-1\" \/>\n<link rel=\"canonical\" href=\"https:\/\/shop.huppa.eu\/lt\/product\/novalla-300g160g\/\" \/>\n<meta property=\"og:locale\" content=\"lt_LT\" \/>\n<meta property=\"og:type\" content=\"article\" \/>\n<meta property=\"og:title\" content=\"Mergai\u010di\u0173 \u017eieminis komplektas NOVALLA (300g+160g) - Huppa LT\" \/>\n<meta property=\"og:description\" content=\"Mergai\u010di\u0173 \u017eiemos komplektas. Komplekto pamu\u0161alas &#8211; mink\u0161ta medviln\u0117s flanel\u0117, o i\u0161orinis audinys nepralaidus v\u0117jui ir vandeniui. \u0160varkas turi 300g, o keln\u0117s 160g \u0161iluminio pildymo. Klijuotos si\u016bl\u0117s, guminiai apa\u010dios kra\u0161tai keln\u0117se ir rie\u0161in\u0117s \u0161varko rankov\u0117se palaiko vaiko \u0161ilum\u0105 ir sausum\u0105 net aktyviai \u017eaid\u017eiant. Kad vaikas b\u016bt\u0173 matomas net tamsoje, komplektas papuo\u0161tas atspindin\u010diais elementais, o \u0161varkas turi [&hellip;]\" \/>\n<meta property=\"og:url\" content=\"https:\/\/shop.huppa.eu\/lt\/product\/novalla-300g160g\/\" \/>\n<meta property=\"og:site_name\" content=\"Huppa LT\" \/>\n<meta property=\"article:modified_time\" content=\"2026-04-16T04:29:11+00:00\" \/>\n<meta property=\"og:image\" content=\"https:\/\/huppashop-prod.s3.eu-north-1.amazonaws.com\/wp-content\/uploads\/sites\/5\/2025\/11\/24181845\/45020030-83234-NOVALLAf.jpg\" \/>\n\t<meta property=\"og:image:width\" content=\"800\" \/>\n\t<meta property=\"og:image:height\" content=\"800\" \/>\n\t<meta property=\"og:image:type\" content=\"image\/jpeg\" \/>\n<meta name=\"twitter:card\" content=\"summary_large_image\" \/>\n<meta name=\"twitter:label1\" content=\"Est. reading time\" \/>\n\t<meta name=\"twitter:data1\" content=\"1 minut\u0117\" \/>\n<script type=\"application\/ld+json\" class=\"yoast-schema-graph\">{\"@context\":\"https:\/\/schema.org\",\"@graph\":[{\"@type\":\"WebPage\",\"@id\":\"https:\/\/shop.huppa.eu\/lt\/product\/novalla-300g160g\/\",\"url\":\"https:\/\/shop.huppa.eu\/lt\/product\/novalla-300g160g\/\",\"name\":\"Mergai\u010di\u0173 \u017eieminis komplektas NOVALLA (300g+160g) - Huppa LT\",\"isPartOf\":{\"@id\":\"https:\/\/shop.huppa.eu\/lt\/#website\"},\"primaryImageOfPage\":{\"@id\":\"https:\/\/shop.huppa.eu\/lt\/product\/novalla-300g160g\/#primaryimage\"},\"image\":{\"@id\":\"https:\/\/shop.huppa.eu\/lt\/product\/novalla-300g160g\/#primaryimage\"},\"thumbnailUrl\":\"https:\/\/huppashop-prod.s3.eu-north-1.amazonaws.com\/wp-content\/uploads\/sites\/5\/2025\/11\/24181845\/45020030-83234-NOVALLAf.jpg\",\"datePublished\":\"2025-11-24T16:18:44+00:00\",\"dateModified\":\"2026-04-16T04:29:11+00:00\",\"breadcrumb\":{\"@id\":\"https:\/\/shop.huppa.eu\/lt\/product\/novalla-300g160g\/#breadcrumb\"},\"inLanguage\":\"lt-LT\",\"potentialAction\":[{\"@type\":\"ReadAction\",\"target\":[\"https:\/\/shop.huppa.eu\/lt\/product\/novalla-300g160g\/\"]}]},{\"@type\":\"ImageObject\",\"inLanguage\":\"lt-LT\",\"@id\":\"https:\/\/shop.huppa.eu\/lt\/product\/novalla-300g160g\/#primaryimage\",\"url\":\"https:\/\/huppashop-prod.s3.eu-north-1.amazonaws.com\/wp-content\/uploads\/sites\/5\/2025\/11\/24181845\/45020030-83234-NOVALLAf.jpg\",\"contentUrl\":\"https:\/\/huppashop-prod.s3.eu-north-1.amazonaws.com\/wp-content\/uploads\/sites\/5\/2025\/11\/24181845\/45020030-83234-NOVALLAf.jpg\",\"width\":800,\"height\":800},{\"@type\":\"BreadcrumbList\",\"@id\":\"https:\/\/shop.huppa.eu\/lt\/product\/novalla-300g160g\/#breadcrumb\",\"itemListElement\":[{\"@type\":\"ListItem\",\"position\":1,\"name\":\"Shop\",\"item\":\"https:\/\/shop.huppa.eu\/lt\/shop\/\"},{\"@type\":\"ListItem\",\"position\":2,\"name\":\"Mergai\u010di\u0173 \u017eieminis komplektas NOVALLA (300g+160g)\"}]},{\"@type\":\"WebSite\",\"@id\":\"https:\/\/shop.huppa.eu\/lt\/#website\",\"url\":\"https:\/\/shop.huppa.eu\/lt\/\",\"name\":\"Huppa LT\",\"description\":\"Huppa LT\",\"potentialAction\":[{\"@type\":\"SearchAction\",\"target\":{\"@type\":\"EntryPoint\",\"urlTemplate\":\"https:\/\/shop.huppa.eu\/lt\/?s={search_term_string}\"},\"query-input\":{\"@type\":\"PropertyValueSpecification\",\"valueRequired\":true,\"valueName\":\"search_term_string\"}}],\"inLanguage\":\"lt-LT\"}]}<\/script>\n<!-- \/ Yoast SEO plugin. -->","yoast_head_json":{"title":"Mergai\u010di\u0173 \u017eieminis komplektas NOVALLA (300g+160g) - Huppa LT","robots":{"index":"index","follow":"follow","max-snippet":"max-snippet:-1","max-image-preview":"max-image-preview:large","max-video-preview":"max-video-preview:-1"},"canonical":"https:\/\/shop.huppa.eu\/lt\/product\/novalla-300g160g\/","og_locale":"lt_LT","og_type":"article","og_title":"Mergai\u010di\u0173 \u017eieminis komplektas NOVALLA (300g+160g) - Huppa LT","og_description":"Mergai\u010di\u0173 \u017eiemos komplektas. Komplekto pamu\u0161alas &#8211; mink\u0161ta medviln\u0117s flanel\u0117, o i\u0161orinis audinys nepralaidus v\u0117jui ir vandeniui. \u0160varkas turi 300g, o keln\u0117s 160g \u0161iluminio pildymo. Klijuotos si\u016bl\u0117s, guminiai apa\u010dios kra\u0161tai keln\u0117se ir rie\u0161in\u0117s \u0161varko rankov\u0117se palaiko vaiko \u0161ilum\u0105 ir sausum\u0105 net aktyviai \u017eaid\u017eiant. Kad vaikas b\u016bt\u0173 matomas net tamsoje, komplektas papuo\u0161tas atspindin\u010diais elementais, o \u0161varkas turi [&hellip;]","og_url":"https:\/\/shop.huppa.eu\/lt\/product\/novalla-300g160g\/","og_site_name":"Huppa LT","article_modified_time":"2026-04-16T04:29:11+00:00","og_image":[{"width":800,"height":800,"url":"https:\/\/huppashop-prod.s3.eu-north-1.amazonaws.com\/wp-content\/uploads\/sites\/5\/2025\/11\/24181845\/45020030-83234-NOVALLAf.jpg","type":"image\/jpeg"}],"twitter_card":"summary_large_image","twitter_misc":{"Est. reading time":"1 minut\u0117"},"schema":{"@context":"https:\/\/schema.org","@graph":[{"@type":"WebPage","@id":"https:\/\/shop.huppa.eu\/lt\/product\/novalla-300g160g\/","url":"https:\/\/shop.huppa.eu\/lt\/product\/novalla-300g160g\/","name":"Mergai\u010di\u0173 \u017eieminis komplektas NOVALLA (300g+160g) - Huppa LT","isPartOf":{"@id":"https:\/\/shop.huppa.eu\/lt\/#website"},"primaryImageOfPage":{"@id":"https:\/\/shop.huppa.eu\/lt\/product\/novalla-300g160g\/#primaryimage"},"image":{"@id":"https:\/\/shop.huppa.eu\/lt\/product\/novalla-300g160g\/#primaryimage"},"thumbnailUrl":"https:\/\/huppashop-prod.s3.eu-north-1.amazonaws.com\/wp-content\/uploads\/sites\/5\/2025\/11\/24181845\/45020030-83234-NOVALLAf.jpg","datePublished":"2025-11-24T16:18:44+00:00","dateModified":"2026-04-16T04:29:11+00:00","breadcrumb":{"@id":"https:\/\/shop.huppa.eu\/lt\/product\/novalla-300g160g\/#breadcrumb"},"inLanguage":"lt-LT","potentialAction":[{"@type":"ReadAction","target":["https:\/\/shop.huppa.eu\/lt\/product\/novalla-300g160g\/"]}]},{"@type":"ImageObject","inLanguage":"lt-LT","@id":"https:\/\/shop.huppa.eu\/lt\/product\/novalla-300g160g\/#primaryimage","url":"https:\/\/huppashop-prod.s3.eu-north-1.amazonaws.com\/wp-content\/uploads\/sites\/5\/2025\/11\/24181845\/45020030-83234-NOVALLAf.jpg","contentUrl":"https:\/\/huppashop-prod.s3.eu-north-1.amazonaws.com\/wp-content\/uploads\/sites\/5\/2025\/11\/24181845\/45020030-83234-NOVALLAf.jpg","width":800,"height":800},{"@type":"BreadcrumbList","@id":"https:\/\/shop.huppa.eu\/lt\/product\/novalla-300g160g\/#breadcrumb","itemListElement":[{"@type":"ListItem","position":1,"name":"Shop","item":"https:\/\/shop.huppa.eu\/lt\/shop\/"},{"@type":"ListItem","position":2,"name":"Mergai\u010di\u0173 \u017eieminis komplektas NOVALLA (300g+160g)"}]},{"@type":"WebSite","@id":"https:\/\/shop.huppa.eu\/lt\/#website","url":"https:\/\/shop.huppa.eu\/lt\/","name":"Huppa LT","description":"Huppa LT","potentialAction":[{"@type":"SearchAction","target":{"@type":"EntryPoint","urlTemplate":"https:\/\/shop.huppa.eu\/lt\/?s={search_term_string}"},"query-input":{"@type":"PropertyValueSpecification","valueRequired":true,"valueName":"search_term_string"}}],"inLanguage":"lt-LT"}]}},"_links":{"self":[{"href":"https:\/\/shop.huppa.eu\/lt\/wp-json\/wp\/v2\/product\/521376","targetHints":{"allow":["GET"]}}],"collection":[{"href":"https:\/\/shop.huppa.eu\/lt\/wp-json\/wp\/v2\/product"}],"about":[{"href":"https:\/\/shop.huppa.eu\/lt\/wp-json\/wp\/v2\/types\/product"}],"wp:featuredmedia":[{"embeddable":true,"href":"https:\/\/shop.huppa.eu\/lt\/wp-json\/wp\/v2\/media\/521378"}],"wp:attachment":[{"href":"https:\/\/shop.huppa.eu\/lt\/wp-json\/wp\/v2\/media?parent=521376"}],"wp:term":[{"taxonomy":"product_brand","embeddable":true,"href":"https:\/\/shop.huppa.eu\/lt\/wp-json\/wp\/v2\/product_brand?post=521376"},{"taxonomy":"product_cat","embeddable":true,"href":"https:\/\/shop.huppa.eu\/lt\/wp-json\/wp\/v2\/product_cat?post=521376"},{"taxonomy":"product_tag","embeddable":true,"href":"https:\/\/shop.huppa.eu\/lt\/wp-json\/wp\/v2\/product_tag?post=521376"}],"curies":[{"name":"wp","href":"https:\/\/api.w.org\/{rel}","templated":true}]}}