{"id":521385,"date":"2025-11-24T18:18:57","date_gmt":"2025-11-24T16:18:57","guid":{"rendered":"https:\/\/shop.huppa.eu\/lt\/product\/russel-300g160g-2\/"},"modified":"2026-04-16T06:29:11","modified_gmt":"2026-04-16T04:29:11","slug":"russel-300g160g-2","status":"publish","type":"product","link":"https:\/\/shop.huppa.eu\/lt\/product\/russel-300g160g-2\/","title":{"rendered":"Berniuk\u0173 \u017eieminis komplektas RUSSEL (300g+160g)"},"content":{"rendered":"<p>Berniuk\u0173 \u017eiemos komplektas. Komplekto pamu\u0161alas medviln\u0117s flanelis, vir\u0161utinis audinys v\u0117jui ir vandeniui atspar\u016bs. Striuk\u0117 su 300g pa\u0161iltinimu, keln\u0117s su 160g. U\u017elydytos si\u016bl\u0117s, elastin\u0117s apa\u010dios keln\u0117se ir elastin\u0117s vidin\u0117s apyrank\u0117s striuk\u0117s rankov\u0117se i\u0161laiko vaik\u0105 \u0161ilt\u0105 ir saus\u0105. Komplektas su \u0161vies\u0105 atspindin\u010diais elementais. Nuimamas kapi\u0161onas tvirtinamas prie apykakl\u0117s spaud\u017eiamomis sagomis.<\/p>\n","protected":false},"excerpt":{"rendered":"<p>Berniuk\u0173 \u017eiemos komplektas. Komplekto pamu\u0161alas medviln\u0117s flanelis, vir\u0161utinis audinys v\u0117jui ir vandeniui atspar\u016bs. Striuk\u0117 su 300g pa\u0161iltinimu, keln\u0117s su 160g. U\u017elydytos si\u016bl\u0117s, elastin\u0117s apa\u010dios keln\u0117se ir elastin\u0117s vidin\u0117s apyrank\u0117s striuk\u0117s rankov\u0117se i\u0161laiko vaik\u0105 \u0161ilt\u0105 ir saus\u0105. Komplektas su \u0161vies\u0105 atspindin\u010diais elementais. Nuimamas kapi\u0161onas tvirtinamas prie apykakl\u0117s spaud\u017eiamomis sagomis.<\/p>\n","protected":false},"featured_media":521389,"template":"","meta":{"_acf_changed":false},"product_brand":[],"product_cat":[90,1477,1478,1479,19],"product_tag":[],"class_list":{"0":"post-521385","1":"product","2":"type-product","3":"status-publish","4":"has-post-thumbnail","6":"product_cat-berniuku","7":"product_cat-komplektai","8":"product_cat-komplektai-2","9":"product_cat-komplektai-berniuku","10":"product_cat-vaikai","11":"pa_amzius-vaikai","12":"pa_atsparumas-vandeniui-10000mm","13":"pa_dydis-409","14":"pa_dydis-411","15":"pa_dydis-412","16":"pa_izoliacijos-svoris-300g160g","17":"pa_kolekcija-nr-w19-20","18":"pa_kolekcijos-dalis-fashion","19":"pa_lytis-berniuku","20":"pa_oro-pralaidumas-10000g-m-24h","21":"pa_prekes-artikulas-45050030-92548","22":"pa_uzpildas-300g160g","24":"first","25":"instock","26":"sale","27":"taxable","28":"shipping-taxable","29":"purchasable","30":"product-type-variable"},"acf":[],"yoast_head":"<!-- This site is optimized with the Yoast SEO plugin v26.8 - https:\/\/yoast.com\/product\/yoast-seo-wordpress\/ -->\n<title>Berniuk\u0173 \u017eieminis komplektas RUSSEL (300g+160g) - Huppa LT<\/title>\n<meta name=\"robots\" content=\"index, follow, max-snippet:-1, max-image-preview:large, max-video-preview:-1\" \/>\n<link rel=\"canonical\" href=\"https:\/\/shop.huppa.eu\/lt\/product\/russel-300g160g-2\/\" \/>\n<meta property=\"og:locale\" content=\"lt_LT\" \/>\n<meta property=\"og:type\" content=\"article\" \/>\n<meta property=\"og:title\" content=\"Berniuk\u0173 \u017eieminis komplektas RUSSEL (300g+160g) - Huppa LT\" \/>\n<meta property=\"og:description\" content=\"Berniuk\u0173 \u017eiemos komplektas. Komplekto pamu\u0161alas medviln\u0117s flanelis, vir\u0161utinis audinys v\u0117jui ir vandeniui atspar\u016bs. Striuk\u0117 su 300g pa\u0161iltinimu, keln\u0117s su 160g. U\u017elydytos si\u016bl\u0117s, elastin\u0117s apa\u010dios keln\u0117se ir elastin\u0117s vidin\u0117s apyrank\u0117s striuk\u0117s rankov\u0117se i\u0161laiko vaik\u0105 \u0161ilt\u0105 ir saus\u0105. Komplektas su \u0161vies\u0105 atspindin\u010diais elementais. Nuimamas kapi\u0161onas tvirtinamas prie apykakl\u0117s spaud\u017eiamomis sagomis.\" \/>\n<meta property=\"og:url\" content=\"https:\/\/shop.huppa.eu\/lt\/product\/russel-300g160g-2\/\" \/>\n<meta property=\"og:site_name\" content=\"Huppa LT\" \/>\n<meta property=\"article:modified_time\" content=\"2026-04-16T04:29:11+00:00\" \/>\n<meta property=\"og:image\" content=\"https:\/\/huppashop-prod.s3.eu-north-1.amazonaws.com\/wp-content\/uploads\/sites\/5\/2025\/11\/24181859\/45050030-92548-RUSSEL_f.jpg\" \/>\n\t<meta property=\"og:image:width\" content=\"1200\" \/>\n\t<meta property=\"og:image:height\" content=\"1200\" \/>\n\t<meta property=\"og:image:type\" content=\"image\/jpeg\" \/>\n<meta name=\"twitter:card\" content=\"summary_large_image\" \/>\n<script type=\"application\/ld+json\" class=\"yoast-schema-graph\">{\"@context\":\"https:\/\/schema.org\",\"@graph\":[{\"@type\":\"WebPage\",\"@id\":\"https:\/\/shop.huppa.eu\/lt\/product\/russel-300g160g-2\/\",\"url\":\"https:\/\/shop.huppa.eu\/lt\/product\/russel-300g160g-2\/\",\"name\":\"Berniuk\u0173 \u017eieminis komplektas RUSSEL (300g+160g) - Huppa LT\",\"isPartOf\":{\"@id\":\"https:\/\/shop.huppa.eu\/lt\/#website\"},\"primaryImageOfPage\":{\"@id\":\"https:\/\/shop.huppa.eu\/lt\/product\/russel-300g160g-2\/#primaryimage\"},\"image\":{\"@id\":\"https:\/\/shop.huppa.eu\/lt\/product\/russel-300g160g-2\/#primaryimage\"},\"thumbnailUrl\":\"https:\/\/huppashop-prod.s3.eu-north-1.amazonaws.com\/wp-content\/uploads\/sites\/5\/2025\/11\/24181859\/45050030-92548-RUSSEL_f.jpg\",\"datePublished\":\"2025-11-24T16:18:57+00:00\",\"dateModified\":\"2026-04-16T04:29:11+00:00\",\"breadcrumb\":{\"@id\":\"https:\/\/shop.huppa.eu\/lt\/product\/russel-300g160g-2\/#breadcrumb\"},\"inLanguage\":\"lt-LT\",\"potentialAction\":[{\"@type\":\"ReadAction\",\"target\":[\"https:\/\/shop.huppa.eu\/lt\/product\/russel-300g160g-2\/\"]}]},{\"@type\":\"ImageObject\",\"inLanguage\":\"lt-LT\",\"@id\":\"https:\/\/shop.huppa.eu\/lt\/product\/russel-300g160g-2\/#primaryimage\",\"url\":\"https:\/\/huppashop-prod.s3.eu-north-1.amazonaws.com\/wp-content\/uploads\/sites\/5\/2025\/11\/24181859\/45050030-92548-RUSSEL_f.jpg\",\"contentUrl\":\"https:\/\/huppashop-prod.s3.eu-north-1.amazonaws.com\/wp-content\/uploads\/sites\/5\/2025\/11\/24181859\/45050030-92548-RUSSEL_f.jpg\",\"width\":1200,\"height\":1200},{\"@type\":\"BreadcrumbList\",\"@id\":\"https:\/\/shop.huppa.eu\/lt\/product\/russel-300g160g-2\/#breadcrumb\",\"itemListElement\":[{\"@type\":\"ListItem\",\"position\":1,\"name\":\"Shop\",\"item\":\"https:\/\/shop.huppa.eu\/lt\/shop\/\"},{\"@type\":\"ListItem\",\"position\":2,\"name\":\"Berniuk\u0173 \u017eieminis komplektas RUSSEL (300g+160g)\"}]},{\"@type\":\"WebSite\",\"@id\":\"https:\/\/shop.huppa.eu\/lt\/#website\",\"url\":\"https:\/\/shop.huppa.eu\/lt\/\",\"name\":\"Huppa LT\",\"description\":\"Huppa LT\",\"potentialAction\":[{\"@type\":\"SearchAction\",\"target\":{\"@type\":\"EntryPoint\",\"urlTemplate\":\"https:\/\/shop.huppa.eu\/lt\/?s={search_term_string}\"},\"query-input\":{\"@type\":\"PropertyValueSpecification\",\"valueRequired\":true,\"valueName\":\"search_term_string\"}}],\"inLanguage\":\"lt-LT\"}]}<\/script>\n<!-- \/ Yoast SEO plugin. -->","yoast_head_json":{"title":"Berniuk\u0173 \u017eieminis komplektas RUSSEL (300g+160g) - Huppa LT","robots":{"index":"index","follow":"follow","max-snippet":"max-snippet:-1","max-image-preview":"max-image-preview:large","max-video-preview":"max-video-preview:-1"},"canonical":"https:\/\/shop.huppa.eu\/lt\/product\/russel-300g160g-2\/","og_locale":"lt_LT","og_type":"article","og_title":"Berniuk\u0173 \u017eieminis komplektas RUSSEL (300g+160g) - Huppa LT","og_description":"Berniuk\u0173 \u017eiemos komplektas. Komplekto pamu\u0161alas medviln\u0117s flanelis, vir\u0161utinis audinys v\u0117jui ir vandeniui atspar\u016bs. Striuk\u0117 su 300g pa\u0161iltinimu, keln\u0117s su 160g. U\u017elydytos si\u016bl\u0117s, elastin\u0117s apa\u010dios keln\u0117se ir elastin\u0117s vidin\u0117s apyrank\u0117s striuk\u0117s rankov\u0117se i\u0161laiko vaik\u0105 \u0161ilt\u0105 ir saus\u0105. Komplektas su \u0161vies\u0105 atspindin\u010diais elementais. Nuimamas kapi\u0161onas tvirtinamas prie apykakl\u0117s spaud\u017eiamomis sagomis.","og_url":"https:\/\/shop.huppa.eu\/lt\/product\/russel-300g160g-2\/","og_site_name":"Huppa LT","article_modified_time":"2026-04-16T04:29:11+00:00","og_image":[{"width":1200,"height":1200,"url":"https:\/\/huppashop-prod.s3.eu-north-1.amazonaws.com\/wp-content\/uploads\/sites\/5\/2025\/11\/24181859\/45050030-92548-RUSSEL_f.jpg","type":"image\/jpeg"}],"twitter_card":"summary_large_image","schema":{"@context":"https:\/\/schema.org","@graph":[{"@type":"WebPage","@id":"https:\/\/shop.huppa.eu\/lt\/product\/russel-300g160g-2\/","url":"https:\/\/shop.huppa.eu\/lt\/product\/russel-300g160g-2\/","name":"Berniuk\u0173 \u017eieminis komplektas RUSSEL (300g+160g) - Huppa LT","isPartOf":{"@id":"https:\/\/shop.huppa.eu\/lt\/#website"},"primaryImageOfPage":{"@id":"https:\/\/shop.huppa.eu\/lt\/product\/russel-300g160g-2\/#primaryimage"},"image":{"@id":"https:\/\/shop.huppa.eu\/lt\/product\/russel-300g160g-2\/#primaryimage"},"thumbnailUrl":"https:\/\/huppashop-prod.s3.eu-north-1.amazonaws.com\/wp-content\/uploads\/sites\/5\/2025\/11\/24181859\/45050030-92548-RUSSEL_f.jpg","datePublished":"2025-11-24T16:18:57+00:00","dateModified":"2026-04-16T04:29:11+00:00","breadcrumb":{"@id":"https:\/\/shop.huppa.eu\/lt\/product\/russel-300g160g-2\/#breadcrumb"},"inLanguage":"lt-LT","potentialAction":[{"@type":"ReadAction","target":["https:\/\/shop.huppa.eu\/lt\/product\/russel-300g160g-2\/"]}]},{"@type":"ImageObject","inLanguage":"lt-LT","@id":"https:\/\/shop.huppa.eu\/lt\/product\/russel-300g160g-2\/#primaryimage","url":"https:\/\/huppashop-prod.s3.eu-north-1.amazonaws.com\/wp-content\/uploads\/sites\/5\/2025\/11\/24181859\/45050030-92548-RUSSEL_f.jpg","contentUrl":"https:\/\/huppashop-prod.s3.eu-north-1.amazonaws.com\/wp-content\/uploads\/sites\/5\/2025\/11\/24181859\/45050030-92548-RUSSEL_f.jpg","width":1200,"height":1200},{"@type":"BreadcrumbList","@id":"https:\/\/shop.huppa.eu\/lt\/product\/russel-300g160g-2\/#breadcrumb","itemListElement":[{"@type":"ListItem","position":1,"name":"Shop","item":"https:\/\/shop.huppa.eu\/lt\/shop\/"},{"@type":"ListItem","position":2,"name":"Berniuk\u0173 \u017eieminis komplektas RUSSEL (300g+160g)"}]},{"@type":"WebSite","@id":"https:\/\/shop.huppa.eu\/lt\/#website","url":"https:\/\/shop.huppa.eu\/lt\/","name":"Huppa LT","description":"Huppa LT","potentialAction":[{"@type":"SearchAction","target":{"@type":"EntryPoint","urlTemplate":"https:\/\/shop.huppa.eu\/lt\/?s={search_term_string}"},"query-input":{"@type":"PropertyValueSpecification","valueRequired":true,"valueName":"search_term_string"}}],"inLanguage":"lt-LT"}]}},"_links":{"self":[{"href":"https:\/\/shop.huppa.eu\/lt\/wp-json\/wp\/v2\/product\/521385","targetHints":{"allow":["GET"]}}],"collection":[{"href":"https:\/\/shop.huppa.eu\/lt\/wp-json\/wp\/v2\/product"}],"about":[{"href":"https:\/\/shop.huppa.eu\/lt\/wp-json\/wp\/v2\/types\/product"}],"wp:featuredmedia":[{"embeddable":true,"href":"https:\/\/shop.huppa.eu\/lt\/wp-json\/wp\/v2\/media\/521389"}],"wp:attachment":[{"href":"https:\/\/shop.huppa.eu\/lt\/wp-json\/wp\/v2\/media?parent=521385"}],"wp:term":[{"taxonomy":"product_brand","embeddable":true,"href":"https:\/\/shop.huppa.eu\/lt\/wp-json\/wp\/v2\/product_brand?post=521385"},{"taxonomy":"product_cat","embeddable":true,"href":"https:\/\/shop.huppa.eu\/lt\/wp-json\/wp\/v2\/product_cat?post=521385"},{"taxonomy":"product_tag","embeddable":true,"href":"https:\/\/shop.huppa.eu\/lt\/wp-json\/wp\/v2\/product_tag?post=521385"}],"curies":[{"name":"wp","href":"https:\/\/api.w.org\/{rel}","templated":true}]}}