{"id":521515,"date":"2025-11-24T18:22:11","date_gmt":"2025-11-24T16:22:11","guid":{"rendered":"https:\/\/shop.huppa.eu\/lt\/product\/steve-120g-2\/"},"modified":"2026-04-16T06:33:03","modified_gmt":"2026-04-16T04:33:03","slug":"steve-120g-2","status":"publish","type":"product","link":"https:\/\/shop.huppa.eu\/lt\/product\/steve-120g-2\/","title":{"rendered":"Liemen\u0117 STEVE, balta su ra\u0161tu 71220, 104 (120g)"},"content":{"rendered":"<p>Vaiki\u0161ka lengva dygsniuota liemen\u0117 su 120 g pa\u0161iltinimu. Liemen\u0117 su taftos pamu\u0161alu ir ilgesne nugara. Saugesniam d\u0117v\u0117jimui liemen\u0117 turi \u0161vies\u0105 atspindin\u010dius elementus ant ki\u0161eni\u0173, apatin\u0117je nugaros dalyje ir special\u0173 \u0161vies\u0105 atspindint\u012f element\u0105 de\u0161in\u0117je liemen\u0117s pus\u0117je. Priek\u012f i\u0161ry\u0161kina dvi ki\u0161en\u0117s, kuriose galima laikyti pir\u0161tines ar kitus b\u016btinus daiktus. Be to, liemen\u0117 turi vidin\u0119 ki\u0161en\u0119 su u\u017etrauktutu ypa\u010d verting\u0173 daikt\u0173 laikymui.<\/p>\n","protected":false},"excerpt":{"rendered":"<p>Vaiki\u0161ka lengva dygsniuota liemen\u0117 su 120 g pa\u0161iltinimu. Liemen\u0117 su taftos pamu\u0161alu ir ilgesne nugara. Saugesniam d\u0117v\u0117jimui liemen\u0117 turi \u0161vies\u0105 atspindin\u010dius elementus ant ki\u0161eni\u0173, apatin\u0117je nugaros dalyje ir special\u0173 \u0161vies\u0105 atspindint\u012f element\u0105 de\u0161in\u0117je liemen\u0117s pus\u0117je. Priek\u012f i\u0161ry\u0161kina dvi ki\u0161en\u0117s, kuriose galima laikyti pir\u0161tines ar kitus b\u016btinus daiktus. Be to, liemen\u0117 turi vidin\u0119 ki\u0161en\u0119 su u\u017etrauktutu [&hellip;]<\/p>\n","protected":false},"featured_media":521522,"template":"","meta":{"_acf_changed":false},"product_brand":[],"product_cat":[1731,3322,1730,102,19],"product_tag":[],"class_list":{"0":"post-521515","1":"product","2":"type-product","3":"status-publish","4":"has-post-thumbnail","6":"product_cat-liemenes-2","7":"product_cat-liemenes-mergaiciu","8":"product_cat-liemenes","9":"product_cat-mergaiciu","10":"product_cat-vaikai","11":"pa_amzius-vaikai","12":"pa_atsparumas-vandeniui-10000mm","13":"pa_dydis-105","14":"pa_dydis-93","15":"pa_dydis-96","16":"pa_dydis-97","17":"pa_dydis-99","18":"pa_dydis-100","19":"pa_izoliacijos-svoris-120g","20":"pa_kolekcija-nr-sa2017","21":"pa_kolekcijos-dalis-spring-autumn","22":"pa_lytis-mergaiciu","23":"pa_oro-pralaidumas-10000g-m-24h","24":"pa_prekes-artikulas-61020012-71220","25":"pa_rastuota-rastas","26":"pa_uzpildas-120g","28":"first","29":"instock","30":"sale","31":"taxable","32":"shipping-taxable","33":"purchasable","34":"product-type-variable"},"acf":[],"yoast_head":"<!-- This site is optimized with the Yoast SEO plugin v26.8 - https:\/\/yoast.com\/product\/yoast-seo-wordpress\/ -->\n<title>Liemen\u0117 STEVE, balta su ra\u0161tu 71220, 104 (120g) - Huppa LT<\/title>\n<meta name=\"robots\" content=\"index, follow, max-snippet:-1, max-image-preview:large, max-video-preview:-1\" \/>\n<link rel=\"canonical\" href=\"https:\/\/shop.huppa.eu\/lt\/product\/steve-120g-2\/\" \/>\n<meta property=\"og:locale\" content=\"lt_LT\" \/>\n<meta property=\"og:type\" content=\"article\" \/>\n<meta property=\"og:title\" content=\"Liemen\u0117 STEVE, balta su ra\u0161tu 71220, 104 (120g) - Huppa LT\" \/>\n<meta property=\"og:description\" content=\"Vaiki\u0161ka lengva dygsniuota liemen\u0117 su 120 g pa\u0161iltinimu. Liemen\u0117 su taftos pamu\u0161alu ir ilgesne nugara. Saugesniam d\u0117v\u0117jimui liemen\u0117 turi \u0161vies\u0105 atspindin\u010dius elementus ant ki\u0161eni\u0173, apatin\u0117je nugaros dalyje ir special\u0173 \u0161vies\u0105 atspindint\u012f element\u0105 de\u0161in\u0117je liemen\u0117s pus\u0117je. Priek\u012f i\u0161ry\u0161kina dvi ki\u0161en\u0117s, kuriose galima laikyti pir\u0161tines ar kitus b\u016btinus daiktus. Be to, liemen\u0117 turi vidin\u0119 ki\u0161en\u0119 su u\u017etrauktutu [&hellip;]\" \/>\n<meta property=\"og:url\" content=\"https:\/\/shop.huppa.eu\/lt\/product\/steve-120g-2\/\" \/>\n<meta property=\"og:site_name\" content=\"Huppa LT\" \/>\n<meta property=\"article:modified_time\" content=\"2026-04-16T04:33:03+00:00\" \/>\n<meta property=\"og:image\" content=\"https:\/\/huppashop-prod.s3.eu-north-1.amazonaws.com\/wp-content\/uploads\/sites\/5\/2025\/11\/24182213\/61020012-71220-STEVEf.jpg\" \/>\n\t<meta property=\"og:image:width\" content=\"800\" \/>\n\t<meta property=\"og:image:height\" content=\"800\" \/>\n\t<meta property=\"og:image:type\" content=\"image\/jpeg\" \/>\n<meta name=\"twitter:card\" content=\"summary_large_image\" \/>\n<script type=\"application\/ld+json\" class=\"yoast-schema-graph\">{\"@context\":\"https:\/\/schema.org\",\"@graph\":[{\"@type\":\"WebPage\",\"@id\":\"https:\/\/shop.huppa.eu\/lt\/product\/steve-120g-2\/\",\"url\":\"https:\/\/shop.huppa.eu\/lt\/product\/steve-120g-2\/\",\"name\":\"Liemen\u0117 STEVE, balta su ra\u0161tu 71220, 104 (120g) - Huppa LT\",\"isPartOf\":{\"@id\":\"https:\/\/shop.huppa.eu\/lt\/#website\"},\"primaryImageOfPage\":{\"@id\":\"https:\/\/shop.huppa.eu\/lt\/product\/steve-120g-2\/#primaryimage\"},\"image\":{\"@id\":\"https:\/\/shop.huppa.eu\/lt\/product\/steve-120g-2\/#primaryimage\"},\"thumbnailUrl\":\"https:\/\/huppashop-prod.s3.eu-north-1.amazonaws.com\/wp-content\/uploads\/sites\/5\/2025\/11\/24182213\/61020012-71220-STEVEf.jpg\",\"datePublished\":\"2025-11-24T16:22:11+00:00\",\"dateModified\":\"2026-04-16T04:33:03+00:00\",\"breadcrumb\":{\"@id\":\"https:\/\/shop.huppa.eu\/lt\/product\/steve-120g-2\/#breadcrumb\"},\"inLanguage\":\"lt-LT\",\"potentialAction\":[{\"@type\":\"ReadAction\",\"target\":[\"https:\/\/shop.huppa.eu\/lt\/product\/steve-120g-2\/\"]}]},{\"@type\":\"ImageObject\",\"inLanguage\":\"lt-LT\",\"@id\":\"https:\/\/shop.huppa.eu\/lt\/product\/steve-120g-2\/#primaryimage\",\"url\":\"https:\/\/huppashop-prod.s3.eu-north-1.amazonaws.com\/wp-content\/uploads\/sites\/5\/2025\/11\/24182213\/61020012-71220-STEVEf.jpg\",\"contentUrl\":\"https:\/\/huppashop-prod.s3.eu-north-1.amazonaws.com\/wp-content\/uploads\/sites\/5\/2025\/11\/24182213\/61020012-71220-STEVEf.jpg\",\"width\":800,\"height\":800},{\"@type\":\"BreadcrumbList\",\"@id\":\"https:\/\/shop.huppa.eu\/lt\/product\/steve-120g-2\/#breadcrumb\",\"itemListElement\":[{\"@type\":\"ListItem\",\"position\":1,\"name\":\"Shop\",\"item\":\"https:\/\/shop.huppa.eu\/lt\/shop\/\"},{\"@type\":\"ListItem\",\"position\":2,\"name\":\"Liemen\u0117 STEVE, balta su ra\u0161tu 71220, 104 (120g)\"}]},{\"@type\":\"WebSite\",\"@id\":\"https:\/\/shop.huppa.eu\/lt\/#website\",\"url\":\"https:\/\/shop.huppa.eu\/lt\/\",\"name\":\"Huppa LT\",\"description\":\"Huppa LT\",\"potentialAction\":[{\"@type\":\"SearchAction\",\"target\":{\"@type\":\"EntryPoint\",\"urlTemplate\":\"https:\/\/shop.huppa.eu\/lt\/?s={search_term_string}\"},\"query-input\":{\"@type\":\"PropertyValueSpecification\",\"valueRequired\":true,\"valueName\":\"search_term_string\"}}],\"inLanguage\":\"lt-LT\"}]}<\/script>\n<!-- \/ Yoast SEO plugin. -->","yoast_head_json":{"title":"Liemen\u0117 STEVE, balta su ra\u0161tu 71220, 104 (120g) - Huppa LT","robots":{"index":"index","follow":"follow","max-snippet":"max-snippet:-1","max-image-preview":"max-image-preview:large","max-video-preview":"max-video-preview:-1"},"canonical":"https:\/\/shop.huppa.eu\/lt\/product\/steve-120g-2\/","og_locale":"lt_LT","og_type":"article","og_title":"Liemen\u0117 STEVE, balta su ra\u0161tu 71220, 104 (120g) - Huppa LT","og_description":"Vaiki\u0161ka lengva dygsniuota liemen\u0117 su 120 g pa\u0161iltinimu. Liemen\u0117 su taftos pamu\u0161alu ir ilgesne nugara. Saugesniam d\u0117v\u0117jimui liemen\u0117 turi \u0161vies\u0105 atspindin\u010dius elementus ant ki\u0161eni\u0173, apatin\u0117je nugaros dalyje ir special\u0173 \u0161vies\u0105 atspindint\u012f element\u0105 de\u0161in\u0117je liemen\u0117s pus\u0117je. Priek\u012f i\u0161ry\u0161kina dvi ki\u0161en\u0117s, kuriose galima laikyti pir\u0161tines ar kitus b\u016btinus daiktus. Be to, liemen\u0117 turi vidin\u0119 ki\u0161en\u0119 su u\u017etrauktutu [&hellip;]","og_url":"https:\/\/shop.huppa.eu\/lt\/product\/steve-120g-2\/","og_site_name":"Huppa LT","article_modified_time":"2026-04-16T04:33:03+00:00","og_image":[{"width":800,"height":800,"url":"https:\/\/huppashop-prod.s3.eu-north-1.amazonaws.com\/wp-content\/uploads\/sites\/5\/2025\/11\/24182213\/61020012-71220-STEVEf.jpg","type":"image\/jpeg"}],"twitter_card":"summary_large_image","schema":{"@context":"https:\/\/schema.org","@graph":[{"@type":"WebPage","@id":"https:\/\/shop.huppa.eu\/lt\/product\/steve-120g-2\/","url":"https:\/\/shop.huppa.eu\/lt\/product\/steve-120g-2\/","name":"Liemen\u0117 STEVE, balta su ra\u0161tu 71220, 104 (120g) - Huppa LT","isPartOf":{"@id":"https:\/\/shop.huppa.eu\/lt\/#website"},"primaryImageOfPage":{"@id":"https:\/\/shop.huppa.eu\/lt\/product\/steve-120g-2\/#primaryimage"},"image":{"@id":"https:\/\/shop.huppa.eu\/lt\/product\/steve-120g-2\/#primaryimage"},"thumbnailUrl":"https:\/\/huppashop-prod.s3.eu-north-1.amazonaws.com\/wp-content\/uploads\/sites\/5\/2025\/11\/24182213\/61020012-71220-STEVEf.jpg","datePublished":"2025-11-24T16:22:11+00:00","dateModified":"2026-04-16T04:33:03+00:00","breadcrumb":{"@id":"https:\/\/shop.huppa.eu\/lt\/product\/steve-120g-2\/#breadcrumb"},"inLanguage":"lt-LT","potentialAction":[{"@type":"ReadAction","target":["https:\/\/shop.huppa.eu\/lt\/product\/steve-120g-2\/"]}]},{"@type":"ImageObject","inLanguage":"lt-LT","@id":"https:\/\/shop.huppa.eu\/lt\/product\/steve-120g-2\/#primaryimage","url":"https:\/\/huppashop-prod.s3.eu-north-1.amazonaws.com\/wp-content\/uploads\/sites\/5\/2025\/11\/24182213\/61020012-71220-STEVEf.jpg","contentUrl":"https:\/\/huppashop-prod.s3.eu-north-1.amazonaws.com\/wp-content\/uploads\/sites\/5\/2025\/11\/24182213\/61020012-71220-STEVEf.jpg","width":800,"height":800},{"@type":"BreadcrumbList","@id":"https:\/\/shop.huppa.eu\/lt\/product\/steve-120g-2\/#breadcrumb","itemListElement":[{"@type":"ListItem","position":1,"name":"Shop","item":"https:\/\/shop.huppa.eu\/lt\/shop\/"},{"@type":"ListItem","position":2,"name":"Liemen\u0117 STEVE, balta su ra\u0161tu 71220, 104 (120g)"}]},{"@type":"WebSite","@id":"https:\/\/shop.huppa.eu\/lt\/#website","url":"https:\/\/shop.huppa.eu\/lt\/","name":"Huppa LT","description":"Huppa LT","potentialAction":[{"@type":"SearchAction","target":{"@type":"EntryPoint","urlTemplate":"https:\/\/shop.huppa.eu\/lt\/?s={search_term_string}"},"query-input":{"@type":"PropertyValueSpecification","valueRequired":true,"valueName":"search_term_string"}}],"inLanguage":"lt-LT"}]}},"_links":{"self":[{"href":"https:\/\/shop.huppa.eu\/lt\/wp-json\/wp\/v2\/product\/521515","targetHints":{"allow":["GET"]}}],"collection":[{"href":"https:\/\/shop.huppa.eu\/lt\/wp-json\/wp\/v2\/product"}],"about":[{"href":"https:\/\/shop.huppa.eu\/lt\/wp-json\/wp\/v2\/types\/product"}],"wp:featuredmedia":[{"embeddable":true,"href":"https:\/\/shop.huppa.eu\/lt\/wp-json\/wp\/v2\/media\/521522"}],"wp:attachment":[{"href":"https:\/\/shop.huppa.eu\/lt\/wp-json\/wp\/v2\/media?parent=521515"}],"wp:term":[{"taxonomy":"product_brand","embeddable":true,"href":"https:\/\/shop.huppa.eu\/lt\/wp-json\/wp\/v2\/product_brand?post=521515"},{"taxonomy":"product_cat","embeddable":true,"href":"https:\/\/shop.huppa.eu\/lt\/wp-json\/wp\/v2\/product_cat?post=521515"},{"taxonomy":"product_tag","embeddable":true,"href":"https:\/\/shop.huppa.eu\/lt\/wp-json\/wp\/v2\/product_tag?post=521515"}],"curies":[{"name":"wp","href":"https:\/\/api.w.org\/{rel}","templated":true}]}}