{"id":521595,"date":"2025-11-24T18:23:26","date_gmt":"2025-11-24T16:23:26","guid":{"rendered":"https:\/\/shop.huppa.eu\/lt\/product\/cepure-s-sarkans\/"},"modified":"2026-04-15T06:33:06","modified_gmt":"2026-04-15T04:33:06","slug":"cepure-s-sarkans","status":"publish","type":"product","link":"https:\/\/shop.huppa.eu\/lt\/product\/cepure-s-sarkans\/","title":{"rendered":"Kootud m\u00fcts, punane S"},"content":{"rendered":"<p>Megzta kepur\u0117 su dvigubu kra\u0161tu. Sud\u0117tis 50% akrilas, 50% medviln\u0117.<\/p>\n","protected":false},"excerpt":{"rendered":"<p>Megzta kepur\u0117 su dvigubu kra\u0161tu. Sud\u0117tis 50% akrilas, 50% medviln\u0117.<\/p>\n","protected":false},"featured_media":397996,"template":"","meta":{"_acf_changed":false},"product_brand":[],"product_cat":[90,1774,1798,1771,19],"product_tag":[],"class_list":{"0":"post-521595","1":"product","2":"type-product","3":"status-publish","4":"has-post-thumbnail","6":"product_cat-berniuku","7":"product_cat-kepureles-2","8":"product_cat-kepureles-berniuku","9":"product_cat-kepureles","10":"product_cat-vaikai","11":"pa_amzius-vaikai","12":"pa_atsparumas-vandeniui-mm","13":"pa_dydis-1919","14":"pa_lytis-berniuku","15":"pa_oro-pralaidumas-g-m-24h","16":"pa_prekes-artikulas-73870000-00s","18":"first","19":"instock","20":"sale","21":"taxable","22":"shipping-taxable","23":"purchasable","24":"product-type-variable"},"acf":[],"yoast_head":"<!-- This site is optimized with the Yoast SEO plugin v26.8 - https:\/\/yoast.com\/product\/yoast-seo-wordpress\/ -->\n<title>Kootud m\u00fcts, punane S - Huppa LT<\/title>\n<meta name=\"robots\" content=\"index, follow, max-snippet:-1, max-image-preview:large, max-video-preview:-1\" \/>\n<link rel=\"canonical\" href=\"https:\/\/shop.huppa.eu\/lt\/product\/cepure-s-sarkans\/\" \/>\n<meta property=\"og:locale\" content=\"lt_LT\" \/>\n<meta property=\"og:type\" content=\"article\" \/>\n<meta property=\"og:title\" content=\"Kootud m\u00fcts, punane S - Huppa LT\" \/>\n<meta property=\"og:description\" content=\"Megzta kepur\u0117 su dvigubu kra\u0161tu. Sud\u0117tis 50% akrilas, 50% medviln\u0117.\" \/>\n<meta property=\"og:url\" content=\"https:\/\/shop.huppa.eu\/lt\/product\/cepure-s-sarkans\/\" \/>\n<meta property=\"og:site_name\" content=\"Huppa LT\" \/>\n<meta property=\"article:modified_time\" content=\"2026-04-15T04:33:06+00:00\" \/>\n<meta property=\"og:image\" content=\"https:\/\/huppashop-prod.s3.eu-north-1.amazonaws.com\/wp-content\/uploads\/sites\/3\/2020\/12\/24034225\/73870000-004-mytsP.png\" \/>\n\t<meta property=\"og:image:width\" content=\"800\" \/>\n\t<meta property=\"og:image:height\" content=\"800\" \/>\n\t<meta property=\"og:image:type\" content=\"image\/png\" \/>\n<meta name=\"twitter:card\" content=\"summary_large_image\" \/>\n<script type=\"application\/ld+json\" class=\"yoast-schema-graph\">{\"@context\":\"https:\/\/schema.org\",\"@graph\":[{\"@type\":\"WebPage\",\"@id\":\"https:\/\/shop.huppa.eu\/lt\/product\/cepure-s-sarkans\/\",\"url\":\"https:\/\/shop.huppa.eu\/lt\/product\/cepure-s-sarkans\/\",\"name\":\"Kootud m\u00fcts, punane S - Huppa LT\",\"isPartOf\":{\"@id\":\"https:\/\/shop.huppa.eu\/lt\/#website\"},\"primaryImageOfPage\":{\"@id\":\"https:\/\/shop.huppa.eu\/lt\/product\/cepure-s-sarkans\/#primaryimage\"},\"image\":{\"@id\":\"https:\/\/shop.huppa.eu\/lt\/product\/cepure-s-sarkans\/#primaryimage\"},\"thumbnailUrl\":\"https:\/\/huppashop-prod.s3.eu-north-1.amazonaws.com\/wp-content\/uploads\/sites\/3\/2020\/12\/24034225\/73870000-004-mytsP.png\",\"datePublished\":\"2025-11-24T16:23:26+00:00\",\"dateModified\":\"2026-04-15T04:33:06+00:00\",\"breadcrumb\":{\"@id\":\"https:\/\/shop.huppa.eu\/lt\/product\/cepure-s-sarkans\/#breadcrumb\"},\"inLanguage\":\"lt-LT\",\"potentialAction\":[{\"@type\":\"ReadAction\",\"target\":[\"https:\/\/shop.huppa.eu\/lt\/product\/cepure-s-sarkans\/\"]}]},{\"@type\":\"ImageObject\",\"inLanguage\":\"lt-LT\",\"@id\":\"https:\/\/shop.huppa.eu\/lt\/product\/cepure-s-sarkans\/#primaryimage\",\"url\":\"https:\/\/huppashop-prod.s3.eu-north-1.amazonaws.com\/wp-content\/uploads\/sites\/3\/2020\/12\/24034225\/73870000-004-mytsP.png\",\"contentUrl\":\"https:\/\/huppashop-prod.s3.eu-north-1.amazonaws.com\/wp-content\/uploads\/sites\/3\/2020\/12\/24034225\/73870000-004-mytsP.png\",\"width\":800,\"height\":800},{\"@type\":\"BreadcrumbList\",\"@id\":\"https:\/\/shop.huppa.eu\/lt\/product\/cepure-s-sarkans\/#breadcrumb\",\"itemListElement\":[{\"@type\":\"ListItem\",\"position\":1,\"name\":\"Shop\",\"item\":\"https:\/\/shop.huppa.eu\/lt\/shop\/\"},{\"@type\":\"ListItem\",\"position\":2,\"name\":\"Kootud m\u00fcts, punane S\"}]},{\"@type\":\"WebSite\",\"@id\":\"https:\/\/shop.huppa.eu\/lt\/#website\",\"url\":\"https:\/\/shop.huppa.eu\/lt\/\",\"name\":\"Huppa LT\",\"description\":\"Huppa LT\",\"potentialAction\":[{\"@type\":\"SearchAction\",\"target\":{\"@type\":\"EntryPoint\",\"urlTemplate\":\"https:\/\/shop.huppa.eu\/lt\/?s={search_term_string}\"},\"query-input\":{\"@type\":\"PropertyValueSpecification\",\"valueRequired\":true,\"valueName\":\"search_term_string\"}}],\"inLanguage\":\"lt-LT\"}]}<\/script>\n<!-- \/ Yoast SEO plugin. -->","yoast_head_json":{"title":"Kootud m\u00fcts, punane S - Huppa LT","robots":{"index":"index","follow":"follow","max-snippet":"max-snippet:-1","max-image-preview":"max-image-preview:large","max-video-preview":"max-video-preview:-1"},"canonical":"https:\/\/shop.huppa.eu\/lt\/product\/cepure-s-sarkans\/","og_locale":"lt_LT","og_type":"article","og_title":"Kootud m\u00fcts, punane S - Huppa LT","og_description":"Megzta kepur\u0117 su dvigubu kra\u0161tu. Sud\u0117tis 50% akrilas, 50% medviln\u0117.","og_url":"https:\/\/shop.huppa.eu\/lt\/product\/cepure-s-sarkans\/","og_site_name":"Huppa LT","article_modified_time":"2026-04-15T04:33:06+00:00","og_image":[{"width":800,"height":800,"url":"https:\/\/huppashop-prod.s3.eu-north-1.amazonaws.com\/wp-content\/uploads\/sites\/3\/2020\/12\/24034225\/73870000-004-mytsP.png","type":"image\/png"}],"twitter_card":"summary_large_image","schema":{"@context":"https:\/\/schema.org","@graph":[{"@type":"WebPage","@id":"https:\/\/shop.huppa.eu\/lt\/product\/cepure-s-sarkans\/","url":"https:\/\/shop.huppa.eu\/lt\/product\/cepure-s-sarkans\/","name":"Kootud m\u00fcts, punane S - Huppa LT","isPartOf":{"@id":"https:\/\/shop.huppa.eu\/lt\/#website"},"primaryImageOfPage":{"@id":"https:\/\/shop.huppa.eu\/lt\/product\/cepure-s-sarkans\/#primaryimage"},"image":{"@id":"https:\/\/shop.huppa.eu\/lt\/product\/cepure-s-sarkans\/#primaryimage"},"thumbnailUrl":"https:\/\/huppashop-prod.s3.eu-north-1.amazonaws.com\/wp-content\/uploads\/sites\/3\/2020\/12\/24034225\/73870000-004-mytsP.png","datePublished":"2025-11-24T16:23:26+00:00","dateModified":"2026-04-15T04:33:06+00:00","breadcrumb":{"@id":"https:\/\/shop.huppa.eu\/lt\/product\/cepure-s-sarkans\/#breadcrumb"},"inLanguage":"lt-LT","potentialAction":[{"@type":"ReadAction","target":["https:\/\/shop.huppa.eu\/lt\/product\/cepure-s-sarkans\/"]}]},{"@type":"ImageObject","inLanguage":"lt-LT","@id":"https:\/\/shop.huppa.eu\/lt\/product\/cepure-s-sarkans\/#primaryimage","url":"https:\/\/huppashop-prod.s3.eu-north-1.amazonaws.com\/wp-content\/uploads\/sites\/3\/2020\/12\/24034225\/73870000-004-mytsP.png","contentUrl":"https:\/\/huppashop-prod.s3.eu-north-1.amazonaws.com\/wp-content\/uploads\/sites\/3\/2020\/12\/24034225\/73870000-004-mytsP.png","width":800,"height":800},{"@type":"BreadcrumbList","@id":"https:\/\/shop.huppa.eu\/lt\/product\/cepure-s-sarkans\/#breadcrumb","itemListElement":[{"@type":"ListItem","position":1,"name":"Shop","item":"https:\/\/shop.huppa.eu\/lt\/shop\/"},{"@type":"ListItem","position":2,"name":"Kootud m\u00fcts, punane S"}]},{"@type":"WebSite","@id":"https:\/\/shop.huppa.eu\/lt\/#website","url":"https:\/\/shop.huppa.eu\/lt\/","name":"Huppa LT","description":"Huppa LT","potentialAction":[{"@type":"SearchAction","target":{"@type":"EntryPoint","urlTemplate":"https:\/\/shop.huppa.eu\/lt\/?s={search_term_string}"},"query-input":{"@type":"PropertyValueSpecification","valueRequired":true,"valueName":"search_term_string"}}],"inLanguage":"lt-LT"}]}},"_links":{"self":[{"href":"https:\/\/shop.huppa.eu\/lt\/wp-json\/wp\/v2\/product\/521595","targetHints":{"allow":["GET"]}}],"collection":[{"href":"https:\/\/shop.huppa.eu\/lt\/wp-json\/wp\/v2\/product"}],"about":[{"href":"https:\/\/shop.huppa.eu\/lt\/wp-json\/wp\/v2\/types\/product"}],"wp:featuredmedia":[{"embeddable":true,"href":"https:\/\/shop.huppa.eu\/lt\/wp-json\/wp\/v2\/media\/397996"}],"wp:attachment":[{"href":"https:\/\/shop.huppa.eu\/lt\/wp-json\/wp\/v2\/media?parent=521595"}],"wp:term":[{"taxonomy":"product_brand","embeddable":true,"href":"https:\/\/shop.huppa.eu\/lt\/wp-json\/wp\/v2\/product_brand?post=521595"},{"taxonomy":"product_cat","embeddable":true,"href":"https:\/\/shop.huppa.eu\/lt\/wp-json\/wp\/v2\/product_cat?post=521595"},{"taxonomy":"product_tag","embeddable":true,"href":"https:\/\/shop.huppa.eu\/lt\/wp-json\/wp\/v2\/product_tag?post=521595"}],"curies":[{"name":"wp","href":"https:\/\/api.w.org\/{rel}","templated":true}]}}