{"id":522148,"date":"2025-11-24T18:35:59","date_gmt":"2025-11-24T16:35:59","guid":{"rendered":"https:\/\/shop.huppa.eu\/lt\/product\/liina\/"},"modified":"2026-04-09T06:38:09","modified_gmt":"2026-04-09T04:38:09","slug":"liina","status":"publish","type":"product","link":"https:\/\/shop.huppa.eu\/lt\/product\/liina\/","title":{"rendered":"Vaik\u0173 pir\u0161tin\u0117s LIINA, \u017ealia, dydis 0"},"content":{"rendered":"<p>Vaiki\u0161kos neper\u0161lampan\u010dios ir v\u0117jui atsparios pir\u0161tin\u0117s su pamu\u0161alu ir 150 g pa\u0161iltinimu. Kv\u0117puojantis vir\u0161utinis audinys. Patogi elastin\u0117 juosta rie\u0161o srityje. Reguliuojamas rie\u0161as su Velcro u\u017esegimu. Pir\u0161tini\u0173 vidus i\u0161 mink\u0161to fliso audinio. Ma\u017eas segtukas padeda laikyti pir\u0161tines kartu. \u0160vies\u0105 atspindintys elementai ant vir\u0161utinio audinio.<\/p>\n","protected":false},"excerpt":{"rendered":"<p>Vaiki\u0161kos neper\u0161lampan\u010dios ir v\u0117jui atsparios pir\u0161tin\u0117s su pamu\u0161alu ir 150 g pa\u0161iltinimu. Kv\u0117puojantis vir\u0161utinis audinys. Patogi elastin\u0117 juosta rie\u0161o srityje. Reguliuojamas rie\u0161as su Velcro u\u017esegimu. Pir\u0161tini\u0173 vidus i\u0161 mink\u0161to fliso audinio. Ma\u017eas segtukas padeda laikyti pir\u0161tines kartu. \u0160vies\u0105 atspindintys elementai ant vir\u0161utinio audinio.<\/p>\n","protected":false},"featured_media":433078,"template":"","meta":{"_acf_changed":false},"product_brand":[],"product_cat":[1921,1923,1924,415,19],"product_tag":[],"class_list":{"0":"post-522148","1":"product","2":"type-product","3":"status-publish","4":"has-post-thumbnail","6":"product_cat-pirstines","7":"product_cat-pirstines-2","8":"product_cat-pirstines-unisex","9":"product_cat-unisex","10":"product_cat-vaikai","11":"pa_amzius-vaikai","12":"pa_atsparumas-vandeniui-mm","13":"pa_dydis-1919","14":"pa_kolekcija-nr-aw09-10","15":"pa_lytis-unisex","16":"pa_oro-pralaidumas-g-m-24h","17":"pa_prekes-artikulas-8162aa09-047","18":"pa_rastuota-vienspalvis","20":"first","21":"instock","22":"sale","23":"taxable","24":"shipping-taxable","25":"purchasable","26":"product-type-variable"},"acf":[],"yoast_head":"<!-- This site is optimized with the Yoast SEO plugin v26.8 - https:\/\/yoast.com\/product\/yoast-seo-wordpress\/ -->\n<title>Vaik\u0173 pir\u0161tin\u0117s LIINA, \u017ealia, dydis 0 - Huppa LT<\/title>\n<meta name=\"robots\" content=\"index, follow, max-snippet:-1, max-image-preview:large, max-video-preview:-1\" \/>\n<link rel=\"canonical\" href=\"https:\/\/shop.huppa.eu\/lt\/product\/liina\/\" \/>\n<meta property=\"og:locale\" content=\"lt_LT\" \/>\n<meta property=\"og:type\" content=\"article\" \/>\n<meta property=\"og:title\" content=\"Vaik\u0173 pir\u0161tin\u0117s LIINA, \u017ealia, dydis 0 - Huppa LT\" \/>\n<meta property=\"og:description\" content=\"Vaiki\u0161kos neper\u0161lampan\u010dios ir v\u0117jui atsparios pir\u0161tin\u0117s su pamu\u0161alu ir 150 g pa\u0161iltinimu. Kv\u0117puojantis vir\u0161utinis audinys. Patogi elastin\u0117 juosta rie\u0161o srityje. Reguliuojamas rie\u0161as su Velcro u\u017esegimu. Pir\u0161tini\u0173 vidus i\u0161 mink\u0161to fliso audinio. Ma\u017eas segtukas padeda laikyti pir\u0161tines kartu. \u0160vies\u0105 atspindintys elementai ant vir\u0161utinio audinio.\" \/>\n<meta property=\"og:url\" content=\"https:\/\/shop.huppa.eu\/lt\/product\/liina\/\" \/>\n<meta property=\"og:site_name\" content=\"Huppa LT\" \/>\n<meta property=\"article:modified_time\" content=\"2026-04-09T04:38:09+00:00\" \/>\n<meta property=\"og:image\" content=\"https:\/\/huppashop-prod.s3.eu-north-1.amazonaws.com\/wp-content\/uploads\/sites\/3\/2021\/06\/03072046\/8162AA09-047-LIINA.png\" \/>\n\t<meta property=\"og:image:width\" content=\"800\" \/>\n\t<meta property=\"og:image:height\" content=\"800\" \/>\n\t<meta property=\"og:image:type\" content=\"image\/png\" \/>\n<meta name=\"twitter:card\" content=\"summary_large_image\" \/>\n<script type=\"application\/ld+json\" class=\"yoast-schema-graph\">{\"@context\":\"https:\/\/schema.org\",\"@graph\":[{\"@type\":\"WebPage\",\"@id\":\"https:\/\/shop.huppa.eu\/lt\/product\/liina\/\",\"url\":\"https:\/\/shop.huppa.eu\/lt\/product\/liina\/\",\"name\":\"Vaik\u0173 pir\u0161tin\u0117s LIINA, \u017ealia, dydis 0 - Huppa LT\",\"isPartOf\":{\"@id\":\"https:\/\/shop.huppa.eu\/lt\/#website\"},\"primaryImageOfPage\":{\"@id\":\"https:\/\/shop.huppa.eu\/lt\/product\/liina\/#primaryimage\"},\"image\":{\"@id\":\"https:\/\/shop.huppa.eu\/lt\/product\/liina\/#primaryimage\"},\"thumbnailUrl\":\"https:\/\/huppashop-prod.s3.eu-north-1.amazonaws.com\/wp-content\/uploads\/sites\/3\/2021\/06\/03072046\/8162AA09-047-LIINA.png\",\"datePublished\":\"2025-11-24T16:35:59+00:00\",\"dateModified\":\"2026-04-09T04:38:09+00:00\",\"breadcrumb\":{\"@id\":\"https:\/\/shop.huppa.eu\/lt\/product\/liina\/#breadcrumb\"},\"inLanguage\":\"lt-LT\",\"potentialAction\":[{\"@type\":\"ReadAction\",\"target\":[\"https:\/\/shop.huppa.eu\/lt\/product\/liina\/\"]}]},{\"@type\":\"ImageObject\",\"inLanguage\":\"lt-LT\",\"@id\":\"https:\/\/shop.huppa.eu\/lt\/product\/liina\/#primaryimage\",\"url\":\"https:\/\/huppashop-prod.s3.eu-north-1.amazonaws.com\/wp-content\/uploads\/sites\/3\/2021\/06\/03072046\/8162AA09-047-LIINA.png\",\"contentUrl\":\"https:\/\/huppashop-prod.s3.eu-north-1.amazonaws.com\/wp-content\/uploads\/sites\/3\/2021\/06\/03072046\/8162AA09-047-LIINA.png\",\"width\":800,\"height\":800},{\"@type\":\"BreadcrumbList\",\"@id\":\"https:\/\/shop.huppa.eu\/lt\/product\/liina\/#breadcrumb\",\"itemListElement\":[{\"@type\":\"ListItem\",\"position\":1,\"name\":\"Shop\",\"item\":\"https:\/\/shop.huppa.eu\/lt\/shop\/\"},{\"@type\":\"ListItem\",\"position\":2,\"name\":\"Vaik\u0173 pir\u0161tin\u0117s LIINA, \u017ealia, dydis 0\"}]},{\"@type\":\"WebSite\",\"@id\":\"https:\/\/shop.huppa.eu\/lt\/#website\",\"url\":\"https:\/\/shop.huppa.eu\/lt\/\",\"name\":\"Huppa LT\",\"description\":\"Huppa LT\",\"potentialAction\":[{\"@type\":\"SearchAction\",\"target\":{\"@type\":\"EntryPoint\",\"urlTemplate\":\"https:\/\/shop.huppa.eu\/lt\/?s={search_term_string}\"},\"query-input\":{\"@type\":\"PropertyValueSpecification\",\"valueRequired\":true,\"valueName\":\"search_term_string\"}}],\"inLanguage\":\"lt-LT\"}]}<\/script>\n<!-- \/ Yoast SEO plugin. -->","yoast_head_json":{"title":"Vaik\u0173 pir\u0161tin\u0117s LIINA, \u017ealia, dydis 0 - Huppa LT","robots":{"index":"index","follow":"follow","max-snippet":"max-snippet:-1","max-image-preview":"max-image-preview:large","max-video-preview":"max-video-preview:-1"},"canonical":"https:\/\/shop.huppa.eu\/lt\/product\/liina\/","og_locale":"lt_LT","og_type":"article","og_title":"Vaik\u0173 pir\u0161tin\u0117s LIINA, \u017ealia, dydis 0 - Huppa LT","og_description":"Vaiki\u0161kos neper\u0161lampan\u010dios ir v\u0117jui atsparios pir\u0161tin\u0117s su pamu\u0161alu ir 150 g pa\u0161iltinimu. Kv\u0117puojantis vir\u0161utinis audinys. Patogi elastin\u0117 juosta rie\u0161o srityje. Reguliuojamas rie\u0161as su Velcro u\u017esegimu. Pir\u0161tini\u0173 vidus i\u0161 mink\u0161to fliso audinio. Ma\u017eas segtukas padeda laikyti pir\u0161tines kartu. \u0160vies\u0105 atspindintys elementai ant vir\u0161utinio audinio.","og_url":"https:\/\/shop.huppa.eu\/lt\/product\/liina\/","og_site_name":"Huppa LT","article_modified_time":"2026-04-09T04:38:09+00:00","og_image":[{"width":800,"height":800,"url":"https:\/\/huppashop-prod.s3.eu-north-1.amazonaws.com\/wp-content\/uploads\/sites\/3\/2021\/06\/03072046\/8162AA09-047-LIINA.png","type":"image\/png"}],"twitter_card":"summary_large_image","schema":{"@context":"https:\/\/schema.org","@graph":[{"@type":"WebPage","@id":"https:\/\/shop.huppa.eu\/lt\/product\/liina\/","url":"https:\/\/shop.huppa.eu\/lt\/product\/liina\/","name":"Vaik\u0173 pir\u0161tin\u0117s LIINA, \u017ealia, dydis 0 - Huppa LT","isPartOf":{"@id":"https:\/\/shop.huppa.eu\/lt\/#website"},"primaryImageOfPage":{"@id":"https:\/\/shop.huppa.eu\/lt\/product\/liina\/#primaryimage"},"image":{"@id":"https:\/\/shop.huppa.eu\/lt\/product\/liina\/#primaryimage"},"thumbnailUrl":"https:\/\/huppashop-prod.s3.eu-north-1.amazonaws.com\/wp-content\/uploads\/sites\/3\/2021\/06\/03072046\/8162AA09-047-LIINA.png","datePublished":"2025-11-24T16:35:59+00:00","dateModified":"2026-04-09T04:38:09+00:00","breadcrumb":{"@id":"https:\/\/shop.huppa.eu\/lt\/product\/liina\/#breadcrumb"},"inLanguage":"lt-LT","potentialAction":[{"@type":"ReadAction","target":["https:\/\/shop.huppa.eu\/lt\/product\/liina\/"]}]},{"@type":"ImageObject","inLanguage":"lt-LT","@id":"https:\/\/shop.huppa.eu\/lt\/product\/liina\/#primaryimage","url":"https:\/\/huppashop-prod.s3.eu-north-1.amazonaws.com\/wp-content\/uploads\/sites\/3\/2021\/06\/03072046\/8162AA09-047-LIINA.png","contentUrl":"https:\/\/huppashop-prod.s3.eu-north-1.amazonaws.com\/wp-content\/uploads\/sites\/3\/2021\/06\/03072046\/8162AA09-047-LIINA.png","width":800,"height":800},{"@type":"BreadcrumbList","@id":"https:\/\/shop.huppa.eu\/lt\/product\/liina\/#breadcrumb","itemListElement":[{"@type":"ListItem","position":1,"name":"Shop","item":"https:\/\/shop.huppa.eu\/lt\/shop\/"},{"@type":"ListItem","position":2,"name":"Vaik\u0173 pir\u0161tin\u0117s LIINA, \u017ealia, dydis 0"}]},{"@type":"WebSite","@id":"https:\/\/shop.huppa.eu\/lt\/#website","url":"https:\/\/shop.huppa.eu\/lt\/","name":"Huppa LT","description":"Huppa LT","potentialAction":[{"@type":"SearchAction","target":{"@type":"EntryPoint","urlTemplate":"https:\/\/shop.huppa.eu\/lt\/?s={search_term_string}"},"query-input":{"@type":"PropertyValueSpecification","valueRequired":true,"valueName":"search_term_string"}}],"inLanguage":"lt-LT"}]}},"_links":{"self":[{"href":"https:\/\/shop.huppa.eu\/lt\/wp-json\/wp\/v2\/product\/522148","targetHints":{"allow":["GET"]}}],"collection":[{"href":"https:\/\/shop.huppa.eu\/lt\/wp-json\/wp\/v2\/product"}],"about":[{"href":"https:\/\/shop.huppa.eu\/lt\/wp-json\/wp\/v2\/types\/product"}],"wp:featuredmedia":[{"embeddable":true,"href":"https:\/\/shop.huppa.eu\/lt\/wp-json\/wp\/v2\/media\/433078"}],"wp:attachment":[{"href":"https:\/\/shop.huppa.eu\/lt\/wp-json\/wp\/v2\/media?parent=522148"}],"wp:term":[{"taxonomy":"product_brand","embeddable":true,"href":"https:\/\/shop.huppa.eu\/lt\/wp-json\/wp\/v2\/product_brand?post=522148"},{"taxonomy":"product_cat","embeddable":true,"href":"https:\/\/shop.huppa.eu\/lt\/wp-json\/wp\/v2\/product_cat?post=522148"},{"taxonomy":"product_tag","embeddable":true,"href":"https:\/\/shop.huppa.eu\/lt\/wp-json\/wp\/v2\/product_tag?post=522148"}],"curies":[{"name":"wp","href":"https:\/\/api.w.org\/{rel}","templated":true}]}}