{"id":522622,"date":"2025-11-24T18:49:34","date_gmt":"2025-11-24T16:49:34","guid":{"rendered":"https:\/\/shop.huppa.eu\/lt\/product\/betty-8\/"},"modified":"2026-04-09T06:48:11","modified_gmt":"2026-04-09T04:48:11","slug":"betty-8","status":"publish","type":"product","link":"https:\/\/shop.huppa.eu\/lt\/product\/betty-8\/","title":{"rendered":"Mergai\u010di\u0173 megzta kepur\u0117 BETTY, balta, S"},"content":{"rendered":"<p>Spring-autumn hat for girls. The hat with a crocheted flower center is knitted from a 50% cotton, 50% acrylic yarn blend and the lining is soft cotton jersey. The bottom of the hat is lightly ribbed to stay on the head better. For more comfortable wearing, the hat has been added with tying laces.<\/p>\n","protected":false},"excerpt":{"rendered":"<p>Spring-autumn hat for girls. The hat with a crocheted flower center is knitted from a 50% cotton, 50% acrylic yarn blend and the lining is soft cotton jersey. The bottom of the hat is lightly ribbed to stay on the head better. For more comfortable wearing, the hat has been added with tying laces.<\/p>\n","protected":false},"featured_media":522624,"template":"","meta":{"_acf_changed":false},"product_brand":[],"product_cat":[5695,5697,1786,1771,1774,102,19],"product_tag":[],"class_list":{"0":"post-522622","1":"product","2":"type-product","3":"status-publish","4":"has-post-thumbnail","6":"product_cat-accessories","7":"product_cat-kepures-accessories","8":"product_cat-kepureles-mergaiciu","9":"product_cat-kepureles","10":"product_cat-kepureles-2","11":"product_cat-mergaiciu","12":"product_cat-vaikai","13":"pa_amzius-vaikai","14":"pa_atsparumas-vandeniui-mm","15":"pa_dydis-xs","16":"pa_kolekcija-nr-sa2015","17":"pa_kolekcijos-dalis-accessories","18":"pa_lytis-mergaiciu","19":"pa_oro-pralaidumas-g-m-24h","20":"pa_prekes-artikulas-8372as15-020","22":"first","23":"instock","24":"sale","25":"taxable","26":"shipping-taxable","27":"purchasable","28":"product-type-variable"},"acf":[],"yoast_head":"<!-- This site is optimized with the Yoast SEO plugin v26.8 - https:\/\/yoast.com\/product\/yoast-seo-wordpress\/ -->\n<title>Mergai\u010di\u0173 megzta kepur\u0117 BETTY, balta, S - Huppa LT<\/title>\n<meta name=\"robots\" content=\"index, follow, max-snippet:-1, max-image-preview:large, max-video-preview:-1\" \/>\n<link rel=\"canonical\" href=\"https:\/\/shop.huppa.eu\/lt\/product\/betty-8\/\" \/>\n<meta property=\"og:locale\" content=\"lt_LT\" \/>\n<meta property=\"og:type\" content=\"article\" \/>\n<meta property=\"og:title\" content=\"Mergai\u010di\u0173 megzta kepur\u0117 BETTY, balta, S - Huppa LT\" \/>\n<meta property=\"og:description\" content=\"Spring-autumn hat for girls. The hat with a crocheted flower center is knitted from a 50% cotton, 50% acrylic yarn blend and the lining is soft cotton jersey. The bottom of the hat is lightly ribbed to stay on the head better. For more comfortable wearing, the hat has been added with tying laces.\" \/>\n<meta property=\"og:url\" content=\"https:\/\/shop.huppa.eu\/lt\/product\/betty-8\/\" \/>\n<meta property=\"og:site_name\" content=\"Huppa LT\" \/>\n<meta property=\"article:modified_time\" content=\"2026-04-09T04:48:11+00:00\" \/>\n<meta property=\"og:image\" content=\"https:\/\/huppashop-prod.s3.eu-north-1.amazonaws.com\/wp-content\/uploads\/sites\/5\/2025\/11\/24184936\/8372AS15-BETTY-020-side.jpg\" \/>\n\t<meta property=\"og:image:width\" content=\"800\" \/>\n\t<meta property=\"og:image:height\" content=\"800\" \/>\n\t<meta property=\"og:image:type\" content=\"image\/jpeg\" \/>\n<meta name=\"twitter:card\" content=\"summary_large_image\" \/>\n<script type=\"application\/ld+json\" class=\"yoast-schema-graph\">{\"@context\":\"https:\/\/schema.org\",\"@graph\":[{\"@type\":\"WebPage\",\"@id\":\"https:\/\/shop.huppa.eu\/lt\/product\/betty-8\/\",\"url\":\"https:\/\/shop.huppa.eu\/lt\/product\/betty-8\/\",\"name\":\"Mergai\u010di\u0173 megzta kepur\u0117 BETTY, balta, S - Huppa LT\",\"isPartOf\":{\"@id\":\"https:\/\/shop.huppa.eu\/lt\/#website\"},\"primaryImageOfPage\":{\"@id\":\"https:\/\/shop.huppa.eu\/lt\/product\/betty-8\/#primaryimage\"},\"image\":{\"@id\":\"https:\/\/shop.huppa.eu\/lt\/product\/betty-8\/#primaryimage\"},\"thumbnailUrl\":\"https:\/\/huppashop-prod.s3.eu-north-1.amazonaws.com\/wp-content\/uploads\/sites\/5\/2025\/11\/24184936\/8372AS15-BETTY-020-side.jpg\",\"datePublished\":\"2025-11-24T16:49:34+00:00\",\"dateModified\":\"2026-04-09T04:48:11+00:00\",\"breadcrumb\":{\"@id\":\"https:\/\/shop.huppa.eu\/lt\/product\/betty-8\/#breadcrumb\"},\"inLanguage\":\"lt-LT\",\"potentialAction\":[{\"@type\":\"ReadAction\",\"target\":[\"https:\/\/shop.huppa.eu\/lt\/product\/betty-8\/\"]}]},{\"@type\":\"ImageObject\",\"inLanguage\":\"lt-LT\",\"@id\":\"https:\/\/shop.huppa.eu\/lt\/product\/betty-8\/#primaryimage\",\"url\":\"https:\/\/huppashop-prod.s3.eu-north-1.amazonaws.com\/wp-content\/uploads\/sites\/5\/2025\/11\/24184936\/8372AS15-BETTY-020-side.jpg\",\"contentUrl\":\"https:\/\/huppashop-prod.s3.eu-north-1.amazonaws.com\/wp-content\/uploads\/sites\/5\/2025\/11\/24184936\/8372AS15-BETTY-020-side.jpg\",\"width\":800,\"height\":800},{\"@type\":\"BreadcrumbList\",\"@id\":\"https:\/\/shop.huppa.eu\/lt\/product\/betty-8\/#breadcrumb\",\"itemListElement\":[{\"@type\":\"ListItem\",\"position\":1,\"name\":\"Shop\",\"item\":\"https:\/\/shop.huppa.eu\/lt\/shop\/\"},{\"@type\":\"ListItem\",\"position\":2,\"name\":\"Mergai\u010di\u0173 megzta kepur\u0117 BETTY, balta, S\"}]},{\"@type\":\"WebSite\",\"@id\":\"https:\/\/shop.huppa.eu\/lt\/#website\",\"url\":\"https:\/\/shop.huppa.eu\/lt\/\",\"name\":\"Huppa LT\",\"description\":\"Huppa LT\",\"potentialAction\":[{\"@type\":\"SearchAction\",\"target\":{\"@type\":\"EntryPoint\",\"urlTemplate\":\"https:\/\/shop.huppa.eu\/lt\/?s={search_term_string}\"},\"query-input\":{\"@type\":\"PropertyValueSpecification\",\"valueRequired\":true,\"valueName\":\"search_term_string\"}}],\"inLanguage\":\"lt-LT\"}]}<\/script>\n<!-- \/ Yoast SEO plugin. -->","yoast_head_json":{"title":"Mergai\u010di\u0173 megzta kepur\u0117 BETTY, balta, S - Huppa LT","robots":{"index":"index","follow":"follow","max-snippet":"max-snippet:-1","max-image-preview":"max-image-preview:large","max-video-preview":"max-video-preview:-1"},"canonical":"https:\/\/shop.huppa.eu\/lt\/product\/betty-8\/","og_locale":"lt_LT","og_type":"article","og_title":"Mergai\u010di\u0173 megzta kepur\u0117 BETTY, balta, S - Huppa LT","og_description":"Spring-autumn hat for girls. The hat with a crocheted flower center is knitted from a 50% cotton, 50% acrylic yarn blend and the lining is soft cotton jersey. The bottom of the hat is lightly ribbed to stay on the head better. For more comfortable wearing, the hat has been added with tying laces.","og_url":"https:\/\/shop.huppa.eu\/lt\/product\/betty-8\/","og_site_name":"Huppa LT","article_modified_time":"2026-04-09T04:48:11+00:00","og_image":[{"width":800,"height":800,"url":"https:\/\/huppashop-prod.s3.eu-north-1.amazonaws.com\/wp-content\/uploads\/sites\/5\/2025\/11\/24184936\/8372AS15-BETTY-020-side.jpg","type":"image\/jpeg"}],"twitter_card":"summary_large_image","schema":{"@context":"https:\/\/schema.org","@graph":[{"@type":"WebPage","@id":"https:\/\/shop.huppa.eu\/lt\/product\/betty-8\/","url":"https:\/\/shop.huppa.eu\/lt\/product\/betty-8\/","name":"Mergai\u010di\u0173 megzta kepur\u0117 BETTY, balta, S - Huppa LT","isPartOf":{"@id":"https:\/\/shop.huppa.eu\/lt\/#website"},"primaryImageOfPage":{"@id":"https:\/\/shop.huppa.eu\/lt\/product\/betty-8\/#primaryimage"},"image":{"@id":"https:\/\/shop.huppa.eu\/lt\/product\/betty-8\/#primaryimage"},"thumbnailUrl":"https:\/\/huppashop-prod.s3.eu-north-1.amazonaws.com\/wp-content\/uploads\/sites\/5\/2025\/11\/24184936\/8372AS15-BETTY-020-side.jpg","datePublished":"2025-11-24T16:49:34+00:00","dateModified":"2026-04-09T04:48:11+00:00","breadcrumb":{"@id":"https:\/\/shop.huppa.eu\/lt\/product\/betty-8\/#breadcrumb"},"inLanguage":"lt-LT","potentialAction":[{"@type":"ReadAction","target":["https:\/\/shop.huppa.eu\/lt\/product\/betty-8\/"]}]},{"@type":"ImageObject","inLanguage":"lt-LT","@id":"https:\/\/shop.huppa.eu\/lt\/product\/betty-8\/#primaryimage","url":"https:\/\/huppashop-prod.s3.eu-north-1.amazonaws.com\/wp-content\/uploads\/sites\/5\/2025\/11\/24184936\/8372AS15-BETTY-020-side.jpg","contentUrl":"https:\/\/huppashop-prod.s3.eu-north-1.amazonaws.com\/wp-content\/uploads\/sites\/5\/2025\/11\/24184936\/8372AS15-BETTY-020-side.jpg","width":800,"height":800},{"@type":"BreadcrumbList","@id":"https:\/\/shop.huppa.eu\/lt\/product\/betty-8\/#breadcrumb","itemListElement":[{"@type":"ListItem","position":1,"name":"Shop","item":"https:\/\/shop.huppa.eu\/lt\/shop\/"},{"@type":"ListItem","position":2,"name":"Mergai\u010di\u0173 megzta kepur\u0117 BETTY, balta, S"}]},{"@type":"WebSite","@id":"https:\/\/shop.huppa.eu\/lt\/#website","url":"https:\/\/shop.huppa.eu\/lt\/","name":"Huppa LT","description":"Huppa LT","potentialAction":[{"@type":"SearchAction","target":{"@type":"EntryPoint","urlTemplate":"https:\/\/shop.huppa.eu\/lt\/?s={search_term_string}"},"query-input":{"@type":"PropertyValueSpecification","valueRequired":true,"valueName":"search_term_string"}}],"inLanguage":"lt-LT"}]}},"_links":{"self":[{"href":"https:\/\/shop.huppa.eu\/lt\/wp-json\/wp\/v2\/product\/522622","targetHints":{"allow":["GET"]}}],"collection":[{"href":"https:\/\/shop.huppa.eu\/lt\/wp-json\/wp\/v2\/product"}],"about":[{"href":"https:\/\/shop.huppa.eu\/lt\/wp-json\/wp\/v2\/types\/product"}],"wp:featuredmedia":[{"embeddable":true,"href":"https:\/\/shop.huppa.eu\/lt\/wp-json\/wp\/v2\/media\/522624"}],"wp:attachment":[{"href":"https:\/\/shop.huppa.eu\/lt\/wp-json\/wp\/v2\/media?parent=522622"}],"wp:term":[{"taxonomy":"product_brand","embeddable":true,"href":"https:\/\/shop.huppa.eu\/lt\/wp-json\/wp\/v2\/product_brand?post=522622"},{"taxonomy":"product_cat","embeddable":true,"href":"https:\/\/shop.huppa.eu\/lt\/wp-json\/wp\/v2\/product_cat?post=522622"},{"taxonomy":"product_tag","embeddable":true,"href":"https:\/\/shop.huppa.eu\/lt\/wp-json\/wp\/v2\/product_tag?post=522622"}],"curies":[{"name":"wp","href":"https:\/\/api.w.org\/{rel}","templated":true}]}}