{"id":523283,"date":"2025-11-24T19:05:43","date_gmt":"2025-11-24T17:05:43","guid":{"rendered":"https:\/\/shop.huppa.eu\/lt\/product\/kaspar-23\/"},"modified":"2026-04-15T06:59:10","modified_gmt":"2026-04-15T04:59:10","slug":"kaspar-23","status":"publish","type":"product","link":"https:\/\/shop.huppa.eu\/lt\/product\/kaspar-23\/","title":{"rendered":"Vaik\u0173 kepur\u0117 KASPAR"},"content":{"rendered":"<p>Vaik\u0173 \u017eiemos kepur\u0117. Kepur\u0117 turi 80% akrilo, 20% poliesterio dirbtinio kailio pamu\u0161al\u0105 ir gana kv\u0117puojant\u012f bei vandeniui atspar\u0173 poliesterio vir\u0161utin\u012f audin\u012f. Patogesniam ne\u0161iojimui kepur\u0117 turi reguliuojam\u0105 kaklo dal\u012f ir aus\u0173 lopus, tvirtinamus lipdukais po smakru. Tiek dideli, tiek ma\u017ei aus\u0173 lopai gali b\u016bti prisegti prie galvos vir\u0161aus, tod\u0117l viena kepur\u0117 turi kelis skirtingus ne\u0161iojimo b\u016bdus.<\/p>\n","protected":false},"excerpt":{"rendered":"<p>Vaik\u0173 \u017eiemos kepur\u0117. Kepur\u0117 turi 80% akrilo, 20% poliesterio dirbtinio kailio pamu\u0161al\u0105 ir gana kv\u0117puojant\u012f bei vandeniui atspar\u0173 poliesterio vir\u0161utin\u012f audin\u012f. Patogesniam ne\u0161iojimui kepur\u0117 turi reguliuojam\u0105 kaklo dal\u012f ir aus\u0173 lopus, tvirtinamus lipdukais po smakru. Tiek dideli, tiek ma\u017ei aus\u0173 lopai gali b\u016bti prisegti prie galvos vir\u0161aus, tod\u0117l viena kepur\u0117 turi kelis skirtingus ne\u0161iojimo b\u016bdus.<\/p>\n","protected":false},"featured_media":523285,"template":"","meta":{"_acf_changed":false},"product_brand":[],"product_cat":[90,1774,1798,1771,19],"product_tag":[],"class_list":{"0":"post-523283","1":"product","2":"type-product","3":"status-publish","4":"has-post-thumbnail","6":"product_cat-berniuku","7":"product_cat-kepureles-2","8":"product_cat-kepureles-berniuku","9":"product_cat-kepureles","10":"product_cat-vaikai","11":"pa_amzius-vaikai","12":"pa_atsparumas-vandeniui-10000mm","13":"pa_dydis-7838","14":"pa_kolekcija-nr-ol2012","15":"pa_kolekcijos-dalis-classic","16":"pa_lytis-berniuku","17":"pa_oro-pralaidumas-10000g-m-24h","18":"pa_prekes-artikulas-8804ol12-955","19":"pa_sezonas-ziema","21":"first","22":"instock","23":"sale","24":"taxable","25":"shipping-taxable","26":"purchasable","27":"product-type-variable"},"acf":[],"yoast_head":"<!-- This site is optimized with the Yoast SEO plugin v26.8 - https:\/\/yoast.com\/product\/yoast-seo-wordpress\/ -->\n<title>Vaik\u0173 kepur\u0117 KASPAR - Huppa LT<\/title>\n<meta name=\"robots\" content=\"index, follow, max-snippet:-1, max-image-preview:large, max-video-preview:-1\" \/>\n<link rel=\"canonical\" href=\"https:\/\/shop.huppa.eu\/lt\/product\/kaspar-23\/\" \/>\n<meta property=\"og:locale\" content=\"lt_LT\" \/>\n<meta property=\"og:type\" content=\"article\" \/>\n<meta property=\"og:title\" content=\"Vaik\u0173 kepur\u0117 KASPAR - Huppa LT\" \/>\n<meta property=\"og:description\" content=\"Vaik\u0173 \u017eiemos kepur\u0117. Kepur\u0117 turi 80% akrilo, 20% poliesterio dirbtinio kailio pamu\u0161al\u0105 ir gana kv\u0117puojant\u012f bei vandeniui atspar\u0173 poliesterio vir\u0161utin\u012f audin\u012f. Patogesniam ne\u0161iojimui kepur\u0117 turi reguliuojam\u0105 kaklo dal\u012f ir aus\u0173 lopus, tvirtinamus lipdukais po smakru. Tiek dideli, tiek ma\u017ei aus\u0173 lopai gali b\u016bti prisegti prie galvos vir\u0161aus, tod\u0117l viena kepur\u0117 turi kelis skirtingus ne\u0161iojimo b\u016bdus.\" \/>\n<meta property=\"og:url\" content=\"https:\/\/shop.huppa.eu\/lt\/product\/kaspar-23\/\" \/>\n<meta property=\"og:site_name\" content=\"Huppa LT\" \/>\n<meta property=\"article:modified_time\" content=\"2026-04-15T04:59:10+00:00\" \/>\n<meta property=\"og:image\" content=\"https:\/\/huppashop-prod.s3.eu-north-1.amazonaws.com\/wp-content\/uploads\/sites\/5\/2025\/11\/24190545\/8804OL12-955-KASPAR_d1.jpg\" \/>\n\t<meta property=\"og:image:width\" content=\"1200\" \/>\n\t<meta property=\"og:image:height\" content=\"1200\" \/>\n\t<meta property=\"og:image:type\" content=\"image\/jpeg\" \/>\n<meta name=\"twitter:card\" content=\"summary_large_image\" \/>\n<script type=\"application\/ld+json\" class=\"yoast-schema-graph\">{\"@context\":\"https:\/\/schema.org\",\"@graph\":[{\"@type\":\"WebPage\",\"@id\":\"https:\/\/shop.huppa.eu\/lt\/product\/kaspar-23\/\",\"url\":\"https:\/\/shop.huppa.eu\/lt\/product\/kaspar-23\/\",\"name\":\"Vaik\u0173 kepur\u0117 KASPAR - Huppa LT\",\"isPartOf\":{\"@id\":\"https:\/\/shop.huppa.eu\/lt\/#website\"},\"primaryImageOfPage\":{\"@id\":\"https:\/\/shop.huppa.eu\/lt\/product\/kaspar-23\/#primaryimage\"},\"image\":{\"@id\":\"https:\/\/shop.huppa.eu\/lt\/product\/kaspar-23\/#primaryimage\"},\"thumbnailUrl\":\"https:\/\/huppashop-prod.s3.eu-north-1.amazonaws.com\/wp-content\/uploads\/sites\/5\/2025\/11\/24190545\/8804OL12-955-KASPAR_d1.jpg\",\"datePublished\":\"2025-11-24T17:05:43+00:00\",\"dateModified\":\"2026-04-15T04:59:10+00:00\",\"breadcrumb\":{\"@id\":\"https:\/\/shop.huppa.eu\/lt\/product\/kaspar-23\/#breadcrumb\"},\"inLanguage\":\"lt-LT\",\"potentialAction\":[{\"@type\":\"ReadAction\",\"target\":[\"https:\/\/shop.huppa.eu\/lt\/product\/kaspar-23\/\"]}]},{\"@type\":\"ImageObject\",\"inLanguage\":\"lt-LT\",\"@id\":\"https:\/\/shop.huppa.eu\/lt\/product\/kaspar-23\/#primaryimage\",\"url\":\"https:\/\/huppashop-prod.s3.eu-north-1.amazonaws.com\/wp-content\/uploads\/sites\/5\/2025\/11\/24190545\/8804OL12-955-KASPAR_d1.jpg\",\"contentUrl\":\"https:\/\/huppashop-prod.s3.eu-north-1.amazonaws.com\/wp-content\/uploads\/sites\/5\/2025\/11\/24190545\/8804OL12-955-KASPAR_d1.jpg\",\"width\":1200,\"height\":1200},{\"@type\":\"BreadcrumbList\",\"@id\":\"https:\/\/shop.huppa.eu\/lt\/product\/kaspar-23\/#breadcrumb\",\"itemListElement\":[{\"@type\":\"ListItem\",\"position\":1,\"name\":\"Shop\",\"item\":\"https:\/\/shop.huppa.eu\/lt\/shop\/\"},{\"@type\":\"ListItem\",\"position\":2,\"name\":\"Vaik\u0173 kepur\u0117 KASPAR\"}]},{\"@type\":\"WebSite\",\"@id\":\"https:\/\/shop.huppa.eu\/lt\/#website\",\"url\":\"https:\/\/shop.huppa.eu\/lt\/\",\"name\":\"Huppa LT\",\"description\":\"Huppa LT\",\"potentialAction\":[{\"@type\":\"SearchAction\",\"target\":{\"@type\":\"EntryPoint\",\"urlTemplate\":\"https:\/\/shop.huppa.eu\/lt\/?s={search_term_string}\"},\"query-input\":{\"@type\":\"PropertyValueSpecification\",\"valueRequired\":true,\"valueName\":\"search_term_string\"}}],\"inLanguage\":\"lt-LT\"}]}<\/script>\n<!-- \/ Yoast SEO plugin. -->","yoast_head_json":{"title":"Vaik\u0173 kepur\u0117 KASPAR - Huppa LT","robots":{"index":"index","follow":"follow","max-snippet":"max-snippet:-1","max-image-preview":"max-image-preview:large","max-video-preview":"max-video-preview:-1"},"canonical":"https:\/\/shop.huppa.eu\/lt\/product\/kaspar-23\/","og_locale":"lt_LT","og_type":"article","og_title":"Vaik\u0173 kepur\u0117 KASPAR - Huppa LT","og_description":"Vaik\u0173 \u017eiemos kepur\u0117. Kepur\u0117 turi 80% akrilo, 20% poliesterio dirbtinio kailio pamu\u0161al\u0105 ir gana kv\u0117puojant\u012f bei vandeniui atspar\u0173 poliesterio vir\u0161utin\u012f audin\u012f. Patogesniam ne\u0161iojimui kepur\u0117 turi reguliuojam\u0105 kaklo dal\u012f ir aus\u0173 lopus, tvirtinamus lipdukais po smakru. Tiek dideli, tiek ma\u017ei aus\u0173 lopai gali b\u016bti prisegti prie galvos vir\u0161aus, tod\u0117l viena kepur\u0117 turi kelis skirtingus ne\u0161iojimo b\u016bdus.","og_url":"https:\/\/shop.huppa.eu\/lt\/product\/kaspar-23\/","og_site_name":"Huppa LT","article_modified_time":"2026-04-15T04:59:10+00:00","og_image":[{"width":1200,"height":1200,"url":"https:\/\/huppashop-prod.s3.eu-north-1.amazonaws.com\/wp-content\/uploads\/sites\/5\/2025\/11\/24190545\/8804OL12-955-KASPAR_d1.jpg","type":"image\/jpeg"}],"twitter_card":"summary_large_image","schema":{"@context":"https:\/\/schema.org","@graph":[{"@type":"WebPage","@id":"https:\/\/shop.huppa.eu\/lt\/product\/kaspar-23\/","url":"https:\/\/shop.huppa.eu\/lt\/product\/kaspar-23\/","name":"Vaik\u0173 kepur\u0117 KASPAR - Huppa LT","isPartOf":{"@id":"https:\/\/shop.huppa.eu\/lt\/#website"},"primaryImageOfPage":{"@id":"https:\/\/shop.huppa.eu\/lt\/product\/kaspar-23\/#primaryimage"},"image":{"@id":"https:\/\/shop.huppa.eu\/lt\/product\/kaspar-23\/#primaryimage"},"thumbnailUrl":"https:\/\/huppashop-prod.s3.eu-north-1.amazonaws.com\/wp-content\/uploads\/sites\/5\/2025\/11\/24190545\/8804OL12-955-KASPAR_d1.jpg","datePublished":"2025-11-24T17:05:43+00:00","dateModified":"2026-04-15T04:59:10+00:00","breadcrumb":{"@id":"https:\/\/shop.huppa.eu\/lt\/product\/kaspar-23\/#breadcrumb"},"inLanguage":"lt-LT","potentialAction":[{"@type":"ReadAction","target":["https:\/\/shop.huppa.eu\/lt\/product\/kaspar-23\/"]}]},{"@type":"ImageObject","inLanguage":"lt-LT","@id":"https:\/\/shop.huppa.eu\/lt\/product\/kaspar-23\/#primaryimage","url":"https:\/\/huppashop-prod.s3.eu-north-1.amazonaws.com\/wp-content\/uploads\/sites\/5\/2025\/11\/24190545\/8804OL12-955-KASPAR_d1.jpg","contentUrl":"https:\/\/huppashop-prod.s3.eu-north-1.amazonaws.com\/wp-content\/uploads\/sites\/5\/2025\/11\/24190545\/8804OL12-955-KASPAR_d1.jpg","width":1200,"height":1200},{"@type":"BreadcrumbList","@id":"https:\/\/shop.huppa.eu\/lt\/product\/kaspar-23\/#breadcrumb","itemListElement":[{"@type":"ListItem","position":1,"name":"Shop","item":"https:\/\/shop.huppa.eu\/lt\/shop\/"},{"@type":"ListItem","position":2,"name":"Vaik\u0173 kepur\u0117 KASPAR"}]},{"@type":"WebSite","@id":"https:\/\/shop.huppa.eu\/lt\/#website","url":"https:\/\/shop.huppa.eu\/lt\/","name":"Huppa LT","description":"Huppa LT","potentialAction":[{"@type":"SearchAction","target":{"@type":"EntryPoint","urlTemplate":"https:\/\/shop.huppa.eu\/lt\/?s={search_term_string}"},"query-input":{"@type":"PropertyValueSpecification","valueRequired":true,"valueName":"search_term_string"}}],"inLanguage":"lt-LT"}]}},"_links":{"self":[{"href":"https:\/\/shop.huppa.eu\/lt\/wp-json\/wp\/v2\/product\/523283","targetHints":{"allow":["GET"]}}],"collection":[{"href":"https:\/\/shop.huppa.eu\/lt\/wp-json\/wp\/v2\/product"}],"about":[{"href":"https:\/\/shop.huppa.eu\/lt\/wp-json\/wp\/v2\/types\/product"}],"wp:featuredmedia":[{"embeddable":true,"href":"https:\/\/shop.huppa.eu\/lt\/wp-json\/wp\/v2\/media\/523285"}],"wp:attachment":[{"href":"https:\/\/shop.huppa.eu\/lt\/wp-json\/wp\/v2\/media?parent=523283"}],"wp:term":[{"taxonomy":"product_brand","embeddable":true,"href":"https:\/\/shop.huppa.eu\/lt\/wp-json\/wp\/v2\/product_brand?post=523283"},{"taxonomy":"product_cat","embeddable":true,"href":"https:\/\/shop.huppa.eu\/lt\/wp-json\/wp\/v2\/product_cat?post=523283"},{"taxonomy":"product_tag","embeddable":true,"href":"https:\/\/shop.huppa.eu\/lt\/wp-json\/wp\/v2\/product_tag?post=523283"}],"curies":[{"name":"wp","href":"https:\/\/api.w.org\/{rel}","templated":true}]}}