{"id":523339,"date":"2025-11-24T19:07:14","date_gmt":"2025-11-24T17:07:14","guid":{"rendered":"https:\/\/shop.huppa.eu\/lt\/product\/weemi-150g-2\/"},"modified":"2026-04-16T07:03:09","modified_gmt":"2026-04-16T05:03:09","slug":"weemi-150g-2","status":"publish","type":"product","link":"https:\/\/shop.huppa.eu\/lt\/product\/weemi-150g-2\/","title":{"rendered":"Vaik\u0173 \u017eiemin\u0117 kepur\u0117 WEEMI (150g)"},"content":{"rendered":"<p>Lengva 150g \u0161iltinimo med\u017eiagos \u017eiemos kepur\u0117 ma\u017eyliams. Kepur\u0117 turi dirbtinio kailio pamu\u0161al\u0105 ir mink\u0161t\u0105 poliesterio i\u0161orin\u012f audin\u012f, kuris yra alsus ir vandeniui atsparus. Patogesniam tinkamumui kepur\u0117 turi reguliuojam\u0105 kaklo dal\u012f ir aus\u0173 skliaustus, kurie gali b\u016bti pritvirtinti lipukiniais dir\u017eais po smakru. Kepur\u0117s aus\u0173 sklaustai gali b\u016bti pritvirtinti prie galvos vir\u0161aus, tod\u0117l galima reguliuoti kepur\u0117s ne\u0161iojimo b\u016bd\u0105.<\/p>\n","protected":false},"excerpt":{"rendered":"<p>Lengva 150g \u0161iltinimo med\u017eiagos \u017eiemos kepur\u0117 ma\u017eyliams. Kepur\u0117 turi dirbtinio kailio pamu\u0161al\u0105 ir mink\u0161t\u0105 poliesterio i\u0161orin\u012f audin\u012f, kuris yra alsus ir vandeniui atsparus. Patogesniam tinkamumui kepur\u0117 turi reguliuojam\u0105 kaklo dal\u012f ir aus\u0173 skliaustus, kurie gali b\u016bti pritvirtinti lipukiniais dir\u017eais po smakru. Kepur\u0117s aus\u0173 sklaustai gali b\u016bti pritvirtinti prie galvos vir\u0161aus, tod\u0117l galima reguliuoti kepur\u0117s ne\u0161iojimo [&hellip;]<\/p>\n","protected":false},"featured_media":523343,"template":"","meta":{"_acf_changed":false},"product_brand":[],"product_cat":[5695,5697,1771,1774,1786,102,19],"product_tag":[],"class_list":{"0":"post-523339","1":"product","2":"type-product","3":"status-publish","4":"has-post-thumbnail","6":"product_cat-accessories","7":"product_cat-kepures-accessories","8":"product_cat-kepureles","9":"product_cat-kepureles-2","10":"product_cat-kepureles-mergaiciu","11":"product_cat-mergaiciu","12":"product_cat-vaikai","13":"pa_amzius-vaikai","14":"pa_atsparumas-vandeniui-5000mm","15":"pa_dydis-2485","16":"pa_dydis-2486","17":"pa_dydis-2487","18":"pa_izoliacijos-svoris-150g","19":"pa_kolekcija-nr-w16-17","20":"pa_kolekcijos-dalis-accessories","21":"pa_lytis-mergaiciu","22":"pa_oro-pralaidumas-5000g-m-24h","23":"pa_prekes-artikulas-88270000-60013","24":"pa_uzpildas-150g","26":"first","27":"instock","28":"sale","29":"taxable","30":"shipping-taxable","31":"purchasable","32":"product-type-variable"},"acf":[],"yoast_head":"<!-- This site is optimized with the Yoast SEO plugin v26.8 - https:\/\/yoast.com\/product\/yoast-seo-wordpress\/ -->\n<title>Vaik\u0173 \u017eiemin\u0117 kepur\u0117 WEEMI (150g) - Huppa LT<\/title>\n<meta name=\"robots\" content=\"index, follow, max-snippet:-1, max-image-preview:large, max-video-preview:-1\" \/>\n<link rel=\"canonical\" href=\"https:\/\/shop.huppa.eu\/lt\/product\/weemi-150g-2\/\" \/>\n<meta property=\"og:locale\" content=\"lt_LT\" \/>\n<meta property=\"og:type\" content=\"article\" \/>\n<meta property=\"og:title\" content=\"Vaik\u0173 \u017eiemin\u0117 kepur\u0117 WEEMI (150g) - Huppa LT\" \/>\n<meta property=\"og:description\" content=\"Lengva 150g \u0161iltinimo med\u017eiagos \u017eiemos kepur\u0117 ma\u017eyliams. Kepur\u0117 turi dirbtinio kailio pamu\u0161al\u0105 ir mink\u0161t\u0105 poliesterio i\u0161orin\u012f audin\u012f, kuris yra alsus ir vandeniui atsparus. Patogesniam tinkamumui kepur\u0117 turi reguliuojam\u0105 kaklo dal\u012f ir aus\u0173 skliaustus, kurie gali b\u016bti pritvirtinti lipukiniais dir\u017eais po smakru. Kepur\u0117s aus\u0173 sklaustai gali b\u016bti pritvirtinti prie galvos vir\u0161aus, tod\u0117l galima reguliuoti kepur\u0117s ne\u0161iojimo [&hellip;]\" \/>\n<meta property=\"og:url\" content=\"https:\/\/shop.huppa.eu\/lt\/product\/weemi-150g-2\/\" \/>\n<meta property=\"og:site_name\" content=\"Huppa LT\" \/>\n<meta property=\"article:modified_time\" content=\"2026-04-16T05:03:09+00:00\" \/>\n<meta property=\"og:image\" content=\"https:\/\/huppashop-prod.s3.eu-north-1.amazonaws.com\/wp-content\/uploads\/sites\/5\/2025\/11\/24190718\/88270000-60013-WEEMI2.png\" \/>\n\t<meta property=\"og:image:width\" content=\"800\" \/>\n\t<meta property=\"og:image:height\" content=\"800\" \/>\n\t<meta property=\"og:image:type\" content=\"image\/png\" \/>\n<meta name=\"twitter:card\" content=\"summary_large_image\" \/>\n<script type=\"application\/ld+json\" class=\"yoast-schema-graph\">{\"@context\":\"https:\/\/schema.org\",\"@graph\":[{\"@type\":\"WebPage\",\"@id\":\"https:\/\/shop.huppa.eu\/lt\/product\/weemi-150g-2\/\",\"url\":\"https:\/\/shop.huppa.eu\/lt\/product\/weemi-150g-2\/\",\"name\":\"Vaik\u0173 \u017eiemin\u0117 kepur\u0117 WEEMI (150g) - Huppa LT\",\"isPartOf\":{\"@id\":\"https:\/\/shop.huppa.eu\/lt\/#website\"},\"primaryImageOfPage\":{\"@id\":\"https:\/\/shop.huppa.eu\/lt\/product\/weemi-150g-2\/#primaryimage\"},\"image\":{\"@id\":\"https:\/\/shop.huppa.eu\/lt\/product\/weemi-150g-2\/#primaryimage\"},\"thumbnailUrl\":\"https:\/\/huppashop-prod.s3.eu-north-1.amazonaws.com\/wp-content\/uploads\/sites\/5\/2025\/11\/24190718\/88270000-60013-WEEMI2.png\",\"datePublished\":\"2025-11-24T17:07:14+00:00\",\"dateModified\":\"2026-04-16T05:03:09+00:00\",\"breadcrumb\":{\"@id\":\"https:\/\/shop.huppa.eu\/lt\/product\/weemi-150g-2\/#breadcrumb\"},\"inLanguage\":\"lt-LT\",\"potentialAction\":[{\"@type\":\"ReadAction\",\"target\":[\"https:\/\/shop.huppa.eu\/lt\/product\/weemi-150g-2\/\"]}]},{\"@type\":\"ImageObject\",\"inLanguage\":\"lt-LT\",\"@id\":\"https:\/\/shop.huppa.eu\/lt\/product\/weemi-150g-2\/#primaryimage\",\"url\":\"https:\/\/huppashop-prod.s3.eu-north-1.amazonaws.com\/wp-content\/uploads\/sites\/5\/2025\/11\/24190718\/88270000-60013-WEEMI2.png\",\"contentUrl\":\"https:\/\/huppashop-prod.s3.eu-north-1.amazonaws.com\/wp-content\/uploads\/sites\/5\/2025\/11\/24190718\/88270000-60013-WEEMI2.png\",\"width\":800,\"height\":800},{\"@type\":\"BreadcrumbList\",\"@id\":\"https:\/\/shop.huppa.eu\/lt\/product\/weemi-150g-2\/#breadcrumb\",\"itemListElement\":[{\"@type\":\"ListItem\",\"position\":1,\"name\":\"Shop\",\"item\":\"https:\/\/shop.huppa.eu\/lt\/shop\/\"},{\"@type\":\"ListItem\",\"position\":2,\"name\":\"Vaik\u0173 \u017eiemin\u0117 kepur\u0117 WEEMI (150g)\"}]},{\"@type\":\"WebSite\",\"@id\":\"https:\/\/shop.huppa.eu\/lt\/#website\",\"url\":\"https:\/\/shop.huppa.eu\/lt\/\",\"name\":\"Huppa LT\",\"description\":\"Huppa LT\",\"potentialAction\":[{\"@type\":\"SearchAction\",\"target\":{\"@type\":\"EntryPoint\",\"urlTemplate\":\"https:\/\/shop.huppa.eu\/lt\/?s={search_term_string}\"},\"query-input\":{\"@type\":\"PropertyValueSpecification\",\"valueRequired\":true,\"valueName\":\"search_term_string\"}}],\"inLanguage\":\"lt-LT\"}]}<\/script>\n<!-- \/ Yoast SEO plugin. -->","yoast_head_json":{"title":"Vaik\u0173 \u017eiemin\u0117 kepur\u0117 WEEMI (150g) - Huppa LT","robots":{"index":"index","follow":"follow","max-snippet":"max-snippet:-1","max-image-preview":"max-image-preview:large","max-video-preview":"max-video-preview:-1"},"canonical":"https:\/\/shop.huppa.eu\/lt\/product\/weemi-150g-2\/","og_locale":"lt_LT","og_type":"article","og_title":"Vaik\u0173 \u017eiemin\u0117 kepur\u0117 WEEMI (150g) - Huppa LT","og_description":"Lengva 150g \u0161iltinimo med\u017eiagos \u017eiemos kepur\u0117 ma\u017eyliams. Kepur\u0117 turi dirbtinio kailio pamu\u0161al\u0105 ir mink\u0161t\u0105 poliesterio i\u0161orin\u012f audin\u012f, kuris yra alsus ir vandeniui atsparus. Patogesniam tinkamumui kepur\u0117 turi reguliuojam\u0105 kaklo dal\u012f ir aus\u0173 skliaustus, kurie gali b\u016bti pritvirtinti lipukiniais dir\u017eais po smakru. Kepur\u0117s aus\u0173 sklaustai gali b\u016bti pritvirtinti prie galvos vir\u0161aus, tod\u0117l galima reguliuoti kepur\u0117s ne\u0161iojimo [&hellip;]","og_url":"https:\/\/shop.huppa.eu\/lt\/product\/weemi-150g-2\/","og_site_name":"Huppa LT","article_modified_time":"2026-04-16T05:03:09+00:00","og_image":[{"width":800,"height":800,"url":"https:\/\/huppashop-prod.s3.eu-north-1.amazonaws.com\/wp-content\/uploads\/sites\/5\/2025\/11\/24190718\/88270000-60013-WEEMI2.png","type":"image\/png"}],"twitter_card":"summary_large_image","schema":{"@context":"https:\/\/schema.org","@graph":[{"@type":"WebPage","@id":"https:\/\/shop.huppa.eu\/lt\/product\/weemi-150g-2\/","url":"https:\/\/shop.huppa.eu\/lt\/product\/weemi-150g-2\/","name":"Vaik\u0173 \u017eiemin\u0117 kepur\u0117 WEEMI (150g) - Huppa LT","isPartOf":{"@id":"https:\/\/shop.huppa.eu\/lt\/#website"},"primaryImageOfPage":{"@id":"https:\/\/shop.huppa.eu\/lt\/product\/weemi-150g-2\/#primaryimage"},"image":{"@id":"https:\/\/shop.huppa.eu\/lt\/product\/weemi-150g-2\/#primaryimage"},"thumbnailUrl":"https:\/\/huppashop-prod.s3.eu-north-1.amazonaws.com\/wp-content\/uploads\/sites\/5\/2025\/11\/24190718\/88270000-60013-WEEMI2.png","datePublished":"2025-11-24T17:07:14+00:00","dateModified":"2026-04-16T05:03:09+00:00","breadcrumb":{"@id":"https:\/\/shop.huppa.eu\/lt\/product\/weemi-150g-2\/#breadcrumb"},"inLanguage":"lt-LT","potentialAction":[{"@type":"ReadAction","target":["https:\/\/shop.huppa.eu\/lt\/product\/weemi-150g-2\/"]}]},{"@type":"ImageObject","inLanguage":"lt-LT","@id":"https:\/\/shop.huppa.eu\/lt\/product\/weemi-150g-2\/#primaryimage","url":"https:\/\/huppashop-prod.s3.eu-north-1.amazonaws.com\/wp-content\/uploads\/sites\/5\/2025\/11\/24190718\/88270000-60013-WEEMI2.png","contentUrl":"https:\/\/huppashop-prod.s3.eu-north-1.amazonaws.com\/wp-content\/uploads\/sites\/5\/2025\/11\/24190718\/88270000-60013-WEEMI2.png","width":800,"height":800},{"@type":"BreadcrumbList","@id":"https:\/\/shop.huppa.eu\/lt\/product\/weemi-150g-2\/#breadcrumb","itemListElement":[{"@type":"ListItem","position":1,"name":"Shop","item":"https:\/\/shop.huppa.eu\/lt\/shop\/"},{"@type":"ListItem","position":2,"name":"Vaik\u0173 \u017eiemin\u0117 kepur\u0117 WEEMI (150g)"}]},{"@type":"WebSite","@id":"https:\/\/shop.huppa.eu\/lt\/#website","url":"https:\/\/shop.huppa.eu\/lt\/","name":"Huppa LT","description":"Huppa LT","potentialAction":[{"@type":"SearchAction","target":{"@type":"EntryPoint","urlTemplate":"https:\/\/shop.huppa.eu\/lt\/?s={search_term_string}"},"query-input":{"@type":"PropertyValueSpecification","valueRequired":true,"valueName":"search_term_string"}}],"inLanguage":"lt-LT"}]}},"_links":{"self":[{"href":"https:\/\/shop.huppa.eu\/lt\/wp-json\/wp\/v2\/product\/523339","targetHints":{"allow":["GET"]}}],"collection":[{"href":"https:\/\/shop.huppa.eu\/lt\/wp-json\/wp\/v2\/product"}],"about":[{"href":"https:\/\/shop.huppa.eu\/lt\/wp-json\/wp\/v2\/types\/product"}],"wp:featuredmedia":[{"embeddable":true,"href":"https:\/\/shop.huppa.eu\/lt\/wp-json\/wp\/v2\/media\/523343"}],"wp:attachment":[{"href":"https:\/\/shop.huppa.eu\/lt\/wp-json\/wp\/v2\/media?parent=523339"}],"wp:term":[{"taxonomy":"product_brand","embeddable":true,"href":"https:\/\/shop.huppa.eu\/lt\/wp-json\/wp\/v2\/product_brand?post=523339"},{"taxonomy":"product_cat","embeddable":true,"href":"https:\/\/shop.huppa.eu\/lt\/wp-json\/wp\/v2\/product_cat?post=523339"},{"taxonomy":"product_tag","embeddable":true,"href":"https:\/\/shop.huppa.eu\/lt\/wp-json\/wp\/v2\/product_tag?post=523339"}],"curies":[{"name":"wp","href":"https:\/\/api.w.org\/{rel}","templated":true}]}}