{"id":523346,"date":"2025-11-24T19:07:29","date_gmt":"2025-11-24T17:07:29","guid":{"rendered":"https:\/\/shop.huppa.eu\/lt\/product\/weemi-150g-3\/"},"modified":"2026-04-16T07:03:09","modified_gmt":"2026-04-16T05:03:09","slug":"weemi-150g-3","status":"publish","type":"product","link":"https:\/\/shop.huppa.eu\/lt\/product\/weemi-150g-3\/","title":{"rendered":"Vaik\u0173 \u017eiemin\u0117 kepur\u0117 WEEMI (150g)"},"content":{"rendered":"<p>Lengva 150g \u0161iltinimo \u017eiemos kepur\u0117 ma\u017eyliams. Kepur\u0117 turi dirbtinio kailio pamu\u0161al\u0105 ir mink\u0161t\u0105 poliesterio vir\u0161utin\u012f audin\u012f, kuris kv\u0117puoja ir atspar\u016bs vandeniui. Patogesniam taikymui kepur\u0117 turi reguliuojam\u0105 kaklo dal\u012f ir aus\u0173 skliaustus, kuriuos galima pritvirtinti lipuku po smakru. Kepur\u0117s aus\u0173 sklaustai gali b\u016bti pritvirtinti prie galvos vir\u0161aus, kas leid\u017eia reguliuoti kepur\u0117s ne\u0161iojimo b\u016bd\u0105.<\/p>\n","protected":false},"excerpt":{"rendered":"<p>Lengva 150g \u0161iltinimo \u017eiemos kepur\u0117 ma\u017eyliams. Kepur\u0117 turi dirbtinio kailio pamu\u0161al\u0105 ir mink\u0161t\u0105 poliesterio vir\u0161utin\u012f audin\u012f, kuris kv\u0117puoja ir atspar\u016bs vandeniui. Patogesniam taikymui kepur\u0117 turi reguliuojam\u0105 kaklo dal\u012f ir aus\u0173 skliaustus, kuriuos galima pritvirtinti lipuku po smakru. Kepur\u0117s aus\u0173 sklaustai gali b\u016bti pritvirtinti prie galvos vir\u0161aus, kas leid\u017eia reguliuoti kepur\u0117s ne\u0161iojimo b\u016bd\u0105.<\/p>\n","protected":false},"featured_media":523349,"template":"","meta":{"_acf_changed":false},"product_brand":[],"product_cat":[5695,5697,90,1771,1774,1798,19],"product_tag":[],"class_list":{"0":"post-523346","1":"product","2":"type-product","3":"status-publish","4":"has-post-thumbnail","6":"product_cat-accessories","7":"product_cat-kepures-accessories","8":"product_cat-berniuku","9":"product_cat-kepureles","10":"product_cat-kepureles-2","11":"product_cat-kepureles-berniuku","12":"product_cat-vaikai","13":"pa_amzius-vaikai","14":"pa_atsparumas-vandeniui-5000mm","15":"pa_dydis-2485","16":"pa_dydis-2486","17":"pa_izoliacijos-svoris-150g","18":"pa_kolekcija-nr-w16-17","19":"pa_kolekcijos-dalis-accessories","20":"pa_lytis-berniuku","21":"pa_oro-pralaidumas-5000g-m-24h","22":"pa_prekes-artikulas-88270000-60035","23":"pa_uzpildas-150g","25":"first","26":"instock","27":"sale","28":"taxable","29":"shipping-taxable","30":"purchasable","31":"product-type-variable"},"acf":[],"yoast_head":"<!-- This site is optimized with the Yoast SEO plugin v26.8 - https:\/\/yoast.com\/product\/yoast-seo-wordpress\/ -->\n<title>Vaik\u0173 \u017eiemin\u0117 kepur\u0117 WEEMI (150g) - Huppa LT<\/title>\n<meta name=\"robots\" content=\"index, follow, max-snippet:-1, max-image-preview:large, max-video-preview:-1\" \/>\n<link rel=\"canonical\" href=\"https:\/\/shop.huppa.eu\/lt\/product\/weemi-150g-3\/\" \/>\n<meta property=\"og:locale\" content=\"lt_LT\" \/>\n<meta property=\"og:type\" content=\"article\" \/>\n<meta property=\"og:title\" content=\"Vaik\u0173 \u017eiemin\u0117 kepur\u0117 WEEMI (150g) - Huppa LT\" \/>\n<meta property=\"og:description\" content=\"Lengva 150g \u0161iltinimo \u017eiemos kepur\u0117 ma\u017eyliams. Kepur\u0117 turi dirbtinio kailio pamu\u0161al\u0105 ir mink\u0161t\u0105 poliesterio vir\u0161utin\u012f audin\u012f, kuris kv\u0117puoja ir atspar\u016bs vandeniui. Patogesniam taikymui kepur\u0117 turi reguliuojam\u0105 kaklo dal\u012f ir aus\u0173 skliaustus, kuriuos galima pritvirtinti lipuku po smakru. Kepur\u0117s aus\u0173 sklaustai gali b\u016bti pritvirtinti prie galvos vir\u0161aus, kas leid\u017eia reguliuoti kepur\u0117s ne\u0161iojimo b\u016bd\u0105.\" \/>\n<meta property=\"og:url\" content=\"https:\/\/shop.huppa.eu\/lt\/product\/weemi-150g-3\/\" \/>\n<meta property=\"og:site_name\" content=\"Huppa LT\" \/>\n<meta property=\"article:modified_time\" content=\"2026-04-16T05:03:09+00:00\" \/>\n<meta property=\"og:image\" content=\"https:\/\/huppashop-prod.s3.eu-north-1.amazonaws.com\/wp-content\/uploads\/sites\/5\/2025\/11\/24190734\/88270000-60035-WEEMI.png\" \/>\n\t<meta property=\"og:image:width\" content=\"800\" \/>\n\t<meta property=\"og:image:height\" content=\"800\" \/>\n\t<meta property=\"og:image:type\" content=\"image\/png\" \/>\n<meta name=\"twitter:card\" content=\"summary_large_image\" \/>\n<script type=\"application\/ld+json\" class=\"yoast-schema-graph\">{\"@context\":\"https:\/\/schema.org\",\"@graph\":[{\"@type\":\"WebPage\",\"@id\":\"https:\/\/shop.huppa.eu\/lt\/product\/weemi-150g-3\/\",\"url\":\"https:\/\/shop.huppa.eu\/lt\/product\/weemi-150g-3\/\",\"name\":\"Vaik\u0173 \u017eiemin\u0117 kepur\u0117 WEEMI (150g) - Huppa LT\",\"isPartOf\":{\"@id\":\"https:\/\/shop.huppa.eu\/lt\/#website\"},\"primaryImageOfPage\":{\"@id\":\"https:\/\/shop.huppa.eu\/lt\/product\/weemi-150g-3\/#primaryimage\"},\"image\":{\"@id\":\"https:\/\/shop.huppa.eu\/lt\/product\/weemi-150g-3\/#primaryimage\"},\"thumbnailUrl\":\"https:\/\/huppashop-prod.s3.eu-north-1.amazonaws.com\/wp-content\/uploads\/sites\/5\/2025\/11\/24190734\/88270000-60035-WEEMI.png\",\"datePublished\":\"2025-11-24T17:07:29+00:00\",\"dateModified\":\"2026-04-16T05:03:09+00:00\",\"breadcrumb\":{\"@id\":\"https:\/\/shop.huppa.eu\/lt\/product\/weemi-150g-3\/#breadcrumb\"},\"inLanguage\":\"lt-LT\",\"potentialAction\":[{\"@type\":\"ReadAction\",\"target\":[\"https:\/\/shop.huppa.eu\/lt\/product\/weemi-150g-3\/\"]}]},{\"@type\":\"ImageObject\",\"inLanguage\":\"lt-LT\",\"@id\":\"https:\/\/shop.huppa.eu\/lt\/product\/weemi-150g-3\/#primaryimage\",\"url\":\"https:\/\/huppashop-prod.s3.eu-north-1.amazonaws.com\/wp-content\/uploads\/sites\/5\/2025\/11\/24190734\/88270000-60035-WEEMI.png\",\"contentUrl\":\"https:\/\/huppashop-prod.s3.eu-north-1.amazonaws.com\/wp-content\/uploads\/sites\/5\/2025\/11\/24190734\/88270000-60035-WEEMI.png\",\"width\":800,\"height\":800},{\"@type\":\"BreadcrumbList\",\"@id\":\"https:\/\/shop.huppa.eu\/lt\/product\/weemi-150g-3\/#breadcrumb\",\"itemListElement\":[{\"@type\":\"ListItem\",\"position\":1,\"name\":\"Shop\",\"item\":\"https:\/\/shop.huppa.eu\/lt\/shop\/\"},{\"@type\":\"ListItem\",\"position\":2,\"name\":\"Vaik\u0173 \u017eiemin\u0117 kepur\u0117 WEEMI (150g)\"}]},{\"@type\":\"WebSite\",\"@id\":\"https:\/\/shop.huppa.eu\/lt\/#website\",\"url\":\"https:\/\/shop.huppa.eu\/lt\/\",\"name\":\"Huppa LT\",\"description\":\"Huppa LT\",\"potentialAction\":[{\"@type\":\"SearchAction\",\"target\":{\"@type\":\"EntryPoint\",\"urlTemplate\":\"https:\/\/shop.huppa.eu\/lt\/?s={search_term_string}\"},\"query-input\":{\"@type\":\"PropertyValueSpecification\",\"valueRequired\":true,\"valueName\":\"search_term_string\"}}],\"inLanguage\":\"lt-LT\"}]}<\/script>\n<!-- \/ Yoast SEO plugin. -->","yoast_head_json":{"title":"Vaik\u0173 \u017eiemin\u0117 kepur\u0117 WEEMI (150g) - Huppa LT","robots":{"index":"index","follow":"follow","max-snippet":"max-snippet:-1","max-image-preview":"max-image-preview:large","max-video-preview":"max-video-preview:-1"},"canonical":"https:\/\/shop.huppa.eu\/lt\/product\/weemi-150g-3\/","og_locale":"lt_LT","og_type":"article","og_title":"Vaik\u0173 \u017eiemin\u0117 kepur\u0117 WEEMI (150g) - Huppa LT","og_description":"Lengva 150g \u0161iltinimo \u017eiemos kepur\u0117 ma\u017eyliams. Kepur\u0117 turi dirbtinio kailio pamu\u0161al\u0105 ir mink\u0161t\u0105 poliesterio vir\u0161utin\u012f audin\u012f, kuris kv\u0117puoja ir atspar\u016bs vandeniui. Patogesniam taikymui kepur\u0117 turi reguliuojam\u0105 kaklo dal\u012f ir aus\u0173 skliaustus, kuriuos galima pritvirtinti lipuku po smakru. Kepur\u0117s aus\u0173 sklaustai gali b\u016bti pritvirtinti prie galvos vir\u0161aus, kas leid\u017eia reguliuoti kepur\u0117s ne\u0161iojimo b\u016bd\u0105.","og_url":"https:\/\/shop.huppa.eu\/lt\/product\/weemi-150g-3\/","og_site_name":"Huppa LT","article_modified_time":"2026-04-16T05:03:09+00:00","og_image":[{"width":800,"height":800,"url":"https:\/\/huppashop-prod.s3.eu-north-1.amazonaws.com\/wp-content\/uploads\/sites\/5\/2025\/11\/24190734\/88270000-60035-WEEMI.png","type":"image\/png"}],"twitter_card":"summary_large_image","schema":{"@context":"https:\/\/schema.org","@graph":[{"@type":"WebPage","@id":"https:\/\/shop.huppa.eu\/lt\/product\/weemi-150g-3\/","url":"https:\/\/shop.huppa.eu\/lt\/product\/weemi-150g-3\/","name":"Vaik\u0173 \u017eiemin\u0117 kepur\u0117 WEEMI (150g) - Huppa LT","isPartOf":{"@id":"https:\/\/shop.huppa.eu\/lt\/#website"},"primaryImageOfPage":{"@id":"https:\/\/shop.huppa.eu\/lt\/product\/weemi-150g-3\/#primaryimage"},"image":{"@id":"https:\/\/shop.huppa.eu\/lt\/product\/weemi-150g-3\/#primaryimage"},"thumbnailUrl":"https:\/\/huppashop-prod.s3.eu-north-1.amazonaws.com\/wp-content\/uploads\/sites\/5\/2025\/11\/24190734\/88270000-60035-WEEMI.png","datePublished":"2025-11-24T17:07:29+00:00","dateModified":"2026-04-16T05:03:09+00:00","breadcrumb":{"@id":"https:\/\/shop.huppa.eu\/lt\/product\/weemi-150g-3\/#breadcrumb"},"inLanguage":"lt-LT","potentialAction":[{"@type":"ReadAction","target":["https:\/\/shop.huppa.eu\/lt\/product\/weemi-150g-3\/"]}]},{"@type":"ImageObject","inLanguage":"lt-LT","@id":"https:\/\/shop.huppa.eu\/lt\/product\/weemi-150g-3\/#primaryimage","url":"https:\/\/huppashop-prod.s3.eu-north-1.amazonaws.com\/wp-content\/uploads\/sites\/5\/2025\/11\/24190734\/88270000-60035-WEEMI.png","contentUrl":"https:\/\/huppashop-prod.s3.eu-north-1.amazonaws.com\/wp-content\/uploads\/sites\/5\/2025\/11\/24190734\/88270000-60035-WEEMI.png","width":800,"height":800},{"@type":"BreadcrumbList","@id":"https:\/\/shop.huppa.eu\/lt\/product\/weemi-150g-3\/#breadcrumb","itemListElement":[{"@type":"ListItem","position":1,"name":"Shop","item":"https:\/\/shop.huppa.eu\/lt\/shop\/"},{"@type":"ListItem","position":2,"name":"Vaik\u0173 \u017eiemin\u0117 kepur\u0117 WEEMI (150g)"}]},{"@type":"WebSite","@id":"https:\/\/shop.huppa.eu\/lt\/#website","url":"https:\/\/shop.huppa.eu\/lt\/","name":"Huppa LT","description":"Huppa LT","potentialAction":[{"@type":"SearchAction","target":{"@type":"EntryPoint","urlTemplate":"https:\/\/shop.huppa.eu\/lt\/?s={search_term_string}"},"query-input":{"@type":"PropertyValueSpecification","valueRequired":true,"valueName":"search_term_string"}}],"inLanguage":"lt-LT"}]}},"_links":{"self":[{"href":"https:\/\/shop.huppa.eu\/lt\/wp-json\/wp\/v2\/product\/523346","targetHints":{"allow":["GET"]}}],"collection":[{"href":"https:\/\/shop.huppa.eu\/lt\/wp-json\/wp\/v2\/product"}],"about":[{"href":"https:\/\/shop.huppa.eu\/lt\/wp-json\/wp\/v2\/types\/product"}],"wp:featuredmedia":[{"embeddable":true,"href":"https:\/\/shop.huppa.eu\/lt\/wp-json\/wp\/v2\/media\/523349"}],"wp:attachment":[{"href":"https:\/\/shop.huppa.eu\/lt\/wp-json\/wp\/v2\/media?parent=523346"}],"wp:term":[{"taxonomy":"product_brand","embeddable":true,"href":"https:\/\/shop.huppa.eu\/lt\/wp-json\/wp\/v2\/product_brand?post=523346"},{"taxonomy":"product_cat","embeddable":true,"href":"https:\/\/shop.huppa.eu\/lt\/wp-json\/wp\/v2\/product_cat?post=523346"},{"taxonomy":"product_tag","embeddable":true,"href":"https:\/\/shop.huppa.eu\/lt\/wp-json\/wp\/v2\/product_tag?post=523346"}],"curies":[{"name":"wp","href":"https:\/\/api.w.org\/{rel}","templated":true}]}}