{"id":523374,"date":"2025-11-24T19:08:23","date_gmt":"2025-11-24T17:08:23","guid":{"rendered":"https:\/\/shop.huppa.eu\/lt\/product\/weemi-90g-3\/"},"modified":"2026-04-16T07:03:10","modified_gmt":"2026-04-16T05:03:10","slug":"weemi-90g-3","status":"publish","type":"product","link":"https:\/\/shop.huppa.eu\/lt\/product\/weemi-90g-3\/","title":{"rendered":"Vaik\u0173 \u017eiemin\u0117 kepur\u0117 WEEMI (90g)"},"content":{"rendered":"<p>Ma\u017eyli\u0173 lengva \u017eiemos kepur\u0117 su 150 g pa\u0161iltinimu. Kepur\u0117 su dirbtinio kailio pamu\u0161alu ir mink\u0161tu poliesterio vir\u0161utiniu audiniu, kuris kv\u0117puojantis ir atspar\u016bs vandeniui. Patogesniam d\u0117v\u0117jimui kepur\u0117 turi reguliuojam\u0105 kaklo dal\u012f ir aus\u0173 skliaustus, kurie gali b\u016bti tvirtinami Velcro po smakru. Kepur\u0117s aus\u0173 skliaustai gali b\u016bti tvirtinami prie galvos vir\u0161aus, tod\u0117l galima reguliuoti kepur\u0117s d\u0117v\u0117jimo b\u016bd\u0105.<\/p>\n","protected":false},"excerpt":{"rendered":"<p>Ma\u017eyli\u0173 lengva \u017eiemos kepur\u0117 su 150 g pa\u0161iltinimu. Kepur\u0117 su dirbtinio kailio pamu\u0161alu ir mink\u0161tu poliesterio vir\u0161utiniu audiniu, kuris kv\u0117puojantis ir atspar\u016bs vandeniui. Patogesniam d\u0117v\u0117jimui kepur\u0117 turi reguliuojam\u0105 kaklo dal\u012f ir aus\u0173 skliaustus, kurie gali b\u016bti tvirtinami Velcro po smakru. Kepur\u0117s aus\u0173 skliaustai gali b\u016bti tvirtinami prie galvos vir\u0161aus, tod\u0117l galima reguliuoti kepur\u0117s d\u0117v\u0117jimo b\u016bd\u0105.<\/p>\n","protected":false},"featured_media":523376,"template":"","meta":{"_acf_changed":false},"product_brand":[],"product_cat":[5695,5697,1771,1774,1783,415,19],"product_tag":[],"class_list":{"0":"post-523374","1":"product","2":"type-product","3":"status-publish","4":"has-post-thumbnail","6":"product_cat-accessories","7":"product_cat-kepures-accessories","8":"product_cat-kepureles","9":"product_cat-kepureles-2","10":"product_cat-kepureles-unisex","11":"product_cat-unisex","12":"product_cat-vaikai","13":"pa_amzius-vaikai","14":"pa_atsparumas-vandeniui-5000mm","15":"pa_dydis-7838","16":"pa_izoliacijos-svoris-90g","17":"pa_kolekcija-nr-w14-15","18":"pa_kolekcijos-dalis-accessories","19":"pa_lytis-unisex","20":"pa_oro-pralaidumas-5000g-m-24h","21":"pa_prekes-artikulas-8827aw14-047","22":"pa_uzpildas-90g","24":"first","25":"instock","26":"sale","27":"taxable","28":"shipping-taxable","29":"purchasable","30":"product-type-variable"},"acf":[],"yoast_head":"<!-- This site is optimized with the Yoast SEO plugin v26.8 - https:\/\/yoast.com\/product\/yoast-seo-wordpress\/ -->\n<title>Vaik\u0173 \u017eiemin\u0117 kepur\u0117 WEEMI (90g) - Huppa LT<\/title>\n<meta name=\"robots\" content=\"index, follow, max-snippet:-1, max-image-preview:large, max-video-preview:-1\" \/>\n<link rel=\"canonical\" href=\"https:\/\/shop.huppa.eu\/lt\/product\/weemi-90g-3\/\" \/>\n<meta property=\"og:locale\" content=\"lt_LT\" \/>\n<meta property=\"og:type\" content=\"article\" \/>\n<meta property=\"og:title\" content=\"Vaik\u0173 \u017eiemin\u0117 kepur\u0117 WEEMI (90g) - Huppa LT\" \/>\n<meta property=\"og:description\" content=\"Ma\u017eyli\u0173 lengva \u017eiemos kepur\u0117 su 150 g pa\u0161iltinimu. Kepur\u0117 su dirbtinio kailio pamu\u0161alu ir mink\u0161tu poliesterio vir\u0161utiniu audiniu, kuris kv\u0117puojantis ir atspar\u016bs vandeniui. Patogesniam d\u0117v\u0117jimui kepur\u0117 turi reguliuojam\u0105 kaklo dal\u012f ir aus\u0173 skliaustus, kurie gali b\u016bti tvirtinami Velcro po smakru. Kepur\u0117s aus\u0173 skliaustai gali b\u016bti tvirtinami prie galvos vir\u0161aus, tod\u0117l galima reguliuoti kepur\u0117s d\u0117v\u0117jimo b\u016bd\u0105.\" \/>\n<meta property=\"og:url\" content=\"https:\/\/shop.huppa.eu\/lt\/product\/weemi-90g-3\/\" \/>\n<meta property=\"og:site_name\" content=\"Huppa LT\" \/>\n<meta property=\"article:modified_time\" content=\"2026-04-16T05:03:10+00:00\" \/>\n<meta property=\"og:image\" content=\"https:\/\/huppashop-prod.s3.eu-north-1.amazonaws.com\/wp-content\/uploads\/sites\/5\/2025\/11\/24190824\/8827AW14-047-WEEMI_d1.jpg\" \/>\n\t<meta property=\"og:image:width\" content=\"1200\" \/>\n\t<meta property=\"og:image:height\" content=\"1200\" \/>\n\t<meta property=\"og:image:type\" content=\"image\/jpeg\" \/>\n<meta name=\"twitter:card\" content=\"summary_large_image\" \/>\n<script type=\"application\/ld+json\" class=\"yoast-schema-graph\">{\"@context\":\"https:\/\/schema.org\",\"@graph\":[{\"@type\":\"WebPage\",\"@id\":\"https:\/\/shop.huppa.eu\/lt\/product\/weemi-90g-3\/\",\"url\":\"https:\/\/shop.huppa.eu\/lt\/product\/weemi-90g-3\/\",\"name\":\"Vaik\u0173 \u017eiemin\u0117 kepur\u0117 WEEMI (90g) - Huppa LT\",\"isPartOf\":{\"@id\":\"https:\/\/shop.huppa.eu\/lt\/#website\"},\"primaryImageOfPage\":{\"@id\":\"https:\/\/shop.huppa.eu\/lt\/product\/weemi-90g-3\/#primaryimage\"},\"image\":{\"@id\":\"https:\/\/shop.huppa.eu\/lt\/product\/weemi-90g-3\/#primaryimage\"},\"thumbnailUrl\":\"https:\/\/huppashop-prod.s3.eu-north-1.amazonaws.com\/wp-content\/uploads\/sites\/5\/2025\/11\/24190824\/8827AW14-047-WEEMI_d1.jpg\",\"datePublished\":\"2025-11-24T17:08:23+00:00\",\"dateModified\":\"2026-04-16T05:03:10+00:00\",\"breadcrumb\":{\"@id\":\"https:\/\/shop.huppa.eu\/lt\/product\/weemi-90g-3\/#breadcrumb\"},\"inLanguage\":\"lt-LT\",\"potentialAction\":[{\"@type\":\"ReadAction\",\"target\":[\"https:\/\/shop.huppa.eu\/lt\/product\/weemi-90g-3\/\"]}]},{\"@type\":\"ImageObject\",\"inLanguage\":\"lt-LT\",\"@id\":\"https:\/\/shop.huppa.eu\/lt\/product\/weemi-90g-3\/#primaryimage\",\"url\":\"https:\/\/huppashop-prod.s3.eu-north-1.amazonaws.com\/wp-content\/uploads\/sites\/5\/2025\/11\/24190824\/8827AW14-047-WEEMI_d1.jpg\",\"contentUrl\":\"https:\/\/huppashop-prod.s3.eu-north-1.amazonaws.com\/wp-content\/uploads\/sites\/5\/2025\/11\/24190824\/8827AW14-047-WEEMI_d1.jpg\",\"width\":1200,\"height\":1200},{\"@type\":\"BreadcrumbList\",\"@id\":\"https:\/\/shop.huppa.eu\/lt\/product\/weemi-90g-3\/#breadcrumb\",\"itemListElement\":[{\"@type\":\"ListItem\",\"position\":1,\"name\":\"Shop\",\"item\":\"https:\/\/shop.huppa.eu\/lt\/shop\/\"},{\"@type\":\"ListItem\",\"position\":2,\"name\":\"Vaik\u0173 \u017eiemin\u0117 kepur\u0117 WEEMI (90g)\"}]},{\"@type\":\"WebSite\",\"@id\":\"https:\/\/shop.huppa.eu\/lt\/#website\",\"url\":\"https:\/\/shop.huppa.eu\/lt\/\",\"name\":\"Huppa LT\",\"description\":\"Huppa LT\",\"potentialAction\":[{\"@type\":\"SearchAction\",\"target\":{\"@type\":\"EntryPoint\",\"urlTemplate\":\"https:\/\/shop.huppa.eu\/lt\/?s={search_term_string}\"},\"query-input\":{\"@type\":\"PropertyValueSpecification\",\"valueRequired\":true,\"valueName\":\"search_term_string\"}}],\"inLanguage\":\"lt-LT\"}]}<\/script>\n<!-- \/ Yoast SEO plugin. -->","yoast_head_json":{"title":"Vaik\u0173 \u017eiemin\u0117 kepur\u0117 WEEMI (90g) - Huppa LT","robots":{"index":"index","follow":"follow","max-snippet":"max-snippet:-1","max-image-preview":"max-image-preview:large","max-video-preview":"max-video-preview:-1"},"canonical":"https:\/\/shop.huppa.eu\/lt\/product\/weemi-90g-3\/","og_locale":"lt_LT","og_type":"article","og_title":"Vaik\u0173 \u017eiemin\u0117 kepur\u0117 WEEMI (90g) - Huppa LT","og_description":"Ma\u017eyli\u0173 lengva \u017eiemos kepur\u0117 su 150 g pa\u0161iltinimu. Kepur\u0117 su dirbtinio kailio pamu\u0161alu ir mink\u0161tu poliesterio vir\u0161utiniu audiniu, kuris kv\u0117puojantis ir atspar\u016bs vandeniui. Patogesniam d\u0117v\u0117jimui kepur\u0117 turi reguliuojam\u0105 kaklo dal\u012f ir aus\u0173 skliaustus, kurie gali b\u016bti tvirtinami Velcro po smakru. Kepur\u0117s aus\u0173 skliaustai gali b\u016bti tvirtinami prie galvos vir\u0161aus, tod\u0117l galima reguliuoti kepur\u0117s d\u0117v\u0117jimo b\u016bd\u0105.","og_url":"https:\/\/shop.huppa.eu\/lt\/product\/weemi-90g-3\/","og_site_name":"Huppa LT","article_modified_time":"2026-04-16T05:03:10+00:00","og_image":[{"width":1200,"height":1200,"url":"https:\/\/huppashop-prod.s3.eu-north-1.amazonaws.com\/wp-content\/uploads\/sites\/5\/2025\/11\/24190824\/8827AW14-047-WEEMI_d1.jpg","type":"image\/jpeg"}],"twitter_card":"summary_large_image","schema":{"@context":"https:\/\/schema.org","@graph":[{"@type":"WebPage","@id":"https:\/\/shop.huppa.eu\/lt\/product\/weemi-90g-3\/","url":"https:\/\/shop.huppa.eu\/lt\/product\/weemi-90g-3\/","name":"Vaik\u0173 \u017eiemin\u0117 kepur\u0117 WEEMI (90g) - Huppa LT","isPartOf":{"@id":"https:\/\/shop.huppa.eu\/lt\/#website"},"primaryImageOfPage":{"@id":"https:\/\/shop.huppa.eu\/lt\/product\/weemi-90g-3\/#primaryimage"},"image":{"@id":"https:\/\/shop.huppa.eu\/lt\/product\/weemi-90g-3\/#primaryimage"},"thumbnailUrl":"https:\/\/huppashop-prod.s3.eu-north-1.amazonaws.com\/wp-content\/uploads\/sites\/5\/2025\/11\/24190824\/8827AW14-047-WEEMI_d1.jpg","datePublished":"2025-11-24T17:08:23+00:00","dateModified":"2026-04-16T05:03:10+00:00","breadcrumb":{"@id":"https:\/\/shop.huppa.eu\/lt\/product\/weemi-90g-3\/#breadcrumb"},"inLanguage":"lt-LT","potentialAction":[{"@type":"ReadAction","target":["https:\/\/shop.huppa.eu\/lt\/product\/weemi-90g-3\/"]}]},{"@type":"ImageObject","inLanguage":"lt-LT","@id":"https:\/\/shop.huppa.eu\/lt\/product\/weemi-90g-3\/#primaryimage","url":"https:\/\/huppashop-prod.s3.eu-north-1.amazonaws.com\/wp-content\/uploads\/sites\/5\/2025\/11\/24190824\/8827AW14-047-WEEMI_d1.jpg","contentUrl":"https:\/\/huppashop-prod.s3.eu-north-1.amazonaws.com\/wp-content\/uploads\/sites\/5\/2025\/11\/24190824\/8827AW14-047-WEEMI_d1.jpg","width":1200,"height":1200},{"@type":"BreadcrumbList","@id":"https:\/\/shop.huppa.eu\/lt\/product\/weemi-90g-3\/#breadcrumb","itemListElement":[{"@type":"ListItem","position":1,"name":"Shop","item":"https:\/\/shop.huppa.eu\/lt\/shop\/"},{"@type":"ListItem","position":2,"name":"Vaik\u0173 \u017eiemin\u0117 kepur\u0117 WEEMI (90g)"}]},{"@type":"WebSite","@id":"https:\/\/shop.huppa.eu\/lt\/#website","url":"https:\/\/shop.huppa.eu\/lt\/","name":"Huppa LT","description":"Huppa LT","potentialAction":[{"@type":"SearchAction","target":{"@type":"EntryPoint","urlTemplate":"https:\/\/shop.huppa.eu\/lt\/?s={search_term_string}"},"query-input":{"@type":"PropertyValueSpecification","valueRequired":true,"valueName":"search_term_string"}}],"inLanguage":"lt-LT"}]}},"_links":{"self":[{"href":"https:\/\/shop.huppa.eu\/lt\/wp-json\/wp\/v2\/product\/523374","targetHints":{"allow":["GET"]}}],"collection":[{"href":"https:\/\/shop.huppa.eu\/lt\/wp-json\/wp\/v2\/product"}],"about":[{"href":"https:\/\/shop.huppa.eu\/lt\/wp-json\/wp\/v2\/types\/product"}],"wp:featuredmedia":[{"embeddable":true,"href":"https:\/\/shop.huppa.eu\/lt\/wp-json\/wp\/v2\/media\/523376"}],"wp:attachment":[{"href":"https:\/\/shop.huppa.eu\/lt\/wp-json\/wp\/v2\/media?parent=523374"}],"wp:term":[{"taxonomy":"product_brand","embeddable":true,"href":"https:\/\/shop.huppa.eu\/lt\/wp-json\/wp\/v2\/product_brand?post=523374"},{"taxonomy":"product_cat","embeddable":true,"href":"https:\/\/shop.huppa.eu\/lt\/wp-json\/wp\/v2\/product_cat?post=523374"},{"taxonomy":"product_tag","embeddable":true,"href":"https:\/\/shop.huppa.eu\/lt\/wp-json\/wp\/v2\/product_tag?post=523374"}],"curies":[{"name":"wp","href":"https:\/\/api.w.org\/{rel}","templated":true}]}}