{"id":524016,"date":"2025-12-05T01:52:41","date_gmt":"2025-12-04T23:52:41","guid":{"rendered":"https:\/\/shop.huppa.eu\/lt\/product\/kids-spring-autumn-overall-golden-100g\/"},"modified":"2026-04-09T06:09:07","modified_gmt":"2026-04-09T04:09:07","slug":"kids-spring-autumn-overall-golden-100g","status":"publish","type":"product","link":"https:\/\/shop.huppa.eu\/lt\/product\/kids-spring-autumn-overall-golden-100g\/","title":{"rendered":"Ma\u017eyli\u0173 kombinezonas GOLDEN, tamsiai ro\u017ein\u0117 su ra\u0161tu 03223, 86"},"content":{"rendered":"<p>V\u00e4ikelaste 100g soojustusega kevad-s\u00fcgis kombinesoon. Kombinesoonil on voodriks pehme puuvillane flanell, ning hingav, tuult ja vettpidav pealiskangas. Mugavamaks selga panemiseks on kaks pikka lukku ning vajadusel saab lihtsalt eemaldada trukkidega kinnitatud kapuutsi. K\u00f5ikidel kombinesoonidel suuruses 62-80 on tagasikeeratavad osad varrukasuus ja all\u00e4\u00e4res, mist\u00f5ttu ei ole v\u00e4iksematel laste vankris reisides kindaid ning jalan\u00f5usid tingimata vaja. Turvalisust pimedamasse aega lisavad helkurdetailid ning keha kuivana hoidvad teibitud iste- ja k\u00fclje\u00f5mblused. Lisaks on kombinesoonil silikoonist eemaldatavad tallaalused kummid. Parim valik pisikestele marakrattidele, kes soovivad avastada maailma!<\/p>\n","protected":false},"excerpt":{"rendered":"<p>V\u00e4ikelaste 100g soojustusega kevad-s\u00fcgis kombinesoon. Kombinesoonil on voodriks pehme puuvillane flanell, ning hingav, tuult ja vettpidav pealiskangas. Mugavamaks selga panemiseks on kaks pikka lukku ning vajadusel saab lihtsalt eemaldada trukkidega kinnitatud kapuutsi. K\u00f5ikidel kombinesoonidel suuruses 62-80 on tagasikeeratavad osad varrukasuus ja all\u00e4\u00e4res, mist\u00f5ttu ei ole v\u00e4iksematel laste vankris reisides kindaid ning jalan\u00f5usid tingimata vaja. Turvalisust [&hellip;]<\/p>\n","protected":false},"featured_media":427925,"template":"","meta":{"_acf_changed":false},"product_brand":[],"product_cat":[1160,1163,1170,102,19],"product_tag":[],"class_list":{"0":"post-524016","1":"product","2":"type-product","3":"status-publish","4":"has-post-thumbnail","6":"product_cat-kombinezonai","7":"product_cat-kombinezonai-vaikai","8":"product_cat-kombinezonai-mergaiciu","9":"product_cat-mergaiciu","10":"product_cat-vaikai","11":"pa_amzius-vaikai","12":"pa_atsparumas-vandeniui-mm","13":"pa_dydis-410","14":"pa_kolekcija-nr-sa2020","15":"pa_kolekcijos-dalis-spring-autumn","16":"pa_lytis-mergaiciu","17":"pa_oro-pralaidumas-g-m-24h","18":"pa_prekes-artikulas-36080010-03223","19":"pa_rastuota-rastas","21":"first","22":"instock","23":"taxable","24":"shipping-taxable","25":"purchasable","26":"product-type-variable"},"acf":[],"yoast_head":"<!-- This site is optimized with the Yoast SEO plugin v26.8 - https:\/\/yoast.com\/product\/yoast-seo-wordpress\/ -->\n<title>Ma\u017eyli\u0173 kombinezonas GOLDEN, tamsiai ro\u017ein\u0117 su ra\u0161tu 03223, 86 - Huppa LT<\/title>\n<meta name=\"robots\" content=\"index, follow, max-snippet:-1, max-image-preview:large, max-video-preview:-1\" \/>\n<link rel=\"canonical\" href=\"https:\/\/shop.huppa.eu\/lt\/product\/kids-spring-autumn-overall-golden-100g\/\" \/>\n<meta property=\"og:locale\" content=\"lt_LT\" \/>\n<meta property=\"og:type\" content=\"article\" \/>\n<meta property=\"og:title\" content=\"Ma\u017eyli\u0173 kombinezonas GOLDEN, tamsiai ro\u017ein\u0117 su ra\u0161tu 03223, 86 - Huppa LT\" \/>\n<meta property=\"og:description\" content=\"V\u00e4ikelaste 100g soojustusega kevad-s\u00fcgis kombinesoon. Kombinesoonil on voodriks pehme puuvillane flanell, ning hingav, tuult ja vettpidav pealiskangas. Mugavamaks selga panemiseks on kaks pikka lukku ning vajadusel saab lihtsalt eemaldada trukkidega kinnitatud kapuutsi. K\u00f5ikidel kombinesoonidel suuruses 62-80 on tagasikeeratavad osad varrukasuus ja all\u00e4\u00e4res, mist\u00f5ttu ei ole v\u00e4iksematel laste vankris reisides kindaid ning jalan\u00f5usid tingimata vaja. Turvalisust [&hellip;]\" \/>\n<meta property=\"og:url\" content=\"https:\/\/shop.huppa.eu\/lt\/product\/kids-spring-autumn-overall-golden-100g\/\" \/>\n<meta property=\"og:site_name\" content=\"Huppa LT\" \/>\n<meta property=\"article:modified_time\" content=\"2026-04-09T04:09:07+00:00\" \/>\n<meta property=\"og:image\" content=\"https:\/\/huppashop-prod.s3.eu-north-1.amazonaws.com\/wp-content\/uploads\/sites\/3\/2021\/06\/03040633\/36080004-03223-GOLDENf.jpg\" \/>\n\t<meta property=\"og:image:width\" content=\"1200\" \/>\n\t<meta property=\"og:image:height\" content=\"1200\" \/>\n\t<meta property=\"og:image:type\" content=\"image\/jpeg\" \/>\n<meta name=\"twitter:card\" content=\"summary_large_image\" \/>\n<script type=\"application\/ld+json\" class=\"yoast-schema-graph\">{\"@context\":\"https:\/\/schema.org\",\"@graph\":[{\"@type\":\"WebPage\",\"@id\":\"https:\/\/shop.huppa.eu\/lt\/product\/kids-spring-autumn-overall-golden-100g\/\",\"url\":\"https:\/\/shop.huppa.eu\/lt\/product\/kids-spring-autumn-overall-golden-100g\/\",\"name\":\"Ma\u017eyli\u0173 kombinezonas GOLDEN, tamsiai ro\u017ein\u0117 su ra\u0161tu 03223, 86 - Huppa LT\",\"isPartOf\":{\"@id\":\"https:\/\/shop.huppa.eu\/lt\/#website\"},\"primaryImageOfPage\":{\"@id\":\"https:\/\/shop.huppa.eu\/lt\/product\/kids-spring-autumn-overall-golden-100g\/#primaryimage\"},\"image\":{\"@id\":\"https:\/\/shop.huppa.eu\/lt\/product\/kids-spring-autumn-overall-golden-100g\/#primaryimage\"},\"thumbnailUrl\":\"https:\/\/huppashop-prod.s3.eu-north-1.amazonaws.com\/wp-content\/uploads\/sites\/3\/2021\/06\/03040633\/36080004-03223-GOLDENf.jpg\",\"datePublished\":\"2025-12-04T23:52:41+00:00\",\"dateModified\":\"2026-04-09T04:09:07+00:00\",\"breadcrumb\":{\"@id\":\"https:\/\/shop.huppa.eu\/lt\/product\/kids-spring-autumn-overall-golden-100g\/#breadcrumb\"},\"inLanguage\":\"lt-LT\",\"potentialAction\":[{\"@type\":\"ReadAction\",\"target\":[\"https:\/\/shop.huppa.eu\/lt\/product\/kids-spring-autumn-overall-golden-100g\/\"]}]},{\"@type\":\"ImageObject\",\"inLanguage\":\"lt-LT\",\"@id\":\"https:\/\/shop.huppa.eu\/lt\/product\/kids-spring-autumn-overall-golden-100g\/#primaryimage\",\"url\":\"https:\/\/huppashop-prod.s3.eu-north-1.amazonaws.com\/wp-content\/uploads\/sites\/3\/2021\/06\/03040633\/36080004-03223-GOLDENf.jpg\",\"contentUrl\":\"https:\/\/huppashop-prod.s3.eu-north-1.amazonaws.com\/wp-content\/uploads\/sites\/3\/2021\/06\/03040633\/36080004-03223-GOLDENf.jpg\",\"width\":1200,\"height\":1200},{\"@type\":\"BreadcrumbList\",\"@id\":\"https:\/\/shop.huppa.eu\/lt\/product\/kids-spring-autumn-overall-golden-100g\/#breadcrumb\",\"itemListElement\":[{\"@type\":\"ListItem\",\"position\":1,\"name\":\"Shop\",\"item\":\"https:\/\/shop.huppa.eu\/lt\/shop\/\"},{\"@type\":\"ListItem\",\"position\":2,\"name\":\"Ma\u017eyli\u0173 kombinezonas GOLDEN, tamsiai ro\u017ein\u0117 su ra\u0161tu 03223, 86\"}]},{\"@type\":\"WebSite\",\"@id\":\"https:\/\/shop.huppa.eu\/lt\/#website\",\"url\":\"https:\/\/shop.huppa.eu\/lt\/\",\"name\":\"Huppa LT\",\"description\":\"Huppa LT\",\"potentialAction\":[{\"@type\":\"SearchAction\",\"target\":{\"@type\":\"EntryPoint\",\"urlTemplate\":\"https:\/\/shop.huppa.eu\/lt\/?s={search_term_string}\"},\"query-input\":{\"@type\":\"PropertyValueSpecification\",\"valueRequired\":true,\"valueName\":\"search_term_string\"}}],\"inLanguage\":\"lt-LT\"}]}<\/script>\n<!-- \/ Yoast SEO plugin. -->","yoast_head_json":{"title":"Ma\u017eyli\u0173 kombinezonas GOLDEN, tamsiai ro\u017ein\u0117 su ra\u0161tu 03223, 86 - Huppa LT","robots":{"index":"index","follow":"follow","max-snippet":"max-snippet:-1","max-image-preview":"max-image-preview:large","max-video-preview":"max-video-preview:-1"},"canonical":"https:\/\/shop.huppa.eu\/lt\/product\/kids-spring-autumn-overall-golden-100g\/","og_locale":"lt_LT","og_type":"article","og_title":"Ma\u017eyli\u0173 kombinezonas GOLDEN, tamsiai ro\u017ein\u0117 su ra\u0161tu 03223, 86 - Huppa LT","og_description":"V\u00e4ikelaste 100g soojustusega kevad-s\u00fcgis kombinesoon. Kombinesoonil on voodriks pehme puuvillane flanell, ning hingav, tuult ja vettpidav pealiskangas. Mugavamaks selga panemiseks on kaks pikka lukku ning vajadusel saab lihtsalt eemaldada trukkidega kinnitatud kapuutsi. K\u00f5ikidel kombinesoonidel suuruses 62-80 on tagasikeeratavad osad varrukasuus ja all\u00e4\u00e4res, mist\u00f5ttu ei ole v\u00e4iksematel laste vankris reisides kindaid ning jalan\u00f5usid tingimata vaja. Turvalisust [&hellip;]","og_url":"https:\/\/shop.huppa.eu\/lt\/product\/kids-spring-autumn-overall-golden-100g\/","og_site_name":"Huppa LT","article_modified_time":"2026-04-09T04:09:07+00:00","og_image":[{"width":1200,"height":1200,"url":"https:\/\/huppashop-prod.s3.eu-north-1.amazonaws.com\/wp-content\/uploads\/sites\/3\/2021\/06\/03040633\/36080004-03223-GOLDENf.jpg","type":"image\/jpeg"}],"twitter_card":"summary_large_image","schema":{"@context":"https:\/\/schema.org","@graph":[{"@type":"WebPage","@id":"https:\/\/shop.huppa.eu\/lt\/product\/kids-spring-autumn-overall-golden-100g\/","url":"https:\/\/shop.huppa.eu\/lt\/product\/kids-spring-autumn-overall-golden-100g\/","name":"Ma\u017eyli\u0173 kombinezonas GOLDEN, tamsiai ro\u017ein\u0117 su ra\u0161tu 03223, 86 - Huppa LT","isPartOf":{"@id":"https:\/\/shop.huppa.eu\/lt\/#website"},"primaryImageOfPage":{"@id":"https:\/\/shop.huppa.eu\/lt\/product\/kids-spring-autumn-overall-golden-100g\/#primaryimage"},"image":{"@id":"https:\/\/shop.huppa.eu\/lt\/product\/kids-spring-autumn-overall-golden-100g\/#primaryimage"},"thumbnailUrl":"https:\/\/huppashop-prod.s3.eu-north-1.amazonaws.com\/wp-content\/uploads\/sites\/3\/2021\/06\/03040633\/36080004-03223-GOLDENf.jpg","datePublished":"2025-12-04T23:52:41+00:00","dateModified":"2026-04-09T04:09:07+00:00","breadcrumb":{"@id":"https:\/\/shop.huppa.eu\/lt\/product\/kids-spring-autumn-overall-golden-100g\/#breadcrumb"},"inLanguage":"lt-LT","potentialAction":[{"@type":"ReadAction","target":["https:\/\/shop.huppa.eu\/lt\/product\/kids-spring-autumn-overall-golden-100g\/"]}]},{"@type":"ImageObject","inLanguage":"lt-LT","@id":"https:\/\/shop.huppa.eu\/lt\/product\/kids-spring-autumn-overall-golden-100g\/#primaryimage","url":"https:\/\/huppashop-prod.s3.eu-north-1.amazonaws.com\/wp-content\/uploads\/sites\/3\/2021\/06\/03040633\/36080004-03223-GOLDENf.jpg","contentUrl":"https:\/\/huppashop-prod.s3.eu-north-1.amazonaws.com\/wp-content\/uploads\/sites\/3\/2021\/06\/03040633\/36080004-03223-GOLDENf.jpg","width":1200,"height":1200},{"@type":"BreadcrumbList","@id":"https:\/\/shop.huppa.eu\/lt\/product\/kids-spring-autumn-overall-golden-100g\/#breadcrumb","itemListElement":[{"@type":"ListItem","position":1,"name":"Shop","item":"https:\/\/shop.huppa.eu\/lt\/shop\/"},{"@type":"ListItem","position":2,"name":"Ma\u017eyli\u0173 kombinezonas GOLDEN, tamsiai ro\u017ein\u0117 su ra\u0161tu 03223, 86"}]},{"@type":"WebSite","@id":"https:\/\/shop.huppa.eu\/lt\/#website","url":"https:\/\/shop.huppa.eu\/lt\/","name":"Huppa LT","description":"Huppa LT","potentialAction":[{"@type":"SearchAction","target":{"@type":"EntryPoint","urlTemplate":"https:\/\/shop.huppa.eu\/lt\/?s={search_term_string}"},"query-input":{"@type":"PropertyValueSpecification","valueRequired":true,"valueName":"search_term_string"}}],"inLanguage":"lt-LT"}]}},"_links":{"self":[{"href":"https:\/\/shop.huppa.eu\/lt\/wp-json\/wp\/v2\/product\/524016","targetHints":{"allow":["GET"]}}],"collection":[{"href":"https:\/\/shop.huppa.eu\/lt\/wp-json\/wp\/v2\/product"}],"about":[{"href":"https:\/\/shop.huppa.eu\/lt\/wp-json\/wp\/v2\/types\/product"}],"wp:featuredmedia":[{"embeddable":true,"href":"https:\/\/shop.huppa.eu\/lt\/wp-json\/wp\/v2\/media\/427925"}],"wp:attachment":[{"href":"https:\/\/shop.huppa.eu\/lt\/wp-json\/wp\/v2\/media?parent=524016"}],"wp:term":[{"taxonomy":"product_brand","embeddable":true,"href":"https:\/\/shop.huppa.eu\/lt\/wp-json\/wp\/v2\/product_brand?post=524016"},{"taxonomy":"product_cat","embeddable":true,"href":"https:\/\/shop.huppa.eu\/lt\/wp-json\/wp\/v2\/product_cat?post=524016"},{"taxonomy":"product_tag","embeddable":true,"href":"https:\/\/shop.huppa.eu\/lt\/wp-json\/wp\/v2\/product_tag?post=524016"}],"curies":[{"name":"wp","href":"https:\/\/api.w.org\/{rel}","templated":true}]}}