{"id":524201,"date":"2025-12-05T02:47:56","date_gmt":"2025-12-05T00:47:56","guid":{"rendered":"https:\/\/shop.huppa.eu\/lt\/product\/kids-winter-gloves-ron-90g-4\/"},"modified":"2026-04-09T06:38:08","modified_gmt":"2026-04-09T04:38:08","slug":"kids-winter-gloves-ron-90g-4","status":"publish","type":"product","link":"https:\/\/shop.huppa.eu\/lt\/product\/kids-winter-gloves-ron-90g-4\/","title":{"rendered":"Kids winter gloves RON (90g)"},"content":{"rendered":"<p>Vaiki\u0161kos neper\u0161lampamos ir neperpu\u010diamos pir\u0161tin\u0117s su pamu\u0161alu. Orui laidi i\u0161orin\u0117 med\u017eiaga. Ant rie\u0161o ir apa\u010dioje \u012fsi\u016bta patogi gumin\u0117 juostel\u0117. Pir\u0161tini\u0173 vidin\u0117 pus\u0117 i\u0161 mink\u0161to flisinio audinio. Vir\u0161utinis audinys su \u0161vies\u0105 atspindin\u010diomis detal\u0117mis.<\/p>\n","protected":false},"excerpt":{"rendered":"<p>Vaiki\u0161kos neper\u0161lampamos ir neperpu\u010diamos pir\u0161tin\u0117s su pamu\u0161alu. Orui laidi i\u0161orin\u0117 med\u017eiaga. Ant rie\u0161o ir apa\u010dioje \u012fsi\u016bta patogi gumin\u0117 juostel\u0117. Pir\u0161tini\u0173 vidin\u0117 pus\u0117 i\u0161 mink\u0161to flisinio audinio. Vir\u0161utinis audinys su \u0161vies\u0105 atspindin\u010diomis detal\u0117mis.<\/p>\n","protected":false},"featured_media":524203,"template":"","meta":{"_acf_changed":false},"product_brand":[],"product_cat":[5695,5698,102,1921,1923,7649,1926,6643,19],"product_tag":[],"class_list":{"0":"post-524201","1":"product","2":"type-product","3":"status-publish","4":"has-post-thumbnail","6":"product_cat-accessories","7":"product_cat-pirstines-accessories-2","8":"product_cat-mergaiciu","9":"product_cat-pirstines","10":"product_cat-pirstines-2","11":"product_cat-pirstines-sale","12":"product_cat-pirstines-mergaiciu","13":"product_cat-sale","14":"product_cat-vaikai","15":"pa_amzius-vaikai","16":"pa_atsparumas-vandeniui-10000mm","17":"pa_dydis-1931","18":"pa_dydis-1917","19":"pa_dydis-1918","20":"pa_dydis-1919","21":"pa_dydis-1920","22":"pa_izoliacijos-svoris-90g","23":"pa_kolekcija-nr-w22-23","24":"pa_kolekcijos-dalis-accessories","25":"pa_lytis-mergaiciu","26":"pa_oro-pralaidumas-10000g-m-24h","27":"pa_prekes-artikulas-8115base-80034","28":"pa_rastuota-vienspalvis","29":"pa_sale-yes","30":"pa_sezonas-ziema","31":"pa_uzpildas-90g","33":"first","34":"instock","35":"sale","36":"taxable","37":"shipping-taxable","38":"purchasable","39":"product-type-variable"},"acf":[],"yoast_head":"<!-- This site is optimized with the Yoast SEO plugin v26.8 - https:\/\/yoast.com\/product\/yoast-seo-wordpress\/ -->\n<title>Kids winter gloves RON (90g) - Huppa LT<\/title>\n<meta name=\"robots\" content=\"index, follow, max-snippet:-1, max-image-preview:large, max-video-preview:-1\" \/>\n<link rel=\"canonical\" href=\"https:\/\/shop.huppa.eu\/lt\/product\/kids-winter-gloves-ron-90g-4\/\" \/>\n<meta property=\"og:locale\" content=\"lt_LT\" \/>\n<meta property=\"og:type\" content=\"article\" \/>\n<meta property=\"og:title\" content=\"Kids winter gloves RON (90g) - Huppa LT\" \/>\n<meta property=\"og:description\" content=\"Vaiki\u0161kos neper\u0161lampamos ir neperpu\u010diamos pir\u0161tin\u0117s su pamu\u0161alu. Orui laidi i\u0161orin\u0117 med\u017eiaga. Ant rie\u0161o ir apa\u010dioje \u012fsi\u016bta patogi gumin\u0117 juostel\u0117. Pir\u0161tini\u0173 vidin\u0117 pus\u0117 i\u0161 mink\u0161to flisinio audinio. Vir\u0161utinis audinys su \u0161vies\u0105 atspindin\u010diomis detal\u0117mis.\" \/>\n<meta property=\"og:url\" content=\"https:\/\/shop.huppa.eu\/lt\/product\/kids-winter-gloves-ron-90g-4\/\" \/>\n<meta property=\"og:site_name\" content=\"Huppa LT\" \/>\n<meta property=\"article:modified_time\" content=\"2026-04-09T04:38:08+00:00\" \/>\n<meta property=\"og:image\" content=\"https:\/\/huppashop-prod.s3.eu-north-1.amazonaws.com\/wp-content\/uploads\/sites\/5\/2025\/12\/05024758\/8115BASE-80034-RON_f1.jpg\" \/>\n\t<meta property=\"og:image:width\" content=\"1200\" \/>\n\t<meta property=\"og:image:height\" content=\"1200\" \/>\n\t<meta property=\"og:image:type\" content=\"image\/jpeg\" \/>\n<meta name=\"twitter:card\" content=\"summary_large_image\" \/>\n<script type=\"application\/ld+json\" class=\"yoast-schema-graph\">{\"@context\":\"https:\/\/schema.org\",\"@graph\":[{\"@type\":\"WebPage\",\"@id\":\"https:\/\/shop.huppa.eu\/lt\/product\/kids-winter-gloves-ron-90g-4\/\",\"url\":\"https:\/\/shop.huppa.eu\/lt\/product\/kids-winter-gloves-ron-90g-4\/\",\"name\":\"Kids winter gloves RON (90g) - Huppa LT\",\"isPartOf\":{\"@id\":\"https:\/\/shop.huppa.eu\/lt\/#website\"},\"primaryImageOfPage\":{\"@id\":\"https:\/\/shop.huppa.eu\/lt\/product\/kids-winter-gloves-ron-90g-4\/#primaryimage\"},\"image\":{\"@id\":\"https:\/\/shop.huppa.eu\/lt\/product\/kids-winter-gloves-ron-90g-4\/#primaryimage\"},\"thumbnailUrl\":\"https:\/\/huppashop-prod.s3.eu-north-1.amazonaws.com\/wp-content\/uploads\/sites\/5\/2025\/12\/05024758\/8115BASE-80034-RON_f1.jpg\",\"datePublished\":\"2025-12-05T00:47:56+00:00\",\"dateModified\":\"2026-04-09T04:38:08+00:00\",\"breadcrumb\":{\"@id\":\"https:\/\/shop.huppa.eu\/lt\/product\/kids-winter-gloves-ron-90g-4\/#breadcrumb\"},\"inLanguage\":\"lt-LT\",\"potentialAction\":[{\"@type\":\"ReadAction\",\"target\":[\"https:\/\/shop.huppa.eu\/lt\/product\/kids-winter-gloves-ron-90g-4\/\"]}]},{\"@type\":\"ImageObject\",\"inLanguage\":\"lt-LT\",\"@id\":\"https:\/\/shop.huppa.eu\/lt\/product\/kids-winter-gloves-ron-90g-4\/#primaryimage\",\"url\":\"https:\/\/huppashop-prod.s3.eu-north-1.amazonaws.com\/wp-content\/uploads\/sites\/5\/2025\/12\/05024758\/8115BASE-80034-RON_f1.jpg\",\"contentUrl\":\"https:\/\/huppashop-prod.s3.eu-north-1.amazonaws.com\/wp-content\/uploads\/sites\/5\/2025\/12\/05024758\/8115BASE-80034-RON_f1.jpg\",\"width\":1200,\"height\":1200},{\"@type\":\"BreadcrumbList\",\"@id\":\"https:\/\/shop.huppa.eu\/lt\/product\/kids-winter-gloves-ron-90g-4\/#breadcrumb\",\"itemListElement\":[{\"@type\":\"ListItem\",\"position\":1,\"name\":\"Shop\",\"item\":\"https:\/\/shop.huppa.eu\/lt\/shop\/\"},{\"@type\":\"ListItem\",\"position\":2,\"name\":\"Kids winter gloves RON (90g)\"}]},{\"@type\":\"WebSite\",\"@id\":\"https:\/\/shop.huppa.eu\/lt\/#website\",\"url\":\"https:\/\/shop.huppa.eu\/lt\/\",\"name\":\"Huppa LT\",\"description\":\"Huppa LT\",\"potentialAction\":[{\"@type\":\"SearchAction\",\"target\":{\"@type\":\"EntryPoint\",\"urlTemplate\":\"https:\/\/shop.huppa.eu\/lt\/?s={search_term_string}\"},\"query-input\":{\"@type\":\"PropertyValueSpecification\",\"valueRequired\":true,\"valueName\":\"search_term_string\"}}],\"inLanguage\":\"lt-LT\"}]}<\/script>\n<!-- \/ Yoast SEO plugin. -->","yoast_head_json":{"title":"Kids winter gloves RON (90g) - Huppa LT","robots":{"index":"index","follow":"follow","max-snippet":"max-snippet:-1","max-image-preview":"max-image-preview:large","max-video-preview":"max-video-preview:-1"},"canonical":"https:\/\/shop.huppa.eu\/lt\/product\/kids-winter-gloves-ron-90g-4\/","og_locale":"lt_LT","og_type":"article","og_title":"Kids winter gloves RON (90g) - Huppa LT","og_description":"Vaiki\u0161kos neper\u0161lampamos ir neperpu\u010diamos pir\u0161tin\u0117s su pamu\u0161alu. Orui laidi i\u0161orin\u0117 med\u017eiaga. Ant rie\u0161o ir apa\u010dioje \u012fsi\u016bta patogi gumin\u0117 juostel\u0117. Pir\u0161tini\u0173 vidin\u0117 pus\u0117 i\u0161 mink\u0161to flisinio audinio. Vir\u0161utinis audinys su \u0161vies\u0105 atspindin\u010diomis detal\u0117mis.","og_url":"https:\/\/shop.huppa.eu\/lt\/product\/kids-winter-gloves-ron-90g-4\/","og_site_name":"Huppa LT","article_modified_time":"2026-04-09T04:38:08+00:00","og_image":[{"width":1200,"height":1200,"url":"https:\/\/huppashop-prod.s3.eu-north-1.amazonaws.com\/wp-content\/uploads\/sites\/5\/2025\/12\/05024758\/8115BASE-80034-RON_f1.jpg","type":"image\/jpeg"}],"twitter_card":"summary_large_image","schema":{"@context":"https:\/\/schema.org","@graph":[{"@type":"WebPage","@id":"https:\/\/shop.huppa.eu\/lt\/product\/kids-winter-gloves-ron-90g-4\/","url":"https:\/\/shop.huppa.eu\/lt\/product\/kids-winter-gloves-ron-90g-4\/","name":"Kids winter gloves RON (90g) - Huppa LT","isPartOf":{"@id":"https:\/\/shop.huppa.eu\/lt\/#website"},"primaryImageOfPage":{"@id":"https:\/\/shop.huppa.eu\/lt\/product\/kids-winter-gloves-ron-90g-4\/#primaryimage"},"image":{"@id":"https:\/\/shop.huppa.eu\/lt\/product\/kids-winter-gloves-ron-90g-4\/#primaryimage"},"thumbnailUrl":"https:\/\/huppashop-prod.s3.eu-north-1.amazonaws.com\/wp-content\/uploads\/sites\/5\/2025\/12\/05024758\/8115BASE-80034-RON_f1.jpg","datePublished":"2025-12-05T00:47:56+00:00","dateModified":"2026-04-09T04:38:08+00:00","breadcrumb":{"@id":"https:\/\/shop.huppa.eu\/lt\/product\/kids-winter-gloves-ron-90g-4\/#breadcrumb"},"inLanguage":"lt-LT","potentialAction":[{"@type":"ReadAction","target":["https:\/\/shop.huppa.eu\/lt\/product\/kids-winter-gloves-ron-90g-4\/"]}]},{"@type":"ImageObject","inLanguage":"lt-LT","@id":"https:\/\/shop.huppa.eu\/lt\/product\/kids-winter-gloves-ron-90g-4\/#primaryimage","url":"https:\/\/huppashop-prod.s3.eu-north-1.amazonaws.com\/wp-content\/uploads\/sites\/5\/2025\/12\/05024758\/8115BASE-80034-RON_f1.jpg","contentUrl":"https:\/\/huppashop-prod.s3.eu-north-1.amazonaws.com\/wp-content\/uploads\/sites\/5\/2025\/12\/05024758\/8115BASE-80034-RON_f1.jpg","width":1200,"height":1200},{"@type":"BreadcrumbList","@id":"https:\/\/shop.huppa.eu\/lt\/product\/kids-winter-gloves-ron-90g-4\/#breadcrumb","itemListElement":[{"@type":"ListItem","position":1,"name":"Shop","item":"https:\/\/shop.huppa.eu\/lt\/shop\/"},{"@type":"ListItem","position":2,"name":"Kids winter gloves RON (90g)"}]},{"@type":"WebSite","@id":"https:\/\/shop.huppa.eu\/lt\/#website","url":"https:\/\/shop.huppa.eu\/lt\/","name":"Huppa LT","description":"Huppa LT","potentialAction":[{"@type":"SearchAction","target":{"@type":"EntryPoint","urlTemplate":"https:\/\/shop.huppa.eu\/lt\/?s={search_term_string}"},"query-input":{"@type":"PropertyValueSpecification","valueRequired":true,"valueName":"search_term_string"}}],"inLanguage":"lt-LT"}]}},"_links":{"self":[{"href":"https:\/\/shop.huppa.eu\/lt\/wp-json\/wp\/v2\/product\/524201","targetHints":{"allow":["GET"]}}],"collection":[{"href":"https:\/\/shop.huppa.eu\/lt\/wp-json\/wp\/v2\/product"}],"about":[{"href":"https:\/\/shop.huppa.eu\/lt\/wp-json\/wp\/v2\/types\/product"}],"wp:featuredmedia":[{"embeddable":true,"href":"https:\/\/shop.huppa.eu\/lt\/wp-json\/wp\/v2\/media\/524203"}],"wp:attachment":[{"href":"https:\/\/shop.huppa.eu\/lt\/wp-json\/wp\/v2\/media?parent=524201"}],"wp:term":[{"taxonomy":"product_brand","embeddable":true,"href":"https:\/\/shop.huppa.eu\/lt\/wp-json\/wp\/v2\/product_brand?post=524201"},{"taxonomy":"product_cat","embeddable":true,"href":"https:\/\/shop.huppa.eu\/lt\/wp-json\/wp\/v2\/product_cat?post=524201"},{"taxonomy":"product_tag","embeddable":true,"href":"https:\/\/shop.huppa.eu\/lt\/wp-json\/wp\/v2\/product_tag?post=524201"}],"curies":[{"name":"wp","href":"https:\/\/api.w.org\/{rel}","templated":true}]}}