{"id":524268,"date":"2025-12-09T03:08:54","date_gmt":"2025-12-09T01:08:54","guid":{"rendered":"https:\/\/shop.huppa.eu\/lt\/product\/kids-softshell-gloves-siva\/"},"modified":"2026-04-16T06:44:06","modified_gmt":"2026-04-16T04:44:06","slug":"kids-softshell-gloves-siva","status":"publish","type":"product","link":"https:\/\/shop.huppa.eu\/lt\/product\/kids-softshell-gloves-siva\/","title":{"rendered":"Kids Softshell gloves SIVA"},"content":{"rendered":"<p>Vaiki\u0161kos, v\u0117jui atsparios Softshell kum\u0161tin\u0117s pir\u0161tin\u0117s. Papuo\u0161tos \u0161vies\u0105 atspindin\u010diu dailiu ta\u0161kuotu ra\u0161tu. Patogi integruota elastin\u0117 juosta aplink rie\u0161\u0105. Vidin\u0117 pir\u0161tini\u0173 dalis i\u0161 mink\u0161to ir \u0161ilto fliso. Susegamos ma\u017eu u\u017esegimu. Pastiprintas audinys delno srityje.<\/p>\n","protected":false},"excerpt":{"rendered":"<p>Vaiki\u0161kos, v\u0117jui atsparios Softshell kum\u0161tin\u0117s pir\u0161tin\u0117s. Papuo\u0161tos \u0161vies\u0105 atspindin\u010diu dailiu ta\u0161kuotu ra\u0161tu. Patogi integruota elastin\u0117 juosta aplink rie\u0161\u0105. Vidin\u0117 pir\u0161tini\u0173 dalis i\u0161 mink\u0161to ir \u0161ilto fliso. Susegamos ma\u017eu u\u017esegimu. Pastiprintas audinys delno srityje.<\/p>\n","protected":false},"featured_media":492628,"template":"","meta":{"_acf_changed":false},"product_brand":[],"product_cat":[5695,5698,1923,1924,1921,415,19],"product_tag":[],"class_list":{"0":"post-524268","1":"product","2":"type-product","3":"status-publish","4":"has-post-thumbnail","6":"product_cat-accessories","7":"product_cat-pirstines-accessories-2","8":"product_cat-pirstines-2","9":"product_cat-pirstines-unisex","10":"product_cat-pirstines","11":"product_cat-unisex","12":"product_cat-vaikai","13":"pa_amzius-vaikai","14":"pa_atsparumas-vandeniui-5-000mm","15":"pa_dydis-1918","16":"pa_dydis-1919","17":"pa_dydis-1920","18":"pa_kolekcija-nr-sa2024","19":"pa_kolekcijos-dalis-accessories","20":"pa_lytis-unisex","21":"pa_oro-pralaidumas-5-000g-m-24h","22":"pa_prekes-artikulas-81800000-10604","23":"pa_rastuota-vienspalvis","24":"pa_sezonas-semi-season","26":"first","27":"instock","28":"sale","29":"taxable","30":"shipping-taxable","31":"purchasable","32":"product-type-variable"},"acf":[],"yoast_head":"<!-- This site is optimized with the Yoast SEO plugin v26.8 - https:\/\/yoast.com\/product\/yoast-seo-wordpress\/ -->\n<title>Kids Softshell gloves SIVA - Huppa LT<\/title>\n<meta name=\"robots\" content=\"index, follow, max-snippet:-1, max-image-preview:large, max-video-preview:-1\" \/>\n<link rel=\"canonical\" href=\"https:\/\/shop.huppa.eu\/lt\/product\/kids-softshell-gloves-siva\/\" \/>\n<meta property=\"og:locale\" content=\"lt_LT\" \/>\n<meta property=\"og:type\" content=\"article\" \/>\n<meta property=\"og:title\" content=\"Kids Softshell gloves SIVA - Huppa LT\" \/>\n<meta property=\"og:description\" content=\"Vaiki\u0161kos, v\u0117jui atsparios Softshell kum\u0161tin\u0117s pir\u0161tin\u0117s. Papuo\u0161tos \u0161vies\u0105 atspindin\u010diu dailiu ta\u0161kuotu ra\u0161tu. Patogi integruota elastin\u0117 juosta aplink rie\u0161\u0105. Vidin\u0117 pir\u0161tini\u0173 dalis i\u0161 mink\u0161to ir \u0161ilto fliso. Susegamos ma\u017eu u\u017esegimu. Pastiprintas audinys delno srityje.\" \/>\n<meta property=\"og:url\" content=\"https:\/\/shop.huppa.eu\/lt\/product\/kids-softshell-gloves-siva\/\" \/>\n<meta property=\"og:site_name\" content=\"Huppa LT\" \/>\n<meta property=\"article:modified_time\" content=\"2026-04-16T04:44:06+00:00\" \/>\n<meta property=\"og:image\" content=\"https:\/\/huppashop-prod.s3.eu-north-1.amazonaws.com\/wp-content\/uploads\/sites\/5\/2023\/02\/24042906\/81800000-10604-SIVA_d1.jpg\" \/>\n\t<meta property=\"og:image:width\" content=\"1200\" \/>\n\t<meta property=\"og:image:height\" content=\"1200\" \/>\n\t<meta property=\"og:image:type\" content=\"image\/jpeg\" \/>\n<meta name=\"twitter:card\" content=\"summary_large_image\" \/>\n<script type=\"application\/ld+json\" class=\"yoast-schema-graph\">{\"@context\":\"https:\/\/schema.org\",\"@graph\":[{\"@type\":\"WebPage\",\"@id\":\"https:\/\/shop.huppa.eu\/lt\/product\/kids-softshell-gloves-siva\/\",\"url\":\"https:\/\/shop.huppa.eu\/lt\/product\/kids-softshell-gloves-siva\/\",\"name\":\"Kids Softshell gloves SIVA - Huppa LT\",\"isPartOf\":{\"@id\":\"https:\/\/shop.huppa.eu\/lt\/#website\"},\"primaryImageOfPage\":{\"@id\":\"https:\/\/shop.huppa.eu\/lt\/product\/kids-softshell-gloves-siva\/#primaryimage\"},\"image\":{\"@id\":\"https:\/\/shop.huppa.eu\/lt\/product\/kids-softshell-gloves-siva\/#primaryimage\"},\"thumbnailUrl\":\"https:\/\/huppashop-prod.s3.eu-north-1.amazonaws.com\/wp-content\/uploads\/sites\/5\/2023\/02\/24042906\/81800000-10604-SIVA_d1.jpg\",\"datePublished\":\"2025-12-09T01:08:54+00:00\",\"dateModified\":\"2026-04-16T04:44:06+00:00\",\"breadcrumb\":{\"@id\":\"https:\/\/shop.huppa.eu\/lt\/product\/kids-softshell-gloves-siva\/#breadcrumb\"},\"inLanguage\":\"lt-LT\",\"potentialAction\":[{\"@type\":\"ReadAction\",\"target\":[\"https:\/\/shop.huppa.eu\/lt\/product\/kids-softshell-gloves-siva\/\"]}]},{\"@type\":\"ImageObject\",\"inLanguage\":\"lt-LT\",\"@id\":\"https:\/\/shop.huppa.eu\/lt\/product\/kids-softshell-gloves-siva\/#primaryimage\",\"url\":\"https:\/\/huppashop-prod.s3.eu-north-1.amazonaws.com\/wp-content\/uploads\/sites\/5\/2023\/02\/24042906\/81800000-10604-SIVA_d1.jpg\",\"contentUrl\":\"https:\/\/huppashop-prod.s3.eu-north-1.amazonaws.com\/wp-content\/uploads\/sites\/5\/2023\/02\/24042906\/81800000-10604-SIVA_d1.jpg\",\"width\":1200,\"height\":1200},{\"@type\":\"BreadcrumbList\",\"@id\":\"https:\/\/shop.huppa.eu\/lt\/product\/kids-softshell-gloves-siva\/#breadcrumb\",\"itemListElement\":[{\"@type\":\"ListItem\",\"position\":1,\"name\":\"Shop\",\"item\":\"https:\/\/shop.huppa.eu\/lt\/shop\/\"},{\"@type\":\"ListItem\",\"position\":2,\"name\":\"Kids Softshell gloves SIVA\"}]},{\"@type\":\"WebSite\",\"@id\":\"https:\/\/shop.huppa.eu\/lt\/#website\",\"url\":\"https:\/\/shop.huppa.eu\/lt\/\",\"name\":\"Huppa LT\",\"description\":\"Huppa LT\",\"potentialAction\":[{\"@type\":\"SearchAction\",\"target\":{\"@type\":\"EntryPoint\",\"urlTemplate\":\"https:\/\/shop.huppa.eu\/lt\/?s={search_term_string}\"},\"query-input\":{\"@type\":\"PropertyValueSpecification\",\"valueRequired\":true,\"valueName\":\"search_term_string\"}}],\"inLanguage\":\"lt-LT\"}]}<\/script>\n<!-- \/ Yoast SEO plugin. -->","yoast_head_json":{"title":"Kids Softshell gloves SIVA - Huppa LT","robots":{"index":"index","follow":"follow","max-snippet":"max-snippet:-1","max-image-preview":"max-image-preview:large","max-video-preview":"max-video-preview:-1"},"canonical":"https:\/\/shop.huppa.eu\/lt\/product\/kids-softshell-gloves-siva\/","og_locale":"lt_LT","og_type":"article","og_title":"Kids Softshell gloves SIVA - Huppa LT","og_description":"Vaiki\u0161kos, v\u0117jui atsparios Softshell kum\u0161tin\u0117s pir\u0161tin\u0117s. Papuo\u0161tos \u0161vies\u0105 atspindin\u010diu dailiu ta\u0161kuotu ra\u0161tu. Patogi integruota elastin\u0117 juosta aplink rie\u0161\u0105. Vidin\u0117 pir\u0161tini\u0173 dalis i\u0161 mink\u0161to ir \u0161ilto fliso. Susegamos ma\u017eu u\u017esegimu. Pastiprintas audinys delno srityje.","og_url":"https:\/\/shop.huppa.eu\/lt\/product\/kids-softshell-gloves-siva\/","og_site_name":"Huppa LT","article_modified_time":"2026-04-16T04:44:06+00:00","og_image":[{"width":1200,"height":1200,"url":"https:\/\/huppashop-prod.s3.eu-north-1.amazonaws.com\/wp-content\/uploads\/sites\/5\/2023\/02\/24042906\/81800000-10604-SIVA_d1.jpg","type":"image\/jpeg"}],"twitter_card":"summary_large_image","schema":{"@context":"https:\/\/schema.org","@graph":[{"@type":"WebPage","@id":"https:\/\/shop.huppa.eu\/lt\/product\/kids-softshell-gloves-siva\/","url":"https:\/\/shop.huppa.eu\/lt\/product\/kids-softshell-gloves-siva\/","name":"Kids Softshell gloves SIVA - Huppa LT","isPartOf":{"@id":"https:\/\/shop.huppa.eu\/lt\/#website"},"primaryImageOfPage":{"@id":"https:\/\/shop.huppa.eu\/lt\/product\/kids-softshell-gloves-siva\/#primaryimage"},"image":{"@id":"https:\/\/shop.huppa.eu\/lt\/product\/kids-softshell-gloves-siva\/#primaryimage"},"thumbnailUrl":"https:\/\/huppashop-prod.s3.eu-north-1.amazonaws.com\/wp-content\/uploads\/sites\/5\/2023\/02\/24042906\/81800000-10604-SIVA_d1.jpg","datePublished":"2025-12-09T01:08:54+00:00","dateModified":"2026-04-16T04:44:06+00:00","breadcrumb":{"@id":"https:\/\/shop.huppa.eu\/lt\/product\/kids-softshell-gloves-siva\/#breadcrumb"},"inLanguage":"lt-LT","potentialAction":[{"@type":"ReadAction","target":["https:\/\/shop.huppa.eu\/lt\/product\/kids-softshell-gloves-siva\/"]}]},{"@type":"ImageObject","inLanguage":"lt-LT","@id":"https:\/\/shop.huppa.eu\/lt\/product\/kids-softshell-gloves-siva\/#primaryimage","url":"https:\/\/huppashop-prod.s3.eu-north-1.amazonaws.com\/wp-content\/uploads\/sites\/5\/2023\/02\/24042906\/81800000-10604-SIVA_d1.jpg","contentUrl":"https:\/\/huppashop-prod.s3.eu-north-1.amazonaws.com\/wp-content\/uploads\/sites\/5\/2023\/02\/24042906\/81800000-10604-SIVA_d1.jpg","width":1200,"height":1200},{"@type":"BreadcrumbList","@id":"https:\/\/shop.huppa.eu\/lt\/product\/kids-softshell-gloves-siva\/#breadcrumb","itemListElement":[{"@type":"ListItem","position":1,"name":"Shop","item":"https:\/\/shop.huppa.eu\/lt\/shop\/"},{"@type":"ListItem","position":2,"name":"Kids Softshell gloves SIVA"}]},{"@type":"WebSite","@id":"https:\/\/shop.huppa.eu\/lt\/#website","url":"https:\/\/shop.huppa.eu\/lt\/","name":"Huppa LT","description":"Huppa LT","potentialAction":[{"@type":"SearchAction","target":{"@type":"EntryPoint","urlTemplate":"https:\/\/shop.huppa.eu\/lt\/?s={search_term_string}"},"query-input":{"@type":"PropertyValueSpecification","valueRequired":true,"valueName":"search_term_string"}}],"inLanguage":"lt-LT"}]}},"_links":{"self":[{"href":"https:\/\/shop.huppa.eu\/lt\/wp-json\/wp\/v2\/product\/524268","targetHints":{"allow":["GET"]}}],"collection":[{"href":"https:\/\/shop.huppa.eu\/lt\/wp-json\/wp\/v2\/product"}],"about":[{"href":"https:\/\/shop.huppa.eu\/lt\/wp-json\/wp\/v2\/types\/product"}],"wp:featuredmedia":[{"embeddable":true,"href":"https:\/\/shop.huppa.eu\/lt\/wp-json\/wp\/v2\/media\/492628"}],"wp:attachment":[{"href":"https:\/\/shop.huppa.eu\/lt\/wp-json\/wp\/v2\/media?parent=524268"}],"wp:term":[{"taxonomy":"product_brand","embeddable":true,"href":"https:\/\/shop.huppa.eu\/lt\/wp-json\/wp\/v2\/product_brand?post=524268"},{"taxonomy":"product_cat","embeddable":true,"href":"https:\/\/shop.huppa.eu\/lt\/wp-json\/wp\/v2\/product_cat?post=524268"},{"taxonomy":"product_tag","embeddable":true,"href":"https:\/\/shop.huppa.eu\/lt\/wp-json\/wp\/v2\/product_tag?post=524268"}],"curies":[{"name":"wp","href":"https:\/\/api.w.org\/{rel}","templated":true}]}}