{"id":525145,"date":"2026-02-05T07:28:17","date_gmt":"2026-02-05T05:28:17","guid":{"rendered":"https:\/\/shop.huppa.eu\/lt\/product\/kids-winter-overall-wille-2-200g\/"},"modified":"2026-04-09T06:18:04","modified_gmt":"2026-04-09T04:18:04","slug":"kids-winter-overall-wille-2-200g","status":"publish","type":"product","link":"https:\/\/shop.huppa.eu\/lt\/product\/kids-winter-overall-wille-2-200g\/","title":{"rendered":"Kids winter overall WILLE 2 (200g)"},"content":{"rendered":"<p>Vaiki\u0161kas neper\u0161lampamas ir neperpu\u010diamas \u017eieminis kombinezonas su 200 g \u0161iltinamuoju sluoksniu. Laidus orui i\u0161orinis audinys.  Kombinezono vidin\u0117 dalis i\u0161 mink\u0161to audinio. Gumin\u0117 juostel\u0117 rankogaliuose, kle\u0161ni\u0173 apa\u010dioje ir ant gobtuvo kra\u0161to. Nuimamas gobtuvas prie apykakl\u0117s prisegamas u\u017etrauktuku. Juosmens srityje gumin\u0117 juosta su kilpomis. Neper\u0161lampamos dengtos si\u016bl\u0117s. Su elastingomis p\u0117dos gumel\u0117mis. \u0160vies\u0105 atspindin\u010dios detal\u0117s ant vir\u0161utinio audinio.<\/p>\n","protected":false},"excerpt":{"rendered":"<p>Vaiki\u0161kas neper\u0161lampamas ir neperpu\u010diamas \u017eieminis kombinezonas su 200 g \u0161iltinamuoju sluoksniu. Laidus orui i\u0161orinis audinys. Kombinezono vidin\u0117 dalis i\u0161 mink\u0161to audinio. Gumin\u0117 juostel\u0117 rankogaliuose, kle\u0161ni\u0173 apa\u010dioje ir ant gobtuvo kra\u0161to. Nuimamas gobtuvas prie apykakl\u0117s prisegamas u\u017etrauktuku. Juosmens srityje gumin\u0117 juosta su kilpomis. Neper\u0161lampamos dengtos si\u016bl\u0117s. Su elastingomis p\u0117dos gumel\u0117mis. \u0160vies\u0105 atspindin\u010dios detal\u0117s ant vir\u0161utinio audinio.<\/p>\n","protected":false},"featured_media":525151,"template":"","meta":{"_acf_changed":false},"product_brand":[],"product_cat":[6709,90,1163,1164,1160,6643,19],"product_tag":[],"class_list":{"0":"post-525145","1":"product","2":"type-product","3":"status-publish","4":"has-post-thumbnail","6":"product_cat-kombinezonai-sale","7":"product_cat-berniuku","8":"product_cat-kombinezonai-vaikai","9":"product_cat-kombinezonai-berniuku","10":"product_cat-kombinezonai","11":"product_cat-sale","12":"product_cat-vaikai","13":"pa_amzius-vaikai","14":"pa_atsparumas-vandeniui-10000mm","15":"pa_dydis-79","16":"pa_dydis-93","17":"pa_dydis-98","18":"pa_dydis-99","19":"pa_dydis-100","20":"pa_izoliacijos-svoris-200g","21":"pa_kolekcija-nr-w25-26","22":"pa_kolekcijos-dalis-winter","23":"pa_lytis-berniuku","24":"pa_oro-pralaidumas-10000g-m-24h","25":"pa_prekes-artikulas-36430220-52242","26":"pa_rastuota-rastuota-spalva","27":"pa_sale-yes","28":"pa_sezonas-ziema","29":"pa_uzpildas-200g","31":"first","32":"instock","33":"sale","34":"taxable","35":"shipping-taxable","36":"purchasable","37":"product-type-variable"},"acf":[],"yoast_head":"<!-- This site is optimized with the Yoast SEO plugin v26.8 - https:\/\/yoast.com\/product\/yoast-seo-wordpress\/ -->\n<title>Kids winter overall WILLE 2 (200g) - Huppa LT<\/title>\n<meta name=\"robots\" content=\"index, follow, max-snippet:-1, max-image-preview:large, max-video-preview:-1\" \/>\n<link rel=\"canonical\" href=\"https:\/\/shop.huppa.eu\/lt\/product\/kids-winter-overall-wille-2-200g\/\" \/>\n<meta property=\"og:locale\" content=\"lt_LT\" \/>\n<meta property=\"og:type\" content=\"article\" \/>\n<meta property=\"og:title\" content=\"Kids winter overall WILLE 2 (200g) - Huppa LT\" \/>\n<meta property=\"og:description\" content=\"Vaiki\u0161kas neper\u0161lampamas ir neperpu\u010diamas \u017eieminis kombinezonas su 200 g \u0161iltinamuoju sluoksniu. Laidus orui i\u0161orinis audinys. Kombinezono vidin\u0117 dalis i\u0161 mink\u0161to audinio. Gumin\u0117 juostel\u0117 rankogaliuose, kle\u0161ni\u0173 apa\u010dioje ir ant gobtuvo kra\u0161to. Nuimamas gobtuvas prie apykakl\u0117s prisegamas u\u017etrauktuku. Juosmens srityje gumin\u0117 juosta su kilpomis. Neper\u0161lampamos dengtos si\u016bl\u0117s. Su elastingomis p\u0117dos gumel\u0117mis. \u0160vies\u0105 atspindin\u010dios detal\u0117s ant vir\u0161utinio audinio.\" \/>\n<meta property=\"og:url\" content=\"https:\/\/shop.huppa.eu\/lt\/product\/kids-winter-overall-wille-2-200g\/\" \/>\n<meta property=\"og:site_name\" content=\"Huppa LT\" \/>\n<meta property=\"article:modified_time\" content=\"2026-04-09T04:18:04+00:00\" \/>\n<meta property=\"og:image\" content=\"https:\/\/huppashop-prod.s3.eu-north-1.amazonaws.com\/wp-content\/uploads\/sites\/5\/2026\/02\/05072820\/36430220-52242-WILLE2_kids_f.jpg\" \/>\n\t<meta property=\"og:image:width\" content=\"1200\" \/>\n\t<meta property=\"og:image:height\" content=\"1200\" \/>\n\t<meta property=\"og:image:type\" content=\"image\/jpeg\" \/>\n<meta name=\"twitter:card\" content=\"summary_large_image\" \/>\n<script type=\"application\/ld+json\" class=\"yoast-schema-graph\">{\"@context\":\"https:\/\/schema.org\",\"@graph\":[{\"@type\":\"WebPage\",\"@id\":\"https:\/\/shop.huppa.eu\/lt\/product\/kids-winter-overall-wille-2-200g\/\",\"url\":\"https:\/\/shop.huppa.eu\/lt\/product\/kids-winter-overall-wille-2-200g\/\",\"name\":\"Kids winter overall WILLE 2 (200g) - Huppa LT\",\"isPartOf\":{\"@id\":\"https:\/\/shop.huppa.eu\/lt\/#website\"},\"primaryImageOfPage\":{\"@id\":\"https:\/\/shop.huppa.eu\/lt\/product\/kids-winter-overall-wille-2-200g\/#primaryimage\"},\"image\":{\"@id\":\"https:\/\/shop.huppa.eu\/lt\/product\/kids-winter-overall-wille-2-200g\/#primaryimage\"},\"thumbnailUrl\":\"https:\/\/huppashop-prod.s3.eu-north-1.amazonaws.com\/wp-content\/uploads\/sites\/5\/2026\/02\/05072820\/36430220-52242-WILLE2_kids_f.jpg\",\"datePublished\":\"2026-02-05T05:28:17+00:00\",\"dateModified\":\"2026-04-09T04:18:04+00:00\",\"breadcrumb\":{\"@id\":\"https:\/\/shop.huppa.eu\/lt\/product\/kids-winter-overall-wille-2-200g\/#breadcrumb\"},\"inLanguage\":\"lt-LT\",\"potentialAction\":[{\"@type\":\"ReadAction\",\"target\":[\"https:\/\/shop.huppa.eu\/lt\/product\/kids-winter-overall-wille-2-200g\/\"]}]},{\"@type\":\"ImageObject\",\"inLanguage\":\"lt-LT\",\"@id\":\"https:\/\/shop.huppa.eu\/lt\/product\/kids-winter-overall-wille-2-200g\/#primaryimage\",\"url\":\"https:\/\/huppashop-prod.s3.eu-north-1.amazonaws.com\/wp-content\/uploads\/sites\/5\/2026\/02\/05072820\/36430220-52242-WILLE2_kids_f.jpg\",\"contentUrl\":\"https:\/\/huppashop-prod.s3.eu-north-1.amazonaws.com\/wp-content\/uploads\/sites\/5\/2026\/02\/05072820\/36430220-52242-WILLE2_kids_f.jpg\",\"width\":1200,\"height\":1200},{\"@type\":\"BreadcrumbList\",\"@id\":\"https:\/\/shop.huppa.eu\/lt\/product\/kids-winter-overall-wille-2-200g\/#breadcrumb\",\"itemListElement\":[{\"@type\":\"ListItem\",\"position\":1,\"name\":\"Shop\",\"item\":\"https:\/\/shop.huppa.eu\/lt\/shop\/\"},{\"@type\":\"ListItem\",\"position\":2,\"name\":\"Kids winter overall WILLE 2 (200g)\"}]},{\"@type\":\"WebSite\",\"@id\":\"https:\/\/shop.huppa.eu\/lt\/#website\",\"url\":\"https:\/\/shop.huppa.eu\/lt\/\",\"name\":\"Huppa LT\",\"description\":\"Huppa LT\",\"potentialAction\":[{\"@type\":\"SearchAction\",\"target\":{\"@type\":\"EntryPoint\",\"urlTemplate\":\"https:\/\/shop.huppa.eu\/lt\/?s={search_term_string}\"},\"query-input\":{\"@type\":\"PropertyValueSpecification\",\"valueRequired\":true,\"valueName\":\"search_term_string\"}}],\"inLanguage\":\"lt-LT\"}]}<\/script>\n<!-- \/ Yoast SEO plugin. -->","yoast_head_json":{"title":"Kids winter overall WILLE 2 (200g) - Huppa LT","robots":{"index":"index","follow":"follow","max-snippet":"max-snippet:-1","max-image-preview":"max-image-preview:large","max-video-preview":"max-video-preview:-1"},"canonical":"https:\/\/shop.huppa.eu\/lt\/product\/kids-winter-overall-wille-2-200g\/","og_locale":"lt_LT","og_type":"article","og_title":"Kids winter overall WILLE 2 (200g) - Huppa LT","og_description":"Vaiki\u0161kas neper\u0161lampamas ir neperpu\u010diamas \u017eieminis kombinezonas su 200 g \u0161iltinamuoju sluoksniu. Laidus orui i\u0161orinis audinys. Kombinezono vidin\u0117 dalis i\u0161 mink\u0161to audinio. Gumin\u0117 juostel\u0117 rankogaliuose, kle\u0161ni\u0173 apa\u010dioje ir ant gobtuvo kra\u0161to. Nuimamas gobtuvas prie apykakl\u0117s prisegamas u\u017etrauktuku. Juosmens srityje gumin\u0117 juosta su kilpomis. Neper\u0161lampamos dengtos si\u016bl\u0117s. Su elastingomis p\u0117dos gumel\u0117mis. \u0160vies\u0105 atspindin\u010dios detal\u0117s ant vir\u0161utinio audinio.","og_url":"https:\/\/shop.huppa.eu\/lt\/product\/kids-winter-overall-wille-2-200g\/","og_site_name":"Huppa LT","article_modified_time":"2026-04-09T04:18:04+00:00","og_image":[{"width":1200,"height":1200,"url":"https:\/\/huppashop-prod.s3.eu-north-1.amazonaws.com\/wp-content\/uploads\/sites\/5\/2026\/02\/05072820\/36430220-52242-WILLE2_kids_f.jpg","type":"image\/jpeg"}],"twitter_card":"summary_large_image","schema":{"@context":"https:\/\/schema.org","@graph":[{"@type":"WebPage","@id":"https:\/\/shop.huppa.eu\/lt\/product\/kids-winter-overall-wille-2-200g\/","url":"https:\/\/shop.huppa.eu\/lt\/product\/kids-winter-overall-wille-2-200g\/","name":"Kids winter overall WILLE 2 (200g) - Huppa LT","isPartOf":{"@id":"https:\/\/shop.huppa.eu\/lt\/#website"},"primaryImageOfPage":{"@id":"https:\/\/shop.huppa.eu\/lt\/product\/kids-winter-overall-wille-2-200g\/#primaryimage"},"image":{"@id":"https:\/\/shop.huppa.eu\/lt\/product\/kids-winter-overall-wille-2-200g\/#primaryimage"},"thumbnailUrl":"https:\/\/huppashop-prod.s3.eu-north-1.amazonaws.com\/wp-content\/uploads\/sites\/5\/2026\/02\/05072820\/36430220-52242-WILLE2_kids_f.jpg","datePublished":"2026-02-05T05:28:17+00:00","dateModified":"2026-04-09T04:18:04+00:00","breadcrumb":{"@id":"https:\/\/shop.huppa.eu\/lt\/product\/kids-winter-overall-wille-2-200g\/#breadcrumb"},"inLanguage":"lt-LT","potentialAction":[{"@type":"ReadAction","target":["https:\/\/shop.huppa.eu\/lt\/product\/kids-winter-overall-wille-2-200g\/"]}]},{"@type":"ImageObject","inLanguage":"lt-LT","@id":"https:\/\/shop.huppa.eu\/lt\/product\/kids-winter-overall-wille-2-200g\/#primaryimage","url":"https:\/\/huppashop-prod.s3.eu-north-1.amazonaws.com\/wp-content\/uploads\/sites\/5\/2026\/02\/05072820\/36430220-52242-WILLE2_kids_f.jpg","contentUrl":"https:\/\/huppashop-prod.s3.eu-north-1.amazonaws.com\/wp-content\/uploads\/sites\/5\/2026\/02\/05072820\/36430220-52242-WILLE2_kids_f.jpg","width":1200,"height":1200},{"@type":"BreadcrumbList","@id":"https:\/\/shop.huppa.eu\/lt\/product\/kids-winter-overall-wille-2-200g\/#breadcrumb","itemListElement":[{"@type":"ListItem","position":1,"name":"Shop","item":"https:\/\/shop.huppa.eu\/lt\/shop\/"},{"@type":"ListItem","position":2,"name":"Kids winter overall WILLE 2 (200g)"}]},{"@type":"WebSite","@id":"https:\/\/shop.huppa.eu\/lt\/#website","url":"https:\/\/shop.huppa.eu\/lt\/","name":"Huppa LT","description":"Huppa LT","potentialAction":[{"@type":"SearchAction","target":{"@type":"EntryPoint","urlTemplate":"https:\/\/shop.huppa.eu\/lt\/?s={search_term_string}"},"query-input":{"@type":"PropertyValueSpecification","valueRequired":true,"valueName":"search_term_string"}}],"inLanguage":"lt-LT"}]}},"_links":{"self":[{"href":"https:\/\/shop.huppa.eu\/lt\/wp-json\/wp\/v2\/product\/525145","targetHints":{"allow":["GET"]}}],"collection":[{"href":"https:\/\/shop.huppa.eu\/lt\/wp-json\/wp\/v2\/product"}],"about":[{"href":"https:\/\/shop.huppa.eu\/lt\/wp-json\/wp\/v2\/types\/product"}],"wp:featuredmedia":[{"embeddable":true,"href":"https:\/\/shop.huppa.eu\/lt\/wp-json\/wp\/v2\/media\/525151"}],"wp:attachment":[{"href":"https:\/\/shop.huppa.eu\/lt\/wp-json\/wp\/v2\/media?parent=525145"}],"wp:term":[{"taxonomy":"product_brand","embeddable":true,"href":"https:\/\/shop.huppa.eu\/lt\/wp-json\/wp\/v2\/product_brand?post=525145"},{"taxonomy":"product_cat","embeddable":true,"href":"https:\/\/shop.huppa.eu\/lt\/wp-json\/wp\/v2\/product_cat?post=525145"},{"taxonomy":"product_tag","embeddable":true,"href":"https:\/\/shop.huppa.eu\/lt\/wp-json\/wp\/v2\/product_tag?post=525145"}],"curies":[{"name":"wp","href":"https:\/\/api.w.org\/{rel}","templated":true}]}}