{"id":525231,"date":"2026-02-07T07:02:56","date_gmt":"2026-02-07T05:02:56","guid":{"rendered":"https:\/\/shop.huppa.eu\/lt\/product\/berniuku-kombinezonas-boggie\/"},"modified":"2026-03-10T16:35:15","modified_gmt":"2026-03-10T14:35:15","slug":"berniuku-kombinezonas-boggie","status":"publish","type":"product","link":"https:\/\/shop.huppa.eu\/lt\/product\/berniuku-kombinezonas-boggie\/","title":{"rendered":"Berniuk\u0173 kombinezonas BOGGIE"},"content":{"rendered":"<p>Kombinesoon kahe lukuga. Vooder: flanell &#8211; 100% puuvill.Soojustus: 40g. Iste\u00f5mblus, k\u00fclje\u00f5mblused teibitud. Tagasikeeratavad osad varrukasuus\/all\u00e4\u00e4res, suurustel 62-86<\/p>\n","protected":false},"excerpt":{"rendered":"<p>Kombinesoon kahe lukuga. Vooder: flanell &#8211; 100% puuvill.Soojustus: 40g. Iste\u00f5mblus, k\u00fclje\u00f5mblused teibitud. Tagasikeeratavad osad varrukasuus\/all\u00e4\u00e4res, suurustel 62-86<\/p>\n","protected":false},"featured_media":519427,"template":"","meta":{"_acf_changed":false},"product_brand":[],"product_cat":[90,1160,1163,1164,19],"product_tag":[],"class_list":{"0":"post-525231","1":"product","2":"type-product","3":"status-publish","4":"has-post-thumbnail","6":"product_cat-berniuku","7":"product_cat-kombinezonai","8":"product_cat-kombinezonai-vaikai","9":"product_cat-kombinezonai-berniuku","10":"product_cat-vaikai","11":"pa_amzius-vaikai","12":"pa_atsparumas-vandeniui-5000mm","13":"pa_dydis-1271","14":"pa_kolekcija-nr-sa2014","15":"pa_kolekcijos-dalis-spring-autumn","16":"pa_lytis-berniuku","17":"pa_oro-pralaidumas-5000g-m-24h","18":"pa_prekes-artikulas-3167bs14-935","20":"first","21":"outofstock","22":"taxable","23":"shipping-taxable","24":"product-type-variable"},"acf":[],"yoast_head":"<!-- This site is optimized with the Yoast SEO plugin v26.8 - https:\/\/yoast.com\/product\/yoast-seo-wordpress\/ -->\n<title>Berniuk\u0173 kombinezonas BOGGIE - Huppa LT<\/title>\n<meta name=\"robots\" content=\"index, follow, max-snippet:-1, max-image-preview:large, max-video-preview:-1\" \/>\n<link rel=\"canonical\" href=\"https:\/\/shop.huppa.eu\/lt\/product\/berniuku-kombinezonas-boggie\/\" \/>\n<meta property=\"og:locale\" content=\"lt_LT\" \/>\n<meta property=\"og:type\" content=\"article\" \/>\n<meta property=\"og:title\" content=\"Berniuk\u0173 kombinezonas BOGGIE - Huppa LT\" \/>\n<meta property=\"og:description\" content=\"Kombinesoon kahe lukuga. Vooder: flanell &#8211; 100% puuvill.Soojustus: 40g. Iste\u00f5mblus, k\u00fclje\u00f5mblused teibitud. Tagasikeeratavad osad varrukasuus\/all\u00e4\u00e4res, suurustel 62-86\" \/>\n<meta property=\"og:url\" content=\"https:\/\/shop.huppa.eu\/lt\/product\/berniuku-kombinezonas-boggie\/\" \/>\n<meta property=\"og:site_name\" content=\"Huppa LT\" \/>\n<meta property=\"article:modified_time\" content=\"2026-03-10T14:35:15+00:00\" \/>\n<meta property=\"og:image\" content=\"https:\/\/huppashop-prod.s3.eu-north-1.amazonaws.com\/wp-content\/uploads\/sites\/5\/2025\/11\/24173400\/3167BS14-935-BOGGIE_front.png\" \/>\n\t<meta property=\"og:image:width\" content=\"800\" \/>\n\t<meta property=\"og:image:height\" content=\"800\" \/>\n\t<meta property=\"og:image:type\" content=\"image\/png\" \/>\n<meta name=\"twitter:card\" content=\"summary_large_image\" \/>\n<script type=\"application\/ld+json\" class=\"yoast-schema-graph\">{\"@context\":\"https:\/\/schema.org\",\"@graph\":[{\"@type\":\"WebPage\",\"@id\":\"https:\/\/shop.huppa.eu\/lt\/product\/berniuku-kombinezonas-boggie\/\",\"url\":\"https:\/\/shop.huppa.eu\/lt\/product\/berniuku-kombinezonas-boggie\/\",\"name\":\"Berniuk\u0173 kombinezonas BOGGIE - Huppa LT\",\"isPartOf\":{\"@id\":\"https:\/\/shop.huppa.eu\/lt\/#website\"},\"primaryImageOfPage\":{\"@id\":\"https:\/\/shop.huppa.eu\/lt\/product\/berniuku-kombinezonas-boggie\/#primaryimage\"},\"image\":{\"@id\":\"https:\/\/shop.huppa.eu\/lt\/product\/berniuku-kombinezonas-boggie\/#primaryimage\"},\"thumbnailUrl\":\"https:\/\/huppashop-prod.s3.eu-north-1.amazonaws.com\/wp-content\/uploads\/sites\/5\/2025\/11\/24173400\/3167BS14-935-BOGGIE_front.png\",\"datePublished\":\"2026-02-07T05:02:56+00:00\",\"dateModified\":\"2026-03-10T14:35:15+00:00\",\"breadcrumb\":{\"@id\":\"https:\/\/shop.huppa.eu\/lt\/product\/berniuku-kombinezonas-boggie\/#breadcrumb\"},\"inLanguage\":\"lt-LT\",\"potentialAction\":[{\"@type\":\"ReadAction\",\"target\":[\"https:\/\/shop.huppa.eu\/lt\/product\/berniuku-kombinezonas-boggie\/\"]}]},{\"@type\":\"ImageObject\",\"inLanguage\":\"lt-LT\",\"@id\":\"https:\/\/shop.huppa.eu\/lt\/product\/berniuku-kombinezonas-boggie\/#primaryimage\",\"url\":\"https:\/\/huppashop-prod.s3.eu-north-1.amazonaws.com\/wp-content\/uploads\/sites\/5\/2025\/11\/24173400\/3167BS14-935-BOGGIE_front.png\",\"contentUrl\":\"https:\/\/huppashop-prod.s3.eu-north-1.amazonaws.com\/wp-content\/uploads\/sites\/5\/2025\/11\/24173400\/3167BS14-935-BOGGIE_front.png\",\"width\":800,\"height\":800},{\"@type\":\"BreadcrumbList\",\"@id\":\"https:\/\/shop.huppa.eu\/lt\/product\/berniuku-kombinezonas-boggie\/#breadcrumb\",\"itemListElement\":[{\"@type\":\"ListItem\",\"position\":1,\"name\":\"Shop\",\"item\":\"https:\/\/shop.huppa.eu\/lt\/shop\/\"},{\"@type\":\"ListItem\",\"position\":2,\"name\":\"Berniuk\u0173 kombinezonas BOGGIE\"}]},{\"@type\":\"WebSite\",\"@id\":\"https:\/\/shop.huppa.eu\/lt\/#website\",\"url\":\"https:\/\/shop.huppa.eu\/lt\/\",\"name\":\"Huppa LT\",\"description\":\"Huppa LT\",\"potentialAction\":[{\"@type\":\"SearchAction\",\"target\":{\"@type\":\"EntryPoint\",\"urlTemplate\":\"https:\/\/shop.huppa.eu\/lt\/?s={search_term_string}\"},\"query-input\":{\"@type\":\"PropertyValueSpecification\",\"valueRequired\":true,\"valueName\":\"search_term_string\"}}],\"inLanguage\":\"lt-LT\"}]}<\/script>\n<!-- \/ Yoast SEO plugin. -->","yoast_head_json":{"title":"Berniuk\u0173 kombinezonas BOGGIE - Huppa LT","robots":{"index":"index","follow":"follow","max-snippet":"max-snippet:-1","max-image-preview":"max-image-preview:large","max-video-preview":"max-video-preview:-1"},"canonical":"https:\/\/shop.huppa.eu\/lt\/product\/berniuku-kombinezonas-boggie\/","og_locale":"lt_LT","og_type":"article","og_title":"Berniuk\u0173 kombinezonas BOGGIE - Huppa LT","og_description":"Kombinesoon kahe lukuga. Vooder: flanell &#8211; 100% puuvill.Soojustus: 40g. Iste\u00f5mblus, k\u00fclje\u00f5mblused teibitud. Tagasikeeratavad osad varrukasuus\/all\u00e4\u00e4res, suurustel 62-86","og_url":"https:\/\/shop.huppa.eu\/lt\/product\/berniuku-kombinezonas-boggie\/","og_site_name":"Huppa LT","article_modified_time":"2026-03-10T14:35:15+00:00","og_image":[{"width":800,"height":800,"url":"https:\/\/huppashop-prod.s3.eu-north-1.amazonaws.com\/wp-content\/uploads\/sites\/5\/2025\/11\/24173400\/3167BS14-935-BOGGIE_front.png","type":"image\/png"}],"twitter_card":"summary_large_image","schema":{"@context":"https:\/\/schema.org","@graph":[{"@type":"WebPage","@id":"https:\/\/shop.huppa.eu\/lt\/product\/berniuku-kombinezonas-boggie\/","url":"https:\/\/shop.huppa.eu\/lt\/product\/berniuku-kombinezonas-boggie\/","name":"Berniuk\u0173 kombinezonas BOGGIE - Huppa LT","isPartOf":{"@id":"https:\/\/shop.huppa.eu\/lt\/#website"},"primaryImageOfPage":{"@id":"https:\/\/shop.huppa.eu\/lt\/product\/berniuku-kombinezonas-boggie\/#primaryimage"},"image":{"@id":"https:\/\/shop.huppa.eu\/lt\/product\/berniuku-kombinezonas-boggie\/#primaryimage"},"thumbnailUrl":"https:\/\/huppashop-prod.s3.eu-north-1.amazonaws.com\/wp-content\/uploads\/sites\/5\/2025\/11\/24173400\/3167BS14-935-BOGGIE_front.png","datePublished":"2026-02-07T05:02:56+00:00","dateModified":"2026-03-10T14:35:15+00:00","breadcrumb":{"@id":"https:\/\/shop.huppa.eu\/lt\/product\/berniuku-kombinezonas-boggie\/#breadcrumb"},"inLanguage":"lt-LT","potentialAction":[{"@type":"ReadAction","target":["https:\/\/shop.huppa.eu\/lt\/product\/berniuku-kombinezonas-boggie\/"]}]},{"@type":"ImageObject","inLanguage":"lt-LT","@id":"https:\/\/shop.huppa.eu\/lt\/product\/berniuku-kombinezonas-boggie\/#primaryimage","url":"https:\/\/huppashop-prod.s3.eu-north-1.amazonaws.com\/wp-content\/uploads\/sites\/5\/2025\/11\/24173400\/3167BS14-935-BOGGIE_front.png","contentUrl":"https:\/\/huppashop-prod.s3.eu-north-1.amazonaws.com\/wp-content\/uploads\/sites\/5\/2025\/11\/24173400\/3167BS14-935-BOGGIE_front.png","width":800,"height":800},{"@type":"BreadcrumbList","@id":"https:\/\/shop.huppa.eu\/lt\/product\/berniuku-kombinezonas-boggie\/#breadcrumb","itemListElement":[{"@type":"ListItem","position":1,"name":"Shop","item":"https:\/\/shop.huppa.eu\/lt\/shop\/"},{"@type":"ListItem","position":2,"name":"Berniuk\u0173 kombinezonas BOGGIE"}]},{"@type":"WebSite","@id":"https:\/\/shop.huppa.eu\/lt\/#website","url":"https:\/\/shop.huppa.eu\/lt\/","name":"Huppa LT","description":"Huppa LT","potentialAction":[{"@type":"SearchAction","target":{"@type":"EntryPoint","urlTemplate":"https:\/\/shop.huppa.eu\/lt\/?s={search_term_string}"},"query-input":{"@type":"PropertyValueSpecification","valueRequired":true,"valueName":"search_term_string"}}],"inLanguage":"lt-LT"}]}},"_links":{"self":[{"href":"https:\/\/shop.huppa.eu\/lt\/wp-json\/wp\/v2\/product\/525231","targetHints":{"allow":["GET"]}}],"collection":[{"href":"https:\/\/shop.huppa.eu\/lt\/wp-json\/wp\/v2\/product"}],"about":[{"href":"https:\/\/shop.huppa.eu\/lt\/wp-json\/wp\/v2\/types\/product"}],"wp:featuredmedia":[{"embeddable":true,"href":"https:\/\/shop.huppa.eu\/lt\/wp-json\/wp\/v2\/media\/519427"}],"wp:attachment":[{"href":"https:\/\/shop.huppa.eu\/lt\/wp-json\/wp\/v2\/media?parent=525231"}],"wp:term":[{"taxonomy":"product_brand","embeddable":true,"href":"https:\/\/shop.huppa.eu\/lt\/wp-json\/wp\/v2\/product_brand?post=525231"},{"taxonomy":"product_cat","embeddable":true,"href":"https:\/\/shop.huppa.eu\/lt\/wp-json\/wp\/v2\/product_cat?post=525231"},{"taxonomy":"product_tag","embeddable":true,"href":"https:\/\/shop.huppa.eu\/lt\/wp-json\/wp\/v2\/product_tag?post=525231"}],"curies":[{"name":"wp","href":"https:\/\/api.w.org\/{rel}","templated":true}]}}