{"id":525498,"date":"2026-02-18T08:06:34","date_gmt":"2026-02-18T06:06:34","guid":{"rendered":"https:\/\/shop.huppa.eu\/lt\/product\/adults-hat-okko\/"},"modified":"2026-04-09T06:59:02","modified_gmt":"2026-04-09T04:59:02","slug":"adults-hat-okko","status":"publish","type":"product","link":"https:\/\/shop.huppa.eu\/lt\/product\/adults-hat-okko\/","title":{"rendered":"Adults\u00b4 hat OKKO"},"content":{"rendered":"<p>Pavasario-rudens kepur\u0117 suaugusiesiems i\u0161 merino vilnos ir bambuko. Mink\u0161tas merino vilnos i\u0161orinis sluoksnis, viduje\u00a0\u2013 odai draugi\u0161kas bambukas. Med\u017eiaga sugeria dr\u0117gm\u0119 ir \u0161ildo arba v\u0117sina, priklausomai nuo k\u016bno temperat\u016bros. Tinka jautriai odai. \u201eHuppa\u201c \u0161vies\u0105 atspindintis logotipas ant i\u0161orinio audinio saugumui u\u017etikrinti.<\/p>\n","protected":false},"excerpt":{"rendered":"<p>Pavasario-rudens kepur\u0117 suaugusiesiems i\u0161 merino vilnos ir bambuko. Mink\u0161tas merino vilnos i\u0161orinis sluoksnis, viduje\u00a0\u2013 odai draugi\u0161kas bambukas. Med\u017eiaga sugeria dr\u0117gm\u0119 ir \u0161ildo arba v\u0117sina, priklausomai nuo k\u016bno temperat\u016bros. Tinka jautriai odai. \u201eHuppa\u201c \u0161vies\u0105 atspindintis logotipas ant i\u0161orinio audinio saugumui u\u017etikrinti.<\/p>\n","protected":false},"featured_media":509840,"template":"","meta":{"_acf_changed":false},"product_brand":[],"product_cat":[5695,5697,1779,1783,3323,1774,1775,18,128,415,17],"product_tag":[],"class_list":{"0":"post-525498","1":"product","2":"type-product","3":"status-publish","4":"has-post-thumbnail","6":"product_cat-accessories","7":"product_cat-kepures-accessories","8":"product_cat-kepureles-moterys","9":"product_cat-kepureles-unisex","10":"product_cat-kepures","11":"product_cat-kepureles-2","12":"product_cat-kepureles-vyrai","13":"product_cat-moterys","14":"product_cat-suaugusieji","15":"product_cat-unisex","16":"product_cat-vyrai","17":"pa_amzius-suaugusieji","18":"pa_atsparumas-vandeniui-mm","19":"pa_dydis-m","20":"pa_dydis-l","21":"pa_kolekcija-nr-sa2025","22":"pa_kolekcijos-dalis-accessories","23":"pa_lytis-unisex","24":"pa_oro-pralaidumas-g-m-24h","25":"pa_prekes-artikulas-88588000-00018","26":"pa_rastuota-vienspalvis","27":"pa_sezonas-semi-season","29":"first","30":"instock","31":"sale","32":"taxable","33":"shipping-taxable","34":"purchasable","35":"product-type-variable"},"acf":[],"yoast_head":"<!-- This site is optimized with the Yoast SEO plugin v26.8 - https:\/\/yoast.com\/product\/yoast-seo-wordpress\/ -->\n<title>Adults\u00b4 hat OKKO - Huppa LT<\/title>\n<meta name=\"robots\" content=\"index, follow, max-snippet:-1, max-image-preview:large, max-video-preview:-1\" \/>\n<link rel=\"canonical\" href=\"https:\/\/shop.huppa.eu\/lt\/product\/adults-hat-okko\/\" \/>\n<meta property=\"og:locale\" content=\"lt_LT\" \/>\n<meta property=\"og:type\" content=\"article\" \/>\n<meta property=\"og:title\" content=\"Adults\u00b4 hat OKKO - Huppa LT\" \/>\n<meta property=\"og:description\" content=\"Pavasario-rudens kepur\u0117 suaugusiesiems i\u0161 merino vilnos ir bambuko. Mink\u0161tas merino vilnos i\u0161orinis sluoksnis, viduje\u00a0\u2013 odai draugi\u0161kas bambukas. Med\u017eiaga sugeria dr\u0117gm\u0119 ir \u0161ildo arba v\u0117sina, priklausomai nuo k\u016bno temperat\u016bros. Tinka jautriai odai. \u201eHuppa\u201c \u0161vies\u0105 atspindintis logotipas ant i\u0161orinio audinio saugumui u\u017etikrinti.\" \/>\n<meta property=\"og:url\" content=\"https:\/\/shop.huppa.eu\/lt\/product\/adults-hat-okko\/\" \/>\n<meta property=\"og:site_name\" content=\"Huppa LT\" \/>\n<meta property=\"article:modified_time\" content=\"2026-04-09T04:59:02+00:00\" \/>\n<meta property=\"og:image\" content=\"https:\/\/huppashop-prod.s3.eu-north-1.amazonaws.com\/wp-content\/uploads\/sites\/5\/2025\/02\/27032504\/88580000-00018-OKKO_f.jpg\" \/>\n\t<meta property=\"og:image:width\" content=\"1200\" \/>\n\t<meta property=\"og:image:height\" content=\"1200\" \/>\n\t<meta property=\"og:image:type\" content=\"image\/jpeg\" \/>\n<meta name=\"twitter:card\" content=\"summary_large_image\" \/>\n<script type=\"application\/ld+json\" class=\"yoast-schema-graph\">{\"@context\":\"https:\/\/schema.org\",\"@graph\":[{\"@type\":\"WebPage\",\"@id\":\"https:\/\/shop.huppa.eu\/lt\/product\/adults-hat-okko\/\",\"url\":\"https:\/\/shop.huppa.eu\/lt\/product\/adults-hat-okko\/\",\"name\":\"Adults\u00b4 hat OKKO - Huppa LT\",\"isPartOf\":{\"@id\":\"https:\/\/shop.huppa.eu\/lt\/#website\"},\"primaryImageOfPage\":{\"@id\":\"https:\/\/shop.huppa.eu\/lt\/product\/adults-hat-okko\/#primaryimage\"},\"image\":{\"@id\":\"https:\/\/shop.huppa.eu\/lt\/product\/adults-hat-okko\/#primaryimage\"},\"thumbnailUrl\":\"https:\/\/huppashop-prod.s3.eu-north-1.amazonaws.com\/wp-content\/uploads\/sites\/5\/2025\/02\/27032504\/88580000-00018-OKKO_f.jpg\",\"datePublished\":\"2026-02-18T06:06:34+00:00\",\"dateModified\":\"2026-04-09T04:59:02+00:00\",\"breadcrumb\":{\"@id\":\"https:\/\/shop.huppa.eu\/lt\/product\/adults-hat-okko\/#breadcrumb\"},\"inLanguage\":\"lt-LT\",\"potentialAction\":[{\"@type\":\"ReadAction\",\"target\":[\"https:\/\/shop.huppa.eu\/lt\/product\/adults-hat-okko\/\"]}]},{\"@type\":\"ImageObject\",\"inLanguage\":\"lt-LT\",\"@id\":\"https:\/\/shop.huppa.eu\/lt\/product\/adults-hat-okko\/#primaryimage\",\"url\":\"https:\/\/huppashop-prod.s3.eu-north-1.amazonaws.com\/wp-content\/uploads\/sites\/5\/2025\/02\/27032504\/88580000-00018-OKKO_f.jpg\",\"contentUrl\":\"https:\/\/huppashop-prod.s3.eu-north-1.amazonaws.com\/wp-content\/uploads\/sites\/5\/2025\/02\/27032504\/88580000-00018-OKKO_f.jpg\",\"width\":1200,\"height\":1200},{\"@type\":\"BreadcrumbList\",\"@id\":\"https:\/\/shop.huppa.eu\/lt\/product\/adults-hat-okko\/#breadcrumb\",\"itemListElement\":[{\"@type\":\"ListItem\",\"position\":1,\"name\":\"Shop\",\"item\":\"https:\/\/shop.huppa.eu\/lt\/shop\/\"},{\"@type\":\"ListItem\",\"position\":2,\"name\":\"Adults\u00b4 hat OKKO\"}]},{\"@type\":\"WebSite\",\"@id\":\"https:\/\/shop.huppa.eu\/lt\/#website\",\"url\":\"https:\/\/shop.huppa.eu\/lt\/\",\"name\":\"Huppa LT\",\"description\":\"Huppa LT\",\"potentialAction\":[{\"@type\":\"SearchAction\",\"target\":{\"@type\":\"EntryPoint\",\"urlTemplate\":\"https:\/\/shop.huppa.eu\/lt\/?s={search_term_string}\"},\"query-input\":{\"@type\":\"PropertyValueSpecification\",\"valueRequired\":true,\"valueName\":\"search_term_string\"}}],\"inLanguage\":\"lt-LT\"}]}<\/script>\n<!-- \/ Yoast SEO plugin. -->","yoast_head_json":{"title":"Adults\u00b4 hat OKKO - Huppa LT","robots":{"index":"index","follow":"follow","max-snippet":"max-snippet:-1","max-image-preview":"max-image-preview:large","max-video-preview":"max-video-preview:-1"},"canonical":"https:\/\/shop.huppa.eu\/lt\/product\/adults-hat-okko\/","og_locale":"lt_LT","og_type":"article","og_title":"Adults\u00b4 hat OKKO - Huppa LT","og_description":"Pavasario-rudens kepur\u0117 suaugusiesiems i\u0161 merino vilnos ir bambuko. Mink\u0161tas merino vilnos i\u0161orinis sluoksnis, viduje\u00a0\u2013 odai draugi\u0161kas bambukas. Med\u017eiaga sugeria dr\u0117gm\u0119 ir \u0161ildo arba v\u0117sina, priklausomai nuo k\u016bno temperat\u016bros. Tinka jautriai odai. \u201eHuppa\u201c \u0161vies\u0105 atspindintis logotipas ant i\u0161orinio audinio saugumui u\u017etikrinti.","og_url":"https:\/\/shop.huppa.eu\/lt\/product\/adults-hat-okko\/","og_site_name":"Huppa LT","article_modified_time":"2026-04-09T04:59:02+00:00","og_image":[{"width":1200,"height":1200,"url":"https:\/\/huppashop-prod.s3.eu-north-1.amazonaws.com\/wp-content\/uploads\/sites\/5\/2025\/02\/27032504\/88580000-00018-OKKO_f.jpg","type":"image\/jpeg"}],"twitter_card":"summary_large_image","schema":{"@context":"https:\/\/schema.org","@graph":[{"@type":"WebPage","@id":"https:\/\/shop.huppa.eu\/lt\/product\/adults-hat-okko\/","url":"https:\/\/shop.huppa.eu\/lt\/product\/adults-hat-okko\/","name":"Adults\u00b4 hat OKKO - Huppa LT","isPartOf":{"@id":"https:\/\/shop.huppa.eu\/lt\/#website"},"primaryImageOfPage":{"@id":"https:\/\/shop.huppa.eu\/lt\/product\/adults-hat-okko\/#primaryimage"},"image":{"@id":"https:\/\/shop.huppa.eu\/lt\/product\/adults-hat-okko\/#primaryimage"},"thumbnailUrl":"https:\/\/huppashop-prod.s3.eu-north-1.amazonaws.com\/wp-content\/uploads\/sites\/5\/2025\/02\/27032504\/88580000-00018-OKKO_f.jpg","datePublished":"2026-02-18T06:06:34+00:00","dateModified":"2026-04-09T04:59:02+00:00","breadcrumb":{"@id":"https:\/\/shop.huppa.eu\/lt\/product\/adults-hat-okko\/#breadcrumb"},"inLanguage":"lt-LT","potentialAction":[{"@type":"ReadAction","target":["https:\/\/shop.huppa.eu\/lt\/product\/adults-hat-okko\/"]}]},{"@type":"ImageObject","inLanguage":"lt-LT","@id":"https:\/\/shop.huppa.eu\/lt\/product\/adults-hat-okko\/#primaryimage","url":"https:\/\/huppashop-prod.s3.eu-north-1.amazonaws.com\/wp-content\/uploads\/sites\/5\/2025\/02\/27032504\/88580000-00018-OKKO_f.jpg","contentUrl":"https:\/\/huppashop-prod.s3.eu-north-1.amazonaws.com\/wp-content\/uploads\/sites\/5\/2025\/02\/27032504\/88580000-00018-OKKO_f.jpg","width":1200,"height":1200},{"@type":"BreadcrumbList","@id":"https:\/\/shop.huppa.eu\/lt\/product\/adults-hat-okko\/#breadcrumb","itemListElement":[{"@type":"ListItem","position":1,"name":"Shop","item":"https:\/\/shop.huppa.eu\/lt\/shop\/"},{"@type":"ListItem","position":2,"name":"Adults\u00b4 hat OKKO"}]},{"@type":"WebSite","@id":"https:\/\/shop.huppa.eu\/lt\/#website","url":"https:\/\/shop.huppa.eu\/lt\/","name":"Huppa LT","description":"Huppa LT","potentialAction":[{"@type":"SearchAction","target":{"@type":"EntryPoint","urlTemplate":"https:\/\/shop.huppa.eu\/lt\/?s={search_term_string}"},"query-input":{"@type":"PropertyValueSpecification","valueRequired":true,"valueName":"search_term_string"}}],"inLanguage":"lt-LT"}]}},"_links":{"self":[{"href":"https:\/\/shop.huppa.eu\/lt\/wp-json\/wp\/v2\/product\/525498","targetHints":{"allow":["GET"]}}],"collection":[{"href":"https:\/\/shop.huppa.eu\/lt\/wp-json\/wp\/v2\/product"}],"about":[{"href":"https:\/\/shop.huppa.eu\/lt\/wp-json\/wp\/v2\/types\/product"}],"wp:featuredmedia":[{"embeddable":true,"href":"https:\/\/shop.huppa.eu\/lt\/wp-json\/wp\/v2\/media\/509840"}],"wp:attachment":[{"href":"https:\/\/shop.huppa.eu\/lt\/wp-json\/wp\/v2\/media?parent=525498"}],"wp:term":[{"taxonomy":"product_brand","embeddable":true,"href":"https:\/\/shop.huppa.eu\/lt\/wp-json\/wp\/v2\/product_brand?post=525498"},{"taxonomy":"product_cat","embeddable":true,"href":"https:\/\/shop.huppa.eu\/lt\/wp-json\/wp\/v2\/product_cat?post=525498"},{"taxonomy":"product_tag","embeddable":true,"href":"https:\/\/shop.huppa.eu\/lt\/wp-json\/wp\/v2\/product_tag?post=525498"}],"curies":[{"name":"wp","href":"https:\/\/api.w.org\/{rel}","templated":true}]}}