{"id":525651,"date":"2026-02-19T06:55:01","date_gmt":"2026-02-19T04:55:01","guid":{"rendered":"https:\/\/shop.huppa.eu\/lt\/product\/jone-80g-3\/"},"modified":"2026-04-09T05:51:08","modified_gmt":"2026-04-09T03:51:08","slug":"jone-80g-3","status":"publish","type":"product","link":"https:\/\/shop.huppa.eu\/lt\/product\/jone-80g-3\/","title":{"rendered":"Vaiki\u0161ka striuk\u0117 JONE (80g)"},"content":{"rendered":"<p>Vaiki\u0161ka vandeniui ir v\u0117jui atspari pavasario-rudens striuk\u0117 su 80 g pa\u0161iltinimu. Striuk\u0117 turi membran\u0105, tad u\u017etikrin\u0105 ger\u0105 audinio kv\u0117pavim\u0105, kad vaikui neb\u016bt\u0173 nei per \u0161ilt\u0105 nei per \u0161alt\u0105. Gumin\u0117 juosta gobtuvo kra\u0161te. Nuimamas gobtuvas prie apykakl\u0117s tvirtinamas spaud\u0117mis. Galimyb\u0117 reguliuoti striuk\u0117s laisvum\u0105 apa\u010dioje. Ki\u0161en\u0117s su u\u017etrauktukais. \u0160vies\u0105 atspindin\u010dios detal\u0117s ant vir\u0161utinio audinio suteikian\u010dios saugumo tamsiuoju paros metu.<\/p>\n","protected":false},"excerpt":{"rendered":"<p>Vaiki\u0161ka vandeniui ir v\u0117jui atspari pavasario-rudens striuk\u0117 su 80 g pa\u0161iltinimu. Striuk\u0117 turi membran\u0105, tad u\u017etikrin\u0105 ger\u0105 audinio kv\u0117pavim\u0105, kad vaikui neb\u016bt\u0173 nei per \u0161ilt\u0105 nei per \u0161alt\u0105. Gumin\u0117 juosta gobtuvo kra\u0161te. Nuimamas gobtuvas prie apykakl\u0117s tvirtinamas spaud\u0117mis. Galimyb\u0117 reguliuoti striuk\u0117s laisvum\u0105 apa\u010dioje. Ki\u0161en\u0117s su u\u017etrauktukais. \u0160vies\u0105 atspindin\u010dios detal\u0117s ant vir\u0161utinio audinio suteikian\u010dios saugumo tamsiuoju [&hellip;]<\/p>\n","protected":false},"featured_media":525665,"template":"","meta":{"_acf_changed":false},"product_brand":[],"product_cat":[102,89,103,88,19],"product_tag":[],"class_list":{"0":"post-525651","1":"product","2":"type-product","3":"status-publish","4":"has-post-thumbnail","6":"product_cat-mergaiciu","7":"product_cat-striukes-2","8":"product_cat-striukes-mergaiciu","9":"product_cat-striukes","10":"product_cat-vaikai","11":"pa_amzius-vaikai","12":"pa_atsparumas-vandeniui-10000mm","13":"pa_dydis-105","14":"pa_dydis-79","15":"pa_dydis-93","16":"pa_dydis-96","17":"pa_dydis-97","18":"pa_dydis-98","19":"pa_dydis-99","20":"pa_dydis-100","21":"pa_dydis-101","22":"pa_dydis-142","23":"pa_dydis-410","24":"pa_dydis-411","25":"pa_dydis-412","26":"pa_izoliacijos-svoris-80g","27":"pa_kolekcija-nr-sa2026","28":"pa_kolekcijos-dalis-jackets","29":"pa_lytis-mergaiciu","30":"pa_oro-pralaidumas-10000g-m-24h","31":"pa_prekes-artikulas-18820008-61734","32":"pa_rastuota-rastuota-spalva","33":"pa_sezonas-pavaris-ruduo","34":"pa_uzpildas-80g","36":"first","37":"instock","38":"taxable","39":"shipping-taxable","40":"purchasable","41":"product-type-variable"},"acf":[],"yoast_head":"<!-- This site is optimized with the Yoast SEO plugin v26.8 - https:\/\/yoast.com\/product\/yoast-seo-wordpress\/ -->\n<title>Vaiki\u0161ka striuk\u0117 JONE (80g) - Huppa LT<\/title>\n<meta name=\"robots\" content=\"index, follow, max-snippet:-1, max-image-preview:large, max-video-preview:-1\" \/>\n<link rel=\"canonical\" href=\"https:\/\/shop.huppa.eu\/lt\/product\/jone-80g-3\/\" \/>\n<meta property=\"og:locale\" content=\"lt_LT\" \/>\n<meta property=\"og:type\" content=\"article\" \/>\n<meta property=\"og:title\" content=\"Vaiki\u0161ka striuk\u0117 JONE (80g) - Huppa LT\" \/>\n<meta property=\"og:description\" content=\"Vaiki\u0161ka vandeniui ir v\u0117jui atspari pavasario-rudens striuk\u0117 su 80 g pa\u0161iltinimu. Striuk\u0117 turi membran\u0105, tad u\u017etikrin\u0105 ger\u0105 audinio kv\u0117pavim\u0105, kad vaikui neb\u016bt\u0173 nei per \u0161ilt\u0105 nei per \u0161alt\u0105. Gumin\u0117 juosta gobtuvo kra\u0161te. Nuimamas gobtuvas prie apykakl\u0117s tvirtinamas spaud\u0117mis. Galimyb\u0117 reguliuoti striuk\u0117s laisvum\u0105 apa\u010dioje. Ki\u0161en\u0117s su u\u017etrauktukais. \u0160vies\u0105 atspindin\u010dios detal\u0117s ant vir\u0161utinio audinio suteikian\u010dios saugumo tamsiuoju [&hellip;]\" \/>\n<meta property=\"og:url\" content=\"https:\/\/shop.huppa.eu\/lt\/product\/jone-80g-3\/\" \/>\n<meta property=\"og:site_name\" content=\"Huppa LT\" \/>\n<meta property=\"article:modified_time\" content=\"2026-04-09T03:51:08+00:00\" \/>\n<meta property=\"og:image\" content=\"https:\/\/huppashop-prod.s3.eu-north-1.amazonaws.com\/wp-content\/uploads\/sites\/5\/2026\/02\/19065506\/18820008-61734-JONE_kids_f.jpg\" \/>\n\t<meta property=\"og:image:width\" content=\"1200\" \/>\n\t<meta property=\"og:image:height\" content=\"1200\" \/>\n\t<meta property=\"og:image:type\" content=\"image\/jpeg\" \/>\n<meta name=\"twitter:card\" content=\"summary_large_image\" \/>\n<script type=\"application\/ld+json\" class=\"yoast-schema-graph\">{\"@context\":\"https:\/\/schema.org\",\"@graph\":[{\"@type\":\"WebPage\",\"@id\":\"https:\/\/shop.huppa.eu\/lt\/product\/jone-80g-3\/\",\"url\":\"https:\/\/shop.huppa.eu\/lt\/product\/jone-80g-3\/\",\"name\":\"Vaiki\u0161ka striuk\u0117 JONE (80g) - Huppa LT\",\"isPartOf\":{\"@id\":\"https:\/\/shop.huppa.eu\/lt\/#website\"},\"primaryImageOfPage\":{\"@id\":\"https:\/\/shop.huppa.eu\/lt\/product\/jone-80g-3\/#primaryimage\"},\"image\":{\"@id\":\"https:\/\/shop.huppa.eu\/lt\/product\/jone-80g-3\/#primaryimage\"},\"thumbnailUrl\":\"https:\/\/huppashop-prod.s3.eu-north-1.amazonaws.com\/wp-content\/uploads\/sites\/5\/2026\/02\/19065506\/18820008-61734-JONE_kids_f.jpg\",\"datePublished\":\"2026-02-19T04:55:01+00:00\",\"dateModified\":\"2026-04-09T03:51:08+00:00\",\"breadcrumb\":{\"@id\":\"https:\/\/shop.huppa.eu\/lt\/product\/jone-80g-3\/#breadcrumb\"},\"inLanguage\":\"lt-LT\",\"potentialAction\":[{\"@type\":\"ReadAction\",\"target\":[\"https:\/\/shop.huppa.eu\/lt\/product\/jone-80g-3\/\"]}]},{\"@type\":\"ImageObject\",\"inLanguage\":\"lt-LT\",\"@id\":\"https:\/\/shop.huppa.eu\/lt\/product\/jone-80g-3\/#primaryimage\",\"url\":\"https:\/\/huppashop-prod.s3.eu-north-1.amazonaws.com\/wp-content\/uploads\/sites\/5\/2026\/02\/19065506\/18820008-61734-JONE_kids_f.jpg\",\"contentUrl\":\"https:\/\/huppashop-prod.s3.eu-north-1.amazonaws.com\/wp-content\/uploads\/sites\/5\/2026\/02\/19065506\/18820008-61734-JONE_kids_f.jpg\",\"width\":1200,\"height\":1200},{\"@type\":\"BreadcrumbList\",\"@id\":\"https:\/\/shop.huppa.eu\/lt\/product\/jone-80g-3\/#breadcrumb\",\"itemListElement\":[{\"@type\":\"ListItem\",\"position\":1,\"name\":\"Shop\",\"item\":\"https:\/\/shop.huppa.eu\/lt\/shop\/\"},{\"@type\":\"ListItem\",\"position\":2,\"name\":\"Vaiki\u0161ka striuk\u0117 JONE (80g)\"}]},{\"@type\":\"WebSite\",\"@id\":\"https:\/\/shop.huppa.eu\/lt\/#website\",\"url\":\"https:\/\/shop.huppa.eu\/lt\/\",\"name\":\"Huppa LT\",\"description\":\"Huppa LT\",\"potentialAction\":[{\"@type\":\"SearchAction\",\"target\":{\"@type\":\"EntryPoint\",\"urlTemplate\":\"https:\/\/shop.huppa.eu\/lt\/?s={search_term_string}\"},\"query-input\":{\"@type\":\"PropertyValueSpecification\",\"valueRequired\":true,\"valueName\":\"search_term_string\"}}],\"inLanguage\":\"lt-LT\"}]}<\/script>\n<!-- \/ Yoast SEO plugin. -->","yoast_head_json":{"title":"Vaiki\u0161ka striuk\u0117 JONE (80g) - Huppa LT","robots":{"index":"index","follow":"follow","max-snippet":"max-snippet:-1","max-image-preview":"max-image-preview:large","max-video-preview":"max-video-preview:-1"},"canonical":"https:\/\/shop.huppa.eu\/lt\/product\/jone-80g-3\/","og_locale":"lt_LT","og_type":"article","og_title":"Vaiki\u0161ka striuk\u0117 JONE (80g) - Huppa LT","og_description":"Vaiki\u0161ka vandeniui ir v\u0117jui atspari pavasario-rudens striuk\u0117 su 80 g pa\u0161iltinimu. Striuk\u0117 turi membran\u0105, tad u\u017etikrin\u0105 ger\u0105 audinio kv\u0117pavim\u0105, kad vaikui neb\u016bt\u0173 nei per \u0161ilt\u0105 nei per \u0161alt\u0105. Gumin\u0117 juosta gobtuvo kra\u0161te. Nuimamas gobtuvas prie apykakl\u0117s tvirtinamas spaud\u0117mis. Galimyb\u0117 reguliuoti striuk\u0117s laisvum\u0105 apa\u010dioje. Ki\u0161en\u0117s su u\u017etrauktukais. \u0160vies\u0105 atspindin\u010dios detal\u0117s ant vir\u0161utinio audinio suteikian\u010dios saugumo tamsiuoju [&hellip;]","og_url":"https:\/\/shop.huppa.eu\/lt\/product\/jone-80g-3\/","og_site_name":"Huppa LT","article_modified_time":"2026-04-09T03:51:08+00:00","og_image":[{"width":1200,"height":1200,"url":"https:\/\/huppashop-prod.s3.eu-north-1.amazonaws.com\/wp-content\/uploads\/sites\/5\/2026\/02\/19065506\/18820008-61734-JONE_kids_f.jpg","type":"image\/jpeg"}],"twitter_card":"summary_large_image","schema":{"@context":"https:\/\/schema.org","@graph":[{"@type":"WebPage","@id":"https:\/\/shop.huppa.eu\/lt\/product\/jone-80g-3\/","url":"https:\/\/shop.huppa.eu\/lt\/product\/jone-80g-3\/","name":"Vaiki\u0161ka striuk\u0117 JONE (80g) - Huppa LT","isPartOf":{"@id":"https:\/\/shop.huppa.eu\/lt\/#website"},"primaryImageOfPage":{"@id":"https:\/\/shop.huppa.eu\/lt\/product\/jone-80g-3\/#primaryimage"},"image":{"@id":"https:\/\/shop.huppa.eu\/lt\/product\/jone-80g-3\/#primaryimage"},"thumbnailUrl":"https:\/\/huppashop-prod.s3.eu-north-1.amazonaws.com\/wp-content\/uploads\/sites\/5\/2026\/02\/19065506\/18820008-61734-JONE_kids_f.jpg","datePublished":"2026-02-19T04:55:01+00:00","dateModified":"2026-04-09T03:51:08+00:00","breadcrumb":{"@id":"https:\/\/shop.huppa.eu\/lt\/product\/jone-80g-3\/#breadcrumb"},"inLanguage":"lt-LT","potentialAction":[{"@type":"ReadAction","target":["https:\/\/shop.huppa.eu\/lt\/product\/jone-80g-3\/"]}]},{"@type":"ImageObject","inLanguage":"lt-LT","@id":"https:\/\/shop.huppa.eu\/lt\/product\/jone-80g-3\/#primaryimage","url":"https:\/\/huppashop-prod.s3.eu-north-1.amazonaws.com\/wp-content\/uploads\/sites\/5\/2026\/02\/19065506\/18820008-61734-JONE_kids_f.jpg","contentUrl":"https:\/\/huppashop-prod.s3.eu-north-1.amazonaws.com\/wp-content\/uploads\/sites\/5\/2026\/02\/19065506\/18820008-61734-JONE_kids_f.jpg","width":1200,"height":1200},{"@type":"BreadcrumbList","@id":"https:\/\/shop.huppa.eu\/lt\/product\/jone-80g-3\/#breadcrumb","itemListElement":[{"@type":"ListItem","position":1,"name":"Shop","item":"https:\/\/shop.huppa.eu\/lt\/shop\/"},{"@type":"ListItem","position":2,"name":"Vaiki\u0161ka striuk\u0117 JONE (80g)"}]},{"@type":"WebSite","@id":"https:\/\/shop.huppa.eu\/lt\/#website","url":"https:\/\/shop.huppa.eu\/lt\/","name":"Huppa LT","description":"Huppa LT","potentialAction":[{"@type":"SearchAction","target":{"@type":"EntryPoint","urlTemplate":"https:\/\/shop.huppa.eu\/lt\/?s={search_term_string}"},"query-input":{"@type":"PropertyValueSpecification","valueRequired":true,"valueName":"search_term_string"}}],"inLanguage":"lt-LT"}]}},"_links":{"self":[{"href":"https:\/\/shop.huppa.eu\/lt\/wp-json\/wp\/v2\/product\/525651","targetHints":{"allow":["GET"]}}],"collection":[{"href":"https:\/\/shop.huppa.eu\/lt\/wp-json\/wp\/v2\/product"}],"about":[{"href":"https:\/\/shop.huppa.eu\/lt\/wp-json\/wp\/v2\/types\/product"}],"wp:featuredmedia":[{"embeddable":true,"href":"https:\/\/shop.huppa.eu\/lt\/wp-json\/wp\/v2\/media\/525665"}],"wp:attachment":[{"href":"https:\/\/shop.huppa.eu\/lt\/wp-json\/wp\/v2\/media?parent=525651"}],"wp:term":[{"taxonomy":"product_brand","embeddable":true,"href":"https:\/\/shop.huppa.eu\/lt\/wp-json\/wp\/v2\/product_brand?post=525651"},{"taxonomy":"product_cat","embeddable":true,"href":"https:\/\/shop.huppa.eu\/lt\/wp-json\/wp\/v2\/product_cat?post=525651"},{"taxonomy":"product_tag","embeddable":true,"href":"https:\/\/shop.huppa.eu\/lt\/wp-json\/wp\/v2\/product_tag?post=525651"}],"curies":[{"name":"wp","href":"https:\/\/api.w.org\/{rel}","templated":true}]}}