{"id":525842,"date":"2026-02-24T06:26:04","date_gmt":"2026-02-24T04:26:04","guid":{"rendered":"https:\/\/shop.huppa.eu\/lt\/product\/vyriskas-paltas-evar-0g\/"},"modified":"2026-05-02T05:29:07","modified_gmt":"2026-05-02T03:29:07","slug":"vyriskas-paltas-evar-0g","status":"publish","type":"product","link":"https:\/\/shop.huppa.eu\/lt\/product\/vyriskas-paltas-evar-0g\/","title":{"rendered":"Vyri\u0161kas paltas EVAR (0g)"},"content":{"rendered":"<p>Vyri\u0161kas vandeniui ir v\u0117jui atsparus paltas, tinkantis pavasariui ir rudeniui. Vir\u0161utinis audinys yra matinis, tai suteikia eleganti\u0161kumo. Viduje pamu\u0161alas yra mink\u0161tas suteikiantis komforto. Reguliuojamas gobtuvas ir rankovi\u0173 rankogaliai. Vir\u0161utinis audinys dekoruotas \u0161vies\u0105 atspindin\u010diomis detal\u0117mis. Priekyje yra pasl\u0117ptos magnetin\u0117s spaud\u0117s.<\/p>\n","protected":false},"excerpt":{"rendered":"<p>Vyri\u0161kas vandeniui ir v\u0117jui atsparus paltas, tinkantis pavasariui ir rudeniui. Vir\u0161utinis audinys yra matinis, tai suteikia eleganti\u0161kumo. Viduje pamu\u0161alas yra mink\u0161tas suteikiantis komforto. Reguliuojamas gobtuvas ir rankovi\u0173 rankogaliai. Vir\u0161utinis audinys dekoruotas \u0161vies\u0105 atspindin\u010diomis detal\u0117mis. Priekyje yra pasl\u0117ptos magnetin\u0117s spaud\u0117s.<\/p>\n","protected":false},"featured_media":525847,"template":"","meta":{"_acf_changed":false},"product_brand":[],"product_cat":[129,231,116,128,17],"product_tag":[],"class_list":{"0":"post-525842","1":"product","2":"type-product","3":"status-publish","4":"has-post-thumbnail","6":"product_cat-paltai-suaugusieji","7":"product_cat-paltai-vyrai","8":"product_cat-paltai","9":"product_cat-suaugusieji","10":"product_cat-vyrai","11":"pa_amzius-suaugusieji","12":"pa_atsparumas-vandeniui-10000mm","13":"pa_dydis-xs","14":"pa_dydis-s","15":"pa_dydis-m","16":"pa_dydis-l","17":"pa_dydis-xl","18":"pa_dydis-xxl","19":"pa_dydis-3xl","20":"pa_izoliacijos-svoris-0g","21":"pa_kolekcija-nr-sa2026","22":"pa_kolekcijos-dalis-coats","23":"pa_lytis-vyrai","24":"pa_oro-pralaidumas-7000g-m-24h","25":"pa_prekes-artikulas-13018000-00009","26":"pa_rastuota-vienspalvis","27":"pa_sezonas-pavaris-ruduo","28":"pa_uzpildas-0g","30":"first","31":"instock","32":"taxable","33":"shipping-taxable","34":"purchasable","35":"product-type-variable"},"acf":[],"yoast_head":"<!-- This site is optimized with the Yoast SEO plugin v26.8 - https:\/\/yoast.com\/product\/yoast-seo-wordpress\/ -->\n<title>Vyri\u0161kas paltas EVAR (0g) - Huppa LT<\/title>\n<meta name=\"robots\" content=\"index, follow, max-snippet:-1, max-image-preview:large, max-video-preview:-1\" \/>\n<link rel=\"canonical\" href=\"https:\/\/shop.huppa.eu\/lt\/product\/vyriskas-paltas-evar-0g\/\" \/>\n<meta property=\"og:locale\" content=\"lt_LT\" \/>\n<meta property=\"og:type\" content=\"article\" \/>\n<meta property=\"og:title\" content=\"Vyri\u0161kas paltas EVAR (0g) - Huppa LT\" \/>\n<meta property=\"og:description\" content=\"Vyri\u0161kas vandeniui ir v\u0117jui atsparus paltas, tinkantis pavasariui ir rudeniui. Vir\u0161utinis audinys yra matinis, tai suteikia eleganti\u0161kumo. Viduje pamu\u0161alas yra mink\u0161tas suteikiantis komforto. Reguliuojamas gobtuvas ir rankovi\u0173 rankogaliai. Vir\u0161utinis audinys dekoruotas \u0161vies\u0105 atspindin\u010diomis detal\u0117mis. Priekyje yra pasl\u0117ptos magnetin\u0117s spaud\u0117s.\" \/>\n<meta property=\"og:url\" content=\"https:\/\/shop.huppa.eu\/lt\/product\/vyriskas-paltas-evar-0g\/\" \/>\n<meta property=\"og:site_name\" content=\"Huppa LT\" \/>\n<meta property=\"article:modified_time\" content=\"2026-05-02T03:29:07+00:00\" \/>\n<meta property=\"og:image\" content=\"https:\/\/huppashop-prod.s3.eu-north-1.amazonaws.com\/wp-content\/uploads\/sites\/5\/2026\/02\/24062606\/13018000-00009-EVAR_mw_f.jpg\" \/>\n\t<meta property=\"og:image:width\" content=\"1200\" \/>\n\t<meta property=\"og:image:height\" content=\"1200\" \/>\n\t<meta property=\"og:image:type\" content=\"image\/jpeg\" \/>\n<meta name=\"twitter:card\" content=\"summary_large_image\" \/>\n<script type=\"application\/ld+json\" class=\"yoast-schema-graph\">{\"@context\":\"https:\/\/schema.org\",\"@graph\":[{\"@type\":\"WebPage\",\"@id\":\"https:\/\/shop.huppa.eu\/lt\/product\/vyriskas-paltas-evar-0g\/\",\"url\":\"https:\/\/shop.huppa.eu\/lt\/product\/vyriskas-paltas-evar-0g\/\",\"name\":\"Vyri\u0161kas paltas EVAR (0g) - Huppa LT\",\"isPartOf\":{\"@id\":\"https:\/\/shop.huppa.eu\/lt\/#website\"},\"primaryImageOfPage\":{\"@id\":\"https:\/\/shop.huppa.eu\/lt\/product\/vyriskas-paltas-evar-0g\/#primaryimage\"},\"image\":{\"@id\":\"https:\/\/shop.huppa.eu\/lt\/product\/vyriskas-paltas-evar-0g\/#primaryimage\"},\"thumbnailUrl\":\"https:\/\/huppashop-prod.s3.eu-north-1.amazonaws.com\/wp-content\/uploads\/sites\/5\/2026\/02\/24062606\/13018000-00009-EVAR_mw_f.jpg\",\"datePublished\":\"2026-02-24T04:26:04+00:00\",\"dateModified\":\"2026-05-02T03:29:07+00:00\",\"breadcrumb\":{\"@id\":\"https:\/\/shop.huppa.eu\/lt\/product\/vyriskas-paltas-evar-0g\/#breadcrumb\"},\"inLanguage\":\"lt-LT\",\"potentialAction\":[{\"@type\":\"ReadAction\",\"target\":[\"https:\/\/shop.huppa.eu\/lt\/product\/vyriskas-paltas-evar-0g\/\"]}]},{\"@type\":\"ImageObject\",\"inLanguage\":\"lt-LT\",\"@id\":\"https:\/\/shop.huppa.eu\/lt\/product\/vyriskas-paltas-evar-0g\/#primaryimage\",\"url\":\"https:\/\/huppashop-prod.s3.eu-north-1.amazonaws.com\/wp-content\/uploads\/sites\/5\/2026\/02\/24062606\/13018000-00009-EVAR_mw_f.jpg\",\"contentUrl\":\"https:\/\/huppashop-prod.s3.eu-north-1.amazonaws.com\/wp-content\/uploads\/sites\/5\/2026\/02\/24062606\/13018000-00009-EVAR_mw_f.jpg\",\"width\":1200,\"height\":1200},{\"@type\":\"BreadcrumbList\",\"@id\":\"https:\/\/shop.huppa.eu\/lt\/product\/vyriskas-paltas-evar-0g\/#breadcrumb\",\"itemListElement\":[{\"@type\":\"ListItem\",\"position\":1,\"name\":\"Shop\",\"item\":\"https:\/\/shop.huppa.eu\/lt\/shop\/\"},{\"@type\":\"ListItem\",\"position\":2,\"name\":\"Vyri\u0161kas paltas EVAR (0g)\"}]},{\"@type\":\"WebSite\",\"@id\":\"https:\/\/shop.huppa.eu\/lt\/#website\",\"url\":\"https:\/\/shop.huppa.eu\/lt\/\",\"name\":\"Huppa LT\",\"description\":\"Huppa LT\",\"potentialAction\":[{\"@type\":\"SearchAction\",\"target\":{\"@type\":\"EntryPoint\",\"urlTemplate\":\"https:\/\/shop.huppa.eu\/lt\/?s={search_term_string}\"},\"query-input\":{\"@type\":\"PropertyValueSpecification\",\"valueRequired\":true,\"valueName\":\"search_term_string\"}}],\"inLanguage\":\"lt-LT\"}]}<\/script>\n<!-- \/ Yoast SEO plugin. -->","yoast_head_json":{"title":"Vyri\u0161kas paltas EVAR (0g) - Huppa LT","robots":{"index":"index","follow":"follow","max-snippet":"max-snippet:-1","max-image-preview":"max-image-preview:large","max-video-preview":"max-video-preview:-1"},"canonical":"https:\/\/shop.huppa.eu\/lt\/product\/vyriskas-paltas-evar-0g\/","og_locale":"lt_LT","og_type":"article","og_title":"Vyri\u0161kas paltas EVAR (0g) - Huppa LT","og_description":"Vyri\u0161kas vandeniui ir v\u0117jui atsparus paltas, tinkantis pavasariui ir rudeniui. Vir\u0161utinis audinys yra matinis, tai suteikia eleganti\u0161kumo. Viduje pamu\u0161alas yra mink\u0161tas suteikiantis komforto. Reguliuojamas gobtuvas ir rankovi\u0173 rankogaliai. Vir\u0161utinis audinys dekoruotas \u0161vies\u0105 atspindin\u010diomis detal\u0117mis. Priekyje yra pasl\u0117ptos magnetin\u0117s spaud\u0117s.","og_url":"https:\/\/shop.huppa.eu\/lt\/product\/vyriskas-paltas-evar-0g\/","og_site_name":"Huppa LT","article_modified_time":"2026-05-02T03:29:07+00:00","og_image":[{"width":1200,"height":1200,"url":"https:\/\/huppashop-prod.s3.eu-north-1.amazonaws.com\/wp-content\/uploads\/sites\/5\/2026\/02\/24062606\/13018000-00009-EVAR_mw_f.jpg","type":"image\/jpeg"}],"twitter_card":"summary_large_image","schema":{"@context":"https:\/\/schema.org","@graph":[{"@type":"WebPage","@id":"https:\/\/shop.huppa.eu\/lt\/product\/vyriskas-paltas-evar-0g\/","url":"https:\/\/shop.huppa.eu\/lt\/product\/vyriskas-paltas-evar-0g\/","name":"Vyri\u0161kas paltas EVAR (0g) - Huppa LT","isPartOf":{"@id":"https:\/\/shop.huppa.eu\/lt\/#website"},"primaryImageOfPage":{"@id":"https:\/\/shop.huppa.eu\/lt\/product\/vyriskas-paltas-evar-0g\/#primaryimage"},"image":{"@id":"https:\/\/shop.huppa.eu\/lt\/product\/vyriskas-paltas-evar-0g\/#primaryimage"},"thumbnailUrl":"https:\/\/huppashop-prod.s3.eu-north-1.amazonaws.com\/wp-content\/uploads\/sites\/5\/2026\/02\/24062606\/13018000-00009-EVAR_mw_f.jpg","datePublished":"2026-02-24T04:26:04+00:00","dateModified":"2026-05-02T03:29:07+00:00","breadcrumb":{"@id":"https:\/\/shop.huppa.eu\/lt\/product\/vyriskas-paltas-evar-0g\/#breadcrumb"},"inLanguage":"lt-LT","potentialAction":[{"@type":"ReadAction","target":["https:\/\/shop.huppa.eu\/lt\/product\/vyriskas-paltas-evar-0g\/"]}]},{"@type":"ImageObject","inLanguage":"lt-LT","@id":"https:\/\/shop.huppa.eu\/lt\/product\/vyriskas-paltas-evar-0g\/#primaryimage","url":"https:\/\/huppashop-prod.s3.eu-north-1.amazonaws.com\/wp-content\/uploads\/sites\/5\/2026\/02\/24062606\/13018000-00009-EVAR_mw_f.jpg","contentUrl":"https:\/\/huppashop-prod.s3.eu-north-1.amazonaws.com\/wp-content\/uploads\/sites\/5\/2026\/02\/24062606\/13018000-00009-EVAR_mw_f.jpg","width":1200,"height":1200},{"@type":"BreadcrumbList","@id":"https:\/\/shop.huppa.eu\/lt\/product\/vyriskas-paltas-evar-0g\/#breadcrumb","itemListElement":[{"@type":"ListItem","position":1,"name":"Shop","item":"https:\/\/shop.huppa.eu\/lt\/shop\/"},{"@type":"ListItem","position":2,"name":"Vyri\u0161kas paltas EVAR (0g)"}]},{"@type":"WebSite","@id":"https:\/\/shop.huppa.eu\/lt\/#website","url":"https:\/\/shop.huppa.eu\/lt\/","name":"Huppa LT","description":"Huppa LT","potentialAction":[{"@type":"SearchAction","target":{"@type":"EntryPoint","urlTemplate":"https:\/\/shop.huppa.eu\/lt\/?s={search_term_string}"},"query-input":{"@type":"PropertyValueSpecification","valueRequired":true,"valueName":"search_term_string"}}],"inLanguage":"lt-LT"}]}},"_links":{"self":[{"href":"https:\/\/shop.huppa.eu\/lt\/wp-json\/wp\/v2\/product\/525842","targetHints":{"allow":["GET"]}}],"collection":[{"href":"https:\/\/shop.huppa.eu\/lt\/wp-json\/wp\/v2\/product"}],"about":[{"href":"https:\/\/shop.huppa.eu\/lt\/wp-json\/wp\/v2\/types\/product"}],"wp:featuredmedia":[{"embeddable":true,"href":"https:\/\/shop.huppa.eu\/lt\/wp-json\/wp\/v2\/media\/525847"}],"wp:attachment":[{"href":"https:\/\/shop.huppa.eu\/lt\/wp-json\/wp\/v2\/media?parent=525842"}],"wp:term":[{"taxonomy":"product_brand","embeddable":true,"href":"https:\/\/shop.huppa.eu\/lt\/wp-json\/wp\/v2\/product_brand?post=525842"},{"taxonomy":"product_cat","embeddable":true,"href":"https:\/\/shop.huppa.eu\/lt\/wp-json\/wp\/v2\/product_cat?post=525842"},{"taxonomy":"product_tag","embeddable":true,"href":"https:\/\/shop.huppa.eu\/lt\/wp-json\/wp\/v2\/product_tag?post=525842"}],"curies":[{"name":"wp","href":"https:\/\/api.w.org\/{rel}","templated":true}]}}