{"id":526022,"date":"2026-03-03T06:02:50","date_gmt":"2026-03-03T04:02:50","guid":{"rendered":"https:\/\/shop.huppa.eu\/lt\/product\/berniuku-parka-david-smelio-70031-116-200g\/"},"modified":"2026-04-15T05:05:09","modified_gmt":"2026-04-15T03:05:09","slug":"berniuku-parka-david-smelio-70031-116-200g","status":"publish","type":"product","link":"https:\/\/shop.huppa.eu\/lt\/product\/berniuku-parka-david-smelio-70031-116-200g\/","title":{"rendered":"Berniuk\u0173 parka DAVID, sm\u0117lio 70031, 116 (200g)"},"content":{"rendered":"<p>Vaiki\u0161ka neper\u0161lampama ir neperpu\u010diama \u017eiemin\u0117 parka. Orui laidi i\u0161orin\u0117 med\u017eiaga. \u017diemin\u0117 striuk\u0117s pamu\u0161alas i\u0161 mink\u0161to audinio. Vir\u0161utin\u0117je nugaros dalyje ir vidin\u0117je gobtuvo pus\u0117je avies odos imitacijos pamu\u0161alas. Reguliuojamas gobtuvas. Rankovi\u0173 apa\u010dioje tamprus rankogalis. Rankovi\u0173 apa\u010dia reguliuojama. Priekyje kibia juostele dengtas dvipusis u\u017etrauktukas. Juosmenyje \u012fsi\u016bta gumin\u0117 juostel\u0117 su fiksatoriais. Vandeniui atsparios si\u016bl\u0117s. Gobtuvas apkra\u0161tuotas nuimamu dirbtiniu kailiu. Vir\u0161utinis audinys su \u0161vies\u0105 atspindin\u010diomis detal\u0117mis.<\/p>\n","protected":false},"excerpt":{"rendered":"<p>Vaiki\u0161ka neper\u0161lampama ir neperpu\u010diama \u017eiemin\u0117 parka. Orui laidi i\u0161orin\u0117 med\u017eiaga. \u017diemin\u0117 striuk\u0117s pamu\u0161alas i\u0161 mink\u0161to audinio. Vir\u0161utin\u0117je nugaros dalyje ir vidin\u0117je gobtuvo pus\u0117je avies odos imitacijos pamu\u0161alas. Reguliuojamas gobtuvas. Rankovi\u0173 apa\u010dioje tamprus rankogalis. Rankovi\u0173 apa\u010dia reguliuojama. Priekyje kibia juostele dengtas dvipusis u\u017etrauktukas. Juosmenyje \u012fsi\u016bta gumin\u0117 juostel\u0117 su fiksatoriais. Vandeniui atsparios si\u016bl\u0117s. Gobtuvas apkra\u0161tuotas nuimamu dirbtiniu [&hellip;]<\/p>\n","protected":false},"featured_media":516128,"template":"","meta":{"_acf_changed":false},"product_brand":[],"product_cat":[4559,90,331,3318,19],"product_tag":[],"class_list":{"0":"post-526022","1":"product","2":"type-product","3":"status-publish","4":"has-post-thumbnail","6":"product_cat-parka-berniuku","7":"product_cat-berniuku","8":"product_cat-parka","9":"product_cat-parka-vaikai","10":"product_cat-vaikai","11":"pa_amzius-vaikai","12":"pa_atsparumas-vandeniui-10-000mm","13":"pa_dydis-99","14":"pa_izoliacijos-svoris-200g","15":"pa_kolekcija-nr-w21-22","16":"pa_kolekcijos-dalis-fashion","17":"pa_lytis-berniuku","18":"pa_oro-pralaidumas-10-000g-m-24h","19":"pa_prekes-artikulas-12270020-70031","20":"pa_rastuota-vienspalvis","21":"pa_uzpildas-200g","23":"first","24":"instock","25":"sale","26":"taxable","27":"shipping-taxable","28":"purchasable","29":"product-type-variable"},"acf":[],"yoast_head":"<!-- This site is optimized with the Yoast SEO plugin v26.8 - https:\/\/yoast.com\/product\/yoast-seo-wordpress\/ -->\n<title>Berniuk\u0173 parka DAVID, sm\u0117lio 70031, 116 (200g) - Huppa LT<\/title>\n<meta name=\"robots\" content=\"index, follow, max-snippet:-1, max-image-preview:large, max-video-preview:-1\" \/>\n<link rel=\"canonical\" href=\"https:\/\/shop.huppa.eu\/lt\/product\/berniuku-parka-david-smelio-70031-116-200g\/\" \/>\n<meta property=\"og:locale\" content=\"lt_LT\" \/>\n<meta property=\"og:type\" content=\"article\" \/>\n<meta property=\"og:title\" content=\"Berniuk\u0173 parka DAVID, sm\u0117lio 70031, 116 (200g) - Huppa LT\" \/>\n<meta property=\"og:description\" content=\"Vaiki\u0161ka neper\u0161lampama ir neperpu\u010diama \u017eiemin\u0117 parka. Orui laidi i\u0161orin\u0117 med\u017eiaga. \u017diemin\u0117 striuk\u0117s pamu\u0161alas i\u0161 mink\u0161to audinio. Vir\u0161utin\u0117je nugaros dalyje ir vidin\u0117je gobtuvo pus\u0117je avies odos imitacijos pamu\u0161alas. Reguliuojamas gobtuvas. Rankovi\u0173 apa\u010dioje tamprus rankogalis. Rankovi\u0173 apa\u010dia reguliuojama. Priekyje kibia juostele dengtas dvipusis u\u017etrauktukas. Juosmenyje \u012fsi\u016bta gumin\u0117 juostel\u0117 su fiksatoriais. Vandeniui atsparios si\u016bl\u0117s. Gobtuvas apkra\u0161tuotas nuimamu dirbtiniu [&hellip;]\" \/>\n<meta property=\"og:url\" content=\"https:\/\/shop.huppa.eu\/lt\/product\/berniuku-parka-david-smelio-70031-116-200g\/\" \/>\n<meta property=\"og:site_name\" content=\"Huppa LT\" \/>\n<meta property=\"article:modified_time\" content=\"2026-04-15T03:05:09+00:00\" \/>\n<meta property=\"og:image\" content=\"https:\/\/huppashop-prod.s3.eu-north-1.amazonaws.com\/wp-content\/uploads\/sites\/5\/2025\/11\/24161627\/12270020-70031-DAVID_f.jpg\" \/>\n\t<meta property=\"og:image:width\" content=\"1200\" \/>\n\t<meta property=\"og:image:height\" content=\"1200\" \/>\n\t<meta property=\"og:image:type\" content=\"image\/jpeg\" \/>\n<meta name=\"twitter:card\" content=\"summary_large_image\" \/>\n<script type=\"application\/ld+json\" class=\"yoast-schema-graph\">{\"@context\":\"https:\/\/schema.org\",\"@graph\":[{\"@type\":\"WebPage\",\"@id\":\"https:\/\/shop.huppa.eu\/lt\/product\/berniuku-parka-david-smelio-70031-116-200g\/\",\"url\":\"https:\/\/shop.huppa.eu\/lt\/product\/berniuku-parka-david-smelio-70031-116-200g\/\",\"name\":\"Berniuk\u0173 parka DAVID, sm\u0117lio 70031, 116 (200g) - Huppa LT\",\"isPartOf\":{\"@id\":\"https:\/\/shop.huppa.eu\/lt\/#website\"},\"primaryImageOfPage\":{\"@id\":\"https:\/\/shop.huppa.eu\/lt\/product\/berniuku-parka-david-smelio-70031-116-200g\/#primaryimage\"},\"image\":{\"@id\":\"https:\/\/shop.huppa.eu\/lt\/product\/berniuku-parka-david-smelio-70031-116-200g\/#primaryimage\"},\"thumbnailUrl\":\"https:\/\/huppashop-prod.s3.eu-north-1.amazonaws.com\/wp-content\/uploads\/sites\/5\/2025\/11\/24161627\/12270020-70031-DAVID_f.jpg\",\"datePublished\":\"2026-03-03T04:02:50+00:00\",\"dateModified\":\"2026-04-15T03:05:09+00:00\",\"breadcrumb\":{\"@id\":\"https:\/\/shop.huppa.eu\/lt\/product\/berniuku-parka-david-smelio-70031-116-200g\/#breadcrumb\"},\"inLanguage\":\"lt-LT\",\"potentialAction\":[{\"@type\":\"ReadAction\",\"target\":[\"https:\/\/shop.huppa.eu\/lt\/product\/berniuku-parka-david-smelio-70031-116-200g\/\"]}]},{\"@type\":\"ImageObject\",\"inLanguage\":\"lt-LT\",\"@id\":\"https:\/\/shop.huppa.eu\/lt\/product\/berniuku-parka-david-smelio-70031-116-200g\/#primaryimage\",\"url\":\"https:\/\/huppashop-prod.s3.eu-north-1.amazonaws.com\/wp-content\/uploads\/sites\/5\/2025\/11\/24161627\/12270020-70031-DAVID_f.jpg\",\"contentUrl\":\"https:\/\/huppashop-prod.s3.eu-north-1.amazonaws.com\/wp-content\/uploads\/sites\/5\/2025\/11\/24161627\/12270020-70031-DAVID_f.jpg\",\"width\":1200,\"height\":1200},{\"@type\":\"BreadcrumbList\",\"@id\":\"https:\/\/shop.huppa.eu\/lt\/product\/berniuku-parka-david-smelio-70031-116-200g\/#breadcrumb\",\"itemListElement\":[{\"@type\":\"ListItem\",\"position\":1,\"name\":\"Shop\",\"item\":\"https:\/\/shop.huppa.eu\/lt\/shop\/\"},{\"@type\":\"ListItem\",\"position\":2,\"name\":\"Berniuk\u0173 parka DAVID, sm\u0117lio 70031, 116 (200g)\"}]},{\"@type\":\"WebSite\",\"@id\":\"https:\/\/shop.huppa.eu\/lt\/#website\",\"url\":\"https:\/\/shop.huppa.eu\/lt\/\",\"name\":\"Huppa LT\",\"description\":\"Huppa LT\",\"potentialAction\":[{\"@type\":\"SearchAction\",\"target\":{\"@type\":\"EntryPoint\",\"urlTemplate\":\"https:\/\/shop.huppa.eu\/lt\/?s={search_term_string}\"},\"query-input\":{\"@type\":\"PropertyValueSpecification\",\"valueRequired\":true,\"valueName\":\"search_term_string\"}}],\"inLanguage\":\"lt-LT\"}]}<\/script>\n<!-- \/ Yoast SEO plugin. -->","yoast_head_json":{"title":"Berniuk\u0173 parka DAVID, sm\u0117lio 70031, 116 (200g) - Huppa LT","robots":{"index":"index","follow":"follow","max-snippet":"max-snippet:-1","max-image-preview":"max-image-preview:large","max-video-preview":"max-video-preview:-1"},"canonical":"https:\/\/shop.huppa.eu\/lt\/product\/berniuku-parka-david-smelio-70031-116-200g\/","og_locale":"lt_LT","og_type":"article","og_title":"Berniuk\u0173 parka DAVID, sm\u0117lio 70031, 116 (200g) - Huppa LT","og_description":"Vaiki\u0161ka neper\u0161lampama ir neperpu\u010diama \u017eiemin\u0117 parka. Orui laidi i\u0161orin\u0117 med\u017eiaga. \u017diemin\u0117 striuk\u0117s pamu\u0161alas i\u0161 mink\u0161to audinio. Vir\u0161utin\u0117je nugaros dalyje ir vidin\u0117je gobtuvo pus\u0117je avies odos imitacijos pamu\u0161alas. Reguliuojamas gobtuvas. Rankovi\u0173 apa\u010dioje tamprus rankogalis. Rankovi\u0173 apa\u010dia reguliuojama. Priekyje kibia juostele dengtas dvipusis u\u017etrauktukas. Juosmenyje \u012fsi\u016bta gumin\u0117 juostel\u0117 su fiksatoriais. Vandeniui atsparios si\u016bl\u0117s. Gobtuvas apkra\u0161tuotas nuimamu dirbtiniu [&hellip;]","og_url":"https:\/\/shop.huppa.eu\/lt\/product\/berniuku-parka-david-smelio-70031-116-200g\/","og_site_name":"Huppa LT","article_modified_time":"2026-04-15T03:05:09+00:00","og_image":[{"width":1200,"height":1200,"url":"https:\/\/huppashop-prod.s3.eu-north-1.amazonaws.com\/wp-content\/uploads\/sites\/5\/2025\/11\/24161627\/12270020-70031-DAVID_f.jpg","type":"image\/jpeg"}],"twitter_card":"summary_large_image","schema":{"@context":"https:\/\/schema.org","@graph":[{"@type":"WebPage","@id":"https:\/\/shop.huppa.eu\/lt\/product\/berniuku-parka-david-smelio-70031-116-200g\/","url":"https:\/\/shop.huppa.eu\/lt\/product\/berniuku-parka-david-smelio-70031-116-200g\/","name":"Berniuk\u0173 parka DAVID, sm\u0117lio 70031, 116 (200g) - Huppa LT","isPartOf":{"@id":"https:\/\/shop.huppa.eu\/lt\/#website"},"primaryImageOfPage":{"@id":"https:\/\/shop.huppa.eu\/lt\/product\/berniuku-parka-david-smelio-70031-116-200g\/#primaryimage"},"image":{"@id":"https:\/\/shop.huppa.eu\/lt\/product\/berniuku-parka-david-smelio-70031-116-200g\/#primaryimage"},"thumbnailUrl":"https:\/\/huppashop-prod.s3.eu-north-1.amazonaws.com\/wp-content\/uploads\/sites\/5\/2025\/11\/24161627\/12270020-70031-DAVID_f.jpg","datePublished":"2026-03-03T04:02:50+00:00","dateModified":"2026-04-15T03:05:09+00:00","breadcrumb":{"@id":"https:\/\/shop.huppa.eu\/lt\/product\/berniuku-parka-david-smelio-70031-116-200g\/#breadcrumb"},"inLanguage":"lt-LT","potentialAction":[{"@type":"ReadAction","target":["https:\/\/shop.huppa.eu\/lt\/product\/berniuku-parka-david-smelio-70031-116-200g\/"]}]},{"@type":"ImageObject","inLanguage":"lt-LT","@id":"https:\/\/shop.huppa.eu\/lt\/product\/berniuku-parka-david-smelio-70031-116-200g\/#primaryimage","url":"https:\/\/huppashop-prod.s3.eu-north-1.amazonaws.com\/wp-content\/uploads\/sites\/5\/2025\/11\/24161627\/12270020-70031-DAVID_f.jpg","contentUrl":"https:\/\/huppashop-prod.s3.eu-north-1.amazonaws.com\/wp-content\/uploads\/sites\/5\/2025\/11\/24161627\/12270020-70031-DAVID_f.jpg","width":1200,"height":1200},{"@type":"BreadcrumbList","@id":"https:\/\/shop.huppa.eu\/lt\/product\/berniuku-parka-david-smelio-70031-116-200g\/#breadcrumb","itemListElement":[{"@type":"ListItem","position":1,"name":"Shop","item":"https:\/\/shop.huppa.eu\/lt\/shop\/"},{"@type":"ListItem","position":2,"name":"Berniuk\u0173 parka DAVID, sm\u0117lio 70031, 116 (200g)"}]},{"@type":"WebSite","@id":"https:\/\/shop.huppa.eu\/lt\/#website","url":"https:\/\/shop.huppa.eu\/lt\/","name":"Huppa LT","description":"Huppa LT","potentialAction":[{"@type":"SearchAction","target":{"@type":"EntryPoint","urlTemplate":"https:\/\/shop.huppa.eu\/lt\/?s={search_term_string}"},"query-input":{"@type":"PropertyValueSpecification","valueRequired":true,"valueName":"search_term_string"}}],"inLanguage":"lt-LT"}]}},"_links":{"self":[{"href":"https:\/\/shop.huppa.eu\/lt\/wp-json\/wp\/v2\/product\/526022","targetHints":{"allow":["GET"]}}],"collection":[{"href":"https:\/\/shop.huppa.eu\/lt\/wp-json\/wp\/v2\/product"}],"about":[{"href":"https:\/\/shop.huppa.eu\/lt\/wp-json\/wp\/v2\/types\/product"}],"wp:featuredmedia":[{"embeddable":true,"href":"https:\/\/shop.huppa.eu\/lt\/wp-json\/wp\/v2\/media\/516128"}],"wp:attachment":[{"href":"https:\/\/shop.huppa.eu\/lt\/wp-json\/wp\/v2\/media?parent=526022"}],"wp:term":[{"taxonomy":"product_brand","embeddable":true,"href":"https:\/\/shop.huppa.eu\/lt\/wp-json\/wp\/v2\/product_brand?post=526022"},{"taxonomy":"product_cat","embeddable":true,"href":"https:\/\/shop.huppa.eu\/lt\/wp-json\/wp\/v2\/product_cat?post=526022"},{"taxonomy":"product_tag","embeddable":true,"href":"https:\/\/shop.huppa.eu\/lt\/wp-json\/wp\/v2\/product_tag?post=526022"}],"curies":[{"name":"wp","href":"https:\/\/api.w.org\/{rel}","templated":true}]}}