{"id":526533,"date":"2026-03-03T07:02:01","date_gmt":"2026-03-03T05:02:01","guid":{"rendered":"https:\/\/shop.huppa.eu\/lt\/product\/vyriska-striuke-runar-40g-3\/"},"modified":"2026-05-03T05:55:05","modified_gmt":"2026-05-03T03:55:05","slug":"vyriska-striuke-runar-40g-3","status":"publish","type":"product","link":"https:\/\/shop.huppa.eu\/lt\/product\/vyriska-striuke-runar-40g-3\/","title":{"rendered":"Vyri\u0161ka striuk\u0117 RUNAR (40g)"},"content":{"rendered":"<p>Vyri\u0161ka striuk\u0117 su membrana atspari vandeniui ir v\u0117jui. Turi 40g. pa\u0161iltinim\u0105 tad yra tinkanti pavasariui ir rudeniui ar net v\u0117siems vasaros vakarams. Vir\u0161utinis audinys su membrana yra kv\u0117puojantis. Striuk\u0117s pamu\u0161alas mink\u0161tas ir suteikiantis komforto jausm\u0105. Nuimamas gobtuvas, u\u017etraukiamos ki\u0161en\u0117s ir reguliuojami rankovi\u0173 rankogaliai. Vandeniui atsparios klijuotos si\u016bl\u0117s didesniam atsparumui lietingomis dienomis. Oro ventiliacijos angos po pa\u017eastimis. Vir\u0161utinis audinys dekoruotas \u0161vies\u0105 atspindin\u010diomis detal\u0117mis.<\/p>\n","protected":false},"excerpt":{"rendered":"<p>Vyri\u0161ka striuk\u0117 su membrana atspari vandeniui ir v\u0117jui. Turi 40g. pa\u0161iltinim\u0105 tad yra tinkanti pavasariui ir rudeniui ar net v\u0117siems vasaros vakarams. Vir\u0161utinis audinys su membrana yra kv\u0117puojantis. Striuk\u0117s pamu\u0161alas mink\u0161tas ir suteikiantis komforto jausm\u0105. Nuimamas gobtuvas, u\u017etraukiamos ki\u0161en\u0117s ir reguliuojami rankovi\u0173 rankogaliai. Vandeniui atsparios klijuotos si\u016bl\u0117s didesniam atsparumui lietingomis dienomis. Oro ventiliacijos angos po [&hellip;]<\/p>\n","protected":false},"featured_media":526541,"template":"","meta":{"_acf_changed":false},"product_brand":[],"product_cat":[560,561,89,128,17],"product_tag":[],"class_list":{"0":"post-526533","1":"product","2":"type-product","3":"status-publish","4":"has-post-thumbnail","6":"product_cat-striukes-suaugusieji","7":"product_cat-striukes-vyrai","8":"product_cat-striukes-2","9":"product_cat-suaugusieji","10":"product_cat-vyrai","11":"pa_amzius-suaugusieji","12":"pa_atsparumas-vandeniui-10000mm","13":"pa_dydis-xs","14":"pa_dydis-s","15":"pa_dydis-m","16":"pa_dydis-l","17":"pa_dydis-xl","18":"pa_dydis-xxl","19":"pa_dydis-3xl","20":"pa_izoliacijos-svoris-40g","21":"pa_kolekcija-nr-sa2026","22":"pa_kolekcijos-dalis-jackets","23":"pa_lytis-vyrai","24":"pa_oro-pralaidumas-10000g-m-24h","25":"pa_prekes-artikulas-18818004-00009","26":"pa_rastuota-vienspalvis","27":"pa_sezonas-pavaris-ruduo","28":"pa_uzpildas-40g","30":"first","31":"instock","32":"taxable","33":"shipping-taxable","34":"purchasable","35":"product-type-variable"},"acf":[],"yoast_head":"<!-- This site is optimized with the Yoast SEO plugin v26.8 - https:\/\/yoast.com\/product\/yoast-seo-wordpress\/ -->\n<title>Vyri\u0161ka striuk\u0117 RUNAR (40g) - Huppa LT<\/title>\n<meta name=\"robots\" content=\"index, follow, max-snippet:-1, max-image-preview:large, max-video-preview:-1\" \/>\n<link rel=\"canonical\" href=\"https:\/\/shop.huppa.eu\/lt\/product\/vyriska-striuke-runar-40g-3\/\" \/>\n<meta property=\"og:locale\" content=\"lt_LT\" \/>\n<meta property=\"og:type\" content=\"article\" \/>\n<meta property=\"og:title\" content=\"Vyri\u0161ka striuk\u0117 RUNAR (40g) - Huppa LT\" \/>\n<meta property=\"og:description\" content=\"Vyri\u0161ka striuk\u0117 su membrana atspari vandeniui ir v\u0117jui. Turi 40g. pa\u0161iltinim\u0105 tad yra tinkanti pavasariui ir rudeniui ar net v\u0117siems vasaros vakarams. Vir\u0161utinis audinys su membrana yra kv\u0117puojantis. Striuk\u0117s pamu\u0161alas mink\u0161tas ir suteikiantis komforto jausm\u0105. Nuimamas gobtuvas, u\u017etraukiamos ki\u0161en\u0117s ir reguliuojami rankovi\u0173 rankogaliai. Vandeniui atsparios klijuotos si\u016bl\u0117s didesniam atsparumui lietingomis dienomis. Oro ventiliacijos angos po [&hellip;]\" \/>\n<meta property=\"og:url\" content=\"https:\/\/shop.huppa.eu\/lt\/product\/vyriska-striuke-runar-40g-3\/\" \/>\n<meta property=\"og:site_name\" content=\"Huppa LT\" \/>\n<meta property=\"article:modified_time\" content=\"2026-05-03T03:55:05+00:00\" \/>\n<meta property=\"og:image\" content=\"https:\/\/huppashop-prod.s3.eu-north-1.amazonaws.com\/wp-content\/uploads\/sites\/5\/2026\/03\/03070205\/18818004-00009-RUNAR_mw_f.jpg\" \/>\n\t<meta property=\"og:image:width\" content=\"1200\" \/>\n\t<meta property=\"og:image:height\" content=\"1200\" \/>\n\t<meta property=\"og:image:type\" content=\"image\/jpeg\" \/>\n<meta name=\"twitter:card\" content=\"summary_large_image\" \/>\n<script type=\"application\/ld+json\" class=\"yoast-schema-graph\">{\"@context\":\"https:\/\/schema.org\",\"@graph\":[{\"@type\":\"WebPage\",\"@id\":\"https:\/\/shop.huppa.eu\/lt\/product\/vyriska-striuke-runar-40g-3\/\",\"url\":\"https:\/\/shop.huppa.eu\/lt\/product\/vyriska-striuke-runar-40g-3\/\",\"name\":\"Vyri\u0161ka striuk\u0117 RUNAR (40g) - Huppa LT\",\"isPartOf\":{\"@id\":\"https:\/\/shop.huppa.eu\/lt\/#website\"},\"primaryImageOfPage\":{\"@id\":\"https:\/\/shop.huppa.eu\/lt\/product\/vyriska-striuke-runar-40g-3\/#primaryimage\"},\"image\":{\"@id\":\"https:\/\/shop.huppa.eu\/lt\/product\/vyriska-striuke-runar-40g-3\/#primaryimage\"},\"thumbnailUrl\":\"https:\/\/huppashop-prod.s3.eu-north-1.amazonaws.com\/wp-content\/uploads\/sites\/5\/2026\/03\/03070205\/18818004-00009-RUNAR_mw_f.jpg\",\"datePublished\":\"2026-03-03T05:02:01+00:00\",\"dateModified\":\"2026-05-03T03:55:05+00:00\",\"breadcrumb\":{\"@id\":\"https:\/\/shop.huppa.eu\/lt\/product\/vyriska-striuke-runar-40g-3\/#breadcrumb\"},\"inLanguage\":\"lt-LT\",\"potentialAction\":[{\"@type\":\"ReadAction\",\"target\":[\"https:\/\/shop.huppa.eu\/lt\/product\/vyriska-striuke-runar-40g-3\/\"]}]},{\"@type\":\"ImageObject\",\"inLanguage\":\"lt-LT\",\"@id\":\"https:\/\/shop.huppa.eu\/lt\/product\/vyriska-striuke-runar-40g-3\/#primaryimage\",\"url\":\"https:\/\/huppashop-prod.s3.eu-north-1.amazonaws.com\/wp-content\/uploads\/sites\/5\/2026\/03\/03070205\/18818004-00009-RUNAR_mw_f.jpg\",\"contentUrl\":\"https:\/\/huppashop-prod.s3.eu-north-1.amazonaws.com\/wp-content\/uploads\/sites\/5\/2026\/03\/03070205\/18818004-00009-RUNAR_mw_f.jpg\",\"width\":1200,\"height\":1200},{\"@type\":\"BreadcrumbList\",\"@id\":\"https:\/\/shop.huppa.eu\/lt\/product\/vyriska-striuke-runar-40g-3\/#breadcrumb\",\"itemListElement\":[{\"@type\":\"ListItem\",\"position\":1,\"name\":\"Shop\",\"item\":\"https:\/\/shop.huppa.eu\/lt\/shop\/\"},{\"@type\":\"ListItem\",\"position\":2,\"name\":\"Vyri\u0161ka striuk\u0117 RUNAR (40g)\"}]},{\"@type\":\"WebSite\",\"@id\":\"https:\/\/shop.huppa.eu\/lt\/#website\",\"url\":\"https:\/\/shop.huppa.eu\/lt\/\",\"name\":\"Huppa LT\",\"description\":\"Huppa LT\",\"potentialAction\":[{\"@type\":\"SearchAction\",\"target\":{\"@type\":\"EntryPoint\",\"urlTemplate\":\"https:\/\/shop.huppa.eu\/lt\/?s={search_term_string}\"},\"query-input\":{\"@type\":\"PropertyValueSpecification\",\"valueRequired\":true,\"valueName\":\"search_term_string\"}}],\"inLanguage\":\"lt-LT\"}]}<\/script>\n<!-- \/ Yoast SEO plugin. -->","yoast_head_json":{"title":"Vyri\u0161ka striuk\u0117 RUNAR (40g) - Huppa LT","robots":{"index":"index","follow":"follow","max-snippet":"max-snippet:-1","max-image-preview":"max-image-preview:large","max-video-preview":"max-video-preview:-1"},"canonical":"https:\/\/shop.huppa.eu\/lt\/product\/vyriska-striuke-runar-40g-3\/","og_locale":"lt_LT","og_type":"article","og_title":"Vyri\u0161ka striuk\u0117 RUNAR (40g) - Huppa LT","og_description":"Vyri\u0161ka striuk\u0117 su membrana atspari vandeniui ir v\u0117jui. Turi 40g. pa\u0161iltinim\u0105 tad yra tinkanti pavasariui ir rudeniui ar net v\u0117siems vasaros vakarams. Vir\u0161utinis audinys su membrana yra kv\u0117puojantis. Striuk\u0117s pamu\u0161alas mink\u0161tas ir suteikiantis komforto jausm\u0105. Nuimamas gobtuvas, u\u017etraukiamos ki\u0161en\u0117s ir reguliuojami rankovi\u0173 rankogaliai. Vandeniui atsparios klijuotos si\u016bl\u0117s didesniam atsparumui lietingomis dienomis. Oro ventiliacijos angos po [&hellip;]","og_url":"https:\/\/shop.huppa.eu\/lt\/product\/vyriska-striuke-runar-40g-3\/","og_site_name":"Huppa LT","article_modified_time":"2026-05-03T03:55:05+00:00","og_image":[{"width":1200,"height":1200,"url":"https:\/\/huppashop-prod.s3.eu-north-1.amazonaws.com\/wp-content\/uploads\/sites\/5\/2026\/03\/03070205\/18818004-00009-RUNAR_mw_f.jpg","type":"image\/jpeg"}],"twitter_card":"summary_large_image","schema":{"@context":"https:\/\/schema.org","@graph":[{"@type":"WebPage","@id":"https:\/\/shop.huppa.eu\/lt\/product\/vyriska-striuke-runar-40g-3\/","url":"https:\/\/shop.huppa.eu\/lt\/product\/vyriska-striuke-runar-40g-3\/","name":"Vyri\u0161ka striuk\u0117 RUNAR (40g) - Huppa LT","isPartOf":{"@id":"https:\/\/shop.huppa.eu\/lt\/#website"},"primaryImageOfPage":{"@id":"https:\/\/shop.huppa.eu\/lt\/product\/vyriska-striuke-runar-40g-3\/#primaryimage"},"image":{"@id":"https:\/\/shop.huppa.eu\/lt\/product\/vyriska-striuke-runar-40g-3\/#primaryimage"},"thumbnailUrl":"https:\/\/huppashop-prod.s3.eu-north-1.amazonaws.com\/wp-content\/uploads\/sites\/5\/2026\/03\/03070205\/18818004-00009-RUNAR_mw_f.jpg","datePublished":"2026-03-03T05:02:01+00:00","dateModified":"2026-05-03T03:55:05+00:00","breadcrumb":{"@id":"https:\/\/shop.huppa.eu\/lt\/product\/vyriska-striuke-runar-40g-3\/#breadcrumb"},"inLanguage":"lt-LT","potentialAction":[{"@type":"ReadAction","target":["https:\/\/shop.huppa.eu\/lt\/product\/vyriska-striuke-runar-40g-3\/"]}]},{"@type":"ImageObject","inLanguage":"lt-LT","@id":"https:\/\/shop.huppa.eu\/lt\/product\/vyriska-striuke-runar-40g-3\/#primaryimage","url":"https:\/\/huppashop-prod.s3.eu-north-1.amazonaws.com\/wp-content\/uploads\/sites\/5\/2026\/03\/03070205\/18818004-00009-RUNAR_mw_f.jpg","contentUrl":"https:\/\/huppashop-prod.s3.eu-north-1.amazonaws.com\/wp-content\/uploads\/sites\/5\/2026\/03\/03070205\/18818004-00009-RUNAR_mw_f.jpg","width":1200,"height":1200},{"@type":"BreadcrumbList","@id":"https:\/\/shop.huppa.eu\/lt\/product\/vyriska-striuke-runar-40g-3\/#breadcrumb","itemListElement":[{"@type":"ListItem","position":1,"name":"Shop","item":"https:\/\/shop.huppa.eu\/lt\/shop\/"},{"@type":"ListItem","position":2,"name":"Vyri\u0161ka striuk\u0117 RUNAR (40g)"}]},{"@type":"WebSite","@id":"https:\/\/shop.huppa.eu\/lt\/#website","url":"https:\/\/shop.huppa.eu\/lt\/","name":"Huppa LT","description":"Huppa LT","potentialAction":[{"@type":"SearchAction","target":{"@type":"EntryPoint","urlTemplate":"https:\/\/shop.huppa.eu\/lt\/?s={search_term_string}"},"query-input":{"@type":"PropertyValueSpecification","valueRequired":true,"valueName":"search_term_string"}}],"inLanguage":"lt-LT"}]}},"_links":{"self":[{"href":"https:\/\/shop.huppa.eu\/lt\/wp-json\/wp\/v2\/product\/526533","targetHints":{"allow":["GET"]}}],"collection":[{"href":"https:\/\/shop.huppa.eu\/lt\/wp-json\/wp\/v2\/product"}],"about":[{"href":"https:\/\/shop.huppa.eu\/lt\/wp-json\/wp\/v2\/types\/product"}],"wp:featuredmedia":[{"embeddable":true,"href":"https:\/\/shop.huppa.eu\/lt\/wp-json\/wp\/v2\/media\/526541"}],"wp:attachment":[{"href":"https:\/\/shop.huppa.eu\/lt\/wp-json\/wp\/v2\/media?parent=526533"}],"wp:term":[{"taxonomy":"product_brand","embeddable":true,"href":"https:\/\/shop.huppa.eu\/lt\/wp-json\/wp\/v2\/product_brand?post=526533"},{"taxonomy":"product_cat","embeddable":true,"href":"https:\/\/shop.huppa.eu\/lt\/wp-json\/wp\/v2\/product_cat?post=526533"},{"taxonomy":"product_tag","embeddable":true,"href":"https:\/\/shop.huppa.eu\/lt\/wp-json\/wp\/v2\/product_tag?post=526533"}],"curies":[{"name":"wp","href":"https:\/\/api.w.org\/{rel}","templated":true}]}}