{"id":526643,"date":"2026-03-03T07:43:08","date_gmt":"2026-03-03T05:43:08","guid":{"rendered":"https:\/\/shop.huppa.eu\/lt\/product\/berniuku-komplektas-dante-2-sviesiai-melyna-su-rastu-juoda-42260-116-300g160g\/"},"modified":"2026-04-16T06:29:07","modified_gmt":"2026-04-16T04:29:07","slug":"berniuku-komplektas-dante-2-sviesiai-melyna-su-rastu-juoda-42260-116-300g160g","status":"publish","type":"product","link":"https:\/\/shop.huppa.eu\/lt\/product\/berniuku-komplektas-dante-2-sviesiai-melyna-su-rastu-juoda-42260-116-300g160g\/","title":{"rendered":"Berniuk\u0173 komplektas DANTE 2, \u0161viesiai m\u0117lyna su ra\u0161tu\/juoda 42260, 116 (300g+160g)"},"content":{"rendered":"<p>Vaiki\u0161ka striuk\u0117s ir kelni\u0173 komplektas. Neper\u0161lampantis ir v\u0117jui atsparus, kv\u0117puojantis vir\u0161utinis audinys. Striuk\u0117s ir kelni\u0173 vidus i\u0161 mink\u0161to pamu\u0161alo. Elastin\u0117s rankov\u0117s rankovi\u0173 galuose. Nuimamas kapi\u0161onas tvirtinamas prie apykakl\u0117s spaud\u017eiamomis sagomis. Nuimamas dirbtinis kailis ant kapi\u0161ono. Keln\u0117s su auk\u0161tu liemeniu ir reguliuojamomis elastin\u0117mis petne\u0161omis. Elastin\u0117 juosta liemens srityje. Sniego u\u017eraktai koj\u0173 galuose. Elastin\u0117 virvut\u0117 koj\u0173 galuose. Vandeniui atsparios u\u017elydytos si\u016bl\u0117s. Keln\u0117s be vidin\u0117s koj\u0173 si\u016bl\u0117s. Tiek striuk\u0117, tiek keln\u0117s su \u0161vies\u0105 atspindin\u010diais elementais.<\/p>\n","protected":false},"excerpt":{"rendered":"<p>Vaiki\u0161ka striuk\u0117s ir kelni\u0173 komplektas. Neper\u0161lampantis ir v\u0117jui atsparus, kv\u0117puojantis vir\u0161utinis audinys. Striuk\u0117s ir kelni\u0173 vidus i\u0161 mink\u0161to pamu\u0161alo. Elastin\u0117s rankov\u0117s rankovi\u0173 galuose. Nuimamas kapi\u0161onas tvirtinamas prie apykakl\u0117s spaud\u017eiamomis sagomis. Nuimamas dirbtinis kailis ant kapi\u0161ono. Keln\u0117s su auk\u0161tu liemeniu ir reguliuojamomis elastin\u0117mis petne\u0161omis. Elastin\u0117 juosta liemens srityje. Sniego u\u017eraktai koj\u0173 galuose. Elastin\u0117 virvut\u0117 koj\u0173 galuose. [&hellip;]<\/p>\n","protected":false},"featured_media":524095,"template":"","meta":{"_acf_changed":false},"product_brand":[],"product_cat":[6659,90,1477,1478,1479,6643,19],"product_tag":[],"class_list":{"0":"post-526643","1":"product","2":"type-product","3":"status-publish","4":"has-post-thumbnail","6":"product_cat-komplektai-sale","7":"product_cat-berniuku","8":"product_cat-komplektai","9":"product_cat-komplektai-2","10":"product_cat-komplektai-berniuku","11":"product_cat-sale","12":"product_cat-vaikai","13":"pa_amzius-vaikai","14":"pa_atsparumas-vandeniui-10-000mm","15":"pa_dydis-96","16":"pa_izoliacijos-svoris-300g160g","17":"pa_kolekcija-nr-w24-25","18":"pa_kolekcijos-dalis-fashion","19":"pa_lytis-berniuku","20":"pa_oro-pralaidumas-10-000g-m-24h","21":"pa_prekes-artikulas-41930230-42260","22":"pa_rastuota-rastuota-spalva","23":"pa_sale-yes","24":"pa_sezonas-ziema","25":"pa_uzpildas-300g160g","27":"first","28":"instock","29":"sale","30":"taxable","31":"shipping-taxable","32":"purchasable","33":"product-type-variable"},"acf":[],"yoast_head":"<!-- This site is optimized with the Yoast SEO plugin v26.8 - https:\/\/yoast.com\/product\/yoast-seo-wordpress\/ -->\n<title>Berniuk\u0173 komplektas DANTE 2, \u0161viesiai m\u0117lyna su ra\u0161tu\/juoda 42260, 116 (300g+160g) - Huppa LT<\/title>\n<meta name=\"robots\" content=\"index, follow, max-snippet:-1, max-image-preview:large, max-video-preview:-1\" \/>\n<link rel=\"canonical\" href=\"https:\/\/shop.huppa.eu\/lt\/product\/berniuku-komplektas-dante-2-sviesiai-melyna-su-rastu-juoda-42260-116-300g160g\/\" \/>\n<meta property=\"og:locale\" content=\"lt_LT\" \/>\n<meta property=\"og:type\" content=\"article\" \/>\n<meta property=\"og:title\" content=\"Berniuk\u0173 komplektas DANTE 2, \u0161viesiai m\u0117lyna su ra\u0161tu\/juoda 42260, 116 (300g+160g) - Huppa LT\" \/>\n<meta property=\"og:description\" content=\"Vaiki\u0161ka striuk\u0117s ir kelni\u0173 komplektas. Neper\u0161lampantis ir v\u0117jui atsparus, kv\u0117puojantis vir\u0161utinis audinys. Striuk\u0117s ir kelni\u0173 vidus i\u0161 mink\u0161to pamu\u0161alo. Elastin\u0117s rankov\u0117s rankovi\u0173 galuose. Nuimamas kapi\u0161onas tvirtinamas prie apykakl\u0117s spaud\u017eiamomis sagomis. Nuimamas dirbtinis kailis ant kapi\u0161ono. Keln\u0117s su auk\u0161tu liemeniu ir reguliuojamomis elastin\u0117mis petne\u0161omis. Elastin\u0117 juosta liemens srityje. Sniego u\u017eraktai koj\u0173 galuose. Elastin\u0117 virvut\u0117 koj\u0173 galuose. [&hellip;]\" \/>\n<meta property=\"og:url\" content=\"https:\/\/shop.huppa.eu\/lt\/product\/berniuku-komplektas-dante-2-sviesiai-melyna-su-rastu-juoda-42260-116-300g160g\/\" \/>\n<meta property=\"og:site_name\" content=\"Huppa LT\" \/>\n<meta property=\"article:modified_time\" content=\"2026-04-16T04:29:07+00:00\" \/>\n<meta property=\"og:image\" content=\"https:\/\/huppashop-prod.s3.eu-north-1.amazonaws.com\/wp-content\/uploads\/sites\/5\/2025\/12\/05022142\/41930230-42260-DANTE2_f.jpg\" \/>\n\t<meta property=\"og:image:width\" content=\"1200\" \/>\n\t<meta property=\"og:image:height\" content=\"1200\" \/>\n\t<meta property=\"og:image:type\" content=\"image\/jpeg\" \/>\n<meta name=\"twitter:card\" content=\"summary_large_image\" \/>\n<meta name=\"twitter:label1\" content=\"Est. reading time\" \/>\n\t<meta name=\"twitter:data1\" content=\"1 minut\u0117\" \/>\n<script type=\"application\/ld+json\" class=\"yoast-schema-graph\">{\"@context\":\"https:\/\/schema.org\",\"@graph\":[{\"@type\":\"WebPage\",\"@id\":\"https:\/\/shop.huppa.eu\/lt\/product\/berniuku-komplektas-dante-2-sviesiai-melyna-su-rastu-juoda-42260-116-300g160g\/\",\"url\":\"https:\/\/shop.huppa.eu\/lt\/product\/berniuku-komplektas-dante-2-sviesiai-melyna-su-rastu-juoda-42260-116-300g160g\/\",\"name\":\"Berniuk\u0173 komplektas DANTE 2, \u0161viesiai m\u0117lyna su ra\u0161tu\/juoda 42260, 116 (300g+160g) - Huppa LT\",\"isPartOf\":{\"@id\":\"https:\/\/shop.huppa.eu\/lt\/#website\"},\"primaryImageOfPage\":{\"@id\":\"https:\/\/shop.huppa.eu\/lt\/product\/berniuku-komplektas-dante-2-sviesiai-melyna-su-rastu-juoda-42260-116-300g160g\/#primaryimage\"},\"image\":{\"@id\":\"https:\/\/shop.huppa.eu\/lt\/product\/berniuku-komplektas-dante-2-sviesiai-melyna-su-rastu-juoda-42260-116-300g160g\/#primaryimage\"},\"thumbnailUrl\":\"https:\/\/huppashop-prod.s3.eu-north-1.amazonaws.com\/wp-content\/uploads\/sites\/5\/2025\/12\/05022142\/41930230-42260-DANTE2_f.jpg\",\"datePublished\":\"2026-03-03T05:43:08+00:00\",\"dateModified\":\"2026-04-16T04:29:07+00:00\",\"breadcrumb\":{\"@id\":\"https:\/\/shop.huppa.eu\/lt\/product\/berniuku-komplektas-dante-2-sviesiai-melyna-su-rastu-juoda-42260-116-300g160g\/#breadcrumb\"},\"inLanguage\":\"lt-LT\",\"potentialAction\":[{\"@type\":\"ReadAction\",\"target\":[\"https:\/\/shop.huppa.eu\/lt\/product\/berniuku-komplektas-dante-2-sviesiai-melyna-su-rastu-juoda-42260-116-300g160g\/\"]}]},{\"@type\":\"ImageObject\",\"inLanguage\":\"lt-LT\",\"@id\":\"https:\/\/shop.huppa.eu\/lt\/product\/berniuku-komplektas-dante-2-sviesiai-melyna-su-rastu-juoda-42260-116-300g160g\/#primaryimage\",\"url\":\"https:\/\/huppashop-prod.s3.eu-north-1.amazonaws.com\/wp-content\/uploads\/sites\/5\/2025\/12\/05022142\/41930230-42260-DANTE2_f.jpg\",\"contentUrl\":\"https:\/\/huppashop-prod.s3.eu-north-1.amazonaws.com\/wp-content\/uploads\/sites\/5\/2025\/12\/05022142\/41930230-42260-DANTE2_f.jpg\",\"width\":1200,\"height\":1200},{\"@type\":\"BreadcrumbList\",\"@id\":\"https:\/\/shop.huppa.eu\/lt\/product\/berniuku-komplektas-dante-2-sviesiai-melyna-su-rastu-juoda-42260-116-300g160g\/#breadcrumb\",\"itemListElement\":[{\"@type\":\"ListItem\",\"position\":1,\"name\":\"Shop\",\"item\":\"https:\/\/shop.huppa.eu\/lt\/shop\/\"},{\"@type\":\"ListItem\",\"position\":2,\"name\":\"Berniuk\u0173 komplektas DANTE 2, \u0161viesiai m\u0117lyna su ra\u0161tu\/juoda 42260, 116 (300g+160g)\"}]},{\"@type\":\"WebSite\",\"@id\":\"https:\/\/shop.huppa.eu\/lt\/#website\",\"url\":\"https:\/\/shop.huppa.eu\/lt\/\",\"name\":\"Huppa LT\",\"description\":\"Huppa LT\",\"potentialAction\":[{\"@type\":\"SearchAction\",\"target\":{\"@type\":\"EntryPoint\",\"urlTemplate\":\"https:\/\/shop.huppa.eu\/lt\/?s={search_term_string}\"},\"query-input\":{\"@type\":\"PropertyValueSpecification\",\"valueRequired\":true,\"valueName\":\"search_term_string\"}}],\"inLanguage\":\"lt-LT\"}]}<\/script>\n<!-- \/ Yoast SEO plugin. -->","yoast_head_json":{"title":"Berniuk\u0173 komplektas DANTE 2, \u0161viesiai m\u0117lyna su ra\u0161tu\/juoda 42260, 116 (300g+160g) - Huppa LT","robots":{"index":"index","follow":"follow","max-snippet":"max-snippet:-1","max-image-preview":"max-image-preview:large","max-video-preview":"max-video-preview:-1"},"canonical":"https:\/\/shop.huppa.eu\/lt\/product\/berniuku-komplektas-dante-2-sviesiai-melyna-su-rastu-juoda-42260-116-300g160g\/","og_locale":"lt_LT","og_type":"article","og_title":"Berniuk\u0173 komplektas DANTE 2, \u0161viesiai m\u0117lyna su ra\u0161tu\/juoda 42260, 116 (300g+160g) - Huppa LT","og_description":"Vaiki\u0161ka striuk\u0117s ir kelni\u0173 komplektas. Neper\u0161lampantis ir v\u0117jui atsparus, kv\u0117puojantis vir\u0161utinis audinys. Striuk\u0117s ir kelni\u0173 vidus i\u0161 mink\u0161to pamu\u0161alo. Elastin\u0117s rankov\u0117s rankovi\u0173 galuose. Nuimamas kapi\u0161onas tvirtinamas prie apykakl\u0117s spaud\u017eiamomis sagomis. Nuimamas dirbtinis kailis ant kapi\u0161ono. Keln\u0117s su auk\u0161tu liemeniu ir reguliuojamomis elastin\u0117mis petne\u0161omis. Elastin\u0117 juosta liemens srityje. Sniego u\u017eraktai koj\u0173 galuose. Elastin\u0117 virvut\u0117 koj\u0173 galuose. [&hellip;]","og_url":"https:\/\/shop.huppa.eu\/lt\/product\/berniuku-komplektas-dante-2-sviesiai-melyna-su-rastu-juoda-42260-116-300g160g\/","og_site_name":"Huppa LT","article_modified_time":"2026-04-16T04:29:07+00:00","og_image":[{"width":1200,"height":1200,"url":"https:\/\/huppashop-prod.s3.eu-north-1.amazonaws.com\/wp-content\/uploads\/sites\/5\/2025\/12\/05022142\/41930230-42260-DANTE2_f.jpg","type":"image\/jpeg"}],"twitter_card":"summary_large_image","twitter_misc":{"Est. reading time":"1 minut\u0117"},"schema":{"@context":"https:\/\/schema.org","@graph":[{"@type":"WebPage","@id":"https:\/\/shop.huppa.eu\/lt\/product\/berniuku-komplektas-dante-2-sviesiai-melyna-su-rastu-juoda-42260-116-300g160g\/","url":"https:\/\/shop.huppa.eu\/lt\/product\/berniuku-komplektas-dante-2-sviesiai-melyna-su-rastu-juoda-42260-116-300g160g\/","name":"Berniuk\u0173 komplektas DANTE 2, \u0161viesiai m\u0117lyna su ra\u0161tu\/juoda 42260, 116 (300g+160g) - Huppa LT","isPartOf":{"@id":"https:\/\/shop.huppa.eu\/lt\/#website"},"primaryImageOfPage":{"@id":"https:\/\/shop.huppa.eu\/lt\/product\/berniuku-komplektas-dante-2-sviesiai-melyna-su-rastu-juoda-42260-116-300g160g\/#primaryimage"},"image":{"@id":"https:\/\/shop.huppa.eu\/lt\/product\/berniuku-komplektas-dante-2-sviesiai-melyna-su-rastu-juoda-42260-116-300g160g\/#primaryimage"},"thumbnailUrl":"https:\/\/huppashop-prod.s3.eu-north-1.amazonaws.com\/wp-content\/uploads\/sites\/5\/2025\/12\/05022142\/41930230-42260-DANTE2_f.jpg","datePublished":"2026-03-03T05:43:08+00:00","dateModified":"2026-04-16T04:29:07+00:00","breadcrumb":{"@id":"https:\/\/shop.huppa.eu\/lt\/product\/berniuku-komplektas-dante-2-sviesiai-melyna-su-rastu-juoda-42260-116-300g160g\/#breadcrumb"},"inLanguage":"lt-LT","potentialAction":[{"@type":"ReadAction","target":["https:\/\/shop.huppa.eu\/lt\/product\/berniuku-komplektas-dante-2-sviesiai-melyna-su-rastu-juoda-42260-116-300g160g\/"]}]},{"@type":"ImageObject","inLanguage":"lt-LT","@id":"https:\/\/shop.huppa.eu\/lt\/product\/berniuku-komplektas-dante-2-sviesiai-melyna-su-rastu-juoda-42260-116-300g160g\/#primaryimage","url":"https:\/\/huppashop-prod.s3.eu-north-1.amazonaws.com\/wp-content\/uploads\/sites\/5\/2025\/12\/05022142\/41930230-42260-DANTE2_f.jpg","contentUrl":"https:\/\/huppashop-prod.s3.eu-north-1.amazonaws.com\/wp-content\/uploads\/sites\/5\/2025\/12\/05022142\/41930230-42260-DANTE2_f.jpg","width":1200,"height":1200},{"@type":"BreadcrumbList","@id":"https:\/\/shop.huppa.eu\/lt\/product\/berniuku-komplektas-dante-2-sviesiai-melyna-su-rastu-juoda-42260-116-300g160g\/#breadcrumb","itemListElement":[{"@type":"ListItem","position":1,"name":"Shop","item":"https:\/\/shop.huppa.eu\/lt\/shop\/"},{"@type":"ListItem","position":2,"name":"Berniuk\u0173 komplektas DANTE 2, \u0161viesiai m\u0117lyna su ra\u0161tu\/juoda 42260, 116 (300g+160g)"}]},{"@type":"WebSite","@id":"https:\/\/shop.huppa.eu\/lt\/#website","url":"https:\/\/shop.huppa.eu\/lt\/","name":"Huppa LT","description":"Huppa LT","potentialAction":[{"@type":"SearchAction","target":{"@type":"EntryPoint","urlTemplate":"https:\/\/shop.huppa.eu\/lt\/?s={search_term_string}"},"query-input":{"@type":"PropertyValueSpecification","valueRequired":true,"valueName":"search_term_string"}}],"inLanguage":"lt-LT"}]}},"_links":{"self":[{"href":"https:\/\/shop.huppa.eu\/lt\/wp-json\/wp\/v2\/product\/526643","targetHints":{"allow":["GET"]}}],"collection":[{"href":"https:\/\/shop.huppa.eu\/lt\/wp-json\/wp\/v2\/product"}],"about":[{"href":"https:\/\/shop.huppa.eu\/lt\/wp-json\/wp\/v2\/types\/product"}],"wp:featuredmedia":[{"embeddable":true,"href":"https:\/\/shop.huppa.eu\/lt\/wp-json\/wp\/v2\/media\/524095"}],"wp:attachment":[{"href":"https:\/\/shop.huppa.eu\/lt\/wp-json\/wp\/v2\/media?parent=526643"}],"wp:term":[{"taxonomy":"product_brand","embeddable":true,"href":"https:\/\/shop.huppa.eu\/lt\/wp-json\/wp\/v2\/product_brand?post=526643"},{"taxonomy":"product_cat","embeddable":true,"href":"https:\/\/shop.huppa.eu\/lt\/wp-json\/wp\/v2\/product_cat?post=526643"},{"taxonomy":"product_tag","embeddable":true,"href":"https:\/\/shop.huppa.eu\/lt\/wp-json\/wp\/v2\/product_tag?post=526643"}],"curies":[{"name":"wp","href":"https:\/\/api.w.org\/{rel}","templated":true}]}}