{"id":526824,"date":"2026-03-10T06:28:47","date_gmt":"2026-03-10T04:28:47","guid":{"rendered":"https:\/\/shop.huppa.eu\/lt\/product\/berniuku-pavasario-rudens-parka-ranis-40g-4\/"},"modified":"2026-04-09T10:04:23","modified_gmt":"2026-04-09T08:04:23","slug":"berniuku-pavasario-rudens-parka-ranis-40g-4","status":"publish","type":"product","link":"https:\/\/shop.huppa.eu\/lt\/product\/berniuku-pavasario-rudens-parka-ranis-40g-4\/","title":{"rendered":"Berniuk\u0173 pavasario-rudens parka RANIS (40g)"},"content":{"rendered":"<p>Vaiki\u0161ka striuk\u0117 atspari vandeniui ir v\u0117jui su 40g. pa\u0161iltinimu, tinkanti pavasariui ir rudeniui ar net vasaros vakarams. Audinys turi membran\u0105 kuri u\u017etikrina kokybi\u0161k\u0105 kv\u0117pavim\u0105, tad vaikas neprakaituos, ta\u010diau ir nesu\u0161als, nes audinys n\u0117ra laidus v\u0117jui. Reguliuojamas gobtuvas ir rankovi\u0173 rankogaliai. Pe\u010di\u0173 srityje yra \u201eCondura\u201c sutvirtinimai d\u0117l patogaus kuprini\u0173 d\u0117v\u0117jimo. Vir\u0161utinis audinys dekoruotas \u0161vies\u0105 atspindin\u010diomis detal\u0117mis d\u0117l saugumo tamsiuoju paros metu.<\/p>\n","protected":false},"excerpt":{"rendered":"<p>Vaiki\u0161ka striuk\u0117 atspari vandeniui ir v\u0117jui su 40g. pa\u0161iltinimu, tinkanti pavasariui ir rudeniui ar net vasaros vakarams. Audinys turi membran\u0105 kuri u\u017etikrina kokybi\u0161k\u0105 kv\u0117pavim\u0105, tad vaikas neprakaituos, ta\u010diau ir nesu\u0161als, nes audinys n\u0117ra laidus v\u0117jui. Reguliuojamas gobtuvas ir rankovi\u0173 rankogaliai. Pe\u010di\u0173 srityje yra \u201eCondura\u201c sutvirtinimai d\u0117l patogaus kuprini\u0173 d\u0117v\u0117jimo. Vir\u0161utinis audinys dekoruotas \u0161vies\u0105 atspindin\u010diomis detal\u0117mis [&hellip;]<\/p>\n","protected":false},"featured_media":526830,"template":"","meta":{"_acf_changed":false},"product_brand":[],"product_cat":[4559,90,3318,331,19],"product_tag":[],"class_list":{"0":"post-526824","1":"product","2":"type-product","3":"status-publish","4":"has-post-thumbnail","6":"product_cat-parka-berniuku","7":"product_cat-berniuku","8":"product_cat-parka-vaikai","9":"product_cat-parka","10":"product_cat-vaikai","11":"pa_amzius-vaikai","12":"pa_atsparumas-vandeniui-10000mm","13":"pa_dydis-99","14":"pa_dydis-100","15":"pa_dydis-101","16":"pa_dydis-142","17":"pa_dydis-136","18":"pa_dydis-138","19":"pa_izoliacijos-svoris-40g","20":"pa_kolekcija-nr-sa2026","21":"pa_kolekcijos-dalis-parkas","22":"pa_lytis-berniuku","23":"pa_oro-pralaidumas-10000g-m-24h","24":"pa_prekes-artikulas-13050004-00177","25":"pa_rastuota-vienspalvis","26":"pa_sezonas-pavaris-ruduo","27":"pa_uzpildas-40g","29":"first","30":"instock","31":"taxable","32":"shipping-taxable","33":"purchasable","34":"product-type-variable"},"acf":[],"yoast_head":"<!-- This site is optimized with the Yoast SEO plugin v26.8 - https:\/\/yoast.com\/product\/yoast-seo-wordpress\/ -->\n<title>Berniuk\u0173 pavasario-rudens parka RANIS (40g) - Huppa LT<\/title>\n<meta name=\"robots\" content=\"index, follow, max-snippet:-1, max-image-preview:large, max-video-preview:-1\" \/>\n<link rel=\"canonical\" href=\"https:\/\/shop.huppa.eu\/lt\/product\/berniuku-pavasario-rudens-parka-ranis-40g-4\/\" \/>\n<meta property=\"og:locale\" content=\"lt_LT\" \/>\n<meta property=\"og:type\" content=\"article\" \/>\n<meta property=\"og:title\" content=\"Berniuk\u0173 pavasario-rudens parka RANIS (40g) - Huppa LT\" \/>\n<meta property=\"og:description\" content=\"Vaiki\u0161ka striuk\u0117 atspari vandeniui ir v\u0117jui su 40g. pa\u0161iltinimu, tinkanti pavasariui ir rudeniui ar net vasaros vakarams. Audinys turi membran\u0105 kuri u\u017etikrina kokybi\u0161k\u0105 kv\u0117pavim\u0105, tad vaikas neprakaituos, ta\u010diau ir nesu\u0161als, nes audinys n\u0117ra laidus v\u0117jui. Reguliuojamas gobtuvas ir rankovi\u0173 rankogaliai. Pe\u010di\u0173 srityje yra \u201eCondura\u201c sutvirtinimai d\u0117l patogaus kuprini\u0173 d\u0117v\u0117jimo. Vir\u0161utinis audinys dekoruotas \u0161vies\u0105 atspindin\u010diomis detal\u0117mis [&hellip;]\" \/>\n<meta property=\"og:url\" content=\"https:\/\/shop.huppa.eu\/lt\/product\/berniuku-pavasario-rudens-parka-ranis-40g-4\/\" \/>\n<meta property=\"og:site_name\" content=\"Huppa LT\" \/>\n<meta property=\"article:modified_time\" content=\"2026-04-09T08:04:23+00:00\" \/>\n<meta property=\"og:image\" content=\"https:\/\/huppashop-prod.s3.eu-north-1.amazonaws.com\/wp-content\/uploads\/sites\/5\/2026\/03\/10062850\/13050004-00177-RANIS_kids_f.jpg\" \/>\n\t<meta property=\"og:image:width\" content=\"1200\" \/>\n\t<meta property=\"og:image:height\" content=\"1200\" \/>\n\t<meta property=\"og:image:type\" content=\"image\/jpeg\" \/>\n<meta name=\"twitter:card\" content=\"summary_large_image\" \/>\n<script type=\"application\/ld+json\" class=\"yoast-schema-graph\">{\"@context\":\"https:\/\/schema.org\",\"@graph\":[{\"@type\":\"WebPage\",\"@id\":\"https:\/\/shop.huppa.eu\/lt\/product\/berniuku-pavasario-rudens-parka-ranis-40g-4\/\",\"url\":\"https:\/\/shop.huppa.eu\/lt\/product\/berniuku-pavasario-rudens-parka-ranis-40g-4\/\",\"name\":\"Berniuk\u0173 pavasario-rudens parka RANIS (40g) - Huppa LT\",\"isPartOf\":{\"@id\":\"https:\/\/shop.huppa.eu\/lt\/#website\"},\"primaryImageOfPage\":{\"@id\":\"https:\/\/shop.huppa.eu\/lt\/product\/berniuku-pavasario-rudens-parka-ranis-40g-4\/#primaryimage\"},\"image\":{\"@id\":\"https:\/\/shop.huppa.eu\/lt\/product\/berniuku-pavasario-rudens-parka-ranis-40g-4\/#primaryimage\"},\"thumbnailUrl\":\"https:\/\/huppashop-prod.s3.eu-north-1.amazonaws.com\/wp-content\/uploads\/sites\/5\/2026\/03\/10062850\/13050004-00177-RANIS_kids_f.jpg\",\"datePublished\":\"2026-03-10T04:28:47+00:00\",\"dateModified\":\"2026-04-09T08:04:23+00:00\",\"breadcrumb\":{\"@id\":\"https:\/\/shop.huppa.eu\/lt\/product\/berniuku-pavasario-rudens-parka-ranis-40g-4\/#breadcrumb\"},\"inLanguage\":\"lt-LT\",\"potentialAction\":[{\"@type\":\"ReadAction\",\"target\":[\"https:\/\/shop.huppa.eu\/lt\/product\/berniuku-pavasario-rudens-parka-ranis-40g-4\/\"]}]},{\"@type\":\"ImageObject\",\"inLanguage\":\"lt-LT\",\"@id\":\"https:\/\/shop.huppa.eu\/lt\/product\/berniuku-pavasario-rudens-parka-ranis-40g-4\/#primaryimage\",\"url\":\"https:\/\/huppashop-prod.s3.eu-north-1.amazonaws.com\/wp-content\/uploads\/sites\/5\/2026\/03\/10062850\/13050004-00177-RANIS_kids_f.jpg\",\"contentUrl\":\"https:\/\/huppashop-prod.s3.eu-north-1.amazonaws.com\/wp-content\/uploads\/sites\/5\/2026\/03\/10062850\/13050004-00177-RANIS_kids_f.jpg\",\"width\":1200,\"height\":1200},{\"@type\":\"BreadcrumbList\",\"@id\":\"https:\/\/shop.huppa.eu\/lt\/product\/berniuku-pavasario-rudens-parka-ranis-40g-4\/#breadcrumb\",\"itemListElement\":[{\"@type\":\"ListItem\",\"position\":1,\"name\":\"Shop\",\"item\":\"https:\/\/shop.huppa.eu\/lt\/shop\/\"},{\"@type\":\"ListItem\",\"position\":2,\"name\":\"Berniuk\u0173 pavasario-rudens parka RANIS (40g)\"}]},{\"@type\":\"WebSite\",\"@id\":\"https:\/\/shop.huppa.eu\/lt\/#website\",\"url\":\"https:\/\/shop.huppa.eu\/lt\/\",\"name\":\"Huppa LT\",\"description\":\"Huppa LT\",\"potentialAction\":[{\"@type\":\"SearchAction\",\"target\":{\"@type\":\"EntryPoint\",\"urlTemplate\":\"https:\/\/shop.huppa.eu\/lt\/?s={search_term_string}\"},\"query-input\":{\"@type\":\"PropertyValueSpecification\",\"valueRequired\":true,\"valueName\":\"search_term_string\"}}],\"inLanguage\":\"lt-LT\"}]}<\/script>\n<!-- \/ Yoast SEO plugin. -->","yoast_head_json":{"title":"Berniuk\u0173 pavasario-rudens parka RANIS (40g) - Huppa LT","robots":{"index":"index","follow":"follow","max-snippet":"max-snippet:-1","max-image-preview":"max-image-preview:large","max-video-preview":"max-video-preview:-1"},"canonical":"https:\/\/shop.huppa.eu\/lt\/product\/berniuku-pavasario-rudens-parka-ranis-40g-4\/","og_locale":"lt_LT","og_type":"article","og_title":"Berniuk\u0173 pavasario-rudens parka RANIS (40g) - Huppa LT","og_description":"Vaiki\u0161ka striuk\u0117 atspari vandeniui ir v\u0117jui su 40g. pa\u0161iltinimu, tinkanti pavasariui ir rudeniui ar net vasaros vakarams. Audinys turi membran\u0105 kuri u\u017etikrina kokybi\u0161k\u0105 kv\u0117pavim\u0105, tad vaikas neprakaituos, ta\u010diau ir nesu\u0161als, nes audinys n\u0117ra laidus v\u0117jui. Reguliuojamas gobtuvas ir rankovi\u0173 rankogaliai. Pe\u010di\u0173 srityje yra \u201eCondura\u201c sutvirtinimai d\u0117l patogaus kuprini\u0173 d\u0117v\u0117jimo. Vir\u0161utinis audinys dekoruotas \u0161vies\u0105 atspindin\u010diomis detal\u0117mis [&hellip;]","og_url":"https:\/\/shop.huppa.eu\/lt\/product\/berniuku-pavasario-rudens-parka-ranis-40g-4\/","og_site_name":"Huppa LT","article_modified_time":"2026-04-09T08:04:23+00:00","og_image":[{"width":1200,"height":1200,"url":"https:\/\/huppashop-prod.s3.eu-north-1.amazonaws.com\/wp-content\/uploads\/sites\/5\/2026\/03\/10062850\/13050004-00177-RANIS_kids_f.jpg","type":"image\/jpeg"}],"twitter_card":"summary_large_image","schema":{"@context":"https:\/\/schema.org","@graph":[{"@type":"WebPage","@id":"https:\/\/shop.huppa.eu\/lt\/product\/berniuku-pavasario-rudens-parka-ranis-40g-4\/","url":"https:\/\/shop.huppa.eu\/lt\/product\/berniuku-pavasario-rudens-parka-ranis-40g-4\/","name":"Berniuk\u0173 pavasario-rudens parka RANIS (40g) - Huppa LT","isPartOf":{"@id":"https:\/\/shop.huppa.eu\/lt\/#website"},"primaryImageOfPage":{"@id":"https:\/\/shop.huppa.eu\/lt\/product\/berniuku-pavasario-rudens-parka-ranis-40g-4\/#primaryimage"},"image":{"@id":"https:\/\/shop.huppa.eu\/lt\/product\/berniuku-pavasario-rudens-parka-ranis-40g-4\/#primaryimage"},"thumbnailUrl":"https:\/\/huppashop-prod.s3.eu-north-1.amazonaws.com\/wp-content\/uploads\/sites\/5\/2026\/03\/10062850\/13050004-00177-RANIS_kids_f.jpg","datePublished":"2026-03-10T04:28:47+00:00","dateModified":"2026-04-09T08:04:23+00:00","breadcrumb":{"@id":"https:\/\/shop.huppa.eu\/lt\/product\/berniuku-pavasario-rudens-parka-ranis-40g-4\/#breadcrumb"},"inLanguage":"lt-LT","potentialAction":[{"@type":"ReadAction","target":["https:\/\/shop.huppa.eu\/lt\/product\/berniuku-pavasario-rudens-parka-ranis-40g-4\/"]}]},{"@type":"ImageObject","inLanguage":"lt-LT","@id":"https:\/\/shop.huppa.eu\/lt\/product\/berniuku-pavasario-rudens-parka-ranis-40g-4\/#primaryimage","url":"https:\/\/huppashop-prod.s3.eu-north-1.amazonaws.com\/wp-content\/uploads\/sites\/5\/2026\/03\/10062850\/13050004-00177-RANIS_kids_f.jpg","contentUrl":"https:\/\/huppashop-prod.s3.eu-north-1.amazonaws.com\/wp-content\/uploads\/sites\/5\/2026\/03\/10062850\/13050004-00177-RANIS_kids_f.jpg","width":1200,"height":1200},{"@type":"BreadcrumbList","@id":"https:\/\/shop.huppa.eu\/lt\/product\/berniuku-pavasario-rudens-parka-ranis-40g-4\/#breadcrumb","itemListElement":[{"@type":"ListItem","position":1,"name":"Shop","item":"https:\/\/shop.huppa.eu\/lt\/shop\/"},{"@type":"ListItem","position":2,"name":"Berniuk\u0173 pavasario-rudens parka RANIS (40g)"}]},{"@type":"WebSite","@id":"https:\/\/shop.huppa.eu\/lt\/#website","url":"https:\/\/shop.huppa.eu\/lt\/","name":"Huppa LT","description":"Huppa LT","potentialAction":[{"@type":"SearchAction","target":{"@type":"EntryPoint","urlTemplate":"https:\/\/shop.huppa.eu\/lt\/?s={search_term_string}"},"query-input":{"@type":"PropertyValueSpecification","valueRequired":true,"valueName":"search_term_string"}}],"inLanguage":"lt-LT"}]}},"_links":{"self":[{"href":"https:\/\/shop.huppa.eu\/lt\/wp-json\/wp\/v2\/product\/526824","targetHints":{"allow":["GET"]}}],"collection":[{"href":"https:\/\/shop.huppa.eu\/lt\/wp-json\/wp\/v2\/product"}],"about":[{"href":"https:\/\/shop.huppa.eu\/lt\/wp-json\/wp\/v2\/types\/product"}],"wp:featuredmedia":[{"embeddable":true,"href":"https:\/\/shop.huppa.eu\/lt\/wp-json\/wp\/v2\/media\/526830"}],"wp:attachment":[{"href":"https:\/\/shop.huppa.eu\/lt\/wp-json\/wp\/v2\/media?parent=526824"}],"wp:term":[{"taxonomy":"product_brand","embeddable":true,"href":"https:\/\/shop.huppa.eu\/lt\/wp-json\/wp\/v2\/product_brand?post=526824"},{"taxonomy":"product_cat","embeddable":true,"href":"https:\/\/shop.huppa.eu\/lt\/wp-json\/wp\/v2\/product_cat?post=526824"},{"taxonomy":"product_tag","embeddable":true,"href":"https:\/\/shop.huppa.eu\/lt\/wp-json\/wp\/v2\/product_tag?post=526824"}],"curies":[{"name":"wp","href":"https:\/\/api.w.org\/{rel}","templated":true}]}}