{"id":527001,"date":"2026-03-14T06:47:28","date_gmt":"2026-03-14T04:47:28","guid":{"rendered":"https:\/\/shop.huppa.eu\/lt\/product\/huppa-tec-striuke-vyrams-niklas-300g\/"},"modified":"2026-04-09T05:46:03","modified_gmt":"2026-04-09T03:46:03","slug":"huppa-tec-striuke-vyrams-niklas-300g","status":"publish","type":"product","link":"https:\/\/shop.huppa.eu\/lt\/product\/huppa-tec-striuke-vyrams-niklas-300g\/","title":{"rendered":"HUPPA-TEC striuk\u0117 vyrams NIKLAS (300g)"},"content":{"rendered":"<p>300 g pa\u0161iltinimo sportinio kirpimo striuk\u0117 vyrams pagaminta pagal visas geriausias \u0161iuolaiki\u0161kas technologijas. Naujos kartos pamu\u0161alas HUPPA TEC suteikia maksimal\u0173 komfort\u0105 j\u0105 d\u0117vint.Tai inovatyvi med\u017eiaga, ant kurios ma\u017ei sidabriniai akcentai atspindi k\u016bno i\u0161skiriam\u0105 \u0161ilum\u0105, sulaikydami j\u0105 tarp k\u016bno ir med\u017eiagos ir i\u0161saugodami daugiau kaip 20 proc. \u0161ilumos. Tuo pa\u010diu metu med\u017eiaga kv\u0117puoja ir pa\u0161alina perteklin\u0119 k\u016bno dr\u0117gm\u0119. Pagamintas pagal speciali\u0105 technologij\u0105 HUPPA TEC audinys\u00a0efektyviai sugeria k\u016bno i\u0161skiriam\u0105 prakait\u0105 ir greitai i\u0161garina j\u012f i\u0161 audinio bei pagerina d\u017ei\u016bvim\u0105. D\u0117l \u0161i\u0173 savybi\u0173 jau\u010diamas didesnis komfortas tiek d\u0117vint kasdien, tiek aktyviau leid\u017eiant laisvalaik\u012f. Gobtuvas tvirtinamas knied\u0117mis, nuimamas, o jo nat\u016bralus kailis taip pat nusisega.Trikota\u017einiai rankogaliai, rankovi\u0173 galai reguliuojami lipukais, ki\u0161en\u0117s su u\u017etrauktukais, \u0161vies\u0105 atspindin\u010dios detal\u0117s suteikia maksimal\u0173 komfort\u0105 d\u0117vint j\u0105 \u017eiem\u0105.\u0160i striuk\u0117 tinka labai intensyviai sportinei veiklai ekstremaliomis s\u0105lygomis, pvz., alpinizmui, kaln\u0173 turizmui ir ekstremalioms slidin\u0117jimo sporto \u0161akoms.<\/p>\n","protected":false},"excerpt":{"rendered":"<p>300 g pa\u0161iltinimo sportinio kirpimo striuk\u0117 vyrams pagaminta pagal visas geriausias \u0161iuolaiki\u0161kas technologijas. Naujos kartos pamu\u0161alas HUPPA TEC suteikia maksimal\u0173 komfort\u0105 j\u0105 d\u0117vint.Tai inovatyvi med\u017eiaga, ant kurios ma\u017ei sidabriniai akcentai atspindi k\u016bno i\u0161skiriam\u0105 \u0161ilum\u0105, sulaikydami j\u0105 tarp k\u016bno ir med\u017eiagos ir i\u0161saugodami daugiau kaip 20 proc. \u0161ilumos. Tuo pa\u010diu metu med\u017eiaga kv\u0117puoja ir pa\u0161alina perteklin\u0119 [&hellip;]<\/p>\n","protected":false},"featured_media":424640,"template":"","meta":{"_acf_changed":false},"product_brand":[],"product_cat":[89,560,561,128,17],"product_tag":[],"class_list":{"0":"post-527001","1":"product","2":"type-product","3":"status-publish","4":"has-post-thumbnail","6":"product_cat-striukes-2","7":"product_cat-striukes-suaugusieji","8":"product_cat-striukes-vyrai","9":"product_cat-suaugusieji","10":"product_cat-vyrai","11":"pa_amzius-suaugusieji","12":"pa_atsparumas-vandeniui-10000mm","13":"pa_dydis-s","14":"pa_izoliacijos-svoris-300g","15":"pa_kolekcija-nr-w20-21","16":"pa_kolekcijos-dalis-huppatec","17":"pa_lytis-vyrai","18":"pa_oro-pralaidumas-10000g-m-24h","19":"pa_prekes-artikulas-18368030-80166","20":"pa_rastuota-vienspalvis","21":"pa_sezonas-ziema","22":"pa_uzpildas-300g","24":"first","25":"instock","26":"sale","27":"taxable","28":"shipping-taxable","29":"purchasable","30":"product-type-variable"},"acf":[],"yoast_head":"<!-- This site is optimized with the Yoast SEO plugin v26.8 - https:\/\/yoast.com\/product\/yoast-seo-wordpress\/ -->\n<title>HUPPA-TEC striuk\u0117 vyrams NIKLAS (300g) - Huppa LT<\/title>\n<meta name=\"robots\" content=\"index, follow, max-snippet:-1, max-image-preview:large, max-video-preview:-1\" \/>\n<link rel=\"canonical\" href=\"https:\/\/shop.huppa.eu\/lt\/product\/huppa-tec-striuke-vyrams-niklas-300g\/\" \/>\n<meta property=\"og:locale\" content=\"lt_LT\" \/>\n<meta property=\"og:type\" content=\"article\" \/>\n<meta property=\"og:title\" content=\"HUPPA-TEC striuk\u0117 vyrams NIKLAS (300g) - Huppa LT\" \/>\n<meta property=\"og:description\" content=\"300 g pa\u0161iltinimo sportinio kirpimo striuk\u0117 vyrams pagaminta pagal visas geriausias \u0161iuolaiki\u0161kas technologijas. Naujos kartos pamu\u0161alas HUPPA TEC suteikia maksimal\u0173 komfort\u0105 j\u0105 d\u0117vint.Tai inovatyvi med\u017eiaga, ant kurios ma\u017ei sidabriniai akcentai atspindi k\u016bno i\u0161skiriam\u0105 \u0161ilum\u0105, sulaikydami j\u0105 tarp k\u016bno ir med\u017eiagos ir i\u0161saugodami daugiau kaip 20 proc. \u0161ilumos. Tuo pa\u010diu metu med\u017eiaga kv\u0117puoja ir pa\u0161alina perteklin\u0119 [&hellip;]\" \/>\n<meta property=\"og:url\" content=\"https:\/\/shop.huppa.eu\/lt\/product\/huppa-tec-striuke-vyrams-niklas-300g\/\" \/>\n<meta property=\"og:site_name\" content=\"Huppa LT\" \/>\n<meta property=\"article:modified_time\" content=\"2026-04-09T03:46:03+00:00\" \/>\n<meta property=\"og:image\" content=\"https:\/\/huppashop-prod.s3.eu-north-1.amazonaws.com\/wp-content\/uploads\/sites\/3\/2021\/06\/03021941\/18368030-80166-NIKLAS_f.jpg\" \/>\n\t<meta property=\"og:image:width\" content=\"1200\" \/>\n\t<meta property=\"og:image:height\" content=\"1200\" \/>\n\t<meta property=\"og:image:type\" content=\"image\/jpeg\" \/>\n<meta name=\"twitter:card\" content=\"summary_large_image\" \/>\n<meta name=\"twitter:label1\" content=\"Est. reading time\" \/>\n\t<meta name=\"twitter:data1\" content=\"1 minut\u0117\" \/>\n<script type=\"application\/ld+json\" class=\"yoast-schema-graph\">{\"@context\":\"https:\/\/schema.org\",\"@graph\":[{\"@type\":\"WebPage\",\"@id\":\"https:\/\/shop.huppa.eu\/lt\/product\/huppa-tec-striuke-vyrams-niklas-300g\/\",\"url\":\"https:\/\/shop.huppa.eu\/lt\/product\/huppa-tec-striuke-vyrams-niklas-300g\/\",\"name\":\"HUPPA-TEC striuk\u0117 vyrams NIKLAS (300g) - Huppa LT\",\"isPartOf\":{\"@id\":\"https:\/\/shop.huppa.eu\/lt\/#website\"},\"primaryImageOfPage\":{\"@id\":\"https:\/\/shop.huppa.eu\/lt\/product\/huppa-tec-striuke-vyrams-niklas-300g\/#primaryimage\"},\"image\":{\"@id\":\"https:\/\/shop.huppa.eu\/lt\/product\/huppa-tec-striuke-vyrams-niklas-300g\/#primaryimage\"},\"thumbnailUrl\":\"https:\/\/huppashop-prod.s3.eu-north-1.amazonaws.com\/wp-content\/uploads\/sites\/3\/2021\/06\/03021941\/18368030-80166-NIKLAS_f.jpg\",\"datePublished\":\"2026-03-14T04:47:28+00:00\",\"dateModified\":\"2026-04-09T03:46:03+00:00\",\"breadcrumb\":{\"@id\":\"https:\/\/shop.huppa.eu\/lt\/product\/huppa-tec-striuke-vyrams-niklas-300g\/#breadcrumb\"},\"inLanguage\":\"lt-LT\",\"potentialAction\":[{\"@type\":\"ReadAction\",\"target\":[\"https:\/\/shop.huppa.eu\/lt\/product\/huppa-tec-striuke-vyrams-niklas-300g\/\"]}]},{\"@type\":\"ImageObject\",\"inLanguage\":\"lt-LT\",\"@id\":\"https:\/\/shop.huppa.eu\/lt\/product\/huppa-tec-striuke-vyrams-niklas-300g\/#primaryimage\",\"url\":\"https:\/\/huppashop-prod.s3.eu-north-1.amazonaws.com\/wp-content\/uploads\/sites\/3\/2021\/06\/03021941\/18368030-80166-NIKLAS_f.jpg\",\"contentUrl\":\"https:\/\/huppashop-prod.s3.eu-north-1.amazonaws.com\/wp-content\/uploads\/sites\/3\/2021\/06\/03021941\/18368030-80166-NIKLAS_f.jpg\",\"width\":1200,\"height\":1200},{\"@type\":\"BreadcrumbList\",\"@id\":\"https:\/\/shop.huppa.eu\/lt\/product\/huppa-tec-striuke-vyrams-niklas-300g\/#breadcrumb\",\"itemListElement\":[{\"@type\":\"ListItem\",\"position\":1,\"name\":\"Shop\",\"item\":\"https:\/\/shop.huppa.eu\/lt\/shop\/\"},{\"@type\":\"ListItem\",\"position\":2,\"name\":\"HUPPA-TEC striuk\u0117 vyrams NIKLAS (300g)\"}]},{\"@type\":\"WebSite\",\"@id\":\"https:\/\/shop.huppa.eu\/lt\/#website\",\"url\":\"https:\/\/shop.huppa.eu\/lt\/\",\"name\":\"Huppa LT\",\"description\":\"Huppa LT\",\"potentialAction\":[{\"@type\":\"SearchAction\",\"target\":{\"@type\":\"EntryPoint\",\"urlTemplate\":\"https:\/\/shop.huppa.eu\/lt\/?s={search_term_string}\"},\"query-input\":{\"@type\":\"PropertyValueSpecification\",\"valueRequired\":true,\"valueName\":\"search_term_string\"}}],\"inLanguage\":\"lt-LT\"}]}<\/script>\n<!-- \/ Yoast SEO plugin. -->","yoast_head_json":{"title":"HUPPA-TEC striuk\u0117 vyrams NIKLAS (300g) - Huppa LT","robots":{"index":"index","follow":"follow","max-snippet":"max-snippet:-1","max-image-preview":"max-image-preview:large","max-video-preview":"max-video-preview:-1"},"canonical":"https:\/\/shop.huppa.eu\/lt\/product\/huppa-tec-striuke-vyrams-niklas-300g\/","og_locale":"lt_LT","og_type":"article","og_title":"HUPPA-TEC striuk\u0117 vyrams NIKLAS (300g) - Huppa LT","og_description":"300 g pa\u0161iltinimo sportinio kirpimo striuk\u0117 vyrams pagaminta pagal visas geriausias \u0161iuolaiki\u0161kas technologijas. Naujos kartos pamu\u0161alas HUPPA TEC suteikia maksimal\u0173 komfort\u0105 j\u0105 d\u0117vint.Tai inovatyvi med\u017eiaga, ant kurios ma\u017ei sidabriniai akcentai atspindi k\u016bno i\u0161skiriam\u0105 \u0161ilum\u0105, sulaikydami j\u0105 tarp k\u016bno ir med\u017eiagos ir i\u0161saugodami daugiau kaip 20 proc. \u0161ilumos. Tuo pa\u010diu metu med\u017eiaga kv\u0117puoja ir pa\u0161alina perteklin\u0119 [&hellip;]","og_url":"https:\/\/shop.huppa.eu\/lt\/product\/huppa-tec-striuke-vyrams-niklas-300g\/","og_site_name":"Huppa LT","article_modified_time":"2026-04-09T03:46:03+00:00","og_image":[{"width":1200,"height":1200,"url":"https:\/\/huppashop-prod.s3.eu-north-1.amazonaws.com\/wp-content\/uploads\/sites\/3\/2021\/06\/03021941\/18368030-80166-NIKLAS_f.jpg","type":"image\/jpeg"}],"twitter_card":"summary_large_image","twitter_misc":{"Est. reading time":"1 minut\u0117"},"schema":{"@context":"https:\/\/schema.org","@graph":[{"@type":"WebPage","@id":"https:\/\/shop.huppa.eu\/lt\/product\/huppa-tec-striuke-vyrams-niklas-300g\/","url":"https:\/\/shop.huppa.eu\/lt\/product\/huppa-tec-striuke-vyrams-niklas-300g\/","name":"HUPPA-TEC striuk\u0117 vyrams NIKLAS (300g) - Huppa LT","isPartOf":{"@id":"https:\/\/shop.huppa.eu\/lt\/#website"},"primaryImageOfPage":{"@id":"https:\/\/shop.huppa.eu\/lt\/product\/huppa-tec-striuke-vyrams-niklas-300g\/#primaryimage"},"image":{"@id":"https:\/\/shop.huppa.eu\/lt\/product\/huppa-tec-striuke-vyrams-niklas-300g\/#primaryimage"},"thumbnailUrl":"https:\/\/huppashop-prod.s3.eu-north-1.amazonaws.com\/wp-content\/uploads\/sites\/3\/2021\/06\/03021941\/18368030-80166-NIKLAS_f.jpg","datePublished":"2026-03-14T04:47:28+00:00","dateModified":"2026-04-09T03:46:03+00:00","breadcrumb":{"@id":"https:\/\/shop.huppa.eu\/lt\/product\/huppa-tec-striuke-vyrams-niklas-300g\/#breadcrumb"},"inLanguage":"lt-LT","potentialAction":[{"@type":"ReadAction","target":["https:\/\/shop.huppa.eu\/lt\/product\/huppa-tec-striuke-vyrams-niklas-300g\/"]}]},{"@type":"ImageObject","inLanguage":"lt-LT","@id":"https:\/\/shop.huppa.eu\/lt\/product\/huppa-tec-striuke-vyrams-niklas-300g\/#primaryimage","url":"https:\/\/huppashop-prod.s3.eu-north-1.amazonaws.com\/wp-content\/uploads\/sites\/3\/2021\/06\/03021941\/18368030-80166-NIKLAS_f.jpg","contentUrl":"https:\/\/huppashop-prod.s3.eu-north-1.amazonaws.com\/wp-content\/uploads\/sites\/3\/2021\/06\/03021941\/18368030-80166-NIKLAS_f.jpg","width":1200,"height":1200},{"@type":"BreadcrumbList","@id":"https:\/\/shop.huppa.eu\/lt\/product\/huppa-tec-striuke-vyrams-niklas-300g\/#breadcrumb","itemListElement":[{"@type":"ListItem","position":1,"name":"Shop","item":"https:\/\/shop.huppa.eu\/lt\/shop\/"},{"@type":"ListItem","position":2,"name":"HUPPA-TEC striuk\u0117 vyrams NIKLAS (300g)"}]},{"@type":"WebSite","@id":"https:\/\/shop.huppa.eu\/lt\/#website","url":"https:\/\/shop.huppa.eu\/lt\/","name":"Huppa LT","description":"Huppa LT","potentialAction":[{"@type":"SearchAction","target":{"@type":"EntryPoint","urlTemplate":"https:\/\/shop.huppa.eu\/lt\/?s={search_term_string}"},"query-input":{"@type":"PropertyValueSpecification","valueRequired":true,"valueName":"search_term_string"}}],"inLanguage":"lt-LT"}]}},"_links":{"self":[{"href":"https:\/\/shop.huppa.eu\/lt\/wp-json\/wp\/v2\/product\/527001","targetHints":{"allow":["GET"]}}],"collection":[{"href":"https:\/\/shop.huppa.eu\/lt\/wp-json\/wp\/v2\/product"}],"about":[{"href":"https:\/\/shop.huppa.eu\/lt\/wp-json\/wp\/v2\/types\/product"}],"wp:featuredmedia":[{"embeddable":true,"href":"https:\/\/shop.huppa.eu\/lt\/wp-json\/wp\/v2\/media\/424640"}],"wp:attachment":[{"href":"https:\/\/shop.huppa.eu\/lt\/wp-json\/wp\/v2\/media?parent=527001"}],"wp:term":[{"taxonomy":"product_brand","embeddable":true,"href":"https:\/\/shop.huppa.eu\/lt\/wp-json\/wp\/v2\/product_brand?post=527001"},{"taxonomy":"product_cat","embeddable":true,"href":"https:\/\/shop.huppa.eu\/lt\/wp-json\/wp\/v2\/product_cat?post=527001"},{"taxonomy":"product_tag","embeddable":true,"href":"https:\/\/shop.huppa.eu\/lt\/wp-json\/wp\/v2\/product_tag?post=527001"}],"curies":[{"name":"wp","href":"https:\/\/api.w.org\/{rel}","templated":true}]}}