{"id":527054,"date":"2026-03-14T08:06:16","date_gmt":"2026-03-14T06:06:16","guid":{"rendered":"https:\/\/shop.huppa.eu\/lt\/product\/vaiku-ziemine-kepure-weemi-90g-2\/"},"modified":"2026-04-16T07:03:11","modified_gmt":"2026-04-16T05:03:11","slug":"vaiku-ziemine-kepure-weemi-90g-2","status":"publish","type":"product","link":"https:\/\/shop.huppa.eu\/lt\/product\/vaiku-ziemine-kepure-weemi-90g-2\/","title":{"rendered":"Vaik\u0173 \u017eiemin\u0117 kepur\u0117 WEEMI (90g)"},"content":{"rendered":"<p>Lengva 150 g \u0161iltinama \u017eiemos kepur\u0117 ma\u017eyliams. Kepur\u0117 turi dirbtinio kailio pamu\u0161im\u0105 ir mink\u0161t\u0105 poliesterio i\u0161orin\u012f audin\u012f, kuris kv\u0117puoja ir yra atsparaus vandeniui. Patogesniam pritaikymui kepur\u0117 turi reguliuojam\u0105 kaklo sekcij\u0105 ir ausel\u0117s, kurias galima prikabinti lipukais po smakru. Kepur\u0117s auseles galima pritvirtinti prie galvos vir\u0161aus, tod\u0117l galima reguliuoti kepur\u0117s d\u0117v\u0117jimo b\u016bd\u0105.<\/p>\n","protected":false},"excerpt":{"rendered":"<p>Lengva 150 g \u0161iltinama \u017eiemos kepur\u0117 ma\u017eyliams. Kepur\u0117 turi dirbtinio kailio pamu\u0161im\u0105 ir mink\u0161t\u0105 poliesterio i\u0161orin\u012f audin\u012f, kuris kv\u0117puoja ir yra atsparaus vandeniui. Patogesniam pritaikymui kepur\u0117 turi reguliuojam\u0105 kaklo sekcij\u0105 ir ausel\u0117s, kurias galima prikabinti lipukais po smakru. Kepur\u0117s auseles galima pritvirtinti prie galvos vir\u0161aus, tod\u0117l galima reguliuoti kepur\u0117s d\u0117v\u0117jimo b\u016bd\u0105.<\/p>\n","protected":false},"featured_media":493372,"template":"","meta":{"_acf_changed":false},"product_brand":[],"product_cat":[5695,5697,1771,1774,1786,102,19],"product_tag":[],"class_list":{"0":"post-527054","1":"product","2":"type-product","3":"status-publish","4":"has-post-thumbnail","6":"product_cat-accessories","7":"product_cat-kepures-accessories","8":"product_cat-kepureles","9":"product_cat-kepureles-2","10":"product_cat-kepureles-mergaiciu","11":"product_cat-mergaiciu","12":"product_cat-vaikai","13":"pa_amzius-vaikai","14":"pa_atsparumas-vandeniui-5000mm","15":"pa_dydis-2485","16":"pa_dydis-2486","17":"pa_izoliacijos-svoris-90g","18":"pa_kolekcija-nr-w15-16","19":"pa_kolekcijos-dalis-accessories","20":"pa_lytis-mergaiciu","21":"pa_oro-pralaidumas-5000g-m-24h","22":"pa_prekes-artikulas-8827aw15-063","23":"pa_rastuota-vienspalvis","24":"pa_uzpildas-90g","26":"first","27":"instock","28":"sale","29":"taxable","30":"shipping-taxable","31":"purchasable","32":"product-type-variable"},"acf":[],"yoast_head":"<!-- This site is optimized with the Yoast SEO plugin v26.8 - https:\/\/yoast.com\/product\/yoast-seo-wordpress\/ -->\n<title>Vaik\u0173 \u017eiemin\u0117 kepur\u0117 WEEMI (90g) - Huppa LT<\/title>\n<meta name=\"robots\" content=\"index, follow, max-snippet:-1, max-image-preview:large, max-video-preview:-1\" \/>\n<link rel=\"canonical\" href=\"https:\/\/shop.huppa.eu\/lt\/product\/vaiku-ziemine-kepure-weemi-90g-2\/\" \/>\n<meta property=\"og:locale\" content=\"lt_LT\" \/>\n<meta property=\"og:type\" content=\"article\" \/>\n<meta property=\"og:title\" content=\"Vaik\u0173 \u017eiemin\u0117 kepur\u0117 WEEMI (90g) - Huppa LT\" \/>\n<meta property=\"og:description\" content=\"Lengva 150 g \u0161iltinama \u017eiemos kepur\u0117 ma\u017eyliams. Kepur\u0117 turi dirbtinio kailio pamu\u0161im\u0105 ir mink\u0161t\u0105 poliesterio i\u0161orin\u012f audin\u012f, kuris kv\u0117puoja ir yra atsparaus vandeniui. Patogesniam pritaikymui kepur\u0117 turi reguliuojam\u0105 kaklo sekcij\u0105 ir ausel\u0117s, kurias galima prikabinti lipukais po smakru. Kepur\u0117s auseles galima pritvirtinti prie galvos vir\u0161aus, tod\u0117l galima reguliuoti kepur\u0117s d\u0117v\u0117jimo b\u016bd\u0105.\" \/>\n<meta property=\"og:url\" content=\"https:\/\/shop.huppa.eu\/lt\/product\/vaiku-ziemine-kepure-weemi-90g-2\/\" \/>\n<meta property=\"og:site_name\" content=\"Huppa LT\" \/>\n<meta property=\"article:modified_time\" content=\"2026-04-16T05:03:11+00:00\" \/>\n<meta property=\"og:image\" content=\"https:\/\/huppashop-prod.s3.eu-north-1.amazonaws.com\/wp-content\/uploads\/sites\/5\/2023\/03\/03031241\/8827AW15-063-WEEMI.png\" \/>\n\t<meta property=\"og:image:width\" content=\"800\" \/>\n\t<meta property=\"og:image:height\" content=\"800\" \/>\n\t<meta property=\"og:image:type\" content=\"image\/png\" \/>\n<meta name=\"twitter:card\" content=\"summary_large_image\" \/>\n<script type=\"application\/ld+json\" class=\"yoast-schema-graph\">{\"@context\":\"https:\/\/schema.org\",\"@graph\":[{\"@type\":\"WebPage\",\"@id\":\"https:\/\/shop.huppa.eu\/lt\/product\/vaiku-ziemine-kepure-weemi-90g-2\/\",\"url\":\"https:\/\/shop.huppa.eu\/lt\/product\/vaiku-ziemine-kepure-weemi-90g-2\/\",\"name\":\"Vaik\u0173 \u017eiemin\u0117 kepur\u0117 WEEMI (90g) - Huppa LT\",\"isPartOf\":{\"@id\":\"https:\/\/shop.huppa.eu\/lt\/#website\"},\"primaryImageOfPage\":{\"@id\":\"https:\/\/shop.huppa.eu\/lt\/product\/vaiku-ziemine-kepure-weemi-90g-2\/#primaryimage\"},\"image\":{\"@id\":\"https:\/\/shop.huppa.eu\/lt\/product\/vaiku-ziemine-kepure-weemi-90g-2\/#primaryimage\"},\"thumbnailUrl\":\"https:\/\/huppashop-prod.s3.eu-north-1.amazonaws.com\/wp-content\/uploads\/sites\/5\/2023\/03\/03031241\/8827AW15-063-WEEMI.png\",\"datePublished\":\"2026-03-14T06:06:16+00:00\",\"dateModified\":\"2026-04-16T05:03:11+00:00\",\"breadcrumb\":{\"@id\":\"https:\/\/shop.huppa.eu\/lt\/product\/vaiku-ziemine-kepure-weemi-90g-2\/#breadcrumb\"},\"inLanguage\":\"lt-LT\",\"potentialAction\":[{\"@type\":\"ReadAction\",\"target\":[\"https:\/\/shop.huppa.eu\/lt\/product\/vaiku-ziemine-kepure-weemi-90g-2\/\"]}]},{\"@type\":\"ImageObject\",\"inLanguage\":\"lt-LT\",\"@id\":\"https:\/\/shop.huppa.eu\/lt\/product\/vaiku-ziemine-kepure-weemi-90g-2\/#primaryimage\",\"url\":\"https:\/\/huppashop-prod.s3.eu-north-1.amazonaws.com\/wp-content\/uploads\/sites\/5\/2023\/03\/03031241\/8827AW15-063-WEEMI.png\",\"contentUrl\":\"https:\/\/huppashop-prod.s3.eu-north-1.amazonaws.com\/wp-content\/uploads\/sites\/5\/2023\/03\/03031241\/8827AW15-063-WEEMI.png\",\"width\":800,\"height\":800},{\"@type\":\"BreadcrumbList\",\"@id\":\"https:\/\/shop.huppa.eu\/lt\/product\/vaiku-ziemine-kepure-weemi-90g-2\/#breadcrumb\",\"itemListElement\":[{\"@type\":\"ListItem\",\"position\":1,\"name\":\"Shop\",\"item\":\"https:\/\/shop.huppa.eu\/lt\/shop\/\"},{\"@type\":\"ListItem\",\"position\":2,\"name\":\"Vaik\u0173 \u017eiemin\u0117 kepur\u0117 WEEMI (90g)\"}]},{\"@type\":\"WebSite\",\"@id\":\"https:\/\/shop.huppa.eu\/lt\/#website\",\"url\":\"https:\/\/shop.huppa.eu\/lt\/\",\"name\":\"Huppa LT\",\"description\":\"Huppa LT\",\"potentialAction\":[{\"@type\":\"SearchAction\",\"target\":{\"@type\":\"EntryPoint\",\"urlTemplate\":\"https:\/\/shop.huppa.eu\/lt\/?s={search_term_string}\"},\"query-input\":{\"@type\":\"PropertyValueSpecification\",\"valueRequired\":true,\"valueName\":\"search_term_string\"}}],\"inLanguage\":\"lt-LT\"}]}<\/script>\n<!-- \/ Yoast SEO plugin. -->","yoast_head_json":{"title":"Vaik\u0173 \u017eiemin\u0117 kepur\u0117 WEEMI (90g) - Huppa LT","robots":{"index":"index","follow":"follow","max-snippet":"max-snippet:-1","max-image-preview":"max-image-preview:large","max-video-preview":"max-video-preview:-1"},"canonical":"https:\/\/shop.huppa.eu\/lt\/product\/vaiku-ziemine-kepure-weemi-90g-2\/","og_locale":"lt_LT","og_type":"article","og_title":"Vaik\u0173 \u017eiemin\u0117 kepur\u0117 WEEMI (90g) - Huppa LT","og_description":"Lengva 150 g \u0161iltinama \u017eiemos kepur\u0117 ma\u017eyliams. Kepur\u0117 turi dirbtinio kailio pamu\u0161im\u0105 ir mink\u0161t\u0105 poliesterio i\u0161orin\u012f audin\u012f, kuris kv\u0117puoja ir yra atsparaus vandeniui. Patogesniam pritaikymui kepur\u0117 turi reguliuojam\u0105 kaklo sekcij\u0105 ir ausel\u0117s, kurias galima prikabinti lipukais po smakru. Kepur\u0117s auseles galima pritvirtinti prie galvos vir\u0161aus, tod\u0117l galima reguliuoti kepur\u0117s d\u0117v\u0117jimo b\u016bd\u0105.","og_url":"https:\/\/shop.huppa.eu\/lt\/product\/vaiku-ziemine-kepure-weemi-90g-2\/","og_site_name":"Huppa LT","article_modified_time":"2026-04-16T05:03:11+00:00","og_image":[{"width":800,"height":800,"url":"https:\/\/huppashop-prod.s3.eu-north-1.amazonaws.com\/wp-content\/uploads\/sites\/5\/2023\/03\/03031241\/8827AW15-063-WEEMI.png","type":"image\/png"}],"twitter_card":"summary_large_image","schema":{"@context":"https:\/\/schema.org","@graph":[{"@type":"WebPage","@id":"https:\/\/shop.huppa.eu\/lt\/product\/vaiku-ziemine-kepure-weemi-90g-2\/","url":"https:\/\/shop.huppa.eu\/lt\/product\/vaiku-ziemine-kepure-weemi-90g-2\/","name":"Vaik\u0173 \u017eiemin\u0117 kepur\u0117 WEEMI (90g) - Huppa LT","isPartOf":{"@id":"https:\/\/shop.huppa.eu\/lt\/#website"},"primaryImageOfPage":{"@id":"https:\/\/shop.huppa.eu\/lt\/product\/vaiku-ziemine-kepure-weemi-90g-2\/#primaryimage"},"image":{"@id":"https:\/\/shop.huppa.eu\/lt\/product\/vaiku-ziemine-kepure-weemi-90g-2\/#primaryimage"},"thumbnailUrl":"https:\/\/huppashop-prod.s3.eu-north-1.amazonaws.com\/wp-content\/uploads\/sites\/5\/2023\/03\/03031241\/8827AW15-063-WEEMI.png","datePublished":"2026-03-14T06:06:16+00:00","dateModified":"2026-04-16T05:03:11+00:00","breadcrumb":{"@id":"https:\/\/shop.huppa.eu\/lt\/product\/vaiku-ziemine-kepure-weemi-90g-2\/#breadcrumb"},"inLanguage":"lt-LT","potentialAction":[{"@type":"ReadAction","target":["https:\/\/shop.huppa.eu\/lt\/product\/vaiku-ziemine-kepure-weemi-90g-2\/"]}]},{"@type":"ImageObject","inLanguage":"lt-LT","@id":"https:\/\/shop.huppa.eu\/lt\/product\/vaiku-ziemine-kepure-weemi-90g-2\/#primaryimage","url":"https:\/\/huppashop-prod.s3.eu-north-1.amazonaws.com\/wp-content\/uploads\/sites\/5\/2023\/03\/03031241\/8827AW15-063-WEEMI.png","contentUrl":"https:\/\/huppashop-prod.s3.eu-north-1.amazonaws.com\/wp-content\/uploads\/sites\/5\/2023\/03\/03031241\/8827AW15-063-WEEMI.png","width":800,"height":800},{"@type":"BreadcrumbList","@id":"https:\/\/shop.huppa.eu\/lt\/product\/vaiku-ziemine-kepure-weemi-90g-2\/#breadcrumb","itemListElement":[{"@type":"ListItem","position":1,"name":"Shop","item":"https:\/\/shop.huppa.eu\/lt\/shop\/"},{"@type":"ListItem","position":2,"name":"Vaik\u0173 \u017eiemin\u0117 kepur\u0117 WEEMI (90g)"}]},{"@type":"WebSite","@id":"https:\/\/shop.huppa.eu\/lt\/#website","url":"https:\/\/shop.huppa.eu\/lt\/","name":"Huppa LT","description":"Huppa LT","potentialAction":[{"@type":"SearchAction","target":{"@type":"EntryPoint","urlTemplate":"https:\/\/shop.huppa.eu\/lt\/?s={search_term_string}"},"query-input":{"@type":"PropertyValueSpecification","valueRequired":true,"valueName":"search_term_string"}}],"inLanguage":"lt-LT"}]}},"_links":{"self":[{"href":"https:\/\/shop.huppa.eu\/lt\/wp-json\/wp\/v2\/product\/527054","targetHints":{"allow":["GET"]}}],"collection":[{"href":"https:\/\/shop.huppa.eu\/lt\/wp-json\/wp\/v2\/product"}],"about":[{"href":"https:\/\/shop.huppa.eu\/lt\/wp-json\/wp\/v2\/types\/product"}],"wp:featuredmedia":[{"embeddable":true,"href":"https:\/\/shop.huppa.eu\/lt\/wp-json\/wp\/v2\/media\/493372"}],"wp:attachment":[{"href":"https:\/\/shop.huppa.eu\/lt\/wp-json\/wp\/v2\/media?parent=527054"}],"wp:term":[{"taxonomy":"product_brand","embeddable":true,"href":"https:\/\/shop.huppa.eu\/lt\/wp-json\/wp\/v2\/product_brand?post=527054"},{"taxonomy":"product_cat","embeddable":true,"href":"https:\/\/shop.huppa.eu\/lt\/wp-json\/wp\/v2\/product_cat?post=527054"},{"taxonomy":"product_tag","embeddable":true,"href":"https:\/\/shop.huppa.eu\/lt\/wp-json\/wp\/v2\/product_tag?post=527054"}],"curies":[{"name":"wp","href":"https:\/\/api.w.org\/{rel}","templated":true}]}}