{"id":527197,"date":"2026-03-31T05:23:32","date_gmt":"2026-03-31T03:23:32","guid":{"rendered":"https:\/\/shop.huppa.eu\/lt\/product\/vyriskas-paltas-jarno-140g\/"},"modified":"2026-05-03T05:24:08","modified_gmt":"2026-05-03T03:24:08","slug":"vyriskas-paltas-jarno-140g","status":"publish","type":"product","link":"https:\/\/shop.huppa.eu\/lt\/product\/vyriskas-paltas-jarno-140g\/","title":{"rendered":"Vyri\u0161kas paltas JARNO (140g)"},"content":{"rendered":"<p>Vyri\u0161kas atstumiantis vanden\u012f ir neperpu\u010diamas paltas su 140 g \u0161iltinamuoju sluoksniu. I\u0161orinis audinys laidus orui, lengvas ir atsparus UV spinduliams. Audinys pagamintas i\u0161 perdirbto pluo\u0161to. Vidin\u0117je palto pus\u0117je mink\u0161tas pamu\u0161alo audinys. Priekyje dvikryptis u\u017etrauktukas. Ki\u0161en\u0117s su u\u017etrauktukais. \u0160vies\u0105 atspindin\u010dios detal\u0117s ant vir\u0161utinio audinio.<\/p>\n","protected":false},"excerpt":{"rendered":"<p>Vyri\u0161kas atstumiantis vanden\u012f ir neperpu\u010diamas paltas su 140 g \u0161iltinamuoju sluoksniu. I\u0161orinis audinys laidus orui, lengvas ir atsparus UV spinduliams. Audinys pagamintas i\u0161 perdirbto pluo\u0161to. Vidin\u0117je palto pus\u0117je mink\u0161tas pamu\u0161alo audinys. Priekyje dvikryptis u\u017etrauktukas. Ki\u0161en\u0117s su u\u017etrauktukais. \u0160vies\u0105 atspindin\u010dios detal\u0117s ant vir\u0161utinio audinio.<\/p>\n","protected":false},"featured_media":513583,"template":"","meta":{"_acf_changed":false},"product_brand":[],"product_cat":[231,116,129,128,17],"product_tag":[],"class_list":{"0":"post-527197","1":"product","2":"type-product","3":"status-publish","4":"has-post-thumbnail","6":"product_cat-paltai-vyrai","7":"product_cat-paltai","8":"product_cat-paltai-suaugusieji","9":"product_cat-suaugusieji","10":"product_cat-vyrai","11":"pa_amzius-suaugusieji","12":"pa_atsparumas-vandeniui-water-repellentmm","13":"pa_dydis-xxl","14":"pa_izoliacijos-svoris-140g","15":"pa_kolekcija-nr-sa2025","16":"pa_kolekcijos-dalis-semi-season","17":"pa_lytis-vyrai","18":"pa_oro-pralaidumas-g-m-24h","19":"pa_prekes-artikulas-12788014-30009","20":"pa_rastuota-vienspalvis","21":"pa_sezonas-semi-season","22":"pa_uzpildas-140g","24":"first","25":"instock","26":"sale","27":"taxable","28":"shipping-taxable","29":"purchasable","30":"product-type-variable"},"acf":[],"yoast_head":"<!-- This site is optimized with the Yoast SEO plugin v26.8 - https:\/\/yoast.com\/product\/yoast-seo-wordpress\/ -->\n<title>Vyri\u0161kas paltas JARNO (140g) - Huppa LT<\/title>\n<meta name=\"robots\" content=\"index, follow, max-snippet:-1, max-image-preview:large, max-video-preview:-1\" \/>\n<link rel=\"canonical\" href=\"https:\/\/shop.huppa.eu\/lt\/product\/vyriskas-paltas-jarno-140g\/\" \/>\n<meta property=\"og:locale\" content=\"lt_LT\" \/>\n<meta property=\"og:type\" content=\"article\" \/>\n<meta property=\"og:title\" content=\"Vyri\u0161kas paltas JARNO (140g) - Huppa LT\" \/>\n<meta property=\"og:description\" content=\"Vyri\u0161kas atstumiantis vanden\u012f ir neperpu\u010diamas paltas su 140 g \u0161iltinamuoju sluoksniu. I\u0161orinis audinys laidus orui, lengvas ir atsparus UV spinduliams. Audinys pagamintas i\u0161 perdirbto pluo\u0161to. Vidin\u0117je palto pus\u0117je mink\u0161tas pamu\u0161alo audinys. Priekyje dvikryptis u\u017etrauktukas. Ki\u0161en\u0117s su u\u017etrauktukais. \u0160vies\u0105 atspindin\u010dios detal\u0117s ant vir\u0161utinio audinio.\" \/>\n<meta property=\"og:url\" content=\"https:\/\/shop.huppa.eu\/lt\/product\/vyriskas-paltas-jarno-140g\/\" \/>\n<meta property=\"og:site_name\" content=\"Huppa LT\" \/>\n<meta property=\"article:modified_time\" content=\"2026-05-03T03:24:08+00:00\" \/>\n<meta property=\"og:image\" content=\"https:\/\/huppashop-prod.s3.eu-north-1.amazonaws.com\/wp-content\/uploads\/sites\/5\/2025\/10\/02031623\/12788014-30009-JARNO_mw_f.jpg\" \/>\n\t<meta property=\"og:image:width\" content=\"1200\" \/>\n\t<meta property=\"og:image:height\" content=\"1200\" \/>\n\t<meta property=\"og:image:type\" content=\"image\/jpeg\" \/>\n<meta name=\"twitter:card\" content=\"summary_large_image\" \/>\n<script type=\"application\/ld+json\" class=\"yoast-schema-graph\">{\"@context\":\"https:\/\/schema.org\",\"@graph\":[{\"@type\":\"WebPage\",\"@id\":\"https:\/\/shop.huppa.eu\/lt\/product\/vyriskas-paltas-jarno-140g\/\",\"url\":\"https:\/\/shop.huppa.eu\/lt\/product\/vyriskas-paltas-jarno-140g\/\",\"name\":\"Vyri\u0161kas paltas JARNO (140g) - Huppa LT\",\"isPartOf\":{\"@id\":\"https:\/\/shop.huppa.eu\/lt\/#website\"},\"primaryImageOfPage\":{\"@id\":\"https:\/\/shop.huppa.eu\/lt\/product\/vyriskas-paltas-jarno-140g\/#primaryimage\"},\"image\":{\"@id\":\"https:\/\/shop.huppa.eu\/lt\/product\/vyriskas-paltas-jarno-140g\/#primaryimage\"},\"thumbnailUrl\":\"https:\/\/huppashop-prod.s3.eu-north-1.amazonaws.com\/wp-content\/uploads\/sites\/5\/2025\/10\/02031623\/12788014-30009-JARNO_mw_f.jpg\",\"datePublished\":\"2026-03-31T03:23:32+00:00\",\"dateModified\":\"2026-05-03T03:24:08+00:00\",\"breadcrumb\":{\"@id\":\"https:\/\/shop.huppa.eu\/lt\/product\/vyriskas-paltas-jarno-140g\/#breadcrumb\"},\"inLanguage\":\"lt-LT\",\"potentialAction\":[{\"@type\":\"ReadAction\",\"target\":[\"https:\/\/shop.huppa.eu\/lt\/product\/vyriskas-paltas-jarno-140g\/\"]}]},{\"@type\":\"ImageObject\",\"inLanguage\":\"lt-LT\",\"@id\":\"https:\/\/shop.huppa.eu\/lt\/product\/vyriskas-paltas-jarno-140g\/#primaryimage\",\"url\":\"https:\/\/huppashop-prod.s3.eu-north-1.amazonaws.com\/wp-content\/uploads\/sites\/5\/2025\/10\/02031623\/12788014-30009-JARNO_mw_f.jpg\",\"contentUrl\":\"https:\/\/huppashop-prod.s3.eu-north-1.amazonaws.com\/wp-content\/uploads\/sites\/5\/2025\/10\/02031623\/12788014-30009-JARNO_mw_f.jpg\",\"width\":1200,\"height\":1200},{\"@type\":\"BreadcrumbList\",\"@id\":\"https:\/\/shop.huppa.eu\/lt\/product\/vyriskas-paltas-jarno-140g\/#breadcrumb\",\"itemListElement\":[{\"@type\":\"ListItem\",\"position\":1,\"name\":\"Shop\",\"item\":\"https:\/\/shop.huppa.eu\/lt\/shop\/\"},{\"@type\":\"ListItem\",\"position\":2,\"name\":\"Vyri\u0161kas paltas JARNO (140g)\"}]},{\"@type\":\"WebSite\",\"@id\":\"https:\/\/shop.huppa.eu\/lt\/#website\",\"url\":\"https:\/\/shop.huppa.eu\/lt\/\",\"name\":\"Huppa LT\",\"description\":\"Huppa LT\",\"potentialAction\":[{\"@type\":\"SearchAction\",\"target\":{\"@type\":\"EntryPoint\",\"urlTemplate\":\"https:\/\/shop.huppa.eu\/lt\/?s={search_term_string}\"},\"query-input\":{\"@type\":\"PropertyValueSpecification\",\"valueRequired\":true,\"valueName\":\"search_term_string\"}}],\"inLanguage\":\"lt-LT\"}]}<\/script>\n<!-- \/ Yoast SEO plugin. -->","yoast_head_json":{"title":"Vyri\u0161kas paltas JARNO (140g) - Huppa LT","robots":{"index":"index","follow":"follow","max-snippet":"max-snippet:-1","max-image-preview":"max-image-preview:large","max-video-preview":"max-video-preview:-1"},"canonical":"https:\/\/shop.huppa.eu\/lt\/product\/vyriskas-paltas-jarno-140g\/","og_locale":"lt_LT","og_type":"article","og_title":"Vyri\u0161kas paltas JARNO (140g) - Huppa LT","og_description":"Vyri\u0161kas atstumiantis vanden\u012f ir neperpu\u010diamas paltas su 140 g \u0161iltinamuoju sluoksniu. I\u0161orinis audinys laidus orui, lengvas ir atsparus UV spinduliams. Audinys pagamintas i\u0161 perdirbto pluo\u0161to. Vidin\u0117je palto pus\u0117je mink\u0161tas pamu\u0161alo audinys. Priekyje dvikryptis u\u017etrauktukas. Ki\u0161en\u0117s su u\u017etrauktukais. \u0160vies\u0105 atspindin\u010dios detal\u0117s ant vir\u0161utinio audinio.","og_url":"https:\/\/shop.huppa.eu\/lt\/product\/vyriskas-paltas-jarno-140g\/","og_site_name":"Huppa LT","article_modified_time":"2026-05-03T03:24:08+00:00","og_image":[{"width":1200,"height":1200,"url":"https:\/\/huppashop-prod.s3.eu-north-1.amazonaws.com\/wp-content\/uploads\/sites\/5\/2025\/10\/02031623\/12788014-30009-JARNO_mw_f.jpg","type":"image\/jpeg"}],"twitter_card":"summary_large_image","schema":{"@context":"https:\/\/schema.org","@graph":[{"@type":"WebPage","@id":"https:\/\/shop.huppa.eu\/lt\/product\/vyriskas-paltas-jarno-140g\/","url":"https:\/\/shop.huppa.eu\/lt\/product\/vyriskas-paltas-jarno-140g\/","name":"Vyri\u0161kas paltas JARNO (140g) - Huppa LT","isPartOf":{"@id":"https:\/\/shop.huppa.eu\/lt\/#website"},"primaryImageOfPage":{"@id":"https:\/\/shop.huppa.eu\/lt\/product\/vyriskas-paltas-jarno-140g\/#primaryimage"},"image":{"@id":"https:\/\/shop.huppa.eu\/lt\/product\/vyriskas-paltas-jarno-140g\/#primaryimage"},"thumbnailUrl":"https:\/\/huppashop-prod.s3.eu-north-1.amazonaws.com\/wp-content\/uploads\/sites\/5\/2025\/10\/02031623\/12788014-30009-JARNO_mw_f.jpg","datePublished":"2026-03-31T03:23:32+00:00","dateModified":"2026-05-03T03:24:08+00:00","breadcrumb":{"@id":"https:\/\/shop.huppa.eu\/lt\/product\/vyriskas-paltas-jarno-140g\/#breadcrumb"},"inLanguage":"lt-LT","potentialAction":[{"@type":"ReadAction","target":["https:\/\/shop.huppa.eu\/lt\/product\/vyriskas-paltas-jarno-140g\/"]}]},{"@type":"ImageObject","inLanguage":"lt-LT","@id":"https:\/\/shop.huppa.eu\/lt\/product\/vyriskas-paltas-jarno-140g\/#primaryimage","url":"https:\/\/huppashop-prod.s3.eu-north-1.amazonaws.com\/wp-content\/uploads\/sites\/5\/2025\/10\/02031623\/12788014-30009-JARNO_mw_f.jpg","contentUrl":"https:\/\/huppashop-prod.s3.eu-north-1.amazonaws.com\/wp-content\/uploads\/sites\/5\/2025\/10\/02031623\/12788014-30009-JARNO_mw_f.jpg","width":1200,"height":1200},{"@type":"BreadcrumbList","@id":"https:\/\/shop.huppa.eu\/lt\/product\/vyriskas-paltas-jarno-140g\/#breadcrumb","itemListElement":[{"@type":"ListItem","position":1,"name":"Shop","item":"https:\/\/shop.huppa.eu\/lt\/shop\/"},{"@type":"ListItem","position":2,"name":"Vyri\u0161kas paltas JARNO (140g)"}]},{"@type":"WebSite","@id":"https:\/\/shop.huppa.eu\/lt\/#website","url":"https:\/\/shop.huppa.eu\/lt\/","name":"Huppa LT","description":"Huppa LT","potentialAction":[{"@type":"SearchAction","target":{"@type":"EntryPoint","urlTemplate":"https:\/\/shop.huppa.eu\/lt\/?s={search_term_string}"},"query-input":{"@type":"PropertyValueSpecification","valueRequired":true,"valueName":"search_term_string"}}],"inLanguage":"lt-LT"}]}},"_links":{"self":[{"href":"https:\/\/shop.huppa.eu\/lt\/wp-json\/wp\/v2\/product\/527197","targetHints":{"allow":["GET"]}}],"collection":[{"href":"https:\/\/shop.huppa.eu\/lt\/wp-json\/wp\/v2\/product"}],"about":[{"href":"https:\/\/shop.huppa.eu\/lt\/wp-json\/wp\/v2\/types\/product"}],"wp:featuredmedia":[{"embeddable":true,"href":"https:\/\/shop.huppa.eu\/lt\/wp-json\/wp\/v2\/media\/513583"}],"wp:attachment":[{"href":"https:\/\/shop.huppa.eu\/lt\/wp-json\/wp\/v2\/media?parent=527197"}],"wp:term":[{"taxonomy":"product_brand","embeddable":true,"href":"https:\/\/shop.huppa.eu\/lt\/wp-json\/wp\/v2\/product_brand?post=527197"},{"taxonomy":"product_cat","embeddable":true,"href":"https:\/\/shop.huppa.eu\/lt\/wp-json\/wp\/v2\/product_cat?post=527197"},{"taxonomy":"product_tag","embeddable":true,"href":"https:\/\/shop.huppa.eu\/lt\/wp-json\/wp\/v2\/product_tag?post=527197"}],"curies":[{"name":"wp","href":"https:\/\/api.w.org\/{rel}","templated":true}]}}