{"id":527255,"date":"2026-04-01T06:06:11","date_gmt":"2026-04-01T04:06:11","guid":{"rendered":"https:\/\/shop.huppa.eu\/lt\/product\/zieminis-kombinezonas-vaikams-willy-300g\/"},"modified":"2026-04-09T06:03:06","modified_gmt":"2026-04-09T04:03:06","slug":"zieminis-kombinezonas-vaikams-willy-300g","status":"publish","type":"product","link":"https:\/\/shop.huppa.eu\/lt\/product\/zieminis-kombinezonas-vaikams-willy-300g\/","title":{"rendered":"\u017dieminis kombinezonas vaikams WILLY (300g)"},"content":{"rendered":"<p>Gra\u017eus klasikinis vaiki\u0161kas kombinezonas vienos dalies, skirtas kasdieniniems darbams atlikti, su storesniu pa\u0161iltinimu. Kombinezonas yra patogus, taftos pamu\u0161alas ir kv\u0117puojantis bei vandeniui atsparus i\u0161orinis audinys, puikiai tinkantis m\u016bs\u0173 klimatui. Elastingas juosmuo, nuimamas gaubtas su sintetiniu kailiuku, apsaugantis nuo \u0161alto v\u0117jo, taip pat guminiai elastingi kle\u0161ni\u0173 ir rankovi\u0173 man\u017eetai leid\u017eia patogiai j\u012f  ne\u0161ioti. \u0160vies\u0105 atspindin\u010dios detal\u0117s si\u016bl\u0117se suteikia saugumo \u017eaisdami tamsoje.<\/p>\n","protected":false},"excerpt":{"rendered":"<p>Gra\u017eus klasikinis vaiki\u0161kas kombinezonas vienos dalies, skirtas kasdieniniems darbams atlikti, su storesniu pa\u0161iltinimu. Kombinezonas yra patogus, taftos pamu\u0161alas ir kv\u0117puojantis bei vandeniui atsparus i\u0161orinis audinys, puikiai tinkantis m\u016bs\u0173 klimatui. Elastingas juosmuo, nuimamas gaubtas su sintetiniu kailiuku, apsaugantis nuo \u0161alto v\u0117jo, taip pat guminiai elastingi kle\u0161ni\u0173 ir rankovi\u0173 man\u017eetai leid\u017eia patogiai j\u012f ne\u0161ioti. \u0160vies\u0105 atspindin\u010dios detal\u0117s [&hellip;]<\/p>\n","protected":false},"featured_media":426689,"template":"","meta":{"_acf_changed":false},"product_brand":[],"product_cat":[1163,1170,1160,102,19],"product_tag":[],"class_list":{"0":"post-527255","1":"product","2":"type-product","3":"status-publish","4":"has-post-thumbnail","6":"product_cat-kombinezonai-vaikai","7":"product_cat-kombinezonai-mergaiciu","8":"product_cat-kombinezonai","9":"product_cat-mergaiciu","10":"product_cat-vaikai","11":"pa_amzius-vaikai","12":"pa_atsparumas-vandeniui-10000mm","13":"pa_dydis-412","14":"pa_izoliacijos-svoris-300g","15":"pa_kolekcija-nr-w19-20","16":"pa_kolekcijos-dalis-classic","17":"pa_lytis-mergaiciu","18":"pa_oro-pralaidumas-10000g-m-24h","19":"pa_prekes-artikulas-31900030-94186","20":"pa_rastuota-rastas","21":"pa_sezonas-ziema","22":"pa_uzpildas-300g","24":"first","25":"instock","26":"sale","27":"taxable","28":"shipping-taxable","29":"purchasable","30":"product-type-variable"},"acf":[],"yoast_head":"<!-- This site is optimized with the Yoast SEO plugin v26.8 - https:\/\/yoast.com\/product\/yoast-seo-wordpress\/ -->\n<title>\u017dieminis kombinezonas vaikams WILLY (300g) - Huppa LT<\/title>\n<meta name=\"robots\" content=\"index, follow, max-snippet:-1, max-image-preview:large, max-video-preview:-1\" \/>\n<link rel=\"canonical\" href=\"https:\/\/shop.huppa.eu\/lt\/product\/zieminis-kombinezonas-vaikams-willy-300g\/\" \/>\n<meta property=\"og:locale\" content=\"lt_LT\" \/>\n<meta property=\"og:type\" content=\"article\" \/>\n<meta property=\"og:title\" content=\"\u017dieminis kombinezonas vaikams WILLY (300g) - Huppa LT\" \/>\n<meta property=\"og:description\" content=\"Gra\u017eus klasikinis vaiki\u0161kas kombinezonas vienos dalies, skirtas kasdieniniems darbams atlikti, su storesniu pa\u0161iltinimu. Kombinezonas yra patogus, taftos pamu\u0161alas ir kv\u0117puojantis bei vandeniui atsparus i\u0161orinis audinys, puikiai tinkantis m\u016bs\u0173 klimatui. Elastingas juosmuo, nuimamas gaubtas su sintetiniu kailiuku, apsaugantis nuo \u0161alto v\u0117jo, taip pat guminiai elastingi kle\u0161ni\u0173 ir rankovi\u0173 man\u017eetai leid\u017eia patogiai j\u012f ne\u0161ioti. \u0160vies\u0105 atspindin\u010dios detal\u0117s [&hellip;]\" \/>\n<meta property=\"og:url\" content=\"https:\/\/shop.huppa.eu\/lt\/product\/zieminis-kombinezonas-vaikams-willy-300g\/\" \/>\n<meta property=\"og:site_name\" content=\"Huppa LT\" \/>\n<meta property=\"article:modified_time\" content=\"2026-04-09T04:03:06+00:00\" \/>\n<meta property=\"og:image\" content=\"https:\/\/huppashop-prod.s3.eu-north-1.amazonaws.com\/wp-content\/uploads\/sites\/3\/2021\/06\/03031455\/31900030-94186-WILLYf.jpg\" \/>\n\t<meta property=\"og:image:width\" content=\"1200\" \/>\n\t<meta property=\"og:image:height\" content=\"1200\" \/>\n\t<meta property=\"og:image:type\" content=\"image\/jpeg\" \/>\n<meta name=\"twitter:card\" content=\"summary_large_image\" \/>\n<script type=\"application\/ld+json\" class=\"yoast-schema-graph\">{\"@context\":\"https:\/\/schema.org\",\"@graph\":[{\"@type\":\"WebPage\",\"@id\":\"https:\/\/shop.huppa.eu\/lt\/product\/zieminis-kombinezonas-vaikams-willy-300g\/\",\"url\":\"https:\/\/shop.huppa.eu\/lt\/product\/zieminis-kombinezonas-vaikams-willy-300g\/\",\"name\":\"\u017dieminis kombinezonas vaikams WILLY (300g) - Huppa LT\",\"isPartOf\":{\"@id\":\"https:\/\/shop.huppa.eu\/lt\/#website\"},\"primaryImageOfPage\":{\"@id\":\"https:\/\/shop.huppa.eu\/lt\/product\/zieminis-kombinezonas-vaikams-willy-300g\/#primaryimage\"},\"image\":{\"@id\":\"https:\/\/shop.huppa.eu\/lt\/product\/zieminis-kombinezonas-vaikams-willy-300g\/#primaryimage\"},\"thumbnailUrl\":\"https:\/\/huppashop-prod.s3.eu-north-1.amazonaws.com\/wp-content\/uploads\/sites\/3\/2021\/06\/03031455\/31900030-94186-WILLYf.jpg\",\"datePublished\":\"2026-04-01T04:06:11+00:00\",\"dateModified\":\"2026-04-09T04:03:06+00:00\",\"breadcrumb\":{\"@id\":\"https:\/\/shop.huppa.eu\/lt\/product\/zieminis-kombinezonas-vaikams-willy-300g\/#breadcrumb\"},\"inLanguage\":\"lt-LT\",\"potentialAction\":[{\"@type\":\"ReadAction\",\"target\":[\"https:\/\/shop.huppa.eu\/lt\/product\/zieminis-kombinezonas-vaikams-willy-300g\/\"]}]},{\"@type\":\"ImageObject\",\"inLanguage\":\"lt-LT\",\"@id\":\"https:\/\/shop.huppa.eu\/lt\/product\/zieminis-kombinezonas-vaikams-willy-300g\/#primaryimage\",\"url\":\"https:\/\/huppashop-prod.s3.eu-north-1.amazonaws.com\/wp-content\/uploads\/sites\/3\/2021\/06\/03031455\/31900030-94186-WILLYf.jpg\",\"contentUrl\":\"https:\/\/huppashop-prod.s3.eu-north-1.amazonaws.com\/wp-content\/uploads\/sites\/3\/2021\/06\/03031455\/31900030-94186-WILLYf.jpg\",\"width\":1200,\"height\":1200},{\"@type\":\"BreadcrumbList\",\"@id\":\"https:\/\/shop.huppa.eu\/lt\/product\/zieminis-kombinezonas-vaikams-willy-300g\/#breadcrumb\",\"itemListElement\":[{\"@type\":\"ListItem\",\"position\":1,\"name\":\"Shop\",\"item\":\"https:\/\/shop.huppa.eu\/lt\/shop\/\"},{\"@type\":\"ListItem\",\"position\":2,\"name\":\"\u017dieminis kombinezonas vaikams WILLY (300g)\"}]},{\"@type\":\"WebSite\",\"@id\":\"https:\/\/shop.huppa.eu\/lt\/#website\",\"url\":\"https:\/\/shop.huppa.eu\/lt\/\",\"name\":\"Huppa LT\",\"description\":\"Huppa LT\",\"potentialAction\":[{\"@type\":\"SearchAction\",\"target\":{\"@type\":\"EntryPoint\",\"urlTemplate\":\"https:\/\/shop.huppa.eu\/lt\/?s={search_term_string}\"},\"query-input\":{\"@type\":\"PropertyValueSpecification\",\"valueRequired\":true,\"valueName\":\"search_term_string\"}}],\"inLanguage\":\"lt-LT\"}]}<\/script>\n<!-- \/ Yoast SEO plugin. -->","yoast_head_json":{"title":"\u017dieminis kombinezonas vaikams WILLY (300g) - Huppa LT","robots":{"index":"index","follow":"follow","max-snippet":"max-snippet:-1","max-image-preview":"max-image-preview:large","max-video-preview":"max-video-preview:-1"},"canonical":"https:\/\/shop.huppa.eu\/lt\/product\/zieminis-kombinezonas-vaikams-willy-300g\/","og_locale":"lt_LT","og_type":"article","og_title":"\u017dieminis kombinezonas vaikams WILLY (300g) - Huppa LT","og_description":"Gra\u017eus klasikinis vaiki\u0161kas kombinezonas vienos dalies, skirtas kasdieniniems darbams atlikti, su storesniu pa\u0161iltinimu. Kombinezonas yra patogus, taftos pamu\u0161alas ir kv\u0117puojantis bei vandeniui atsparus i\u0161orinis audinys, puikiai tinkantis m\u016bs\u0173 klimatui. Elastingas juosmuo, nuimamas gaubtas su sintetiniu kailiuku, apsaugantis nuo \u0161alto v\u0117jo, taip pat guminiai elastingi kle\u0161ni\u0173 ir rankovi\u0173 man\u017eetai leid\u017eia patogiai j\u012f ne\u0161ioti. \u0160vies\u0105 atspindin\u010dios detal\u0117s [&hellip;]","og_url":"https:\/\/shop.huppa.eu\/lt\/product\/zieminis-kombinezonas-vaikams-willy-300g\/","og_site_name":"Huppa LT","article_modified_time":"2026-04-09T04:03:06+00:00","og_image":[{"width":1200,"height":1200,"url":"https:\/\/huppashop-prod.s3.eu-north-1.amazonaws.com\/wp-content\/uploads\/sites\/3\/2021\/06\/03031455\/31900030-94186-WILLYf.jpg","type":"image\/jpeg"}],"twitter_card":"summary_large_image","schema":{"@context":"https:\/\/schema.org","@graph":[{"@type":"WebPage","@id":"https:\/\/shop.huppa.eu\/lt\/product\/zieminis-kombinezonas-vaikams-willy-300g\/","url":"https:\/\/shop.huppa.eu\/lt\/product\/zieminis-kombinezonas-vaikams-willy-300g\/","name":"\u017dieminis kombinezonas vaikams WILLY (300g) - Huppa LT","isPartOf":{"@id":"https:\/\/shop.huppa.eu\/lt\/#website"},"primaryImageOfPage":{"@id":"https:\/\/shop.huppa.eu\/lt\/product\/zieminis-kombinezonas-vaikams-willy-300g\/#primaryimage"},"image":{"@id":"https:\/\/shop.huppa.eu\/lt\/product\/zieminis-kombinezonas-vaikams-willy-300g\/#primaryimage"},"thumbnailUrl":"https:\/\/huppashop-prod.s3.eu-north-1.amazonaws.com\/wp-content\/uploads\/sites\/3\/2021\/06\/03031455\/31900030-94186-WILLYf.jpg","datePublished":"2026-04-01T04:06:11+00:00","dateModified":"2026-04-09T04:03:06+00:00","breadcrumb":{"@id":"https:\/\/shop.huppa.eu\/lt\/product\/zieminis-kombinezonas-vaikams-willy-300g\/#breadcrumb"},"inLanguage":"lt-LT","potentialAction":[{"@type":"ReadAction","target":["https:\/\/shop.huppa.eu\/lt\/product\/zieminis-kombinezonas-vaikams-willy-300g\/"]}]},{"@type":"ImageObject","inLanguage":"lt-LT","@id":"https:\/\/shop.huppa.eu\/lt\/product\/zieminis-kombinezonas-vaikams-willy-300g\/#primaryimage","url":"https:\/\/huppashop-prod.s3.eu-north-1.amazonaws.com\/wp-content\/uploads\/sites\/3\/2021\/06\/03031455\/31900030-94186-WILLYf.jpg","contentUrl":"https:\/\/huppashop-prod.s3.eu-north-1.amazonaws.com\/wp-content\/uploads\/sites\/3\/2021\/06\/03031455\/31900030-94186-WILLYf.jpg","width":1200,"height":1200},{"@type":"BreadcrumbList","@id":"https:\/\/shop.huppa.eu\/lt\/product\/zieminis-kombinezonas-vaikams-willy-300g\/#breadcrumb","itemListElement":[{"@type":"ListItem","position":1,"name":"Shop","item":"https:\/\/shop.huppa.eu\/lt\/shop\/"},{"@type":"ListItem","position":2,"name":"\u017dieminis kombinezonas vaikams WILLY (300g)"}]},{"@type":"WebSite","@id":"https:\/\/shop.huppa.eu\/lt\/#website","url":"https:\/\/shop.huppa.eu\/lt\/","name":"Huppa LT","description":"Huppa LT","potentialAction":[{"@type":"SearchAction","target":{"@type":"EntryPoint","urlTemplate":"https:\/\/shop.huppa.eu\/lt\/?s={search_term_string}"},"query-input":{"@type":"PropertyValueSpecification","valueRequired":true,"valueName":"search_term_string"}}],"inLanguage":"lt-LT"}]}},"_links":{"self":[{"href":"https:\/\/shop.huppa.eu\/lt\/wp-json\/wp\/v2\/product\/527255","targetHints":{"allow":["GET"]}}],"collection":[{"href":"https:\/\/shop.huppa.eu\/lt\/wp-json\/wp\/v2\/product"}],"about":[{"href":"https:\/\/shop.huppa.eu\/lt\/wp-json\/wp\/v2\/types\/product"}],"wp:featuredmedia":[{"embeddable":true,"href":"https:\/\/shop.huppa.eu\/lt\/wp-json\/wp\/v2\/media\/426689"}],"wp:attachment":[{"href":"https:\/\/shop.huppa.eu\/lt\/wp-json\/wp\/v2\/media?parent=527255"}],"wp:term":[{"taxonomy":"product_brand","embeddable":true,"href":"https:\/\/shop.huppa.eu\/lt\/wp-json\/wp\/v2\/product_brand?post=527255"},{"taxonomy":"product_cat","embeddable":true,"href":"https:\/\/shop.huppa.eu\/lt\/wp-json\/wp\/v2\/product_cat?post=527255"},{"taxonomy":"product_tag","embeddable":true,"href":"https:\/\/shop.huppa.eu\/lt\/wp-json\/wp\/v2\/product_tag?post=527255"}],"curies":[{"name":"wp","href":"https:\/\/api.w.org\/{rel}","templated":true}]}}