{"id":527263,"date":"2026-04-01T06:13:35","date_gmt":"2026-04-01T04:13:35","guid":{"rendered":"https:\/\/shop.huppa.eu\/lt\/product\/vaiku-kombinezonas-fenno-2-turkio-zalia-su-rastu-juoda-14666-98-200g\/"},"modified":"2026-04-15T06:11:10","modified_gmt":"2026-04-15T04:11:10","slug":"vaiku-kombinezonas-fenno-2-turkio-zalia-su-rastu-juoda-14666-98-200g","status":"publish","type":"product","link":"https:\/\/shop.huppa.eu\/lt\/product\/vaiku-kombinezonas-fenno-2-turkio-zalia-su-rastu-juoda-14666-98-200g\/","title":{"rendered":"Vaik\u0173 kombinezonas FENNO 2, turkio \u017ealia su ra\u0161tu\/juoda 14666, 98 (200g)"},"content":{"rendered":"<p>Ma\u017eyli\u0173 \u017eiemos kombinezonas su 200g pa\u0161iltinimu. Jo pamu\u0161alas i\u0161 mink\u0161to fliso audinio, vir\u0161utinis audinys kv\u0117puojantis, mink\u0161tas ir atsparus orui. Apatin\u0117 dalis i\u0161 sustiprintojo Cordura audinio ypa\u010d patvar\u016bs, koj\u0173 galai taip pat u\u017edengti Cordura audiniu i\u0161 vidaus sausumui u\u017etikrinti. U\u017elydytos si\u016bl\u0117s, elastingi rankovi\u0173 ir koj\u0173 galai bei elastika po kojomis i\u0161laiko vaik\u0105 \u0161ilt\u0105 ir saus\u0105 aktyvaus \u017eaidimo metu. Kombinezone prid\u0117ti \u0161vies\u0105 atspindintys elementai u\u017etikrina matomum\u0105 tamsoje. Saugiems \u017eaidimams lauke kombinezonas turi nuimam\u0105 kapi\u0161on\u0105 su spaud\u017eiamomis sagomis, apsaugan\u010diu nuo \u012fstrigimo. Kailio kra\u0161tas taip pat gali b\u016bti nuimamas nuo kapi\u0161ono. Apyranki\u0173 plotis reguliuojamas i\u0161 vidaus.<\/p>\n","protected":false},"excerpt":{"rendered":"<p>Ma\u017eyli\u0173 \u017eiemos kombinezonas su 200g pa\u0161iltinimu. Jo pamu\u0161alas i\u0161 mink\u0161to fliso audinio, vir\u0161utinis audinys kv\u0117puojantis, mink\u0161tas ir atsparus orui. Apatin\u0117 dalis i\u0161 sustiprintojo Cordura audinio ypa\u010d patvar\u016bs, koj\u0173 galai taip pat u\u017edengti Cordura audiniu i\u0161 vidaus sausumui u\u017etikrinti. U\u017elydytos si\u016bl\u0117s, elastingi rankovi\u0173 ir koj\u0173 galai bei elastika po kojomis i\u0161laiko vaik\u0105 \u0161ilt\u0105 ir saus\u0105 aktyvaus [&hellip;]<\/p>\n","protected":false},"featured_media":527267,"template":"","meta":{"_acf_changed":false},"product_brand":[],"product_cat":[1160,1163,1170,102,19],"product_tag":[],"class_list":{"0":"post-527263","1":"product","2":"type-product","3":"status-publish","4":"has-post-thumbnail","6":"product_cat-kombinezonai","7":"product_cat-kombinezonai-vaikai","8":"product_cat-kombinezonai-mergaiciu","9":"product_cat-mergaiciu","10":"product_cat-vaikai","11":"pa_amzius-vaikai","12":"pa_atsparumas-vandeniui-10-000mm","13":"pa_dydis-105","14":"pa_dydis-97","15":"pa_dydis-412","16":"pa_izoliacijos-svoris-200g","17":"pa_kolekcija-nr-w21-22","18":"pa_kolekcijos-dalis-fashion","19":"pa_lytis-mergaiciu","20":"pa_oro-pralaidumas-10-000g-m-24h","21":"pa_prekes-artikulas-36240220-14666","22":"pa_rastuota-rastas","23":"pa_uzpildas-200g","25":"first","26":"instock","27":"sale","28":"taxable","29":"shipping-taxable","30":"purchasable","31":"product-type-variable"},"acf":[],"yoast_head":"<!-- This site is optimized with the Yoast SEO plugin v26.8 - https:\/\/yoast.com\/product\/yoast-seo-wordpress\/ -->\n<title>Vaik\u0173 kombinezonas FENNO 2, turkio \u017ealia su ra\u0161tu\/juoda 14666, 98 (200g) - Huppa LT<\/title>\n<meta name=\"robots\" content=\"index, follow, max-snippet:-1, max-image-preview:large, max-video-preview:-1\" \/>\n<link rel=\"canonical\" href=\"https:\/\/shop.huppa.eu\/lt\/product\/vaiku-kombinezonas-fenno-2-turkio-zalia-su-rastu-juoda-14666-98-200g\/\" \/>\n<meta property=\"og:locale\" content=\"lt_LT\" \/>\n<meta property=\"og:type\" content=\"article\" \/>\n<meta property=\"og:title\" content=\"Vaik\u0173 kombinezonas FENNO 2, turkio \u017ealia su ra\u0161tu\/juoda 14666, 98 (200g) - Huppa LT\" \/>\n<meta property=\"og:description\" content=\"Ma\u017eyli\u0173 \u017eiemos kombinezonas su 200g pa\u0161iltinimu. Jo pamu\u0161alas i\u0161 mink\u0161to fliso audinio, vir\u0161utinis audinys kv\u0117puojantis, mink\u0161tas ir atsparus orui. Apatin\u0117 dalis i\u0161 sustiprintojo Cordura audinio ypa\u010d patvar\u016bs, koj\u0173 galai taip pat u\u017edengti Cordura audiniu i\u0161 vidaus sausumui u\u017etikrinti. U\u017elydytos si\u016bl\u0117s, elastingi rankovi\u0173 ir koj\u0173 galai bei elastika po kojomis i\u0161laiko vaik\u0105 \u0161ilt\u0105 ir saus\u0105 aktyvaus [&hellip;]\" \/>\n<meta property=\"og:url\" content=\"https:\/\/shop.huppa.eu\/lt\/product\/vaiku-kombinezonas-fenno-2-turkio-zalia-su-rastu-juoda-14666-98-200g\/\" \/>\n<meta property=\"og:site_name\" content=\"Huppa LT\" \/>\n<meta property=\"article:modified_time\" content=\"2026-04-15T04:11:10+00:00\" \/>\n<meta property=\"og:image\" content=\"https:\/\/huppashop-prod.s3.eu-north-1.amazonaws.com\/wp-content\/uploads\/sites\/5\/2026\/04\/01061338\/36240220-14666-FENNO2_f.jpg\" \/>\n\t<meta property=\"og:image:width\" content=\"1200\" \/>\n\t<meta property=\"og:image:height\" content=\"1200\" \/>\n\t<meta property=\"og:image:type\" content=\"image\/jpeg\" \/>\n<meta name=\"twitter:card\" content=\"summary_large_image\" \/>\n<meta name=\"twitter:label1\" content=\"Est. reading time\" \/>\n\t<meta name=\"twitter:data1\" content=\"1 minut\u0117\" \/>\n<script type=\"application\/ld+json\" class=\"yoast-schema-graph\">{\"@context\":\"https:\/\/schema.org\",\"@graph\":[{\"@type\":\"WebPage\",\"@id\":\"https:\/\/shop.huppa.eu\/lt\/product\/vaiku-kombinezonas-fenno-2-turkio-zalia-su-rastu-juoda-14666-98-200g\/\",\"url\":\"https:\/\/shop.huppa.eu\/lt\/product\/vaiku-kombinezonas-fenno-2-turkio-zalia-su-rastu-juoda-14666-98-200g\/\",\"name\":\"Vaik\u0173 kombinezonas FENNO 2, turkio \u017ealia su ra\u0161tu\/juoda 14666, 98 (200g) - Huppa LT\",\"isPartOf\":{\"@id\":\"https:\/\/shop.huppa.eu\/lt\/#website\"},\"primaryImageOfPage\":{\"@id\":\"https:\/\/shop.huppa.eu\/lt\/product\/vaiku-kombinezonas-fenno-2-turkio-zalia-su-rastu-juoda-14666-98-200g\/#primaryimage\"},\"image\":{\"@id\":\"https:\/\/shop.huppa.eu\/lt\/product\/vaiku-kombinezonas-fenno-2-turkio-zalia-su-rastu-juoda-14666-98-200g\/#primaryimage\"},\"thumbnailUrl\":\"https:\/\/huppashop-prod.s3.eu-north-1.amazonaws.com\/wp-content\/uploads\/sites\/5\/2026\/04\/01061338\/36240220-14666-FENNO2_f.jpg\",\"datePublished\":\"2026-04-01T04:13:35+00:00\",\"dateModified\":\"2026-04-15T04:11:10+00:00\",\"breadcrumb\":{\"@id\":\"https:\/\/shop.huppa.eu\/lt\/product\/vaiku-kombinezonas-fenno-2-turkio-zalia-su-rastu-juoda-14666-98-200g\/#breadcrumb\"},\"inLanguage\":\"lt-LT\",\"potentialAction\":[{\"@type\":\"ReadAction\",\"target\":[\"https:\/\/shop.huppa.eu\/lt\/product\/vaiku-kombinezonas-fenno-2-turkio-zalia-su-rastu-juoda-14666-98-200g\/\"]}]},{\"@type\":\"ImageObject\",\"inLanguage\":\"lt-LT\",\"@id\":\"https:\/\/shop.huppa.eu\/lt\/product\/vaiku-kombinezonas-fenno-2-turkio-zalia-su-rastu-juoda-14666-98-200g\/#primaryimage\",\"url\":\"https:\/\/huppashop-prod.s3.eu-north-1.amazonaws.com\/wp-content\/uploads\/sites\/5\/2026\/04\/01061338\/36240220-14666-FENNO2_f.jpg\",\"contentUrl\":\"https:\/\/huppashop-prod.s3.eu-north-1.amazonaws.com\/wp-content\/uploads\/sites\/5\/2026\/04\/01061338\/36240220-14666-FENNO2_f.jpg\",\"width\":1200,\"height\":1200},{\"@type\":\"BreadcrumbList\",\"@id\":\"https:\/\/shop.huppa.eu\/lt\/product\/vaiku-kombinezonas-fenno-2-turkio-zalia-su-rastu-juoda-14666-98-200g\/#breadcrumb\",\"itemListElement\":[{\"@type\":\"ListItem\",\"position\":1,\"name\":\"Shop\",\"item\":\"https:\/\/shop.huppa.eu\/lt\/shop\/\"},{\"@type\":\"ListItem\",\"position\":2,\"name\":\"Vaik\u0173 kombinezonas FENNO 2, turkio \u017ealia su ra\u0161tu\/juoda 14666, 98 (200g)\"}]},{\"@type\":\"WebSite\",\"@id\":\"https:\/\/shop.huppa.eu\/lt\/#website\",\"url\":\"https:\/\/shop.huppa.eu\/lt\/\",\"name\":\"Huppa LT\",\"description\":\"Huppa LT\",\"potentialAction\":[{\"@type\":\"SearchAction\",\"target\":{\"@type\":\"EntryPoint\",\"urlTemplate\":\"https:\/\/shop.huppa.eu\/lt\/?s={search_term_string}\"},\"query-input\":{\"@type\":\"PropertyValueSpecification\",\"valueRequired\":true,\"valueName\":\"search_term_string\"}}],\"inLanguage\":\"lt-LT\"}]}<\/script>\n<!-- \/ Yoast SEO plugin. -->","yoast_head_json":{"title":"Vaik\u0173 kombinezonas FENNO 2, turkio \u017ealia su ra\u0161tu\/juoda 14666, 98 (200g) - Huppa LT","robots":{"index":"index","follow":"follow","max-snippet":"max-snippet:-1","max-image-preview":"max-image-preview:large","max-video-preview":"max-video-preview:-1"},"canonical":"https:\/\/shop.huppa.eu\/lt\/product\/vaiku-kombinezonas-fenno-2-turkio-zalia-su-rastu-juoda-14666-98-200g\/","og_locale":"lt_LT","og_type":"article","og_title":"Vaik\u0173 kombinezonas FENNO 2, turkio \u017ealia su ra\u0161tu\/juoda 14666, 98 (200g) - Huppa LT","og_description":"Ma\u017eyli\u0173 \u017eiemos kombinezonas su 200g pa\u0161iltinimu. Jo pamu\u0161alas i\u0161 mink\u0161to fliso audinio, vir\u0161utinis audinys kv\u0117puojantis, mink\u0161tas ir atsparus orui. Apatin\u0117 dalis i\u0161 sustiprintojo Cordura audinio ypa\u010d patvar\u016bs, koj\u0173 galai taip pat u\u017edengti Cordura audiniu i\u0161 vidaus sausumui u\u017etikrinti. U\u017elydytos si\u016bl\u0117s, elastingi rankovi\u0173 ir koj\u0173 galai bei elastika po kojomis i\u0161laiko vaik\u0105 \u0161ilt\u0105 ir saus\u0105 aktyvaus [&hellip;]","og_url":"https:\/\/shop.huppa.eu\/lt\/product\/vaiku-kombinezonas-fenno-2-turkio-zalia-su-rastu-juoda-14666-98-200g\/","og_site_name":"Huppa LT","article_modified_time":"2026-04-15T04:11:10+00:00","og_image":[{"width":1200,"height":1200,"url":"https:\/\/huppashop-prod.s3.eu-north-1.amazonaws.com\/wp-content\/uploads\/sites\/5\/2026\/04\/01061338\/36240220-14666-FENNO2_f.jpg","type":"image\/jpeg"}],"twitter_card":"summary_large_image","twitter_misc":{"Est. reading time":"1 minut\u0117"},"schema":{"@context":"https:\/\/schema.org","@graph":[{"@type":"WebPage","@id":"https:\/\/shop.huppa.eu\/lt\/product\/vaiku-kombinezonas-fenno-2-turkio-zalia-su-rastu-juoda-14666-98-200g\/","url":"https:\/\/shop.huppa.eu\/lt\/product\/vaiku-kombinezonas-fenno-2-turkio-zalia-su-rastu-juoda-14666-98-200g\/","name":"Vaik\u0173 kombinezonas FENNO 2, turkio \u017ealia su ra\u0161tu\/juoda 14666, 98 (200g) - Huppa LT","isPartOf":{"@id":"https:\/\/shop.huppa.eu\/lt\/#website"},"primaryImageOfPage":{"@id":"https:\/\/shop.huppa.eu\/lt\/product\/vaiku-kombinezonas-fenno-2-turkio-zalia-su-rastu-juoda-14666-98-200g\/#primaryimage"},"image":{"@id":"https:\/\/shop.huppa.eu\/lt\/product\/vaiku-kombinezonas-fenno-2-turkio-zalia-su-rastu-juoda-14666-98-200g\/#primaryimage"},"thumbnailUrl":"https:\/\/huppashop-prod.s3.eu-north-1.amazonaws.com\/wp-content\/uploads\/sites\/5\/2026\/04\/01061338\/36240220-14666-FENNO2_f.jpg","datePublished":"2026-04-01T04:13:35+00:00","dateModified":"2026-04-15T04:11:10+00:00","breadcrumb":{"@id":"https:\/\/shop.huppa.eu\/lt\/product\/vaiku-kombinezonas-fenno-2-turkio-zalia-su-rastu-juoda-14666-98-200g\/#breadcrumb"},"inLanguage":"lt-LT","potentialAction":[{"@type":"ReadAction","target":["https:\/\/shop.huppa.eu\/lt\/product\/vaiku-kombinezonas-fenno-2-turkio-zalia-su-rastu-juoda-14666-98-200g\/"]}]},{"@type":"ImageObject","inLanguage":"lt-LT","@id":"https:\/\/shop.huppa.eu\/lt\/product\/vaiku-kombinezonas-fenno-2-turkio-zalia-su-rastu-juoda-14666-98-200g\/#primaryimage","url":"https:\/\/huppashop-prod.s3.eu-north-1.amazonaws.com\/wp-content\/uploads\/sites\/5\/2026\/04\/01061338\/36240220-14666-FENNO2_f.jpg","contentUrl":"https:\/\/huppashop-prod.s3.eu-north-1.amazonaws.com\/wp-content\/uploads\/sites\/5\/2026\/04\/01061338\/36240220-14666-FENNO2_f.jpg","width":1200,"height":1200},{"@type":"BreadcrumbList","@id":"https:\/\/shop.huppa.eu\/lt\/product\/vaiku-kombinezonas-fenno-2-turkio-zalia-su-rastu-juoda-14666-98-200g\/#breadcrumb","itemListElement":[{"@type":"ListItem","position":1,"name":"Shop","item":"https:\/\/shop.huppa.eu\/lt\/shop\/"},{"@type":"ListItem","position":2,"name":"Vaik\u0173 kombinezonas FENNO 2, turkio \u017ealia su ra\u0161tu\/juoda 14666, 98 (200g)"}]},{"@type":"WebSite","@id":"https:\/\/shop.huppa.eu\/lt\/#website","url":"https:\/\/shop.huppa.eu\/lt\/","name":"Huppa LT","description":"Huppa LT","potentialAction":[{"@type":"SearchAction","target":{"@type":"EntryPoint","urlTemplate":"https:\/\/shop.huppa.eu\/lt\/?s={search_term_string}"},"query-input":{"@type":"PropertyValueSpecification","valueRequired":true,"valueName":"search_term_string"}}],"inLanguage":"lt-LT"}]}},"_links":{"self":[{"href":"https:\/\/shop.huppa.eu\/lt\/wp-json\/wp\/v2\/product\/527263","targetHints":{"allow":["GET"]}}],"collection":[{"href":"https:\/\/shop.huppa.eu\/lt\/wp-json\/wp\/v2\/product"}],"about":[{"href":"https:\/\/shop.huppa.eu\/lt\/wp-json\/wp\/v2\/types\/product"}],"wp:featuredmedia":[{"embeddable":true,"href":"https:\/\/shop.huppa.eu\/lt\/wp-json\/wp\/v2\/media\/527267"}],"wp:attachment":[{"href":"https:\/\/shop.huppa.eu\/lt\/wp-json\/wp\/v2\/media?parent=527263"}],"wp:term":[{"taxonomy":"product_brand","embeddable":true,"href":"https:\/\/shop.huppa.eu\/lt\/wp-json\/wp\/v2\/product_brand?post=527263"},{"taxonomy":"product_cat","embeddable":true,"href":"https:\/\/shop.huppa.eu\/lt\/wp-json\/wp\/v2\/product_cat?post=527263"},{"taxonomy":"product_tag","embeddable":true,"href":"https:\/\/shop.huppa.eu\/lt\/wp-json\/wp\/v2\/product_tag?post=527263"}],"curies":[{"name":"wp","href":"https:\/\/api.w.org\/{rel}","templated":true}]}}