{"id":527481,"date":"2026-04-15T06:02:31","date_gmt":"2026-04-15T04:02:31","guid":{"rendered":"https:\/\/shop.huppa.eu\/lt\/product\/moteriskos-ziemines-kelnes-80g\/"},"modified":"2026-04-15T06:03:05","modified_gmt":"2026-04-15T04:03:05","slug":"moteriskos-ziemines-kelnes-80g","status":"publish","type":"product","link":"https:\/\/shop.huppa.eu\/lt\/product\/moteriskos-ziemines-kelnes-80g\/","title":{"rendered":"Moteri\u0161kos \u017eiemin\u0117s keln\u0117s (80g)"},"content":{"rendered":"<p>Patogios moteri\u0161kos neper\u0161lampamos ir neperpu\u010diamos keln\u0117s, 80 g pa\u0161ildymas Orui laidi i\u0161orin\u0117 med\u017eiaga Kelni\u0173 vidin\u0117 pus\u0117 i\u0161 mink\u0161to pamu\u0161alinio audinio Nugaroje, juosmenyje \u012fsi\u016bta gumin\u0117 juostel\u0117 Kle\u0161ni\u0173 apa\u010dioje apsaugos nuo sniego Kle\u0161ni\u0173 apa\u010dios plotis reguliuojamas u\u017etrauktuku Vandeniui atsparios klijuotos si\u016bl\u0117s Vir\u0161utinis audinys su \u0161vies\u0105 atspindin\u010diomis detal\u0117mis<\/p>\n","protected":false},"excerpt":{"rendered":"<p>Patogios moteri\u0161kos neper\u0161lampamos ir neperpu\u010diamos keln\u0117s, 80 g pa\u0161ildymas Orui laidi i\u0161orin\u0117 med\u017eiaga Kelni\u0173 vidin\u0117 pus\u0117 i\u0161 mink\u0161to pamu\u0161alinio audinio Nugaroje, juosmenyje \u012fsi\u016bta gumin\u0117 juostel\u0117 Kle\u0161ni\u0173 apa\u010dioje apsaugos nuo sniego Kle\u0161ni\u0173 apa\u010dios plotis reguliuojamas u\u017etrauktuku Vandeniui atsparios klijuotos si\u016bl\u0117s Vir\u0161utinis audinys su \u0161vies\u0105 atspindin\u010diomis detal\u0117mis<\/p>\n","protected":false},"featured_media":527483,"template":"","meta":{"_acf_changed":false},"product_brand":[],"product_cat":[926,1022,18],"product_tag":[],"class_list":{"0":"post-527481","1":"product","2":"type-product","3":"status-publish","4":"has-post-thumbnail","6":"product_cat-kelnes-2","7":"product_cat-kelnes-moterys","8":"product_cat-moterys","9":"pa_atsparumas-vandeniui-10-000mm","10":"pa_dydis-xl","11":"pa_izoliacijos-svoris-80g","12":"pa_kolekcija-nr-w22-23","13":"pa_kolekcijos-dalis-pants","14":"pa_lytis-moterys","15":"pa_oro-pralaidumas-10-000g-m-24h","16":"pa_prekes-artikulas-26598008-00009","17":"pa_rastuota-vienspalvis","18":"pa_sezonas-pavaris-ruduo","19":"pa_uzpildas-80g","21":"first","22":"instock","23":"taxable","24":"shipping-taxable","25":"purchasable","26":"product-type-variable"},"acf":[],"yoast_head":"<!-- This site is optimized with the Yoast SEO plugin v26.8 - https:\/\/yoast.com\/product\/yoast-seo-wordpress\/ -->\n<title>Moteri\u0161kos \u017eiemin\u0117s keln\u0117s (80g) - Huppa LT<\/title>\n<meta name=\"robots\" content=\"index, follow, max-snippet:-1, max-image-preview:large, max-video-preview:-1\" \/>\n<link rel=\"canonical\" href=\"https:\/\/shop.huppa.eu\/lt\/product\/moteriskos-ziemines-kelnes-80g\/\" \/>\n<meta property=\"og:locale\" content=\"lt_LT\" \/>\n<meta property=\"og:type\" content=\"article\" \/>\n<meta property=\"og:title\" content=\"Moteri\u0161kos \u017eiemin\u0117s keln\u0117s (80g) - Huppa LT\" \/>\n<meta property=\"og:description\" content=\"Patogios moteri\u0161kos neper\u0161lampamos ir neperpu\u010diamos keln\u0117s, 80 g pa\u0161ildymas Orui laidi i\u0161orin\u0117 med\u017eiaga Kelni\u0173 vidin\u0117 pus\u0117 i\u0161 mink\u0161to pamu\u0161alinio audinio Nugaroje, juosmenyje \u012fsi\u016bta gumin\u0117 juostel\u0117 Kle\u0161ni\u0173 apa\u010dioje apsaugos nuo sniego Kle\u0161ni\u0173 apa\u010dios plotis reguliuojamas u\u017etrauktuku Vandeniui atsparios klijuotos si\u016bl\u0117s Vir\u0161utinis audinys su \u0161vies\u0105 atspindin\u010diomis detal\u0117mis\" \/>\n<meta property=\"og:url\" content=\"https:\/\/shop.huppa.eu\/lt\/product\/moteriskos-ziemines-kelnes-80g\/\" \/>\n<meta property=\"og:site_name\" content=\"Huppa LT\" \/>\n<meta property=\"article:modified_time\" content=\"2026-04-15T04:03:05+00:00\" \/>\n<meta property=\"og:image\" content=\"https:\/\/huppashop-prod.s3.eu-north-1.amazonaws.com\/wp-content\/uploads\/sites\/5\/2026\/04\/15060233\/26598008-00009-METTA_f.jpg\" \/>\n\t<meta property=\"og:image:width\" content=\"1200\" \/>\n\t<meta property=\"og:image:height\" content=\"1200\" \/>\n\t<meta property=\"og:image:type\" content=\"image\/jpeg\" \/>\n<meta name=\"twitter:card\" content=\"summary_large_image\" \/>\n<script type=\"application\/ld+json\" class=\"yoast-schema-graph\">{\"@context\":\"https:\/\/schema.org\",\"@graph\":[{\"@type\":\"WebPage\",\"@id\":\"https:\/\/shop.huppa.eu\/lt\/product\/moteriskos-ziemines-kelnes-80g\/\",\"url\":\"https:\/\/shop.huppa.eu\/lt\/product\/moteriskos-ziemines-kelnes-80g\/\",\"name\":\"Moteri\u0161kos \u017eiemin\u0117s keln\u0117s (80g) - Huppa LT\",\"isPartOf\":{\"@id\":\"https:\/\/shop.huppa.eu\/lt\/#website\"},\"primaryImageOfPage\":{\"@id\":\"https:\/\/shop.huppa.eu\/lt\/product\/moteriskos-ziemines-kelnes-80g\/#primaryimage\"},\"image\":{\"@id\":\"https:\/\/shop.huppa.eu\/lt\/product\/moteriskos-ziemines-kelnes-80g\/#primaryimage\"},\"thumbnailUrl\":\"https:\/\/huppashop-prod.s3.eu-north-1.amazonaws.com\/wp-content\/uploads\/sites\/5\/2026\/04\/15060233\/26598008-00009-METTA_f.jpg\",\"datePublished\":\"2026-04-15T04:02:31+00:00\",\"dateModified\":\"2026-04-15T04:03:05+00:00\",\"breadcrumb\":{\"@id\":\"https:\/\/shop.huppa.eu\/lt\/product\/moteriskos-ziemines-kelnes-80g\/#breadcrumb\"},\"inLanguage\":\"lt-LT\",\"potentialAction\":[{\"@type\":\"ReadAction\",\"target\":[\"https:\/\/shop.huppa.eu\/lt\/product\/moteriskos-ziemines-kelnes-80g\/\"]}]},{\"@type\":\"ImageObject\",\"inLanguage\":\"lt-LT\",\"@id\":\"https:\/\/shop.huppa.eu\/lt\/product\/moteriskos-ziemines-kelnes-80g\/#primaryimage\",\"url\":\"https:\/\/huppashop-prod.s3.eu-north-1.amazonaws.com\/wp-content\/uploads\/sites\/5\/2026\/04\/15060233\/26598008-00009-METTA_f.jpg\",\"contentUrl\":\"https:\/\/huppashop-prod.s3.eu-north-1.amazonaws.com\/wp-content\/uploads\/sites\/5\/2026\/04\/15060233\/26598008-00009-METTA_f.jpg\",\"width\":1200,\"height\":1200},{\"@type\":\"BreadcrumbList\",\"@id\":\"https:\/\/shop.huppa.eu\/lt\/product\/moteriskos-ziemines-kelnes-80g\/#breadcrumb\",\"itemListElement\":[{\"@type\":\"ListItem\",\"position\":1,\"name\":\"Shop\",\"item\":\"https:\/\/shop.huppa.eu\/lt\/shop\/\"},{\"@type\":\"ListItem\",\"position\":2,\"name\":\"Moteri\u0161kos \u017eiemin\u0117s keln\u0117s (80g)\"}]},{\"@type\":\"WebSite\",\"@id\":\"https:\/\/shop.huppa.eu\/lt\/#website\",\"url\":\"https:\/\/shop.huppa.eu\/lt\/\",\"name\":\"Huppa LT\",\"description\":\"Huppa LT\",\"potentialAction\":[{\"@type\":\"SearchAction\",\"target\":{\"@type\":\"EntryPoint\",\"urlTemplate\":\"https:\/\/shop.huppa.eu\/lt\/?s={search_term_string}\"},\"query-input\":{\"@type\":\"PropertyValueSpecification\",\"valueRequired\":true,\"valueName\":\"search_term_string\"}}],\"inLanguage\":\"lt-LT\"}]}<\/script>\n<!-- \/ Yoast SEO plugin. -->","yoast_head_json":{"title":"Moteri\u0161kos \u017eiemin\u0117s keln\u0117s (80g) - Huppa LT","robots":{"index":"index","follow":"follow","max-snippet":"max-snippet:-1","max-image-preview":"max-image-preview:large","max-video-preview":"max-video-preview:-1"},"canonical":"https:\/\/shop.huppa.eu\/lt\/product\/moteriskos-ziemines-kelnes-80g\/","og_locale":"lt_LT","og_type":"article","og_title":"Moteri\u0161kos \u017eiemin\u0117s keln\u0117s (80g) - Huppa LT","og_description":"Patogios moteri\u0161kos neper\u0161lampamos ir neperpu\u010diamos keln\u0117s, 80 g pa\u0161ildymas Orui laidi i\u0161orin\u0117 med\u017eiaga Kelni\u0173 vidin\u0117 pus\u0117 i\u0161 mink\u0161to pamu\u0161alinio audinio Nugaroje, juosmenyje \u012fsi\u016bta gumin\u0117 juostel\u0117 Kle\u0161ni\u0173 apa\u010dioje apsaugos nuo sniego Kle\u0161ni\u0173 apa\u010dios plotis reguliuojamas u\u017etrauktuku Vandeniui atsparios klijuotos si\u016bl\u0117s Vir\u0161utinis audinys su \u0161vies\u0105 atspindin\u010diomis detal\u0117mis","og_url":"https:\/\/shop.huppa.eu\/lt\/product\/moteriskos-ziemines-kelnes-80g\/","og_site_name":"Huppa LT","article_modified_time":"2026-04-15T04:03:05+00:00","og_image":[{"width":1200,"height":1200,"url":"https:\/\/huppashop-prod.s3.eu-north-1.amazonaws.com\/wp-content\/uploads\/sites\/5\/2026\/04\/15060233\/26598008-00009-METTA_f.jpg","type":"image\/jpeg"}],"twitter_card":"summary_large_image","schema":{"@context":"https:\/\/schema.org","@graph":[{"@type":"WebPage","@id":"https:\/\/shop.huppa.eu\/lt\/product\/moteriskos-ziemines-kelnes-80g\/","url":"https:\/\/shop.huppa.eu\/lt\/product\/moteriskos-ziemines-kelnes-80g\/","name":"Moteri\u0161kos \u017eiemin\u0117s keln\u0117s (80g) - Huppa LT","isPartOf":{"@id":"https:\/\/shop.huppa.eu\/lt\/#website"},"primaryImageOfPage":{"@id":"https:\/\/shop.huppa.eu\/lt\/product\/moteriskos-ziemines-kelnes-80g\/#primaryimage"},"image":{"@id":"https:\/\/shop.huppa.eu\/lt\/product\/moteriskos-ziemines-kelnes-80g\/#primaryimage"},"thumbnailUrl":"https:\/\/huppashop-prod.s3.eu-north-1.amazonaws.com\/wp-content\/uploads\/sites\/5\/2026\/04\/15060233\/26598008-00009-METTA_f.jpg","datePublished":"2026-04-15T04:02:31+00:00","dateModified":"2026-04-15T04:03:05+00:00","breadcrumb":{"@id":"https:\/\/shop.huppa.eu\/lt\/product\/moteriskos-ziemines-kelnes-80g\/#breadcrumb"},"inLanguage":"lt-LT","potentialAction":[{"@type":"ReadAction","target":["https:\/\/shop.huppa.eu\/lt\/product\/moteriskos-ziemines-kelnes-80g\/"]}]},{"@type":"ImageObject","inLanguage":"lt-LT","@id":"https:\/\/shop.huppa.eu\/lt\/product\/moteriskos-ziemines-kelnes-80g\/#primaryimage","url":"https:\/\/huppashop-prod.s3.eu-north-1.amazonaws.com\/wp-content\/uploads\/sites\/5\/2026\/04\/15060233\/26598008-00009-METTA_f.jpg","contentUrl":"https:\/\/huppashop-prod.s3.eu-north-1.amazonaws.com\/wp-content\/uploads\/sites\/5\/2026\/04\/15060233\/26598008-00009-METTA_f.jpg","width":1200,"height":1200},{"@type":"BreadcrumbList","@id":"https:\/\/shop.huppa.eu\/lt\/product\/moteriskos-ziemines-kelnes-80g\/#breadcrumb","itemListElement":[{"@type":"ListItem","position":1,"name":"Shop","item":"https:\/\/shop.huppa.eu\/lt\/shop\/"},{"@type":"ListItem","position":2,"name":"Moteri\u0161kos \u017eiemin\u0117s keln\u0117s (80g)"}]},{"@type":"WebSite","@id":"https:\/\/shop.huppa.eu\/lt\/#website","url":"https:\/\/shop.huppa.eu\/lt\/","name":"Huppa LT","description":"Huppa LT","potentialAction":[{"@type":"SearchAction","target":{"@type":"EntryPoint","urlTemplate":"https:\/\/shop.huppa.eu\/lt\/?s={search_term_string}"},"query-input":{"@type":"PropertyValueSpecification","valueRequired":true,"valueName":"search_term_string"}}],"inLanguage":"lt-LT"}]}},"_links":{"self":[{"href":"https:\/\/shop.huppa.eu\/lt\/wp-json\/wp\/v2\/product\/527481","targetHints":{"allow":["GET"]}}],"collection":[{"href":"https:\/\/shop.huppa.eu\/lt\/wp-json\/wp\/v2\/product"}],"about":[{"href":"https:\/\/shop.huppa.eu\/lt\/wp-json\/wp\/v2\/types\/product"}],"wp:featuredmedia":[{"embeddable":true,"href":"https:\/\/shop.huppa.eu\/lt\/wp-json\/wp\/v2\/media\/527483"}],"wp:attachment":[{"href":"https:\/\/shop.huppa.eu\/lt\/wp-json\/wp\/v2\/media?parent=527481"}],"wp:term":[{"taxonomy":"product_brand","embeddable":true,"href":"https:\/\/shop.huppa.eu\/lt\/wp-json\/wp\/v2\/product_brand?post=527481"},{"taxonomy":"product_cat","embeddable":true,"href":"https:\/\/shop.huppa.eu\/lt\/wp-json\/wp\/v2\/product_cat?post=527481"},{"taxonomy":"product_tag","embeddable":true,"href":"https:\/\/shop.huppa.eu\/lt\/wp-json\/wp\/v2\/product_tag?post=527481"}],"curies":[{"name":"wp","href":"https:\/\/api.w.org\/{rel}","templated":true}]}}