{"id":527521,"date":"2026-04-15T06:23:44","date_gmt":"2026-04-15T04:23:44","guid":{"rendered":"https:\/\/shop.huppa.eu\/lt\/product\/mazyliu-komplektas-avery-balta-su-rastu-bordo-14420-80-300g160g\/"},"modified":"2026-04-15T06:24:09","modified_gmt":"2026-04-15T04:24:09","slug":"mazyliu-komplektas-avery-balta-su-rastu-bordo-14420-80-300g160g","status":"publish","type":"product","link":"https:\/\/shop.huppa.eu\/lt\/product\/mazyliu-komplektas-avery-balta-su-rastu-bordo-14420-80-300g160g\/","title":{"rendered":"Ma\u017eyli\u0173 komplektas AVERY, balta su ra\u0161tu\/bordo 14420, 80 (300g+160g)"},"content":{"rendered":"<p>Vaiki\u0161ka \u017eiemos komplektas. Komplektas su gra\u017eiu mink\u0161tu medviln\u0117s flanel\u0117s pamu\u0161alu ir kv\u0117puojan\u010diu bei neper\u0161lampan\u010diu vir\u0161utiniu audiniu, puikiai tinkan\u010diu m\u016bs\u0173 klimatui. Striuk\u0117 su 300g, keln\u0117s su 160g pa\u0161iltinimu. Auk\u0161tu liemeniu keln\u0117s su u\u017elydyta s\u0117dyn\u0117s si\u016ble, leid\u017eian\u010dia ma\u017eyliui m\u0117gautis \u017eiemos d\u017eiaugsmais ner\u016bpestingai ir tuo pa\u010diu i\u0161likti sausam ir \u0161iltam. Patogesniam d\u0117v\u0117jimui komplektas turi nuimam\u0105 kailinio kapi\u0161on\u0105, reguliuojamas elastines petne\u0161as ir dvi puikias ki\u0161enes radini\u0173 laikymui. \u0160vies\u0105 atspindintys elementai i\u0161kirpimuose leid\u017eia saugiai \u017eaisti net tamsoje.<\/p>\n","protected":false},"excerpt":{"rendered":"<p>Vaiki\u0161ka \u017eiemos komplektas. Komplektas su gra\u017eiu mink\u0161tu medviln\u0117s flanel\u0117s pamu\u0161alu ir kv\u0117puojan\u010diu bei neper\u0161lampan\u010diu vir\u0161utiniu audiniu, puikiai tinkan\u010diu m\u016bs\u0173 klimatui. Striuk\u0117 su 300g, keln\u0117s su 160g pa\u0161iltinimu. Auk\u0161tu liemeniu keln\u0117s su u\u017elydyta s\u0117dyn\u0117s si\u016ble, leid\u017eian\u010dia ma\u017eyliui m\u0117gautis \u017eiemos d\u017eiaugsmais ner\u016bpestingai ir tuo pa\u010diu i\u0161likti sausam ir \u0161iltam. Patogesniam d\u0117v\u0117jimui komplektas turi nuimam\u0105 kailinio kapi\u0161on\u0105, reguliuojamas [&hellip;]<\/p>\n","protected":false},"featured_media":527523,"template":"","meta":{"_acf_changed":false},"product_brand":[],"product_cat":[1477,1478,1510,102,19],"product_tag":[],"class_list":{"0":"post-527521","1":"product","2":"type-product","3":"status-publish","4":"has-post-thumbnail","6":"product_cat-komplektai","7":"product_cat-komplektai-2","8":"product_cat-komplektai-mergaiciu","9":"product_cat-mergaiciu","10":"product_cat-vaikai","11":"pa_amzius-vaikai","12":"pa_atsparumas-vandeniui-10-000mm","13":"pa_dydis-412","14":"pa_izoliacijos-svoris-300g160g","15":"pa_kolekcija-nr-w21-22","16":"pa_kolekcijos-dalis-classic","17":"pa_lytis-mergaiciu","18":"pa_oro-pralaidumas-10-000g-m-24h","19":"pa_prekes-artikulas-41780030-14420","20":"pa_rastuota-rastas","21":"pa_uzpildas-300g160g","23":"first","24":"instock","25":"sale","26":"taxable","27":"shipping-taxable","28":"purchasable","29":"product-type-variable"},"acf":[],"yoast_head":"<!-- This site is optimized with the Yoast SEO plugin v26.8 - https:\/\/yoast.com\/product\/yoast-seo-wordpress\/ -->\n<title>Ma\u017eyli\u0173 komplektas AVERY, balta su ra\u0161tu\/bordo 14420, 80 (300g+160g) - Huppa LT<\/title>\n<meta name=\"robots\" content=\"index, follow, max-snippet:-1, max-image-preview:large, max-video-preview:-1\" \/>\n<link rel=\"canonical\" href=\"https:\/\/shop.huppa.eu\/lt\/product\/mazyliu-komplektas-avery-balta-su-rastu-bordo-14420-80-300g160g\/\" \/>\n<meta property=\"og:locale\" content=\"lt_LT\" \/>\n<meta property=\"og:type\" content=\"article\" \/>\n<meta property=\"og:title\" content=\"Ma\u017eyli\u0173 komplektas AVERY, balta su ra\u0161tu\/bordo 14420, 80 (300g+160g) - Huppa LT\" \/>\n<meta property=\"og:description\" content=\"Vaiki\u0161ka \u017eiemos komplektas. Komplektas su gra\u017eiu mink\u0161tu medviln\u0117s flanel\u0117s pamu\u0161alu ir kv\u0117puojan\u010diu bei neper\u0161lampan\u010diu vir\u0161utiniu audiniu, puikiai tinkan\u010diu m\u016bs\u0173 klimatui. Striuk\u0117 su 300g, keln\u0117s su 160g pa\u0161iltinimu. Auk\u0161tu liemeniu keln\u0117s su u\u017elydyta s\u0117dyn\u0117s si\u016ble, leid\u017eian\u010dia ma\u017eyliui m\u0117gautis \u017eiemos d\u017eiaugsmais ner\u016bpestingai ir tuo pa\u010diu i\u0161likti sausam ir \u0161iltam. Patogesniam d\u0117v\u0117jimui komplektas turi nuimam\u0105 kailinio kapi\u0161on\u0105, reguliuojamas [&hellip;]\" \/>\n<meta property=\"og:url\" content=\"https:\/\/shop.huppa.eu\/lt\/product\/mazyliu-komplektas-avery-balta-su-rastu-bordo-14420-80-300g160g\/\" \/>\n<meta property=\"og:site_name\" content=\"Huppa LT\" \/>\n<meta property=\"article:modified_time\" content=\"2026-04-15T04:24:09+00:00\" \/>\n<meta property=\"og:image\" content=\"https:\/\/huppashop-prod.s3.eu-north-1.amazonaws.com\/wp-content\/uploads\/sites\/5\/2026\/04\/15062346\/41780030-14420-AVERY_f.jpg\" \/>\n\t<meta property=\"og:image:width\" content=\"1200\" \/>\n\t<meta property=\"og:image:height\" content=\"1200\" \/>\n\t<meta property=\"og:image:type\" content=\"image\/jpeg\" \/>\n<meta name=\"twitter:card\" content=\"summary_large_image\" \/>\n<meta name=\"twitter:label1\" content=\"Est. reading time\" \/>\n\t<meta name=\"twitter:data1\" content=\"1 minut\u0117\" \/>\n<script type=\"application\/ld+json\" class=\"yoast-schema-graph\">{\"@context\":\"https:\/\/schema.org\",\"@graph\":[{\"@type\":\"WebPage\",\"@id\":\"https:\/\/shop.huppa.eu\/lt\/product\/mazyliu-komplektas-avery-balta-su-rastu-bordo-14420-80-300g160g\/\",\"url\":\"https:\/\/shop.huppa.eu\/lt\/product\/mazyliu-komplektas-avery-balta-su-rastu-bordo-14420-80-300g160g\/\",\"name\":\"Ma\u017eyli\u0173 komplektas AVERY, balta su ra\u0161tu\/bordo 14420, 80 (300g+160g) - Huppa LT\",\"isPartOf\":{\"@id\":\"https:\/\/shop.huppa.eu\/lt\/#website\"},\"primaryImageOfPage\":{\"@id\":\"https:\/\/shop.huppa.eu\/lt\/product\/mazyliu-komplektas-avery-balta-su-rastu-bordo-14420-80-300g160g\/#primaryimage\"},\"image\":{\"@id\":\"https:\/\/shop.huppa.eu\/lt\/product\/mazyliu-komplektas-avery-balta-su-rastu-bordo-14420-80-300g160g\/#primaryimage\"},\"thumbnailUrl\":\"https:\/\/huppashop-prod.s3.eu-north-1.amazonaws.com\/wp-content\/uploads\/sites\/5\/2026\/04\/15062346\/41780030-14420-AVERY_f.jpg\",\"datePublished\":\"2026-04-15T04:23:44+00:00\",\"dateModified\":\"2026-04-15T04:24:09+00:00\",\"breadcrumb\":{\"@id\":\"https:\/\/shop.huppa.eu\/lt\/product\/mazyliu-komplektas-avery-balta-su-rastu-bordo-14420-80-300g160g\/#breadcrumb\"},\"inLanguage\":\"lt-LT\",\"potentialAction\":[{\"@type\":\"ReadAction\",\"target\":[\"https:\/\/shop.huppa.eu\/lt\/product\/mazyliu-komplektas-avery-balta-su-rastu-bordo-14420-80-300g160g\/\"]}]},{\"@type\":\"ImageObject\",\"inLanguage\":\"lt-LT\",\"@id\":\"https:\/\/shop.huppa.eu\/lt\/product\/mazyliu-komplektas-avery-balta-su-rastu-bordo-14420-80-300g160g\/#primaryimage\",\"url\":\"https:\/\/huppashop-prod.s3.eu-north-1.amazonaws.com\/wp-content\/uploads\/sites\/5\/2026\/04\/15062346\/41780030-14420-AVERY_f.jpg\",\"contentUrl\":\"https:\/\/huppashop-prod.s3.eu-north-1.amazonaws.com\/wp-content\/uploads\/sites\/5\/2026\/04\/15062346\/41780030-14420-AVERY_f.jpg\",\"width\":1200,\"height\":1200},{\"@type\":\"BreadcrumbList\",\"@id\":\"https:\/\/shop.huppa.eu\/lt\/product\/mazyliu-komplektas-avery-balta-su-rastu-bordo-14420-80-300g160g\/#breadcrumb\",\"itemListElement\":[{\"@type\":\"ListItem\",\"position\":1,\"name\":\"Shop\",\"item\":\"https:\/\/shop.huppa.eu\/lt\/shop\/\"},{\"@type\":\"ListItem\",\"position\":2,\"name\":\"Ma\u017eyli\u0173 komplektas AVERY, balta su ra\u0161tu\/bordo 14420, 80 (300g+160g)\"}]},{\"@type\":\"WebSite\",\"@id\":\"https:\/\/shop.huppa.eu\/lt\/#website\",\"url\":\"https:\/\/shop.huppa.eu\/lt\/\",\"name\":\"Huppa LT\",\"description\":\"Huppa LT\",\"potentialAction\":[{\"@type\":\"SearchAction\",\"target\":{\"@type\":\"EntryPoint\",\"urlTemplate\":\"https:\/\/shop.huppa.eu\/lt\/?s={search_term_string}\"},\"query-input\":{\"@type\":\"PropertyValueSpecification\",\"valueRequired\":true,\"valueName\":\"search_term_string\"}}],\"inLanguage\":\"lt-LT\"}]}<\/script>\n<!-- \/ Yoast SEO plugin. -->","yoast_head_json":{"title":"Ma\u017eyli\u0173 komplektas AVERY, balta su ra\u0161tu\/bordo 14420, 80 (300g+160g) - Huppa LT","robots":{"index":"index","follow":"follow","max-snippet":"max-snippet:-1","max-image-preview":"max-image-preview:large","max-video-preview":"max-video-preview:-1"},"canonical":"https:\/\/shop.huppa.eu\/lt\/product\/mazyliu-komplektas-avery-balta-su-rastu-bordo-14420-80-300g160g\/","og_locale":"lt_LT","og_type":"article","og_title":"Ma\u017eyli\u0173 komplektas AVERY, balta su ra\u0161tu\/bordo 14420, 80 (300g+160g) - Huppa LT","og_description":"Vaiki\u0161ka \u017eiemos komplektas. Komplektas su gra\u017eiu mink\u0161tu medviln\u0117s flanel\u0117s pamu\u0161alu ir kv\u0117puojan\u010diu bei neper\u0161lampan\u010diu vir\u0161utiniu audiniu, puikiai tinkan\u010diu m\u016bs\u0173 klimatui. Striuk\u0117 su 300g, keln\u0117s su 160g pa\u0161iltinimu. Auk\u0161tu liemeniu keln\u0117s su u\u017elydyta s\u0117dyn\u0117s si\u016ble, leid\u017eian\u010dia ma\u017eyliui m\u0117gautis \u017eiemos d\u017eiaugsmais ner\u016bpestingai ir tuo pa\u010diu i\u0161likti sausam ir \u0161iltam. Patogesniam d\u0117v\u0117jimui komplektas turi nuimam\u0105 kailinio kapi\u0161on\u0105, reguliuojamas [&hellip;]","og_url":"https:\/\/shop.huppa.eu\/lt\/product\/mazyliu-komplektas-avery-balta-su-rastu-bordo-14420-80-300g160g\/","og_site_name":"Huppa LT","article_modified_time":"2026-04-15T04:24:09+00:00","og_image":[{"width":1200,"height":1200,"url":"https:\/\/huppashop-prod.s3.eu-north-1.amazonaws.com\/wp-content\/uploads\/sites\/5\/2026\/04\/15062346\/41780030-14420-AVERY_f.jpg","type":"image\/jpeg"}],"twitter_card":"summary_large_image","twitter_misc":{"Est. reading time":"1 minut\u0117"},"schema":{"@context":"https:\/\/schema.org","@graph":[{"@type":"WebPage","@id":"https:\/\/shop.huppa.eu\/lt\/product\/mazyliu-komplektas-avery-balta-su-rastu-bordo-14420-80-300g160g\/","url":"https:\/\/shop.huppa.eu\/lt\/product\/mazyliu-komplektas-avery-balta-su-rastu-bordo-14420-80-300g160g\/","name":"Ma\u017eyli\u0173 komplektas AVERY, balta su ra\u0161tu\/bordo 14420, 80 (300g+160g) - Huppa LT","isPartOf":{"@id":"https:\/\/shop.huppa.eu\/lt\/#website"},"primaryImageOfPage":{"@id":"https:\/\/shop.huppa.eu\/lt\/product\/mazyliu-komplektas-avery-balta-su-rastu-bordo-14420-80-300g160g\/#primaryimage"},"image":{"@id":"https:\/\/shop.huppa.eu\/lt\/product\/mazyliu-komplektas-avery-balta-su-rastu-bordo-14420-80-300g160g\/#primaryimage"},"thumbnailUrl":"https:\/\/huppashop-prod.s3.eu-north-1.amazonaws.com\/wp-content\/uploads\/sites\/5\/2026\/04\/15062346\/41780030-14420-AVERY_f.jpg","datePublished":"2026-04-15T04:23:44+00:00","dateModified":"2026-04-15T04:24:09+00:00","breadcrumb":{"@id":"https:\/\/shop.huppa.eu\/lt\/product\/mazyliu-komplektas-avery-balta-su-rastu-bordo-14420-80-300g160g\/#breadcrumb"},"inLanguage":"lt-LT","potentialAction":[{"@type":"ReadAction","target":["https:\/\/shop.huppa.eu\/lt\/product\/mazyliu-komplektas-avery-balta-su-rastu-bordo-14420-80-300g160g\/"]}]},{"@type":"ImageObject","inLanguage":"lt-LT","@id":"https:\/\/shop.huppa.eu\/lt\/product\/mazyliu-komplektas-avery-balta-su-rastu-bordo-14420-80-300g160g\/#primaryimage","url":"https:\/\/huppashop-prod.s3.eu-north-1.amazonaws.com\/wp-content\/uploads\/sites\/5\/2026\/04\/15062346\/41780030-14420-AVERY_f.jpg","contentUrl":"https:\/\/huppashop-prod.s3.eu-north-1.amazonaws.com\/wp-content\/uploads\/sites\/5\/2026\/04\/15062346\/41780030-14420-AVERY_f.jpg","width":1200,"height":1200},{"@type":"BreadcrumbList","@id":"https:\/\/shop.huppa.eu\/lt\/product\/mazyliu-komplektas-avery-balta-su-rastu-bordo-14420-80-300g160g\/#breadcrumb","itemListElement":[{"@type":"ListItem","position":1,"name":"Shop","item":"https:\/\/shop.huppa.eu\/lt\/shop\/"},{"@type":"ListItem","position":2,"name":"Ma\u017eyli\u0173 komplektas AVERY, balta su ra\u0161tu\/bordo 14420, 80 (300g+160g)"}]},{"@type":"WebSite","@id":"https:\/\/shop.huppa.eu\/lt\/#website","url":"https:\/\/shop.huppa.eu\/lt\/","name":"Huppa LT","description":"Huppa LT","potentialAction":[{"@type":"SearchAction","target":{"@type":"EntryPoint","urlTemplate":"https:\/\/shop.huppa.eu\/lt\/?s={search_term_string}"},"query-input":{"@type":"PropertyValueSpecification","valueRequired":true,"valueName":"search_term_string"}}],"inLanguage":"lt-LT"}]}},"_links":{"self":[{"href":"https:\/\/shop.huppa.eu\/lt\/wp-json\/wp\/v2\/product\/527521","targetHints":{"allow":["GET"]}}],"collection":[{"href":"https:\/\/shop.huppa.eu\/lt\/wp-json\/wp\/v2\/product"}],"about":[{"href":"https:\/\/shop.huppa.eu\/lt\/wp-json\/wp\/v2\/types\/product"}],"wp:featuredmedia":[{"embeddable":true,"href":"https:\/\/shop.huppa.eu\/lt\/wp-json\/wp\/v2\/media\/527523"}],"wp:attachment":[{"href":"https:\/\/shop.huppa.eu\/lt\/wp-json\/wp\/v2\/media?parent=527521"}],"wp:term":[{"taxonomy":"product_brand","embeddable":true,"href":"https:\/\/shop.huppa.eu\/lt\/wp-json\/wp\/v2\/product_brand?post=527521"},{"taxonomy":"product_cat","embeddable":true,"href":"https:\/\/shop.huppa.eu\/lt\/wp-json\/wp\/v2\/product_cat?post=527521"},{"taxonomy":"product_tag","embeddable":true,"href":"https:\/\/shop.huppa.eu\/lt\/wp-json\/wp\/v2\/product_tag?post=527521"}],"curies":[{"name":"wp","href":"https:\/\/api.w.org\/{rel}","templated":true}]}}