{"id":3,"date":"2021-12-01T15:10:44","date_gmt":"2021-12-01T15:10:44","guid":{"rendered":"https:\/\/shop.huppa.eu\/lv\/?page_id=3"},"modified":"2024-02-22T11:40:29","modified_gmt":"2024-02-22T09:40:29","slug":"privacy-policy","status":"publish","type":"page","link":"https:\/\/shop.huppa.eu\/lv\/privacy-policy\/","title":{"rendered":"PERSONAS DATU APSTR\u0100DE"},"content":{"rendered":"\n<h3 class=\"wp-block-heading\" id=\"privaatsuspoliitika\">PERSONAS DATU APSTR\u0100DE<\/h3>\n\n\n\n<p>Pamatojoties uz st\u0101jo\u0161ies sp\u0113k\u0101 25.maija 2018.gada visp\u0101r\u0113jo datu aizsardz\u012bbas regulu Nr. 1016\/679,Visp\u0101r\u012bg\u0101 datu aizsardz\u012bbas regula (GDPR jeb General Data Protection Regulation) HUPPA LV SIA (Zemit\u0101na iela 9, R\u012bga, Latvija, LV1012, uz\u0146. re\u0123. Nr. 40103206889) ir ieviesusi personas datu apstr\u0101des principus, aprakstot k\u0101p\u0113c, k\u0101 un k\u0101di fizisko personu dati tiek v\u0101kti un apstr\u0101d\u0101ti, noform\u0113jot pas\u016bt\u012bjumu m\u016bsu interneta veikal\u0101 www.shop.huppa.eu\/lv<\/p>\n\n\n\n<p>Ar doto priv\u0101tumu politiku m\u0113s apliecin\u0101m savu atbild\u012bbu par personas sniegto priv\u0101to datu aizsardz\u012bbu un neizpau\u0161anu, stingras konfidencialit\u0101tes iev\u0113ro\u0161anu.<\/p>\n\n\n\n<h3 class=\"wp-block-heading\" id=\"privaatsuspoliitika\">Personas dati ko pirc\u0113js nor\u0101da m\u016bsu m\u0101jas lap\u0101 ir:<\/h3>\n\n\n\n<ul class=\"wp-block-list\">\n<li>V\u0101rds, uzv\u0101rds<\/li>\n\n\n\n<li>E-pasta adrese<\/li>\n\n\n\n<li>Telefona numurs<\/li>\n\n\n\n<li>Dz\u012bves vietas adrese<\/li>\n\n\n\n<li>Pas\u016bt\u012bjuma pieg\u0101des adrese<\/li>\n<\/ul>\n\n\n\n<h3 class=\"wp-block-heading\" id=\"isikuandmed\">Personas datu apstr\u0101des m\u0113r\u0137is:<\/h3>\n\n\n\n<ul class=\"wp-block-list\">\n<li>Pas\u016bt\u012bjuma noform\u0113\u0161anai un klienta inform\u0113\u0161anai<\/li>\n\n\n\n<li>Sazi\u0146ai ar klientu saist\u012bb\u0101 ar pas\u016bt\u012bjumu, t\u0101 saturu un pieg\u0101di<\/li>\n\n\n\n<li>Atgriezeniskai sazi\u0146ai ar klientu, kontaktu uztur\u0113\u0161anai<\/li>\n\n\n\n<li>R\u0113\u0137ina izrakst\u012b\u0161anai par pas\u016bt\u012bjumu atbilsto\u0161i LR likumdo\u0161anai<\/li>\n\n\n\n<li>Jaunumu un citu inform\u0101ciju izs\u016bt\u012b\u0161anai, ja klients nor\u0101d\u012bjis savu piekri\u0161anu interneta veikal\u0101 atz\u012bm\u0113jot to m\u0101jas lap\u0101 www.shop.huppa.eu\/lv Re\u0123istr\u0113ts klients jebkur\u0101 laik\u0101 var atteikties no turpm\u0101k\u0101s inform\u0101cijas sa\u0146em\u0161anas ieejot sav\u0101 lietot\u0101ja profil\u0101<\/li>\n\n\n\n<li>Pas\u016bt\u012bto pre\u010du pieg\u0101dei, ja pirc\u0113js ir piekritis pre\u010du pieg\u0101dei<\/li>\n<\/ul>\n\n\n\n<h3 class=\"wp-block-heading\" id=\"andmete-tootlemise-eesmark-ja-alus\">Personas datu apstr\u0101d\u0101t\u0101js un p\u0101rzinis<\/h3>\n\n\n\n<p>SIA HUPPA LV (Zemit\u0101na iela 9, R\u012bga, Latvija, LV1012, uz\u0146. re\u0123. Nr. 40103206889)<\/p>\n\n\n\n<div class=\"wp-block-columns is-layout-flex wp-container-core-columns-is-layout-9d6595d7 wp-block-columns-is-layout-flex\">\n<div class=\"wp-block-column is-layout-flow wp-block-column-is-layout-flow\" style=\"flex-basis:33.33%\"><\/div>\n\n\n\n<div class=\"wp-block-column is-layout-flow wp-block-column-is-layout-flow\" style=\"flex-basis:66.66%\"><\/div>\n<\/div>\n\n\n\n<div class=\"wp-block-columns is-layout-flex wp-container-core-columns-is-layout-9d6595d7 wp-block-columns-is-layout-flex\">\n<div class=\"wp-block-column is-layout-flow wp-block-column-is-layout-flow\" style=\"flex-basis:33.33%\"><\/div>\n\n\n\n<div class=\"wp-block-column is-layout-flow wp-block-column-is-layout-flow\" style=\"flex-basis:66.66%\"><\/div>\n<\/div>\n\n\n\n<h3 class=\"wp-block-heading\" id=\"ligipaas-isikuandmetele-ja-turvalisus\">Personas datu sa\u0146\u0113m\u0113js<\/h3>\n\n\n\n<p>SIA HUPPA LV apstr\u0101d\u0101jot klientu personas datus, iev\u0113ro stingru konfidencialit\u0101ti un nodro\u0161ina aizsardz\u012bbu pret tre\u0161o personu nesankcion\u0113tas piek\u013cuves iesp\u0113j\u0101m personas datiem, personas datu net\u012b\u0161u nozaud\u0113\u0161anu vai izn\u012bcin\u0101\u0161anu, atbilsto\u0161i Regulai un sp\u0113k\u0101 eso\u0161ai Latvijas Republikas likumdo\u0161anai. Esot likum\u012bgam pamatam, HUPPA LV SIA klientu personas datus var nodot valsts p\u0101rvaldes iest\u0101d\u0113m, ties\u012bbsarg\u0101jo\u0161\u0101m iest\u0101d\u0113m, p\u0113c \u0161o instit\u016bciju likum\u012bga piepras\u012bjuma atbilsto\u0161i Regulai un uz piepras\u012bjuma br\u012bdi sp\u0113k\u0101 eso\u0161ai Latvijas Republikas likumdo\u0161anai.<\/p>\n\n\n\n<p>Ar pre\u010du pieg\u0101di saist\u012bto inform\u0101ciju (v\u0101rds, uzv\u0101rds, pieg\u0101des adrese un telefona numurs) uz\u0146\u0113mumiem, kas sniedz SIA HUPPA LV pre\u010du pieg\u0101des pakalpojumus, lai pieg\u0101d\u0101tu pas\u016bt\u012bjumu fiziskai personai, ja persona ir nor\u0101d\u012bjusi pas\u016bt\u012bjuma pieg\u0101des adresi un ir piekritusi datu nodo\u0161anai pieg\u0101des komp\u0101nijai.<\/p>\n\n\n\n<p>Klientam ir ties\u012bbas jebkur\u0101 laik\u0101 sa\u0146emt inform\u0101ciju par saviem personas datiem un ar tiem iepaz\u012bties, piepras\u012bt piek\u013cuvi saviem personas datiem, piepras\u012bt savu personas datu izlabo\u0161anu, piepras\u012bt savu personas datu ierobe\u017eo\u0161anu, piepras\u012bt savu personas datu izdz\u0113\u0161anu, piepras\u012bt savu personas datu p\u0101rne\u0161anu, k\u0101 ar\u012b ties\u012bbas, kas saist\u012btas ar automatiz\u0113to apstr\u0101di, ties\u012bbas sa\u0146emt uzraudz\u012bbas iest\u0101des sniegto nov\u0113rt\u0113jumu. Turkl\u0101t klientam ir ties\u012bbas atsaukt savu agr\u0101k doto piekri\u0161anu personas datu apstr\u0101dei. Lai sa\u0146emtu inform\u0101ciju un iepaz\u012btos ar saviem personas datiem, klientam j\u0101nos\u016bta attiec\u012bga satura piepras\u012bjums uz e-pastu latvia@huppa.eu<\/p>\n\n\n\n<p>Atbild\u012bgais personas datu apstr\u0101d\u0101t\u0101js var s\u016bt\u012bt klientam jaunumu zi\u0146ojumus, t. sk., klientu apmierin\u0101t\u012bbas aptaujas un pied\u0101v\u0101jumus, ar klienta e-pasta adreses vai \u012bszi\u0146u (SMS) starpniec\u012bbu \u2013 tikai t\u0101d\u0101 gad\u012bjum\u0101, ja klients tam piekritis.<\/p>\n\n\n\n<p>Klientam ir iesp\u0113ja jebkur\u0101 laik\u0101 atteikties no pied\u0101v\u0101jumu un jaunumu zi\u0146ojumu sa\u0146em\u0161anas, piesl\u0113dzoties t\u012bmek\u013ca vietnes www.huppa.eu pa\u0161apkalpo\u0161an\u0101s sada\u013cai vai nos\u016btot attiec\u012bgu piepras\u012bjumu uz e-pastu latvia@huppa.eu, vai sekojot sa\u0146emtaj\u0101 e-pasta v\u0113stul\u0113 sniegtajiem nor\u0101d\u012bjumiem.<\/p>\n\n\n\n<p>Klientam ir iesp\u0113ja jebkur\u0101 laik\u0101 iepaz\u012bties ar saviem personas datiem un da\u013c\u0113ji vai piln\u012bb\u0101 tos main\u012bt, piesl\u0113dzoties t\u012bmek\u013ca vietnes www.huppa.eu pa\u0161apkalpo\u0161an\u0101s videi vai nos\u016btot attiec\u012bgu piepras\u012bjumu uz e-pastu info@huppa.eu. Klients var ar\u012b piepras\u012bt savu personas datu izdz\u0113\u0161anu, nos\u016btot attiec\u012bgu rakstisku piepras\u012bjumu uz e-pastu info@huppa.eu.<\/p>\n\n\n\n<p>Atbild\u012bgais personas datu apstr\u0101d\u0101t\u0101js main\u012bs un\/vai izdz\u0113s\u012bs klienta datus p\u0113c tam, kad b\u016bs noteikta klienta identit\u0101te.<\/p>\n\n\n\n<p>Gad\u012bjum\u0101,&nbsp; ja personas datu apstr\u0101de notiek, \u012bstenojot jaunu m\u0113r\u0137i, kas at\u0161\u0137iras no t\u0101, kuram personas dati s\u0101kotn\u0113ji tika ieg\u016bti, vai apstr\u0101des veik\u0161anai nav sa\u0146emta datu subjekta piekri\u0161ana, SIA HUPPA LV r\u016bp\u012bgi izv\u0113rt\u0113 \u0161\u012bs jaun\u0101s apstr\u0101des pie\u013caujam\u012bbu. Nosakot, vai personas datu apstr\u0101de, \u012bstenojot jaunu m\u0113r\u0137i, saskan ar to, kuram personas dati s\u0101kotn\u0113ji tika ieg\u016bti, SIA HUPPA LV cita starp\u0101 \u0146em v\u0113r\u0101:<\/p>\n\n\n\n<ul class=\"wp-block-list\">\n<li>SIA HUPPA LV patur ties\u012bbas vienpus\u0113ji main\u012bt priv\u0101tuma politiku atbilsto\u0161i likumu pras\u012bb\u0101m.&nbsp;Par izmai\u0146\u0101m SIA HUPPA LV pazi\u0146o datu subjektam ar m\u0101jas lapas starpniec\u012bbu vai cit\u0101 veid\u0101.<\/li>\n\n\n\n<li>SIA HUPPA LV un uz\u0146\u0113mumi, kas ietilpst taj\u0101 pa\u0161\u0101 konsolid\u0113taj\u0101 grup\u0101, sav\u0101s m\u0101jas lap\u0101s izmanto s\u012bkfailus, pazi\u0146ojot par to klientiem un l\u016bdzot klientu piekri\u0161anu.<\/li>\n<\/ul>\n\n\n\n<div style=\"height:60px\" aria-hidden=\"true\" class=\"wp-block-spacer\"><\/div>\n","protected":false},"excerpt":{"rendered":"<p>PERSONAS DATU APSTR\u0100DE Pamatojoties uz st\u0101jo\u0161ies sp\u0113k\u0101 25.maija 2018.gada visp\u0101r\u0113jo datu aizsardz\u012bbas regulu Nr. 1016\/679,Visp\u0101r\u012bg\u0101 datu aizsardz\u012bbas regula (GDPR jeb General Data Protection Regulation) HUPPA LV SIA (Zemit\u0101na iela 9, R\u012bga, Latvija, LV1012, uz\u0146. re\u0123. Nr. 40103206889) ir ieviesusi personas datu apstr\u0101des principus, aprakstot k\u0101p\u0113c, k\u0101 un k\u0101di fizisko personu dati tiek v\u0101kti un apstr\u0101d\u0101ti, [&hellip;]<\/p>\n","protected":false},"author":10,"featured_media":0,"parent":0,"menu_order":0,"comment_status":"closed","ping_status":"closed","template":"","meta":{"_acf_changed":false,"footnotes":""},"class_list":["post-3","page","type-page","status-publish","hentry"],"acf":[],"yoast_head":"<!-- This site is optimized with the Yoast SEO plugin v26.8 - https:\/\/yoast.com\/product\/yoast-seo-wordpress\/ -->\n<title>Priv\u0101tuma politika<\/title>\n<meta name=\"description\" content=\"Huppa apstr\u0101d\u0101 klientu personas datus tikai likum\u0101 un priv\u0101tuma noteikumos noteiktajos pamatos un nol\u016bkos.\" \/>\n<meta name=\"robots\" content=\"index, follow, max-snippet:-1, max-image-preview:large, max-video-preview:-1\" \/>\n<link rel=\"canonical\" href=\"https:\/\/shop.huppa.eu\/lv\/privacy-policy\/\" \/>\n<meta property=\"og:locale\" content=\"lv_LV\" \/>\n<meta property=\"og:type\" content=\"article\" \/>\n<meta property=\"og:title\" content=\"Priv\u0101tuma politika\" \/>\n<meta property=\"og:description\" content=\"Huppa apstr\u0101d\u0101 klientu personas datus tikai likum\u0101 un priv\u0101tuma noteikumos noteiktajos pamatos un nol\u016bkos.\" \/>\n<meta property=\"og:url\" content=\"https:\/\/shop.huppa.eu\/lv\/privacy-policy\/\" \/>\n<meta property=\"og:site_name\" content=\"Huppa LV\" \/>\n<meta property=\"article:modified_time\" content=\"2024-02-22T09:40:29+00:00\" \/>\n<meta name=\"twitter:card\" content=\"summary_large_image\" \/>\n<meta name=\"twitter:label1\" content=\"Est. reading time\" \/>\n\t<meta name=\"twitter:data1\" content=\"4 min\u016btes\" \/>\n<script type=\"application\/ld+json\" class=\"yoast-schema-graph\">{\"@context\":\"https:\/\/schema.org\",\"@graph\":[{\"@type\":\"WebPage\",\"@id\":\"https:\/\/shop.huppa.eu\/lv\/privacy-policy\/\",\"url\":\"https:\/\/shop.huppa.eu\/lv\/privacy-policy\/\",\"name\":\"Priv\u0101tuma politika\",\"isPartOf\":{\"@id\":\"https:\/\/shop.huppa.eu\/lv\/#website\"},\"datePublished\":\"2021-12-01T15:10:44+00:00\",\"dateModified\":\"2024-02-22T09:40:29+00:00\",\"description\":\"Huppa apstr\u0101d\u0101 klientu personas datus tikai likum\u0101 un priv\u0101tuma noteikumos noteiktajos pamatos un nol\u016bkos.\",\"inLanguage\":\"lv-LV\",\"potentialAction\":[{\"@type\":\"ReadAction\",\"target\":[\"https:\/\/shop.huppa.eu\/lv\/privacy-policy\/\"]}]},{\"@type\":\"WebSite\",\"@id\":\"https:\/\/shop.huppa.eu\/lv\/#website\",\"url\":\"https:\/\/shop.huppa.eu\/lv\/\",\"name\":\"Huppa LV\",\"description\":\"\",\"potentialAction\":[{\"@type\":\"SearchAction\",\"target\":{\"@type\":\"EntryPoint\",\"urlTemplate\":\"https:\/\/shop.huppa.eu\/lv\/?s={search_term_string}\"},\"query-input\":{\"@type\":\"PropertyValueSpecification\",\"valueRequired\":true,\"valueName\":\"search_term_string\"}}],\"inLanguage\":\"lv-LV\"}]}<\/script>\n<!-- \/ Yoast SEO plugin. -->","yoast_head_json":{"title":"Priv\u0101tuma politika","description":"Huppa apstr\u0101d\u0101 klientu personas datus tikai likum\u0101 un priv\u0101tuma noteikumos noteiktajos pamatos un nol\u016bkos.","robots":{"index":"index","follow":"follow","max-snippet":"max-snippet:-1","max-image-preview":"max-image-preview:large","max-video-preview":"max-video-preview:-1"},"canonical":"https:\/\/shop.huppa.eu\/lv\/privacy-policy\/","og_locale":"lv_LV","og_type":"article","og_title":"Priv\u0101tuma politika","og_description":"Huppa apstr\u0101d\u0101 klientu personas datus tikai likum\u0101 un priv\u0101tuma noteikumos noteiktajos pamatos un nol\u016bkos.","og_url":"https:\/\/shop.huppa.eu\/lv\/privacy-policy\/","og_site_name":"Huppa LV","article_modified_time":"2024-02-22T09:40:29+00:00","twitter_card":"summary_large_image","twitter_misc":{"Est. reading time":"4 min\u016btes"},"schema":{"@context":"https:\/\/schema.org","@graph":[{"@type":"WebPage","@id":"https:\/\/shop.huppa.eu\/lv\/privacy-policy\/","url":"https:\/\/shop.huppa.eu\/lv\/privacy-policy\/","name":"Priv\u0101tuma politika","isPartOf":{"@id":"https:\/\/shop.huppa.eu\/lv\/#website"},"datePublished":"2021-12-01T15:10:44+00:00","dateModified":"2024-02-22T09:40:29+00:00","description":"Huppa apstr\u0101d\u0101 klientu personas datus tikai likum\u0101 un priv\u0101tuma noteikumos noteiktajos pamatos un nol\u016bkos.","inLanguage":"lv-LV","potentialAction":[{"@type":"ReadAction","target":["https:\/\/shop.huppa.eu\/lv\/privacy-policy\/"]}]},{"@type":"WebSite","@id":"https:\/\/shop.huppa.eu\/lv\/#website","url":"https:\/\/shop.huppa.eu\/lv\/","name":"Huppa LV","description":"","potentialAction":[{"@type":"SearchAction","target":{"@type":"EntryPoint","urlTemplate":"https:\/\/shop.huppa.eu\/lv\/?s={search_term_string}"},"query-input":{"@type":"PropertyValueSpecification","valueRequired":true,"valueName":"search_term_string"}}],"inLanguage":"lv-LV"}]}},"_links":{"self":[{"href":"https:\/\/shop.huppa.eu\/lv\/wp-json\/wp\/v2\/pages\/3","targetHints":{"allow":["GET"]}}],"collection":[{"href":"https:\/\/shop.huppa.eu\/lv\/wp-json\/wp\/v2\/pages"}],"about":[{"href":"https:\/\/shop.huppa.eu\/lv\/wp-json\/wp\/v2\/types\/page"}],"author":[{"embeddable":true,"href":"https:\/\/shop.huppa.eu\/lv\/wp-json\/wp\/v2\/users\/10"}],"replies":[{"embeddable":true,"href":"https:\/\/shop.huppa.eu\/lv\/wp-json\/wp\/v2\/comments?post=3"}],"version-history":[{"count":18,"href":"https:\/\/shop.huppa.eu\/lv\/wp-json\/wp\/v2\/pages\/3\/revisions"}],"predecessor-version":[{"id":510370,"href":"https:\/\/shop.huppa.eu\/lv\/wp-json\/wp\/v2\/pages\/3\/revisions\/510370"}],"wp:attachment":[{"href":"https:\/\/shop.huppa.eu\/lv\/wp-json\/wp\/v2\/media?parent=3"}],"curies":[{"name":"wp","href":"https:\/\/api.w.org\/{rel}","templated":true}]}}