{"id":514003,"date":"2023-05-10T10:41:06","date_gmt":"2023-05-10T08:41:06","guid":{"rendered":"https:\/\/shop.huppa.eu\/lv\/?page_id=514003"},"modified":"2024-03-15T09:05:19","modified_gmt":"2024-03-15T07:05:19","slug":"huppa_sertifikati","status":"publish","type":"page","link":"https:\/\/shop.huppa.eu\/lv\/huppa_sertifikati\/","title":{"rendered":"SERTIFIK\u0100TI"},"content":{"rendered":"\n<h2 class=\"wp-block-heading\" id=\"kes-me-oleme\">huppa SERTIFIK\u0100TI<\/h2>\n\n\n\n<div class=\"wp-block-media-text alignwide is-stacked-on-mobile\" style=\"grid-template-columns:22% auto\"><figure class=\"wp-block-media-text__media\"><img loading=\"lazy\" decoding=\"async\" width=\"356\" height=\"139\" src=\"https:\/\/huppashop-prod.s3.eu-north-1.amazonaws.com\/wp-content\/uploads\/sites\/4\/2023\/05\/10104657\/amfori-logo-blue-01.jpg\" alt=\"\" class=\"wp-image-514007 size-full\" srcset=\"https:\/\/huppashop-prod.s3.eu-north-1.amazonaws.com\/wp-content\/uploads\/sites\/4\/2023\/05\/10104657\/amfori-logo-blue-01.jpg 356w, https:\/\/huppashop-prod.s3.eu-north-1.amazonaws.com\/wp-content\/uploads\/sites\/4\/2023\/05\/10104657\/amfori-logo-blue-01-300x117.jpg 300w, https:\/\/huppashop-prod.s3.eu-north-1.amazonaws.com\/wp-content\/uploads\/sites\/4\/2023\/05\/10104657\/amfori-logo-blue-01-100x39.jpg 100w, https:\/\/huppashop-prod.s3.eu-north-1.amazonaws.com\/wp-content\/uploads\/sites\/4\/2023\/05\/10104657\/amfori-logo-blue-01-178x70.jpg 178w\" sizes=\"auto, (max-width: 356px) 100vw, 356px\" \/><\/figure><div class=\"wp-block-media-text__content\">\n<h5 class=\"wp-block-heading\" id=\"pikaajalised-kogemused\">Amfori<\/h5>\n\n\n\n<p>Uz\u0146\u0113mumi, kas atbalsta BSCI r\u012bc\u012bbas kodeksu un integr\u0113 to sav\u0101 biznesa kult\u016br\u0101 un darb\u012bb\u0101, ir ap\u0146\u0113mu\u0161ies iev\u0113rot v\u0113rt\u012bbas \u2013 nep\u0101rtrauktus uzlabojumus, sadarb\u012bbu un pilnvaru palielin\u0101\u0161anu \u2013 un principus, lai respekt\u0113tu darbinieku ties\u012bbas.<\/p>\n\n\n\n<div class=\"wp-block-buttons is-layout-flex wp-block-buttons-is-layout-flex\">\n<div class=\"wp-block-button has-custom-font-size is-style-outline has-small-font-size is-style-outline--1\"><a class=\"wp-block-button__link wp-element-button\" href=\"https:\/\/www.amfori.org\/\" style=\"border-radius:0px\" target=\"_blank\" rel=\"noreferrer noopener\">Uzziniet vair\u0101k<\/a><\/div>\n<\/div>\n<\/div><\/div>\n\n\n\n<div style=\"height:60px\" aria-hidden=\"true\" class=\"wp-block-spacer\"><\/div>\n\n\n\n<div class=\"wp-block-media-text alignwide is-stacked-on-mobile\" style=\"grid-template-columns:22% auto\"><figure class=\"wp-block-media-text__media\"><img loading=\"lazy\" decoding=\"async\" width=\"866\" height=\"650\" src=\"https:\/\/huppashop-prod.s3.eu-north-1.amazonaws.com\/wp-content\/uploads\/sites\/4\/2023\/05\/10104704\/global-recycled-standard6644.jpg\" alt=\"\" class=\"wp-image-514011 size-full\" srcset=\"https:\/\/huppashop-prod.s3.eu-north-1.amazonaws.com\/wp-content\/uploads\/sites\/4\/2023\/05\/10104704\/global-recycled-standard6644.jpg 866w, https:\/\/huppashop-prod.s3.eu-north-1.amazonaws.com\/wp-content\/uploads\/sites\/4\/2023\/05\/10104704\/global-recycled-standard6644-300x225.jpg 300w, https:\/\/huppashop-prod.s3.eu-north-1.amazonaws.com\/wp-content\/uploads\/sites\/4\/2023\/05\/10104704\/global-recycled-standard6644-768x576.jpg 768w, https:\/\/huppashop-prod.s3.eu-north-1.amazonaws.com\/wp-content\/uploads\/sites\/4\/2023\/05\/10104704\/global-recycled-standard6644-560x420.jpg 560w, https:\/\/huppashop-prod.s3.eu-north-1.amazonaws.com\/wp-content\/uploads\/sites\/4\/2023\/05\/10104704\/global-recycled-standard6644-700x525.jpg 700w, https:\/\/huppashop-prod.s3.eu-north-1.amazonaws.com\/wp-content\/uploads\/sites\/4\/2023\/05\/10104704\/global-recycled-standard6644-766x575.jpg 766w, https:\/\/huppashop-prod.s3.eu-north-1.amazonaws.com\/wp-content\/uploads\/sites\/4\/2023\/05\/10104704\/global-recycled-standard6644-450x338.jpg 450w, https:\/\/huppashop-prod.s3.eu-north-1.amazonaws.com\/wp-content\/uploads\/sites\/4\/2023\/05\/10104704\/global-recycled-standard6644-420x315.jpg 420w, https:\/\/huppashop-prod.s3.eu-north-1.amazonaws.com\/wp-content\/uploads\/sites\/4\/2023\/05\/10104704\/global-recycled-standard6644-100x75.jpg 100w, https:\/\/huppashop-prod.s3.eu-north-1.amazonaws.com\/wp-content\/uploads\/sites\/4\/2023\/05\/10104704\/global-recycled-standard6644-632x474.jpg 632w, https:\/\/huppashop-prod.s3.eu-north-1.amazonaws.com\/wp-content\/uploads\/sites\/4\/2023\/05\/10104704\/global-recycled-standard6644-600x450.jpg 600w, https:\/\/huppashop-prod.s3.eu-north-1.amazonaws.com\/wp-content\/uploads\/sites\/4\/2023\/05\/10104704\/global-recycled-standard6644-178x134.jpg 178w\" sizes=\"auto, (max-width: 866px) 100vw, 866px\" \/><\/figure><div class=\"wp-block-media-text__content\">\n<h5 class=\"wp-block-heading\" id=\"pikaajalised-kogemused\">Global recycled standard<\/h5>\n\n\n\n<p>RCS un GRS ir izstr\u0101d\u0101ti, lai veicin\u0101tu p\u0101rstr\u0101d\u0101tu materi\u0101lu izmanto\u0161anu.<\/p>\n\n\n\n<p>Glob\u0101lais p\u0101rstr\u0101des standarts (Global Recycled Standard \u2013 GRS) ir starptautisks, br\u012bvpr\u0101t\u012bgs, piln\u012bgs produktu standarts, kas nosaka pras\u012bbas tre\u0161\u0101s puses p\u0101rstr\u0101des satura sertifik\u0101cijai, uzraudz\u012bbas \u0137\u0113dei, soci\u0101lajai un vides praksei un \u0137\u012bmiskajiem ierobe\u017eojumiem. GRS m\u0113r\u0137is ir palielin\u0101t p\u0101rstr\u0101d\u0101tu materi\u0101lu izmanto\u0161anu produktos un samazin\u0101t\/likvid\u0113t to ra\u017eo\u0161anas laik\u0101 rad\u012bto kait\u0113jumu.<\/p>\n\n\n\n<div class=\"wp-block-buttons is-layout-flex wp-block-buttons-is-layout-flex\">\n<div class=\"wp-block-button has-custom-font-size is-style-outline has-small-font-size is-style-outline--2\"><a class=\"wp-block-button__link wp-element-button\" href=\"https:\/\/textileexchange.org\/recycled-claim-global-recycled-standard\/\" style=\"border-radius:0px\" target=\"_blank\" rel=\"noreferrer noopener\">Uzziniet vair\u0101k<\/a><\/div>\n<\/div>\n<\/div><\/div>\n\n\n\n<div style=\"height:60px\" aria-hidden=\"true\" class=\"wp-block-spacer\"><\/div>\n\n\n\n<div class=\"wp-block-media-text alignwide is-stacked-on-mobile\" style=\"grid-template-columns:22% auto\"><figure class=\"wp-block-media-text__media\"><img loading=\"lazy\" decoding=\"async\" width=\"900\" height=\"500\" src=\"https:\/\/huppashop-prod.s3.eu-north-1.amazonaws.com\/wp-content\/uploads\/sites\/4\/2023\/05\/10104700\/bluesign-system-partners-logo-vector.png\" alt=\"\" class=\"wp-image-514009 size-full\" srcset=\"https:\/\/huppashop-prod.s3.eu-north-1.amazonaws.com\/wp-content\/uploads\/sites\/4\/2023\/05\/10104700\/bluesign-system-partners-logo-vector.png 900w, https:\/\/huppashop-prod.s3.eu-north-1.amazonaws.com\/wp-content\/uploads\/sites\/4\/2023\/05\/10104700\/bluesign-system-partners-logo-vector-300x167.png 300w, https:\/\/huppashop-prod.s3.eu-north-1.amazonaws.com\/wp-content\/uploads\/sites\/4\/2023\/05\/10104700\/bluesign-system-partners-logo-vector-768x427.png 768w, https:\/\/huppashop-prod.s3.eu-north-1.amazonaws.com\/wp-content\/uploads\/sites\/4\/2023\/05\/10104700\/bluesign-system-partners-logo-vector-560x311.png 560w, https:\/\/huppashop-prod.s3.eu-north-1.amazonaws.com\/wp-content\/uploads\/sites\/4\/2023\/05\/10104700\/bluesign-system-partners-logo-vector-700x389.png 700w, https:\/\/huppashop-prod.s3.eu-north-1.amazonaws.com\/wp-content\/uploads\/sites\/4\/2023\/05\/10104700\/bluesign-system-partners-logo-vector-766x426.png 766w, https:\/\/huppashop-prod.s3.eu-north-1.amazonaws.com\/wp-content\/uploads\/sites\/4\/2023\/05\/10104700\/bluesign-system-partners-logo-vector-450x250.png 450w, https:\/\/huppashop-prod.s3.eu-north-1.amazonaws.com\/wp-content\/uploads\/sites\/4\/2023\/05\/10104700\/bluesign-system-partners-logo-vector-420x233.png 420w, https:\/\/huppashop-prod.s3.eu-north-1.amazonaws.com\/wp-content\/uploads\/sites\/4\/2023\/05\/10104700\/bluesign-system-partners-logo-vector-100x56.png 100w, https:\/\/huppashop-prod.s3.eu-north-1.amazonaws.com\/wp-content\/uploads\/sites\/4\/2023\/05\/10104700\/bluesign-system-partners-logo-vector-632x351.png 632w, https:\/\/huppashop-prod.s3.eu-north-1.amazonaws.com\/wp-content\/uploads\/sites\/4\/2023\/05\/10104700\/bluesign-system-partners-logo-vector-600x333.png 600w, https:\/\/huppashop-prod.s3.eu-north-1.amazonaws.com\/wp-content\/uploads\/sites\/4\/2023\/05\/10104700\/bluesign-system-partners-logo-vector-178x99.png 178w\" sizes=\"auto, (max-width: 900px) 100vw, 900px\" \/><\/figure><div class=\"wp-block-media-text__content\">\n<h5 class=\"wp-block-heading\" id=\"pikaajalised-kogemused\">Bluesign\u00ae SYSTEM<\/h5>\n\n\n\n<p>bluesign\u00ae SYSTEM apvieno visu tekstilizstr\u0101d\u0101jumu v\u0113rt\u012bbu \u0137\u0113di, lai samazin\u0101tu ietekmi uz cilv\u0113kiem un plan\u0113tu. Balstoties uz vair\u0101k nek\u0101 20 gadu pieredzi tekstilr\u016bpniec\u012bb\u0101, koncentr\u0113joties uz ilgtsp\u0113j\u012bgu \u0137\u012bmijas pielietojumu.<\/p>\n\n\n\n<div class=\"wp-block-buttons is-layout-flex wp-block-buttons-is-layout-flex\">\n<div class=\"wp-block-button has-custom-font-size is-style-outline has-small-font-size is-style-outline--3\"><a class=\"wp-block-button__link wp-element-button\" href=\"https:\/\/www.bluesign.com\/en\" style=\"border-radius:0px\" target=\"_blank\" rel=\"noreferrer noopener\">Uzziniet vair\u0101k<\/a><\/div>\n<\/div>\n<\/div><\/div>\n\n\n\n<div style=\"height:60px\" aria-hidden=\"true\" class=\"wp-block-spacer\"><\/div>\n\n\n\n<div class=\"wp-block-media-text alignwide is-stacked-on-mobile\" style=\"grid-template-columns:22% auto\"><figure class=\"wp-block-media-text__media\"><img loading=\"lazy\" decoding=\"async\" width=\"866\" height=\"650\" src=\"https:\/\/huppashop-prod.s3.eu-north-1.amazonaws.com\/wp-content\/uploads\/sites\/4\/2023\/05\/10104656\/417_oeko_tex_tandart100.jpg\" alt=\"\" class=\"wp-image-514006 size-full\" srcset=\"https:\/\/huppashop-prod.s3.eu-north-1.amazonaws.com\/wp-content\/uploads\/sites\/4\/2023\/05\/10104656\/417_oeko_tex_tandart100.jpg 866w, https:\/\/huppashop-prod.s3.eu-north-1.amazonaws.com\/wp-content\/uploads\/sites\/4\/2023\/05\/10104656\/417_oeko_tex_tandart100-300x225.jpg 300w, https:\/\/huppashop-prod.s3.eu-north-1.amazonaws.com\/wp-content\/uploads\/sites\/4\/2023\/05\/10104656\/417_oeko_tex_tandart100-768x576.jpg 768w, https:\/\/huppashop-prod.s3.eu-north-1.amazonaws.com\/wp-content\/uploads\/sites\/4\/2023\/05\/10104656\/417_oeko_tex_tandart100-560x420.jpg 560w, https:\/\/huppashop-prod.s3.eu-north-1.amazonaws.com\/wp-content\/uploads\/sites\/4\/2023\/05\/10104656\/417_oeko_tex_tandart100-700x525.jpg 700w, https:\/\/huppashop-prod.s3.eu-north-1.amazonaws.com\/wp-content\/uploads\/sites\/4\/2023\/05\/10104656\/417_oeko_tex_tandart100-766x575.jpg 766w, https:\/\/huppashop-prod.s3.eu-north-1.amazonaws.com\/wp-content\/uploads\/sites\/4\/2023\/05\/10104656\/417_oeko_tex_tandart100-450x338.jpg 450w, https:\/\/huppashop-prod.s3.eu-north-1.amazonaws.com\/wp-content\/uploads\/sites\/4\/2023\/05\/10104656\/417_oeko_tex_tandart100-420x315.jpg 420w, https:\/\/huppashop-prod.s3.eu-north-1.amazonaws.com\/wp-content\/uploads\/sites\/4\/2023\/05\/10104656\/417_oeko_tex_tandart100-100x75.jpg 100w, https:\/\/huppashop-prod.s3.eu-north-1.amazonaws.com\/wp-content\/uploads\/sites\/4\/2023\/05\/10104656\/417_oeko_tex_tandart100-632x474.jpg 632w, https:\/\/huppashop-prod.s3.eu-north-1.amazonaws.com\/wp-content\/uploads\/sites\/4\/2023\/05\/10104656\/417_oeko_tex_tandart100-600x450.jpg 600w, https:\/\/huppashop-prod.s3.eu-north-1.amazonaws.com\/wp-content\/uploads\/sites\/4\/2023\/05\/10104656\/417_oeko_tex_tandart100-178x134.jpg 178w\" sizes=\"auto, (max-width: 866px) 100vw, 866px\" \/><\/figure><div class=\"wp-block-media-text__content\">\n<h5 class=\"wp-block-heading\" id=\"pikaajalised-kogemused\">OEKO-TEX\u00ae Standard 100<\/h5>\n\n\n\n<p>OEKO-TEX\u00ae STANDARD 100 ir viens no pasaul\u0113 atpaz\u012bstam\u0101kajiem tekstilizstr\u0101d\u0101jumu z\u012bmoliem, kur\u0161 ir test\u0113ts uz kait\u012bg\u0101m viel\u0101m. T\u0101 v\u0113rt\u012bbas ir klientu p\u0101rliec\u012bba un augsta produktu dro\u0161\u012bba.<\/p>\n\n\n\n<div class=\"wp-block-buttons is-layout-flex wp-block-buttons-is-layout-flex\">\n<div class=\"wp-block-button has-custom-font-size is-style-outline has-small-font-size is-style-outline--4\"><a class=\"wp-block-button__link wp-element-button\" href=\"https:\/\/www.oeko-tex.com\/en\/our-standards\/oeko-tex-standard-100\" style=\"border-radius:0px\" target=\"_blank\" rel=\"noreferrer noopener\">Uzziniet vair\u0101k<\/a><\/div>\n<\/div>\n<\/div><\/div>\n\n\n\n<div style=\"height:60px\" aria-hidden=\"true\" class=\"wp-block-spacer\"><\/div>\n\n\n\n<div class=\"wp-block-media-text alignwide is-stacked-on-mobile\" style=\"grid-template-columns:22% auto\"><figure class=\"wp-block-media-text__media\"><img decoding=\"async\" src=\"https:\/\/huppashop-prod.s3.eu-north-1.amazonaws.com\/wp-content\/uploads\/sites\/4\/2023\/05\/10104658\/bionic_finish_eco_logo.svg\" alt=\"\" class=\"wp-image-514008 size-full\"\/><\/figure><div class=\"wp-block-media-text__content\">\n<h5 class=\"wp-block-heading\" id=\"pikaajalised-kogemused\">bionic finish\u00aeeco<\/h5>\n\n\n\n<p>Nodro\u0161ina nefluor\u0113tu un \u013coti iztur\u012bgu \u016bdeni atgr\u016bdo\u0161u tekstila apdari augstas veiktsp\u0113jas lietojumiem. Nodro\u0161ina \u013coti efekt\u012bvu un iztur\u012bgu veiktsp\u0113ju ar mazu izmanto\u0161anas daudzumu, t\u0101d\u0113j\u0101di neietekm\u0113jot auduma saj\u016btu un izskatu. Izpilda virkni sare\u017e\u0123\u012btas tehnisk\u0101s pras\u012bbas. Piem\u0113rots modern\u0101m tehniskaj\u0101m un \u0101ra pielietojuma jom\u0101m, k\u0101 ar\u012b ikdienas un modes ap\u0123\u0113rbiem.<\/p>\n\n\n\n<div class=\"wp-block-buttons is-layout-flex wp-block-buttons-is-layout-flex\">\n<div class=\"wp-block-button has-custom-font-size is-style-outline has-small-font-size is-style-outline--5\"><a class=\"wp-block-button__link wp-element-button\" href=\"https:\/\/www.rudolf-group.it\/en\/technology\/bionic-finish-eco\/\" style=\"border-radius:0px\" target=\"_blank\" rel=\"noreferrer noopener\">Uzziniet vair\u0101k<\/a><\/div>\n<\/div>\n<\/div><\/div>\n\n\n\n<div style=\"height:60px\" aria-hidden=\"true\" class=\"wp-block-spacer\"><\/div>\n\n\n\n<div class=\"wp-block-media-text alignwide is-stacked-on-mobile\" style=\"grid-template-columns:22% auto\"><figure class=\"wp-block-media-text__media\"><img loading=\"lazy\" decoding=\"async\" width=\"527\" height=\"283\" src=\"https:\/\/huppashop-prod.s3.eu-north-1.amazonaws.com\/wp-content\/uploads\/sites\/4\/2023\/05\/10104701\/Frame-1.jpg\" alt=\"\" class=\"wp-image-514010 size-full\" srcset=\"https:\/\/huppashop-prod.s3.eu-north-1.amazonaws.com\/wp-content\/uploads\/sites\/4\/2023\/05\/10104701\/Frame-1.jpg 527w, https:\/\/huppashop-prod.s3.eu-north-1.amazonaws.com\/wp-content\/uploads\/sites\/4\/2023\/05\/10104701\/Frame-1-300x161.jpg 300w, https:\/\/huppashop-prod.s3.eu-north-1.amazonaws.com\/wp-content\/uploads\/sites\/4\/2023\/05\/10104701\/Frame-1-450x242.jpg 450w, https:\/\/huppashop-prod.s3.eu-north-1.amazonaws.com\/wp-content\/uploads\/sites\/4\/2023\/05\/10104701\/Frame-1-420x226.jpg 420w, https:\/\/huppashop-prod.s3.eu-north-1.amazonaws.com\/wp-content\/uploads\/sites\/4\/2023\/05\/10104701\/Frame-1-100x54.jpg 100w, https:\/\/huppashop-prod.s3.eu-north-1.amazonaws.com\/wp-content\/uploads\/sites\/4\/2023\/05\/10104701\/Frame-1-178x96.jpg 178w\" sizes=\"auto, (max-width: 527px) 100vw, 527px\" \/><\/figure><div class=\"wp-block-media-text__content\">\n<h5 class=\"wp-block-heading\" id=\"pikaajalised-kogemused\">RDS<\/h5>\n\n\n\n<p>Atbild\u012bgas d\u016bnu izmanto\u0161anas standarts (Responsible Down Standard \u2013 RDS) mudina d\u016bnu un spalvu nozari hum\u0101ni iztur\u0113ties pret p\u012bl\u0113m un zos\u012bm un apbalvo vado\u0161\u0101s organiz\u0101cijas. \u0160is standarts ar\u012b sniedz uz\u0146\u0113mumiem un pat\u0113r\u0113t\u0101jiem veidu, k\u0101 uzzin\u0101t, ko ietver vi\u0146u ieg\u0101d\u0101tie izstr\u0101d\u0101jumi.<\/p>\n\n\n\n<div class=\"wp-block-buttons is-layout-flex wp-block-buttons-is-layout-flex\">\n<div class=\"wp-block-button has-custom-font-size is-style-outline has-small-font-size is-style-outline--6\"><a class=\"wp-block-button__link wp-element-button\" href=\"https:\/\/textileexchange.org\/responsible-down-standard\/\" style=\"border-radius:0px\" target=\"_blank\" rel=\"noreferrer noopener\">Uzziniet vair\u0101k<\/a><\/div>\n<\/div>\n<\/div><\/div>\n\n\n\n<div style=\"height:60px\" aria-hidden=\"true\" class=\"wp-block-spacer\"><\/div>\n","protected":false},"excerpt":{"rendered":"<p>huppa SERTIFIK\u0100TI<\/p>\n","protected":false},"author":10,"featured_media":0,"parent":0,"menu_order":0,"comment_status":"closed","ping_status":"closed","template":"","meta":{"_acf_changed":false,"footnotes":""},"class_list":["post-514003","page","type-page","status-publish","hentry"],"acf":[],"yoast_head":"<!-- This site is optimized with the Yoast SEO plugin v26.8 - https:\/\/yoast.com\/product\/yoast-seo-wordpress\/ -->\n<title>Huppa sertifik\u0101ti<\/title>\n<meta name=\"description\" content=\"Huppa sertifik\u0101ti. Amfori\u00a0\u2014 glob\u0101lais otrreiz\u0113j\u0101s p\u0101rstr\u0101des standarts\u00a0\u2014 Bluesign sist\u0113ma\u00a0\u2014 Oeko-tex Standard 100\u00a0\u2014 Bionic Finish Eco\u00a0\u2014 RDS\" \/>\n<meta name=\"robots\" content=\"index, follow, max-snippet:-1, max-image-preview:large, max-video-preview:-1\" \/>\n<link rel=\"canonical\" href=\"https:\/\/shop.huppa.eu\/lv\/huppa_sertifikati\/\" \/>\n<meta property=\"og:locale\" content=\"lv_LV\" \/>\n<meta property=\"og:type\" content=\"article\" \/>\n<meta property=\"og:title\" content=\"Huppa sertifik\u0101ti\" \/>\n<meta property=\"og:description\" content=\"Huppa sertifik\u0101ti. Amfori\u00a0\u2014 glob\u0101lais otrreiz\u0113j\u0101s p\u0101rstr\u0101des standarts\u00a0\u2014 Bluesign sist\u0113ma\u00a0\u2014 Oeko-tex Standard 100\u00a0\u2014 Bionic Finish Eco\u00a0\u2014 RDS\" \/>\n<meta property=\"og:url\" content=\"https:\/\/shop.huppa.eu\/lv\/huppa_sertifikati\/\" \/>\n<meta property=\"og:site_name\" content=\"Huppa LV\" \/>\n<meta property=\"article:modified_time\" content=\"2024-03-15T07:05:19+00:00\" \/>\n<meta property=\"og:image\" content=\"https:\/\/shop.huppa.eu\/lv\/wp-content\/uploads\/sites\/4\/2023\/05\/amfori-logo-blue-01.jpg\" \/>\n<meta name=\"twitter:card\" content=\"summary_large_image\" \/>\n<meta name=\"twitter:label1\" content=\"Est. reading time\" \/>\n\t<meta name=\"twitter:data1\" content=\"3 min\u016btes\" \/>\n<script type=\"application\/ld+json\" class=\"yoast-schema-graph\">{\"@context\":\"https:\/\/schema.org\",\"@graph\":[{\"@type\":\"WebPage\",\"@id\":\"https:\/\/shop.huppa.eu\/lv\/huppa_sertifikati\/\",\"url\":\"https:\/\/shop.huppa.eu\/lv\/huppa_sertifikati\/\",\"name\":\"Huppa sertifik\u0101ti\",\"isPartOf\":{\"@id\":\"https:\/\/shop.huppa.eu\/lv\/#website\"},\"primaryImageOfPage\":{\"@id\":\"https:\/\/shop.huppa.eu\/lv\/huppa_sertifikati\/#primaryimage\"},\"image\":{\"@id\":\"https:\/\/shop.huppa.eu\/lv\/huppa_sertifikati\/#primaryimage\"},\"thumbnailUrl\":\"https:\/\/shop.huppa.eu\/lv\/wp-content\/uploads\/sites\/4\/2023\/05\/amfori-logo-blue-01.jpg\",\"datePublished\":\"2023-05-10T08:41:06+00:00\",\"dateModified\":\"2024-03-15T07:05:19+00:00\",\"description\":\"Huppa sertifik\u0101ti. Amfori\u00a0\u2014 glob\u0101lais otrreiz\u0113j\u0101s p\u0101rstr\u0101des standarts\u00a0\u2014 Bluesign sist\u0113ma\u00a0\u2014 Oeko-tex Standard 100\u00a0\u2014 Bionic Finish Eco\u00a0\u2014 RDS\",\"inLanguage\":\"lv-LV\",\"potentialAction\":[{\"@type\":\"ReadAction\",\"target\":[\"https:\/\/shop.huppa.eu\/lv\/huppa_sertifikati\/\"]}]},{\"@type\":\"ImageObject\",\"inLanguage\":\"lv-LV\",\"@id\":\"https:\/\/shop.huppa.eu\/lv\/huppa_sertifikati\/#primaryimage\",\"url\":\"https:\/\/huppashop-prod.s3.eu-north-1.amazonaws.com\/wp-content\/uploads\/sites\/4\/2023\/05\/10104657\/amfori-logo-blue-01.jpg\",\"contentUrl\":\"https:\/\/huppashop-prod.s3.eu-north-1.amazonaws.com\/wp-content\/uploads\/sites\/4\/2023\/05\/10104657\/amfori-logo-blue-01.jpg\",\"width\":356,\"height\":139},{\"@type\":\"WebSite\",\"@id\":\"https:\/\/shop.huppa.eu\/lv\/#website\",\"url\":\"https:\/\/shop.huppa.eu\/lv\/\",\"name\":\"Huppa LV\",\"description\":\"\",\"potentialAction\":[{\"@type\":\"SearchAction\",\"target\":{\"@type\":\"EntryPoint\",\"urlTemplate\":\"https:\/\/shop.huppa.eu\/lv\/?s={search_term_string}\"},\"query-input\":{\"@type\":\"PropertyValueSpecification\",\"valueRequired\":true,\"valueName\":\"search_term_string\"}}],\"inLanguage\":\"lv-LV\"}]}<\/script>\n<!-- \/ Yoast SEO plugin. -->","yoast_head_json":{"title":"Huppa sertifik\u0101ti","description":"Huppa sertifik\u0101ti. Amfori\u00a0\u2014 glob\u0101lais otrreiz\u0113j\u0101s p\u0101rstr\u0101des standarts\u00a0\u2014 Bluesign sist\u0113ma\u00a0\u2014 Oeko-tex Standard 100\u00a0\u2014 Bionic Finish Eco\u00a0\u2014 RDS","robots":{"index":"index","follow":"follow","max-snippet":"max-snippet:-1","max-image-preview":"max-image-preview:large","max-video-preview":"max-video-preview:-1"},"canonical":"https:\/\/shop.huppa.eu\/lv\/huppa_sertifikati\/","og_locale":"lv_LV","og_type":"article","og_title":"Huppa sertifik\u0101ti","og_description":"Huppa sertifik\u0101ti. Amfori\u00a0\u2014 glob\u0101lais otrreiz\u0113j\u0101s p\u0101rstr\u0101des standarts\u00a0\u2014 Bluesign sist\u0113ma\u00a0\u2014 Oeko-tex Standard 100\u00a0\u2014 Bionic Finish Eco\u00a0\u2014 RDS","og_url":"https:\/\/shop.huppa.eu\/lv\/huppa_sertifikati\/","og_site_name":"Huppa LV","article_modified_time":"2024-03-15T07:05:19+00:00","og_image":[{"url":"https:\/\/shop.huppa.eu\/lv\/wp-content\/uploads\/sites\/4\/2023\/05\/amfori-logo-blue-01.jpg","type":"","width":"","height":""}],"twitter_card":"summary_large_image","twitter_misc":{"Est. reading time":"3 min\u016btes"},"schema":{"@context":"https:\/\/schema.org","@graph":[{"@type":"WebPage","@id":"https:\/\/shop.huppa.eu\/lv\/huppa_sertifikati\/","url":"https:\/\/shop.huppa.eu\/lv\/huppa_sertifikati\/","name":"Huppa sertifik\u0101ti","isPartOf":{"@id":"https:\/\/shop.huppa.eu\/lv\/#website"},"primaryImageOfPage":{"@id":"https:\/\/shop.huppa.eu\/lv\/huppa_sertifikati\/#primaryimage"},"image":{"@id":"https:\/\/shop.huppa.eu\/lv\/huppa_sertifikati\/#primaryimage"},"thumbnailUrl":"https:\/\/shop.huppa.eu\/lv\/wp-content\/uploads\/sites\/4\/2023\/05\/amfori-logo-blue-01.jpg","datePublished":"2023-05-10T08:41:06+00:00","dateModified":"2024-03-15T07:05:19+00:00","description":"Huppa sertifik\u0101ti. Amfori\u00a0\u2014 glob\u0101lais otrreiz\u0113j\u0101s p\u0101rstr\u0101des standarts\u00a0\u2014 Bluesign sist\u0113ma\u00a0\u2014 Oeko-tex Standard 100\u00a0\u2014 Bionic Finish Eco\u00a0\u2014 RDS","inLanguage":"lv-LV","potentialAction":[{"@type":"ReadAction","target":["https:\/\/shop.huppa.eu\/lv\/huppa_sertifikati\/"]}]},{"@type":"ImageObject","inLanguage":"lv-LV","@id":"https:\/\/shop.huppa.eu\/lv\/huppa_sertifikati\/#primaryimage","url":"https:\/\/huppashop-prod.s3.eu-north-1.amazonaws.com\/wp-content\/uploads\/sites\/4\/2023\/05\/10104657\/amfori-logo-blue-01.jpg","contentUrl":"https:\/\/huppashop-prod.s3.eu-north-1.amazonaws.com\/wp-content\/uploads\/sites\/4\/2023\/05\/10104657\/amfori-logo-blue-01.jpg","width":356,"height":139},{"@type":"WebSite","@id":"https:\/\/shop.huppa.eu\/lv\/#website","url":"https:\/\/shop.huppa.eu\/lv\/","name":"Huppa LV","description":"","potentialAction":[{"@type":"SearchAction","target":{"@type":"EntryPoint","urlTemplate":"https:\/\/shop.huppa.eu\/lv\/?s={search_term_string}"},"query-input":{"@type":"PropertyValueSpecification","valueRequired":true,"valueName":"search_term_string"}}],"inLanguage":"lv-LV"}]}},"_links":{"self":[{"href":"https:\/\/shop.huppa.eu\/lv\/wp-json\/wp\/v2\/pages\/514003","targetHints":{"allow":["GET"]}}],"collection":[{"href":"https:\/\/shop.huppa.eu\/lv\/wp-json\/wp\/v2\/pages"}],"about":[{"href":"https:\/\/shop.huppa.eu\/lv\/wp-json\/wp\/v2\/types\/page"}],"author":[{"embeddable":true,"href":"https:\/\/shop.huppa.eu\/lv\/wp-json\/wp\/v2\/users\/10"}],"replies":[{"embeddable":true,"href":"https:\/\/shop.huppa.eu\/lv\/wp-json\/wp\/v2\/comments?post=514003"}],"version-history":[{"count":3,"href":"https:\/\/shop.huppa.eu\/lv\/wp-json\/wp\/v2\/pages\/514003\/revisions"}],"predecessor-version":[{"id":522477,"href":"https:\/\/shop.huppa.eu\/lv\/wp-json\/wp\/v2\/pages\/514003\/revisions\/522477"}],"wp:attachment":[{"href":"https:\/\/shop.huppa.eu\/lv\/wp-json\/wp\/v2\/media?parent=514003"}],"curies":[{"name":"wp","href":"https:\/\/api.w.org\/{rel}","templated":true}]}}